{"id":244284,"date":"2025-03-06T10:23:52","date_gmt":"2025-03-06T09:23:52","guid":{"rendered":"https:\/\/mesa-international.de\/product\/2-2-wege-magnetventil-direktwirkend-601100-a02\/"},"modified":"2025-03-26T15:59:30","modified_gmt":"2025-03-26T14:59:30","slug":"mesa-brennersteuerung-mbc200","status":"publish","type":"product","link":"https:\/\/mesa-international.de\/de\/product\/mesa-brennersteuerung-mbc200\/","title":{"rendered":"Mesa Brennersteuerung MBC200"},"content":{"rendered":"<div class=\"et_pb_testimonial_description_inner\">\n<div class=\"et_pb_testimonial_content\">\n<h4><b>FEATURES:<\/b><\/h4>\n<ul>\n<li>Arbeiten mit Ionisationsstrom oder UVS-Flammenerkennung<\/li>\n<li>Flammen\u00fcberwachung und Z\u00fcndung im 1- oder 2-Elektroden-Modus<\/li>\n<li>Einstellungen der Flammensicherheitsschwelle und der Sicherheitszeiten<\/li>\n<li>Z\u00fcndungstransformator im Geh\u00e4use, Auswahl der Z\u00fcndzeit<\/li>\n<li>Parametrisierung von Recycling und Startversuchen<\/li>\n<li>Einstellungen f\u00fcr minimale Brenndauer, Zykluszeit, Abbrandzeit<\/li>\n<li>Intermittierender und kontinuierlicher Betrieb<\/li>\n<li>Option zur Erkennung der Gasventilposition, um das Schlie\u00dfen des Ventils zu \u00fcberpr\u00fcfen<\/li>\n<li>Zweites Gasventil aktiviert mit V1, oder nach der Probezeit, oder bei zus\u00e4tzlichem Burn-On Eingang<\/li>\n<li>Erweiterte Luftverarbeitung und Parametrisierung einschlie\u00dflich Verbrennungsluft, K\u00fchlung mit Verbrennungsluft und zus\u00e4tzlicher K\u00fchlleitung. Externe Luftsteuerung m\u00f6glich<\/li>\n<li>Luft, die bei durch Parameter definierten Fehlfunktionen arbeitet<\/li>\n<li>Erkennung des Verbrennungsluftdrucks in den Verbrennungsphasen und der Sp\u00fclung, einstellbar \u00fcber Parameter<\/li>\n<li>Zus\u00e4tzlicher Druckschalter zur Erkennung von Brennermantelrohrbr\u00fcchen<\/li>\n<li>Gro\u00dfes 20-mm-Display mit vier Ziffern zur Anzeige von Flammenstrom, Arbeits- und Fehlerstatus<\/li>\n<li>Speicherung von statistischen und diagnostischen Daten im Ger\u00e4t, einschlie\u00dflich Gesamtarbeitszeit und Schaltzyklen.<\/li>\n<li>Manuelles Arbeiten f\u00fcr Brenner- und Reglertest und Einstellungen<\/li>\n<li>Standard- oder Profibusbetrieb<\/li>\n<\/ul>\n<\/div>\n<\/div>\n","protected":false},"excerpt":{"rendered":"<div class=\"et_pb_column et_pb_column_1_2 et_pb_column_2 et_pb_css_mix_blend_mode_passthrough\">\n<div class=\"et_pb_module et_pb_text et_pb_text_1 et_pb_text_align_left et_pb_bg_layout_light\">\n<div class=\"et_pb_text_inner\">\n<p class=\"p1\">Brennersteuerung mit integriertem Z\u00fcndtransformator, erweiterten Parametrierungsm\u00f6glichkeiten und Luftregulierung, im robusten Aluminiumgeh\u00e4use IP54, mit optionaler PC-Software f\u00fcr Konfiguration und Diagnose. Profibus-Schnittstelle, mit zus\u00e4tzlichen E\/A f\u00fcr Kundenanwendungen.<\/p>\n<\/div>\n<\/div>\n<\/div>\n","protected":false},"featured_media":244348,"comment_status":"open","ping_status":"closed","template":"","meta":{"_acf_changed":false,"content-type":""},"product_brand":[],"product_cat":[139],"product_tag":[],"class_list":{"0":"post-244284","1":"product","2":"type-product","3":"status-publish","4":"has-post-thumbnail","6":"product_cat-brennersteuerungen","8":"first","9":"instock","10":"shipping-taxable","11":"product-type-simple"},"acf":[],"yoast_head":"<!-- This site is optimized with the Yoast SEO plugin v27.4 - https:\/\/yoast.com\/product\/yoast-seo-wordpress\/ -->\n<title>Mesa Brennersteuerung MBC200 - www.mesa-international.de<\/title>\n<meta name=\"robots\" content=\"index, follow, max-snippet:-1, max-image-preview:large, max-video-preview:-1\" \/>\n<link rel=\"canonical\" href=\"https:\/\/mesa-international.de\/de\/product\/mesa-brennersteuerung-mbc200\/\" \/>\n<meta property=\"og:locale\" content=\"de_DE\" \/>\n<meta property=\"og:type\" content=\"article\" \/>\n<meta property=\"og:title\" content=\"Mesa Brennersteuerung MBC200 - www.mesa-international.de\" \/>\n<meta property=\"og:description\" content=\"Brennersteuerung mit integriertem Z\u00fcndtransformator, erweiterten Parametrierungsm\u00f6glichkeiten und Luftregulierung, im robusten Aluminiumgeh\u00e4use IP54, mit optionaler PC-Software f\u00fcr Konfiguration und Diagnose. Profibus-Schnittstelle, mit zus\u00e4tzlichen E\/A f\u00fcr Kundenanwendungen.\" \/>\n<meta property=\"og:url\" content=\"https:\/\/mesa-international.de\/de\/product\/mesa-brennersteuerung-mbc200\/\" \/>\n<meta property=\"og:site_name\" content=\"www.mesa-international.de\" \/>\n<meta property=\"article:modified_time\" content=\"2025-03-26T14:59:30+00:00\" \/>\n<meta property=\"og:image\" content=\"https:\/\/mesa-international.de\/wp-content\/uploads\/2025\/03\/MBC200-v1.webp\" \/>\n\t<meta property=\"og:image:width\" content=\"441\" \/>\n\t<meta property=\"og:image:height\" content=\"344\" \/>\n\t<meta property=\"og:image:type\" content=\"image\/webp\" \/>\n<meta name=\"twitter:card\" content=\"summary_large_image\" \/>\n<meta name=\"twitter:label1\" content=\"Gesch\u00e4tzte Lesezeit\" \/>\n\t<meta name=\"twitter:data1\" content=\"1\u00a0Minute\" \/>\n<script type=\"application\/ld+json\" class=\"yoast-schema-graph\">{\"@context\":\"https:\\\/\\\/schema.org\",\"@graph\":[{\"@type\":\"WebPage\",\"@id\":\"https:\\\/\\\/mesa-international.de\\\/de\\\/product\\\/mesa-brennersteuerung-mbc200\\\/\",\"url\":\"https:\\\/\\\/mesa-international.de\\\/de\\\/product\\\/mesa-brennersteuerung-mbc200\\\/\",\"name\":\"Mesa Brennersteuerung MBC200 - www.mesa-international.de\",\"isPartOf\":{\"@id\":\"https:\\\/\\\/mesa-international.de\\\/de\\\/#website\"},\"primaryImageOfPage\":{\"@id\":\"https:\\\/\\\/mesa-international.de\\\/de\\\/product\\\/mesa-brennersteuerung-mbc200\\\/#primaryimage\"},\"image\":{\"@id\":\"https:\\\/\\\/mesa-international.de\\\/de\\\/product\\\/mesa-brennersteuerung-mbc200\\\/#primaryimage\"},\"thumbnailUrl\":\"https:\\\/\\\/mesa-international.de\\\/wp-content\\\/uploads\\\/2025\\\/03\\\/MBC200-v1.webp\",\"datePublished\":\"2025-03-06T09:23:52+00:00\",\"dateModified\":\"2025-03-26T14:59:30+00:00\",\"breadcrumb\":{\"@id\":\"https:\\\/\\\/mesa-international.de\\\/de\\\/product\\\/mesa-brennersteuerung-mbc200\\\/#breadcrumb\"},\"inLanguage\":\"de\",\"potentialAction\":[{\"@type\":\"ReadAction\",\"target\":[\"https:\\\/\\\/mesa-international.de\\\/de\\\/product\\\/mesa-brennersteuerung-mbc200\\\/\"]}]},{\"@type\":\"ImageObject\",\"inLanguage\":\"de\",\"@id\":\"https:\\\/\\\/mesa-international.de\\\/de\\\/product\\\/mesa-brennersteuerung-mbc200\\\/#primaryimage\",\"url\":\"https:\\\/\\\/mesa-international.de\\\/wp-content\\\/uploads\\\/2025\\\/03\\\/MBC200-v1.webp\",\"contentUrl\":\"https:\\\/\\\/mesa-international.de\\\/wp-content\\\/uploads\\\/2025\\\/03\\\/MBC200-v1.webp\",\"width\":441,\"height\":344},{\"@type\":\"BreadcrumbList\",\"@id\":\"https:\\\/\\\/mesa-international.de\\\/de\\\/product\\\/mesa-brennersteuerung-mbc200\\\/#breadcrumb\",\"itemListElement\":[{\"@type\":\"ListItem\",\"position\":1,\"name\":\"Shop\",\"item\":\"https:\\\/\\\/mesa-international.de\\\/de\\\/shop\\\/\"},{\"@type\":\"ListItem\",\"position\":2,\"name\":\"Mesa Brennersteuerung MBC200\"}]},{\"@type\":\"WebSite\",\"@id\":\"https:\\\/\\\/mesa-international.de\\\/de\\\/#website\",\"url\":\"https:\\\/\\\/mesa-international.de\\\/de\\\/\",\"name\":\"www.mesa-international.de\",\"description\":\"Mesa Electronics Gmbh\",\"publisher\":{\"@id\":\"https:\\\/\\\/mesa-international.de\\\/de\\\/#organization\"},\"potentialAction\":[{\"@type\":\"SearchAction\",\"target\":{\"@type\":\"EntryPoint\",\"urlTemplate\":\"https:\\\/\\\/mesa-international.de\\\/de\\\/?s={search_term_string}\"},\"query-input\":{\"@type\":\"PropertyValueSpecification\",\"valueRequired\":true,\"valueName\":\"search_term_string\"}}],\"inLanguage\":\"de\"},{\"@type\":\"Organization\",\"@id\":\"https:\\\/\\\/mesa-international.de\\\/de\\\/#organization\",\"name\":\"www.mesa-international.de\",\"url\":\"https:\\\/\\\/mesa-international.de\\\/de\\\/\",\"logo\":{\"@type\":\"ImageObject\",\"inLanguage\":\"de\",\"@id\":\"https:\\\/\\\/mesa-international.de\\\/de\\\/#\\\/schema\\\/logo\\\/image\\\/\",\"url\":\"https:\\\/\\\/mesa-international.de\\\/wp-content\\\/uploads\\\/2022\\\/11\\\/sadsaca.png\",\"contentUrl\":\"https:\\\/\\\/mesa-international.de\\\/wp-content\\\/uploads\\\/2022\\\/11\\\/sadsaca.png\",\"width\":173,\"height\":107,\"caption\":\"www.mesa-international.de\"},\"image\":{\"@id\":\"https:\\\/\\\/mesa-international.de\\\/de\\\/#\\\/schema\\\/logo\\\/image\\\/\"},\"sameAs\":[\"https:\\\/\\\/www.linkedin.com\\\/company\\\/mesa-electronic-gmbh\\\/\"]}]}<\/script>\n<!-- \/ Yoast SEO plugin. -->","yoast_head_json":{"title":"Mesa Brennersteuerung MBC200 - www.mesa-international.de","robots":{"index":"index","follow":"follow","max-snippet":"max-snippet:-1","max-image-preview":"max-image-preview:large","max-video-preview":"max-video-preview:-1"},"canonical":"https:\/\/mesa-international.de\/de\/product\/mesa-brennersteuerung-mbc200\/","og_locale":"de_DE","og_type":"article","og_title":"Mesa Brennersteuerung MBC200 - www.mesa-international.de","og_description":"Brennersteuerung mit integriertem Z\u00fcndtransformator, erweiterten Parametrierungsm\u00f6glichkeiten und Luftregulierung, im robusten Aluminiumgeh\u00e4use IP54, mit optionaler PC-Software f\u00fcr Konfiguration und Diagnose. Profibus-Schnittstelle, mit zus\u00e4tzlichen E\/A f\u00fcr Kundenanwendungen.","og_url":"https:\/\/mesa-international.de\/de\/product\/mesa-brennersteuerung-mbc200\/","og_site_name":"www.mesa-international.de","article_modified_time":"2025-03-26T14:59:30+00:00","og_image":[{"width":441,"height":344,"url":"https:\/\/mesa-international.de\/wp-content\/uploads\/2025\/03\/MBC200-v1.webp","type":"image\/webp"}],"twitter_card":"summary_large_image","twitter_misc":{"Gesch\u00e4tzte Lesezeit":"1\u00a0Minute"},"schema":{"@context":"https:\/\/schema.org","@graph":[{"@type":"WebPage","@id":"https:\/\/mesa-international.de\/de\/product\/mesa-brennersteuerung-mbc200\/","url":"https:\/\/mesa-international.de\/de\/product\/mesa-brennersteuerung-mbc200\/","name":"Mesa Brennersteuerung MBC200 - www.mesa-international.de","isPartOf":{"@id":"https:\/\/mesa-international.de\/de\/#website"},"primaryImageOfPage":{"@id":"https:\/\/mesa-international.de\/de\/product\/mesa-brennersteuerung-mbc200\/#primaryimage"},"image":{"@id":"https:\/\/mesa-international.de\/de\/product\/mesa-brennersteuerung-mbc200\/#primaryimage"},"thumbnailUrl":"https:\/\/mesa-international.de\/wp-content\/uploads\/2025\/03\/MBC200-v1.webp","datePublished":"2025-03-06T09:23:52+00:00","dateModified":"2025-03-26T14:59:30+00:00","breadcrumb":{"@id":"https:\/\/mesa-international.de\/de\/product\/mesa-brennersteuerung-mbc200\/#breadcrumb"},"inLanguage":"de","potentialAction":[{"@type":"ReadAction","target":["https:\/\/mesa-international.de\/de\/product\/mesa-brennersteuerung-mbc200\/"]}]},{"@type":"ImageObject","inLanguage":"de","@id":"https:\/\/mesa-international.de\/de\/product\/mesa-brennersteuerung-mbc200\/#primaryimage","url":"https:\/\/mesa-international.de\/wp-content\/uploads\/2025\/03\/MBC200-v1.webp","contentUrl":"https:\/\/mesa-international.de\/wp-content\/uploads\/2025\/03\/MBC200-v1.webp","width":441,"height":344},{"@type":"BreadcrumbList","@id":"https:\/\/mesa-international.de\/de\/product\/mesa-brennersteuerung-mbc200\/#breadcrumb","itemListElement":[{"@type":"ListItem","position":1,"name":"Shop","item":"https:\/\/mesa-international.de\/de\/shop\/"},{"@type":"ListItem","position":2,"name":"Mesa Brennersteuerung MBC200"}]},{"@type":"WebSite","@id":"https:\/\/mesa-international.de\/de\/#website","url":"https:\/\/mesa-international.de\/de\/","name":"www.mesa-international.de","description":"Mesa Electronics Gmbh","publisher":{"@id":"https:\/\/mesa-international.de\/de\/#organization"},"potentialAction":[{"@type":"SearchAction","target":{"@type":"EntryPoint","urlTemplate":"https:\/\/mesa-international.de\/de\/?s={search_term_string}"},"query-input":{"@type":"PropertyValueSpecification","valueRequired":true,"valueName":"search_term_string"}}],"inLanguage":"de"},{"@type":"Organization","@id":"https:\/\/mesa-international.de\/de\/#organization","name":"www.mesa-international.de","url":"https:\/\/mesa-international.de\/de\/","logo":{"@type":"ImageObject","inLanguage":"de","@id":"https:\/\/mesa-international.de\/de\/#\/schema\/logo\/image\/","url":"https:\/\/mesa-international.de\/wp-content\/uploads\/2022\/11\/sadsaca.png","contentUrl":"https:\/\/mesa-international.de\/wp-content\/uploads\/2022\/11\/sadsaca.png","width":173,"height":107,"caption":"www.mesa-international.de"},"image":{"@id":"https:\/\/mesa-international.de\/de\/#\/schema\/logo\/image\/"},"sameAs":["https:\/\/www.linkedin.com\/company\/mesa-electronic-gmbh\/"]}]}},"_links":{"self":[{"href":"https:\/\/mesa-international.de\/de\/wp-json\/wp\/v2\/product\/244284","targetHints":{"allow":["GET"]}}],"collection":[{"href":"https:\/\/mesa-international.de\/de\/wp-json\/wp\/v2\/product"}],"about":[{"href":"https:\/\/mesa-international.de\/de\/wp-json\/wp\/v2\/types\/product"}],"replies":[{"embeddable":true,"href":"https:\/\/mesa-international.de\/de\/wp-json\/wp\/v2\/comments?post=244284"}],"wp:featuredmedia":[{"embeddable":true,"href":"https:\/\/mesa-international.de\/de\/wp-json\/wp\/v2\/media\/244348"}],"wp:attachment":[{"href":"https:\/\/mesa-international.de\/de\/wp-json\/wp\/v2\/media?parent=244284"}],"wp:term":[{"taxonomy":"product_brand","embeddable":true,"href":"https:\/\/mesa-international.de\/de\/wp-json\/wp\/v2\/product_brand?post=244284"},{"taxonomy":"product_cat","embeddable":true,"href":"https:\/\/mesa-international.de\/de\/wp-json\/wp\/v2\/product_cat?post=244284"},{"taxonomy":"product_tag","embeddable":true,"href":"https:\/\/mesa-international.de\/de\/wp-json\/wp\/v2\/product_tag?post=244284"}],"curies":[{"name":"wp","href":"https:\/\/api.w.org\/{rel}","templated":true}]}}