{"id":244276,"date":"2025-03-06T10:24:23","date_gmt":"2025-03-06T09:24:23","guid":{"rendered":"https:\/\/mesa-international.de\/product\/digitaler-taupunktregler-dgtp5-an\/"},"modified":"2025-03-06T10:24:23","modified_gmt":"2025-03-06T09:24:23","slug":"digitaler-taupunktregler-dgtp5-an","status":"publish","type":"product","link":"https:\/\/mesa-international.de\/de\/product\/digitaler-taupunktregler-dgtp5-an\/","title":{"rendered":"Digitaler Taupunktregler DGTP5-AN"},"content":{"rendered":"<div class=\"woocommerce-variation-description\">\n<table class=\"product-specs\">\n<tr>\n<td><strong>Allgemeine Informationen<\/strong><\/td>\n<td><\/td>\n<\/tr>\n<tr>\n<td>Typ<\/td>\n<td>DGTP 5-AN-CH4 \/ DGTP 5-AN-C3H8<\/td>\n<\/tr>\n<tr>\n<td>Ger\u00e4t Nr.<\/td>\n<td><\/td>\n<\/tr>\n<tr>\n<td>Zolltarif-Nr.<\/td>\n<td>9032 89 00<\/td>\n<\/tr>\n<tr>\n<td>Weight<\/td>\n<td>Ungef\u00e4hr. 0,5 kg<\/td>\n<\/tr>\n<tr>\n<td>Herkunftsland<\/td>\n<td>BRD<\/td>\n<\/tr>\n<tr>\n<td><strong>Version<\/strong><\/td>\n<td><\/td>\n<\/tr>\n<tr>\n<td colspan=\"2\">&#8211; Endogas aus Erdgas (CH4) <br \/>&#8211; Endogas aus Propangas (C3H8) <br \/> <strong>!!!! Bitte informieren Sie uns bei Bestellung !!!!<\/strong><\/td>\n<\/tr>\n<tr>\n<td><strong>Bauwesen<\/strong><\/td>\n<td><\/td>\n<\/tr>\n<tr>\n<td>Geh\u00e4use<\/td>\n<td>Kunststoffgeh\u00e4use f\u00fcr Schalttafeleinbau<\/td>\n<\/tr>\n<tr>\n<td>Abmessungen (BxHxT)<\/td>\n<td>96 x 96 x 115 mm<\/td>\n<\/tr>\n<tr>\n<td>Stromversorgung<\/td>\n<td>110&#8230;240V \/ 50-60Hz<\/td>\n<\/tr>\n<tr>\n<td><strong>Eingang<\/strong><\/td>\n<td>L-Probe<\/td>\n<\/tr>\n<tr>\n<td>Anzeigebereich<\/td>\n<td>-50.0&#8230;+50.0 \u00b0DP<\/td>\n<\/tr>\n<tr>\n<td>Regelbereich<\/td>\n<td>-2.0&#8230;+13.0 \u00b0DP (oder nach Kundenwunsch)<\/td>\n<\/tr>\n<tr>\n<td><strong>Ausgabe<\/strong><\/td>\n<td><\/td>\n<\/tr>\n<tr>\n<td>* 2 Kontaktausg\u00e4nge<\/td>\n<td>Zur direkten Ansteuerung eines Positionsventils (E 53-RN, n\u00e4chste Pos.)<\/td>\n<\/tr>\n<tr>\n<td>* 2 Alarmausg\u00e4nge<\/td>\n<td>Max. 250VAC \/ 3A <\/td>\n<\/tr>\n<tr>\n<td>Realwert-Ausgang<\/td>\n<td>4&#8230;20 mA entsprechend -10&#8230;+20 \u00b0DP<\/td>\n<\/tr>\n<tr>\n<td><strong>Zubeh\u00f6r<\/strong><\/td>\n<td><\/td>\n<\/tr>\n<tr>\n<td>Inklusive<\/td>\n<td>1 Verbindungsdiagramm, 2 Montagehalterungen<\/td>\n<\/tr>\n<\/table>\n<\/div>\n","protected":false},"excerpt":{"rendered":"<p>Allgemeine Informationen Typ DGTP 5-AN-CH4 \/ DGTP 5-AN-C3H8 Ger\u00e4t Nr. Zolltarif-Nr. 9032 89 00 Weight Ungef\u00e4hr. 0,5 kg Herkunftsland BRD Version &#8211; Endogas aus Erdgas (CH4) &#8211; Endogas aus Propangas (C3H8) !!!! Bitte informieren Sie uns bei Bestellung !!!! Bauwesen Geh\u00e4use Kunststoffgeh\u00e4use f\u00fcr Schalttafeleinbau Abmessungen (BxHxT) 96 x 96 x [&hellip;]<\/p>\n","protected":false},"featured_media":244175,"comment_status":"open","ping_status":"closed","template":"","meta":{"_acf_changed":false,"content-type":""},"product_brand":[],"product_cat":[159,161],"product_tag":[],"class_list":{"0":"post-244276","1":"product","2":"type-product","3":"status-publish","4":"has-post-thumbnail","6":"product_cat-product-list","7":"product_cat-steuerungen-de","9":"first","10":"instock","11":"shipping-taxable","12":"purchasable","13":"product-type-simple"},"acf":[],"yoast_head":"<!-- This site is optimized with the Yoast SEO plugin v27.3 - https:\/\/yoast.com\/product\/yoast-seo-wordpress\/ -->\n<title>Digitaler Taupunktregler DGTP5-AN - www.mesa-international.de<\/title>\n<meta name=\"robots\" content=\"index, follow, max-snippet:-1, max-image-preview:large, max-video-preview:-1\" \/>\n<link rel=\"canonical\" href=\"https:\/\/mesa-international.de\/de\/product\/digitaler-taupunktregler-dgtp5-an\/\" \/>\n<meta property=\"og:locale\" content=\"de_DE\" \/>\n<meta property=\"og:type\" content=\"article\" \/>\n<meta property=\"og:title\" content=\"Digitaler Taupunktregler DGTP5-AN - www.mesa-international.de\" \/>\n<meta property=\"og:description\" content=\"Allgemeine Informationen Typ DGTP 5-AN-CH4 \/ DGTP 5-AN-C3H8 Ger\u00e4t Nr. Zolltarif-Nr. 9032 89 00 Weight Ungef\u00e4hr. 0,5 kg Herkunftsland BRD Version &#8211; Endogas aus Erdgas (CH4) &#8211; Endogas aus Propangas (C3H8) !!!! Bitte informieren Sie uns bei Bestellung !!!! Bauwesen Geh\u00e4use Kunststoffgeh\u00e4use f\u00fcr Schalttafeleinbau Abmessungen (BxHxT) 96 x 96 x [&hellip;]\" \/>\n<meta property=\"og:url\" content=\"https:\/\/mesa-international.de\/de\/product\/digitaler-taupunktregler-dgtp5-an\/\" \/>\n<meta property=\"og:site_name\" content=\"www.mesa-international.de\" \/>\n<meta name=\"twitter:card\" content=\"summary_large_image\" \/>\n<script type=\"application\/ld+json\" class=\"yoast-schema-graph\">{\"@context\":\"https:\\\/\\\/schema.org\",\"@graph\":[{\"@type\":\"WebPage\",\"@id\":\"https:\\\/\\\/mesa-international.de\\\/de\\\/product\\\/digitaler-taupunktregler-dgtp5-an\\\/\",\"url\":\"https:\\\/\\\/mesa-international.de\\\/de\\\/product\\\/digitaler-taupunktregler-dgtp5-an\\\/\",\"name\":\"Digitaler Taupunktregler DGTP5-AN - www.mesa-international.de\",\"isPartOf\":{\"@id\":\"https:\\\/\\\/mesa-international.de\\\/de\\\/#website\"},\"primaryImageOfPage\":{\"@id\":\"https:\\\/\\\/mesa-international.de\\\/de\\\/product\\\/digitaler-taupunktregler-dgtp5-an\\\/#primaryimage\"},\"image\":{\"@id\":\"https:\\\/\\\/mesa-international.de\\\/de\\\/product\\\/digitaler-taupunktregler-dgtp5-an\\\/#primaryimage\"},\"thumbnailUrl\":\"https:\\\/\\\/mesa-international.de\\\/wp-content\\\/uploads\\\/2025\\\/03\\\/DGTP5-AN-300x300-1.png\",\"datePublished\":\"2025-03-06T09:24:23+00:00\",\"breadcrumb\":{\"@id\":\"https:\\\/\\\/mesa-international.de\\\/de\\\/product\\\/digitaler-taupunktregler-dgtp5-an\\\/#breadcrumb\"},\"inLanguage\":\"de\",\"potentialAction\":[{\"@type\":\"ReadAction\",\"target\":[\"https:\\\/\\\/mesa-international.de\\\/de\\\/product\\\/digitaler-taupunktregler-dgtp5-an\\\/\"]}]},{\"@type\":\"ImageObject\",\"inLanguage\":\"de\",\"@id\":\"https:\\\/\\\/mesa-international.de\\\/de\\\/product\\\/digitaler-taupunktregler-dgtp5-an\\\/#primaryimage\",\"url\":\"https:\\\/\\\/mesa-international.de\\\/wp-content\\\/uploads\\\/2025\\\/03\\\/DGTP5-AN-300x300-1.png\",\"contentUrl\":\"https:\\\/\\\/mesa-international.de\\\/wp-content\\\/uploads\\\/2025\\\/03\\\/DGTP5-AN-300x300-1.png\",\"width\":300,\"height\":300},{\"@type\":\"BreadcrumbList\",\"@id\":\"https:\\\/\\\/mesa-international.de\\\/de\\\/product\\\/digitaler-taupunktregler-dgtp5-an\\\/#breadcrumb\",\"itemListElement\":[{\"@type\":\"ListItem\",\"position\":1,\"name\":\"Shop\",\"item\":\"https:\\\/\\\/mesa-international.de\\\/de\\\/shop\\\/\"},{\"@type\":\"ListItem\",\"position\":2,\"name\":\"Digitaler Taupunktregler DGTP5-AN\"}]},{\"@type\":\"WebSite\",\"@id\":\"https:\\\/\\\/mesa-international.de\\\/de\\\/#website\",\"url\":\"https:\\\/\\\/mesa-international.de\\\/de\\\/\",\"name\":\"www.mesa-international.de\",\"description\":\"Mesa Electronics Gmbh\",\"publisher\":{\"@id\":\"https:\\\/\\\/mesa-international.de\\\/de\\\/#organization\"},\"potentialAction\":[{\"@type\":\"SearchAction\",\"target\":{\"@type\":\"EntryPoint\",\"urlTemplate\":\"https:\\\/\\\/mesa-international.de\\\/de\\\/?s={search_term_string}\"},\"query-input\":{\"@type\":\"PropertyValueSpecification\",\"valueRequired\":true,\"valueName\":\"search_term_string\"}}],\"inLanguage\":\"de\"},{\"@type\":\"Organization\",\"@id\":\"https:\\\/\\\/mesa-international.de\\\/de\\\/#organization\",\"name\":\"www.mesa-international.de\",\"url\":\"https:\\\/\\\/mesa-international.de\\\/de\\\/\",\"logo\":{\"@type\":\"ImageObject\",\"inLanguage\":\"de\",\"@id\":\"https:\\\/\\\/mesa-international.de\\\/de\\\/#\\\/schema\\\/logo\\\/image\\\/\",\"url\":\"https:\\\/\\\/mesa-international.de\\\/wp-content\\\/uploads\\\/2022\\\/11\\\/sadsaca.png\",\"contentUrl\":\"https:\\\/\\\/mesa-international.de\\\/wp-content\\\/uploads\\\/2022\\\/11\\\/sadsaca.png\",\"width\":173,\"height\":107,\"caption\":\"www.mesa-international.de\"},\"image\":{\"@id\":\"https:\\\/\\\/mesa-international.de\\\/de\\\/#\\\/schema\\\/logo\\\/image\\\/\"},\"sameAs\":[\"https:\\\/\\\/www.linkedin.com\\\/company\\\/mesa-electronic-gmbh\\\/\"]}]}<\/script>\n<!-- \/ Yoast SEO plugin. -->","yoast_head_json":{"title":"Digitaler Taupunktregler DGTP5-AN - www.mesa-international.de","robots":{"index":"index","follow":"follow","max-snippet":"max-snippet:-1","max-image-preview":"max-image-preview:large","max-video-preview":"max-video-preview:-1"},"canonical":"https:\/\/mesa-international.de\/de\/product\/digitaler-taupunktregler-dgtp5-an\/","og_locale":"de_DE","og_type":"article","og_title":"Digitaler Taupunktregler DGTP5-AN - www.mesa-international.de","og_description":"Allgemeine Informationen Typ DGTP 5-AN-CH4 \/ DGTP 5-AN-C3H8 Ger\u00e4t Nr. Zolltarif-Nr. 9032 89 00 Weight Ungef\u00e4hr. 0,5 kg Herkunftsland BRD Version &#8211; Endogas aus Erdgas (CH4) &#8211; Endogas aus Propangas (C3H8) !!!! Bitte informieren Sie uns bei Bestellung !!!! Bauwesen Geh\u00e4use Kunststoffgeh\u00e4use f\u00fcr Schalttafeleinbau Abmessungen (BxHxT) 96 x 96 x [&hellip;]","og_url":"https:\/\/mesa-international.de\/de\/product\/digitaler-taupunktregler-dgtp5-an\/","og_site_name":"www.mesa-international.de","twitter_card":"summary_large_image","schema":{"@context":"https:\/\/schema.org","@graph":[{"@type":"WebPage","@id":"https:\/\/mesa-international.de\/de\/product\/digitaler-taupunktregler-dgtp5-an\/","url":"https:\/\/mesa-international.de\/de\/product\/digitaler-taupunktregler-dgtp5-an\/","name":"Digitaler Taupunktregler DGTP5-AN - www.mesa-international.de","isPartOf":{"@id":"https:\/\/mesa-international.de\/de\/#website"},"primaryImageOfPage":{"@id":"https:\/\/mesa-international.de\/de\/product\/digitaler-taupunktregler-dgtp5-an\/#primaryimage"},"image":{"@id":"https:\/\/mesa-international.de\/de\/product\/digitaler-taupunktregler-dgtp5-an\/#primaryimage"},"thumbnailUrl":"https:\/\/mesa-international.de\/wp-content\/uploads\/2025\/03\/DGTP5-AN-300x300-1.png","datePublished":"2025-03-06T09:24:23+00:00","breadcrumb":{"@id":"https:\/\/mesa-international.de\/de\/product\/digitaler-taupunktregler-dgtp5-an\/#breadcrumb"},"inLanguage":"de","potentialAction":[{"@type":"ReadAction","target":["https:\/\/mesa-international.de\/de\/product\/digitaler-taupunktregler-dgtp5-an\/"]}]},{"@type":"ImageObject","inLanguage":"de","@id":"https:\/\/mesa-international.de\/de\/product\/digitaler-taupunktregler-dgtp5-an\/#primaryimage","url":"https:\/\/mesa-international.de\/wp-content\/uploads\/2025\/03\/DGTP5-AN-300x300-1.png","contentUrl":"https:\/\/mesa-international.de\/wp-content\/uploads\/2025\/03\/DGTP5-AN-300x300-1.png","width":300,"height":300},{"@type":"BreadcrumbList","@id":"https:\/\/mesa-international.de\/de\/product\/digitaler-taupunktregler-dgtp5-an\/#breadcrumb","itemListElement":[{"@type":"ListItem","position":1,"name":"Shop","item":"https:\/\/mesa-international.de\/de\/shop\/"},{"@type":"ListItem","position":2,"name":"Digitaler Taupunktregler DGTP5-AN"}]},{"@type":"WebSite","@id":"https:\/\/mesa-international.de\/de\/#website","url":"https:\/\/mesa-international.de\/de\/","name":"www.mesa-international.de","description":"Mesa Electronics Gmbh","publisher":{"@id":"https:\/\/mesa-international.de\/de\/#organization"},"potentialAction":[{"@type":"SearchAction","target":{"@type":"EntryPoint","urlTemplate":"https:\/\/mesa-international.de\/de\/?s={search_term_string}"},"query-input":{"@type":"PropertyValueSpecification","valueRequired":true,"valueName":"search_term_string"}}],"inLanguage":"de"},{"@type":"Organization","@id":"https:\/\/mesa-international.de\/de\/#organization","name":"www.mesa-international.de","url":"https:\/\/mesa-international.de\/de\/","logo":{"@type":"ImageObject","inLanguage":"de","@id":"https:\/\/mesa-international.de\/de\/#\/schema\/logo\/image\/","url":"https:\/\/mesa-international.de\/wp-content\/uploads\/2022\/11\/sadsaca.png","contentUrl":"https:\/\/mesa-international.de\/wp-content\/uploads\/2022\/11\/sadsaca.png","width":173,"height":107,"caption":"www.mesa-international.de"},"image":{"@id":"https:\/\/mesa-international.de\/de\/#\/schema\/logo\/image\/"},"sameAs":["https:\/\/www.linkedin.com\/company\/mesa-electronic-gmbh\/"]}]}},"_links":{"self":[{"href":"https:\/\/mesa-international.de\/de\/wp-json\/wp\/v2\/product\/244276","targetHints":{"allow":["GET"]}}],"collection":[{"href":"https:\/\/mesa-international.de\/de\/wp-json\/wp\/v2\/product"}],"about":[{"href":"https:\/\/mesa-international.de\/de\/wp-json\/wp\/v2\/types\/product"}],"replies":[{"embeddable":true,"href":"https:\/\/mesa-international.de\/de\/wp-json\/wp\/v2\/comments?post=244276"}],"wp:featuredmedia":[{"embeddable":true,"href":"https:\/\/mesa-international.de\/de\/wp-json\/wp\/v2\/media\/244175"}],"wp:attachment":[{"href":"https:\/\/mesa-international.de\/de\/wp-json\/wp\/v2\/media?parent=244276"}],"wp:term":[{"taxonomy":"product_brand","embeddable":true,"href":"https:\/\/mesa-international.de\/de\/wp-json\/wp\/v2\/product_brand?post=244276"},{"taxonomy":"product_cat","embeddable":true,"href":"https:\/\/mesa-international.de\/de\/wp-json\/wp\/v2\/product_cat?post=244276"},{"taxonomy":"product_tag","embeddable":true,"href":"https:\/\/mesa-international.de\/de\/wp-json\/wp\/v2\/product_tag?post=244276"}],"curies":[{"name":"wp","href":"https:\/\/api.w.org\/{rel}","templated":true}]}}