{"id":243922,"date":"2025-03-06T09:20:05","date_gmt":"2025-03-06T08:20:05","guid":{"rendered":"https:\/\/mesa-international.de\/product\/mcon-nitro\/"},"modified":"2025-03-06T09:20:05","modified_gmt":"2025-03-06T08:20:05","slug":"mcon-nitro","status":"publish","type":"product","link":"https:\/\/mesa-international.de\/de\/product\/mcon-nitro\/","title":{"rendered":"Mcon Nitro"},"content":{"rendered":"<div class=\"woocommerce-variation-description\">\n<table class=\"product-specs\">\n<tr>\n<th colspan=\"2\">Allgemeine Informationen<\/th>\n<\/tr>\n<tr>\n<td>Ger\u00e4t Nr.:<\/td>\n<td><\/td>\n<\/tr>\n<tr>\n<td>Zolltarif-Nr:<\/td>\n<td>9032 8900<\/td>\n<\/tr>\n<tr>\n<td>Gewicht:<\/td>\n<td>Ungef\u00e4hr. 0,7 kg<\/td>\n<\/tr>\n<tr>\n<td>Abmessungen:<\/td>\n<td>96 x 96 x 111 mm<\/td>\n<\/tr>\n<tr>\n<td>Ausschnitt-Durchmesser f\u00fcr die Montage:<\/td>\n<td>92 x 92 mm<\/td>\n<\/tr>\n<tr>\n<td>Aux. Spannung: <\/td>\n<td>AC 85-265V, 50-60Hz<\/td>\n<\/tr>\n<tr>\n<td>Stromverbrauch:<\/td>\n<td>Max. 15 VA <\/td>\n<\/tr>\n<tr>\n<td>Anwendung:<\/td>\n<td>Nitrieren<\/td>\n<\/tr>\n<tr>\n<td>Men\u00fcsprachen:<\/td>\n<td>Deutsch, Englisch<\/td>\n<\/tr>\n<tr>\n<th colspan=\"2\">Anzeige<\/th>\n<\/tr>\n<tr>\n<td>Typ:<\/td>\n<td>TFT-Farbbildschirm<\/td>\n<\/tr>\n<tr>\n<td>Aufl\u00f6sung:<\/td>\n<td>320 x 240 Pixel<\/td>\n<\/tr>\n<tr>\n<td>Gr\u00f6\u00dfe:<\/td>\n<td>3,5&#8243; mit resistivem Touchscreen<\/td>\n<\/tr>\n<tr>\n<th colspan=\"2\">Eingaben<\/th>\n<\/tr>\n<tr>\n<td>Thermoelement-Typen:<\/td>\n<td>B, C, E, J, K, L, M, N, R, S, T<\/td>\n<\/tr>\n<tr>\n<td>H2 Sensor:<\/td>\n<td>4-20 mA<\/td>\n<\/tr>\n<tr>\n<td>NH3 Massendurchfluss:<\/td>\n<td>4-20 mA<\/td>\n<\/tr>\n<tr>\n<td>N2 Massendurchfluss:<\/td>\n<td>4-20 mA<\/td>\n<\/tr>\n<tr>\n<td>CO2 Massendurchfluss:<\/td>\n<td>4-20 mA<\/td>\n<\/tr>\n<tr>\n<td>Digitale Eing\u00e4nge:<\/td>\n<td>3x isoliert 24VDC, Triggerpegel 8VDC<\/td>\n<\/tr>\n<tr>\n<th colspan=\"2\">Ausg\u00e4nge<\/th>\n<\/tr>\n<tr>\n<td>Digitale Ausg\u00e4nge:<\/td>\n<td>12x Isolierter offener Kollektor<\/td>\n<\/tr>\n<tr>\n<td>Analoge Ausg\u00e4nge:<\/td>\n<td>\n  NH3 Massendurchfluss (4-20 mA)<br \/> N2 Massendurchfluss (4-20 mA)<br \/> CO2 Massendurchfluss (4-20 mA)<br \/> Kn Stromausgang (4-20 mA) oder Temp. Ausgang f\u00fcr externen Controller\n            <\/td>\n<\/tr>\n<tr>\n<td>Relais-Ausg\u00e4nge:<\/td>\n<td>2x Relais 250 VAC \/ 5A f\u00fcr Alarme<\/td>\n<\/tr>\n<tr>\n<th colspan=\"2\">Steuerung &amp; Schnittstelle<\/th>\n<\/tr>\n<tr>\n<td>Referenzwerte:<\/td>\n<td>Programmsteuerung \/ Festwertmatrix \/ Optionale Schnittstelle<\/td>\n<\/tr>\n<tr>\n<td>Alarme:<\/td>\n<td>Benutzerdefiniert Einstellbar<\/td>\n<\/tr>\n<tr>\n<td>Benutzerzugang:<\/td>\n<td>Bis zu 10 Benutzer mit 6 Benutzerstufen<\/td>\n<\/tr>\n<tr>\n<td>Schnittstelle:<\/td>\n<td>Nicht isoliert RS485\/422<\/td>\n<\/tr>\n<tr>\n<th colspan=\"2\">Optionale Merkmale<\/th>\n<\/tr>\n<tr>\n<td>Prozess-Temperaturregler:<\/td>\n<td>Verf\u00fcgbar<\/td>\n<\/tr>\n<tr>\n<td>Grafikmodul f\u00fcr Display:<\/td>\n<td>Verf\u00fcgbar<\/td>\n<\/tr>\n<tr>\n<td>Datenlogger:<\/td>\n<td>Blendenzeit 1-1000s, bis zu 20 Registrierungen<\/td>\n<\/tr>\n<tr>\n<td>Programmsteuerung:<\/td>\n<td>99 Programme, 24 Segmente, 16 Steuerspuren<\/td>\n<\/tr>\n<tr>\n<td>Zus\u00e4tzliche Schnittstellen:<\/td>\n<td>\n Ethernet<br \/> Isolierte RS485\/422<br \/> PROFIBUS\n <\/td>\n<\/tr>\n<tr>\n<th colspan=\"2\">Konfiguration<\/th>\n<\/tr>\n<tr>\n<td>Modul 1:<\/td>\n<td>AOM<\/td>\n<\/tr>\n<tr>\n<td>Modul 2:<\/td>\n<td>OC12<\/td>\n<\/tr>\n<tr>\n<td>Modul 3:<\/td>\n<td>DIGIN<\/td>\n<\/tr>\n<tr>\n<td>Modul 4:<\/td>\n<td>OC12<\/td>\n<\/tr>\n<tr>\n<td>Modul 6:<\/td>\n<td>OC12<\/td>\n<\/tr>\n<tr>\n<th colspan=\"2\">Zubeh\u00f6r<\/th>\n<\/tr>\n<tr>\n<td>Gebrauchsanweisung:<\/td>\n<td>Ja<\/td>\n<\/tr>\n<tr>\n<td>Konfigurationsblatt:<\/td>\n<td>Ja<\/td>\n<\/tr>\n<tr>\n<td>Anschlussplan:<\/td>\n<td>Ja<\/td>\n<\/tr>\n<tr>\n<td>Befestigungsklammern:<\/td>\n<td>2<\/td>\n<\/tr>\n<tr>\n<td>Stromkabel:<\/td>\n<td>Ja<\/td>\n<\/tr>\n<\/table>\n<\/div>\n","protected":false},"excerpt":{"rendered":"<p>Allgemeine Informationen Ger\u00e4t Nr.: Zolltarif-Nr: 9032 8900 Gewicht: Ungef\u00e4hr. 0,7 kg Abmessungen: 96 x 96 x 111 mm Ausschnitt-Durchmesser f\u00fcr die Montage: 92 x 92 mm Aux. Spannung: AC 85-265V, 50-60Hz Stromverbrauch: Max. 15 VA Anwendung: Nitrieren Men\u00fcsprachen: Deutsch, Englisch Anzeige Typ: TFT-Farbbildschirm Aufl\u00f6sung: 320 x 240 Pixel Gr\u00f6\u00dfe: 3,5&#8243; [&hellip;]<\/p>\n","protected":false},"featured_media":243623,"comment_status":"open","ping_status":"closed","template":"","meta":{"_acf_changed":false,"content-type":""},"product_brand":[],"product_cat":[159,161],"product_tag":[],"class_list":{"0":"post-243922","1":"product","2":"type-product","3":"status-publish","4":"has-post-thumbnail","6":"product_cat-product-list","7":"product_cat-steuerungen-de","9":"first","10":"instock","11":"shipping-taxable","12":"purchasable","13":"product-type-simple"},"acf":[],"yoast_head":"<!-- This site is optimized with the Yoast SEO plugin v27.4 - https:\/\/yoast.com\/product\/yoast-seo-wordpress\/ -->\n<title>Mcon Nitro - www.mesa-international.de<\/title>\n<meta name=\"robots\" content=\"index, follow, max-snippet:-1, max-image-preview:large, max-video-preview:-1\" \/>\n<link rel=\"canonical\" href=\"https:\/\/mesa-international.de\/de\/product\/mcon-nitro\/\" \/>\n<meta property=\"og:locale\" content=\"de_DE\" \/>\n<meta property=\"og:type\" content=\"article\" \/>\n<meta property=\"og:title\" content=\"Mcon Nitro - www.mesa-international.de\" \/>\n<meta property=\"og:description\" content=\"Allgemeine Informationen Ger\u00e4t Nr.: Zolltarif-Nr: 9032 8900 Gewicht: Ungef\u00e4hr. 0,7 kg Abmessungen: 96 x 96 x 111 mm Ausschnitt-Durchmesser f\u00fcr die Montage: 92 x 92 mm Aux. Spannung: AC 85-265V, 50-60Hz Stromverbrauch: Max. 15 VA Anwendung: Nitrieren Men\u00fcsprachen: Deutsch, Englisch Anzeige Typ: TFT-Farbbildschirm Aufl\u00f6sung: 320 x 240 Pixel Gr\u00f6\u00dfe: 3,5&#8243; [&hellip;]\" \/>\n<meta property=\"og:url\" content=\"https:\/\/mesa-international.de\/de\/product\/mcon-nitro\/\" \/>\n<meta property=\"og:site_name\" content=\"www.mesa-international.de\" \/>\n<meta property=\"og:image\" content=\"https:\/\/mesa-international.de\/wp-content\/uploads\/2025\/03\/MCon-Nitro-2.png\" \/>\n\t<meta property=\"og:image:width\" content=\"600\" \/>\n\t<meta property=\"og:image:height\" content=\"600\" \/>\n\t<meta property=\"og:image:type\" content=\"image\/png\" \/>\n<meta name=\"twitter:card\" content=\"summary_large_image\" \/>\n<meta name=\"twitter:label1\" content=\"Gesch\u00e4tzte Lesezeit\" \/>\n\t<meta name=\"twitter:data1\" content=\"1\u00a0Minute\" \/>\n<script type=\"application\/ld+json\" class=\"yoast-schema-graph\">{\"@context\":\"https:\\\/\\\/schema.org\",\"@graph\":[{\"@type\":\"WebPage\",\"@id\":\"https:\\\/\\\/mesa-international.de\\\/de\\\/product\\\/mcon-nitro\\\/\",\"url\":\"https:\\\/\\\/mesa-international.de\\\/de\\\/product\\\/mcon-nitro\\\/\",\"name\":\"Mcon Nitro - www.mesa-international.de\",\"isPartOf\":{\"@id\":\"https:\\\/\\\/mesa-international.de\\\/de\\\/#website\"},\"primaryImageOfPage\":{\"@id\":\"https:\\\/\\\/mesa-international.de\\\/de\\\/product\\\/mcon-nitro\\\/#primaryimage\"},\"image\":{\"@id\":\"https:\\\/\\\/mesa-international.de\\\/de\\\/product\\\/mcon-nitro\\\/#primaryimage\"},\"thumbnailUrl\":\"https:\\\/\\\/mesa-international.de\\\/wp-content\\\/uploads\\\/2025\\\/03\\\/MCon-Nitro-2.png\",\"datePublished\":\"2025-03-06T08:20:05+00:00\",\"breadcrumb\":{\"@id\":\"https:\\\/\\\/mesa-international.de\\\/de\\\/product\\\/mcon-nitro\\\/#breadcrumb\"},\"inLanguage\":\"de\",\"potentialAction\":[{\"@type\":\"ReadAction\",\"target\":[\"https:\\\/\\\/mesa-international.de\\\/de\\\/product\\\/mcon-nitro\\\/\"]}]},{\"@type\":\"ImageObject\",\"inLanguage\":\"de\",\"@id\":\"https:\\\/\\\/mesa-international.de\\\/de\\\/product\\\/mcon-nitro\\\/#primaryimage\",\"url\":\"https:\\\/\\\/mesa-international.de\\\/wp-content\\\/uploads\\\/2025\\\/03\\\/MCon-Nitro-2.png\",\"contentUrl\":\"https:\\\/\\\/mesa-international.de\\\/wp-content\\\/uploads\\\/2025\\\/03\\\/MCon-Nitro-2.png\",\"width\":600,\"height\":600},{\"@type\":\"BreadcrumbList\",\"@id\":\"https:\\\/\\\/mesa-international.de\\\/de\\\/product\\\/mcon-nitro\\\/#breadcrumb\",\"itemListElement\":[{\"@type\":\"ListItem\",\"position\":1,\"name\":\"Shop\",\"item\":\"https:\\\/\\\/mesa-international.de\\\/de\\\/shop\\\/\"},{\"@type\":\"ListItem\",\"position\":2,\"name\":\"Mcon Nitro\"}]},{\"@type\":\"WebSite\",\"@id\":\"https:\\\/\\\/mesa-international.de\\\/de\\\/#website\",\"url\":\"https:\\\/\\\/mesa-international.de\\\/de\\\/\",\"name\":\"www.mesa-international.de\",\"description\":\"Mesa Electronics Gmbh\",\"publisher\":{\"@id\":\"https:\\\/\\\/mesa-international.de\\\/de\\\/#organization\"},\"potentialAction\":[{\"@type\":\"SearchAction\",\"target\":{\"@type\":\"EntryPoint\",\"urlTemplate\":\"https:\\\/\\\/mesa-international.de\\\/de\\\/?s={search_term_string}\"},\"query-input\":{\"@type\":\"PropertyValueSpecification\",\"valueRequired\":true,\"valueName\":\"search_term_string\"}}],\"inLanguage\":\"de\"},{\"@type\":\"Organization\",\"@id\":\"https:\\\/\\\/mesa-international.de\\\/de\\\/#organization\",\"name\":\"www.mesa-international.de\",\"url\":\"https:\\\/\\\/mesa-international.de\\\/de\\\/\",\"logo\":{\"@type\":\"ImageObject\",\"inLanguage\":\"de\",\"@id\":\"https:\\\/\\\/mesa-international.de\\\/de\\\/#\\\/schema\\\/logo\\\/image\\\/\",\"url\":\"https:\\\/\\\/mesa-international.de\\\/wp-content\\\/uploads\\\/2022\\\/11\\\/sadsaca.png\",\"contentUrl\":\"https:\\\/\\\/mesa-international.de\\\/wp-content\\\/uploads\\\/2022\\\/11\\\/sadsaca.png\",\"width\":173,\"height\":107,\"caption\":\"www.mesa-international.de\"},\"image\":{\"@id\":\"https:\\\/\\\/mesa-international.de\\\/de\\\/#\\\/schema\\\/logo\\\/image\\\/\"},\"sameAs\":[\"https:\\\/\\\/www.linkedin.com\\\/company\\\/mesa-electronic-gmbh\\\/\"]}]}<\/script>\n<!-- \/ Yoast SEO plugin. -->","yoast_head_json":{"title":"Mcon Nitro - www.mesa-international.de","robots":{"index":"index","follow":"follow","max-snippet":"max-snippet:-1","max-image-preview":"max-image-preview:large","max-video-preview":"max-video-preview:-1"},"canonical":"https:\/\/mesa-international.de\/de\/product\/mcon-nitro\/","og_locale":"de_DE","og_type":"article","og_title":"Mcon Nitro - www.mesa-international.de","og_description":"Allgemeine Informationen Ger\u00e4t Nr.: Zolltarif-Nr: 9032 8900 Gewicht: Ungef\u00e4hr. 0,7 kg Abmessungen: 96 x 96 x 111 mm Ausschnitt-Durchmesser f\u00fcr die Montage: 92 x 92 mm Aux. Spannung: AC 85-265V, 50-60Hz Stromverbrauch: Max. 15 VA Anwendung: Nitrieren Men\u00fcsprachen: Deutsch, Englisch Anzeige Typ: TFT-Farbbildschirm Aufl\u00f6sung: 320 x 240 Pixel Gr\u00f6\u00dfe: 3,5&#8243; [&hellip;]","og_url":"https:\/\/mesa-international.de\/de\/product\/mcon-nitro\/","og_site_name":"www.mesa-international.de","og_image":[{"width":600,"height":600,"url":"https:\/\/mesa-international.de\/wp-content\/uploads\/2025\/03\/MCon-Nitro-2.png","type":"image\/png"}],"twitter_card":"summary_large_image","twitter_misc":{"Gesch\u00e4tzte Lesezeit":"1\u00a0Minute"},"schema":{"@context":"https:\/\/schema.org","@graph":[{"@type":"WebPage","@id":"https:\/\/mesa-international.de\/de\/product\/mcon-nitro\/","url":"https:\/\/mesa-international.de\/de\/product\/mcon-nitro\/","name":"Mcon Nitro - www.mesa-international.de","isPartOf":{"@id":"https:\/\/mesa-international.de\/de\/#website"},"primaryImageOfPage":{"@id":"https:\/\/mesa-international.de\/de\/product\/mcon-nitro\/#primaryimage"},"image":{"@id":"https:\/\/mesa-international.de\/de\/product\/mcon-nitro\/#primaryimage"},"thumbnailUrl":"https:\/\/mesa-international.de\/wp-content\/uploads\/2025\/03\/MCon-Nitro-2.png","datePublished":"2025-03-06T08:20:05+00:00","breadcrumb":{"@id":"https:\/\/mesa-international.de\/de\/product\/mcon-nitro\/#breadcrumb"},"inLanguage":"de","potentialAction":[{"@type":"ReadAction","target":["https:\/\/mesa-international.de\/de\/product\/mcon-nitro\/"]}]},{"@type":"ImageObject","inLanguage":"de","@id":"https:\/\/mesa-international.de\/de\/product\/mcon-nitro\/#primaryimage","url":"https:\/\/mesa-international.de\/wp-content\/uploads\/2025\/03\/MCon-Nitro-2.png","contentUrl":"https:\/\/mesa-international.de\/wp-content\/uploads\/2025\/03\/MCon-Nitro-2.png","width":600,"height":600},{"@type":"BreadcrumbList","@id":"https:\/\/mesa-international.de\/de\/product\/mcon-nitro\/#breadcrumb","itemListElement":[{"@type":"ListItem","position":1,"name":"Shop","item":"https:\/\/mesa-international.de\/de\/shop\/"},{"@type":"ListItem","position":2,"name":"Mcon Nitro"}]},{"@type":"WebSite","@id":"https:\/\/mesa-international.de\/de\/#website","url":"https:\/\/mesa-international.de\/de\/","name":"www.mesa-international.de","description":"Mesa Electronics Gmbh","publisher":{"@id":"https:\/\/mesa-international.de\/de\/#organization"},"potentialAction":[{"@type":"SearchAction","target":{"@type":"EntryPoint","urlTemplate":"https:\/\/mesa-international.de\/de\/?s={search_term_string}"},"query-input":{"@type":"PropertyValueSpecification","valueRequired":true,"valueName":"search_term_string"}}],"inLanguage":"de"},{"@type":"Organization","@id":"https:\/\/mesa-international.de\/de\/#organization","name":"www.mesa-international.de","url":"https:\/\/mesa-international.de\/de\/","logo":{"@type":"ImageObject","inLanguage":"de","@id":"https:\/\/mesa-international.de\/de\/#\/schema\/logo\/image\/","url":"https:\/\/mesa-international.de\/wp-content\/uploads\/2022\/11\/sadsaca.png","contentUrl":"https:\/\/mesa-international.de\/wp-content\/uploads\/2022\/11\/sadsaca.png","width":173,"height":107,"caption":"www.mesa-international.de"},"image":{"@id":"https:\/\/mesa-international.de\/de\/#\/schema\/logo\/image\/"},"sameAs":["https:\/\/www.linkedin.com\/company\/mesa-electronic-gmbh\/"]}]}},"_links":{"self":[{"href":"https:\/\/mesa-international.de\/de\/wp-json\/wp\/v2\/product\/243922","targetHints":{"allow":["GET"]}}],"collection":[{"href":"https:\/\/mesa-international.de\/de\/wp-json\/wp\/v2\/product"}],"about":[{"href":"https:\/\/mesa-international.de\/de\/wp-json\/wp\/v2\/types\/product"}],"replies":[{"embeddable":true,"href":"https:\/\/mesa-international.de\/de\/wp-json\/wp\/v2\/comments?post=243922"}],"wp:featuredmedia":[{"embeddable":true,"href":"https:\/\/mesa-international.de\/de\/wp-json\/wp\/v2\/media\/243623"}],"wp:attachment":[{"href":"https:\/\/mesa-international.de\/de\/wp-json\/wp\/v2\/media?parent=243922"}],"wp:term":[{"taxonomy":"product_brand","embeddable":true,"href":"https:\/\/mesa-international.de\/de\/wp-json\/wp\/v2\/product_brand?post=243922"},{"taxonomy":"product_cat","embeddable":true,"href":"https:\/\/mesa-international.de\/de\/wp-json\/wp\/v2\/product_cat?post=243922"},{"taxonomy":"product_tag","embeddable":true,"href":"https:\/\/mesa-international.de\/de\/wp-json\/wp\/v2\/product_tag?post=243922"}],"curies":[{"name":"wp","href":"https:\/\/api.w.org\/{rel}","templated":true}]}}