{"id":243625,"date":"2025-03-06T09:19:18","date_gmt":"2025-03-06T08:19:18","guid":{"rendered":"https:\/\/mesa-international.de\/product\/digitales-anzeigegeraet-a-009-o2\/"},"modified":"2025-03-06T09:19:18","modified_gmt":"2025-03-06T08:19:18","slug":"digitales-anzeigegeraet-a-009-o2","status":"publish","type":"product","link":"https:\/\/mesa-international.de\/de\/product\/digitales-anzeigegeraet-a-009-o2\/","title":{"rendered":"Digitales Anzeigeger\u00e4t A 009, %O2"},"content":{"rendered":"<div class=\"woocommerce-variation-description\">\n<table class=\"product-specs\">\n<tr>\n<th colspan=\"2\">Allgemeine Informationen<\/th>\n<\/tr>\n<tr>\n<td>Typ:<\/td>\n<td>A 009.6109.40.33-49-70-80-99<\/td>\n<\/tr>\n<tr>\n<td>Ger\u00e4t Nr.:<\/td>\n<td>&#8211;<\/td>\n<\/tr>\n<tr>\n<td>Zolltarif-Nr:<\/td>\n<td>90303310<\/td>\n<\/tr>\n<tr>\n<td>Gewicht:<\/td>\n<td>Ungef\u00e4hr. 0.450 kg<\/td>\n<\/tr>\n<tr>\n<th colspan=\"2\">Technische Details<\/th>\n<\/tr>\n<tr>\n<td>Analoger Ausgang:<\/td>\n<td>0&#8230;10 VDC<\/td>\n<\/tr>\n<tr>\n<td>Logarithmischer Verst\u00e4rker:<\/td>\n<td>Ja<\/td>\n<\/tr>\n<tr>\n<td>Kalibrierung:<\/td>\n<td>Kalibriert mit Standardgas f\u00fcr L-Sonde<\/td>\n<\/tr>\n<tr>\n<td>Messschalter:<\/td>\n<td>3-facher Messschalter f\u00fcr 3 Messbereiche<\/td>\n<\/tr>\n<tr>\n<td>Abmessungen:<\/td>\n<td>96 x 96 x 150 mm (BxHxT)<\/td>\n<\/tr>\n<tr>\n<td>Schutz:<\/td>\n<td>Vorderseite IP 50 gem. DIN EN 60529 <\/td>\n<\/tr>\n<tr>\n<td>Hilfsspannung:<\/td>\n<td>230 V \u00b110% \/ 50-60 Hz, max. ca. 4 VA. <\/td>\n<\/tr>\n<tr>\n<td>Anzeige:<\/td>\n<td>3 1\/2-stellige 7-Segment-Anzeige mit Vorzeichen<\/td>\n<\/tr>\n<tr>\n<td>Messrate:<\/td>\n<td>3 Messungen\/s<\/td>\n<\/tr>\n<tr>\n<td>H\u00f6he der Figur:<\/td>\n<td>20 mm<\/td>\n<\/tr>\n<tr>\n<th colspan=\"2\">Messbereiche<\/th>\n<\/tr>\n<tr>\n<td>a)<\/td>\n<td>(0)&#8230;0,2&#8230;40,0 ppm O\u2082<\/td>\n<\/tr>\n<tr>\n<td>b)<\/td>\n<td>(0)&#8230;5&#8230;1000 ppm O\u2082<\/td>\n<\/tr>\n<tr>\n<td>c)<\/td>\n<td>0&#8230;400 mV (von der L-Sonde)<\/td>\n<\/tr>\n<tr>\n<th colspan=\"2\">Eing\u00e4nge &amp; Ausg\u00e4nge<\/th>\n<\/tr>\n<tr>\n<td>Eingang:<\/td>\n<td>mV von L-Sonde<\/td>\n<\/tr>\n<tr>\n<td>Ausgang:<\/td>\n<td>(0)&#8230;0,05 &#8230;+10 VDC, max. 5 mA<\/td>\n<\/tr>\n<tr>\n<td>Entspricht:<\/td>\n<td>(0)&#8230;0,2&#8230;40,0 ppm O\u2082 \/ (0)&#8230;5&#8230;1000 ppm O\u2082 \/ 0&#8230;400 mV<\/td>\n<\/tr>\n<tr>\n<td>Physikalisch getrennte Ein- und Ausg\u00e4nge:<\/td>\n<td>Ja<\/td>\n<\/tr>\n<tr>\n<td>Unbenutzte Schalterstellung:<\/td>\n<td>Wird als &#8222;000&#8220; angezeigt<\/td>\n<\/tr>\n<tr>\n<td>Messschalter:<\/td>\n<td>3-facher Messschalter f\u00fcr 3 Messbereiche<\/td>\n<\/tr>\n<tr>\n<th colspan=\"2\">Zubeh\u00f6r<\/th>\n<\/tr>\n<tr>\n<td>1 Anschlussdiagramm:<\/td>\n<td>Inklusive<\/td>\n<\/tr>\n<tr>\n<td>2 Montageb\u00fcgel:<\/td>\n<td>MESA-Nr.: 104-0150<\/td>\n<\/tr>\n<\/table>\n<\/div>\n","protected":false},"excerpt":{"rendered":"<p>Allgemeine Informationen Typ: A 009.6109.40.33-49-70-80-99 Ger\u00e4t Nr.: &#8211; Zolltarif-Nr: 90303310 Gewicht: Ungef\u00e4hr. 0.450 kg Technische Details Analoger Ausgang: 0&#8230;10 VDC Logarithmischer Verst\u00e4rker: Ja Kalibrierung: Kalibriert mit Standardgas f\u00fcr L-Sonde Messschalter: 3-facher Messschalter f\u00fcr 3 Messbereiche Abmessungen: 96 x 96 x 150 mm (BxHxT) Schutz: Vorderseite IP 50 gem. DIN EN [&hellip;]<\/p>\n","protected":false},"featured_media":243564,"comment_status":"open","ping_status":"closed","template":"","meta":{"_acf_changed":false,"content-type":""},"product_brand":[],"product_cat":[160,159],"product_tag":[],"class_list":{"0":"post-243625","1":"product","2":"type-product","3":"status-publish","4":"has-post-thumbnail","6":"product_cat-sender-indikator-de","7":"product_cat-product-list","9":"first","10":"instock","11":"shipping-taxable","12":"purchasable","13":"product-type-simple"},"acf":[],"yoast_head":"<!-- This site is optimized with the Yoast SEO plugin v27.4 - https:\/\/yoast.com\/product\/yoast-seo-wordpress\/ -->\n<title>Digitales Anzeigeger\u00e4t A 009, %O2 - www.mesa-international.de<\/title>\n<meta name=\"robots\" content=\"index, follow, max-snippet:-1, max-image-preview:large, max-video-preview:-1\" \/>\n<link rel=\"canonical\" href=\"https:\/\/mesa-international.de\/de\/product\/digitales-anzeigegeraet-a-009-o2\/\" \/>\n<meta property=\"og:locale\" content=\"de_DE\" \/>\n<meta property=\"og:type\" content=\"article\" \/>\n<meta property=\"og:title\" content=\"Digitales Anzeigeger\u00e4t A 009, %O2 - www.mesa-international.de\" \/>\n<meta property=\"og:description\" content=\"Allgemeine Informationen Typ: A 009.6109.40.33-49-70-80-99 Ger\u00e4t Nr.: &#8211; Zolltarif-Nr: 90303310 Gewicht: Ungef\u00e4hr. 0.450 kg Technische Details Analoger Ausgang: 0&#8230;10 VDC Logarithmischer Verst\u00e4rker: Ja Kalibrierung: Kalibriert mit Standardgas f\u00fcr L-Sonde Messschalter: 3-facher Messschalter f\u00fcr 3 Messbereiche Abmessungen: 96 x 96 x 150 mm (BxHxT) Schutz: Vorderseite IP 50 gem. DIN EN [&hellip;]\" \/>\n<meta property=\"og:url\" content=\"https:\/\/mesa-international.de\/de\/product\/digitales-anzeigegeraet-a-009-o2\/\" \/>\n<meta property=\"og:site_name\" content=\"www.mesa-international.de\" \/>\n<meta property=\"og:image\" content=\"https:\/\/mesa-international.de\/wp-content\/uploads\/2025\/03\/A005-1-1-8.png\" \/>\n\t<meta property=\"og:image:width\" content=\"600\" \/>\n\t<meta property=\"og:image:height\" content=\"600\" \/>\n\t<meta property=\"og:image:type\" content=\"image\/png\" \/>\n<meta name=\"twitter:card\" content=\"summary_large_image\" \/>\n<meta name=\"twitter:label1\" content=\"Gesch\u00e4tzte Lesezeit\" \/>\n\t<meta name=\"twitter:data1\" content=\"1\u00a0Minute\" \/>\n<script type=\"application\/ld+json\" class=\"yoast-schema-graph\">{\"@context\":\"https:\\\/\\\/schema.org\",\"@graph\":[{\"@type\":\"WebPage\",\"@id\":\"https:\\\/\\\/mesa-international.de\\\/de\\\/product\\\/digitales-anzeigegeraet-a-009-o2\\\/\",\"url\":\"https:\\\/\\\/mesa-international.de\\\/de\\\/product\\\/digitales-anzeigegeraet-a-009-o2\\\/\",\"name\":\"Digitales Anzeigeger\u00e4t A 009, %O2 - www.mesa-international.de\",\"isPartOf\":{\"@id\":\"https:\\\/\\\/mesa-international.de\\\/de\\\/#website\"},\"primaryImageOfPage\":{\"@id\":\"https:\\\/\\\/mesa-international.de\\\/de\\\/product\\\/digitales-anzeigegeraet-a-009-o2\\\/#primaryimage\"},\"image\":{\"@id\":\"https:\\\/\\\/mesa-international.de\\\/de\\\/product\\\/digitales-anzeigegeraet-a-009-o2\\\/#primaryimage\"},\"thumbnailUrl\":\"https:\\\/\\\/mesa-international.de\\\/wp-content\\\/uploads\\\/2025\\\/03\\\/A005-1-1-8.png\",\"datePublished\":\"2025-03-06T08:19:18+00:00\",\"breadcrumb\":{\"@id\":\"https:\\\/\\\/mesa-international.de\\\/de\\\/product\\\/digitales-anzeigegeraet-a-009-o2\\\/#breadcrumb\"},\"inLanguage\":\"de\",\"potentialAction\":[{\"@type\":\"ReadAction\",\"target\":[\"https:\\\/\\\/mesa-international.de\\\/de\\\/product\\\/digitales-anzeigegeraet-a-009-o2\\\/\"]}]},{\"@type\":\"ImageObject\",\"inLanguage\":\"de\",\"@id\":\"https:\\\/\\\/mesa-international.de\\\/de\\\/product\\\/digitales-anzeigegeraet-a-009-o2\\\/#primaryimage\",\"url\":\"https:\\\/\\\/mesa-international.de\\\/wp-content\\\/uploads\\\/2025\\\/03\\\/A005-1-1-8.png\",\"contentUrl\":\"https:\\\/\\\/mesa-international.de\\\/wp-content\\\/uploads\\\/2025\\\/03\\\/A005-1-1-8.png\",\"width\":600,\"height\":600},{\"@type\":\"BreadcrumbList\",\"@id\":\"https:\\\/\\\/mesa-international.de\\\/de\\\/product\\\/digitales-anzeigegeraet-a-009-o2\\\/#breadcrumb\",\"itemListElement\":[{\"@type\":\"ListItem\",\"position\":1,\"name\":\"Shop\",\"item\":\"https:\\\/\\\/mesa-international.de\\\/de\\\/shop\\\/\"},{\"@type\":\"ListItem\",\"position\":2,\"name\":\"Digitales Anzeigeger\u00e4t A 009, %O2\"}]},{\"@type\":\"WebSite\",\"@id\":\"https:\\\/\\\/mesa-international.de\\\/de\\\/#website\",\"url\":\"https:\\\/\\\/mesa-international.de\\\/de\\\/\",\"name\":\"www.mesa-international.de\",\"description\":\"Mesa Electronics Gmbh\",\"publisher\":{\"@id\":\"https:\\\/\\\/mesa-international.de\\\/de\\\/#organization\"},\"potentialAction\":[{\"@type\":\"SearchAction\",\"target\":{\"@type\":\"EntryPoint\",\"urlTemplate\":\"https:\\\/\\\/mesa-international.de\\\/de\\\/?s={search_term_string}\"},\"query-input\":{\"@type\":\"PropertyValueSpecification\",\"valueRequired\":true,\"valueName\":\"search_term_string\"}}],\"inLanguage\":\"de\"},{\"@type\":\"Organization\",\"@id\":\"https:\\\/\\\/mesa-international.de\\\/de\\\/#organization\",\"name\":\"www.mesa-international.de\",\"url\":\"https:\\\/\\\/mesa-international.de\\\/de\\\/\",\"logo\":{\"@type\":\"ImageObject\",\"inLanguage\":\"de\",\"@id\":\"https:\\\/\\\/mesa-international.de\\\/de\\\/#\\\/schema\\\/logo\\\/image\\\/\",\"url\":\"https:\\\/\\\/mesa-international.de\\\/wp-content\\\/uploads\\\/2022\\\/11\\\/sadsaca.png\",\"contentUrl\":\"https:\\\/\\\/mesa-international.de\\\/wp-content\\\/uploads\\\/2022\\\/11\\\/sadsaca.png\",\"width\":173,\"height\":107,\"caption\":\"www.mesa-international.de\"},\"image\":{\"@id\":\"https:\\\/\\\/mesa-international.de\\\/de\\\/#\\\/schema\\\/logo\\\/image\\\/\"},\"sameAs\":[\"https:\\\/\\\/www.linkedin.com\\\/company\\\/mesa-electronic-gmbh\\\/\"]}]}<\/script>\n<!-- \/ Yoast SEO plugin. -->","yoast_head_json":{"title":"Digitales Anzeigeger\u00e4t A 009, %O2 - www.mesa-international.de","robots":{"index":"index","follow":"follow","max-snippet":"max-snippet:-1","max-image-preview":"max-image-preview:large","max-video-preview":"max-video-preview:-1"},"canonical":"https:\/\/mesa-international.de\/de\/product\/digitales-anzeigegeraet-a-009-o2\/","og_locale":"de_DE","og_type":"article","og_title":"Digitales Anzeigeger\u00e4t A 009, %O2 - www.mesa-international.de","og_description":"Allgemeine Informationen Typ: A 009.6109.40.33-49-70-80-99 Ger\u00e4t Nr.: &#8211; Zolltarif-Nr: 90303310 Gewicht: Ungef\u00e4hr. 0.450 kg Technische Details Analoger Ausgang: 0&#8230;10 VDC Logarithmischer Verst\u00e4rker: Ja Kalibrierung: Kalibriert mit Standardgas f\u00fcr L-Sonde Messschalter: 3-facher Messschalter f\u00fcr 3 Messbereiche Abmessungen: 96 x 96 x 150 mm (BxHxT) Schutz: Vorderseite IP 50 gem. DIN EN [&hellip;]","og_url":"https:\/\/mesa-international.de\/de\/product\/digitales-anzeigegeraet-a-009-o2\/","og_site_name":"www.mesa-international.de","og_image":[{"width":600,"height":600,"url":"https:\/\/mesa-international.de\/wp-content\/uploads\/2025\/03\/A005-1-1-8.png","type":"image\/png"}],"twitter_card":"summary_large_image","twitter_misc":{"Gesch\u00e4tzte Lesezeit":"1\u00a0Minute"},"schema":{"@context":"https:\/\/schema.org","@graph":[{"@type":"WebPage","@id":"https:\/\/mesa-international.de\/de\/product\/digitales-anzeigegeraet-a-009-o2\/","url":"https:\/\/mesa-international.de\/de\/product\/digitales-anzeigegeraet-a-009-o2\/","name":"Digitales Anzeigeger\u00e4t A 009, %O2 - www.mesa-international.de","isPartOf":{"@id":"https:\/\/mesa-international.de\/de\/#website"},"primaryImageOfPage":{"@id":"https:\/\/mesa-international.de\/de\/product\/digitales-anzeigegeraet-a-009-o2\/#primaryimage"},"image":{"@id":"https:\/\/mesa-international.de\/de\/product\/digitales-anzeigegeraet-a-009-o2\/#primaryimage"},"thumbnailUrl":"https:\/\/mesa-international.de\/wp-content\/uploads\/2025\/03\/A005-1-1-8.png","datePublished":"2025-03-06T08:19:18+00:00","breadcrumb":{"@id":"https:\/\/mesa-international.de\/de\/product\/digitales-anzeigegeraet-a-009-o2\/#breadcrumb"},"inLanguage":"de","potentialAction":[{"@type":"ReadAction","target":["https:\/\/mesa-international.de\/de\/product\/digitales-anzeigegeraet-a-009-o2\/"]}]},{"@type":"ImageObject","inLanguage":"de","@id":"https:\/\/mesa-international.de\/de\/product\/digitales-anzeigegeraet-a-009-o2\/#primaryimage","url":"https:\/\/mesa-international.de\/wp-content\/uploads\/2025\/03\/A005-1-1-8.png","contentUrl":"https:\/\/mesa-international.de\/wp-content\/uploads\/2025\/03\/A005-1-1-8.png","width":600,"height":600},{"@type":"BreadcrumbList","@id":"https:\/\/mesa-international.de\/de\/product\/digitales-anzeigegeraet-a-009-o2\/#breadcrumb","itemListElement":[{"@type":"ListItem","position":1,"name":"Shop","item":"https:\/\/mesa-international.de\/de\/shop\/"},{"@type":"ListItem","position":2,"name":"Digitales Anzeigeger\u00e4t A 009, %O2"}]},{"@type":"WebSite","@id":"https:\/\/mesa-international.de\/de\/#website","url":"https:\/\/mesa-international.de\/de\/","name":"www.mesa-international.de","description":"Mesa Electronics Gmbh","publisher":{"@id":"https:\/\/mesa-international.de\/de\/#organization"},"potentialAction":[{"@type":"SearchAction","target":{"@type":"EntryPoint","urlTemplate":"https:\/\/mesa-international.de\/de\/?s={search_term_string}"},"query-input":{"@type":"PropertyValueSpecification","valueRequired":true,"valueName":"search_term_string"}}],"inLanguage":"de"},{"@type":"Organization","@id":"https:\/\/mesa-international.de\/de\/#organization","name":"www.mesa-international.de","url":"https:\/\/mesa-international.de\/de\/","logo":{"@type":"ImageObject","inLanguage":"de","@id":"https:\/\/mesa-international.de\/de\/#\/schema\/logo\/image\/","url":"https:\/\/mesa-international.de\/wp-content\/uploads\/2022\/11\/sadsaca.png","contentUrl":"https:\/\/mesa-international.de\/wp-content\/uploads\/2022\/11\/sadsaca.png","width":173,"height":107,"caption":"www.mesa-international.de"},"image":{"@id":"https:\/\/mesa-international.de\/de\/#\/schema\/logo\/image\/"},"sameAs":["https:\/\/www.linkedin.com\/company\/mesa-electronic-gmbh\/"]}]}},"_links":{"self":[{"href":"https:\/\/mesa-international.de\/de\/wp-json\/wp\/v2\/product\/243625","targetHints":{"allow":["GET"]}}],"collection":[{"href":"https:\/\/mesa-international.de\/de\/wp-json\/wp\/v2\/product"}],"about":[{"href":"https:\/\/mesa-international.de\/de\/wp-json\/wp\/v2\/types\/product"}],"replies":[{"embeddable":true,"href":"https:\/\/mesa-international.de\/de\/wp-json\/wp\/v2\/comments?post=243625"}],"wp:featuredmedia":[{"embeddable":true,"href":"https:\/\/mesa-international.de\/de\/wp-json\/wp\/v2\/media\/243564"}],"wp:attachment":[{"href":"https:\/\/mesa-international.de\/de\/wp-json\/wp\/v2\/media?parent=243625"}],"wp:term":[{"taxonomy":"product_brand","embeddable":true,"href":"https:\/\/mesa-international.de\/de\/wp-json\/wp\/v2\/product_brand?post=243625"},{"taxonomy":"product_cat","embeddable":true,"href":"https:\/\/mesa-international.de\/de\/wp-json\/wp\/v2\/product_cat?post=243625"},{"taxonomy":"product_tag","embeddable":true,"href":"https:\/\/mesa-international.de\/de\/wp-json\/wp\/v2\/product_tag?post=243625"}],"curies":[{"name":"wp","href":"https:\/\/api.w.org\/{rel}","templated":true}]}}