{"id":243037,"date":"2024-07-24T23:27:38","date_gmt":"2024-07-24T22:27:38","guid":{"rendered":"https:\/\/mesa-international.de\/product\/folienpruefgeraet-fpg-1-1-mit-terminal-t400\/"},"modified":"2024-09-18T10:03:34","modified_gmt":"2024-09-18T09:03:34","slug":"folienpruefgeraet-fpg-1-1-mit-terminal-t400","status":"publish","type":"product","link":"https:\/\/mesa-international.de\/de\/product\/folienpruefgeraet-fpg-1-1-mit-terminal-t400\/","title":{"rendered":"FOLIENPR\u00dcFGER\u00c4T FPG 1.1 MIT TERMINAL T400"},"content":{"rendered":"<div class=\"et_pb_row et_pb_row_0 et_pb_gutters4\">\n<div class=\"et_pb_column et_pb_column_1_2 et_pb_column_0 et_pb_css_mix_blend_mode_passthrough\">\n<div class=\"et_pb_module et_pb_testimonial et_pb_testimonial_0 clearfix et_pb_text_align_left et_pb_bg_layout_light et_pb_icon_off et_pb_testimonial_no_image\">\n<div class=\"et_pb_testimonial_description\">\n<div class=\"et_pb_testimonial_description_inner\">\n<div class=\"et_pb_testimonial_content\">\n<div id=\"panel-2745-2-0-0\" class=\"so-panel widget widget_sow-editor panel-first-child\" data-index=\"3\">\n<div class=\"panel-widget-style panel-widget-style-for-2745-2-0-0\">\n<div class=\"so-widget-sow-editor so-widget-sow-editor-base\">\n<div class=\"siteorigin-widget-tinymce textwidget\">\n<h4>PRINZIP DER FUNKTIONSWEISE:<\/h4>\n<p>  Mit dem Folientester FPG 1.1 k\u00f6nnen Sie den C-Gehalt in Ofenatmosph\u00e4ren direkt durch Folientests bestimmen und angeben.<br \/>\nZus\u00e4tzliche Berechnungen, die den Gewichtsunterschied der Folien widerspiegeln, sind nicht notwendig!<br \/>\nDas Terminal-Display zeigt jeden Schritt deutlich an, so dass das Ger\u00e4t fehlerfrei bedient werden kann.    <span style=\"font-size: 32px; font-weight: bold; letter-spacing: -0.0415625em; font-family: 'Inter var', -apple-system, BlinkMacSystemFont, 'Helvetica Neue', Helvetica, sans-serif;\">BESONDERE MERKMALE:<\/span><\/p>\n<\/div>\n<\/div>\n<\/div>\n<\/div>\n<div id=\"panel-2745-2-0-1\" class=\"so-panel widget widget_sow-editor panel-last-child\" data-index=\"4\">\n<div class=\"panel-widget-style panel-widget-style-for-2745-2-0-1\">\n<div class=\"so-widget-sow-editor so-widget-sow-editor-base\">\n<div class=\"siteorigin-widget-tinymce textwidget\">\n<ul class=\"list-group\">\n<li class=\"list-group-item\">Schnelle, problemlose Bestimmung des tats\u00e4chlichen Kohlenstoffgehalts in Ofenatmosph\u00e4ren<\/li>\n<li class=\"list-group-item\">Einfache Bedienung, d.h. die Men\u00fcf\u00fchrung ist in den folgenden Sprachen klar beschrieben: Deutsch, Englisch, Italienisch, Franz\u00f6sisch, Spanisch, Portugiesisch und Tschechisch<\/li>\n<li class=\"list-group-item\">Automatische und schnelle Anzeige des Gewichtsanteils von Kohlenstoff in der Ofenatmosph\u00e4re, direkt in %C<\/li>\n<li class=\"list-group-item\">Verschiedene Folien k\u00f6nnen gleichzeitig gepr\u00fcft werden<\/li>\n<li class=\"list-group-item\">Automatische Kalibrierung<\/li>\n<li class=\"list-group-item\">Speicherung von Daten<\/li>\n<li class=\"list-group-item\">Inklusive Zubeh\u00f6r<\/li>\n<\/ul>\n<p><b style=\"font-size: 32px; letter-spacing: -0.0415625em; font-family: 'Inter var', -apple-system, BlinkMacSystemFont, 'Helvetica Neue', Helvetica, sans-serif;\">VORTEILE DES T400:  <\/b><\/p>\n<\/div>\n<div class=\"et_pb_testimonial_description_inner\">\n<div class=\"et_pb_testimonial_content\">\n<ul>\n<li>Speicherung der Messungen im internen EEPROM<\/li>\n<li>USB-Schnittstelle.<br \/>\nAlle Messwerte, einschlie\u00dflich Ofenname, Datum und Uhrzeit, k\u00f6nnen auf einen USB-Stick \u00fcbertragen werden <\/li>\n<li>Die Auswertung und Verarbeitung der Daten ist \u00fcber die mitgelieferte Software &#8222;Foil Test View&#8220; m\u00f6glich.<\/li>\n<li>Gro\u00dfes Display mit 4 Zeilen und 16 Zeichen<\/li>\n<li>Dokumentation gem\u00e4\u00df ISO9001 m\u00f6glich<\/li>\n<\/ul>\n<\/div>\n<\/div>\n<div id=\"panel-2745-5-0-0\" class=\"so-panel widget widget_sow-editor panel-first-child\" data-index=\"9\">\n<div class=\"panel-widget-style panel-widget-style-for-2745-5-0-0\">\n<div class=\"so-widget-sow-editor so-widget-sow-editor-base\">\n<div class=\"siteorigin-widget-tinymce textwidget\">\n<h4>PRINZIP DER FUNKTIONSWEISE:<\/h4>\n<p>  Mit dem Folientester FPG 1.1 k\u00f6nnen Sie den C-Gehalt in Ofenatmosph\u00e4ren direkt durch Folientests bestimmen und angeben.<br \/>\nZus\u00e4tzliche Berechnungen, die den Gewichtsunterschied der Folien widerspiegeln, sind nicht notwendig!<br \/>\nDas Terminal-Display zeigt jeden Schritt deutlich an, so dass das Ger\u00e4t fehlerfrei bedient werden kann.    <\/p><\/div>\n<\/div>\n<\/div>\n<\/div>\n<div id=\"panel-2745-5-0-1\" class=\"so-panel widget widget_sow-editor panel-last-child\" data-index=\"10\">\n<div class=\"panel-widget-style panel-widget-style-for-2745-5-0-1\">\n<div class=\"so-widget-sow-editor so-widget-sow-editor-base\">\n<div class=\"siteorigin-widget-tinymce textwidget\">\n<h4>BESONDERE MERKMALE:<\/h4>\n<ul class=\"list-group\">\n<li class=\"list-group-item\">Schnelle, problemlose Bestimmung des tats\u00e4chlichen Kohlenstoffgehalts in Ofenatmosph\u00e4ren<\/li>\n<li class=\"list-group-item\">Einfache Bedienung, d.h. die Men\u00fcf\u00fchrung ist in den folgenden Sprachen klar beschrieben: Deutsch, Englisch, Italienisch, Franz\u00f6sisch, Spanisch, Portugiesisch und Tschechisch<\/li>\n<li class=\"list-group-item\">Automatische und schnelle Anzeige des Gewichtsanteils von Kohlenstoff in der Ofenatmosph\u00e4re, direkt in %C<\/li>\n<li class=\"list-group-item\">Verschiedene Folien k\u00f6nnen gleichzeitig gepr\u00fcft werden<\/li>\n<li class=\"list-group-item\">Automatische Kalibrierung<\/li>\n<li class=\"list-group-item\">Speicherung von Daten<\/li>\n<li class=\"list-group-item\">Inklusive Zubeh\u00f6r<\/li>\n<\/ul>\n<\/div>\n<\/div>\n<\/div>\n<\/div>\n<\/div>\n<\/div>\n<\/div>\n<\/div>\n<\/div>\n<\/div>\n<\/div>\n<\/div>\n<\/div>\n","protected":false},"excerpt":{"rendered":"<div class=\"et_pb_column et_pb_column_1_2 et_pb_column_0 et_pb_css_mix_blend_mode_passthrough\">\n<div class=\"et_pb_module et_pb_testimonial et_pb_testimonial_0 clearfix et_pb_text_align_left et_pb_bg_layout_light et_pb_icon_off et_pb_testimonial_no_image\">\n<div class=\"et_pb_testimonial_description\">\n<div class=\"et_pb_testimonial_description_inner\">\n<div class=\"et_pb_testimonial_content\">\n<h4 class=\"text-center\"><b>VORTEILE DES FOLIENPR\u00dcFGER\u00c4TS FPG 1.1:<\/b><\/h4>\n<ul>\n<li>Anzahl der vom Benutzer definierten Folien<\/li>\n<li>Schnelle und zuverl\u00e4ssige Messung<\/li>\n<li>Der neue Algorithmus erkennt mechanische Vibrationen und kompensiert sie<\/li>\n<li>Der Benutzer kann zwischen 5 &#8222;Filteralgorithmen&#8220; w\u00e4hlen, um den Folientester in &#8222;Labor- oder rauen Umgebungen&#8220; zu verwenden.<\/li>\n<li>Messgenauigkeit von 0,01[mg]<\/li>\n<li>Die direkte Ank\u00fcndigung in %C und  [mg]<\/li>\n<li>Tragbares Analysesystem<\/li>\n<li>Klartext-Bedienerf\u00fchrung \u00fcber das Display<\/li>\n<li>Folie kann mit oder ohne PC gewichtet werden<\/li>\n<\/ul>\n<\/div>\n<\/div>\n<\/div>\n<\/div>\n<\/div>\n<div class=\"et_pb_column et_pb_column_1_2 et_pb_column_1 et_pb_css_mix_blend_mode_passthrough et-last-child\"><\/div>\n","protected":false},"featured_media":242816,"comment_status":"open","ping_status":"closed","template":"","meta":{"_acf_changed":false,"content-type":""},"product_brand":[],"product_cat":[146],"product_tag":[],"class_list":{"0":"post-243037","1":"product","2":"type-product","3":"status-publish","4":"has-post-thumbnail","6":"product_cat-gas-analysatoren","8":"first","9":"instock","10":"shipping-taxable","11":"product-type-simple"},"acf":[],"yoast_head":"<!-- This site is optimized with the Yoast SEO plugin v27.4 - https:\/\/yoast.com\/product\/yoast-seo-wordpress\/ -->\n<title>FOLIENPR\u00dcFGER\u00c4T FPG 1.1 MIT TERMINAL T400 - www.mesa-international.de<\/title>\n<meta name=\"robots\" content=\"index, follow, max-snippet:-1, max-image-preview:large, max-video-preview:-1\" \/>\n<link rel=\"canonical\" href=\"https:\/\/mesa-international.de\/de\/product\/folienpruefgeraet-fpg-1-1-mit-terminal-t400\/\" \/>\n<meta property=\"og:locale\" content=\"de_DE\" \/>\n<meta property=\"og:type\" content=\"article\" \/>\n<meta property=\"og:title\" content=\"FOLIENPR\u00dcFGER\u00c4T FPG 1.1 MIT TERMINAL T400 - www.mesa-international.de\" \/>\n<meta property=\"og:description\" content=\"VORTEILE DES FOLIENPR\u00dcFGER\u00c4TS FPG 1.1:  Anzahl der vom Benutzer definierten Folien  Schnelle und zuverl\u00e4ssige Messung  Der neue Algorithmus erkennt mechanische Vibrationen und kompensiert sie  Der Benutzer kann zwischen 5 &quot;Filteralgorithmen&quot; w\u00e4hlen, um den Folientester in &quot;Labor- oder rauen Umgebungen&quot; zu verwenden.  Messgenauigkeit von 0,01[mg]  Die direkte Ank\u00fcndigung in %C und [mg]  Tragbares Analysesystem  Klartext-Bedienerf\u00fchrung \u00fcber das Display  Folie kann mit oder ohne PC gewichtet werden\" \/>\n<meta property=\"og:url\" content=\"https:\/\/mesa-international.de\/de\/product\/folienpruefgeraet-fpg-1-1-mit-terminal-t400\/\" \/>\n<meta property=\"og:site_name\" content=\"www.mesa-international.de\" \/>\n<meta property=\"article:modified_time\" content=\"2024-09-18T09:03:34+00:00\" \/>\n<meta property=\"og:image\" content=\"https:\/\/mesa-international.de\/wp-content\/uploads\/2024\/07\/FPG-1.1-300x300-1.webp\" \/>\n\t<meta property=\"og:image:width\" content=\"300\" \/>\n\t<meta property=\"og:image:height\" content=\"300\" \/>\n\t<meta property=\"og:image:type\" content=\"image\/webp\" \/>\n<meta name=\"twitter:card\" content=\"summary_large_image\" \/>\n<meta name=\"twitter:label1\" content=\"Gesch\u00e4tzte Lesezeit\" \/>\n\t<meta name=\"twitter:data1\" content=\"1\u00a0Minute\" \/>\n<script type=\"application\/ld+json\" class=\"yoast-schema-graph\">{\"@context\":\"https:\\\/\\\/schema.org\",\"@graph\":[{\"@type\":\"WebPage\",\"@id\":\"https:\\\/\\\/mesa-international.de\\\/de\\\/product\\\/folienpruefgeraet-fpg-1-1-mit-terminal-t400\\\/\",\"url\":\"https:\\\/\\\/mesa-international.de\\\/de\\\/product\\\/folienpruefgeraet-fpg-1-1-mit-terminal-t400\\\/\",\"name\":\"FOLIENPR\u00dcFGER\u00c4T FPG 1.1 MIT TERMINAL T400 - www.mesa-international.de\",\"isPartOf\":{\"@id\":\"https:\\\/\\\/mesa-international.de\\\/de\\\/#website\"},\"primaryImageOfPage\":{\"@id\":\"https:\\\/\\\/mesa-international.de\\\/de\\\/product\\\/folienpruefgeraet-fpg-1-1-mit-terminal-t400\\\/#primaryimage\"},\"image\":{\"@id\":\"https:\\\/\\\/mesa-international.de\\\/de\\\/product\\\/folienpruefgeraet-fpg-1-1-mit-terminal-t400\\\/#primaryimage\"},\"thumbnailUrl\":\"https:\\\/\\\/mesa-international.de\\\/wp-content\\\/uploads\\\/2024\\\/07\\\/FPG-1.1-300x300-1.webp\",\"datePublished\":\"2024-07-24T22:27:38+00:00\",\"dateModified\":\"2024-09-18T09:03:34+00:00\",\"breadcrumb\":{\"@id\":\"https:\\\/\\\/mesa-international.de\\\/de\\\/product\\\/folienpruefgeraet-fpg-1-1-mit-terminal-t400\\\/#breadcrumb\"},\"inLanguage\":\"de\",\"potentialAction\":[{\"@type\":\"ReadAction\",\"target\":[\"https:\\\/\\\/mesa-international.de\\\/de\\\/product\\\/folienpruefgeraet-fpg-1-1-mit-terminal-t400\\\/\"]}]},{\"@type\":\"ImageObject\",\"inLanguage\":\"de\",\"@id\":\"https:\\\/\\\/mesa-international.de\\\/de\\\/product\\\/folienpruefgeraet-fpg-1-1-mit-terminal-t400\\\/#primaryimage\",\"url\":\"https:\\\/\\\/mesa-international.de\\\/wp-content\\\/uploads\\\/2024\\\/07\\\/FPG-1.1-300x300-1.webp\",\"contentUrl\":\"https:\\\/\\\/mesa-international.de\\\/wp-content\\\/uploads\\\/2024\\\/07\\\/FPG-1.1-300x300-1.webp\",\"width\":300,\"height\":300},{\"@type\":\"BreadcrumbList\",\"@id\":\"https:\\\/\\\/mesa-international.de\\\/de\\\/product\\\/folienpruefgeraet-fpg-1-1-mit-terminal-t400\\\/#breadcrumb\",\"itemListElement\":[{\"@type\":\"ListItem\",\"position\":1,\"name\":\"Shop\",\"item\":\"https:\\\/\\\/mesa-international.de\\\/de\\\/shop\\\/\"},{\"@type\":\"ListItem\",\"position\":2,\"name\":\"FOLIENPR\u00dcFGER\u00c4T FPG 1.1 MIT TERMINAL T400\"}]},{\"@type\":\"WebSite\",\"@id\":\"https:\\\/\\\/mesa-international.de\\\/de\\\/#website\",\"url\":\"https:\\\/\\\/mesa-international.de\\\/de\\\/\",\"name\":\"www.mesa-international.de\",\"description\":\"Mesa Electronics Gmbh\",\"publisher\":{\"@id\":\"https:\\\/\\\/mesa-international.de\\\/de\\\/#organization\"},\"potentialAction\":[{\"@type\":\"SearchAction\",\"target\":{\"@type\":\"EntryPoint\",\"urlTemplate\":\"https:\\\/\\\/mesa-international.de\\\/de\\\/?s={search_term_string}\"},\"query-input\":{\"@type\":\"PropertyValueSpecification\",\"valueRequired\":true,\"valueName\":\"search_term_string\"}}],\"inLanguage\":\"de\"},{\"@type\":\"Organization\",\"@id\":\"https:\\\/\\\/mesa-international.de\\\/de\\\/#organization\",\"name\":\"www.mesa-international.de\",\"url\":\"https:\\\/\\\/mesa-international.de\\\/de\\\/\",\"logo\":{\"@type\":\"ImageObject\",\"inLanguage\":\"de\",\"@id\":\"https:\\\/\\\/mesa-international.de\\\/de\\\/#\\\/schema\\\/logo\\\/image\\\/\",\"url\":\"https:\\\/\\\/mesa-international.de\\\/wp-content\\\/uploads\\\/2022\\\/11\\\/sadsaca.png\",\"contentUrl\":\"https:\\\/\\\/mesa-international.de\\\/wp-content\\\/uploads\\\/2022\\\/11\\\/sadsaca.png\",\"width\":173,\"height\":107,\"caption\":\"www.mesa-international.de\"},\"image\":{\"@id\":\"https:\\\/\\\/mesa-international.de\\\/de\\\/#\\\/schema\\\/logo\\\/image\\\/\"},\"sameAs\":[\"https:\\\/\\\/www.linkedin.com\\\/company\\\/mesa-electronic-gmbh\\\/\"]}]}<\/script>\n<!-- \/ Yoast SEO plugin. -->","yoast_head_json":{"title":"FOLIENPR\u00dcFGER\u00c4T FPG 1.1 MIT TERMINAL T400 - www.mesa-international.de","robots":{"index":"index","follow":"follow","max-snippet":"max-snippet:-1","max-image-preview":"max-image-preview:large","max-video-preview":"max-video-preview:-1"},"canonical":"https:\/\/mesa-international.de\/de\/product\/folienpruefgeraet-fpg-1-1-mit-terminal-t400\/","og_locale":"de_DE","og_type":"article","og_title":"FOLIENPR\u00dcFGER\u00c4T FPG 1.1 MIT TERMINAL T400 - www.mesa-international.de","og_description":"VORTEILE DES FOLIENPR\u00dcFGER\u00c4TS FPG 1.1:  Anzahl der vom Benutzer definierten Folien  Schnelle und zuverl\u00e4ssige Messung  Der neue Algorithmus erkennt mechanische Vibrationen und kompensiert sie  Der Benutzer kann zwischen 5 \"Filteralgorithmen\" w\u00e4hlen, um den Folientester in \"Labor- oder rauen Umgebungen\" zu verwenden.  Messgenauigkeit von 0,01[mg]  Die direkte Ank\u00fcndigung in %C und [mg]  Tragbares Analysesystem  Klartext-Bedienerf\u00fchrung \u00fcber das Display  Folie kann mit oder ohne PC gewichtet werden","og_url":"https:\/\/mesa-international.de\/de\/product\/folienpruefgeraet-fpg-1-1-mit-terminal-t400\/","og_site_name":"www.mesa-international.de","article_modified_time":"2024-09-18T09:03:34+00:00","og_image":[{"width":300,"height":300,"url":"https:\/\/mesa-international.de\/wp-content\/uploads\/2024\/07\/FPG-1.1-300x300-1.webp","type":"image\/webp"}],"twitter_card":"summary_large_image","twitter_misc":{"Gesch\u00e4tzte Lesezeit":"1\u00a0Minute"},"schema":{"@context":"https:\/\/schema.org","@graph":[{"@type":"WebPage","@id":"https:\/\/mesa-international.de\/de\/product\/folienpruefgeraet-fpg-1-1-mit-terminal-t400\/","url":"https:\/\/mesa-international.de\/de\/product\/folienpruefgeraet-fpg-1-1-mit-terminal-t400\/","name":"FOLIENPR\u00dcFGER\u00c4T FPG 1.1 MIT TERMINAL T400 - www.mesa-international.de","isPartOf":{"@id":"https:\/\/mesa-international.de\/de\/#website"},"primaryImageOfPage":{"@id":"https:\/\/mesa-international.de\/de\/product\/folienpruefgeraet-fpg-1-1-mit-terminal-t400\/#primaryimage"},"image":{"@id":"https:\/\/mesa-international.de\/de\/product\/folienpruefgeraet-fpg-1-1-mit-terminal-t400\/#primaryimage"},"thumbnailUrl":"https:\/\/mesa-international.de\/wp-content\/uploads\/2024\/07\/FPG-1.1-300x300-1.webp","datePublished":"2024-07-24T22:27:38+00:00","dateModified":"2024-09-18T09:03:34+00:00","breadcrumb":{"@id":"https:\/\/mesa-international.de\/de\/product\/folienpruefgeraet-fpg-1-1-mit-terminal-t400\/#breadcrumb"},"inLanguage":"de","potentialAction":[{"@type":"ReadAction","target":["https:\/\/mesa-international.de\/de\/product\/folienpruefgeraet-fpg-1-1-mit-terminal-t400\/"]}]},{"@type":"ImageObject","inLanguage":"de","@id":"https:\/\/mesa-international.de\/de\/product\/folienpruefgeraet-fpg-1-1-mit-terminal-t400\/#primaryimage","url":"https:\/\/mesa-international.de\/wp-content\/uploads\/2024\/07\/FPG-1.1-300x300-1.webp","contentUrl":"https:\/\/mesa-international.de\/wp-content\/uploads\/2024\/07\/FPG-1.1-300x300-1.webp","width":300,"height":300},{"@type":"BreadcrumbList","@id":"https:\/\/mesa-international.de\/de\/product\/folienpruefgeraet-fpg-1-1-mit-terminal-t400\/#breadcrumb","itemListElement":[{"@type":"ListItem","position":1,"name":"Shop","item":"https:\/\/mesa-international.de\/de\/shop\/"},{"@type":"ListItem","position":2,"name":"FOLIENPR\u00dcFGER\u00c4T FPG 1.1 MIT TERMINAL T400"}]},{"@type":"WebSite","@id":"https:\/\/mesa-international.de\/de\/#website","url":"https:\/\/mesa-international.de\/de\/","name":"www.mesa-international.de","description":"Mesa Electronics Gmbh","publisher":{"@id":"https:\/\/mesa-international.de\/de\/#organization"},"potentialAction":[{"@type":"SearchAction","target":{"@type":"EntryPoint","urlTemplate":"https:\/\/mesa-international.de\/de\/?s={search_term_string}"},"query-input":{"@type":"PropertyValueSpecification","valueRequired":true,"valueName":"search_term_string"}}],"inLanguage":"de"},{"@type":"Organization","@id":"https:\/\/mesa-international.de\/de\/#organization","name":"www.mesa-international.de","url":"https:\/\/mesa-international.de\/de\/","logo":{"@type":"ImageObject","inLanguage":"de","@id":"https:\/\/mesa-international.de\/de\/#\/schema\/logo\/image\/","url":"https:\/\/mesa-international.de\/wp-content\/uploads\/2022\/11\/sadsaca.png","contentUrl":"https:\/\/mesa-international.de\/wp-content\/uploads\/2022\/11\/sadsaca.png","width":173,"height":107,"caption":"www.mesa-international.de"},"image":{"@id":"https:\/\/mesa-international.de\/de\/#\/schema\/logo\/image\/"},"sameAs":["https:\/\/www.linkedin.com\/company\/mesa-electronic-gmbh\/"]}]}},"_links":{"self":[{"href":"https:\/\/mesa-international.de\/de\/wp-json\/wp\/v2\/product\/243037","targetHints":{"allow":["GET"]}}],"collection":[{"href":"https:\/\/mesa-international.de\/de\/wp-json\/wp\/v2\/product"}],"about":[{"href":"https:\/\/mesa-international.de\/de\/wp-json\/wp\/v2\/types\/product"}],"replies":[{"embeddable":true,"href":"https:\/\/mesa-international.de\/de\/wp-json\/wp\/v2\/comments?post=243037"}],"wp:featuredmedia":[{"embeddable":true,"href":"https:\/\/mesa-international.de\/de\/wp-json\/wp\/v2\/media\/242816"}],"wp:attachment":[{"href":"https:\/\/mesa-international.de\/de\/wp-json\/wp\/v2\/media?parent=243037"}],"wp:term":[{"taxonomy":"product_brand","embeddable":true,"href":"https:\/\/mesa-international.de\/de\/wp-json\/wp\/v2\/product_brand?post=243037"},{"taxonomy":"product_cat","embeddable":true,"href":"https:\/\/mesa-international.de\/de\/wp-json\/wp\/v2\/product_cat?post=243037"},{"taxonomy":"product_tag","embeddable":true,"href":"https:\/\/mesa-international.de\/de\/wp-json\/wp\/v2\/product_tag?post=243037"}],"curies":[{"name":"wp","href":"https:\/\/api.w.org\/{rel}","templated":true}]}}