{"id":243036,"date":"2024-07-25T00:22:13","date_gmt":"2024-07-24T23:22:13","guid":{"rendered":"https:\/\/mesa-international.de\/product\/dewchecker-0-1\/"},"modified":"2024-09-18T10:03:33","modified_gmt":"2024-09-18T09:03:33","slug":"dewchecker-0-1","status":"publish","type":"product","link":"https:\/\/mesa-international.de\/de\/product\/dewchecker-0-1\/","title":{"rendered":"DEWCHECKER 0.1"},"content":{"rendered":"<div class=\"et_pb_row et_pb_row_0 et_pb_gutters4\">\n<div class=\"et_pb_column et_pb_column_1_2 et_pb_column_0 et_pb_css_mix_blend_mode_passthrough\">\n<div class=\"et_pb_module et_pb_testimonial et_pb_testimonial_0 clearfix et_pb_text_align_left et_pb_bg_layout_light et_pb_icon_off et_pb_testimonial_no_image\">\n<div class=\"et_pb_testimonial_description\">\n<div class=\"et_pb_testimonial_description_inner\">\n<div class=\"et_pb_testimonial_content\">\n<h4><b>VORTEILE:  <\/b><\/h4>\n<ul>\n<li>Einfache Handhabung<\/li>\n<li>Hohe Messsicherheit und<\/li>\n<li>Unempfindlichkeit gegen\u00fcber staubhaltigen Gasen<\/li>\n<li>Robuste Konstruktion<\/li>\n<\/ul>\n<\/div>\n<\/div>\n<p><span class=\"et_pb_testimonial_author\">DEWCHECKER 0.1<\/span><\/p>\n<\/div>\n<\/div>\n<\/div>\n<\/div>\n<div class=\"et_pb_row et_pb_row_1\">\n<div class=\"et_pb_column et_pb_column_1_2 et_pb_column_2 et_pb_css_mix_blend_mode_passthrough\">\n<div class=\"et_pb_module et_pb_text et_pb_text_1 et_pb_text_align_left et_pb_bg_layout_light\">\n<div class=\"et_pb_text_inner\">\n<div id=\"panel-2745-2-0-0\" class=\"so-panel widget widget_sow-editor panel-first-child\" data-index=\"3\">\n<div class=\"panel-widget-style panel-widget-style-for-2745-2-0-0\">\n<div class=\"so-widget-sow-editor so-widget-sow-editor-base\">\n<div class=\"siteorigin-widget-tinymce textwidget\">\n<div id=\"pgc-2717-2-0\" class=\"panel-grid-cell\">\n<div id=\"panel-2717-2-0-0\" class=\"so-panel widget widget_sow-editor panel-first-child panel-last-child\" data-index=\"3\">\n<div class=\"panel-widget-style panel-widget-style-for-2717-2-0-0\">\n<div class=\"so-widget-sow-editor so-widget-sow-editor-base\">\n<div class=\"siteorigin-widget-tinymce textwidget\">\n<h4>FEATURES:<\/h4>\n<p>  Das Taupunktmessger\u00e4t Dewchecker 0.1 ist ein tragbares Ger\u00e4t zur Messung des Taupunkts von Gasen.<br \/>\nPer Definition ist der Taupunkt die Temperatur eines K\u00f6rpers, die den Beginn der Kondensation von Wasserdampf auf seiner Oberfl\u00e4che markiert bzw. das Gleichgewicht zwischen kondensierendem und verdampfendem Wasser einstellt.<br \/>\nDie Gasentnahme erfolgt \u00fcber eine Gasentnahmearmatur, die in der hei\u00dfen Zone mit einem keramischen Innenrohr an der Ofenwand angebracht ist.    <\/p><\/div>\n<\/div>\n<\/div>\n<\/div>\n<\/div>\n<div id=\"pgc-2717-2-1\" class=\"panel-grid-cell\">\n<div id=\"panel-2717-2-1-0\" class=\"so-panel widget widget_sow-editor panel-first-child panel-last-child\" data-index=\"4\">\n<div class=\"panel-widget-style panel-widget-style-for-2717-2-1-0\">\n<div class=\"so-widget-sow-editor so-widget-sow-editor-base\">\n<div class=\"siteorigin-widget-tinymce textwidget\">  Dank eines Stahlrohrs von mindestens 150 mm L\u00e4nge, das sich au\u00dferhalb der Ofenwand befindet, wird das Probengas schnell abgek\u00fchlt und mit einer Gastaupunkttemperatur unterhalb der Raumtemperatur durch einen dichten Gasschlauch zur Gaseinlass\u00f6ffnung des Ger\u00e4ts geleitet.<br \/>\nDer Dewchecker 0.1 ist mit einem kapazitiven Online-Sensor ausgestattet, der entsprechend f\u00fcr kontinuierliche Messungen verwendet wird.<br \/>\nDas Messergebnis kann \u00fcber einen universellen Analogausgang oder eine digitale RS-485 \/ RS-422 Schnittstelle weitergeleitet werden.    <\/div>\n<\/div>\n<\/div>\n<\/div>\n<\/div>\n<\/div>\n<\/div>\n<\/div>\n<\/div>\n<\/div>\n<\/div>\n<\/div>\n<\/div>\n","protected":false},"excerpt":{"rendered":"<p>VORTEILE: Einfache Handhabung Hohe Messsicherheit und Unempfindlichkeit gegen\u00fcber staubhaltigen Gasen Robuste Konstruktion DEWCHECKER 0.1 FEATURES: Das Taupunktmessger\u00e4t Dewchecker 0.1 ist ein tragbares Ger\u00e4t zur Messung des Taupunkts von Gasen. Per Definition ist der Taupunkt die Temperatur eines K\u00f6rpers, die den Beginn der Kondensation von Wasserdampf auf seiner Oberfl\u00e4che markiert bzw. [&hellip;]<\/p>\n","protected":false},"featured_media":242826,"comment_status":"open","ping_status":"closed","template":"","meta":{"_acf_changed":false,"content-type":""},"product_brand":[],"product_cat":[146],"product_tag":[],"class_list":{"0":"post-243036","1":"product","2":"type-product","3":"status-publish","4":"has-post-thumbnail","6":"product_cat-gas-analysatoren","8":"first","9":"instock","10":"shipping-taxable","11":"product-type-simple"},"acf":[],"yoast_head":"<!-- This site is optimized with the Yoast SEO plugin v27.4 - https:\/\/yoast.com\/product\/yoast-seo-wordpress\/ -->\n<title>DEWCHECKER 0.1 - www.mesa-international.de<\/title>\n<meta name=\"robots\" content=\"index, follow, max-snippet:-1, max-image-preview:large, max-video-preview:-1\" \/>\n<link rel=\"canonical\" href=\"https:\/\/mesa-international.de\/de\/product\/dewchecker-0-1\/\" \/>\n<meta property=\"og:locale\" content=\"de_DE\" \/>\n<meta property=\"og:type\" content=\"article\" \/>\n<meta property=\"og:title\" content=\"DEWCHECKER 0.1 - www.mesa-international.de\" \/>\n<meta property=\"og:description\" content=\"VORTEILE: Einfache Handhabung Hohe Messsicherheit und Unempfindlichkeit gegen\u00fcber staubhaltigen Gasen Robuste Konstruktion DEWCHECKER 0.1 FEATURES: Das Taupunktmessger\u00e4t Dewchecker 0.1 ist ein tragbares Ger\u00e4t zur Messung des Taupunkts von Gasen. Per Definition ist der Taupunkt die Temperatur eines K\u00f6rpers, die den Beginn der Kondensation von Wasserdampf auf seiner Oberfl\u00e4che markiert bzw. [&hellip;]\" \/>\n<meta property=\"og:url\" content=\"https:\/\/mesa-international.de\/de\/product\/dewchecker-0-1\/\" \/>\n<meta property=\"og:site_name\" content=\"www.mesa-international.de\" \/>\n<meta property=\"article:modified_time\" content=\"2024-09-18T09:03:33+00:00\" \/>\n<meta property=\"og:image\" content=\"https:\/\/mesa-international.de\/wp-content\/uploads\/2024\/07\/Dewchecker-3-3D.png\" \/>\n\t<meta property=\"og:image:width\" content=\"600\" \/>\n\t<meta property=\"og:image:height\" content=\"600\" \/>\n\t<meta property=\"og:image:type\" content=\"image\/png\" \/>\n<meta name=\"twitter:card\" content=\"summary_large_image\" \/>\n<meta name=\"twitter:label1\" content=\"Gesch\u00e4tzte Lesezeit\" \/>\n\t<meta name=\"twitter:data1\" content=\"1\u00a0Minute\" \/>\n<script type=\"application\/ld+json\" class=\"yoast-schema-graph\">{\"@context\":\"https:\\\/\\\/schema.org\",\"@graph\":[{\"@type\":\"WebPage\",\"@id\":\"https:\\\/\\\/mesa-international.de\\\/de\\\/product\\\/dewchecker-0-1\\\/\",\"url\":\"https:\\\/\\\/mesa-international.de\\\/de\\\/product\\\/dewchecker-0-1\\\/\",\"name\":\"DEWCHECKER 0.1 - www.mesa-international.de\",\"isPartOf\":{\"@id\":\"https:\\\/\\\/mesa-international.de\\\/de\\\/#website\"},\"primaryImageOfPage\":{\"@id\":\"https:\\\/\\\/mesa-international.de\\\/de\\\/product\\\/dewchecker-0-1\\\/#primaryimage\"},\"image\":{\"@id\":\"https:\\\/\\\/mesa-international.de\\\/de\\\/product\\\/dewchecker-0-1\\\/#primaryimage\"},\"thumbnailUrl\":\"https:\\\/\\\/mesa-international.de\\\/wp-content\\\/uploads\\\/2024\\\/07\\\/Dewchecker-3-3D.png\",\"datePublished\":\"2024-07-24T23:22:13+00:00\",\"dateModified\":\"2024-09-18T09:03:33+00:00\",\"breadcrumb\":{\"@id\":\"https:\\\/\\\/mesa-international.de\\\/de\\\/product\\\/dewchecker-0-1\\\/#breadcrumb\"},\"inLanguage\":\"de\",\"potentialAction\":[{\"@type\":\"ReadAction\",\"target\":[\"https:\\\/\\\/mesa-international.de\\\/de\\\/product\\\/dewchecker-0-1\\\/\"]}]},{\"@type\":\"ImageObject\",\"inLanguage\":\"de\",\"@id\":\"https:\\\/\\\/mesa-international.de\\\/de\\\/product\\\/dewchecker-0-1\\\/#primaryimage\",\"url\":\"https:\\\/\\\/mesa-international.de\\\/wp-content\\\/uploads\\\/2024\\\/07\\\/Dewchecker-3-3D.png\",\"contentUrl\":\"https:\\\/\\\/mesa-international.de\\\/wp-content\\\/uploads\\\/2024\\\/07\\\/Dewchecker-3-3D.png\",\"width\":600,\"height\":600},{\"@type\":\"BreadcrumbList\",\"@id\":\"https:\\\/\\\/mesa-international.de\\\/de\\\/product\\\/dewchecker-0-1\\\/#breadcrumb\",\"itemListElement\":[{\"@type\":\"ListItem\",\"position\":1,\"name\":\"Shop\",\"item\":\"https:\\\/\\\/mesa-international.de\\\/de\\\/shop\\\/\"},{\"@type\":\"ListItem\",\"position\":2,\"name\":\"DEWCHECKER 0.1\"}]},{\"@type\":\"WebSite\",\"@id\":\"https:\\\/\\\/mesa-international.de\\\/de\\\/#website\",\"url\":\"https:\\\/\\\/mesa-international.de\\\/de\\\/\",\"name\":\"www.mesa-international.de\",\"description\":\"Mesa Electronics Gmbh\",\"publisher\":{\"@id\":\"https:\\\/\\\/mesa-international.de\\\/de\\\/#organization\"},\"potentialAction\":[{\"@type\":\"SearchAction\",\"target\":{\"@type\":\"EntryPoint\",\"urlTemplate\":\"https:\\\/\\\/mesa-international.de\\\/de\\\/?s={search_term_string}\"},\"query-input\":{\"@type\":\"PropertyValueSpecification\",\"valueRequired\":true,\"valueName\":\"search_term_string\"}}],\"inLanguage\":\"de\"},{\"@type\":\"Organization\",\"@id\":\"https:\\\/\\\/mesa-international.de\\\/de\\\/#organization\",\"name\":\"www.mesa-international.de\",\"url\":\"https:\\\/\\\/mesa-international.de\\\/de\\\/\",\"logo\":{\"@type\":\"ImageObject\",\"inLanguage\":\"de\",\"@id\":\"https:\\\/\\\/mesa-international.de\\\/de\\\/#\\\/schema\\\/logo\\\/image\\\/\",\"url\":\"https:\\\/\\\/mesa-international.de\\\/wp-content\\\/uploads\\\/2022\\\/11\\\/sadsaca.png\",\"contentUrl\":\"https:\\\/\\\/mesa-international.de\\\/wp-content\\\/uploads\\\/2022\\\/11\\\/sadsaca.png\",\"width\":173,\"height\":107,\"caption\":\"www.mesa-international.de\"},\"image\":{\"@id\":\"https:\\\/\\\/mesa-international.de\\\/de\\\/#\\\/schema\\\/logo\\\/image\\\/\"},\"sameAs\":[\"https:\\\/\\\/www.linkedin.com\\\/company\\\/mesa-electronic-gmbh\\\/\"]}]}<\/script>\n<!-- \/ Yoast SEO plugin. -->","yoast_head_json":{"title":"DEWCHECKER 0.1 - www.mesa-international.de","robots":{"index":"index","follow":"follow","max-snippet":"max-snippet:-1","max-image-preview":"max-image-preview:large","max-video-preview":"max-video-preview:-1"},"canonical":"https:\/\/mesa-international.de\/de\/product\/dewchecker-0-1\/","og_locale":"de_DE","og_type":"article","og_title":"DEWCHECKER 0.1 - www.mesa-international.de","og_description":"VORTEILE: Einfache Handhabung Hohe Messsicherheit und Unempfindlichkeit gegen\u00fcber staubhaltigen Gasen Robuste Konstruktion DEWCHECKER 0.1 FEATURES: Das Taupunktmessger\u00e4t Dewchecker 0.1 ist ein tragbares Ger\u00e4t zur Messung des Taupunkts von Gasen. Per Definition ist der Taupunkt die Temperatur eines K\u00f6rpers, die den Beginn der Kondensation von Wasserdampf auf seiner Oberfl\u00e4che markiert bzw. [&hellip;]","og_url":"https:\/\/mesa-international.de\/de\/product\/dewchecker-0-1\/","og_site_name":"www.mesa-international.de","article_modified_time":"2024-09-18T09:03:33+00:00","og_image":[{"width":600,"height":600,"url":"https:\/\/mesa-international.de\/wp-content\/uploads\/2024\/07\/Dewchecker-3-3D.png","type":"image\/png"}],"twitter_card":"summary_large_image","twitter_misc":{"Gesch\u00e4tzte Lesezeit":"1\u00a0Minute"},"schema":{"@context":"https:\/\/schema.org","@graph":[{"@type":"WebPage","@id":"https:\/\/mesa-international.de\/de\/product\/dewchecker-0-1\/","url":"https:\/\/mesa-international.de\/de\/product\/dewchecker-0-1\/","name":"DEWCHECKER 0.1 - www.mesa-international.de","isPartOf":{"@id":"https:\/\/mesa-international.de\/de\/#website"},"primaryImageOfPage":{"@id":"https:\/\/mesa-international.de\/de\/product\/dewchecker-0-1\/#primaryimage"},"image":{"@id":"https:\/\/mesa-international.de\/de\/product\/dewchecker-0-1\/#primaryimage"},"thumbnailUrl":"https:\/\/mesa-international.de\/wp-content\/uploads\/2024\/07\/Dewchecker-3-3D.png","datePublished":"2024-07-24T23:22:13+00:00","dateModified":"2024-09-18T09:03:33+00:00","breadcrumb":{"@id":"https:\/\/mesa-international.de\/de\/product\/dewchecker-0-1\/#breadcrumb"},"inLanguage":"de","potentialAction":[{"@type":"ReadAction","target":["https:\/\/mesa-international.de\/de\/product\/dewchecker-0-1\/"]}]},{"@type":"ImageObject","inLanguage":"de","@id":"https:\/\/mesa-international.de\/de\/product\/dewchecker-0-1\/#primaryimage","url":"https:\/\/mesa-international.de\/wp-content\/uploads\/2024\/07\/Dewchecker-3-3D.png","contentUrl":"https:\/\/mesa-international.de\/wp-content\/uploads\/2024\/07\/Dewchecker-3-3D.png","width":600,"height":600},{"@type":"BreadcrumbList","@id":"https:\/\/mesa-international.de\/de\/product\/dewchecker-0-1\/#breadcrumb","itemListElement":[{"@type":"ListItem","position":1,"name":"Shop","item":"https:\/\/mesa-international.de\/de\/shop\/"},{"@type":"ListItem","position":2,"name":"DEWCHECKER 0.1"}]},{"@type":"WebSite","@id":"https:\/\/mesa-international.de\/de\/#website","url":"https:\/\/mesa-international.de\/de\/","name":"www.mesa-international.de","description":"Mesa Electronics Gmbh","publisher":{"@id":"https:\/\/mesa-international.de\/de\/#organization"},"potentialAction":[{"@type":"SearchAction","target":{"@type":"EntryPoint","urlTemplate":"https:\/\/mesa-international.de\/de\/?s={search_term_string}"},"query-input":{"@type":"PropertyValueSpecification","valueRequired":true,"valueName":"search_term_string"}}],"inLanguage":"de"},{"@type":"Organization","@id":"https:\/\/mesa-international.de\/de\/#organization","name":"www.mesa-international.de","url":"https:\/\/mesa-international.de\/de\/","logo":{"@type":"ImageObject","inLanguage":"de","@id":"https:\/\/mesa-international.de\/de\/#\/schema\/logo\/image\/","url":"https:\/\/mesa-international.de\/wp-content\/uploads\/2022\/11\/sadsaca.png","contentUrl":"https:\/\/mesa-international.de\/wp-content\/uploads\/2022\/11\/sadsaca.png","width":173,"height":107,"caption":"www.mesa-international.de"},"image":{"@id":"https:\/\/mesa-international.de\/de\/#\/schema\/logo\/image\/"},"sameAs":["https:\/\/www.linkedin.com\/company\/mesa-electronic-gmbh\/"]}]}},"_links":{"self":[{"href":"https:\/\/mesa-international.de\/de\/wp-json\/wp\/v2\/product\/243036","targetHints":{"allow":["GET"]}}],"collection":[{"href":"https:\/\/mesa-international.de\/de\/wp-json\/wp\/v2\/product"}],"about":[{"href":"https:\/\/mesa-international.de\/de\/wp-json\/wp\/v2\/types\/product"}],"replies":[{"embeddable":true,"href":"https:\/\/mesa-international.de\/de\/wp-json\/wp\/v2\/comments?post=243036"}],"wp:featuredmedia":[{"embeddable":true,"href":"https:\/\/mesa-international.de\/de\/wp-json\/wp\/v2\/media\/242826"}],"wp:attachment":[{"href":"https:\/\/mesa-international.de\/de\/wp-json\/wp\/v2\/media?parent=243036"}],"wp:term":[{"taxonomy":"product_brand","embeddable":true,"href":"https:\/\/mesa-international.de\/de\/wp-json\/wp\/v2\/product_brand?post=243036"},{"taxonomy":"product_cat","embeddable":true,"href":"https:\/\/mesa-international.de\/de\/wp-json\/wp\/v2\/product_cat?post=243036"},{"taxonomy":"product_tag","embeddable":true,"href":"https:\/\/mesa-international.de\/de\/wp-json\/wp\/v2\/product_tag?post=243036"}],"curies":[{"name":"wp","href":"https:\/\/api.w.org\/{rel}","templated":true}]}}