{"id":243035,"date":"2024-07-25T00:38:20","date_gmt":"2024-07-24T23:38:20","guid":{"rendered":"https:\/\/mesa-international.de\/product\/dewchecker-2-1\/"},"modified":"2024-09-18T10:03:29","modified_gmt":"2024-09-18T09:03:29","slug":"dewchecker-2-1","status":"publish","type":"product","link":"https:\/\/mesa-international.de\/de\/product\/dewchecker-2-1\/","title":{"rendered":"DEWCHECKER 2.1"},"content":{"rendered":"<div class=\"et_pb_column et_pb_column_1_2 et_pb_column_2 et_pb_css_mix_blend_mode_passthrough\">\n<div class=\"et_pb_module et_pb_text et_pb_text_1 et_pb_text_align_left et_pb_bg_layout_light\">\n<div class=\"et_pb_text_inner\">\n<div id=\"panel-2745-2-0-0\" class=\"so-panel widget widget_sow-editor panel-first-child\" data-index=\"3\">\n<div class=\"panel-widget-style panel-widget-style-for-2745-2-0-0\">\n<div class=\"so-widget-sow-editor so-widget-sow-editor-base\">\n<div class=\"siteorigin-widget-tinymce textwidget\">\n<div id=\"pgc-2717-2-0\" class=\"panel-grid-cell\">\n<div id=\"panel-2717-2-0-0\" class=\"so-panel widget widget_sow-editor panel-first-child panel-last-child\" data-index=\"3\">\n<div class=\"panel-widget-style panel-widget-style-for-2717-2-0-0\">\n<div class=\"so-widget-sow-editor so-widget-sow-editor-base\">\n<div class=\"siteorigin-widget-tinymce textwidget\">\n<div id=\"pgc-2736-2-0\" class=\"panel-grid-cell\">\n<div id=\"panel-2736-2-0-0\" class=\"so-panel widget widget_sow-editor panel-first-child panel-last-child\" data-index=\"3\">\n<div class=\"panel-widget-style panel-widget-style-for-2736-2-0-0\">\n<div class=\"so-widget-sow-editor so-widget-sow-editor-base\">\n<div class=\"siteorigin-widget-tinymce textwidget\">\n<h4>FEATURES:<\/h4>\n<div class=\"page\" title=\"Seite 1\">\n<div class=\"section\">\n<div class=\"layoutArea\">\n<div class=\"column\">\n<div class=\"page\" title=\"Seite 1\">\n<div class=\"section\">\n<div class=\"layoutArea\">\n<div class=\"column\">\n<div class=\"page\" title=\"Seite 1\">\n<div class=\"section\">\n<div class=\"layoutArea\">\n<div class=\"column\">  Die Taupunktmessung Dewchecker 2.1 ist ein tragbares Ger\u00e4t zur Messung des Taupunkts von Gasen.<br \/>\nPer Definition ist der Taupunkt die Temperatur eines K\u00f6rpers, die den Beginn der Kondensation von Wasserdampf auf seiner Oberfl\u00e4che markiert bzw. das Gleichgewicht zwischen kondensierendem und verdampfendem Wasser einstellt.<br \/>\nDie H\u00f6he des Taupunkts h\u00e4ngt von der Feuchte des Messgases ab.<br \/>\nDie Messung im Inneren des Ger\u00e4ts basiert auf einem gek\u00fchlten Spiegel, auf dem die Kondensatbildung sichtbar wird.<br \/>\nDurch die direkte Messung der Taupunkttemperatur ist die Messung genau und langzeitstabil.<br \/>\nDas Ger\u00e4t selbst ist sehr wartungsarm.<br \/>\nDer Haupteinsatzbereich des Ger\u00e4tes ist die Taupunktmessung von Gasatmosph\u00e4ren in W\u00e4rmebehandlungsanlagen und Gasgeneratoren.        <\/div>\n<\/div>\n<\/div>\n<\/div>\n<\/div>\n<\/div>\n<\/div>\n<\/div>\n<\/div>\n<\/div>\n<\/div>\n<\/div>\n<\/div>\n<\/div>\n<\/div>\n<\/div>\n<\/div>\n<div id=\"pgc-2736-2-1\" class=\"panel-grid-cell\">\n<div id=\"panel-2736-2-1-0\" class=\"so-panel widget widget_sow-editor panel-first-child panel-last-child\" data-index=\"4\">\n<div class=\"panel-widget-style panel-widget-style-for-2736-2-1-0\">\n<div class=\"so-widget-sow-editor so-widget-sow-editor-base\">\n<div class=\"siteorigin-widget-tinymce textwidget\">\n<div class=\"page\" title=\"Seite 1\">\n<div class=\"section\">\n<div class=\"layoutArea\">\n<div class=\"column\">\n<div class=\"page\" title=\"Seite 1\">\n<div class=\"section\">\n<div class=\"layoutArea\">\n<div class=\"column\">  Der Dewchecker 2.1 ist mit einem zus\u00e4tzlichen kapazitiven Online-Sensor ausgestattet, der entsprechend f\u00fcr kontinuierliche Messungen verwendet wird.<br \/>\nDas Messergebnis kann \u00fcber einen universellen Analogausgang oder eine digitale RS-485 \/ RS- 422 Schnittstelle weitergeleitet werden.<br \/>\nDie Spiegeltemperatur kann manuell \u00fcber die Tasten +\/- auf der Vorderseite pr\u00e4zise eingestellt werden.<br \/>\nDas Ger\u00e4t ist als Version mit 230 V oder 115 V Versorgungsspannung erh\u00e4ltlich.     <\/div>\n<\/div>\n<\/div>\n<\/div>\n<\/div>\n<\/div>\n<\/div>\n<\/div>\n<\/div>\n<\/div>\n<\/div>\n<\/div>\n<\/div>\n<\/div>\n<\/div>\n<\/div>\n<\/div>\n<\/div>\n<\/div>\n<\/div>\n<\/div>\n<\/div>\n<\/div>\n<\/div>\n<\/div>\n","protected":false},"excerpt":{"rendered":"<div class=\"et_pb_testimonial_description_inner\">\n<div class=\"et_pb_testimonial_content\">\n<h4><b>VORTEILE:  <\/b><\/h4>\n<ul>\n<li>Einfache Handhabung<\/li>\n<li>Hohe Messsicherheit und Genauigkeit<\/li>\n<li>Unempfindlichkeit gegen\u00fcber staubhaltigen und korrosiven Gasen<\/li>\n<li>Robuste Konstruktion<\/li>\n<li>Sichere Bestimmung des Taupunkts durch Festhalten der Temperatur und Feineinstellung von +\/- 0,2\u00b0C in Schritten von +\/-0,2\u00b0C<\/li>\n<\/ul>\n<\/div>\n<\/div>\n","protected":false},"featured_media":242831,"comment_status":"open","ping_status":"closed","template":"","meta":{"_acf_changed":false,"content-type":""},"product_brand":[],"product_cat":[146],"product_tag":[],"class_list":{"0":"post-243035","1":"product","2":"type-product","3":"status-publish","4":"has-post-thumbnail","6":"product_cat-gas-analysatoren","8":"first","9":"instock","10":"shipping-taxable","11":"product-type-simple"},"acf":[],"yoast_head":"<!-- This site is optimized with the Yoast SEO plugin v27.3 - https:\/\/yoast.com\/product\/yoast-seo-wordpress\/ -->\n<title>DEWCHECKER 2.1 - www.mesa-international.de<\/title>\n<meta name=\"robots\" content=\"index, follow, max-snippet:-1, max-image-preview:large, max-video-preview:-1\" \/>\n<link rel=\"canonical\" href=\"https:\/\/mesa-international.de\/de\/product\/dewchecker-2-1\/\" \/>\n<meta property=\"og:locale\" content=\"de_DE\" \/>\n<meta property=\"og:type\" content=\"article\" \/>\n<meta property=\"og:title\" content=\"DEWCHECKER 2.1 - www.mesa-international.de\" \/>\n<meta property=\"og:description\" content=\"VORTEILE:   Einfache Handhabung  Hohe Messsicherheit und Genauigkeit  Unempfindlichkeit gegen\u00fcber staubhaltigen und korrosiven Gasen  Robuste Konstruktion  Sichere Bestimmung des Taupunkts durch Festhalten der Temperatur und Feineinstellung von +\/- 0,2\u00b0C in Schritten von +\/-0,2\u00b0C\" \/>\n<meta property=\"og:url\" content=\"https:\/\/mesa-international.de\/de\/product\/dewchecker-2-1\/\" \/>\n<meta property=\"og:site_name\" content=\"www.mesa-international.de\" \/>\n<meta property=\"article:modified_time\" content=\"2024-09-18T09:03:29+00:00\" \/>\n<meta property=\"og:image\" content=\"https:\/\/mesa-international.de\/wp-content\/uploads\/2024\/07\/Dewchecker-2-1.png\" \/>\n\t<meta property=\"og:image:width\" content=\"600\" \/>\n\t<meta property=\"og:image:height\" content=\"600\" \/>\n\t<meta property=\"og:image:type\" content=\"image\/png\" \/>\n<meta name=\"twitter:card\" content=\"summary_large_image\" \/>\n<meta name=\"twitter:label1\" content=\"Gesch\u00e4tzte Lesezeit\" \/>\n\t<meta name=\"twitter:data1\" content=\"1\u00a0Minute\" \/>\n<script type=\"application\/ld+json\" class=\"yoast-schema-graph\">{\"@context\":\"https:\\\/\\\/schema.org\",\"@graph\":[{\"@type\":\"WebPage\",\"@id\":\"https:\\\/\\\/mesa-international.de\\\/de\\\/product\\\/dewchecker-2-1\\\/\",\"url\":\"https:\\\/\\\/mesa-international.de\\\/de\\\/product\\\/dewchecker-2-1\\\/\",\"name\":\"DEWCHECKER 2.1 - www.mesa-international.de\",\"isPartOf\":{\"@id\":\"https:\\\/\\\/mesa-international.de\\\/de\\\/#website\"},\"primaryImageOfPage\":{\"@id\":\"https:\\\/\\\/mesa-international.de\\\/de\\\/product\\\/dewchecker-2-1\\\/#primaryimage\"},\"image\":{\"@id\":\"https:\\\/\\\/mesa-international.de\\\/de\\\/product\\\/dewchecker-2-1\\\/#primaryimage\"},\"thumbnailUrl\":\"https:\\\/\\\/mesa-international.de\\\/wp-content\\\/uploads\\\/2024\\\/07\\\/Dewchecker-2-1.png\",\"datePublished\":\"2024-07-24T23:38:20+00:00\",\"dateModified\":\"2024-09-18T09:03:29+00:00\",\"breadcrumb\":{\"@id\":\"https:\\\/\\\/mesa-international.de\\\/de\\\/product\\\/dewchecker-2-1\\\/#breadcrumb\"},\"inLanguage\":\"de\",\"potentialAction\":[{\"@type\":\"ReadAction\",\"target\":[\"https:\\\/\\\/mesa-international.de\\\/de\\\/product\\\/dewchecker-2-1\\\/\"]}]},{\"@type\":\"ImageObject\",\"inLanguage\":\"de\",\"@id\":\"https:\\\/\\\/mesa-international.de\\\/de\\\/product\\\/dewchecker-2-1\\\/#primaryimage\",\"url\":\"https:\\\/\\\/mesa-international.de\\\/wp-content\\\/uploads\\\/2024\\\/07\\\/Dewchecker-2-1.png\",\"contentUrl\":\"https:\\\/\\\/mesa-international.de\\\/wp-content\\\/uploads\\\/2024\\\/07\\\/Dewchecker-2-1.png\",\"width\":600,\"height\":600},{\"@type\":\"BreadcrumbList\",\"@id\":\"https:\\\/\\\/mesa-international.de\\\/de\\\/product\\\/dewchecker-2-1\\\/#breadcrumb\",\"itemListElement\":[{\"@type\":\"ListItem\",\"position\":1,\"name\":\"Shop\",\"item\":\"https:\\\/\\\/mesa-international.de\\\/de\\\/shop\\\/\"},{\"@type\":\"ListItem\",\"position\":2,\"name\":\"DEWCHECKER 2.1\"}]},{\"@type\":\"WebSite\",\"@id\":\"https:\\\/\\\/mesa-international.de\\\/de\\\/#website\",\"url\":\"https:\\\/\\\/mesa-international.de\\\/de\\\/\",\"name\":\"www.mesa-international.de\",\"description\":\"Mesa Electronics Gmbh\",\"publisher\":{\"@id\":\"https:\\\/\\\/mesa-international.de\\\/de\\\/#organization\"},\"potentialAction\":[{\"@type\":\"SearchAction\",\"target\":{\"@type\":\"EntryPoint\",\"urlTemplate\":\"https:\\\/\\\/mesa-international.de\\\/de\\\/?s={search_term_string}\"},\"query-input\":{\"@type\":\"PropertyValueSpecification\",\"valueRequired\":true,\"valueName\":\"search_term_string\"}}],\"inLanguage\":\"de\"},{\"@type\":\"Organization\",\"@id\":\"https:\\\/\\\/mesa-international.de\\\/de\\\/#organization\",\"name\":\"www.mesa-international.de\",\"url\":\"https:\\\/\\\/mesa-international.de\\\/de\\\/\",\"logo\":{\"@type\":\"ImageObject\",\"inLanguage\":\"de\",\"@id\":\"https:\\\/\\\/mesa-international.de\\\/de\\\/#\\\/schema\\\/logo\\\/image\\\/\",\"url\":\"https:\\\/\\\/mesa-international.de\\\/wp-content\\\/uploads\\\/2022\\\/11\\\/sadsaca.png\",\"contentUrl\":\"https:\\\/\\\/mesa-international.de\\\/wp-content\\\/uploads\\\/2022\\\/11\\\/sadsaca.png\",\"width\":173,\"height\":107,\"caption\":\"www.mesa-international.de\"},\"image\":{\"@id\":\"https:\\\/\\\/mesa-international.de\\\/de\\\/#\\\/schema\\\/logo\\\/image\\\/\"},\"sameAs\":[\"https:\\\/\\\/www.linkedin.com\\\/company\\\/mesa-electronic-gmbh\\\/\"]}]}<\/script>\n<!-- \/ Yoast SEO plugin. -->","yoast_head_json":{"title":"DEWCHECKER 2.1 - www.mesa-international.de","robots":{"index":"index","follow":"follow","max-snippet":"max-snippet:-1","max-image-preview":"max-image-preview:large","max-video-preview":"max-video-preview:-1"},"canonical":"https:\/\/mesa-international.de\/de\/product\/dewchecker-2-1\/","og_locale":"de_DE","og_type":"article","og_title":"DEWCHECKER 2.1 - www.mesa-international.de","og_description":"VORTEILE:   Einfache Handhabung  Hohe Messsicherheit und Genauigkeit  Unempfindlichkeit gegen\u00fcber staubhaltigen und korrosiven Gasen  Robuste Konstruktion  Sichere Bestimmung des Taupunkts durch Festhalten der Temperatur und Feineinstellung von +\/- 0,2\u00b0C in Schritten von +\/-0,2\u00b0C","og_url":"https:\/\/mesa-international.de\/de\/product\/dewchecker-2-1\/","og_site_name":"www.mesa-international.de","article_modified_time":"2024-09-18T09:03:29+00:00","og_image":[{"width":600,"height":600,"url":"https:\/\/mesa-international.de\/wp-content\/uploads\/2024\/07\/Dewchecker-2-1.png","type":"image\/png"}],"twitter_card":"summary_large_image","twitter_misc":{"Gesch\u00e4tzte Lesezeit":"1\u00a0Minute"},"schema":{"@context":"https:\/\/schema.org","@graph":[{"@type":"WebPage","@id":"https:\/\/mesa-international.de\/de\/product\/dewchecker-2-1\/","url":"https:\/\/mesa-international.de\/de\/product\/dewchecker-2-1\/","name":"DEWCHECKER 2.1 - www.mesa-international.de","isPartOf":{"@id":"https:\/\/mesa-international.de\/de\/#website"},"primaryImageOfPage":{"@id":"https:\/\/mesa-international.de\/de\/product\/dewchecker-2-1\/#primaryimage"},"image":{"@id":"https:\/\/mesa-international.de\/de\/product\/dewchecker-2-1\/#primaryimage"},"thumbnailUrl":"https:\/\/mesa-international.de\/wp-content\/uploads\/2024\/07\/Dewchecker-2-1.png","datePublished":"2024-07-24T23:38:20+00:00","dateModified":"2024-09-18T09:03:29+00:00","breadcrumb":{"@id":"https:\/\/mesa-international.de\/de\/product\/dewchecker-2-1\/#breadcrumb"},"inLanguage":"de","potentialAction":[{"@type":"ReadAction","target":["https:\/\/mesa-international.de\/de\/product\/dewchecker-2-1\/"]}]},{"@type":"ImageObject","inLanguage":"de","@id":"https:\/\/mesa-international.de\/de\/product\/dewchecker-2-1\/#primaryimage","url":"https:\/\/mesa-international.de\/wp-content\/uploads\/2024\/07\/Dewchecker-2-1.png","contentUrl":"https:\/\/mesa-international.de\/wp-content\/uploads\/2024\/07\/Dewchecker-2-1.png","width":600,"height":600},{"@type":"BreadcrumbList","@id":"https:\/\/mesa-international.de\/de\/product\/dewchecker-2-1\/#breadcrumb","itemListElement":[{"@type":"ListItem","position":1,"name":"Shop","item":"https:\/\/mesa-international.de\/de\/shop\/"},{"@type":"ListItem","position":2,"name":"DEWCHECKER 2.1"}]},{"@type":"WebSite","@id":"https:\/\/mesa-international.de\/de\/#website","url":"https:\/\/mesa-international.de\/de\/","name":"www.mesa-international.de","description":"Mesa Electronics Gmbh","publisher":{"@id":"https:\/\/mesa-international.de\/de\/#organization"},"potentialAction":[{"@type":"SearchAction","target":{"@type":"EntryPoint","urlTemplate":"https:\/\/mesa-international.de\/de\/?s={search_term_string}"},"query-input":{"@type":"PropertyValueSpecification","valueRequired":true,"valueName":"search_term_string"}}],"inLanguage":"de"},{"@type":"Organization","@id":"https:\/\/mesa-international.de\/de\/#organization","name":"www.mesa-international.de","url":"https:\/\/mesa-international.de\/de\/","logo":{"@type":"ImageObject","inLanguage":"de","@id":"https:\/\/mesa-international.de\/de\/#\/schema\/logo\/image\/","url":"https:\/\/mesa-international.de\/wp-content\/uploads\/2022\/11\/sadsaca.png","contentUrl":"https:\/\/mesa-international.de\/wp-content\/uploads\/2022\/11\/sadsaca.png","width":173,"height":107,"caption":"www.mesa-international.de"},"image":{"@id":"https:\/\/mesa-international.de\/de\/#\/schema\/logo\/image\/"},"sameAs":["https:\/\/www.linkedin.com\/company\/mesa-electronic-gmbh\/"]}]}},"_links":{"self":[{"href":"https:\/\/mesa-international.de\/de\/wp-json\/wp\/v2\/product\/243035","targetHints":{"allow":["GET"]}}],"collection":[{"href":"https:\/\/mesa-international.de\/de\/wp-json\/wp\/v2\/product"}],"about":[{"href":"https:\/\/mesa-international.de\/de\/wp-json\/wp\/v2\/types\/product"}],"replies":[{"embeddable":true,"href":"https:\/\/mesa-international.de\/de\/wp-json\/wp\/v2\/comments?post=243035"}],"wp:featuredmedia":[{"embeddable":true,"href":"https:\/\/mesa-international.de\/de\/wp-json\/wp\/v2\/media\/242831"}],"wp:attachment":[{"href":"https:\/\/mesa-international.de\/de\/wp-json\/wp\/v2\/media?parent=243035"}],"wp:term":[{"taxonomy":"product_brand","embeddable":true,"href":"https:\/\/mesa-international.de\/de\/wp-json\/wp\/v2\/product_brand?post=243035"},{"taxonomy":"product_cat","embeddable":true,"href":"https:\/\/mesa-international.de\/de\/wp-json\/wp\/v2\/product_cat?post=243035"},{"taxonomy":"product_tag","embeddable":true,"href":"https:\/\/mesa-international.de\/de\/wp-json\/wp\/v2\/product_tag?post=243035"}],"curies":[{"name":"wp","href":"https:\/\/api.w.org\/{rel}","templated":true}]}}