{"id":243031,"date":"2024-07-25T12:28:48","date_gmt":"2024-07-25T11:28:48","guid":{"rendered":"https:\/\/mesa-international.de\/product\/t400\/"},"modified":"2024-09-18T10:03:28","modified_gmt":"2024-09-18T09:03:28","slug":"t400","status":"publish","type":"product","link":"https:\/\/mesa-international.de\/de\/product\/t400\/","title":{"rendered":"T400"},"content":{"rendered":"<div id=\"panel-2887-2-0-0\" class=\"so-panel widget widget_sow-editor panel-first-child\" data-index=\"3\">\n<div class=\"panel-widget-style panel-widget-style-for-2887-2-0-0\">\n<div class=\"so-widget-sow-editor so-widget-sow-editor-base\">\n<div class=\"siteorigin-widget-tinymce textwidget\">\n<h4>FUNKTIONSPRINZIP<\/h4>\n<p>&nbsp;  Mit dem Folientester FPG 1.1 k\u00f6nnen Sie den C-Gehalt in Ofenatmosph\u00e4ren direkt durch Folientests bestimmen und angeben.<br \/>\nZus\u00e4tzliche Berechnungen, die den Gewichtsunterschied der Folien widerspiegeln, sind nicht notwendig!<br \/>\nDas Terminal-Display zeigt jeden Schritt deutlich an, so dass das Ger\u00e4t fehlerfrei bedient werden kann.    &nbsp;<\/p>\n<\/div>\n<\/div>\n<\/div>\n<\/div>\n<div id=\"panel-2887-2-0-1\" class=\"so-panel widget widget_sow-editor panel-last-child\" data-index=\"4\">\n<div class=\"panel-widget-style panel-widget-style-for-2887-2-0-1\">\n<div class=\"so-widget-sow-editor so-widget-sow-editor-base\">\n<div class=\"siteorigin-widget-tinymce textwidget\">\n<h4>BESONDERE MERKMALE<\/h4>\n<p>&nbsp;<\/p>\n<ul class=\"list-group\">\n<li class=\"list-group-item\">Schnelle, problemlose Bestimmung des tats\u00e4chlichen Kohlenstoffgehalts in Ofenatmosph\u00e4ren<\/li>\n<li class=\"list-group-item\">Einfache Bedienung, d.h. die Men\u00fcf\u00fchrung ist in den folgenden Sprachen klar beschrieben: Deutsch, Englisch, Italienisch, Franz\u00f6sisch, Spanisch, Portugiesisch und Tschechisch<\/li>\n<li class=\"list-group-item\">Automatische und schnelle Anzeige des Gewichtsanteils von Kohlenstoff in der Ofenatmosph\u00e4re, direkt in %C<\/li>\n<li class=\"list-group-item\">Verschiedene Folien k\u00f6nnen gleichzeitig gepr\u00fcft werden<\/li>\n<li class=\"list-group-item\">Automatische Kalibrierung<\/li>\n<li class=\"list-group-item\">Speicherung von Daten<\/li>\n<li class=\"list-group-item\">Inklusive Zubeh\u00f6r<\/li>\n<\/ul>\n<\/div>\n<\/div>\n<\/div>\n<\/div>\n","protected":false},"excerpt":{"rendered":"<div class=\"et_pb_testimonial_description_inner\">\n<div class=\"et_pb_testimonial_content\">\n<h4 class=\"text-center\"><b>VORTEILE:  <\/b><\/h4>\n<ul>\n<li>Speicherung der Messungen im internen EEPROM<\/li>\n<li>USB-Schnittstelle.<br \/>\nAlle Messwerte, einschlie\u00dflich Ofenname, Datum und Uhrzeit, k\u00f6nnen auf den USB-Stick \u00fcbertragen werden <\/li>\n<li>Die Auswertung und Verarbeitung der Daten ist \u00fcber die mitgelieferte Software &#8222;Foil Test View&#8220; m\u00f6glich.<\/li>\n<li>Gro\u00dfes Display mit 4 Zeilen und 16 Zeichen<\/li>\n<li>Dokumentation gem\u00e4\u00df ISO9001 m\u00f6glich<\/li>\n<\/ul>\n<\/div>\n<\/div>\n","protected":false},"featured_media":242917,"comment_status":"open","ping_status":"closed","template":"","meta":{"_acf_changed":false,"content-type":""},"product_brand":[],"product_cat":[142],"product_tag":[],"class_list":{"0":"post-243031","1":"product","2":"type-product","3":"status-publish","4":"has-post-thumbnail","6":"product_cat-folienprufer","8":"first","9":"instock","10":"shipping-taxable","11":"product-type-simple"},"acf":[],"yoast_head":"<!-- This site is optimized with the Yoast SEO plugin v27.4 - https:\/\/yoast.com\/product\/yoast-seo-wordpress\/ -->\n<title>T400 - www.mesa-international.de<\/title>\n<meta name=\"robots\" content=\"index, follow, max-snippet:-1, max-image-preview:large, max-video-preview:-1\" \/>\n<link rel=\"canonical\" href=\"https:\/\/mesa-international.de\/de\/product\/t400\/\" \/>\n<meta property=\"og:locale\" content=\"de_DE\" \/>\n<meta property=\"og:type\" content=\"article\" \/>\n<meta property=\"og:title\" content=\"T400 - www.mesa-international.de\" \/>\n<meta property=\"og:description\" content=\"VORTEILE:   Speicherung der Messungen im internen EEPROM  USB-Schnittstelle. Alle Messwerte, einschlie\u00dflich Ofenname, Datum und Uhrzeit, k\u00f6nnen auf den USB-Stick \u00fcbertragen werden  Die Auswertung und Verarbeitung der Daten ist \u00fcber die mitgelieferte Software &quot;Foil Test View&quot; m\u00f6glich.  Gro\u00dfes Display mit 4 Zeilen und 16 Zeichen  Dokumentation gem\u00e4\u00df ISO9001 m\u00f6glich\" \/>\n<meta property=\"og:url\" content=\"https:\/\/mesa-international.de\/de\/product\/t400\/\" \/>\n<meta property=\"og:site_name\" content=\"www.mesa-international.de\" \/>\n<meta property=\"article:modified_time\" content=\"2024-09-18T09:03:28+00:00\" \/>\n<meta property=\"og:image\" content=\"https:\/\/mesa-international.de\/wp-content\/uploads\/2024\/07\/20.jpg\" \/>\n\t<meta property=\"og:image:width\" content=\"842\" \/>\n\t<meta property=\"og:image:height\" content=\"998\" \/>\n\t<meta property=\"og:image:type\" content=\"image\/jpeg\" \/>\n<meta name=\"twitter:card\" content=\"summary_large_image\" \/>\n<meta name=\"twitter:label1\" content=\"Gesch\u00e4tzte Lesezeit\" \/>\n\t<meta name=\"twitter:data1\" content=\"1\u00a0Minute\" \/>\n<script type=\"application\/ld+json\" class=\"yoast-schema-graph\">{\"@context\":\"https:\\\/\\\/schema.org\",\"@graph\":[{\"@type\":\"WebPage\",\"@id\":\"https:\\\/\\\/mesa-international.de\\\/de\\\/product\\\/t400\\\/\",\"url\":\"https:\\\/\\\/mesa-international.de\\\/de\\\/product\\\/t400\\\/\",\"name\":\"T400 - www.mesa-international.de\",\"isPartOf\":{\"@id\":\"https:\\\/\\\/mesa-international.de\\\/de\\\/#website\"},\"primaryImageOfPage\":{\"@id\":\"https:\\\/\\\/mesa-international.de\\\/de\\\/product\\\/t400\\\/#primaryimage\"},\"image\":{\"@id\":\"https:\\\/\\\/mesa-international.de\\\/de\\\/product\\\/t400\\\/#primaryimage\"},\"thumbnailUrl\":\"https:\\\/\\\/mesa-international.de\\\/wp-content\\\/uploads\\\/2024\\\/07\\\/20.jpg\",\"datePublished\":\"2024-07-25T11:28:48+00:00\",\"dateModified\":\"2024-09-18T09:03:28+00:00\",\"breadcrumb\":{\"@id\":\"https:\\\/\\\/mesa-international.de\\\/de\\\/product\\\/t400\\\/#breadcrumb\"},\"inLanguage\":\"de\",\"potentialAction\":[{\"@type\":\"ReadAction\",\"target\":[\"https:\\\/\\\/mesa-international.de\\\/de\\\/product\\\/t400\\\/\"]}]},{\"@type\":\"ImageObject\",\"inLanguage\":\"de\",\"@id\":\"https:\\\/\\\/mesa-international.de\\\/de\\\/product\\\/t400\\\/#primaryimage\",\"url\":\"https:\\\/\\\/mesa-international.de\\\/wp-content\\\/uploads\\\/2024\\\/07\\\/20.jpg\",\"contentUrl\":\"https:\\\/\\\/mesa-international.de\\\/wp-content\\\/uploads\\\/2024\\\/07\\\/20.jpg\",\"width\":842,\"height\":998},{\"@type\":\"BreadcrumbList\",\"@id\":\"https:\\\/\\\/mesa-international.de\\\/de\\\/product\\\/t400\\\/#breadcrumb\",\"itemListElement\":[{\"@type\":\"ListItem\",\"position\":1,\"name\":\"Shop\",\"item\":\"https:\\\/\\\/mesa-international.de\\\/de\\\/shop\\\/\"},{\"@type\":\"ListItem\",\"position\":2,\"name\":\"T400\"}]},{\"@type\":\"WebSite\",\"@id\":\"https:\\\/\\\/mesa-international.de\\\/de\\\/#website\",\"url\":\"https:\\\/\\\/mesa-international.de\\\/de\\\/\",\"name\":\"www.mesa-international.de\",\"description\":\"Mesa Electronics Gmbh\",\"publisher\":{\"@id\":\"https:\\\/\\\/mesa-international.de\\\/de\\\/#organization\"},\"potentialAction\":[{\"@type\":\"SearchAction\",\"target\":{\"@type\":\"EntryPoint\",\"urlTemplate\":\"https:\\\/\\\/mesa-international.de\\\/de\\\/?s={search_term_string}\"},\"query-input\":{\"@type\":\"PropertyValueSpecification\",\"valueRequired\":true,\"valueName\":\"search_term_string\"}}],\"inLanguage\":\"de\"},{\"@type\":\"Organization\",\"@id\":\"https:\\\/\\\/mesa-international.de\\\/de\\\/#organization\",\"name\":\"www.mesa-international.de\",\"url\":\"https:\\\/\\\/mesa-international.de\\\/de\\\/\",\"logo\":{\"@type\":\"ImageObject\",\"inLanguage\":\"de\",\"@id\":\"https:\\\/\\\/mesa-international.de\\\/de\\\/#\\\/schema\\\/logo\\\/image\\\/\",\"url\":\"https:\\\/\\\/mesa-international.de\\\/wp-content\\\/uploads\\\/2022\\\/11\\\/sadsaca.png\",\"contentUrl\":\"https:\\\/\\\/mesa-international.de\\\/wp-content\\\/uploads\\\/2022\\\/11\\\/sadsaca.png\",\"width\":173,\"height\":107,\"caption\":\"www.mesa-international.de\"},\"image\":{\"@id\":\"https:\\\/\\\/mesa-international.de\\\/de\\\/#\\\/schema\\\/logo\\\/image\\\/\"},\"sameAs\":[\"https:\\\/\\\/www.linkedin.com\\\/company\\\/mesa-electronic-gmbh\\\/\"]}]}<\/script>\n<!-- \/ Yoast SEO plugin. -->","yoast_head_json":{"title":"T400 - www.mesa-international.de","robots":{"index":"index","follow":"follow","max-snippet":"max-snippet:-1","max-image-preview":"max-image-preview:large","max-video-preview":"max-video-preview:-1"},"canonical":"https:\/\/mesa-international.de\/de\/product\/t400\/","og_locale":"de_DE","og_type":"article","og_title":"T400 - www.mesa-international.de","og_description":"VORTEILE:   Speicherung der Messungen im internen EEPROM  USB-Schnittstelle. Alle Messwerte, einschlie\u00dflich Ofenname, Datum und Uhrzeit, k\u00f6nnen auf den USB-Stick \u00fcbertragen werden  Die Auswertung und Verarbeitung der Daten ist \u00fcber die mitgelieferte Software \"Foil Test View\" m\u00f6glich.  Gro\u00dfes Display mit 4 Zeilen und 16 Zeichen  Dokumentation gem\u00e4\u00df ISO9001 m\u00f6glich","og_url":"https:\/\/mesa-international.de\/de\/product\/t400\/","og_site_name":"www.mesa-international.de","article_modified_time":"2024-09-18T09:03:28+00:00","og_image":[{"width":842,"height":998,"url":"https:\/\/mesa-international.de\/wp-content\/uploads\/2024\/07\/20.jpg","type":"image\/jpeg"}],"twitter_card":"summary_large_image","twitter_misc":{"Gesch\u00e4tzte Lesezeit":"1\u00a0Minute"},"schema":{"@context":"https:\/\/schema.org","@graph":[{"@type":"WebPage","@id":"https:\/\/mesa-international.de\/de\/product\/t400\/","url":"https:\/\/mesa-international.de\/de\/product\/t400\/","name":"T400 - www.mesa-international.de","isPartOf":{"@id":"https:\/\/mesa-international.de\/de\/#website"},"primaryImageOfPage":{"@id":"https:\/\/mesa-international.de\/de\/product\/t400\/#primaryimage"},"image":{"@id":"https:\/\/mesa-international.de\/de\/product\/t400\/#primaryimage"},"thumbnailUrl":"https:\/\/mesa-international.de\/wp-content\/uploads\/2024\/07\/20.jpg","datePublished":"2024-07-25T11:28:48+00:00","dateModified":"2024-09-18T09:03:28+00:00","breadcrumb":{"@id":"https:\/\/mesa-international.de\/de\/product\/t400\/#breadcrumb"},"inLanguage":"de","potentialAction":[{"@type":"ReadAction","target":["https:\/\/mesa-international.de\/de\/product\/t400\/"]}]},{"@type":"ImageObject","inLanguage":"de","@id":"https:\/\/mesa-international.de\/de\/product\/t400\/#primaryimage","url":"https:\/\/mesa-international.de\/wp-content\/uploads\/2024\/07\/20.jpg","contentUrl":"https:\/\/mesa-international.de\/wp-content\/uploads\/2024\/07\/20.jpg","width":842,"height":998},{"@type":"BreadcrumbList","@id":"https:\/\/mesa-international.de\/de\/product\/t400\/#breadcrumb","itemListElement":[{"@type":"ListItem","position":1,"name":"Shop","item":"https:\/\/mesa-international.de\/de\/shop\/"},{"@type":"ListItem","position":2,"name":"T400"}]},{"@type":"WebSite","@id":"https:\/\/mesa-international.de\/de\/#website","url":"https:\/\/mesa-international.de\/de\/","name":"www.mesa-international.de","description":"Mesa Electronics Gmbh","publisher":{"@id":"https:\/\/mesa-international.de\/de\/#organization"},"potentialAction":[{"@type":"SearchAction","target":{"@type":"EntryPoint","urlTemplate":"https:\/\/mesa-international.de\/de\/?s={search_term_string}"},"query-input":{"@type":"PropertyValueSpecification","valueRequired":true,"valueName":"search_term_string"}}],"inLanguage":"de"},{"@type":"Organization","@id":"https:\/\/mesa-international.de\/de\/#organization","name":"www.mesa-international.de","url":"https:\/\/mesa-international.de\/de\/","logo":{"@type":"ImageObject","inLanguage":"de","@id":"https:\/\/mesa-international.de\/de\/#\/schema\/logo\/image\/","url":"https:\/\/mesa-international.de\/wp-content\/uploads\/2022\/11\/sadsaca.png","contentUrl":"https:\/\/mesa-international.de\/wp-content\/uploads\/2022\/11\/sadsaca.png","width":173,"height":107,"caption":"www.mesa-international.de"},"image":{"@id":"https:\/\/mesa-international.de\/de\/#\/schema\/logo\/image\/"},"sameAs":["https:\/\/www.linkedin.com\/company\/mesa-electronic-gmbh\/"]}]}},"_links":{"self":[{"href":"https:\/\/mesa-international.de\/de\/wp-json\/wp\/v2\/product\/243031","targetHints":{"allow":["GET"]}}],"collection":[{"href":"https:\/\/mesa-international.de\/de\/wp-json\/wp\/v2\/product"}],"about":[{"href":"https:\/\/mesa-international.de\/de\/wp-json\/wp\/v2\/types\/product"}],"replies":[{"embeddable":true,"href":"https:\/\/mesa-international.de\/de\/wp-json\/wp\/v2\/comments?post=243031"}],"wp:featuredmedia":[{"embeddable":true,"href":"https:\/\/mesa-international.de\/de\/wp-json\/wp\/v2\/media\/242917"}],"wp:attachment":[{"href":"https:\/\/mesa-international.de\/de\/wp-json\/wp\/v2\/media?parent=243031"}],"wp:term":[{"taxonomy":"product_brand","embeddable":true,"href":"https:\/\/mesa-international.de\/de\/wp-json\/wp\/v2\/product_brand?post=243031"},{"taxonomy":"product_cat","embeddable":true,"href":"https:\/\/mesa-international.de\/de\/wp-json\/wp\/v2\/product_cat?post=243031"},{"taxonomy":"product_tag","embeddable":true,"href":"https:\/\/mesa-international.de\/de\/wp-json\/wp\/v2\/product_tag?post=243031"}],"curies":[{"name":"wp","href":"https:\/\/api.w.org\/{rel}","templated":true}]}}