{"id":243030,"date":"2024-07-25T12:00:03","date_gmt":"2024-07-25T11:00:03","guid":{"rendered":"https:\/\/mesa-international.de\/product\/smart-messumformer-carbo-1001\/"},"modified":"2024-09-18T10:03:26","modified_gmt":"2024-09-18T09:03:26","slug":"smart-messumformer-carbo-1001","status":"publish","type":"product","link":"https:\/\/mesa-international.de\/de\/product\/smart-messumformer-carbo-1001\/","title":{"rendered":"SMART MESSUMFORMER CARBO 1001"},"content":{"rendered":"<div class=\"et_pb_column et_pb_column_1_2 et_pb_column_2 et_pb_css_mix_blend_mode_passthrough\">\n<div class=\"et_pb_module et_pb_text et_pb_text_1 et_pb_text_align_left et_pb_bg_layout_light\">\n<div class=\"et_pb_text_inner\">\n<h4>BESONDERE MERKMALE:<\/h4>\n<ul class=\"list-group\">\n<li class=\"list-group-item\">Direkte Kommunikation \u00fcber das Siemens Simatic Backplane Protokoll f\u00fcr die S7-300 Produktfamilie.<\/li>\n<li class=\"list-group-item\">Messung, Parametrisierung und Fehlerkorrektur erfolgen \u00fcber vordefinierte oder symbolisierte Datenbl\u00f6cke.<\/li>\n<li class=\"list-group-item\">Der Carbo 1001 ist ein eigenst\u00e4ndiges Modul und ben\u00f6tigt keine zus\u00e4tzlichen Siemens-Module, wie z.B. das Kommunikationsmodul.<\/li>\n<li class=\"list-group-item\">Hervorragende Zuverl\u00e4ssigkeit dank der galvanischen Trennung aller Eingangs- und Ausgangskreise.<\/li>\n<li class=\"list-group-item\">Bestimmung des Restsauerstoffgehalts f\u00fcr sauerstoffempfindliche Prozesse.<\/li>\n<li class=\"list-group-item\">Berechnung des C-Gehalts auf der Grundlage des Restsauerstoffgehalts oder des CO-Gehalts 2 beim Raffinieren von Stahl.<\/li>\n<li class=\"list-group-item\">Umrechnung der Spannung des L-Sensors in die Spannungskurve des Zirkoniumoxid-Sensors.<\/li>\n<li class=\"list-group-item\">Das Thermoelement kann zwischen den Typen &#8222;K&#8220; und &#8222;S&#8220; umgeschaltet werden.<\/li>\n<li class=\"list-group-item\">Ein zus\u00e4tzlicher Eingang zum direkten Anschluss eines CO-Analysators ist verf\u00fcgbar.<\/li>\n<li class=\"list-group-item\">Taupunkt Berechnung<\/li>\n<li class=\"list-group-item\">Erweiterbar um bis zu f\u00fcnf Module in einem l\u00e4ngeren Geh\u00e4use.<\/li>\n<\/ul>\n<\/div>\n<\/div>\n<\/div>\n<div class=\"et_pb_column et_pb_column_1_2 et_pb_column_3 et_pb_css_mix_blend_mode_passthrough et-last-child\">\n<div class=\"et_pb_module et_pb_text et_pb_text_2 et_pb_text_align_left et_pb_bg_layout_light\">\n<div class=\"et_pb_text_inner\">\n<div id=\"pgc-2959-3-0\" class=\"panel-grid-cell\">\n<div id=\"panel-2959-3-0-0\" class=\"so-panel widget widget_sow-editor panel-first-child panel-last-child\" data-index=\"5\">\n<div class=\"panel-widget-style panel-widget-style-for-2959-3-0-0\">\n<div class=\"so-widget-sow-editor so-widget-sow-editor-base\">\n<div class=\"siteorigin-widget-tinymce textwidget\"><\/div>\n<\/div>\n<\/div>\n<\/div>\n<\/div>\n<\/div>\n<\/div>\n<\/div>\n","protected":false},"excerpt":{"rendered":"<div class=\"et_pb_testimonial_description_inner\">\n<div class=\"et_pb_testimonial_content\">\n<h4>FUNKTION:<\/h4>\n<div class=\"page\" title=\"Seite 1\">\n<div class=\"section\">\n<div class=\"layoutArea\">\n<div class=\"column\">\n<div class=\"page\" title=\"Seite 1\">\n<div class=\"section\">\n<div class=\"layoutArea\">\n<div class=\"column\">\n<div class=\"page\" title=\"Seite 1\">\n<div class=\"section\">\n<div class=\"layoutArea\">\n<div class=\"column\">\n<div class=\"page\" title=\"Seite 1\">\n<div class=\"section\">\n<div class=\"layoutArea\">\n<div class=\"column\">  Der Carbo 1001 fungiert als Messumformer f\u00fcr den Einsatz mit einer Vielzahl von Sensoren zur Bestimmung des Restsauerstoffs und zur Berechnung des C-Pegels am L-Sensor, dem O2-Sensor und dem CO2-Analysator.<br \/>\nDer Carbo 1001 verarbeitet die eingehenden Signale von allen Sensoren im System, berechnet den gew\u00fcnschten Basiswert und speichert diese Daten in einem vordefinierten oder symbolisierten Datenblock in der SPS (Speicherprogrammierbare Steuerung).<br \/>\nDatenbl\u00f6cke werden verwendet, um die Konfiguration und die Fehlerverarbeitung f\u00fcr den Carbo 1001 festzulegen.<br \/>\nDies macht es einfach, den Carbo 1001 in bestehende Programme zu integrieren und die gewonnenen Daten weiter zu verarbeiten.<br \/>\nDer Carbo 1001 kommuniziert direkt \u00fcber das &#8222;Siemens Backplane Bus Protocol&#8220; und erm\u00f6glicht so den Einsatz der SPS aus der Siemens Simatic S7-300 Produktfamilie.<br \/>\nEs sind keine zus\u00e4tzlichen Komponenten erforderlich!<br \/>\nTrotz der kompakten Bauweise des Carbo 1001 ist es uns gelungen, eine galvanische Trennung zwischen allen Eingangs- und Ausgangskreisen zu erreichen.<br \/>\nDer Carbo 1001 ist bereit f\u00fcr den Einsatz in einer Ofenzone oder er kann um bis zu f\u00fcnf Module in einem l\u00e4ngeren Geh\u00e4use erweitert werden.         <\/div>\n<\/div>\n<\/div>\n<\/div>\n<\/div>\n<\/div>\n<\/div>\n<\/div>\n<\/div>\n<\/div>\n<\/div>\n<\/div>\n<\/div>\n<\/div>\n<\/div>\n<\/div>\n<\/div>\n<\/div>\n","protected":false},"featured_media":242860,"comment_status":"open","ping_status":"closed","template":"","meta":{"_acf_changed":false,"content-type":""},"product_brand":[],"product_cat":[141],"product_tag":[],"class_list":{"0":"post-243030","1":"product","2":"type-product","3":"status-publish","4":"has-post-thumbnail","6":"product_cat-sender-indikator","8":"first","9":"instock","10":"shipping-taxable","11":"product-type-simple"},"acf":[],"yoast_head":"<!-- This site is optimized with the Yoast SEO plugin v27.5 - https:\/\/yoast.com\/product\/yoast-seo-wordpress\/ -->\n<title>SMART MESSUMFORMER CARBO 1001 - www.mesa-international.de<\/title>\n<meta name=\"robots\" content=\"index, follow, max-snippet:-1, max-image-preview:large, max-video-preview:-1\" \/>\n<link rel=\"canonical\" href=\"https:\/\/mesa-international.de\/de\/product\/smart-messumformer-carbo-1001\/\" \/>\n<meta property=\"og:locale\" content=\"de_DE\" \/>\n<meta property=\"og:type\" content=\"article\" \/>\n<meta property=\"og:title\" content=\"SMART MESSUMFORMER CARBO 1001 - www.mesa-international.de\" \/>\n<meta property=\"og:description\" content=\"FUNKTION:         Der Carbo 1001 fungiert als Messumformer f\u00fcr den Einsatz mit einer Vielzahl von Sensoren zur Bestimmung des Restsauerstoffs und zur Berechnung des C-Pegels am L-Sensor, dem O2-Sensor und dem CO2-Analysator. Der Carbo 1001 verarbeitet die eingehenden Signale von allen Sensoren im System, berechnet den gew\u00fcnschten Basiswert und speichert diese Daten in einem vordefinierten oder symbolisierten Datenblock in der SPS (Speicherprogrammierbare Steuerung). Datenbl\u00f6cke werden verwendet, um die Konfiguration und die Fehlerverarbeitung f\u00fcr den Carbo 1001 festzulegen. Dies macht es einfach, den Carbo 1001 in bestehende Programme zu integrieren und die gewonnenen Daten weiter zu verarbeiten. Der Carbo 1001 kommuniziert direkt \u00fcber das &quot;Siemens Backplane Bus Protocol&quot; und erm\u00f6glicht so den Einsatz der SPS aus der Siemens Simatic S7-300 Produktfamilie. Es sind keine zus\u00e4tzlichen Komponenten erforderlich! Trotz der kompakten Bauweise des Carbo 1001 ist es uns gelungen, eine galvanische Trennung zwischen allen Eingangs- und Ausgangskreisen zu erreichen. Der Carbo 1001 ist bereit f\u00fcr den Einsatz in einer Ofenzone oder er kann um bis zu f\u00fcnf Module in einem l\u00e4ngeren Geh\u00e4use erweitert werden.\" \/>\n<meta property=\"og:url\" content=\"https:\/\/mesa-international.de\/de\/product\/smart-messumformer-carbo-1001\/\" \/>\n<meta property=\"og:site_name\" content=\"www.mesa-international.de\" \/>\n<meta property=\"article:modified_time\" content=\"2024-09-18T09:03:26+00:00\" \/>\n<meta property=\"og:image\" content=\"https:\/\/mesa-international.de\/wp-content\/uploads\/2024\/07\/carbo1000.png\" \/>\n\t<meta property=\"og:image:width\" content=\"600\" \/>\n\t<meta property=\"og:image:height\" content=\"600\" \/>\n\t<meta property=\"og:image:type\" content=\"image\/png\" \/>\n<meta name=\"twitter:card\" content=\"summary_large_image\" \/>\n<meta name=\"twitter:label1\" content=\"Gesch\u00e4tzte Lesezeit\" \/>\n\t<meta name=\"twitter:data1\" content=\"1\u00a0Minute\" \/>\n<script type=\"application\/ld+json\" class=\"yoast-schema-graph\">{\"@context\":\"https:\\\/\\\/schema.org\",\"@graph\":[{\"@type\":\"WebPage\",\"@id\":\"https:\\\/\\\/mesa-international.de\\\/de\\\/product\\\/smart-messumformer-carbo-1001\\\/\",\"url\":\"https:\\\/\\\/mesa-international.de\\\/de\\\/product\\\/smart-messumformer-carbo-1001\\\/\",\"name\":\"SMART MESSUMFORMER CARBO 1001 - www.mesa-international.de\",\"isPartOf\":{\"@id\":\"https:\\\/\\\/mesa-international.de\\\/de\\\/#website\"},\"primaryImageOfPage\":{\"@id\":\"https:\\\/\\\/mesa-international.de\\\/de\\\/product\\\/smart-messumformer-carbo-1001\\\/#primaryimage\"},\"image\":{\"@id\":\"https:\\\/\\\/mesa-international.de\\\/de\\\/product\\\/smart-messumformer-carbo-1001\\\/#primaryimage\"},\"thumbnailUrl\":\"https:\\\/\\\/mesa-international.de\\\/wp-content\\\/uploads\\\/2024\\\/07\\\/carbo1000.png\",\"datePublished\":\"2024-07-25T11:00:03+00:00\",\"dateModified\":\"2024-09-18T09:03:26+00:00\",\"breadcrumb\":{\"@id\":\"https:\\\/\\\/mesa-international.de\\\/de\\\/product\\\/smart-messumformer-carbo-1001\\\/#breadcrumb\"},\"inLanguage\":\"de\",\"potentialAction\":[{\"@type\":\"ReadAction\",\"target\":[\"https:\\\/\\\/mesa-international.de\\\/de\\\/product\\\/smart-messumformer-carbo-1001\\\/\"]}]},{\"@type\":\"ImageObject\",\"inLanguage\":\"de\",\"@id\":\"https:\\\/\\\/mesa-international.de\\\/de\\\/product\\\/smart-messumformer-carbo-1001\\\/#primaryimage\",\"url\":\"https:\\\/\\\/mesa-international.de\\\/wp-content\\\/uploads\\\/2024\\\/07\\\/carbo1000.png\",\"contentUrl\":\"https:\\\/\\\/mesa-international.de\\\/wp-content\\\/uploads\\\/2024\\\/07\\\/carbo1000.png\",\"width\":600,\"height\":600},{\"@type\":\"BreadcrumbList\",\"@id\":\"https:\\\/\\\/mesa-international.de\\\/de\\\/product\\\/smart-messumformer-carbo-1001\\\/#breadcrumb\",\"itemListElement\":[{\"@type\":\"ListItem\",\"position\":1,\"name\":\"Shop\",\"item\":\"https:\\\/\\\/mesa-international.de\\\/de\\\/shop\\\/\"},{\"@type\":\"ListItem\",\"position\":2,\"name\":\"SMART MESSUMFORMER CARBO 1001\"}]},{\"@type\":\"WebSite\",\"@id\":\"https:\\\/\\\/mesa-international.de\\\/de\\\/#website\",\"url\":\"https:\\\/\\\/mesa-international.de\\\/de\\\/\",\"name\":\"www.mesa-international.de\",\"description\":\"Mesa Electronics Gmbh\",\"publisher\":{\"@id\":\"https:\\\/\\\/mesa-international.de\\\/de\\\/#organization\"},\"potentialAction\":[{\"@type\":\"SearchAction\",\"target\":{\"@type\":\"EntryPoint\",\"urlTemplate\":\"https:\\\/\\\/mesa-international.de\\\/de\\\/?s={search_term_string}\"},\"query-input\":{\"@type\":\"PropertyValueSpecification\",\"valueRequired\":true,\"valueName\":\"search_term_string\"}}],\"inLanguage\":\"de\"},{\"@type\":\"Organization\",\"@id\":\"https:\\\/\\\/mesa-international.de\\\/de\\\/#organization\",\"name\":\"www.mesa-international.de\",\"url\":\"https:\\\/\\\/mesa-international.de\\\/de\\\/\",\"logo\":{\"@type\":\"ImageObject\",\"inLanguage\":\"de\",\"@id\":\"https:\\\/\\\/mesa-international.de\\\/de\\\/#\\\/schema\\\/logo\\\/image\\\/\",\"url\":\"https:\\\/\\\/mesa-international.de\\\/wp-content\\\/uploads\\\/2022\\\/11\\\/sadsaca.png\",\"contentUrl\":\"https:\\\/\\\/mesa-international.de\\\/wp-content\\\/uploads\\\/2022\\\/11\\\/sadsaca.png\",\"width\":173,\"height\":107,\"caption\":\"www.mesa-international.de\"},\"image\":{\"@id\":\"https:\\\/\\\/mesa-international.de\\\/de\\\/#\\\/schema\\\/logo\\\/image\\\/\"},\"sameAs\":[\"https:\\\/\\\/www.linkedin.com\\\/company\\\/mesa-electronic-gmbh\\\/\"]}]}<\/script>\n<!-- \/ Yoast SEO plugin. -->","yoast_head_json":{"title":"SMART MESSUMFORMER CARBO 1001 - www.mesa-international.de","robots":{"index":"index","follow":"follow","max-snippet":"max-snippet:-1","max-image-preview":"max-image-preview:large","max-video-preview":"max-video-preview:-1"},"canonical":"https:\/\/mesa-international.de\/de\/product\/smart-messumformer-carbo-1001\/","og_locale":"de_DE","og_type":"article","og_title":"SMART MESSUMFORMER CARBO 1001 - www.mesa-international.de","og_description":"FUNKTION:         Der Carbo 1001 fungiert als Messumformer f\u00fcr den Einsatz mit einer Vielzahl von Sensoren zur Bestimmung des Restsauerstoffs und zur Berechnung des C-Pegels am L-Sensor, dem O2-Sensor und dem CO2-Analysator. Der Carbo 1001 verarbeitet die eingehenden Signale von allen Sensoren im System, berechnet den gew\u00fcnschten Basiswert und speichert diese Daten in einem vordefinierten oder symbolisierten Datenblock in der SPS (Speicherprogrammierbare Steuerung). Datenbl\u00f6cke werden verwendet, um die Konfiguration und die Fehlerverarbeitung f\u00fcr den Carbo 1001 festzulegen. Dies macht es einfach, den Carbo 1001 in bestehende Programme zu integrieren und die gewonnenen Daten weiter zu verarbeiten. Der Carbo 1001 kommuniziert direkt \u00fcber das \"Siemens Backplane Bus Protocol\" und erm\u00f6glicht so den Einsatz der SPS aus der Siemens Simatic S7-300 Produktfamilie. Es sind keine zus\u00e4tzlichen Komponenten erforderlich! Trotz der kompakten Bauweise des Carbo 1001 ist es uns gelungen, eine galvanische Trennung zwischen allen Eingangs- und Ausgangskreisen zu erreichen. Der Carbo 1001 ist bereit f\u00fcr den Einsatz in einer Ofenzone oder er kann um bis zu f\u00fcnf Module in einem l\u00e4ngeren Geh\u00e4use erweitert werden.","og_url":"https:\/\/mesa-international.de\/de\/product\/smart-messumformer-carbo-1001\/","og_site_name":"www.mesa-international.de","article_modified_time":"2024-09-18T09:03:26+00:00","og_image":[{"width":600,"height":600,"url":"https:\/\/mesa-international.de\/wp-content\/uploads\/2024\/07\/carbo1000.png","type":"image\/png"}],"twitter_card":"summary_large_image","twitter_misc":{"Gesch\u00e4tzte Lesezeit":"1\u00a0Minute"},"schema":{"@context":"https:\/\/schema.org","@graph":[{"@type":"WebPage","@id":"https:\/\/mesa-international.de\/de\/product\/smart-messumformer-carbo-1001\/","url":"https:\/\/mesa-international.de\/de\/product\/smart-messumformer-carbo-1001\/","name":"SMART MESSUMFORMER CARBO 1001 - www.mesa-international.de","isPartOf":{"@id":"https:\/\/mesa-international.de\/de\/#website"},"primaryImageOfPage":{"@id":"https:\/\/mesa-international.de\/de\/product\/smart-messumformer-carbo-1001\/#primaryimage"},"image":{"@id":"https:\/\/mesa-international.de\/de\/product\/smart-messumformer-carbo-1001\/#primaryimage"},"thumbnailUrl":"https:\/\/mesa-international.de\/wp-content\/uploads\/2024\/07\/carbo1000.png","datePublished":"2024-07-25T11:00:03+00:00","dateModified":"2024-09-18T09:03:26+00:00","breadcrumb":{"@id":"https:\/\/mesa-international.de\/de\/product\/smart-messumformer-carbo-1001\/#breadcrumb"},"inLanguage":"de","potentialAction":[{"@type":"ReadAction","target":["https:\/\/mesa-international.de\/de\/product\/smart-messumformer-carbo-1001\/"]}]},{"@type":"ImageObject","inLanguage":"de","@id":"https:\/\/mesa-international.de\/de\/product\/smart-messumformer-carbo-1001\/#primaryimage","url":"https:\/\/mesa-international.de\/wp-content\/uploads\/2024\/07\/carbo1000.png","contentUrl":"https:\/\/mesa-international.de\/wp-content\/uploads\/2024\/07\/carbo1000.png","width":600,"height":600},{"@type":"BreadcrumbList","@id":"https:\/\/mesa-international.de\/de\/product\/smart-messumformer-carbo-1001\/#breadcrumb","itemListElement":[{"@type":"ListItem","position":1,"name":"Shop","item":"https:\/\/mesa-international.de\/de\/shop\/"},{"@type":"ListItem","position":2,"name":"SMART MESSUMFORMER CARBO 1001"}]},{"@type":"WebSite","@id":"https:\/\/mesa-international.de\/de\/#website","url":"https:\/\/mesa-international.de\/de\/","name":"www.mesa-international.de","description":"Mesa Electronics Gmbh","publisher":{"@id":"https:\/\/mesa-international.de\/de\/#organization"},"potentialAction":[{"@type":"SearchAction","target":{"@type":"EntryPoint","urlTemplate":"https:\/\/mesa-international.de\/de\/?s={search_term_string}"},"query-input":{"@type":"PropertyValueSpecification","valueRequired":true,"valueName":"search_term_string"}}],"inLanguage":"de"},{"@type":"Organization","@id":"https:\/\/mesa-international.de\/de\/#organization","name":"www.mesa-international.de","url":"https:\/\/mesa-international.de\/de\/","logo":{"@type":"ImageObject","inLanguage":"de","@id":"https:\/\/mesa-international.de\/de\/#\/schema\/logo\/image\/","url":"https:\/\/mesa-international.de\/wp-content\/uploads\/2022\/11\/sadsaca.png","contentUrl":"https:\/\/mesa-international.de\/wp-content\/uploads\/2022\/11\/sadsaca.png","width":173,"height":107,"caption":"www.mesa-international.de"},"image":{"@id":"https:\/\/mesa-international.de\/de\/#\/schema\/logo\/image\/"},"sameAs":["https:\/\/www.linkedin.com\/company\/mesa-electronic-gmbh\/"]}]}},"_links":{"self":[{"href":"https:\/\/mesa-international.de\/de\/wp-json\/wp\/v2\/product\/243030","targetHints":{"allow":["GET"]}}],"collection":[{"href":"https:\/\/mesa-international.de\/de\/wp-json\/wp\/v2\/product"}],"about":[{"href":"https:\/\/mesa-international.de\/de\/wp-json\/wp\/v2\/types\/product"}],"replies":[{"embeddable":true,"href":"https:\/\/mesa-international.de\/de\/wp-json\/wp\/v2\/comments?post=243030"}],"wp:featuredmedia":[{"embeddable":true,"href":"https:\/\/mesa-international.de\/de\/wp-json\/wp\/v2\/media\/242860"}],"wp:attachment":[{"href":"https:\/\/mesa-international.de\/de\/wp-json\/wp\/v2\/media?parent=243030"}],"wp:term":[{"taxonomy":"product_brand","embeddable":true,"href":"https:\/\/mesa-international.de\/de\/wp-json\/wp\/v2\/product_brand?post=243030"},{"taxonomy":"product_cat","embeddable":true,"href":"https:\/\/mesa-international.de\/de\/wp-json\/wp\/v2\/product_cat?post=243030"},{"taxonomy":"product_tag","embeddable":true,"href":"https:\/\/mesa-international.de\/de\/wp-json\/wp\/v2\/product_tag?post=243030"}],"curies":[{"name":"wp","href":"https:\/\/api.w.org\/{rel}","templated":true}]}}