{"id":243029,"date":"2024-07-25T12:39:08","date_gmt":"2024-07-25T11:39:08","guid":{"rendered":"https:\/\/mesa-international.de\/product\/luftversorgungseinheit-lv-200\/"},"modified":"2024-09-18T10:03:27","modified_gmt":"2024-09-18T09:03:27","slug":"luftversorgungseinheit-lv-200","status":"publish","type":"product","link":"https:\/\/mesa-international.de\/de\/product\/luftversorgungseinheit-lv-200\/","title":{"rendered":"LUFTVERSORGUNGSEINHEIT LV 200"},"content":{"rendered":"<div class=\"et_pb_testimonial_description_inner\">\n<div class=\"et_pb_testimonial_content\">\n<div id=\"pgc-1110-2-0\" class=\"panel-grid-cell\">\n<div id=\"panel-1110-2-0-0\" class=\"so-panel widget widget_sow-editor panel-first-child panel-last-child\" data-index=\"3\">\n<div class=\"panel-widget-style panel-widget-style-for-1110-2-0-0\">\n<div class=\"so-widget-sow-editor so-widget-sow-editor-base\">\n<div class=\"siteorigin-widget-tinymce textwidget\">\n<div id=\"pgc-2903-2-0\" class=\"panel-grid-cell\">\n<div id=\"panel-2903-2-0-0\" class=\"so-panel widget widget_sow-editor panel-first-child panel-last-child\" data-index=\"3\">\n<div class=\"panel-widget-style panel-widget-style-for-2903-2-0-0\">\n<div class=\"so-widget-sow-editor so-widget-sow-editor-base\">\n<div class=\"siteorigin-widget-tinymce textwidget\">\n<h4><strong>FUNKTION<\/strong><\/h4>\n<div class=\"page\" title=\"Seite 1\">\n<div class=\"section\">\n<div class=\"layoutArea\">\n<div class=\"column\">  Die Luftversorgungseinheit LV200 wird f\u00fcr die kontinuierliche Versorgung aller g\u00e4ngigen Sauerstoffsonden mit Referenzluft verwendet.<br \/>\nEin definiertes Volumen gefilterter Au\u00dfenluft wird in das Innere des Zirkoniumoxidrohrs gepresst.<br \/>\nDer niedrige \u00dcberdruck verhindert weitgehend ein Eindringen der Ofenatmosph\u00e4re in das Zirkonoxidrohr.<br \/>\nDas Volumen der Referenzluft sollte nicht zu gro\u00df gew\u00e4hlt werden, da es sonst zu einer unn\u00f6tigen Abk\u00fchlung des eingebauten Thermoelementes kommt.<br \/>\nSauerstoffsonden mit durchgehenden Zirkoniumoxidrohren ( MESA-Sauerstoffsonden) ben\u00f6tigen in der Regel fast keine Referenzluft, so dass der Temperaturmessfehler bei diesen Sonden vernachl\u00e4ssigbar ist.<br \/>\nZus\u00e4tzlich zur Referenzluft bietet das LV200 auch einen Luftausgang f\u00fcr die Sondensp\u00fclung.<br \/>\nDieser extern ausl\u00f6sbare Luftausgang wird zum Aussp\u00fclen des Raums zwischen dem Schutzrohr und dem Zirkonoxidrohr verwendet.        <\/div>\n<\/div>\n<\/div>\n<\/div>\n<\/div>\n<\/div>\n<\/div>\n<\/div>\n<\/div>\n<div id=\"pgc-2903-2-1\" class=\"panel-grid-cell\">\n<div id=\"panel-2903-2-1-0\" class=\"so-panel widget widget_sow-editor panel-first-child panel-last-child\" data-index=\"4\">\n<div class=\"panel-widget-style panel-widget-style-for-2903-2-1-0\">\n<div class=\"so-widget-sow-editor so-widget-sow-editor-base\">\n<div class=\"siteorigin-widget-tinymce textwidget\">\n<div class=\"page\" title=\"Seite 1\">\n<div class=\"section\">\n<div class=\"layoutArea\">\n<div class=\"column\">\n<div class=\"page\" title=\"Seite 1\">\n<div class=\"section\">\n<div class=\"layoutArea\">\n<div class=\"column\">  Diese Funktion wird automatisch zu bestimmten Zeiten und f\u00fcr eine bestimmte Dauer von hochmodernen C-Level-Controllern (MCON Carbo) ausgel\u00f6st, um Ru\u00dfpartikel und andere Verunreinigungen durch Abbrennen und Aussp\u00fclen zu entfernen.  <\/div>\n<\/div>\n<\/div>\n<\/div>\n<\/div>\n<\/div>\n<\/div>\n<\/div>\n<\/div>\n<\/div>\n<\/div>\n<\/div>\n<\/div>\n<\/div>\n<\/div>\n<\/div>\n<\/div>\n<\/div>\n<\/div>\n<\/div>\n","protected":false},"excerpt":{"rendered":"<p>FUNKTION Die Luftversorgungseinheit LV200 wird f\u00fcr die kontinuierliche Versorgung aller g\u00e4ngigen Sauerstoffsonden mit Referenzluft verwendet. Ein definiertes Volumen gefilterter Au\u00dfenluft wird in das Innere des Zirkoniumoxidrohrs gepresst. Der niedrige \u00dcberdruck verhindert weitgehend ein Eindringen der Ofenatmosph\u00e4re in das Zirkonoxidrohr. Das Volumen der Referenzluft sollte nicht zu gro\u00df gew\u00e4hlt werden, da [&hellip;]<\/p>\n","protected":false},"featured_media":242895,"comment_status":"open","ping_status":"closed","template":"","meta":{"_acf_changed":false,"content-type":""},"product_brand":[],"product_cat":[140],"product_tag":[],"class_list":{"0":"post-243029","1":"product","2":"type-product","3":"status-publish","4":"has-post-thumbnail","6":"product_cat-versorgungseinheiten","8":"first","9":"instock","10":"shipping-taxable","11":"product-type-simple"},"acf":[],"yoast_head":"<!-- This site is optimized with the Yoast SEO plugin v27.4 - https:\/\/yoast.com\/product\/yoast-seo-wordpress\/ -->\n<title>LUFTVERSORGUNGSEINHEIT LV 200 - www.mesa-international.de<\/title>\n<meta name=\"robots\" content=\"index, follow, max-snippet:-1, max-image-preview:large, max-video-preview:-1\" \/>\n<link rel=\"canonical\" href=\"https:\/\/mesa-international.de\/de\/product\/luftversorgungseinheit-lv-200\/\" \/>\n<meta property=\"og:locale\" content=\"de_DE\" \/>\n<meta property=\"og:type\" content=\"article\" \/>\n<meta property=\"og:title\" content=\"LUFTVERSORGUNGSEINHEIT LV 200 - www.mesa-international.de\" \/>\n<meta property=\"og:description\" content=\"FUNKTION Die Luftversorgungseinheit LV200 wird f\u00fcr die kontinuierliche Versorgung aller g\u00e4ngigen Sauerstoffsonden mit Referenzluft verwendet. Ein definiertes Volumen gefilterter Au\u00dfenluft wird in das Innere des Zirkoniumoxidrohrs gepresst. Der niedrige \u00dcberdruck verhindert weitgehend ein Eindringen der Ofenatmosph\u00e4re in das Zirkonoxidrohr. Das Volumen der Referenzluft sollte nicht zu gro\u00df gew\u00e4hlt werden, da [&hellip;]\" \/>\n<meta property=\"og:url\" content=\"https:\/\/mesa-international.de\/de\/product\/luftversorgungseinheit-lv-200\/\" \/>\n<meta property=\"og:site_name\" content=\"www.mesa-international.de\" \/>\n<meta property=\"article:modified_time\" content=\"2024-09-18T09:03:27+00:00\" \/>\n<meta property=\"og:image\" content=\"https:\/\/mesa-international.de\/wp-content\/uploads\/2024\/07\/LV200-6.png\" \/>\n\t<meta property=\"og:image:width\" content=\"600\" \/>\n\t<meta property=\"og:image:height\" content=\"600\" \/>\n\t<meta property=\"og:image:type\" content=\"image\/png\" \/>\n<meta name=\"twitter:card\" content=\"summary_large_image\" \/>\n<meta name=\"twitter:label1\" content=\"Gesch\u00e4tzte Lesezeit\" \/>\n\t<meta name=\"twitter:data1\" content=\"1\u00a0Minute\" \/>\n<script type=\"application\/ld+json\" class=\"yoast-schema-graph\">{\"@context\":\"https:\\\/\\\/schema.org\",\"@graph\":[{\"@type\":\"WebPage\",\"@id\":\"https:\\\/\\\/mesa-international.de\\\/de\\\/product\\\/luftversorgungseinheit-lv-200\\\/\",\"url\":\"https:\\\/\\\/mesa-international.de\\\/de\\\/product\\\/luftversorgungseinheit-lv-200\\\/\",\"name\":\"LUFTVERSORGUNGSEINHEIT LV 200 - www.mesa-international.de\",\"isPartOf\":{\"@id\":\"https:\\\/\\\/mesa-international.de\\\/de\\\/#website\"},\"primaryImageOfPage\":{\"@id\":\"https:\\\/\\\/mesa-international.de\\\/de\\\/product\\\/luftversorgungseinheit-lv-200\\\/#primaryimage\"},\"image\":{\"@id\":\"https:\\\/\\\/mesa-international.de\\\/de\\\/product\\\/luftversorgungseinheit-lv-200\\\/#primaryimage\"},\"thumbnailUrl\":\"https:\\\/\\\/mesa-international.de\\\/wp-content\\\/uploads\\\/2024\\\/07\\\/LV200-6.png\",\"datePublished\":\"2024-07-25T11:39:08+00:00\",\"dateModified\":\"2024-09-18T09:03:27+00:00\",\"breadcrumb\":{\"@id\":\"https:\\\/\\\/mesa-international.de\\\/de\\\/product\\\/luftversorgungseinheit-lv-200\\\/#breadcrumb\"},\"inLanguage\":\"de\",\"potentialAction\":[{\"@type\":\"ReadAction\",\"target\":[\"https:\\\/\\\/mesa-international.de\\\/de\\\/product\\\/luftversorgungseinheit-lv-200\\\/\"]}]},{\"@type\":\"ImageObject\",\"inLanguage\":\"de\",\"@id\":\"https:\\\/\\\/mesa-international.de\\\/de\\\/product\\\/luftversorgungseinheit-lv-200\\\/#primaryimage\",\"url\":\"https:\\\/\\\/mesa-international.de\\\/wp-content\\\/uploads\\\/2024\\\/07\\\/LV200-6.png\",\"contentUrl\":\"https:\\\/\\\/mesa-international.de\\\/wp-content\\\/uploads\\\/2024\\\/07\\\/LV200-6.png\",\"width\":600,\"height\":600},{\"@type\":\"BreadcrumbList\",\"@id\":\"https:\\\/\\\/mesa-international.de\\\/de\\\/product\\\/luftversorgungseinheit-lv-200\\\/#breadcrumb\",\"itemListElement\":[{\"@type\":\"ListItem\",\"position\":1,\"name\":\"Shop\",\"item\":\"https:\\\/\\\/mesa-international.de\\\/de\\\/shop\\\/\"},{\"@type\":\"ListItem\",\"position\":2,\"name\":\"LUFTVERSORGUNGSEINHEIT LV 200\"}]},{\"@type\":\"WebSite\",\"@id\":\"https:\\\/\\\/mesa-international.de\\\/de\\\/#website\",\"url\":\"https:\\\/\\\/mesa-international.de\\\/de\\\/\",\"name\":\"www.mesa-international.de\",\"description\":\"Mesa Electronics Gmbh\",\"publisher\":{\"@id\":\"https:\\\/\\\/mesa-international.de\\\/de\\\/#organization\"},\"potentialAction\":[{\"@type\":\"SearchAction\",\"target\":{\"@type\":\"EntryPoint\",\"urlTemplate\":\"https:\\\/\\\/mesa-international.de\\\/de\\\/?s={search_term_string}\"},\"query-input\":{\"@type\":\"PropertyValueSpecification\",\"valueRequired\":true,\"valueName\":\"search_term_string\"}}],\"inLanguage\":\"de\"},{\"@type\":\"Organization\",\"@id\":\"https:\\\/\\\/mesa-international.de\\\/de\\\/#organization\",\"name\":\"www.mesa-international.de\",\"url\":\"https:\\\/\\\/mesa-international.de\\\/de\\\/\",\"logo\":{\"@type\":\"ImageObject\",\"inLanguage\":\"de\",\"@id\":\"https:\\\/\\\/mesa-international.de\\\/de\\\/#\\\/schema\\\/logo\\\/image\\\/\",\"url\":\"https:\\\/\\\/mesa-international.de\\\/wp-content\\\/uploads\\\/2022\\\/11\\\/sadsaca.png\",\"contentUrl\":\"https:\\\/\\\/mesa-international.de\\\/wp-content\\\/uploads\\\/2022\\\/11\\\/sadsaca.png\",\"width\":173,\"height\":107,\"caption\":\"www.mesa-international.de\"},\"image\":{\"@id\":\"https:\\\/\\\/mesa-international.de\\\/de\\\/#\\\/schema\\\/logo\\\/image\\\/\"},\"sameAs\":[\"https:\\\/\\\/www.linkedin.com\\\/company\\\/mesa-electronic-gmbh\\\/\"]}]}<\/script>\n<!-- \/ Yoast SEO plugin. -->","yoast_head_json":{"title":"LUFTVERSORGUNGSEINHEIT LV 200 - www.mesa-international.de","robots":{"index":"index","follow":"follow","max-snippet":"max-snippet:-1","max-image-preview":"max-image-preview:large","max-video-preview":"max-video-preview:-1"},"canonical":"https:\/\/mesa-international.de\/de\/product\/luftversorgungseinheit-lv-200\/","og_locale":"de_DE","og_type":"article","og_title":"LUFTVERSORGUNGSEINHEIT LV 200 - www.mesa-international.de","og_description":"FUNKTION Die Luftversorgungseinheit LV200 wird f\u00fcr die kontinuierliche Versorgung aller g\u00e4ngigen Sauerstoffsonden mit Referenzluft verwendet. Ein definiertes Volumen gefilterter Au\u00dfenluft wird in das Innere des Zirkoniumoxidrohrs gepresst. Der niedrige \u00dcberdruck verhindert weitgehend ein Eindringen der Ofenatmosph\u00e4re in das Zirkonoxidrohr. Das Volumen der Referenzluft sollte nicht zu gro\u00df gew\u00e4hlt werden, da [&hellip;]","og_url":"https:\/\/mesa-international.de\/de\/product\/luftversorgungseinheit-lv-200\/","og_site_name":"www.mesa-international.de","article_modified_time":"2024-09-18T09:03:27+00:00","og_image":[{"width":600,"height":600,"url":"https:\/\/mesa-international.de\/wp-content\/uploads\/2024\/07\/LV200-6.png","type":"image\/png"}],"twitter_card":"summary_large_image","twitter_misc":{"Gesch\u00e4tzte Lesezeit":"1\u00a0Minute"},"schema":{"@context":"https:\/\/schema.org","@graph":[{"@type":"WebPage","@id":"https:\/\/mesa-international.de\/de\/product\/luftversorgungseinheit-lv-200\/","url":"https:\/\/mesa-international.de\/de\/product\/luftversorgungseinheit-lv-200\/","name":"LUFTVERSORGUNGSEINHEIT LV 200 - www.mesa-international.de","isPartOf":{"@id":"https:\/\/mesa-international.de\/de\/#website"},"primaryImageOfPage":{"@id":"https:\/\/mesa-international.de\/de\/product\/luftversorgungseinheit-lv-200\/#primaryimage"},"image":{"@id":"https:\/\/mesa-international.de\/de\/product\/luftversorgungseinheit-lv-200\/#primaryimage"},"thumbnailUrl":"https:\/\/mesa-international.de\/wp-content\/uploads\/2024\/07\/LV200-6.png","datePublished":"2024-07-25T11:39:08+00:00","dateModified":"2024-09-18T09:03:27+00:00","breadcrumb":{"@id":"https:\/\/mesa-international.de\/de\/product\/luftversorgungseinheit-lv-200\/#breadcrumb"},"inLanguage":"de","potentialAction":[{"@type":"ReadAction","target":["https:\/\/mesa-international.de\/de\/product\/luftversorgungseinheit-lv-200\/"]}]},{"@type":"ImageObject","inLanguage":"de","@id":"https:\/\/mesa-international.de\/de\/product\/luftversorgungseinheit-lv-200\/#primaryimage","url":"https:\/\/mesa-international.de\/wp-content\/uploads\/2024\/07\/LV200-6.png","contentUrl":"https:\/\/mesa-international.de\/wp-content\/uploads\/2024\/07\/LV200-6.png","width":600,"height":600},{"@type":"BreadcrumbList","@id":"https:\/\/mesa-international.de\/de\/product\/luftversorgungseinheit-lv-200\/#breadcrumb","itemListElement":[{"@type":"ListItem","position":1,"name":"Shop","item":"https:\/\/mesa-international.de\/de\/shop\/"},{"@type":"ListItem","position":2,"name":"LUFTVERSORGUNGSEINHEIT LV 200"}]},{"@type":"WebSite","@id":"https:\/\/mesa-international.de\/de\/#website","url":"https:\/\/mesa-international.de\/de\/","name":"www.mesa-international.de","description":"Mesa Electronics Gmbh","publisher":{"@id":"https:\/\/mesa-international.de\/de\/#organization"},"potentialAction":[{"@type":"SearchAction","target":{"@type":"EntryPoint","urlTemplate":"https:\/\/mesa-international.de\/de\/?s={search_term_string}"},"query-input":{"@type":"PropertyValueSpecification","valueRequired":true,"valueName":"search_term_string"}}],"inLanguage":"de"},{"@type":"Organization","@id":"https:\/\/mesa-international.de\/de\/#organization","name":"www.mesa-international.de","url":"https:\/\/mesa-international.de\/de\/","logo":{"@type":"ImageObject","inLanguage":"de","@id":"https:\/\/mesa-international.de\/de\/#\/schema\/logo\/image\/","url":"https:\/\/mesa-international.de\/wp-content\/uploads\/2022\/11\/sadsaca.png","contentUrl":"https:\/\/mesa-international.de\/wp-content\/uploads\/2022\/11\/sadsaca.png","width":173,"height":107,"caption":"www.mesa-international.de"},"image":{"@id":"https:\/\/mesa-international.de\/de\/#\/schema\/logo\/image\/"},"sameAs":["https:\/\/www.linkedin.com\/company\/mesa-electronic-gmbh\/"]}]}},"_links":{"self":[{"href":"https:\/\/mesa-international.de\/de\/wp-json\/wp\/v2\/product\/243029","targetHints":{"allow":["GET"]}}],"collection":[{"href":"https:\/\/mesa-international.de\/de\/wp-json\/wp\/v2\/product"}],"about":[{"href":"https:\/\/mesa-international.de\/de\/wp-json\/wp\/v2\/types\/product"}],"replies":[{"embeddable":true,"href":"https:\/\/mesa-international.de\/de\/wp-json\/wp\/v2\/comments?post=243029"}],"wp:featuredmedia":[{"embeddable":true,"href":"https:\/\/mesa-international.de\/de\/wp-json\/wp\/v2\/media\/242895"}],"wp:attachment":[{"href":"https:\/\/mesa-international.de\/de\/wp-json\/wp\/v2\/media?parent=243029"}],"wp:term":[{"taxonomy":"product_brand","embeddable":true,"href":"https:\/\/mesa-international.de\/de\/wp-json\/wp\/v2\/product_brand?post=243029"},{"taxonomy":"product_cat","embeddable":true,"href":"https:\/\/mesa-international.de\/de\/wp-json\/wp\/v2\/product_cat?post=243029"},{"taxonomy":"product_tag","embeddable":true,"href":"https:\/\/mesa-international.de\/de\/wp-json\/wp\/v2\/product_tag?post=243029"}],"curies":[{"name":"wp","href":"https:\/\/api.w.org\/{rel}","templated":true}]}}