{"id":243028,"date":"2024-07-25T12:11:13","date_gmt":"2024-07-25T11:11:13","guid":{"rendered":"https:\/\/mesa-international.de\/product\/smart-messumformer-carbo-1001-e\/"},"modified":"2024-09-18T10:03:25","modified_gmt":"2024-09-18T09:03:25","slug":"smart-messumformer-carbo-1001-e","status":"publish","type":"product","link":"https:\/\/mesa-international.de\/de\/product\/smart-messumformer-carbo-1001-e\/","title":{"rendered":"SMART MESSUMFORMER CARBO 1001 E"},"content":{"rendered":"<div class=\"et_pb_column et_pb_column_1_2 et_pb_column_2 et_pb_css_mix_blend_mode_passthrough\">\n<div class=\"et_pb_module et_pb_text et_pb_text_1 et_pb_text_align_left et_pb_bg_layout_light\">\n<div class=\"et_pb_text_inner\">\n<h4>BESONDERE MERKMALE:<\/h4>\n<ul class=\"list-group\">\n<li class=\"list-group-item\">Berechnung des Restsauerstoffs w\u00e4hrend sauerstoffempfindlicher Prozesse an bis zu f\u00fcnf Punkten.<\/li>\n<li class=\"list-group-item\">Berechnung des C-Pegels anhand der Daten f\u00fcr den Restsauerstoff oder alternativ des CO2-Gehalts beim Raffinieren von Stahl.<br \/>\nDie Messungen k\u00f6nnen an bis zu f\u00fcnf Punkten vorgenommen werden. <\/li>\n<li class=\"list-group-item\">Das Ger\u00e4t kann ohne zus\u00e4tzliche Module, wie z.B. Kommunikationsmodule, direkt an den Siemens Simatic R\u00fcckwandbus angeschlossen werden.<\/li>\n<li class=\"list-group-item\">Messung, Parametrisierung und Fehlerbehandlung erfolgen \u00fcber vordefinierte oder symbolische Datenbl\u00f6cke.<\/li>\n<li class=\"list-group-item\">Hervorragende Zuverl\u00e4ssigkeit dank der galvanischen Isolierung aller Eingangs- und Ausgangsschaltungen.<\/li>\n<li class=\"list-group-item\">Umrechnung der Spannung des L-Sensors in die Spannungskurve des Zirkoniumoxid-Sensors.<\/li>\n<li class=\"list-group-item\">Der zus\u00e4tzliche Eingang zum direkten Anschluss eines CO-Analysators.<\/li>\n<li class=\"list-group-item\">Option zur Auswahl zwischen Thermoelement Typ &#8222;K&#8220; oder &#8222;S&#8220;.<\/li>\n<\/ul>\n<\/div>\n<\/div>\n<\/div>\n<div class=\"et_pb_column et_pb_column_1_2 et_pb_column_3 et_pb_css_mix_blend_mode_passthrough et-last-child\">\n<div class=\"et_pb_module et_pb_text et_pb_text_2 et_pb_text_align_left et_pb_bg_layout_light\">\n<div class=\"et_pb_text_inner\">\n<div id=\"pgc-2959-3-0\" class=\"panel-grid-cell\">\n<div id=\"panel-2959-3-0-0\" class=\"so-panel widget widget_sow-editor panel-first-child panel-last-child\" data-index=\"5\">\n<div class=\"panel-widget-style panel-widget-style-for-2959-3-0-0\"><\/div>\n<\/div>\n<\/div>\n<\/div>\n<\/div>\n<\/div>\n","protected":false},"excerpt":{"rendered":"<div class=\"et_pb_testimonial_description_inner\">\n<div class=\"et_pb_testimonial_content\">\n<div id=\"pgc-2918-2-0\" class=\"panel-grid-cell\">\n<div id=\"panel-2918-2-0-0\" class=\"so-panel widget widget_sow-editor panel-first-child panel-last-child\" data-index=\"3\">\n<div class=\"panel-widget-style panel-widget-style-for-2918-2-0-0\">\n<div class=\"so-widget-sow-editor so-widget-sow-editor-base\">\n<div class=\"siteorigin-widget-tinymce textwidget\">\n<h4>FUNKTION:<\/h4>\n<div class=\"page\" title=\"Seite 1\">\n<div class=\"section\">\n<div class=\"layoutArea\">\n<div class=\"column\">\n<div class=\"page\" title=\"Seite 1\">\n<div class=\"section\">\n<div class=\"layoutArea\">\n<div class=\"column\">\n<div class=\"page\" title=\"Seite 1\">\n<div class=\"section\">\n<div class=\"layoutArea\">\n<div class=\"column\">\n<div class=\"page\" title=\"Seite 1\">\n<div class=\"section\">\n<div class=\"layoutArea\">\n<div class=\"column\">\n<p class=\"p1\">Der &#8222;Carbo 1001 Extension&#8220; ist ein intelligenter Messwertaufnehmer f\u00fcr mehrere Anwendungen und Messungen in bis zu f\u00fcnf Zonen.<\/p>\n<p class=\"p1\">Der Carbo 1001 E wird direkt an den Siemens Simatic R\u00fcckwandbus angeschlossen, berechnet die Prim\u00e4rsignale und gibt den gew\u00fcnschten Basiswert unter Verwendung der definierten oder symbolischen Datenbl\u00f6cke der SPS aus.<\/p>\n<p class=\"p1\">Die hier beschriebenen Versionen berechnen zum Beispiel den Restsauerstoffgehalt eines Gases auf der Grundlage des erwarteten Gasgleichgewichts.<br \/>\nAlternativ dazu wird der Restsauerstoffgehalt direkt vor Ort gemessen. <\/p>\n<p class=\"p1\">Der Carbo 1001 E f\u00fchrt optionale Funktionen teurerer Systeme direkt aus, wie z.B. die Korrektur eines Ofen-Istwertes \u00fcber einen &#8222;Folienf\u00fchler&#8220;.<br \/>\nAuf diese Weise amortisieren sich die Anschaffungskosten auch bei kleinen Ofeneinheiten schnell. <\/p>\n<\/div>\n<\/div>\n<\/div>\n<\/div>\n<\/div>\n<\/div>\n<\/div>\n<\/div>\n<\/div>\n<\/div>\n<\/div>\n<\/div>\n<\/div>\n<\/div>\n<\/div>\n<\/div>\n<\/div>\n<\/div>\n<\/div>\n<\/div>\n<\/div>\n<div id=\"pgc-2918-2-1\" class=\"panel-grid-cell\">\n<div id=\"panel-2918-2-1-0\" class=\"so-panel widget widget_sow-editor panel-first-child panel-last-child\" data-index=\"4\">\n<div class=\"panel-widget-style panel-widget-style-for-2918-2-1-0\">\n<div class=\"so-widget-sow-editor so-widget-sow-editor-base\">\n<div class=\"siteorigin-widget-tinymce textwidget\">\n<div class=\"page\" title=\"Seite 1\">\n<div class=\"section\">\n<div class=\"layoutArea\">\n<div class=\"column\">\n<div class=\"page\" title=\"Seite 1\">\n<div class=\"section\">\n<div class=\"layoutArea\">\n<div class=\"column\">\n<div class=\"page\" title=\"Seite 1\">\n<div class=\"section\">\n<div class=\"layoutArea\">\n<div class=\"column\">\n<p class=\"p1\">  Eine weitere praktische Ger\u00e4tefunktion ist die Umwandlung der Spannung des L-Sensors in die Sensorspannung eines regul\u00e4ren Zirkoniumoxid-Sensors.<br \/>\nIn diesem System kann der wesentlich robustere und preisg\u00fcnstigere L-Sensor mit bereits vorhandenen Kontrollsystemen kombiniert werden. <\/p>\n<\/div>\n<\/div>\n<\/div>\n<\/div>\n<\/div>\n<\/div>\n<\/div>\n<\/div>\n<\/div>\n<\/div>\n<\/div>\n<\/div>\n<\/div>\n<\/div>\n<\/div>\n<\/div>\n<\/div>\n<\/div>\n<\/div>\n","protected":false},"featured_media":242863,"comment_status":"open","ping_status":"closed","template":"","meta":{"_acf_changed":false,"content-type":""},"product_brand":[],"product_cat":[141],"product_tag":[],"class_list":{"0":"post-243028","1":"product","2":"type-product","3":"status-publish","4":"has-post-thumbnail","6":"product_cat-sender-indikator","8":"first","9":"instock","10":"shipping-taxable","11":"product-type-simple"},"acf":[],"yoast_head":"<!-- This site is optimized with the Yoast SEO plugin v27.3 - https:\/\/yoast.com\/product\/yoast-seo-wordpress\/ -->\n<title>SMART MESSUMFORMER CARBO 1001 E - www.mesa-international.de<\/title>\n<meta name=\"robots\" content=\"index, follow, max-snippet:-1, max-image-preview:large, max-video-preview:-1\" \/>\n<link rel=\"canonical\" href=\"https:\/\/mesa-international.de\/de\/product\/smart-messumformer-carbo-1001-e\/\" \/>\n<meta property=\"og:locale\" content=\"de_DE\" \/>\n<meta property=\"og:type\" content=\"article\" \/>\n<meta property=\"og:title\" content=\"SMART MESSUMFORMER CARBO 1001 E - www.mesa-international.de\" \/>\n<meta property=\"og:description\" content=\"FUNKTION:         Der &quot;Carbo 1001 Extension&quot; ist ein intelligenter Messwertaufnehmer f\u00fcr mehrere Anwendungen und Messungen in bis zu f\u00fcnf Zonen. Der Carbo 1001 E wird direkt an den Siemens Simatic R\u00fcckwandbus angeschlossen, berechnet die Prim\u00e4rsignale und gibt den gew\u00fcnschten Basiswert unter Verwendung der definierten oder symbolischen Datenbl\u00f6cke der SPS aus. Die hier beschriebenen Versionen berechnen zum Beispiel den Restsauerstoffgehalt eines Gases auf der Grundlage des erwarteten Gasgleichgewichts. Alternativ dazu wird der Restsauerstoffgehalt direkt vor Ort gemessen. Der Carbo 1001 E f\u00fchrt optionale Funktionen teurerer Systeme direkt aus, wie z.B. die Korrektur eines Ofen-Istwertes \u00fcber einen &quot;Folienf\u00fchler&quot;. Auf diese Weise amortisieren sich die Anschaffungskosten auch bei kleinen Ofeneinheiten schnell.                      Eine weitere praktische Ger\u00e4tefunktion ist die Umwandlung der Spannung des L-Sensors in die Sensorspannung eines regul\u00e4ren Zirkoniumoxid-Sensors. In diesem System kann der wesentlich robustere und preisg\u00fcnstigere L-Sensor mit bereits vorhandenen Kontrollsystemen kombiniert werden.\" \/>\n<meta property=\"og:url\" content=\"https:\/\/mesa-international.de\/de\/product\/smart-messumformer-carbo-1001-e\/\" \/>\n<meta property=\"og:site_name\" content=\"www.mesa-international.de\" \/>\n<meta property=\"article:modified_time\" content=\"2024-09-18T09:03:25+00:00\" \/>\n<meta property=\"og:image\" content=\"https:\/\/mesa-international.de\/wp-content\/uploads\/2024\/07\/Carbo-1001E-with-Profinet-3D.png\" \/>\n\t<meta property=\"og:image:width\" content=\"1000\" \/>\n\t<meta property=\"og:image:height\" content=\"877\" \/>\n\t<meta property=\"og:image:type\" content=\"image\/png\" \/>\n<meta name=\"twitter:card\" content=\"summary_large_image\" \/>\n<meta name=\"twitter:label1\" content=\"Gesch\u00e4tzte Lesezeit\" \/>\n\t<meta name=\"twitter:data1\" content=\"1\u00a0Minute\" \/>\n<script type=\"application\/ld+json\" class=\"yoast-schema-graph\">{\"@context\":\"https:\\\/\\\/schema.org\",\"@graph\":[{\"@type\":\"WebPage\",\"@id\":\"https:\\\/\\\/mesa-international.de\\\/de\\\/product\\\/smart-messumformer-carbo-1001-e\\\/\",\"url\":\"https:\\\/\\\/mesa-international.de\\\/de\\\/product\\\/smart-messumformer-carbo-1001-e\\\/\",\"name\":\"SMART MESSUMFORMER CARBO 1001 E - www.mesa-international.de\",\"isPartOf\":{\"@id\":\"https:\\\/\\\/mesa-international.de\\\/de\\\/#website\"},\"primaryImageOfPage\":{\"@id\":\"https:\\\/\\\/mesa-international.de\\\/de\\\/product\\\/smart-messumformer-carbo-1001-e\\\/#primaryimage\"},\"image\":{\"@id\":\"https:\\\/\\\/mesa-international.de\\\/de\\\/product\\\/smart-messumformer-carbo-1001-e\\\/#primaryimage\"},\"thumbnailUrl\":\"https:\\\/\\\/mesa-international.de\\\/wp-content\\\/uploads\\\/2024\\\/07\\\/Carbo-1001E-with-Profinet-3D.png\",\"datePublished\":\"2024-07-25T11:11:13+00:00\",\"dateModified\":\"2024-09-18T09:03:25+00:00\",\"breadcrumb\":{\"@id\":\"https:\\\/\\\/mesa-international.de\\\/de\\\/product\\\/smart-messumformer-carbo-1001-e\\\/#breadcrumb\"},\"inLanguage\":\"de\",\"potentialAction\":[{\"@type\":\"ReadAction\",\"target\":[\"https:\\\/\\\/mesa-international.de\\\/de\\\/product\\\/smart-messumformer-carbo-1001-e\\\/\"]}]},{\"@type\":\"ImageObject\",\"inLanguage\":\"de\",\"@id\":\"https:\\\/\\\/mesa-international.de\\\/de\\\/product\\\/smart-messumformer-carbo-1001-e\\\/#primaryimage\",\"url\":\"https:\\\/\\\/mesa-international.de\\\/wp-content\\\/uploads\\\/2024\\\/07\\\/Carbo-1001E-with-Profinet-3D.png\",\"contentUrl\":\"https:\\\/\\\/mesa-international.de\\\/wp-content\\\/uploads\\\/2024\\\/07\\\/Carbo-1001E-with-Profinet-3D.png\",\"width\":1000,\"height\":877},{\"@type\":\"BreadcrumbList\",\"@id\":\"https:\\\/\\\/mesa-international.de\\\/de\\\/product\\\/smart-messumformer-carbo-1001-e\\\/#breadcrumb\",\"itemListElement\":[{\"@type\":\"ListItem\",\"position\":1,\"name\":\"Shop\",\"item\":\"https:\\\/\\\/mesa-international.de\\\/de\\\/shop\\\/\"},{\"@type\":\"ListItem\",\"position\":2,\"name\":\"SMART MESSUMFORMER CARBO 1001 E\"}]},{\"@type\":\"WebSite\",\"@id\":\"https:\\\/\\\/mesa-international.de\\\/de\\\/#website\",\"url\":\"https:\\\/\\\/mesa-international.de\\\/de\\\/\",\"name\":\"www.mesa-international.de\",\"description\":\"Mesa Electronics Gmbh\",\"publisher\":{\"@id\":\"https:\\\/\\\/mesa-international.de\\\/de\\\/#organization\"},\"potentialAction\":[{\"@type\":\"SearchAction\",\"target\":{\"@type\":\"EntryPoint\",\"urlTemplate\":\"https:\\\/\\\/mesa-international.de\\\/de\\\/?s={search_term_string}\"},\"query-input\":{\"@type\":\"PropertyValueSpecification\",\"valueRequired\":true,\"valueName\":\"search_term_string\"}}],\"inLanguage\":\"de\"},{\"@type\":\"Organization\",\"@id\":\"https:\\\/\\\/mesa-international.de\\\/de\\\/#organization\",\"name\":\"www.mesa-international.de\",\"url\":\"https:\\\/\\\/mesa-international.de\\\/de\\\/\",\"logo\":{\"@type\":\"ImageObject\",\"inLanguage\":\"de\",\"@id\":\"https:\\\/\\\/mesa-international.de\\\/de\\\/#\\\/schema\\\/logo\\\/image\\\/\",\"url\":\"https:\\\/\\\/mesa-international.de\\\/wp-content\\\/uploads\\\/2022\\\/11\\\/sadsaca.png\",\"contentUrl\":\"https:\\\/\\\/mesa-international.de\\\/wp-content\\\/uploads\\\/2022\\\/11\\\/sadsaca.png\",\"width\":173,\"height\":107,\"caption\":\"www.mesa-international.de\"},\"image\":{\"@id\":\"https:\\\/\\\/mesa-international.de\\\/de\\\/#\\\/schema\\\/logo\\\/image\\\/\"},\"sameAs\":[\"https:\\\/\\\/www.linkedin.com\\\/company\\\/mesa-electronic-gmbh\\\/\"]}]}<\/script>\n<!-- \/ Yoast SEO plugin. -->","yoast_head_json":{"title":"SMART MESSUMFORMER CARBO 1001 E - www.mesa-international.de","robots":{"index":"index","follow":"follow","max-snippet":"max-snippet:-1","max-image-preview":"max-image-preview:large","max-video-preview":"max-video-preview:-1"},"canonical":"https:\/\/mesa-international.de\/de\/product\/smart-messumformer-carbo-1001-e\/","og_locale":"de_DE","og_type":"article","og_title":"SMART MESSUMFORMER CARBO 1001 E - www.mesa-international.de","og_description":"FUNKTION:         Der \"Carbo 1001 Extension\" ist ein intelligenter Messwertaufnehmer f\u00fcr mehrere Anwendungen und Messungen in bis zu f\u00fcnf Zonen. Der Carbo 1001 E wird direkt an den Siemens Simatic R\u00fcckwandbus angeschlossen, berechnet die Prim\u00e4rsignale und gibt den gew\u00fcnschten Basiswert unter Verwendung der definierten oder symbolischen Datenbl\u00f6cke der SPS aus. Die hier beschriebenen Versionen berechnen zum Beispiel den Restsauerstoffgehalt eines Gases auf der Grundlage des erwarteten Gasgleichgewichts. Alternativ dazu wird der Restsauerstoffgehalt direkt vor Ort gemessen. Der Carbo 1001 E f\u00fchrt optionale Funktionen teurerer Systeme direkt aus, wie z.B. die Korrektur eines Ofen-Istwertes \u00fcber einen \"Folienf\u00fchler\". Auf diese Weise amortisieren sich die Anschaffungskosten auch bei kleinen Ofeneinheiten schnell.                      Eine weitere praktische Ger\u00e4tefunktion ist die Umwandlung der Spannung des L-Sensors in die Sensorspannung eines regul\u00e4ren Zirkoniumoxid-Sensors. In diesem System kann der wesentlich robustere und preisg\u00fcnstigere L-Sensor mit bereits vorhandenen Kontrollsystemen kombiniert werden.","og_url":"https:\/\/mesa-international.de\/de\/product\/smart-messumformer-carbo-1001-e\/","og_site_name":"www.mesa-international.de","article_modified_time":"2024-09-18T09:03:25+00:00","og_image":[{"width":1000,"height":877,"url":"https:\/\/mesa-international.de\/wp-content\/uploads\/2024\/07\/Carbo-1001E-with-Profinet-3D.png","type":"image\/png"}],"twitter_card":"summary_large_image","twitter_misc":{"Gesch\u00e4tzte Lesezeit":"1\u00a0Minute"},"schema":{"@context":"https:\/\/schema.org","@graph":[{"@type":"WebPage","@id":"https:\/\/mesa-international.de\/de\/product\/smart-messumformer-carbo-1001-e\/","url":"https:\/\/mesa-international.de\/de\/product\/smart-messumformer-carbo-1001-e\/","name":"SMART MESSUMFORMER CARBO 1001 E - www.mesa-international.de","isPartOf":{"@id":"https:\/\/mesa-international.de\/de\/#website"},"primaryImageOfPage":{"@id":"https:\/\/mesa-international.de\/de\/product\/smart-messumformer-carbo-1001-e\/#primaryimage"},"image":{"@id":"https:\/\/mesa-international.de\/de\/product\/smart-messumformer-carbo-1001-e\/#primaryimage"},"thumbnailUrl":"https:\/\/mesa-international.de\/wp-content\/uploads\/2024\/07\/Carbo-1001E-with-Profinet-3D.png","datePublished":"2024-07-25T11:11:13+00:00","dateModified":"2024-09-18T09:03:25+00:00","breadcrumb":{"@id":"https:\/\/mesa-international.de\/de\/product\/smart-messumformer-carbo-1001-e\/#breadcrumb"},"inLanguage":"de","potentialAction":[{"@type":"ReadAction","target":["https:\/\/mesa-international.de\/de\/product\/smart-messumformer-carbo-1001-e\/"]}]},{"@type":"ImageObject","inLanguage":"de","@id":"https:\/\/mesa-international.de\/de\/product\/smart-messumformer-carbo-1001-e\/#primaryimage","url":"https:\/\/mesa-international.de\/wp-content\/uploads\/2024\/07\/Carbo-1001E-with-Profinet-3D.png","contentUrl":"https:\/\/mesa-international.de\/wp-content\/uploads\/2024\/07\/Carbo-1001E-with-Profinet-3D.png","width":1000,"height":877},{"@type":"BreadcrumbList","@id":"https:\/\/mesa-international.de\/de\/product\/smart-messumformer-carbo-1001-e\/#breadcrumb","itemListElement":[{"@type":"ListItem","position":1,"name":"Shop","item":"https:\/\/mesa-international.de\/de\/shop\/"},{"@type":"ListItem","position":2,"name":"SMART MESSUMFORMER CARBO 1001 E"}]},{"@type":"WebSite","@id":"https:\/\/mesa-international.de\/de\/#website","url":"https:\/\/mesa-international.de\/de\/","name":"www.mesa-international.de","description":"Mesa Electronics Gmbh","publisher":{"@id":"https:\/\/mesa-international.de\/de\/#organization"},"potentialAction":[{"@type":"SearchAction","target":{"@type":"EntryPoint","urlTemplate":"https:\/\/mesa-international.de\/de\/?s={search_term_string}"},"query-input":{"@type":"PropertyValueSpecification","valueRequired":true,"valueName":"search_term_string"}}],"inLanguage":"de"},{"@type":"Organization","@id":"https:\/\/mesa-international.de\/de\/#organization","name":"www.mesa-international.de","url":"https:\/\/mesa-international.de\/de\/","logo":{"@type":"ImageObject","inLanguage":"de","@id":"https:\/\/mesa-international.de\/de\/#\/schema\/logo\/image\/","url":"https:\/\/mesa-international.de\/wp-content\/uploads\/2022\/11\/sadsaca.png","contentUrl":"https:\/\/mesa-international.de\/wp-content\/uploads\/2022\/11\/sadsaca.png","width":173,"height":107,"caption":"www.mesa-international.de"},"image":{"@id":"https:\/\/mesa-international.de\/de\/#\/schema\/logo\/image\/"},"sameAs":["https:\/\/www.linkedin.com\/company\/mesa-electronic-gmbh\/"]}]}},"_links":{"self":[{"href":"https:\/\/mesa-international.de\/de\/wp-json\/wp\/v2\/product\/243028","targetHints":{"allow":["GET"]}}],"collection":[{"href":"https:\/\/mesa-international.de\/de\/wp-json\/wp\/v2\/product"}],"about":[{"href":"https:\/\/mesa-international.de\/de\/wp-json\/wp\/v2\/types\/product"}],"replies":[{"embeddable":true,"href":"https:\/\/mesa-international.de\/de\/wp-json\/wp\/v2\/comments?post=243028"}],"wp:featuredmedia":[{"embeddable":true,"href":"https:\/\/mesa-international.de\/de\/wp-json\/wp\/v2\/media\/242863"}],"wp:attachment":[{"href":"https:\/\/mesa-international.de\/de\/wp-json\/wp\/v2\/media?parent=243028"}],"wp:term":[{"taxonomy":"product_brand","embeddable":true,"href":"https:\/\/mesa-international.de\/de\/wp-json\/wp\/v2\/product_brand?post=243028"},{"taxonomy":"product_cat","embeddable":true,"href":"https:\/\/mesa-international.de\/de\/wp-json\/wp\/v2\/product_cat?post=243028"},{"taxonomy":"product_tag","embeddable":true,"href":"https:\/\/mesa-international.de\/de\/wp-json\/wp\/v2\/product_tag?post=243028"}],"curies":[{"name":"wp","href":"https:\/\/api.w.org\/{rel}","templated":true}]}}