{"id":243026,"date":"2024-07-25T12:15:50","date_gmt":"2024-07-25T11:15:50","guid":{"rendered":"https:\/\/mesa-international.de\/product\/intelligenter-sender-typ-carbo-47\/"},"modified":"2024-09-18T10:03:29","modified_gmt":"2024-09-18T09:03:29","slug":"intelligenter-sender-typ-carbo-47","status":"publish","type":"product","link":"https:\/\/mesa-international.de\/de\/product\/intelligenter-sender-typ-carbo-47\/","title":{"rendered":"INTELLIGENTER SENDER TYP: CARBO 47"},"content":{"rendered":"<div class=\"et_pb_column et_pb_column_1_2 et_pb_column_2 et_pb_css_mix_blend_mode_passthrough\">\n<div class=\"et_pb_module et_pb_text et_pb_text_1 et_pb_text_align_left et_pb_bg_layout_light\">\n<div class=\"et_pb_text_inner\">\n<h4>FUNKTION<\/h4>\n<div class=\"page\" title=\"Seite 1\">\n<div class=\"section\">\n<div class=\"layoutArea\">\n<div class=\"column\">  Der Carbo 47 ist ein intelligenter Transmitter, der f\u00fcr den Anschluss verschiedener Arten von Sensoren entwickelt wurde.<br \/>\nDas Ger\u00e4t verarbeitet die Eingangssignale und gibt die gew\u00fcnschte Ausgangsgr\u00f6\u00dfe als Spannungs- oder Stromeinheitssignal aus.<br \/>\nDie hier beschriebenen Versionen wandeln den Restsauerstoffgehalt des Gases auf der Grundlage des angenommenen Gasgleichgewichts in andere Komponenten wie den C-Pegel um.<br \/>\nDie Bestimmung des C-Pegels in Verbindung mit einem herk\u00f6mmlichen Regler erm\u00f6glicht ein preisg\u00fcnstiges System zur Steuerung von Kohlenstoffatmosph\u00e4ren in W\u00e4rmebehandlungsanlagen.<br \/>\nDas System enth\u00e4lt weiterhin die M\u00f6glichkeiten, die teurere Systeme bieten, wie z.B. die Istwertkorrektur (siehe unten).<br \/>\nDie Investition ist auch bei kleineren Ofenanlagen schnell amortisiert.<br \/>\nEine weitere praktische Funktion des Ger\u00e4ts ist die Umwandlung der L-Sondenspannung in die Sondenspannung einer herk\u00f6mmlichen Zirkoniumoxidsonde (siehe das entsprechende Datenblatt f\u00fcr die L-Sonde).<br \/>\nDadurch kann die billigere, robustere L-Sonde an bestehende Kontrollsysteme angepasst werden.         <\/div>\n<\/div>\n<\/div>\n<\/div>\n<\/div>\n<\/div>\n<\/div>\n","protected":false},"excerpt":{"rendered":"<div class=\"et_pb_testimonial_description_inner\">\n<div class=\"et_pb_testimonial_content\">\n<div id=\"pgc-2918-2-0\" class=\"panel-grid-cell\">\n<div id=\"panel-2918-2-0-0\" class=\"so-panel widget widget_sow-editor panel-first-child panel-last-child\" data-index=\"3\">\n<div class=\"panel-widget-style panel-widget-style-for-2918-2-0-0\">\n<div class=\"so-widget-sow-editor so-widget-sow-editor-base\">\n<div class=\"siteorigin-widget-tinymce textwidget\">\n<h4><b>BESONDERE MERKMALE:<\/b><\/h4>\n<ul>\n<li>Berechnet das C-Niveau aus dem Restsauerstoffgehalt des Gases oder dem CO2-Gehalt der Ofenatmosph\u00e4re<\/li>\n<li>Konvertiert die Spannung der L-Sonde in die Spannungskurve einer Zirkoniumoxid-Sonde<\/li>\n<li>Parametereingabe \u00fcber steckbare Klemme<\/li>\n<li>Men\u00fcgef\u00fchrte Bedienung<\/li>\n<li>Hoher Betrieb durch galvanische Trennung aller Eing\u00e4nge<\/li>\n<li>Optionaler Anschluss von zwei Thermoelementen Typ &#8222;K&#8220; und &#8222;S&#8220;<\/li>\n<li>Zus\u00e4tzlicher Eingang f\u00fcr CO-Analysator<\/li>\n<\/ul>\n<\/div>\n<\/div>\n<\/div>\n<\/div>\n<\/div>\n<\/div>\n<\/div>\n","protected":false},"featured_media":239148,"comment_status":"open","ping_status":"closed","template":"","meta":{"_acf_changed":false,"content-type":""},"product_brand":[],"product_cat":[141],"product_tag":[],"class_list":{"0":"post-243026","1":"product","2":"type-product","3":"status-publish","4":"has-post-thumbnail","6":"product_cat-sender-indikator","8":"first","9":"instock","10":"shipping-taxable","11":"product-type-simple"},"acf":[],"yoast_head":"<!-- This site is optimized with the Yoast SEO plugin v27.5 - https:\/\/yoast.com\/product\/yoast-seo-wordpress\/ -->\n<title>INTELLIGENTER SENDER TYP: CARBO 47 - www.mesa-international.de<\/title>\n<meta name=\"robots\" content=\"index, follow, max-snippet:-1, max-image-preview:large, max-video-preview:-1\" \/>\n<link rel=\"canonical\" href=\"https:\/\/mesa-international.de\/de\/product\/intelligenter-sender-typ-carbo-47\/\" \/>\n<meta property=\"og:locale\" content=\"de_DE\" \/>\n<meta property=\"og:type\" content=\"article\" \/>\n<meta property=\"og:title\" content=\"INTELLIGENTER SENDER TYP: CARBO 47 - www.mesa-international.de\" \/>\n<meta property=\"og:description\" content=\"BESONDERE MERKMALE:  Berechnet das C-Niveau aus dem Restsauerstoffgehalt des Gases oder dem CO2-Gehalt der Ofenatmosph\u00e4re  Konvertiert die Spannung der L-Sonde in die Spannungskurve einer Zirkoniumoxid-Sonde  Parametereingabe \u00fcber steckbare Klemme  Men\u00fcgef\u00fchrte Bedienung  Hoher Betrieb durch galvanische Trennung aller Eing\u00e4nge  Optionaler Anschluss von zwei Thermoelementen Typ &quot;K&quot; und &quot;S&quot;  Zus\u00e4tzlicher Eingang f\u00fcr CO-Analysator\" \/>\n<meta property=\"og:url\" content=\"https:\/\/mesa-international.de\/de\/product\/intelligenter-sender-typ-carbo-47\/\" \/>\n<meta property=\"og:site_name\" content=\"www.mesa-international.de\" \/>\n<meta property=\"article:modified_time\" content=\"2024-09-18T09:03:29+00:00\" \/>\n<meta property=\"og:image\" content=\"https:\/\/mesa-international.de\/wp-content\/uploads\/2020\/12\/carbo-47-1-2.png\" \/>\n\t<meta property=\"og:image:width\" content=\"600\" \/>\n\t<meta property=\"og:image:height\" content=\"600\" \/>\n\t<meta property=\"og:image:type\" content=\"image\/png\" \/>\n<meta name=\"twitter:card\" content=\"summary_large_image\" \/>\n<meta name=\"twitter:label1\" content=\"Gesch\u00e4tzte Lesezeit\" \/>\n\t<meta name=\"twitter:data1\" content=\"1\u00a0Minute\" \/>\n<script type=\"application\/ld+json\" class=\"yoast-schema-graph\">{\"@context\":\"https:\\\/\\\/schema.org\",\"@graph\":[{\"@type\":\"WebPage\",\"@id\":\"https:\\\/\\\/mesa-international.de\\\/de\\\/product\\\/intelligenter-sender-typ-carbo-47\\\/\",\"url\":\"https:\\\/\\\/mesa-international.de\\\/de\\\/product\\\/intelligenter-sender-typ-carbo-47\\\/\",\"name\":\"INTELLIGENTER SENDER TYP: CARBO 47 - www.mesa-international.de\",\"isPartOf\":{\"@id\":\"https:\\\/\\\/mesa-international.de\\\/de\\\/#website\"},\"primaryImageOfPage\":{\"@id\":\"https:\\\/\\\/mesa-international.de\\\/de\\\/product\\\/intelligenter-sender-typ-carbo-47\\\/#primaryimage\"},\"image\":{\"@id\":\"https:\\\/\\\/mesa-international.de\\\/de\\\/product\\\/intelligenter-sender-typ-carbo-47\\\/#primaryimage\"},\"thumbnailUrl\":\"https:\\\/\\\/mesa-international.de\\\/wp-content\\\/uploads\\\/2020\\\/12\\\/carbo-47-1-2.png\",\"datePublished\":\"2024-07-25T11:15:50+00:00\",\"dateModified\":\"2024-09-18T09:03:29+00:00\",\"breadcrumb\":{\"@id\":\"https:\\\/\\\/mesa-international.de\\\/de\\\/product\\\/intelligenter-sender-typ-carbo-47\\\/#breadcrumb\"},\"inLanguage\":\"de\",\"potentialAction\":[{\"@type\":\"ReadAction\",\"target\":[\"https:\\\/\\\/mesa-international.de\\\/de\\\/product\\\/intelligenter-sender-typ-carbo-47\\\/\"]}]},{\"@type\":\"ImageObject\",\"inLanguage\":\"de\",\"@id\":\"https:\\\/\\\/mesa-international.de\\\/de\\\/product\\\/intelligenter-sender-typ-carbo-47\\\/#primaryimage\",\"url\":\"https:\\\/\\\/mesa-international.de\\\/wp-content\\\/uploads\\\/2020\\\/12\\\/carbo-47-1-2.png\",\"contentUrl\":\"https:\\\/\\\/mesa-international.de\\\/wp-content\\\/uploads\\\/2020\\\/12\\\/carbo-47-1-2.png\",\"width\":600,\"height\":600},{\"@type\":\"BreadcrumbList\",\"@id\":\"https:\\\/\\\/mesa-international.de\\\/de\\\/product\\\/intelligenter-sender-typ-carbo-47\\\/#breadcrumb\",\"itemListElement\":[{\"@type\":\"ListItem\",\"position\":1,\"name\":\"Shop\",\"item\":\"https:\\\/\\\/mesa-international.de\\\/de\\\/shop\\\/\"},{\"@type\":\"ListItem\",\"position\":2,\"name\":\"INTELLIGENTER SENDER TYP: CARBO 47\"}]},{\"@type\":\"WebSite\",\"@id\":\"https:\\\/\\\/mesa-international.de\\\/de\\\/#website\",\"url\":\"https:\\\/\\\/mesa-international.de\\\/de\\\/\",\"name\":\"www.mesa-international.de\",\"description\":\"Mesa Electronics Gmbh\",\"publisher\":{\"@id\":\"https:\\\/\\\/mesa-international.de\\\/de\\\/#organization\"},\"potentialAction\":[{\"@type\":\"SearchAction\",\"target\":{\"@type\":\"EntryPoint\",\"urlTemplate\":\"https:\\\/\\\/mesa-international.de\\\/de\\\/?s={search_term_string}\"},\"query-input\":{\"@type\":\"PropertyValueSpecification\",\"valueRequired\":true,\"valueName\":\"search_term_string\"}}],\"inLanguage\":\"de\"},{\"@type\":\"Organization\",\"@id\":\"https:\\\/\\\/mesa-international.de\\\/de\\\/#organization\",\"name\":\"www.mesa-international.de\",\"url\":\"https:\\\/\\\/mesa-international.de\\\/de\\\/\",\"logo\":{\"@type\":\"ImageObject\",\"inLanguage\":\"de\",\"@id\":\"https:\\\/\\\/mesa-international.de\\\/de\\\/#\\\/schema\\\/logo\\\/image\\\/\",\"url\":\"https:\\\/\\\/mesa-international.de\\\/wp-content\\\/uploads\\\/2022\\\/11\\\/sadsaca.png\",\"contentUrl\":\"https:\\\/\\\/mesa-international.de\\\/wp-content\\\/uploads\\\/2022\\\/11\\\/sadsaca.png\",\"width\":173,\"height\":107,\"caption\":\"www.mesa-international.de\"},\"image\":{\"@id\":\"https:\\\/\\\/mesa-international.de\\\/de\\\/#\\\/schema\\\/logo\\\/image\\\/\"},\"sameAs\":[\"https:\\\/\\\/www.linkedin.com\\\/company\\\/mesa-electronic-gmbh\\\/\"]}]}<\/script>\n<!-- \/ Yoast SEO plugin. -->","yoast_head_json":{"title":"INTELLIGENTER SENDER TYP: CARBO 47 - www.mesa-international.de","robots":{"index":"index","follow":"follow","max-snippet":"max-snippet:-1","max-image-preview":"max-image-preview:large","max-video-preview":"max-video-preview:-1"},"canonical":"https:\/\/mesa-international.de\/de\/product\/intelligenter-sender-typ-carbo-47\/","og_locale":"de_DE","og_type":"article","og_title":"INTELLIGENTER SENDER TYP: CARBO 47 - www.mesa-international.de","og_description":"BESONDERE MERKMALE:  Berechnet das C-Niveau aus dem Restsauerstoffgehalt des Gases oder dem CO2-Gehalt der Ofenatmosph\u00e4re  Konvertiert die Spannung der L-Sonde in die Spannungskurve einer Zirkoniumoxid-Sonde  Parametereingabe \u00fcber steckbare Klemme  Men\u00fcgef\u00fchrte Bedienung  Hoher Betrieb durch galvanische Trennung aller Eing\u00e4nge  Optionaler Anschluss von zwei Thermoelementen Typ \"K\" und \"S\"  Zus\u00e4tzlicher Eingang f\u00fcr CO-Analysator","og_url":"https:\/\/mesa-international.de\/de\/product\/intelligenter-sender-typ-carbo-47\/","og_site_name":"www.mesa-international.de","article_modified_time":"2024-09-18T09:03:29+00:00","og_image":[{"width":600,"height":600,"url":"https:\/\/mesa-international.de\/wp-content\/uploads\/2020\/12\/carbo-47-1-2.png","type":"image\/png"}],"twitter_card":"summary_large_image","twitter_misc":{"Gesch\u00e4tzte Lesezeit":"1\u00a0Minute"},"schema":{"@context":"https:\/\/schema.org","@graph":[{"@type":"WebPage","@id":"https:\/\/mesa-international.de\/de\/product\/intelligenter-sender-typ-carbo-47\/","url":"https:\/\/mesa-international.de\/de\/product\/intelligenter-sender-typ-carbo-47\/","name":"INTELLIGENTER SENDER TYP: CARBO 47 - www.mesa-international.de","isPartOf":{"@id":"https:\/\/mesa-international.de\/de\/#website"},"primaryImageOfPage":{"@id":"https:\/\/mesa-international.de\/de\/product\/intelligenter-sender-typ-carbo-47\/#primaryimage"},"image":{"@id":"https:\/\/mesa-international.de\/de\/product\/intelligenter-sender-typ-carbo-47\/#primaryimage"},"thumbnailUrl":"https:\/\/mesa-international.de\/wp-content\/uploads\/2020\/12\/carbo-47-1-2.png","datePublished":"2024-07-25T11:15:50+00:00","dateModified":"2024-09-18T09:03:29+00:00","breadcrumb":{"@id":"https:\/\/mesa-international.de\/de\/product\/intelligenter-sender-typ-carbo-47\/#breadcrumb"},"inLanguage":"de","potentialAction":[{"@type":"ReadAction","target":["https:\/\/mesa-international.de\/de\/product\/intelligenter-sender-typ-carbo-47\/"]}]},{"@type":"ImageObject","inLanguage":"de","@id":"https:\/\/mesa-international.de\/de\/product\/intelligenter-sender-typ-carbo-47\/#primaryimage","url":"https:\/\/mesa-international.de\/wp-content\/uploads\/2020\/12\/carbo-47-1-2.png","contentUrl":"https:\/\/mesa-international.de\/wp-content\/uploads\/2020\/12\/carbo-47-1-2.png","width":600,"height":600},{"@type":"BreadcrumbList","@id":"https:\/\/mesa-international.de\/de\/product\/intelligenter-sender-typ-carbo-47\/#breadcrumb","itemListElement":[{"@type":"ListItem","position":1,"name":"Shop","item":"https:\/\/mesa-international.de\/de\/shop\/"},{"@type":"ListItem","position":2,"name":"INTELLIGENTER SENDER TYP: CARBO 47"}]},{"@type":"WebSite","@id":"https:\/\/mesa-international.de\/de\/#website","url":"https:\/\/mesa-international.de\/de\/","name":"www.mesa-international.de","description":"Mesa Electronics Gmbh","publisher":{"@id":"https:\/\/mesa-international.de\/de\/#organization"},"potentialAction":[{"@type":"SearchAction","target":{"@type":"EntryPoint","urlTemplate":"https:\/\/mesa-international.de\/de\/?s={search_term_string}"},"query-input":{"@type":"PropertyValueSpecification","valueRequired":true,"valueName":"search_term_string"}}],"inLanguage":"de"},{"@type":"Organization","@id":"https:\/\/mesa-international.de\/de\/#organization","name":"www.mesa-international.de","url":"https:\/\/mesa-international.de\/de\/","logo":{"@type":"ImageObject","inLanguage":"de","@id":"https:\/\/mesa-international.de\/de\/#\/schema\/logo\/image\/","url":"https:\/\/mesa-international.de\/wp-content\/uploads\/2022\/11\/sadsaca.png","contentUrl":"https:\/\/mesa-international.de\/wp-content\/uploads\/2022\/11\/sadsaca.png","width":173,"height":107,"caption":"www.mesa-international.de"},"image":{"@id":"https:\/\/mesa-international.de\/de\/#\/schema\/logo\/image\/"},"sameAs":["https:\/\/www.linkedin.com\/company\/mesa-electronic-gmbh\/"]}]}},"_links":{"self":[{"href":"https:\/\/mesa-international.de\/de\/wp-json\/wp\/v2\/product\/243026","targetHints":{"allow":["GET"]}}],"collection":[{"href":"https:\/\/mesa-international.de\/de\/wp-json\/wp\/v2\/product"}],"about":[{"href":"https:\/\/mesa-international.de\/de\/wp-json\/wp\/v2\/types\/product"}],"replies":[{"embeddable":true,"href":"https:\/\/mesa-international.de\/de\/wp-json\/wp\/v2\/comments?post=243026"}],"wp:featuredmedia":[{"embeddable":true,"href":"https:\/\/mesa-international.de\/de\/wp-json\/wp\/v2\/media\/239148"}],"wp:attachment":[{"href":"https:\/\/mesa-international.de\/de\/wp-json\/wp\/v2\/media?parent=243026"}],"wp:term":[{"taxonomy":"product_brand","embeddable":true,"href":"https:\/\/mesa-international.de\/de\/wp-json\/wp\/v2\/product_brand?post=243026"},{"taxonomy":"product_cat","embeddable":true,"href":"https:\/\/mesa-international.de\/de\/wp-json\/wp\/v2\/product_cat?post=243026"},{"taxonomy":"product_tag","embeddable":true,"href":"https:\/\/mesa-international.de\/de\/wp-json\/wp\/v2\/product_tag?post=243026"}],"curies":[{"name":"wp","href":"https:\/\/api.w.org\/{rel}","templated":true}]}}