{"id":243025,"date":"2024-07-25T12:43:38","date_gmt":"2024-07-25T11:43:38","guid":{"rendered":"https:\/\/mesa-international.de\/product\/steuerzubehoer-typ-uz-49\/"},"modified":"2024-09-18T10:03:25","modified_gmt":"2024-09-18T09:03:25","slug":"steuerzubehoer-typ-uz-49","status":"publish","type":"product","link":"https:\/\/mesa-international.de\/de\/product\/steuerzubehoer-typ-uz-49\/","title":{"rendered":"STEUERZUBEH\u00d6R TYP: UZ 49"},"content":{"rendered":"<div class=\"et_pb_testimonial_description_inner\">\n<div class=\"et_pb_testimonial_content\">\n<h4><b>BESONDERE MERKMALE:<\/b><\/h4>\n<ul>\n<li>Anschluss an kontinuierliche oder nicht-kontinuierliche Temperaturregler<\/li>\n<li>Ansteuerung von bis zu 12 Brennern<\/li>\n<li>Schraub- und Tragschienenbefestigung<\/li>\n<li>Eingang \u00dcbertemperatur<\/li>\n<li>Einstellbare Brennerlaufzeit<\/li>\n<\/ul>\n<\/div>\n<\/div>\n","protected":false},"excerpt":{"rendered":"<div class=\"et_pb_column et_pb_column_1_2 et_pb_column_2 et_pb_css_mix_blend_mode_passthrough\">\n<div class=\"et_pb_module et_pb_text et_pb_text_1 et_pb_text_align_left et_pb_bg_layout_light\">\n<div class=\"et_pb_text_inner\">\n<p class=\"p1\">Das Regelungszubeh\u00f6r wird zur leistungsabh\u00e4ngigen, zyklischen Rundumsteuerung von Rekumat-Brennern oder Strahlrohren in gasbefeuerten \u00d6fen verwendet.<br \/>\nDie Einschaltzeit des Brenners wird f\u00fcr den Rundumbetrieb konstant gehalten und die Ausschaltzeit des Brenners wird an den momentanen Leistungsbedarf angepasst. <\/p>\n<div class=\"page\" title=\"Seite 1\">\n<div class=\"section\">\n<div class=\"layoutArea\">\n<div class=\"column\">  Diese Technik verbessert die Effizienz des Ofens, erzeugt eine gleichm\u00e4\u00dfige Ofenraumtemperatur und einen konstanten Ofenraumdruck.<br \/>\nAusgangsschaltungen und Relais sind in einem oder zwei baugleichen Zubeh\u00f6rgeh\u00e4usen ZUZ 49&#8230; untergebracht.   <\/p>\n<div class=\"page\" title=\"Seite 1\">\n<div class=\"section\">\n<div class=\"layoutArea\">\n<div class=\"column\">  Die beiden Ger\u00e4te sind \u00fcber ein steckbares Buskabel verbunden.  <\/div>\n<\/div>\n<\/div>\n<\/div>\n<\/div>\n<\/div>\n<\/div>\n<\/div>\n<\/div>\n<\/div>\n<\/div>\n","protected":false},"featured_media":242920,"comment_status":"open","ping_status":"closed","template":"","meta":{"_acf_changed":false,"content-type":""},"product_brand":[],"product_cat":[139],"product_tag":[],"class_list":{"0":"post-243025","1":"product","2":"type-product","3":"status-publish","4":"has-post-thumbnail","6":"product_cat-brennersteuerungen","8":"first","9":"instock","10":"shipping-taxable","11":"product-type-simple"},"acf":[],"yoast_head":"<!-- This site is optimized with the Yoast SEO plugin v27.5 - https:\/\/yoast.com\/product\/yoast-seo-wordpress\/ -->\n<title>STEUERZUBEH\u00d6R TYP: UZ 49 - www.mesa-international.de<\/title>\n<meta name=\"robots\" content=\"index, follow, max-snippet:-1, max-image-preview:large, max-video-preview:-1\" \/>\n<link rel=\"canonical\" href=\"https:\/\/mesa-international.de\/de\/product\/steuerzubehoer-typ-uz-49\/\" \/>\n<meta property=\"og:locale\" content=\"de_DE\" \/>\n<meta property=\"og:type\" content=\"article\" \/>\n<meta property=\"og:title\" content=\"STEUERZUBEH\u00d6R TYP: UZ 49 - www.mesa-international.de\" \/>\n<meta property=\"og:description\" content=\"Das Regelungszubeh\u00f6r wird zur leistungsabh\u00e4ngigen, zyklischen Rundumsteuerung von Rekumat-Brennern oder Strahlrohren in gasbefeuerten \u00d6fen verwendet. Die Einschaltzeit des Brenners wird f\u00fcr den Rundumbetrieb konstant gehalten und die Ausschaltzeit des Brenners wird an den momentanen Leistungsbedarf angepasst.    Diese Technik verbessert die Effizienz des Ofens, erzeugt eine gleichm\u00e4\u00dfige Ofenraumtemperatur und einen konstanten Ofenraumdruck. Ausgangsschaltungen und Relais sind in einem oder zwei baugleichen Zubeh\u00f6rgeh\u00e4usen ZUZ 49... untergebracht.    Die beiden Ger\u00e4te sind \u00fcber ein steckbares Buskabel verbunden.\" \/>\n<meta property=\"og:url\" content=\"https:\/\/mesa-international.de\/de\/product\/steuerzubehoer-typ-uz-49\/\" \/>\n<meta property=\"og:site_name\" content=\"www.mesa-international.de\" \/>\n<meta property=\"article:modified_time\" content=\"2024-09-18T09:03:25+00:00\" \/>\n<meta property=\"og:image\" content=\"https:\/\/mesa-international.de\/wp-content\/uploads\/2024\/07\/14.jpg\" \/>\n\t<meta property=\"og:image:width\" content=\"842\" \/>\n\t<meta property=\"og:image:height\" content=\"998\" \/>\n\t<meta property=\"og:image:type\" content=\"image\/jpeg\" \/>\n<meta name=\"twitter:card\" content=\"summary_large_image\" \/>\n<script type=\"application\/ld+json\" class=\"yoast-schema-graph\">{\"@context\":\"https:\\\/\\\/schema.org\",\"@graph\":[{\"@type\":\"WebPage\",\"@id\":\"https:\\\/\\\/mesa-international.de\\\/de\\\/product\\\/steuerzubehoer-typ-uz-49\\\/\",\"url\":\"https:\\\/\\\/mesa-international.de\\\/de\\\/product\\\/steuerzubehoer-typ-uz-49\\\/\",\"name\":\"STEUERZUBEH\u00d6R TYP: UZ 49 - www.mesa-international.de\",\"isPartOf\":{\"@id\":\"https:\\\/\\\/mesa-international.de\\\/de\\\/#website\"},\"primaryImageOfPage\":{\"@id\":\"https:\\\/\\\/mesa-international.de\\\/de\\\/product\\\/steuerzubehoer-typ-uz-49\\\/#primaryimage\"},\"image\":{\"@id\":\"https:\\\/\\\/mesa-international.de\\\/de\\\/product\\\/steuerzubehoer-typ-uz-49\\\/#primaryimage\"},\"thumbnailUrl\":\"https:\\\/\\\/mesa-international.de\\\/wp-content\\\/uploads\\\/2024\\\/07\\\/14.jpg\",\"datePublished\":\"2024-07-25T11:43:38+00:00\",\"dateModified\":\"2024-09-18T09:03:25+00:00\",\"breadcrumb\":{\"@id\":\"https:\\\/\\\/mesa-international.de\\\/de\\\/product\\\/steuerzubehoer-typ-uz-49\\\/#breadcrumb\"},\"inLanguage\":\"de\",\"potentialAction\":[{\"@type\":\"ReadAction\",\"target\":[\"https:\\\/\\\/mesa-international.de\\\/de\\\/product\\\/steuerzubehoer-typ-uz-49\\\/\"]}]},{\"@type\":\"ImageObject\",\"inLanguage\":\"de\",\"@id\":\"https:\\\/\\\/mesa-international.de\\\/de\\\/product\\\/steuerzubehoer-typ-uz-49\\\/#primaryimage\",\"url\":\"https:\\\/\\\/mesa-international.de\\\/wp-content\\\/uploads\\\/2024\\\/07\\\/14.jpg\",\"contentUrl\":\"https:\\\/\\\/mesa-international.de\\\/wp-content\\\/uploads\\\/2024\\\/07\\\/14.jpg\",\"width\":842,\"height\":998},{\"@type\":\"BreadcrumbList\",\"@id\":\"https:\\\/\\\/mesa-international.de\\\/de\\\/product\\\/steuerzubehoer-typ-uz-49\\\/#breadcrumb\",\"itemListElement\":[{\"@type\":\"ListItem\",\"position\":1,\"name\":\"Shop\",\"item\":\"https:\\\/\\\/mesa-international.de\\\/de\\\/shop\\\/\"},{\"@type\":\"ListItem\",\"position\":2,\"name\":\"STEUERZUBEH\u00d6R TYP: UZ 49\"}]},{\"@type\":\"WebSite\",\"@id\":\"https:\\\/\\\/mesa-international.de\\\/de\\\/#website\",\"url\":\"https:\\\/\\\/mesa-international.de\\\/de\\\/\",\"name\":\"www.mesa-international.de\",\"description\":\"Mesa Electronics Gmbh\",\"publisher\":{\"@id\":\"https:\\\/\\\/mesa-international.de\\\/de\\\/#organization\"},\"potentialAction\":[{\"@type\":\"SearchAction\",\"target\":{\"@type\":\"EntryPoint\",\"urlTemplate\":\"https:\\\/\\\/mesa-international.de\\\/de\\\/?s={search_term_string}\"},\"query-input\":{\"@type\":\"PropertyValueSpecification\",\"valueRequired\":true,\"valueName\":\"search_term_string\"}}],\"inLanguage\":\"de\"},{\"@type\":\"Organization\",\"@id\":\"https:\\\/\\\/mesa-international.de\\\/de\\\/#organization\",\"name\":\"www.mesa-international.de\",\"url\":\"https:\\\/\\\/mesa-international.de\\\/de\\\/\",\"logo\":{\"@type\":\"ImageObject\",\"inLanguage\":\"de\",\"@id\":\"https:\\\/\\\/mesa-international.de\\\/de\\\/#\\\/schema\\\/logo\\\/image\\\/\",\"url\":\"https:\\\/\\\/mesa-international.de\\\/wp-content\\\/uploads\\\/2022\\\/11\\\/sadsaca.png\",\"contentUrl\":\"https:\\\/\\\/mesa-international.de\\\/wp-content\\\/uploads\\\/2022\\\/11\\\/sadsaca.png\",\"width\":173,\"height\":107,\"caption\":\"www.mesa-international.de\"},\"image\":{\"@id\":\"https:\\\/\\\/mesa-international.de\\\/de\\\/#\\\/schema\\\/logo\\\/image\\\/\"},\"sameAs\":[\"https:\\\/\\\/www.linkedin.com\\\/company\\\/mesa-electronic-gmbh\\\/\"]}]}<\/script>\n<!-- \/ Yoast SEO plugin. -->","yoast_head_json":{"title":"STEUERZUBEH\u00d6R TYP: UZ 49 - www.mesa-international.de","robots":{"index":"index","follow":"follow","max-snippet":"max-snippet:-1","max-image-preview":"max-image-preview:large","max-video-preview":"max-video-preview:-1"},"canonical":"https:\/\/mesa-international.de\/de\/product\/steuerzubehoer-typ-uz-49\/","og_locale":"de_DE","og_type":"article","og_title":"STEUERZUBEH\u00d6R TYP: UZ 49 - www.mesa-international.de","og_description":"Das Regelungszubeh\u00f6r wird zur leistungsabh\u00e4ngigen, zyklischen Rundumsteuerung von Rekumat-Brennern oder Strahlrohren in gasbefeuerten \u00d6fen verwendet. Die Einschaltzeit des Brenners wird f\u00fcr den Rundumbetrieb konstant gehalten und die Ausschaltzeit des Brenners wird an den momentanen Leistungsbedarf angepasst.    Diese Technik verbessert die Effizienz des Ofens, erzeugt eine gleichm\u00e4\u00dfige Ofenraumtemperatur und einen konstanten Ofenraumdruck. Ausgangsschaltungen und Relais sind in einem oder zwei baugleichen Zubeh\u00f6rgeh\u00e4usen ZUZ 49... untergebracht.    Die beiden Ger\u00e4te sind \u00fcber ein steckbares Buskabel verbunden.","og_url":"https:\/\/mesa-international.de\/de\/product\/steuerzubehoer-typ-uz-49\/","og_site_name":"www.mesa-international.de","article_modified_time":"2024-09-18T09:03:25+00:00","og_image":[{"width":842,"height":998,"url":"https:\/\/mesa-international.de\/wp-content\/uploads\/2024\/07\/14.jpg","type":"image\/jpeg"}],"twitter_card":"summary_large_image","schema":{"@context":"https:\/\/schema.org","@graph":[{"@type":"WebPage","@id":"https:\/\/mesa-international.de\/de\/product\/steuerzubehoer-typ-uz-49\/","url":"https:\/\/mesa-international.de\/de\/product\/steuerzubehoer-typ-uz-49\/","name":"STEUERZUBEH\u00d6R TYP: UZ 49 - www.mesa-international.de","isPartOf":{"@id":"https:\/\/mesa-international.de\/de\/#website"},"primaryImageOfPage":{"@id":"https:\/\/mesa-international.de\/de\/product\/steuerzubehoer-typ-uz-49\/#primaryimage"},"image":{"@id":"https:\/\/mesa-international.de\/de\/product\/steuerzubehoer-typ-uz-49\/#primaryimage"},"thumbnailUrl":"https:\/\/mesa-international.de\/wp-content\/uploads\/2024\/07\/14.jpg","datePublished":"2024-07-25T11:43:38+00:00","dateModified":"2024-09-18T09:03:25+00:00","breadcrumb":{"@id":"https:\/\/mesa-international.de\/de\/product\/steuerzubehoer-typ-uz-49\/#breadcrumb"},"inLanguage":"de","potentialAction":[{"@type":"ReadAction","target":["https:\/\/mesa-international.de\/de\/product\/steuerzubehoer-typ-uz-49\/"]}]},{"@type":"ImageObject","inLanguage":"de","@id":"https:\/\/mesa-international.de\/de\/product\/steuerzubehoer-typ-uz-49\/#primaryimage","url":"https:\/\/mesa-international.de\/wp-content\/uploads\/2024\/07\/14.jpg","contentUrl":"https:\/\/mesa-international.de\/wp-content\/uploads\/2024\/07\/14.jpg","width":842,"height":998},{"@type":"BreadcrumbList","@id":"https:\/\/mesa-international.de\/de\/product\/steuerzubehoer-typ-uz-49\/#breadcrumb","itemListElement":[{"@type":"ListItem","position":1,"name":"Shop","item":"https:\/\/mesa-international.de\/de\/shop\/"},{"@type":"ListItem","position":2,"name":"STEUERZUBEH\u00d6R TYP: UZ 49"}]},{"@type":"WebSite","@id":"https:\/\/mesa-international.de\/de\/#website","url":"https:\/\/mesa-international.de\/de\/","name":"www.mesa-international.de","description":"Mesa Electronics Gmbh","publisher":{"@id":"https:\/\/mesa-international.de\/de\/#organization"},"potentialAction":[{"@type":"SearchAction","target":{"@type":"EntryPoint","urlTemplate":"https:\/\/mesa-international.de\/de\/?s={search_term_string}"},"query-input":{"@type":"PropertyValueSpecification","valueRequired":true,"valueName":"search_term_string"}}],"inLanguage":"de"},{"@type":"Organization","@id":"https:\/\/mesa-international.de\/de\/#organization","name":"www.mesa-international.de","url":"https:\/\/mesa-international.de\/de\/","logo":{"@type":"ImageObject","inLanguage":"de","@id":"https:\/\/mesa-international.de\/de\/#\/schema\/logo\/image\/","url":"https:\/\/mesa-international.de\/wp-content\/uploads\/2022\/11\/sadsaca.png","contentUrl":"https:\/\/mesa-international.de\/wp-content\/uploads\/2022\/11\/sadsaca.png","width":173,"height":107,"caption":"www.mesa-international.de"},"image":{"@id":"https:\/\/mesa-international.de\/de\/#\/schema\/logo\/image\/"},"sameAs":["https:\/\/www.linkedin.com\/company\/mesa-electronic-gmbh\/"]}]}},"_links":{"self":[{"href":"https:\/\/mesa-international.de\/de\/wp-json\/wp\/v2\/product\/243025","targetHints":{"allow":["GET"]}}],"collection":[{"href":"https:\/\/mesa-international.de\/de\/wp-json\/wp\/v2\/product"}],"about":[{"href":"https:\/\/mesa-international.de\/de\/wp-json\/wp\/v2\/types\/product"}],"replies":[{"embeddable":true,"href":"https:\/\/mesa-international.de\/de\/wp-json\/wp\/v2\/comments?post=243025"}],"wp:featuredmedia":[{"embeddable":true,"href":"https:\/\/mesa-international.de\/de\/wp-json\/wp\/v2\/media\/242920"}],"wp:attachment":[{"href":"https:\/\/mesa-international.de\/de\/wp-json\/wp\/v2\/media?parent=243025"}],"wp:term":[{"taxonomy":"product_brand","embeddable":true,"href":"https:\/\/mesa-international.de\/de\/wp-json\/wp\/v2\/product_brand?post=243025"},{"taxonomy":"product_cat","embeddable":true,"href":"https:\/\/mesa-international.de\/de\/wp-json\/wp\/v2\/product_cat?post=243025"},{"taxonomy":"product_tag","embeddable":true,"href":"https:\/\/mesa-international.de\/de\/wp-json\/wp\/v2\/product_tag?post=243025"}],"curies":[{"name":"wp","href":"https:\/\/api.w.org\/{rel}","templated":true}]}}