{"id":243024,"date":"2024-07-25T12:16:30","date_gmt":"2024-07-25T11:16:30","guid":{"rendered":"https:\/\/mesa-international.de\/product\/praeziser-sollwertgeber-sg005\/"},"modified":"2024-09-17T22:15:25","modified_gmt":"2024-09-17T21:15:25","slug":"praeziser-sollwertgeber-sg005","status":"publish","type":"product","link":"https:\/\/mesa-international.de\/de\/product\/praeziser-sollwertgeber-sg005\/","title":{"rendered":"PR\u00c4ZISER SOLLWERTGEBER SG005"},"content":{"rendered":"<div id=\"main-content\">\n<article id=\"post-2622\" class=\"post-2622 page type-page status-publish has-post-thumbnail hentry\">\n<div class=\"entry-content\">\n<div class=\"et-l et-l--post\">\n<div class=\"et_builder_inner_content et_pb_gutters3\">\n<div class=\"et_pb_section et_pb_section_0 et_pb_section_parallax et_pb_with_background et_section_regular\">\n<div class=\"et_pb_row et_pb_row_1\">\n<div class=\"et_pb_column et_pb_column_1_2 et_pb_column_2 et_pb_css_mix_blend_mode_passthrough\">\n<div class=\"et_pb_module et_pb_text et_pb_text_1 et_pb_text_align_left et_pb_bg_layout_light\">\n<div class=\"et_pb_text_inner\">  EIGENSCHAFT:  <\/p>\n<ul class=\"list-group\">\n<li class=\"list-group-item\">Kompaktes 96\u00d748 Geh\u00e4use f\u00fcr den Schalttafeleinbau<\/li>\n<li class=\"list-group-item\">Gro\u00dfe 5-stellige LED-Anzeige mit 20 mm H\u00f6he<\/li>\n<li class=\"list-group-item\">Statusanzeige durch LED&#8217;s an der Vorderseite<\/li>\n<li class=\"list-group-item\">85&#8230;265VAC oder 10&#8230;36VDC Spannungsversorgung<\/li>\n<li class=\"list-group-item\">Vollst\u00e4ndig konfigurierbar \u00fcber die serielle Schnittstelle.<\/li>\n<\/ul>\n<p>  OPTIONALE MODULE:  <\/p>\n<ul class=\"list-group\">\n<li class=\"list-group-item\"><strong>Modul2:<\/strong> Zwei isolierte +24V-Digitaleing\u00e4nge, mit denen Sie vordefinierte Werte ausw\u00e4hlen k\u00f6nnen.<\/li>\n<li class=\"list-group-item\"><strong>Modul3:<\/strong> Isolierte RS-485\/RS-422 oder nicht isolierte RS-232 Kommunikationsschnittstelle f\u00fcr das Modbus RTU Protokoll.<\/li>\n<\/ul>\n<\/div>\n<\/div>\n<\/div>\n<div class=\"et_pb_column et_pb_column_1_2 et_pb_column_3 et_pb_css_mix_blend_mode_passthrough et-last-child\">\n<div class=\"et_pb_module et_pb_text et_pb_text_2 et_pb_text_align_left et_pb_bg_layout_light\">\n<div class=\"et_pb_text_inner\">\n<div id=\"pgc-2959-3-0\" class=\"panel-grid-cell\">\n<div id=\"panel-2959-3-0-0\" class=\"so-panel widget widget_sow-editor panel-first-child panel-last-child\" data-index=\"5\">\n<div class=\"panel-widget-style panel-widget-style-for-2959-3-0-0\">\n<div class=\"so-widget-sow-editor so-widget-sow-editor-base\">\n<div class=\"siteorigin-widget-tinymce textwidget\">  GALVANISCH ISOLIERTER STANDARD-ANALOGAUSGANG:  <\/p>\n<ul class=\"list-group\">\n<li class=\"list-group-item\">Strombereich: 0mA..24 mA,<\/li>\n<li class=\"list-group-item\">Spannungsbereiche: +-25mV, +-100mV, +-1V und +-10V<\/li>\n<li class=\"list-group-item\">Thermoelement: Typ B,C,E,J,K,L,M,N,R,S,T, mit mitgeliefertem Umgebungstemperatursensor, oder Einstellung der Umgebungstemperatur \u00fcber die Tastatur.<\/li>\n<\/ul>\n<\/div>\n<\/div>\n<\/div>\n<\/div>\n<\/div>\n<\/div>\n<\/div>\n<\/div>\n<\/div>\n<\/div>\n<\/div>\n<\/div>\n<\/div>\n<\/article>\n<\/div>\n<footer class=\"et-l et-l--footer\">\n<div class=\"et_builder_inner_content et_pb_gutters3\">\n<div class=\"et_pb_section et_pb_section_1_tb_footer eng-footer et_pb_section_parallax et_pb_with_background et_section_regular\"><\/div>\n<\/div>\n<\/footer>\n","protected":false},"excerpt":{"rendered":"<div class=\"et_pb_testimonial_description_inner\">\n<div class=\"et_pb_testimonial_content\">\n<h4>FUNKTION<\/h4>\n<p>  Das SG005 ist ein pr\u00e4zises digitales Sollwertger\u00e4t, das verschiedene Arten von elektrischen Signalen ausgeben kann, darunter Spannung, Strom und eine von einem Thermoelement simulierte Spannung.<br \/>\nDie Konfiguration des Ger\u00e4ts kann vollst\u00e4ndig \u00fcber die Tastatur vorgenommen werden.<br \/>\nEs ist kein Hardware-Setup und kein \u00d6ffnen des Ger\u00e4ts erforderlich.<br \/>\nEs ist auch m\u00f6glich, einen von acht vordefinierten Ausgangswerten \u00fcber die Tastatur oder digitale Eing\u00e4nge auszuw\u00e4hlen.     <\/p><\/div>\n<\/div>\n","protected":false},"featured_media":242873,"comment_status":"open","ping_status":"closed","template":"","meta":{"_acf_changed":false,"content-type":""},"product_brand":[],"product_cat":[141],"product_tag":[],"class_list":{"0":"post-243024","1":"product","2":"type-product","3":"status-publish","4":"has-post-thumbnail","6":"product_cat-sender-indikator","8":"first","9":"instock","10":"shipping-taxable","11":"product-type-simple"},"acf":[],"yoast_head":"<!-- This site is optimized with the Yoast SEO plugin v27.5 - https:\/\/yoast.com\/product\/yoast-seo-wordpress\/ -->\n<title>PR\u00c4ZISER SOLLWERTGEBER SG005 - www.mesa-international.de<\/title>\n<meta name=\"robots\" content=\"index, follow, max-snippet:-1, max-image-preview:large, max-video-preview:-1\" \/>\n<link rel=\"canonical\" href=\"https:\/\/mesa-international.de\/de\/product\/praeziser-sollwertgeber-sg005\/\" \/>\n<meta property=\"og:locale\" content=\"de_DE\" \/>\n<meta property=\"og:type\" content=\"article\" \/>\n<meta property=\"og:title\" content=\"PR\u00c4ZISER SOLLWERTGEBER SG005 - www.mesa-international.de\" \/>\n<meta property=\"og:description\" content=\"FUNKTION Das SG005 ist ein pr\u00e4zises digitales Sollwertger\u00e4t, das verschiedene Arten von elektrischen Signalen ausgeben kann, darunter Spannung, Strom und eine von einem Thermoelement simulierte Spannung. Die Konfiguration des Ger\u00e4ts kann vollst\u00e4ndig \u00fcber die Tastatur vorgenommen werden. Es ist kein Hardware-Setup und kein \u00d6ffnen des Ger\u00e4ts erforderlich. Es ist auch m\u00f6glich, einen von acht vordefinierten Ausgangswerten \u00fcber die Tastatur oder digitale Eing\u00e4nge auszuw\u00e4hlen.\" \/>\n<meta property=\"og:url\" content=\"https:\/\/mesa-international.de\/de\/product\/praeziser-sollwertgeber-sg005\/\" \/>\n<meta property=\"og:site_name\" content=\"www.mesa-international.de\" \/>\n<meta property=\"article:modified_time\" content=\"2024-09-17T21:15:25+00:00\" \/>\n<meta property=\"og:image\" content=\"https:\/\/mesa-international.de\/wp-content\/uploads\/2024\/07\/A005-1-1-8-1.png\" \/>\n\t<meta property=\"og:image:width\" content=\"600\" \/>\n\t<meta property=\"og:image:height\" content=\"600\" \/>\n\t<meta property=\"og:image:type\" content=\"image\/png\" \/>\n<meta name=\"twitter:card\" content=\"summary_large_image\" \/>\n<meta name=\"twitter:label1\" content=\"Gesch\u00e4tzte Lesezeit\" \/>\n\t<meta name=\"twitter:data1\" content=\"1\u00a0Minute\" \/>\n<script type=\"application\/ld+json\" class=\"yoast-schema-graph\">{\"@context\":\"https:\\\/\\\/schema.org\",\"@graph\":[{\"@type\":\"WebPage\",\"@id\":\"https:\\\/\\\/mesa-international.de\\\/de\\\/product\\\/praeziser-sollwertgeber-sg005\\\/\",\"url\":\"https:\\\/\\\/mesa-international.de\\\/de\\\/product\\\/praeziser-sollwertgeber-sg005\\\/\",\"name\":\"PR\u00c4ZISER SOLLWERTGEBER SG005 - www.mesa-international.de\",\"isPartOf\":{\"@id\":\"https:\\\/\\\/mesa-international.de\\\/de\\\/#website\"},\"primaryImageOfPage\":{\"@id\":\"https:\\\/\\\/mesa-international.de\\\/de\\\/product\\\/praeziser-sollwertgeber-sg005\\\/#primaryimage\"},\"image\":{\"@id\":\"https:\\\/\\\/mesa-international.de\\\/de\\\/product\\\/praeziser-sollwertgeber-sg005\\\/#primaryimage\"},\"thumbnailUrl\":\"https:\\\/\\\/mesa-international.de\\\/wp-content\\\/uploads\\\/2024\\\/07\\\/A005-1-1-8-1.png\",\"datePublished\":\"2024-07-25T11:16:30+00:00\",\"dateModified\":\"2024-09-17T21:15:25+00:00\",\"breadcrumb\":{\"@id\":\"https:\\\/\\\/mesa-international.de\\\/de\\\/product\\\/praeziser-sollwertgeber-sg005\\\/#breadcrumb\"},\"inLanguage\":\"de\",\"potentialAction\":[{\"@type\":\"ReadAction\",\"target\":[\"https:\\\/\\\/mesa-international.de\\\/de\\\/product\\\/praeziser-sollwertgeber-sg005\\\/\"]}]},{\"@type\":\"ImageObject\",\"inLanguage\":\"de\",\"@id\":\"https:\\\/\\\/mesa-international.de\\\/de\\\/product\\\/praeziser-sollwertgeber-sg005\\\/#primaryimage\",\"url\":\"https:\\\/\\\/mesa-international.de\\\/wp-content\\\/uploads\\\/2024\\\/07\\\/A005-1-1-8-1.png\",\"contentUrl\":\"https:\\\/\\\/mesa-international.de\\\/wp-content\\\/uploads\\\/2024\\\/07\\\/A005-1-1-8-1.png\",\"width\":600,\"height\":600},{\"@type\":\"BreadcrumbList\",\"@id\":\"https:\\\/\\\/mesa-international.de\\\/de\\\/product\\\/praeziser-sollwertgeber-sg005\\\/#breadcrumb\",\"itemListElement\":[{\"@type\":\"ListItem\",\"position\":1,\"name\":\"Shop\",\"item\":\"https:\\\/\\\/mesa-international.de\\\/de\\\/shop\\\/\"},{\"@type\":\"ListItem\",\"position\":2,\"name\":\"PR\u00c4ZISER SOLLWERTGEBER SG005\"}]},{\"@type\":\"WebSite\",\"@id\":\"https:\\\/\\\/mesa-international.de\\\/de\\\/#website\",\"url\":\"https:\\\/\\\/mesa-international.de\\\/de\\\/\",\"name\":\"www.mesa-international.de\",\"description\":\"Mesa Electronics Gmbh\",\"publisher\":{\"@id\":\"https:\\\/\\\/mesa-international.de\\\/de\\\/#organization\"},\"potentialAction\":[{\"@type\":\"SearchAction\",\"target\":{\"@type\":\"EntryPoint\",\"urlTemplate\":\"https:\\\/\\\/mesa-international.de\\\/de\\\/?s={search_term_string}\"},\"query-input\":{\"@type\":\"PropertyValueSpecification\",\"valueRequired\":true,\"valueName\":\"search_term_string\"}}],\"inLanguage\":\"de\"},{\"@type\":\"Organization\",\"@id\":\"https:\\\/\\\/mesa-international.de\\\/de\\\/#organization\",\"name\":\"www.mesa-international.de\",\"url\":\"https:\\\/\\\/mesa-international.de\\\/de\\\/\",\"logo\":{\"@type\":\"ImageObject\",\"inLanguage\":\"de\",\"@id\":\"https:\\\/\\\/mesa-international.de\\\/de\\\/#\\\/schema\\\/logo\\\/image\\\/\",\"url\":\"https:\\\/\\\/mesa-international.de\\\/wp-content\\\/uploads\\\/2022\\\/11\\\/sadsaca.png\",\"contentUrl\":\"https:\\\/\\\/mesa-international.de\\\/wp-content\\\/uploads\\\/2022\\\/11\\\/sadsaca.png\",\"width\":173,\"height\":107,\"caption\":\"www.mesa-international.de\"},\"image\":{\"@id\":\"https:\\\/\\\/mesa-international.de\\\/de\\\/#\\\/schema\\\/logo\\\/image\\\/\"},\"sameAs\":[\"https:\\\/\\\/www.linkedin.com\\\/company\\\/mesa-electronic-gmbh\\\/\"]}]}<\/script>\n<!-- \/ Yoast SEO plugin. -->","yoast_head_json":{"title":"PR\u00c4ZISER SOLLWERTGEBER SG005 - www.mesa-international.de","robots":{"index":"index","follow":"follow","max-snippet":"max-snippet:-1","max-image-preview":"max-image-preview:large","max-video-preview":"max-video-preview:-1"},"canonical":"https:\/\/mesa-international.de\/de\/product\/praeziser-sollwertgeber-sg005\/","og_locale":"de_DE","og_type":"article","og_title":"PR\u00c4ZISER SOLLWERTGEBER SG005 - www.mesa-international.de","og_description":"FUNKTION Das SG005 ist ein pr\u00e4zises digitales Sollwertger\u00e4t, das verschiedene Arten von elektrischen Signalen ausgeben kann, darunter Spannung, Strom und eine von einem Thermoelement simulierte Spannung. Die Konfiguration des Ger\u00e4ts kann vollst\u00e4ndig \u00fcber die Tastatur vorgenommen werden. Es ist kein Hardware-Setup und kein \u00d6ffnen des Ger\u00e4ts erforderlich. Es ist auch m\u00f6glich, einen von acht vordefinierten Ausgangswerten \u00fcber die Tastatur oder digitale Eing\u00e4nge auszuw\u00e4hlen.","og_url":"https:\/\/mesa-international.de\/de\/product\/praeziser-sollwertgeber-sg005\/","og_site_name":"www.mesa-international.de","article_modified_time":"2024-09-17T21:15:25+00:00","og_image":[{"width":600,"height":600,"url":"https:\/\/mesa-international.de\/wp-content\/uploads\/2024\/07\/A005-1-1-8-1.png","type":"image\/png"}],"twitter_card":"summary_large_image","twitter_misc":{"Gesch\u00e4tzte Lesezeit":"1\u00a0Minute"},"schema":{"@context":"https:\/\/schema.org","@graph":[{"@type":"WebPage","@id":"https:\/\/mesa-international.de\/de\/product\/praeziser-sollwertgeber-sg005\/","url":"https:\/\/mesa-international.de\/de\/product\/praeziser-sollwertgeber-sg005\/","name":"PR\u00c4ZISER SOLLWERTGEBER SG005 - www.mesa-international.de","isPartOf":{"@id":"https:\/\/mesa-international.de\/de\/#website"},"primaryImageOfPage":{"@id":"https:\/\/mesa-international.de\/de\/product\/praeziser-sollwertgeber-sg005\/#primaryimage"},"image":{"@id":"https:\/\/mesa-international.de\/de\/product\/praeziser-sollwertgeber-sg005\/#primaryimage"},"thumbnailUrl":"https:\/\/mesa-international.de\/wp-content\/uploads\/2024\/07\/A005-1-1-8-1.png","datePublished":"2024-07-25T11:16:30+00:00","dateModified":"2024-09-17T21:15:25+00:00","breadcrumb":{"@id":"https:\/\/mesa-international.de\/de\/product\/praeziser-sollwertgeber-sg005\/#breadcrumb"},"inLanguage":"de","potentialAction":[{"@type":"ReadAction","target":["https:\/\/mesa-international.de\/de\/product\/praeziser-sollwertgeber-sg005\/"]}]},{"@type":"ImageObject","inLanguage":"de","@id":"https:\/\/mesa-international.de\/de\/product\/praeziser-sollwertgeber-sg005\/#primaryimage","url":"https:\/\/mesa-international.de\/wp-content\/uploads\/2024\/07\/A005-1-1-8-1.png","contentUrl":"https:\/\/mesa-international.de\/wp-content\/uploads\/2024\/07\/A005-1-1-8-1.png","width":600,"height":600},{"@type":"BreadcrumbList","@id":"https:\/\/mesa-international.de\/de\/product\/praeziser-sollwertgeber-sg005\/#breadcrumb","itemListElement":[{"@type":"ListItem","position":1,"name":"Shop","item":"https:\/\/mesa-international.de\/de\/shop\/"},{"@type":"ListItem","position":2,"name":"PR\u00c4ZISER SOLLWERTGEBER SG005"}]},{"@type":"WebSite","@id":"https:\/\/mesa-international.de\/de\/#website","url":"https:\/\/mesa-international.de\/de\/","name":"www.mesa-international.de","description":"Mesa Electronics Gmbh","publisher":{"@id":"https:\/\/mesa-international.de\/de\/#organization"},"potentialAction":[{"@type":"SearchAction","target":{"@type":"EntryPoint","urlTemplate":"https:\/\/mesa-international.de\/de\/?s={search_term_string}"},"query-input":{"@type":"PropertyValueSpecification","valueRequired":true,"valueName":"search_term_string"}}],"inLanguage":"de"},{"@type":"Organization","@id":"https:\/\/mesa-international.de\/de\/#organization","name":"www.mesa-international.de","url":"https:\/\/mesa-international.de\/de\/","logo":{"@type":"ImageObject","inLanguage":"de","@id":"https:\/\/mesa-international.de\/de\/#\/schema\/logo\/image\/","url":"https:\/\/mesa-international.de\/wp-content\/uploads\/2022\/11\/sadsaca.png","contentUrl":"https:\/\/mesa-international.de\/wp-content\/uploads\/2022\/11\/sadsaca.png","width":173,"height":107,"caption":"www.mesa-international.de"},"image":{"@id":"https:\/\/mesa-international.de\/de\/#\/schema\/logo\/image\/"},"sameAs":["https:\/\/www.linkedin.com\/company\/mesa-electronic-gmbh\/"]}]}},"_links":{"self":[{"href":"https:\/\/mesa-international.de\/de\/wp-json\/wp\/v2\/product\/243024","targetHints":{"allow":["GET"]}}],"collection":[{"href":"https:\/\/mesa-international.de\/de\/wp-json\/wp\/v2\/product"}],"about":[{"href":"https:\/\/mesa-international.de\/de\/wp-json\/wp\/v2\/types\/product"}],"replies":[{"embeddable":true,"href":"https:\/\/mesa-international.de\/de\/wp-json\/wp\/v2\/comments?post=243024"}],"wp:featuredmedia":[{"embeddable":true,"href":"https:\/\/mesa-international.de\/de\/wp-json\/wp\/v2\/media\/242873"}],"wp:attachment":[{"href":"https:\/\/mesa-international.de\/de\/wp-json\/wp\/v2\/media?parent=243024"}],"wp:term":[{"taxonomy":"product_brand","embeddable":true,"href":"https:\/\/mesa-international.de\/de\/wp-json\/wp\/v2\/product_brand?post=243024"},{"taxonomy":"product_cat","embeddable":true,"href":"https:\/\/mesa-international.de\/de\/wp-json\/wp\/v2\/product_cat?post=243024"},{"taxonomy":"product_tag","embeddable":true,"href":"https:\/\/mesa-international.de\/de\/wp-json\/wp\/v2\/product_tag?post=243024"}],"curies":[{"name":"wp","href":"https:\/\/api.w.org\/{rel}","templated":true}]}}