{"id":243023,"date":"2024-07-21T12:32:13","date_gmt":"2024-07-21T11:32:13","guid":{"rendered":"https:\/\/mesa-international.de\/product\/sauerstoffsonde-ich\/"},"modified":"2024-10-01T12:57:41","modified_gmt":"2024-10-01T11:57:41","slug":"sauerstoffsonde-ich","status":"publish","type":"product","link":"https:\/\/mesa-international.de\/de\/product\/sauerstoffsonde-ich\/","title":{"rendered":"SAUERSTOFFSONDE ICH"},"content":{"rendered":"<p>Die ME-S\/W-Sonde wurde f\u00fcr sehr schwierige Arbeitsbedingungen entwickelt.<br \/>\nSie basiert auf dem neuen ZrO2 C3M-Elektrolyt und bietet eine hervorragende Genauigkeit bei der Messung des Kohlenstoffpotenzials (%C) und der Temperatur (\u00b0C). Die Sauerstoffsonde ist f\u00fcr den direkten Anschluss an alle namhaften C-Level-Kontrollsysteme geeignet.<br \/>\nMit der ME-S\/W-Sonde l\u00e4sst sich ein sehr pr\u00e4ziser Wert der Sauerstoffkonzentration in einem Industrieofen ermitteln.<br \/>\nDer Zirkoniumdioxid-Kohlenstoffsensor wird seit fast drei Jahrzehnten zur Kontrolle des Kohlenstoffpotenzials in vielen Aufkohlungsanwendungen eingesetzt.<br \/>\nDer reproduzierbare Innenwiderstand der Sonde erm\u00f6glicht eine einfache Berechnung ihrer Restlebensdauer.<br \/>\nDie Sonde kann in jedem atmosph\u00e4rischen W\u00e4rmebehandlungsprozess verwendet werden, z.B. beim Aufkohlen.     <\/p>\n","protected":false},"excerpt":{"rendered":"<ul>\n<li>Entwickelt f\u00fcr schwierige Arbeitsbedingungen<\/li>\n<li>  Basierend auf dem brandneuen ZrO2 C3M Elektrolyt<\/li>\n<li>Ideal f\u00fcr den Einsatz bei Aufkohlung, neutraler H\u00e4rtung und Gasgeneratoranwendungen.<\/li>\n<li>  Jede Sonde ist zu 100 % getestet und zertifiziert, Zertifikate liegen jeder Sonde bei.<\/li>\n<li>Hohe Zuverl\u00e4ssigkeit der Sonde dank eines einfachen und effektiven Konzepts<\/li>\n<li>Austauschbar mit allen Sauerstoffsonden oder Kohlenstoffsensoren.<\/li>\n<li>Verringert die Belastung des 4-Loch-Rohrs, wodurch die Gefahr von Br\u00fcchen verringert wird.<\/li>\n<li>Geringe Investitionen, die zu einer erheblichen Verbesserung der W\u00e4rmebehandlung f\u00fchren<\/li>\n<\/ul>\n","protected":false},"featured_media":239374,"comment_status":"open","ping_status":"closed","template":"","meta":{"_acf_changed":false,"content-type":""},"product_brand":[],"product_cat":[138],"product_tag":[],"class_list":{"0":"post-243023","1":"product","2":"type-product","3":"status-publish","4":"has-post-thumbnail","6":"product_cat-sonde-sensoren","8":"first","9":"instock","10":"shipping-taxable","11":"product-type-simple"},"acf":[],"yoast_head":"<!-- This site is optimized with the Yoast SEO plugin v27.3 - https:\/\/yoast.com\/product\/yoast-seo-wordpress\/ -->\n<title>SAUERSTOFFSONDE ICH - www.mesa-international.de<\/title>\n<meta name=\"robots\" content=\"index, follow, max-snippet:-1, max-image-preview:large, max-video-preview:-1\" \/>\n<link rel=\"canonical\" href=\"https:\/\/mesa-international.de\/de\/product\/sauerstoffsonde-ich\/\" \/>\n<meta property=\"og:locale\" content=\"de_DE\" \/>\n<meta property=\"og:type\" content=\"article\" \/>\n<meta property=\"og:title\" content=\"SAUERSTOFFSONDE ICH - www.mesa-international.de\" \/>\n<meta property=\"og:description\" content=\"Entwickelt f\u00fcr schwierige Arbeitsbedingungen   Basierend auf dem brandneuen ZrO2 C3M Elektrolyt  Ideal f\u00fcr den Einsatz bei Aufkohlung, neutraler H\u00e4rtung und Gasgeneratoranwendungen.   Jede Sonde ist zu 100 % getestet und zertifiziert, Zertifikate liegen jeder Sonde bei.  Hohe Zuverl\u00e4ssigkeit der Sonde dank eines einfachen und effektiven Konzepts  Austauschbar mit allen Sauerstoffsonden oder Kohlenstoffsensoren.  Verringert die Belastung des 4-Loch-Rohrs, wodurch die Gefahr von Br\u00fcchen verringert wird.  Geringe Investitionen, die zu einer erheblichen Verbesserung der W\u00e4rmebehandlung f\u00fchren\" \/>\n<meta property=\"og:url\" content=\"https:\/\/mesa-international.de\/de\/product\/sauerstoffsonde-ich\/\" \/>\n<meta property=\"og:site_name\" content=\"www.mesa-international.de\" \/>\n<meta property=\"article:modified_time\" content=\"2024-10-01T11:57:41+00:00\" \/>\n<meta property=\"og:image\" content=\"https:\/\/mesa-international.de\/wp-content\/uploads\/2021\/04\/Ohygen-Probe-type-ME-5.png\" \/>\n\t<meta property=\"og:image:width\" content=\"600\" \/>\n\t<meta property=\"og:image:height\" content=\"600\" \/>\n\t<meta property=\"og:image:type\" content=\"image\/png\" \/>\n<meta name=\"twitter:card\" content=\"summary_large_image\" \/>\n<meta name=\"twitter:label1\" content=\"Gesch\u00e4tzte Lesezeit\" \/>\n\t<meta name=\"twitter:data1\" content=\"1\u00a0Minute\" \/>\n<script type=\"application\/ld+json\" class=\"yoast-schema-graph\">{\"@context\":\"https:\\\/\\\/schema.org\",\"@graph\":[{\"@type\":\"WebPage\",\"@id\":\"https:\\\/\\\/mesa-international.de\\\/de\\\/product\\\/sauerstoffsonde-ich\\\/\",\"url\":\"https:\\\/\\\/mesa-international.de\\\/de\\\/product\\\/sauerstoffsonde-ich\\\/\",\"name\":\"SAUERSTOFFSONDE ICH - www.mesa-international.de\",\"isPartOf\":{\"@id\":\"https:\\\/\\\/mesa-international.de\\\/de\\\/#website\"},\"primaryImageOfPage\":{\"@id\":\"https:\\\/\\\/mesa-international.de\\\/de\\\/product\\\/sauerstoffsonde-ich\\\/#primaryimage\"},\"image\":{\"@id\":\"https:\\\/\\\/mesa-international.de\\\/de\\\/product\\\/sauerstoffsonde-ich\\\/#primaryimage\"},\"thumbnailUrl\":\"https:\\\/\\\/mesa-international.de\\\/wp-content\\\/uploads\\\/2021\\\/04\\\/Ohygen-Probe-type-ME-5.png\",\"datePublished\":\"2024-07-21T11:32:13+00:00\",\"dateModified\":\"2024-10-01T11:57:41+00:00\",\"breadcrumb\":{\"@id\":\"https:\\\/\\\/mesa-international.de\\\/de\\\/product\\\/sauerstoffsonde-ich\\\/#breadcrumb\"},\"inLanguage\":\"de\",\"potentialAction\":[{\"@type\":\"ReadAction\",\"target\":[\"https:\\\/\\\/mesa-international.de\\\/de\\\/product\\\/sauerstoffsonde-ich\\\/\"]}]},{\"@type\":\"ImageObject\",\"inLanguage\":\"de\",\"@id\":\"https:\\\/\\\/mesa-international.de\\\/de\\\/product\\\/sauerstoffsonde-ich\\\/#primaryimage\",\"url\":\"https:\\\/\\\/mesa-international.de\\\/wp-content\\\/uploads\\\/2021\\\/04\\\/Ohygen-Probe-type-ME-5.png\",\"contentUrl\":\"https:\\\/\\\/mesa-international.de\\\/wp-content\\\/uploads\\\/2021\\\/04\\\/Ohygen-Probe-type-ME-5.png\",\"width\":600,\"height\":600,\"caption\":\"ME-S\\\/W probe was developed for very difficult working conditions. It is based on the new ZrO2 C3M electrolyte and offers excellent accuracy for the measurement of carbon potential (%C) and temperature (\u00b0C) The oxygen probe is suitable for direct connection to all reputable C-level control systems. ME-S\\\/W probe allows a very precise value of oxygen concentration in an industrial furnace to be obtained. The zirconia carbon sensor has been used for nearly three decades to control the carbon potential in many carburizing applications. The reproducible internal resistance of the probe permits simple calculation of its residual service life. The probe can be used in any atmospheric heat treatment process e.g. carburizing.\"},{\"@type\":\"BreadcrumbList\",\"@id\":\"https:\\\/\\\/mesa-international.de\\\/de\\\/product\\\/sauerstoffsonde-ich\\\/#breadcrumb\",\"itemListElement\":[{\"@type\":\"ListItem\",\"position\":1,\"name\":\"Shop\",\"item\":\"https:\\\/\\\/mesa-international.de\\\/de\\\/shop\\\/\"},{\"@type\":\"ListItem\",\"position\":2,\"name\":\"SAUERSTOFFSONDE ICH\"}]},{\"@type\":\"WebSite\",\"@id\":\"https:\\\/\\\/mesa-international.de\\\/de\\\/#website\",\"url\":\"https:\\\/\\\/mesa-international.de\\\/de\\\/\",\"name\":\"www.mesa-international.de\",\"description\":\"Mesa Electronics Gmbh\",\"publisher\":{\"@id\":\"https:\\\/\\\/mesa-international.de\\\/de\\\/#organization\"},\"potentialAction\":[{\"@type\":\"SearchAction\",\"target\":{\"@type\":\"EntryPoint\",\"urlTemplate\":\"https:\\\/\\\/mesa-international.de\\\/de\\\/?s={search_term_string}\"},\"query-input\":{\"@type\":\"PropertyValueSpecification\",\"valueRequired\":true,\"valueName\":\"search_term_string\"}}],\"inLanguage\":\"de\"},{\"@type\":\"Organization\",\"@id\":\"https:\\\/\\\/mesa-international.de\\\/de\\\/#organization\",\"name\":\"www.mesa-international.de\",\"url\":\"https:\\\/\\\/mesa-international.de\\\/de\\\/\",\"logo\":{\"@type\":\"ImageObject\",\"inLanguage\":\"de\",\"@id\":\"https:\\\/\\\/mesa-international.de\\\/de\\\/#\\\/schema\\\/logo\\\/image\\\/\",\"url\":\"https:\\\/\\\/mesa-international.de\\\/wp-content\\\/uploads\\\/2022\\\/11\\\/sadsaca.png\",\"contentUrl\":\"https:\\\/\\\/mesa-international.de\\\/wp-content\\\/uploads\\\/2022\\\/11\\\/sadsaca.png\",\"width\":173,\"height\":107,\"caption\":\"www.mesa-international.de\"},\"image\":{\"@id\":\"https:\\\/\\\/mesa-international.de\\\/de\\\/#\\\/schema\\\/logo\\\/image\\\/\"},\"sameAs\":[\"https:\\\/\\\/www.linkedin.com\\\/company\\\/mesa-electronic-gmbh\\\/\"]}]}<\/script>\n<!-- \/ Yoast SEO plugin. -->","yoast_head_json":{"title":"SAUERSTOFFSONDE ICH - www.mesa-international.de","robots":{"index":"index","follow":"follow","max-snippet":"max-snippet:-1","max-image-preview":"max-image-preview:large","max-video-preview":"max-video-preview:-1"},"canonical":"https:\/\/mesa-international.de\/de\/product\/sauerstoffsonde-ich\/","og_locale":"de_DE","og_type":"article","og_title":"SAUERSTOFFSONDE ICH - www.mesa-international.de","og_description":"Entwickelt f\u00fcr schwierige Arbeitsbedingungen   Basierend auf dem brandneuen ZrO2 C3M Elektrolyt  Ideal f\u00fcr den Einsatz bei Aufkohlung, neutraler H\u00e4rtung und Gasgeneratoranwendungen.   Jede Sonde ist zu 100 % getestet und zertifiziert, Zertifikate liegen jeder Sonde bei.  Hohe Zuverl\u00e4ssigkeit der Sonde dank eines einfachen und effektiven Konzepts  Austauschbar mit allen Sauerstoffsonden oder Kohlenstoffsensoren.  Verringert die Belastung des 4-Loch-Rohrs, wodurch die Gefahr von Br\u00fcchen verringert wird.  Geringe Investitionen, die zu einer erheblichen Verbesserung der W\u00e4rmebehandlung f\u00fchren","og_url":"https:\/\/mesa-international.de\/de\/product\/sauerstoffsonde-ich\/","og_site_name":"www.mesa-international.de","article_modified_time":"2024-10-01T11:57:41+00:00","og_image":[{"width":600,"height":600,"url":"https:\/\/mesa-international.de\/wp-content\/uploads\/2021\/04\/Ohygen-Probe-type-ME-5.png","type":"image\/png"}],"twitter_card":"summary_large_image","twitter_misc":{"Gesch\u00e4tzte Lesezeit":"1\u00a0Minute"},"schema":{"@context":"https:\/\/schema.org","@graph":[{"@type":"WebPage","@id":"https:\/\/mesa-international.de\/de\/product\/sauerstoffsonde-ich\/","url":"https:\/\/mesa-international.de\/de\/product\/sauerstoffsonde-ich\/","name":"SAUERSTOFFSONDE ICH - www.mesa-international.de","isPartOf":{"@id":"https:\/\/mesa-international.de\/de\/#website"},"primaryImageOfPage":{"@id":"https:\/\/mesa-international.de\/de\/product\/sauerstoffsonde-ich\/#primaryimage"},"image":{"@id":"https:\/\/mesa-international.de\/de\/product\/sauerstoffsonde-ich\/#primaryimage"},"thumbnailUrl":"https:\/\/mesa-international.de\/wp-content\/uploads\/2021\/04\/Ohygen-Probe-type-ME-5.png","datePublished":"2024-07-21T11:32:13+00:00","dateModified":"2024-10-01T11:57:41+00:00","breadcrumb":{"@id":"https:\/\/mesa-international.de\/de\/product\/sauerstoffsonde-ich\/#breadcrumb"},"inLanguage":"de","potentialAction":[{"@type":"ReadAction","target":["https:\/\/mesa-international.de\/de\/product\/sauerstoffsonde-ich\/"]}]},{"@type":"ImageObject","inLanguage":"de","@id":"https:\/\/mesa-international.de\/de\/product\/sauerstoffsonde-ich\/#primaryimage","url":"https:\/\/mesa-international.de\/wp-content\/uploads\/2021\/04\/Ohygen-Probe-type-ME-5.png","contentUrl":"https:\/\/mesa-international.de\/wp-content\/uploads\/2021\/04\/Ohygen-Probe-type-ME-5.png","width":600,"height":600,"caption":"ME-S\/W probe was developed for very difficult working conditions. It is based on the new ZrO2 C3M electrolyte and offers excellent accuracy for the measurement of carbon potential (%C) and temperature (\u00b0C) The oxygen probe is suitable for direct connection to all reputable C-level control systems. ME-S\/W probe allows a very precise value of oxygen concentration in an industrial furnace to be obtained. The zirconia carbon sensor has been used for nearly three decades to control the carbon potential in many carburizing applications. The reproducible internal resistance of the probe permits simple calculation of its residual service life. The probe can be used in any atmospheric heat treatment process e.g. carburizing."},{"@type":"BreadcrumbList","@id":"https:\/\/mesa-international.de\/de\/product\/sauerstoffsonde-ich\/#breadcrumb","itemListElement":[{"@type":"ListItem","position":1,"name":"Shop","item":"https:\/\/mesa-international.de\/de\/shop\/"},{"@type":"ListItem","position":2,"name":"SAUERSTOFFSONDE ICH"}]},{"@type":"WebSite","@id":"https:\/\/mesa-international.de\/de\/#website","url":"https:\/\/mesa-international.de\/de\/","name":"www.mesa-international.de","description":"Mesa Electronics Gmbh","publisher":{"@id":"https:\/\/mesa-international.de\/de\/#organization"},"potentialAction":[{"@type":"SearchAction","target":{"@type":"EntryPoint","urlTemplate":"https:\/\/mesa-international.de\/de\/?s={search_term_string}"},"query-input":{"@type":"PropertyValueSpecification","valueRequired":true,"valueName":"search_term_string"}}],"inLanguage":"de"},{"@type":"Organization","@id":"https:\/\/mesa-international.de\/de\/#organization","name":"www.mesa-international.de","url":"https:\/\/mesa-international.de\/de\/","logo":{"@type":"ImageObject","inLanguage":"de","@id":"https:\/\/mesa-international.de\/de\/#\/schema\/logo\/image\/","url":"https:\/\/mesa-international.de\/wp-content\/uploads\/2022\/11\/sadsaca.png","contentUrl":"https:\/\/mesa-international.de\/wp-content\/uploads\/2022\/11\/sadsaca.png","width":173,"height":107,"caption":"www.mesa-international.de"},"image":{"@id":"https:\/\/mesa-international.de\/de\/#\/schema\/logo\/image\/"},"sameAs":["https:\/\/www.linkedin.com\/company\/mesa-electronic-gmbh\/"]}]}},"_links":{"self":[{"href":"https:\/\/mesa-international.de\/de\/wp-json\/wp\/v2\/product\/243023","targetHints":{"allow":["GET"]}}],"collection":[{"href":"https:\/\/mesa-international.de\/de\/wp-json\/wp\/v2\/product"}],"about":[{"href":"https:\/\/mesa-international.de\/de\/wp-json\/wp\/v2\/types\/product"}],"replies":[{"embeddable":true,"href":"https:\/\/mesa-international.de\/de\/wp-json\/wp\/v2\/comments?post=243023"}],"wp:featuredmedia":[{"embeddable":true,"href":"https:\/\/mesa-international.de\/de\/wp-json\/wp\/v2\/media\/239374"}],"wp:attachment":[{"href":"https:\/\/mesa-international.de\/de\/wp-json\/wp\/v2\/media?parent=243023"}],"wp:term":[{"taxonomy":"product_brand","embeddable":true,"href":"https:\/\/mesa-international.de\/de\/wp-json\/wp\/v2\/product_brand?post=243023"},{"taxonomy":"product_cat","embeddable":true,"href":"https:\/\/mesa-international.de\/de\/wp-json\/wp\/v2\/product_cat?post=243023"},{"taxonomy":"product_tag","embeddable":true,"href":"https:\/\/mesa-international.de\/de\/wp-json\/wp\/v2\/product_tag?post=243023"}],"curies":[{"name":"wp","href":"https:\/\/api.w.org\/{rel}","templated":true}]}}