{"id":243022,"date":"2024-07-21T12:39:04","date_gmt":"2024-07-21T11:39:04","guid":{"rendered":"https:\/\/mesa-international.de\/product\/sauerstoffsonde-vig-s-w\/"},"modified":"2024-10-01T12:56:32","modified_gmt":"2024-10-01T11:56:32","slug":"sauerstoffsonde-vig-s-w","status":"publish","type":"product","link":"https:\/\/mesa-international.de\/de\/product\/sauerstoffsonde-vig-s-w\/","title":{"rendered":"SAUERSTOFFSONDE VIG S\/W"},"content":{"rendered":"<div class=\"et_pb_module et_pb_text et_pb_text_1 et_pb_text_align_left et_pb_bg_layout_light\">\n<div class=\"et_pb_text_inner\">\n<h4><b>VORTEILE:<\/b><\/h4>\n<ul class=\"list-group \">\n<li class=\"list-group-item\">Leistungsstarker, preiswerter Sensor f\u00fcr W\u00e4rmebehandlungsanwendungen<\/li>\n<li class=\"list-group-item\">Gro\u00dfe Zuverl\u00e4ssigkeit, Kompatibilit\u00e4t und Genauigkeit<\/li>\n<li class=\"list-group-item\">Ideal f\u00fcr den Einsatz beim Aufkohlen, neutralen Funktionsprinzip: \ufffcH\u00e4rtung, und Anwendungen<\/li>\n<li class=\"list-group-item\">Offene Elektrodenkonstruktion widersteht Versottung und hilft beim Abbrand der Sonde<\/li>\n<li class=\"list-group-item\">Burn-off Port als Standard ohne Verlust der Einschubl\u00e4nge<\/li>\n<li class=\"list-group-item\">Jede Sonde wird zu 100% getestet und mit einem Zertifikat versehen, das mit jeder Sonde geliefert wird.<\/li>\n<li class=\"list-group-item\">Reaktionszeit &lt; 1,0 Sekunde<\/li>\n<li class=\"list-group-item\">Austauschbar mit allen Sauerstoffsonden oder Kohlenstoffsensoren<\/li>\n<li class=\"list-group-item\">Verringert die Belastung des 4-Loch-Rohrs und damit die Wahrscheinlichkeit von Br\u00fcchen<\/li>\n<li class=\"list-group-item\">Verbesserter elektrischer Kontakt bei Ausdehnung und Kontraktion des Mantels<\/li>\n<li class=\"list-group-item\">Verbesserter Gasfluss \u00fcber die Sensorspitze<\/li>\n<\/ul>\n<\/div>\n<\/div>\n<div class=\"et_pb_module et_pb_text et_pb_text_2 et_pb_text_align_left et_pb_bg_layout_light\">\n<div class=\"et_pb_text_inner\">\n<h4><b>FEATURES <\/b><b>:<\/b><\/h4>\n<p>  Die MESA-Sauerstoffsonde oder der Kohlenstoffsensor geh\u00f6rt zur letzten Generation der &#8222;in-situ&#8220; Sauerstoffsensoren, die das CSIRO-Substrat verwenden.<br \/>\nDie Sonde wurde auf der Grundlage jahrelanger praktischer Erfahrungen v\u00f6llig neu entwickelt, um die Probleme zu beseitigen, die bei anderen auf dem Markt erh\u00e4ltlichen Sauerstoffsonden aufgetreten sind.<br \/>\nDer Zirkonium-Kohlenstoff-Sensor wird seit fast drei Jahrzehnten zur Kontrolle des Kohlenstoffpotenzials in vielen Aufkohlungsprozessen und in letzter Zeit auch in anderen Prozessen eingesetzt.    <\/p><\/div>\n<\/div>\n","protected":false},"excerpt":{"rendered":"<ul>\n<li>Heizungssysteme<\/li>\n<li>Industrielle Prozesse<\/li>\n<li>Verfahrenstechnik<\/li>\n<li>Gasanalyse<\/li>\n<li>W\u00e4rmebehandlung<\/li>\n<\/ul>\n","protected":false},"featured_media":239133,"comment_status":"open","ping_status":"closed","template":"","meta":{"_acf_changed":false,"content-type":""},"product_brand":[],"product_cat":[138],"product_tag":[],"class_list":{"0":"post-243022","1":"product","2":"type-product","3":"status-publish","4":"has-post-thumbnail","6":"product_cat-sonde-sensoren","8":"first","9":"instock","10":"shipping-taxable","11":"product-type-simple"},"acf":[],"yoast_head":"<!-- This site is optimized with the Yoast SEO plugin v27.5 - https:\/\/yoast.com\/product\/yoast-seo-wordpress\/ -->\n<title>SAUERSTOFFSONDE VIG S\/W - www.mesa-international.de<\/title>\n<meta name=\"robots\" content=\"index, follow, max-snippet:-1, max-image-preview:large, max-video-preview:-1\" \/>\n<link rel=\"canonical\" href=\"https:\/\/mesa-international.de\/de\/product\/sauerstoffsonde-vig-s-w\/\" \/>\n<meta property=\"og:locale\" content=\"de_DE\" \/>\n<meta property=\"og:type\" content=\"article\" \/>\n<meta property=\"og:title\" content=\"SAUERSTOFFSONDE VIG S\/W - www.mesa-international.de\" \/>\n<meta property=\"og:description\" content=\"Heizungssysteme  Industrielle Prozesse  Verfahrenstechnik  Gasanalyse  W\u00e4rmebehandlung\" \/>\n<meta property=\"og:url\" content=\"https:\/\/mesa-international.de\/de\/product\/sauerstoffsonde-vig-s-w\/\" \/>\n<meta property=\"og:site_name\" content=\"www.mesa-international.de\" \/>\n<meta property=\"article:modified_time\" content=\"2024-10-01T11:56:32+00:00\" \/>\n<meta property=\"og:image\" content=\"https:\/\/mesa-international.de\/wp-content\/uploads\/2020\/12\/O2-probe-RA-SW-Front-3.png\" \/>\n\t<meta property=\"og:image:width\" content=\"600\" \/>\n\t<meta property=\"og:image:height\" content=\"600\" \/>\n\t<meta property=\"og:image:type\" content=\"image\/png\" \/>\n<meta name=\"twitter:card\" content=\"summary_large_image\" \/>\n<meta name=\"twitter:label1\" content=\"Gesch\u00e4tzte Lesezeit\" \/>\n\t<meta name=\"twitter:data1\" content=\"1\u00a0Minute\" \/>\n<script type=\"application\/ld+json\" class=\"yoast-schema-graph\">{\"@context\":\"https:\\\/\\\/schema.org\",\"@graph\":[{\"@type\":\"WebPage\",\"@id\":\"https:\\\/\\\/mesa-international.de\\\/de\\\/product\\\/sauerstoffsonde-vig-s-w\\\/\",\"url\":\"https:\\\/\\\/mesa-international.de\\\/de\\\/product\\\/sauerstoffsonde-vig-s-w\\\/\",\"name\":\"SAUERSTOFFSONDE VIG S\\\/W - www.mesa-international.de\",\"isPartOf\":{\"@id\":\"https:\\\/\\\/mesa-international.de\\\/de\\\/#website\"},\"primaryImageOfPage\":{\"@id\":\"https:\\\/\\\/mesa-international.de\\\/de\\\/product\\\/sauerstoffsonde-vig-s-w\\\/#primaryimage\"},\"image\":{\"@id\":\"https:\\\/\\\/mesa-international.de\\\/de\\\/product\\\/sauerstoffsonde-vig-s-w\\\/#primaryimage\"},\"thumbnailUrl\":\"https:\\\/\\\/mesa-international.de\\\/wp-content\\\/uploads\\\/2020\\\/12\\\/O2-probe-RA-SW-Front-3.png\",\"datePublished\":\"2024-07-21T11:39:04+00:00\",\"dateModified\":\"2024-10-01T11:56:32+00:00\",\"breadcrumb\":{\"@id\":\"https:\\\/\\\/mesa-international.de\\\/de\\\/product\\\/sauerstoffsonde-vig-s-w\\\/#breadcrumb\"},\"inLanguage\":\"de\",\"potentialAction\":[{\"@type\":\"ReadAction\",\"target\":[\"https:\\\/\\\/mesa-international.de\\\/de\\\/product\\\/sauerstoffsonde-vig-s-w\\\/\"]}]},{\"@type\":\"ImageObject\",\"inLanguage\":\"de\",\"@id\":\"https:\\\/\\\/mesa-international.de\\\/de\\\/product\\\/sauerstoffsonde-vig-s-w\\\/#primaryimage\",\"url\":\"https:\\\/\\\/mesa-international.de\\\/wp-content\\\/uploads\\\/2020\\\/12\\\/O2-probe-RA-SW-Front-3.png\",\"contentUrl\":\"https:\\\/\\\/mesa-international.de\\\/wp-content\\\/uploads\\\/2020\\\/12\\\/O2-probe-RA-SW-Front-3.png\",\"width\":600,\"height\":600},{\"@type\":\"BreadcrumbList\",\"@id\":\"https:\\\/\\\/mesa-international.de\\\/de\\\/product\\\/sauerstoffsonde-vig-s-w\\\/#breadcrumb\",\"itemListElement\":[{\"@type\":\"ListItem\",\"position\":1,\"name\":\"Shop\",\"item\":\"https:\\\/\\\/mesa-international.de\\\/de\\\/shop\\\/\"},{\"@type\":\"ListItem\",\"position\":2,\"name\":\"SAUERSTOFFSONDE VIG S\\\/W\"}]},{\"@type\":\"WebSite\",\"@id\":\"https:\\\/\\\/mesa-international.de\\\/de\\\/#website\",\"url\":\"https:\\\/\\\/mesa-international.de\\\/de\\\/\",\"name\":\"www.mesa-international.de\",\"description\":\"Mesa Electronics Gmbh\",\"publisher\":{\"@id\":\"https:\\\/\\\/mesa-international.de\\\/de\\\/#organization\"},\"potentialAction\":[{\"@type\":\"SearchAction\",\"target\":{\"@type\":\"EntryPoint\",\"urlTemplate\":\"https:\\\/\\\/mesa-international.de\\\/de\\\/?s={search_term_string}\"},\"query-input\":{\"@type\":\"PropertyValueSpecification\",\"valueRequired\":true,\"valueName\":\"search_term_string\"}}],\"inLanguage\":\"de\"},{\"@type\":\"Organization\",\"@id\":\"https:\\\/\\\/mesa-international.de\\\/de\\\/#organization\",\"name\":\"www.mesa-international.de\",\"url\":\"https:\\\/\\\/mesa-international.de\\\/de\\\/\",\"logo\":{\"@type\":\"ImageObject\",\"inLanguage\":\"de\",\"@id\":\"https:\\\/\\\/mesa-international.de\\\/de\\\/#\\\/schema\\\/logo\\\/image\\\/\",\"url\":\"https:\\\/\\\/mesa-international.de\\\/wp-content\\\/uploads\\\/2022\\\/11\\\/sadsaca.png\",\"contentUrl\":\"https:\\\/\\\/mesa-international.de\\\/wp-content\\\/uploads\\\/2022\\\/11\\\/sadsaca.png\",\"width\":173,\"height\":107,\"caption\":\"www.mesa-international.de\"},\"image\":{\"@id\":\"https:\\\/\\\/mesa-international.de\\\/de\\\/#\\\/schema\\\/logo\\\/image\\\/\"},\"sameAs\":[\"https:\\\/\\\/www.linkedin.com\\\/company\\\/mesa-electronic-gmbh\\\/\"]}]}<\/script>\n<!-- \/ Yoast SEO plugin. -->","yoast_head_json":{"title":"SAUERSTOFFSONDE VIG S\/W - www.mesa-international.de","robots":{"index":"index","follow":"follow","max-snippet":"max-snippet:-1","max-image-preview":"max-image-preview:large","max-video-preview":"max-video-preview:-1"},"canonical":"https:\/\/mesa-international.de\/de\/product\/sauerstoffsonde-vig-s-w\/","og_locale":"de_DE","og_type":"article","og_title":"SAUERSTOFFSONDE VIG S\/W - www.mesa-international.de","og_description":"Heizungssysteme  Industrielle Prozesse  Verfahrenstechnik  Gasanalyse  W\u00e4rmebehandlung","og_url":"https:\/\/mesa-international.de\/de\/product\/sauerstoffsonde-vig-s-w\/","og_site_name":"www.mesa-international.de","article_modified_time":"2024-10-01T11:56:32+00:00","og_image":[{"width":600,"height":600,"url":"https:\/\/mesa-international.de\/wp-content\/uploads\/2020\/12\/O2-probe-RA-SW-Front-3.png","type":"image\/png"}],"twitter_card":"summary_large_image","twitter_misc":{"Gesch\u00e4tzte Lesezeit":"1\u00a0Minute"},"schema":{"@context":"https:\/\/schema.org","@graph":[{"@type":"WebPage","@id":"https:\/\/mesa-international.de\/de\/product\/sauerstoffsonde-vig-s-w\/","url":"https:\/\/mesa-international.de\/de\/product\/sauerstoffsonde-vig-s-w\/","name":"SAUERSTOFFSONDE VIG S\/W - www.mesa-international.de","isPartOf":{"@id":"https:\/\/mesa-international.de\/de\/#website"},"primaryImageOfPage":{"@id":"https:\/\/mesa-international.de\/de\/product\/sauerstoffsonde-vig-s-w\/#primaryimage"},"image":{"@id":"https:\/\/mesa-international.de\/de\/product\/sauerstoffsonde-vig-s-w\/#primaryimage"},"thumbnailUrl":"https:\/\/mesa-international.de\/wp-content\/uploads\/2020\/12\/O2-probe-RA-SW-Front-3.png","datePublished":"2024-07-21T11:39:04+00:00","dateModified":"2024-10-01T11:56:32+00:00","breadcrumb":{"@id":"https:\/\/mesa-international.de\/de\/product\/sauerstoffsonde-vig-s-w\/#breadcrumb"},"inLanguage":"de","potentialAction":[{"@type":"ReadAction","target":["https:\/\/mesa-international.de\/de\/product\/sauerstoffsonde-vig-s-w\/"]}]},{"@type":"ImageObject","inLanguage":"de","@id":"https:\/\/mesa-international.de\/de\/product\/sauerstoffsonde-vig-s-w\/#primaryimage","url":"https:\/\/mesa-international.de\/wp-content\/uploads\/2020\/12\/O2-probe-RA-SW-Front-3.png","contentUrl":"https:\/\/mesa-international.de\/wp-content\/uploads\/2020\/12\/O2-probe-RA-SW-Front-3.png","width":600,"height":600},{"@type":"BreadcrumbList","@id":"https:\/\/mesa-international.de\/de\/product\/sauerstoffsonde-vig-s-w\/#breadcrumb","itemListElement":[{"@type":"ListItem","position":1,"name":"Shop","item":"https:\/\/mesa-international.de\/de\/shop\/"},{"@type":"ListItem","position":2,"name":"SAUERSTOFFSONDE VIG S\/W"}]},{"@type":"WebSite","@id":"https:\/\/mesa-international.de\/de\/#website","url":"https:\/\/mesa-international.de\/de\/","name":"www.mesa-international.de","description":"Mesa Electronics Gmbh","publisher":{"@id":"https:\/\/mesa-international.de\/de\/#organization"},"potentialAction":[{"@type":"SearchAction","target":{"@type":"EntryPoint","urlTemplate":"https:\/\/mesa-international.de\/de\/?s={search_term_string}"},"query-input":{"@type":"PropertyValueSpecification","valueRequired":true,"valueName":"search_term_string"}}],"inLanguage":"de"},{"@type":"Organization","@id":"https:\/\/mesa-international.de\/de\/#organization","name":"www.mesa-international.de","url":"https:\/\/mesa-international.de\/de\/","logo":{"@type":"ImageObject","inLanguage":"de","@id":"https:\/\/mesa-international.de\/de\/#\/schema\/logo\/image\/","url":"https:\/\/mesa-international.de\/wp-content\/uploads\/2022\/11\/sadsaca.png","contentUrl":"https:\/\/mesa-international.de\/wp-content\/uploads\/2022\/11\/sadsaca.png","width":173,"height":107,"caption":"www.mesa-international.de"},"image":{"@id":"https:\/\/mesa-international.de\/de\/#\/schema\/logo\/image\/"},"sameAs":["https:\/\/www.linkedin.com\/company\/mesa-electronic-gmbh\/"]}]}},"_links":{"self":[{"href":"https:\/\/mesa-international.de\/de\/wp-json\/wp\/v2\/product\/243022","targetHints":{"allow":["GET"]}}],"collection":[{"href":"https:\/\/mesa-international.de\/de\/wp-json\/wp\/v2\/product"}],"about":[{"href":"https:\/\/mesa-international.de\/de\/wp-json\/wp\/v2\/types\/product"}],"replies":[{"embeddable":true,"href":"https:\/\/mesa-international.de\/de\/wp-json\/wp\/v2\/comments?post=243022"}],"wp:featuredmedia":[{"embeddable":true,"href":"https:\/\/mesa-international.de\/de\/wp-json\/wp\/v2\/media\/239133"}],"wp:attachment":[{"href":"https:\/\/mesa-international.de\/de\/wp-json\/wp\/v2\/media?parent=243022"}],"wp:term":[{"taxonomy":"product_brand","embeddable":true,"href":"https:\/\/mesa-international.de\/de\/wp-json\/wp\/v2\/product_brand?post=243022"},{"taxonomy":"product_cat","embeddable":true,"href":"https:\/\/mesa-international.de\/de\/wp-json\/wp\/v2\/product_cat?post=243022"},{"taxonomy":"product_tag","embeddable":true,"href":"https:\/\/mesa-international.de\/de\/wp-json\/wp\/v2\/product_tag?post=243022"}],"curies":[{"name":"wp","href":"https:\/\/api.w.org\/{rel}","templated":true}]}}