{"id":243020,"date":"2024-07-21T12:49:42","date_gmt":"2024-07-21T11:49:42","guid":{"rendered":"https:\/\/mesa-international.de\/product\/ntv-44-einzeln\/"},"modified":"2025-02-05T12:48:55","modified_gmt":"2025-02-05T11:48:55","slug":"ntv-44-einzeln","status":"publish","type":"product","link":"https:\/\/mesa-international.de\/de\/product\/ntv-44-einzeln\/","title":{"rendered":"NTV 44 EINZELN"},"content":{"rendered":"<div class=\"et_pb_module et_pb_text et_pb_text_1 et_pb_text_align_left et_pb_bg_layout_light\">\n<div class=\"et_pb_text_inner\">\n<div id=\"pgc-722-2-0\" class=\"panel-grid-cell\">\n<div id=\"panel-722-2-0-0\" class=\"so-panel widget widget_sow-editor panel-first-child panel-last-child\" data-index=\"3\">\n<div class=\"so-widget-sow-editor so-widget-sow-editor-base\">\n<div class=\"siteorigin-widget-tinymce textwidget\">\n<p class=\"p1\">Das Netzteil NTV 44 Processing wurde speziell f\u00fcr die Verwendung der L-Sonde an herk\u00f6mmlichen Steuerungen entwickelt. Ein Mikroprozessor wandelt das eingehende L-Sonden-Signal in ein entsprechendes mV-Signal einer Sauerstoffsonde um. Die erforderlichen Korrekturfaktoren K1, K2 werden \u00fcber das T300 Terminal eingegeben. Es kann auch ein Zwei-Punkt-Vergleich durchgef\u00fchrt werden. Zus\u00e4tzliche Funktionen wie Sondensp\u00fclung, Erholungszeit und Sp\u00fclintervall k\u00f6nnen ebenfalls \u00fcber das neue T300 eingegeben werden. Der NTV 44 Processing liefert hochkonstante Spannungen (z.B. an Lambdasonden und andere Verbraucher). Eine aktive Vierdrahtschaltung sorgt daf\u00fcr, dass Leitungswiderst\u00e4nde bis zu 1 Ohm und die damit verbundenen Spannungsabf\u00e4lle kompensiert werden.      <\/p>\n<p class=\"p1\">Um Oxidationseffekte an der Lambda-Sondenheizung zu vermeiden, die die Lebensdauer der Sonde verk\u00fcrzen, kann die Polarit\u00e4t der Heizspannung optional in regelm\u00e4\u00dfigen Zeitabst\u00e4nden automatisch umgeschaltet werden.<\/p>\n<\/div>\n<\/div>\n<\/div>\n<\/div>\n<\/div>\n<\/div>\n","protected":false},"excerpt":{"rendered":"<p>Das Netzteil NTV 44 Processing wurde speziell f\u00fcr die Verwendung der L-Sonde an herk\u00f6mmlichen Steuerungen entwickelt. Ein Mikroprozessor wandelt das eingehende L-Sonden-Signal in ein entsprechendes mV-Signal einer Sauerstoffsonde um. Die erforderlichen Korrekturfaktoren K1, K2 werden \u00fcber das T300 Terminal eingegeben. Es kann auch ein Zwei-Punkt-Vergleich durchgef\u00fchrt werden. Zus\u00e4tzliche Funktionen wie [&hellip;]<\/p>\n","protected":false},"featured_media":239131,"comment_status":"open","ping_status":"closed","template":"","meta":{"_acf_changed":false,"content-type":""},"product_brand":[],"product_cat":[144],"product_tag":[],"class_list":{"0":"post-243020","1":"product","2":"type-product","3":"status-publish","4":"has-post-thumbnail","6":"product_cat-stromversorgungseinheiten","8":"first","9":"instock","10":"shipping-taxable","11":"product-type-simple"},"acf":[],"yoast_head":"<!-- This site is optimized with the Yoast SEO plugin v27.3 - https:\/\/yoast.com\/product\/yoast-seo-wordpress\/ -->\n<title>NTV 44 EINZELN - www.mesa-international.de<\/title>\n<meta name=\"robots\" content=\"index, follow, max-snippet:-1, max-image-preview:large, max-video-preview:-1\" \/>\n<link rel=\"canonical\" href=\"https:\/\/mesa-international.de\/de\/product\/ntv-44-einzeln\/\" \/>\n<meta property=\"og:locale\" content=\"de_DE\" \/>\n<meta property=\"og:type\" content=\"article\" \/>\n<meta property=\"og:title\" content=\"NTV 44 EINZELN - www.mesa-international.de\" \/>\n<meta property=\"og:description\" content=\"Das Netzteil NTV 44 Processing wurde speziell f\u00fcr die Verwendung der L-Sonde an herk\u00f6mmlichen Steuerungen entwickelt. Ein Mikroprozessor wandelt das eingehende L-Sonden-Signal in ein entsprechendes mV-Signal einer Sauerstoffsonde um. Die erforderlichen Korrekturfaktoren K1, K2 werden \u00fcber das T300 Terminal eingegeben. Es kann auch ein Zwei-Punkt-Vergleich durchgef\u00fchrt werden. Zus\u00e4tzliche Funktionen wie [&hellip;]\" \/>\n<meta property=\"og:url\" content=\"https:\/\/mesa-international.de\/de\/product\/ntv-44-einzeln\/\" \/>\n<meta property=\"og:site_name\" content=\"www.mesa-international.de\" \/>\n<meta property=\"article:modified_time\" content=\"2025-02-05T11:48:55+00:00\" \/>\n<meta property=\"og:image\" content=\"https:\/\/mesa-international.de\/wp-content\/uploads\/2020\/12\/NTV44P-3.png\" \/>\n\t<meta property=\"og:image:width\" content=\"600\" \/>\n\t<meta property=\"og:image:height\" content=\"600\" \/>\n\t<meta property=\"og:image:type\" content=\"image\/png\" \/>\n<meta name=\"twitter:card\" content=\"summary_large_image\" \/>\n<meta name=\"twitter:label1\" content=\"Gesch\u00e4tzte Lesezeit\" \/>\n\t<meta name=\"twitter:data1\" content=\"1\u00a0Minute\" \/>\n<script type=\"application\/ld+json\" class=\"yoast-schema-graph\">{\"@context\":\"https:\\\/\\\/schema.org\",\"@graph\":[{\"@type\":\"WebPage\",\"@id\":\"https:\\\/\\\/mesa-international.de\\\/de\\\/product\\\/ntv-44-einzeln\\\/\",\"url\":\"https:\\\/\\\/mesa-international.de\\\/de\\\/product\\\/ntv-44-einzeln\\\/\",\"name\":\"NTV 44 EINZELN - www.mesa-international.de\",\"isPartOf\":{\"@id\":\"https:\\\/\\\/mesa-international.de\\\/de\\\/#website\"},\"primaryImageOfPage\":{\"@id\":\"https:\\\/\\\/mesa-international.de\\\/de\\\/product\\\/ntv-44-einzeln\\\/#primaryimage\"},\"image\":{\"@id\":\"https:\\\/\\\/mesa-international.de\\\/de\\\/product\\\/ntv-44-einzeln\\\/#primaryimage\"},\"thumbnailUrl\":\"https:\\\/\\\/mesa-international.de\\\/wp-content\\\/uploads\\\/2020\\\/12\\\/NTV44P-3.png\",\"datePublished\":\"2024-07-21T11:49:42+00:00\",\"dateModified\":\"2025-02-05T11:48:55+00:00\",\"breadcrumb\":{\"@id\":\"https:\\\/\\\/mesa-international.de\\\/de\\\/product\\\/ntv-44-einzeln\\\/#breadcrumb\"},\"inLanguage\":\"de\",\"potentialAction\":[{\"@type\":\"ReadAction\",\"target\":[\"https:\\\/\\\/mesa-international.de\\\/de\\\/product\\\/ntv-44-einzeln\\\/\"]}]},{\"@type\":\"ImageObject\",\"inLanguage\":\"de\",\"@id\":\"https:\\\/\\\/mesa-international.de\\\/de\\\/product\\\/ntv-44-einzeln\\\/#primaryimage\",\"url\":\"https:\\\/\\\/mesa-international.de\\\/wp-content\\\/uploads\\\/2020\\\/12\\\/NTV44P-3.png\",\"contentUrl\":\"https:\\\/\\\/mesa-international.de\\\/wp-content\\\/uploads\\\/2020\\\/12\\\/NTV44P-3.png\",\"width\":600,\"height\":600},{\"@type\":\"BreadcrumbList\",\"@id\":\"https:\\\/\\\/mesa-international.de\\\/de\\\/product\\\/ntv-44-einzeln\\\/#breadcrumb\",\"itemListElement\":[{\"@type\":\"ListItem\",\"position\":1,\"name\":\"Shop\",\"item\":\"https:\\\/\\\/mesa-international.de\\\/de\\\/shop\\\/\"},{\"@type\":\"ListItem\",\"position\":2,\"name\":\"NTV 44 EINZELN\"}]},{\"@type\":\"WebSite\",\"@id\":\"https:\\\/\\\/mesa-international.de\\\/de\\\/#website\",\"url\":\"https:\\\/\\\/mesa-international.de\\\/de\\\/\",\"name\":\"www.mesa-international.de\",\"description\":\"Mesa Electronics Gmbh\",\"publisher\":{\"@id\":\"https:\\\/\\\/mesa-international.de\\\/de\\\/#organization\"},\"potentialAction\":[{\"@type\":\"SearchAction\",\"target\":{\"@type\":\"EntryPoint\",\"urlTemplate\":\"https:\\\/\\\/mesa-international.de\\\/de\\\/?s={search_term_string}\"},\"query-input\":{\"@type\":\"PropertyValueSpecification\",\"valueRequired\":true,\"valueName\":\"search_term_string\"}}],\"inLanguage\":\"de\"},{\"@type\":\"Organization\",\"@id\":\"https:\\\/\\\/mesa-international.de\\\/de\\\/#organization\",\"name\":\"www.mesa-international.de\",\"url\":\"https:\\\/\\\/mesa-international.de\\\/de\\\/\",\"logo\":{\"@type\":\"ImageObject\",\"inLanguage\":\"de\",\"@id\":\"https:\\\/\\\/mesa-international.de\\\/de\\\/#\\\/schema\\\/logo\\\/image\\\/\",\"url\":\"https:\\\/\\\/mesa-international.de\\\/wp-content\\\/uploads\\\/2022\\\/11\\\/sadsaca.png\",\"contentUrl\":\"https:\\\/\\\/mesa-international.de\\\/wp-content\\\/uploads\\\/2022\\\/11\\\/sadsaca.png\",\"width\":173,\"height\":107,\"caption\":\"www.mesa-international.de\"},\"image\":{\"@id\":\"https:\\\/\\\/mesa-international.de\\\/de\\\/#\\\/schema\\\/logo\\\/image\\\/\"},\"sameAs\":[\"https:\\\/\\\/www.linkedin.com\\\/company\\\/mesa-electronic-gmbh\\\/\"]}]}<\/script>\n<!-- \/ Yoast SEO plugin. -->","yoast_head_json":{"title":"NTV 44 EINZELN - www.mesa-international.de","robots":{"index":"index","follow":"follow","max-snippet":"max-snippet:-1","max-image-preview":"max-image-preview:large","max-video-preview":"max-video-preview:-1"},"canonical":"https:\/\/mesa-international.de\/de\/product\/ntv-44-einzeln\/","og_locale":"de_DE","og_type":"article","og_title":"NTV 44 EINZELN - www.mesa-international.de","og_description":"Das Netzteil NTV 44 Processing wurde speziell f\u00fcr die Verwendung der L-Sonde an herk\u00f6mmlichen Steuerungen entwickelt. Ein Mikroprozessor wandelt das eingehende L-Sonden-Signal in ein entsprechendes mV-Signal einer Sauerstoffsonde um. Die erforderlichen Korrekturfaktoren K1, K2 werden \u00fcber das T300 Terminal eingegeben. Es kann auch ein Zwei-Punkt-Vergleich durchgef\u00fchrt werden. Zus\u00e4tzliche Funktionen wie [&hellip;]","og_url":"https:\/\/mesa-international.de\/de\/product\/ntv-44-einzeln\/","og_site_name":"www.mesa-international.de","article_modified_time":"2025-02-05T11:48:55+00:00","og_image":[{"width":600,"height":600,"url":"https:\/\/mesa-international.de\/wp-content\/uploads\/2020\/12\/NTV44P-3.png","type":"image\/png"}],"twitter_card":"summary_large_image","twitter_misc":{"Gesch\u00e4tzte Lesezeit":"1\u00a0Minute"},"schema":{"@context":"https:\/\/schema.org","@graph":[{"@type":"WebPage","@id":"https:\/\/mesa-international.de\/de\/product\/ntv-44-einzeln\/","url":"https:\/\/mesa-international.de\/de\/product\/ntv-44-einzeln\/","name":"NTV 44 EINZELN - www.mesa-international.de","isPartOf":{"@id":"https:\/\/mesa-international.de\/de\/#website"},"primaryImageOfPage":{"@id":"https:\/\/mesa-international.de\/de\/product\/ntv-44-einzeln\/#primaryimage"},"image":{"@id":"https:\/\/mesa-international.de\/de\/product\/ntv-44-einzeln\/#primaryimage"},"thumbnailUrl":"https:\/\/mesa-international.de\/wp-content\/uploads\/2020\/12\/NTV44P-3.png","datePublished":"2024-07-21T11:49:42+00:00","dateModified":"2025-02-05T11:48:55+00:00","breadcrumb":{"@id":"https:\/\/mesa-international.de\/de\/product\/ntv-44-einzeln\/#breadcrumb"},"inLanguage":"de","potentialAction":[{"@type":"ReadAction","target":["https:\/\/mesa-international.de\/de\/product\/ntv-44-einzeln\/"]}]},{"@type":"ImageObject","inLanguage":"de","@id":"https:\/\/mesa-international.de\/de\/product\/ntv-44-einzeln\/#primaryimage","url":"https:\/\/mesa-international.de\/wp-content\/uploads\/2020\/12\/NTV44P-3.png","contentUrl":"https:\/\/mesa-international.de\/wp-content\/uploads\/2020\/12\/NTV44P-3.png","width":600,"height":600},{"@type":"BreadcrumbList","@id":"https:\/\/mesa-international.de\/de\/product\/ntv-44-einzeln\/#breadcrumb","itemListElement":[{"@type":"ListItem","position":1,"name":"Shop","item":"https:\/\/mesa-international.de\/de\/shop\/"},{"@type":"ListItem","position":2,"name":"NTV 44 EINZELN"}]},{"@type":"WebSite","@id":"https:\/\/mesa-international.de\/de\/#website","url":"https:\/\/mesa-international.de\/de\/","name":"www.mesa-international.de","description":"Mesa Electronics Gmbh","publisher":{"@id":"https:\/\/mesa-international.de\/de\/#organization"},"potentialAction":[{"@type":"SearchAction","target":{"@type":"EntryPoint","urlTemplate":"https:\/\/mesa-international.de\/de\/?s={search_term_string}"},"query-input":{"@type":"PropertyValueSpecification","valueRequired":true,"valueName":"search_term_string"}}],"inLanguage":"de"},{"@type":"Organization","@id":"https:\/\/mesa-international.de\/de\/#organization","name":"www.mesa-international.de","url":"https:\/\/mesa-international.de\/de\/","logo":{"@type":"ImageObject","inLanguage":"de","@id":"https:\/\/mesa-international.de\/de\/#\/schema\/logo\/image\/","url":"https:\/\/mesa-international.de\/wp-content\/uploads\/2022\/11\/sadsaca.png","contentUrl":"https:\/\/mesa-international.de\/wp-content\/uploads\/2022\/11\/sadsaca.png","width":173,"height":107,"caption":"www.mesa-international.de"},"image":{"@id":"https:\/\/mesa-international.de\/de\/#\/schema\/logo\/image\/"},"sameAs":["https:\/\/www.linkedin.com\/company\/mesa-electronic-gmbh\/"]}]}},"_links":{"self":[{"href":"https:\/\/mesa-international.de\/de\/wp-json\/wp\/v2\/product\/243020","targetHints":{"allow":["GET"]}}],"collection":[{"href":"https:\/\/mesa-international.de\/de\/wp-json\/wp\/v2\/product"}],"about":[{"href":"https:\/\/mesa-international.de\/de\/wp-json\/wp\/v2\/types\/product"}],"replies":[{"embeddable":true,"href":"https:\/\/mesa-international.de\/de\/wp-json\/wp\/v2\/comments?post=243020"}],"wp:featuredmedia":[{"embeddable":true,"href":"https:\/\/mesa-international.de\/de\/wp-json\/wp\/v2\/media\/239131"}],"wp:attachment":[{"href":"https:\/\/mesa-international.de\/de\/wp-json\/wp\/v2\/media?parent=243020"}],"wp:term":[{"taxonomy":"product_brand","embeddable":true,"href":"https:\/\/mesa-international.de\/de\/wp-json\/wp\/v2\/product_brand?post=243020"},{"taxonomy":"product_cat","embeddable":true,"href":"https:\/\/mesa-international.de\/de\/wp-json\/wp\/v2\/product_cat?post=243020"},{"taxonomy":"product_tag","embeddable":true,"href":"https:\/\/mesa-international.de\/de\/wp-json\/wp\/v2\/product_tag?post=243020"}],"curies":[{"name":"wp","href":"https:\/\/api.w.org\/{rel}","templated":true}]}}