{"id":243017,"date":"2024-07-24T19:31:49","date_gmt":"2024-07-24T18:31:49","guid":{"rendered":"https:\/\/mesa-international.de\/product\/nitromat-m\/"},"modified":"2024-10-01T12:37:48","modified_gmt":"2024-10-01T11:37:48","slug":"nitromat-m","status":"publish","type":"product","link":"https:\/\/mesa-international.de\/de\/product\/nitromat-m\/","title":{"rendered":"NITROMAT-M"},"content":{"rendered":"<p>Der Nitromat-M ist ein einkanaliges Mess- und Regelsystem zur Kontrolle der Ofenatmosph\u00e4re bei Nitrier- oder Nitrocarburierprozessen.<br \/>\nDurch Schaltereinstellungen auf der R\u00fcckseite des Ger\u00e4ts l\u00e4sst sich der Nitromat-M leicht an verschiedene Sensoranschl\u00fcsse anpassen.<br \/>\nDie Programmsteuerung von Temperatur und Wasserstoff, mit Programmspuren f\u00fcr NH3 &#8211; N2 &#8211; Endogas &#8211; CO2, usw., ist eine vorteilhafte M\u00f6glichkeit zur Kontrolle von Nitrier- oder Nitrocarburieratmosph\u00e4ren in \u00d6fen.  <\/p>\n","protected":false},"excerpt":{"rendered":"<div id=\"pgc-2934-2-0\" class=\"panel-grid-cell\">\n<div id=\"panel-2934-2-0-0\" class=\"so-panel widget widget_sow-editor panel-first-child panel-last-child\" data-index=\"3\">\n<div class=\"panel-widget-style panel-widget-style-for-2934-2-0-0\">\n<div class=\"so-widget-sow-editor so-widget-sow-editor-base\">\n<div class=\"siteorigin-widget-tinymce textwidget\">\n<ul class=\"list-group\">\n<li class=\"list-group-item\">Men\u00fcgef\u00fchrte Bedienung<\/li>\n<li class=\"list-group-item\">Folie Tastatur<\/li>\n<li class=\"list-group-item\">Genaue Kontrolle<\/li>\n<li class=\"list-group-item\">Anschluss von zwei Thermoelementen nach Wahl<\/li>\n<li class=\"list-group-item\">Eingabe f\u00fcr das M2-Messsystem MESA<\/li>\n<li class=\"list-group-item\">Programmspeicher mit 99 Sollwertprogrammen f\u00fcr H2- und Prozesstemperatur (zeitsynchron)<\/li>\n<\/ul>\n<\/div>\n<\/div>\n<\/div>\n<\/div>\n<\/div>\n<div id=\"pgc-2934-2-1\" class=\"panel-grid-cell\">\n<div id=\"panel-2934-2-1-0\" class=\"so-panel widget widget_sow-editor panel-first-child panel-last-child\" data-index=\"4\">\n<div class=\"panel-widget-style panel-widget-style-for-2934-2-1-0\">\n<div class=\"so-widget-sow-editor so-widget-sow-editor-base\">\n<div class=\"siteorigin-widget-tinymce textwidget\">\n<ul class=\"list-group\">\n<li class=\"list-group-item\">Programmspuren, frei w\u00e4hlbar<\/li>\n<li class=\"list-group-item\">Positionsproportionale Steuerung<\/li>\n<li class=\"list-group-item\">ON\/Off-PID-Steuerung<\/li>\n<li class=\"list-group-item\">Ausg\u00e4nge \u00fcbertragen<\/li>\n<li class=\"list-group-item\">Optionen: &#8211; Sollwertgenerator f\u00fcr die Prozesstemperatur &#8211; Serielle Schnittstellen (RS422\/RS485)<\/li>\n<\/ul>\n<\/div>\n<\/div>\n<\/div>\n<\/div>\n<\/div>\n","protected":false},"featured_media":239139,"comment_status":"open","ping_status":"closed","template":"","meta":{"_acf_changed":false,"content-type":""},"product_brand":[],"product_cat":[143],"product_tag":[],"class_list":{"0":"post-243017","1":"product","2":"type-product","3":"status-publish","4":"has-post-thumbnail","6":"product_cat-steuerungen","8":"first","9":"instock","10":"shipping-taxable","11":"product-type-simple"},"acf":[],"yoast_head":"<!-- This site is optimized with the Yoast SEO plugin v27.5 - https:\/\/yoast.com\/product\/yoast-seo-wordpress\/ -->\n<title>NITROMAT-M - www.mesa-international.de<\/title>\n<meta name=\"robots\" content=\"index, follow, max-snippet:-1, max-image-preview:large, max-video-preview:-1\" \/>\n<link rel=\"canonical\" href=\"https:\/\/mesa-international.de\/de\/product\/nitromat-m\/\" \/>\n<meta property=\"og:locale\" content=\"de_DE\" \/>\n<meta property=\"og:type\" content=\"article\" \/>\n<meta property=\"og:title\" content=\"NITROMAT-M - www.mesa-international.de\" \/>\n<meta property=\"og:description\" content=\"Men\u00fcgef\u00fchrte Bedienung  Folie Tastatur  Genaue Kontrolle  Anschluss von zwei Thermoelementen nach Wahl  Eingabe f\u00fcr das M2-Messsystem MESA  Programmspeicher mit 99 Sollwertprogrammen f\u00fcr H2- und Prozesstemperatur (zeitsynchron)        Programmspuren, frei w\u00e4hlbar  Positionsproportionale Steuerung  ON\/Off-PID-Steuerung  Ausg\u00e4nge \u00fcbertragen  Optionen: - Sollwertgenerator f\u00fcr die Prozesstemperatur - Serielle Schnittstellen (RS422\/RS485)\" \/>\n<meta property=\"og:url\" content=\"https:\/\/mesa-international.de\/de\/product\/nitromat-m\/\" \/>\n<meta property=\"og:site_name\" content=\"www.mesa-international.de\" \/>\n<meta property=\"article:modified_time\" content=\"2024-10-01T11:37:48+00:00\" \/>\n<meta property=\"og:image\" content=\"https:\/\/mesa-international.de\/wp-content\/uploads\/2020\/12\/carbomat-m-3.png\" \/>\n\t<meta property=\"og:image:width\" content=\"283\" \/>\n\t<meta property=\"og:image:height\" content=\"274\" \/>\n\t<meta property=\"og:image:type\" content=\"image\/png\" \/>\n<meta name=\"twitter:card\" content=\"summary_large_image\" \/>\n<script type=\"application\/ld+json\" class=\"yoast-schema-graph\">{\"@context\":\"https:\\\/\\\/schema.org\",\"@graph\":[{\"@type\":\"WebPage\",\"@id\":\"https:\\\/\\\/mesa-international.de\\\/de\\\/product\\\/nitromat-m\\\/\",\"url\":\"https:\\\/\\\/mesa-international.de\\\/de\\\/product\\\/nitromat-m\\\/\",\"name\":\"NITROMAT-M - www.mesa-international.de\",\"isPartOf\":{\"@id\":\"https:\\\/\\\/mesa-international.de\\\/de\\\/#website\"},\"primaryImageOfPage\":{\"@id\":\"https:\\\/\\\/mesa-international.de\\\/de\\\/product\\\/nitromat-m\\\/#primaryimage\"},\"image\":{\"@id\":\"https:\\\/\\\/mesa-international.de\\\/de\\\/product\\\/nitromat-m\\\/#primaryimage\"},\"thumbnailUrl\":\"https:\\\/\\\/mesa-international.de\\\/wp-content\\\/uploads\\\/2020\\\/12\\\/carbomat-m-3.png\",\"datePublished\":\"2024-07-24T18:31:49+00:00\",\"dateModified\":\"2024-10-01T11:37:48+00:00\",\"breadcrumb\":{\"@id\":\"https:\\\/\\\/mesa-international.de\\\/de\\\/product\\\/nitromat-m\\\/#breadcrumb\"},\"inLanguage\":\"de\",\"potentialAction\":[{\"@type\":\"ReadAction\",\"target\":[\"https:\\\/\\\/mesa-international.de\\\/de\\\/product\\\/nitromat-m\\\/\"]}]},{\"@type\":\"ImageObject\",\"inLanguage\":\"de\",\"@id\":\"https:\\\/\\\/mesa-international.de\\\/de\\\/product\\\/nitromat-m\\\/#primaryimage\",\"url\":\"https:\\\/\\\/mesa-international.de\\\/wp-content\\\/uploads\\\/2020\\\/12\\\/carbomat-m-3.png\",\"contentUrl\":\"https:\\\/\\\/mesa-international.de\\\/wp-content\\\/uploads\\\/2020\\\/12\\\/carbomat-m-3.png\",\"width\":283,\"height\":274},{\"@type\":\"BreadcrumbList\",\"@id\":\"https:\\\/\\\/mesa-international.de\\\/de\\\/product\\\/nitromat-m\\\/#breadcrumb\",\"itemListElement\":[{\"@type\":\"ListItem\",\"position\":1,\"name\":\"Shop\",\"item\":\"https:\\\/\\\/mesa-international.de\\\/de\\\/shop\\\/\"},{\"@type\":\"ListItem\",\"position\":2,\"name\":\"NITROMAT-M\"}]},{\"@type\":\"WebSite\",\"@id\":\"https:\\\/\\\/mesa-international.de\\\/de\\\/#website\",\"url\":\"https:\\\/\\\/mesa-international.de\\\/de\\\/\",\"name\":\"www.mesa-international.de\",\"description\":\"Mesa Electronics Gmbh\",\"publisher\":{\"@id\":\"https:\\\/\\\/mesa-international.de\\\/de\\\/#organization\"},\"potentialAction\":[{\"@type\":\"SearchAction\",\"target\":{\"@type\":\"EntryPoint\",\"urlTemplate\":\"https:\\\/\\\/mesa-international.de\\\/de\\\/?s={search_term_string}\"},\"query-input\":{\"@type\":\"PropertyValueSpecification\",\"valueRequired\":true,\"valueName\":\"search_term_string\"}}],\"inLanguage\":\"de\"},{\"@type\":\"Organization\",\"@id\":\"https:\\\/\\\/mesa-international.de\\\/de\\\/#organization\",\"name\":\"www.mesa-international.de\",\"url\":\"https:\\\/\\\/mesa-international.de\\\/de\\\/\",\"logo\":{\"@type\":\"ImageObject\",\"inLanguage\":\"de\",\"@id\":\"https:\\\/\\\/mesa-international.de\\\/de\\\/#\\\/schema\\\/logo\\\/image\\\/\",\"url\":\"https:\\\/\\\/mesa-international.de\\\/wp-content\\\/uploads\\\/2022\\\/11\\\/sadsaca.png\",\"contentUrl\":\"https:\\\/\\\/mesa-international.de\\\/wp-content\\\/uploads\\\/2022\\\/11\\\/sadsaca.png\",\"width\":173,\"height\":107,\"caption\":\"www.mesa-international.de\"},\"image\":{\"@id\":\"https:\\\/\\\/mesa-international.de\\\/de\\\/#\\\/schema\\\/logo\\\/image\\\/\"},\"sameAs\":[\"https:\\\/\\\/www.linkedin.com\\\/company\\\/mesa-electronic-gmbh\\\/\"]}]}<\/script>\n<!-- \/ Yoast SEO plugin. -->","yoast_head_json":{"title":"NITROMAT-M - www.mesa-international.de","robots":{"index":"index","follow":"follow","max-snippet":"max-snippet:-1","max-image-preview":"max-image-preview:large","max-video-preview":"max-video-preview:-1"},"canonical":"https:\/\/mesa-international.de\/de\/product\/nitromat-m\/","og_locale":"de_DE","og_type":"article","og_title":"NITROMAT-M - www.mesa-international.de","og_description":"Men\u00fcgef\u00fchrte Bedienung  Folie Tastatur  Genaue Kontrolle  Anschluss von zwei Thermoelementen nach Wahl  Eingabe f\u00fcr das M2-Messsystem MESA  Programmspeicher mit 99 Sollwertprogrammen f\u00fcr H2- und Prozesstemperatur (zeitsynchron)        Programmspuren, frei w\u00e4hlbar  Positionsproportionale Steuerung  ON\/Off-PID-Steuerung  Ausg\u00e4nge \u00fcbertragen  Optionen: - Sollwertgenerator f\u00fcr die Prozesstemperatur - Serielle Schnittstellen (RS422\/RS485)","og_url":"https:\/\/mesa-international.de\/de\/product\/nitromat-m\/","og_site_name":"www.mesa-international.de","article_modified_time":"2024-10-01T11:37:48+00:00","og_image":[{"width":283,"height":274,"url":"https:\/\/mesa-international.de\/wp-content\/uploads\/2020\/12\/carbomat-m-3.png","type":"image\/png"}],"twitter_card":"summary_large_image","schema":{"@context":"https:\/\/schema.org","@graph":[{"@type":"WebPage","@id":"https:\/\/mesa-international.de\/de\/product\/nitromat-m\/","url":"https:\/\/mesa-international.de\/de\/product\/nitromat-m\/","name":"NITROMAT-M - www.mesa-international.de","isPartOf":{"@id":"https:\/\/mesa-international.de\/de\/#website"},"primaryImageOfPage":{"@id":"https:\/\/mesa-international.de\/de\/product\/nitromat-m\/#primaryimage"},"image":{"@id":"https:\/\/mesa-international.de\/de\/product\/nitromat-m\/#primaryimage"},"thumbnailUrl":"https:\/\/mesa-international.de\/wp-content\/uploads\/2020\/12\/carbomat-m-3.png","datePublished":"2024-07-24T18:31:49+00:00","dateModified":"2024-10-01T11:37:48+00:00","breadcrumb":{"@id":"https:\/\/mesa-international.de\/de\/product\/nitromat-m\/#breadcrumb"},"inLanguage":"de","potentialAction":[{"@type":"ReadAction","target":["https:\/\/mesa-international.de\/de\/product\/nitromat-m\/"]}]},{"@type":"ImageObject","inLanguage":"de","@id":"https:\/\/mesa-international.de\/de\/product\/nitromat-m\/#primaryimage","url":"https:\/\/mesa-international.de\/wp-content\/uploads\/2020\/12\/carbomat-m-3.png","contentUrl":"https:\/\/mesa-international.de\/wp-content\/uploads\/2020\/12\/carbomat-m-3.png","width":283,"height":274},{"@type":"BreadcrumbList","@id":"https:\/\/mesa-international.de\/de\/product\/nitromat-m\/#breadcrumb","itemListElement":[{"@type":"ListItem","position":1,"name":"Shop","item":"https:\/\/mesa-international.de\/de\/shop\/"},{"@type":"ListItem","position":2,"name":"NITROMAT-M"}]},{"@type":"WebSite","@id":"https:\/\/mesa-international.de\/de\/#website","url":"https:\/\/mesa-international.de\/de\/","name":"www.mesa-international.de","description":"Mesa Electronics Gmbh","publisher":{"@id":"https:\/\/mesa-international.de\/de\/#organization"},"potentialAction":[{"@type":"SearchAction","target":{"@type":"EntryPoint","urlTemplate":"https:\/\/mesa-international.de\/de\/?s={search_term_string}"},"query-input":{"@type":"PropertyValueSpecification","valueRequired":true,"valueName":"search_term_string"}}],"inLanguage":"de"},{"@type":"Organization","@id":"https:\/\/mesa-international.de\/de\/#organization","name":"www.mesa-international.de","url":"https:\/\/mesa-international.de\/de\/","logo":{"@type":"ImageObject","inLanguage":"de","@id":"https:\/\/mesa-international.de\/de\/#\/schema\/logo\/image\/","url":"https:\/\/mesa-international.de\/wp-content\/uploads\/2022\/11\/sadsaca.png","contentUrl":"https:\/\/mesa-international.de\/wp-content\/uploads\/2022\/11\/sadsaca.png","width":173,"height":107,"caption":"www.mesa-international.de"},"image":{"@id":"https:\/\/mesa-international.de\/de\/#\/schema\/logo\/image\/"},"sameAs":["https:\/\/www.linkedin.com\/company\/mesa-electronic-gmbh\/"]}]}},"_links":{"self":[{"href":"https:\/\/mesa-international.de\/de\/wp-json\/wp\/v2\/product\/243017","targetHints":{"allow":["GET"]}}],"collection":[{"href":"https:\/\/mesa-international.de\/de\/wp-json\/wp\/v2\/product"}],"about":[{"href":"https:\/\/mesa-international.de\/de\/wp-json\/wp\/v2\/types\/product"}],"replies":[{"embeddable":true,"href":"https:\/\/mesa-international.de\/de\/wp-json\/wp\/v2\/comments?post=243017"}],"wp:featuredmedia":[{"embeddable":true,"href":"https:\/\/mesa-international.de\/de\/wp-json\/wp\/v2\/media\/239139"}],"wp:attachment":[{"href":"https:\/\/mesa-international.de\/de\/wp-json\/wp\/v2\/media?parent=243017"}],"wp:term":[{"taxonomy":"product_brand","embeddable":true,"href":"https:\/\/mesa-international.de\/de\/wp-json\/wp\/v2\/product_brand?post=243017"},{"taxonomy":"product_cat","embeddable":true,"href":"https:\/\/mesa-international.de\/de\/wp-json\/wp\/v2\/product_cat?post=243017"},{"taxonomy":"product_tag","embeddable":true,"href":"https:\/\/mesa-international.de\/de\/wp-json\/wp\/v2\/product_tag?post=243017"}],"curies":[{"name":"wp","href":"https:\/\/api.w.org\/{rel}","templated":true}]}}