{"id":243016,"date":"2024-07-22T18:44:29","date_gmt":"2024-07-22T17:44:29","guid":{"rendered":"https:\/\/mesa-international.de\/product\/digitales-universal-steuergeraet-mesa\/"},"modified":"2024-10-01T12:43:14","modified_gmt":"2024-10-01T11:43:14","slug":"digitales-universal-steuergeraet-mesa","status":"publish","type":"product","link":"https:\/\/mesa-international.de\/de\/product\/digitales-universal-steuergeraet-mesa\/","title":{"rendered":"DIGITALES UNIVERSAL-STEUERGER\u00c4T MESA"},"content":{"rendered":"","protected":false},"excerpt":{"rendered":"<div id=\"pgc-3047-2-0\" class=\"panel-grid-cell\">\n<div id=\"panel-3047-2-0-0\" class=\"so-panel widget widget_sow-editor panel-first-child panel-last-child\" data-index=\"3\">\n<div class=\"panel-widget-style panel-widget-style-for-3047-2-0-0\">\n<div class=\"so-widget-sow-editor so-widget-sow-editor-base\">\n<div class=\"siteorigin-widget-tinymce textwidget\">\n<ul class=\"list-group\">\n<li class=\"list-group-item\">Selbstoptimierender PID-Regler mit der einstellbaren Fuzzy-Rate<\/li>\n<li class=\"list-group-item\">Hohe Genauigkeit (\u00b1 0,2%)<\/li>\n<li class=\"list-group-item\">Austauschbare Ausgangsmodule<\/li>\n<li class=\"list-group-item\">3 frei definierbare Alarmausg\u00e4nge<\/li>\n<li class=\"list-group-item\">Ext.<br \/>\nSollwerteingang 4 &#8230; 20 mA <\/li>\n<li class=\"list-group-item\">Modularer Aufbau<\/li>\n<li class=\"list-group-item\">100 ms Erkennungszeit f\u00fcr analoge Eing\u00e4nge<\/li>\n<\/ul>\n<\/div>\n<\/div>\n<\/div>\n<\/div>\n<\/div>\n<div id=\"pgc-3047-2-1\" class=\"panel-grid-cell\">\n<div id=\"panel-3047-2-1-0\" class=\"so-panel widget widget_sow-editor panel-first-child panel-last-child\" data-index=\"4\">\n<div class=\"panel-widget-style panel-widget-style-for-3047-2-1-0\">\n<div class=\"so-widget-sow-editor so-widget-sow-editor-base\">\n<div class=\"siteorigin-widget-tinymce textwidget\">\n<h4><\/h4>\n<ul class=\"list-group\">\n<li class=\"list-group-item\">Dezentralisierte Sollwertvorgabe<\/li>\n<li class=\"list-group-item\">Serielle Kommunikation \u00fcber RS-232C, RS422 oder RS-485 und \u00dcbertragungsausgang (4&#8230;20 mA)<\/li>\n<li class=\"list-group-item\">Schrittsteuerung<\/li>\n<li class=\"list-group-item\">Steuerung von Heizung und K\u00fchlung<\/li>\n<li class=\"list-group-item\">Programmregulierung m\u00f6glich<\/li>\n<\/ul>\n<\/div>\n<\/div>\n<\/div>\n<\/div>\n<\/div>\n","protected":false},"featured_media":239146,"comment_status":"open","ping_status":"closed","template":"","meta":{"_acf_changed":false,"content-type":""},"product_brand":[],"product_cat":[143],"product_tag":[],"class_list":{"0":"post-243016","1":"product","2":"type-product","3":"status-publish","4":"has-post-thumbnail","6":"product_cat-steuerungen","8":"first","9":"instock","10":"shipping-taxable","11":"product-type-simple"},"acf":[],"yoast_head":"<!-- This site is optimized with the Yoast SEO plugin v27.4 - https:\/\/yoast.com\/product\/yoast-seo-wordpress\/ -->\n<title>DIGITALES UNIVERSAL-STEUERGER\u00c4T MESA - www.mesa-international.de<\/title>\n<meta name=\"robots\" content=\"index, follow, max-snippet:-1, max-image-preview:large, max-video-preview:-1\" \/>\n<link rel=\"canonical\" href=\"https:\/\/mesa-international.de\/de\/product\/digitales-universal-steuergeraet-mesa\/\" \/>\n<meta property=\"og:locale\" content=\"de_DE\" \/>\n<meta property=\"og:type\" content=\"article\" \/>\n<meta property=\"og:title\" content=\"DIGITALES UNIVERSAL-STEUERGER\u00c4T MESA - www.mesa-international.de\" \/>\n<meta property=\"og:description\" content=\"Selbstoptimierender PID-Regler mit der einstellbaren Fuzzy-Rate  Hohe Genauigkeit (\u00b1 0,2%)  Austauschbare Ausgangsmodule  3 frei definierbare Alarmausg\u00e4nge  Ext. Sollwerteingang 4 ... 20 mA  Modularer Aufbau  100 ms Erkennungszeit f\u00fcr analoge Eing\u00e4nge        Dezentralisierte Sollwertvorgabe  Serielle Kommunikation \u00fcber RS-232C, RS422 oder RS-485 und \u00dcbertragungsausgang (4...20 mA)  Schrittsteuerung  Steuerung von Heizung und K\u00fchlung  Programmregulierung m\u00f6glich\" \/>\n<meta property=\"og:url\" content=\"https:\/\/mesa-international.de\/de\/product\/digitales-universal-steuergeraet-mesa\/\" \/>\n<meta property=\"og:site_name\" content=\"www.mesa-international.de\" \/>\n<meta property=\"article:modified_time\" content=\"2024-10-01T11:43:14+00:00\" \/>\n<meta property=\"og:image\" content=\"https:\/\/mesa-international.de\/wp-content\/uploads\/2020\/12\/DGTP5-AN-3D-2.png\" \/>\n\t<meta property=\"og:image:width\" content=\"600\" \/>\n\t<meta property=\"og:image:height\" content=\"600\" \/>\n\t<meta property=\"og:image:type\" content=\"image\/png\" \/>\n<meta name=\"twitter:card\" content=\"summary_large_image\" \/>\n<script type=\"application\/ld+json\" class=\"yoast-schema-graph\">{\"@context\":\"https:\\\/\\\/schema.org\",\"@graph\":[{\"@type\":\"WebPage\",\"@id\":\"https:\\\/\\\/mesa-international.de\\\/de\\\/product\\\/digitales-universal-steuergeraet-mesa\\\/\",\"url\":\"https:\\\/\\\/mesa-international.de\\\/de\\\/product\\\/digitales-universal-steuergeraet-mesa\\\/\",\"name\":\"DIGITALES UNIVERSAL-STEUERGER\u00c4T MESA - www.mesa-international.de\",\"isPartOf\":{\"@id\":\"https:\\\/\\\/mesa-international.de\\\/de\\\/#website\"},\"primaryImageOfPage\":{\"@id\":\"https:\\\/\\\/mesa-international.de\\\/de\\\/product\\\/digitales-universal-steuergeraet-mesa\\\/#primaryimage\"},\"image\":{\"@id\":\"https:\\\/\\\/mesa-international.de\\\/de\\\/product\\\/digitales-universal-steuergeraet-mesa\\\/#primaryimage\"},\"thumbnailUrl\":\"https:\\\/\\\/mesa-international.de\\\/wp-content\\\/uploads\\\/2020\\\/12\\\/DGTP5-AN-3D-2.png\",\"datePublished\":\"2024-07-22T17:44:29+00:00\",\"dateModified\":\"2024-10-01T11:43:14+00:00\",\"breadcrumb\":{\"@id\":\"https:\\\/\\\/mesa-international.de\\\/de\\\/product\\\/digitales-universal-steuergeraet-mesa\\\/#breadcrumb\"},\"inLanguage\":\"de\",\"potentialAction\":[{\"@type\":\"ReadAction\",\"target\":[\"https:\\\/\\\/mesa-international.de\\\/de\\\/product\\\/digitales-universal-steuergeraet-mesa\\\/\"]}]},{\"@type\":\"ImageObject\",\"inLanguage\":\"de\",\"@id\":\"https:\\\/\\\/mesa-international.de\\\/de\\\/product\\\/digitales-universal-steuergeraet-mesa\\\/#primaryimage\",\"url\":\"https:\\\/\\\/mesa-international.de\\\/wp-content\\\/uploads\\\/2020\\\/12\\\/DGTP5-AN-3D-2.png\",\"contentUrl\":\"https:\\\/\\\/mesa-international.de\\\/wp-content\\\/uploads\\\/2020\\\/12\\\/DGTP5-AN-3D-2.png\",\"width\":600,\"height\":600},{\"@type\":\"BreadcrumbList\",\"@id\":\"https:\\\/\\\/mesa-international.de\\\/de\\\/product\\\/digitales-universal-steuergeraet-mesa\\\/#breadcrumb\",\"itemListElement\":[{\"@type\":\"ListItem\",\"position\":1,\"name\":\"Shop\",\"item\":\"https:\\\/\\\/mesa-international.de\\\/de\\\/shop\\\/\"},{\"@type\":\"ListItem\",\"position\":2,\"name\":\"DIGITALES UNIVERSAL-STEUERGER\u00c4T MESA\"}]},{\"@type\":\"WebSite\",\"@id\":\"https:\\\/\\\/mesa-international.de\\\/de\\\/#website\",\"url\":\"https:\\\/\\\/mesa-international.de\\\/de\\\/\",\"name\":\"www.mesa-international.de\",\"description\":\"Mesa Electronics Gmbh\",\"publisher\":{\"@id\":\"https:\\\/\\\/mesa-international.de\\\/de\\\/#organization\"},\"potentialAction\":[{\"@type\":\"SearchAction\",\"target\":{\"@type\":\"EntryPoint\",\"urlTemplate\":\"https:\\\/\\\/mesa-international.de\\\/de\\\/?s={search_term_string}\"},\"query-input\":{\"@type\":\"PropertyValueSpecification\",\"valueRequired\":true,\"valueName\":\"search_term_string\"}}],\"inLanguage\":\"de\"},{\"@type\":\"Organization\",\"@id\":\"https:\\\/\\\/mesa-international.de\\\/de\\\/#organization\",\"name\":\"www.mesa-international.de\",\"url\":\"https:\\\/\\\/mesa-international.de\\\/de\\\/\",\"logo\":{\"@type\":\"ImageObject\",\"inLanguage\":\"de\",\"@id\":\"https:\\\/\\\/mesa-international.de\\\/de\\\/#\\\/schema\\\/logo\\\/image\\\/\",\"url\":\"https:\\\/\\\/mesa-international.de\\\/wp-content\\\/uploads\\\/2022\\\/11\\\/sadsaca.png\",\"contentUrl\":\"https:\\\/\\\/mesa-international.de\\\/wp-content\\\/uploads\\\/2022\\\/11\\\/sadsaca.png\",\"width\":173,\"height\":107,\"caption\":\"www.mesa-international.de\"},\"image\":{\"@id\":\"https:\\\/\\\/mesa-international.de\\\/de\\\/#\\\/schema\\\/logo\\\/image\\\/\"},\"sameAs\":[\"https:\\\/\\\/www.linkedin.com\\\/company\\\/mesa-electronic-gmbh\\\/\"]}]}<\/script>\n<!-- \/ Yoast SEO plugin. -->","yoast_head_json":{"title":"DIGITALES UNIVERSAL-STEUERGER\u00c4T MESA - www.mesa-international.de","robots":{"index":"index","follow":"follow","max-snippet":"max-snippet:-1","max-image-preview":"max-image-preview:large","max-video-preview":"max-video-preview:-1"},"canonical":"https:\/\/mesa-international.de\/de\/product\/digitales-universal-steuergeraet-mesa\/","og_locale":"de_DE","og_type":"article","og_title":"DIGITALES UNIVERSAL-STEUERGER\u00c4T MESA - www.mesa-international.de","og_description":"Selbstoptimierender PID-Regler mit der einstellbaren Fuzzy-Rate  Hohe Genauigkeit (\u00b1 0,2%)  Austauschbare Ausgangsmodule  3 frei definierbare Alarmausg\u00e4nge  Ext. Sollwerteingang 4 ... 20 mA  Modularer Aufbau  100 ms Erkennungszeit f\u00fcr analoge Eing\u00e4nge        Dezentralisierte Sollwertvorgabe  Serielle Kommunikation \u00fcber RS-232C, RS422 oder RS-485 und \u00dcbertragungsausgang (4...20 mA)  Schrittsteuerung  Steuerung von Heizung und K\u00fchlung  Programmregulierung m\u00f6glich","og_url":"https:\/\/mesa-international.de\/de\/product\/digitales-universal-steuergeraet-mesa\/","og_site_name":"www.mesa-international.de","article_modified_time":"2024-10-01T11:43:14+00:00","og_image":[{"width":600,"height":600,"url":"https:\/\/mesa-international.de\/wp-content\/uploads\/2020\/12\/DGTP5-AN-3D-2.png","type":"image\/png"}],"twitter_card":"summary_large_image","schema":{"@context":"https:\/\/schema.org","@graph":[{"@type":"WebPage","@id":"https:\/\/mesa-international.de\/de\/product\/digitales-universal-steuergeraet-mesa\/","url":"https:\/\/mesa-international.de\/de\/product\/digitales-universal-steuergeraet-mesa\/","name":"DIGITALES UNIVERSAL-STEUERGER\u00c4T MESA - www.mesa-international.de","isPartOf":{"@id":"https:\/\/mesa-international.de\/de\/#website"},"primaryImageOfPage":{"@id":"https:\/\/mesa-international.de\/de\/product\/digitales-universal-steuergeraet-mesa\/#primaryimage"},"image":{"@id":"https:\/\/mesa-international.de\/de\/product\/digitales-universal-steuergeraet-mesa\/#primaryimage"},"thumbnailUrl":"https:\/\/mesa-international.de\/wp-content\/uploads\/2020\/12\/DGTP5-AN-3D-2.png","datePublished":"2024-07-22T17:44:29+00:00","dateModified":"2024-10-01T11:43:14+00:00","breadcrumb":{"@id":"https:\/\/mesa-international.de\/de\/product\/digitales-universal-steuergeraet-mesa\/#breadcrumb"},"inLanguage":"de","potentialAction":[{"@type":"ReadAction","target":["https:\/\/mesa-international.de\/de\/product\/digitales-universal-steuergeraet-mesa\/"]}]},{"@type":"ImageObject","inLanguage":"de","@id":"https:\/\/mesa-international.de\/de\/product\/digitales-universal-steuergeraet-mesa\/#primaryimage","url":"https:\/\/mesa-international.de\/wp-content\/uploads\/2020\/12\/DGTP5-AN-3D-2.png","contentUrl":"https:\/\/mesa-international.de\/wp-content\/uploads\/2020\/12\/DGTP5-AN-3D-2.png","width":600,"height":600},{"@type":"BreadcrumbList","@id":"https:\/\/mesa-international.de\/de\/product\/digitales-universal-steuergeraet-mesa\/#breadcrumb","itemListElement":[{"@type":"ListItem","position":1,"name":"Shop","item":"https:\/\/mesa-international.de\/de\/shop\/"},{"@type":"ListItem","position":2,"name":"DIGITALES UNIVERSAL-STEUERGER\u00c4T MESA"}]},{"@type":"WebSite","@id":"https:\/\/mesa-international.de\/de\/#website","url":"https:\/\/mesa-international.de\/de\/","name":"www.mesa-international.de","description":"Mesa Electronics Gmbh","publisher":{"@id":"https:\/\/mesa-international.de\/de\/#organization"},"potentialAction":[{"@type":"SearchAction","target":{"@type":"EntryPoint","urlTemplate":"https:\/\/mesa-international.de\/de\/?s={search_term_string}"},"query-input":{"@type":"PropertyValueSpecification","valueRequired":true,"valueName":"search_term_string"}}],"inLanguage":"de"},{"@type":"Organization","@id":"https:\/\/mesa-international.de\/de\/#organization","name":"www.mesa-international.de","url":"https:\/\/mesa-international.de\/de\/","logo":{"@type":"ImageObject","inLanguage":"de","@id":"https:\/\/mesa-international.de\/de\/#\/schema\/logo\/image\/","url":"https:\/\/mesa-international.de\/wp-content\/uploads\/2022\/11\/sadsaca.png","contentUrl":"https:\/\/mesa-international.de\/wp-content\/uploads\/2022\/11\/sadsaca.png","width":173,"height":107,"caption":"www.mesa-international.de"},"image":{"@id":"https:\/\/mesa-international.de\/de\/#\/schema\/logo\/image\/"},"sameAs":["https:\/\/www.linkedin.com\/company\/mesa-electronic-gmbh\/"]}]}},"_links":{"self":[{"href":"https:\/\/mesa-international.de\/de\/wp-json\/wp\/v2\/product\/243016","targetHints":{"allow":["GET"]}}],"collection":[{"href":"https:\/\/mesa-international.de\/de\/wp-json\/wp\/v2\/product"}],"about":[{"href":"https:\/\/mesa-international.de\/de\/wp-json\/wp\/v2\/types\/product"}],"replies":[{"embeddable":true,"href":"https:\/\/mesa-international.de\/de\/wp-json\/wp\/v2\/comments?post=243016"}],"wp:featuredmedia":[{"embeddable":true,"href":"https:\/\/mesa-international.de\/de\/wp-json\/wp\/v2\/media\/239146"}],"wp:attachment":[{"href":"https:\/\/mesa-international.de\/de\/wp-json\/wp\/v2\/media?parent=243016"}],"wp:term":[{"taxonomy":"product_brand","embeddable":true,"href":"https:\/\/mesa-international.de\/de\/wp-json\/wp\/v2\/product_brand?post=243016"},{"taxonomy":"product_cat","embeddable":true,"href":"https:\/\/mesa-international.de\/de\/wp-json\/wp\/v2\/product_cat?post=243016"},{"taxonomy":"product_tag","embeddable":true,"href":"https:\/\/mesa-international.de\/de\/wp-json\/wp\/v2\/product_tag?post=243016"}],"curies":[{"name":"wp","href":"https:\/\/api.w.org\/{rel}","templated":true}]}}