{"id":243014,"date":"2024-07-22T18:52:23","date_gmt":"2024-07-22T17:52:23","guid":{"rendered":"https:\/\/mesa-international.de\/product\/ofensteuerung-fuer-die-aufkohlung-mcon-carbo\/"},"modified":"2024-10-01T12:39:19","modified_gmt":"2024-10-01T11:39:19","slug":"ofensteuerung-fuer-die-aufkohlung-mcon-carbo","status":"publish","type":"product","link":"https:\/\/mesa-international.de\/de\/product\/ofensteuerung-fuer-die-aufkohlung-mcon-carbo\/","title":{"rendered":"OFENSTEUERUNG F\u00dcR DIE AUFKOHLUNG MCON CARBO"},"content":{"rendered":"<h4>BESONDERHEITEN:<\/h4>\n<div id=\"pgc-2959-2-0\" class=\"panel-grid-cell\">\n<div id=\"panel-2959-2-0-0\" class=\"so-panel widget widget_sow-editor panel-first-child panel-last-child\" data-index=\"3\">\n<div class=\"panel-widget-style panel-widget-style-for-2959-2-0-0\">\n<div class=\"so-widget-sow-editor so-widget-sow-editor-base\">\n<div class=\"siteorigin-widget-tinymce textwidget\">\n<ul class=\"list-group\">\n<li class=\"list-group-item\">  Kontrolliert und reguliert C-Niveau, Ofen- und \u00d6lbadtemperatur<\/li>\n<li class=\"list-group-item\">Verschiedene Arten von Thermoelementen, Lambda-, O2-Sonden und andere Gassensoren, z.B. CO, CO2<\/li>\n<li class=\"list-group-item\">Redundanz gem\u00e4\u00df CQI9, d.h. C-Level-Messung mit einer oder zwei Sonden<\/li>\n<li class=\"list-group-item\">Sonden\u00fcberwachung, z.B. Sp\u00fclen, Messung des Innenwiderstands, etc.<\/li>\n<li class=\"list-group-item\">  Integrierter Webserver f\u00fcr Fernzugriff oder Wartung<\/li>\n<li class=\"list-group-item\">C-Level-Korrektur durch Folientests<\/li>\n<li class=\"list-group-item\">Bis zu 3 PID-Parametereinstellungen f\u00fcr Temperatur- und C-Pegel-Regelung<\/li>\n<\/ul>\n<\/div>\n<\/div>\n<\/div>\n<\/div>\n<\/div>\n<div id=\"pgc-2959-2-1\" class=\"panel-grid-cell\">\n<div id=\"panel-2959-2-1-0\" class=\"so-panel widget widget_sow-editor panel-first-child panel-last-child\" data-index=\"4\">\n<div class=\"panel-widget-style panel-widget-style-for-2959-2-1-0\">\n<div class=\"so-widget-sow-editor so-widget-sow-editor-base\">\n<div class=\"siteorigin-widget-tinymce textwidget\">\n<h4><\/h4>\n<ul class=\"list-group\">\n<li class=\"list-group-item\">Gasventil-Sicherheits\u00fcberwachung f\u00fcr individuelle Temperaturen<\/li>\n<li class=\"list-group-item\">Farb-TFT-Touchscreen-Display mit zus\u00e4tzlichem Tastenfeld<\/li>\n<li class=\"list-group-item\">RS485 Modbus-Schnittstelle als interne Schaltung f\u00fcr I \/ O-Erweiterungen nutzbar<\/li>\n<li class=\"list-group-item\">Multi-User-Zugang mit Benutzernamen, Passw\u00f6rtern und Zugriffsebenen<\/li>\n<li class=\"list-group-item\">Isolierte Analogeing\u00e4nge<\/li>\n<li class=\"list-group-item\">Stromversorgung 115 oder 220V 50\/60Hz oder 24V<\/li>\n<li class=\"list-group-item\">Optional: Profibus, DeviceNet und benutzerdefinierte Protokolle<\/li>\n<\/ul>\n<\/div>\n<\/div>\n<div id=\"pgc-2959-3-0\" class=\"panel-grid-cell\">\n<div id=\"panel-2959-3-0-0\" class=\"so-panel widget widget_sow-editor panel-first-child panel-last-child\" data-index=\"5\">\n<div class=\"panel-widget-style panel-widget-style-for-2959-3-0-0\">\n<div class=\"so-widget-sow-editor so-widget-sow-editor-base\">\n<div class=\"siteorigin-widget-tinymce textwidget\">\n<h4><\/h4>\n<h4>FUNKTION<\/h4>\n<div class=\"page\" title=\"Seite 1\">\n<div class=\"section\">\n<div class=\"layoutArea\">\n<div class=\"column\">  MCON Carbo ist ein neuer und fortschrittlicher Regler f\u00fcr die Steuerung und Regelung von Aufkohlungsprozessen in W\u00e4rmebehandlungsanlagen. Der Regler ist in der Lage, bis zu drei unabh\u00e4ngige Regelkreise zu steuern. Neben dem C-Pegel k\u00f6nnen zus\u00e4tzlich die Ofentemperatur und die \u00d6lbadtemperatur geregelt werden. Als Grafikschreiber kann der neue Regler alle Regelkreiskennwerte aufzeichnen. An den MCON Carbo k\u00f6nnen alle handels\u00fcblichen Thermoelemente, Lambda- und Sauerstoffsonden sowie Gassensoren, z.B. CO, CO2, angeschlossen werden. Um die geforderte Redundanz gem\u00e4\u00df CQI9 zu gew\u00e4hrleisten, kann der Controller die Signale von zwei Messsonden erfassen, auswerten und verarbeiten. Dar\u00fcber hinaus bietet die neue Generation von Controllern verschiedene Kontrollmechanismen und \u00dcberwachungsm\u00f6glichkeiten. Der Aufkohlungsprozess mit den dazugeh\u00f6rigen C-Pegel- und Temperatursollwerten kann in den vorgesehenen Zeitbereichen durch bis zu 99 Programme mit 24 Segmenten und 16 Steuerspuren gesteuert werden. Die Steuerspuren k\u00f6nnen auch digitale Ausg\u00e4nge aktivieren, sobald das Programm das gew\u00fcnschte Segment erreicht hat.  <\/div>\n<\/div>\n<\/div>\n<\/div>\n<\/div>\n<\/div>\n<\/div>\n<\/div>\n<\/div>\n<div id=\"pgc-2959-3-1\" class=\"panel-grid-cell\">\n<div id=\"panel-2959-3-1-0\" class=\"so-panel widget widget_sow-editor panel-first-child panel-last-child\" data-index=\"6\">\n<div class=\"panel-widget-style panel-widget-style-for-2959-3-1-0\">\n<div class=\"so-widget-sow-editor so-widget-sow-editor-base\">\n<div class=\"siteorigin-widget-tinymce textwidget\">\n<h4><\/h4>\n<div class=\"page\" title=\"Seite 1\">\n<div class=\"section\">\n<div class=\"layoutArea\">\n<div class=\"column\">\n<div class=\"page\" title=\"Seite 2\">\n<div class=\"section\">\n<div class=\"layoutArea\">\n<div class=\"column\">  Der Benutzer kann seine eigenen Alarmschwellen definieren, die nicht nur kritische Werte kontrollieren, sondern auch entsprechend belegte Ausg\u00e4nge aktivieren.<br \/>\nVordefinierte Alarme werden automatisch ausgel\u00f6st, wenn unerwartete Systembedingungen (Erreichen der Ru\u00dfgrenze, Sondenfehler, Steuerungsfehler usw.) auftreten.<br \/>\nUnser MCon Carbo ist vollst\u00e4ndig konfiguriert mit 2 RS485 MODBUS (Master und Slave) und einer TCP\/IP Modbus-Slave-Schnittstelle.<br \/>\nEin integrierter Webserver erm\u00f6glicht den Fernzugriff auf alle neuen MESA-Ger\u00e4te.<br \/>\nBenutzerkonten mit Passwortschutz erh\u00f6hen die Sicherheit bei der Nutzung, indem Zugriffsebenen, Parameter und Funktionen je nach Benutzerprivilegien gesperrt werden.<br \/>\nNat\u00fcrlich ist der Controller auch mit nur einem oder zwei Regelkreisen erh\u00e4ltlich.       <\/div>\n<\/div>\n<\/div>\n<\/div>\n<\/div>\n<\/div>\n<\/div>\n<\/div>\n<\/div>\n<\/div>\n<\/div>\n<\/div>\n<\/div>\n<\/div>\n<\/div>\n<\/div>\n","protected":false},"excerpt":{"rendered":"<ul>\n<li>Direkter drahtloser Zugang zu allen neuen MESA-Ger\u00e4ten<\/li>\n<li>99 Programme mit 24 Segmenten und 16 Steuerspuren<\/li>\n<li>Benutzerdefinierte Alarme und Ru\u00dfbegrenzungskontrolle<\/li>\n<li>Diagramm anzeigen<\/li>\n<li>Ethernet und isolierte RS485 \/ 422 Modbus-Schnittstelle<\/li>\n<li>Daten\u00fcbertragung und Firmware-Update \u00fcber die USB-Schnittstelle<\/li>\n<li>Bis zu 3 unabh\u00e4ngige Regelkreise<\/li>\n<\/ul>\n","protected":false},"featured_media":239143,"comment_status":"open","ping_status":"closed","template":"","meta":{"_acf_changed":false,"content-type":""},"product_brand":[],"product_cat":[143],"product_tag":[],"class_list":{"0":"post-243014","1":"product","2":"type-product","3":"status-publish","4":"has-post-thumbnail","6":"product_cat-steuerungen","8":"first","9":"instock","10":"shipping-taxable","11":"product-type-simple"},"acf":[],"yoast_head":"<!-- This site is optimized with the Yoast SEO plugin v27.3 - https:\/\/yoast.com\/product\/yoast-seo-wordpress\/ -->\n<title>OFENSTEUERUNG F\u00dcR DIE AUFKOHLUNG MCON CARBO - www.mesa-international.de<\/title>\n<meta name=\"robots\" content=\"index, follow, max-snippet:-1, max-image-preview:large, max-video-preview:-1\" \/>\n<link rel=\"canonical\" href=\"https:\/\/mesa-international.de\/de\/product\/ofensteuerung-fuer-die-aufkohlung-mcon-carbo\/\" \/>\n<meta property=\"og:locale\" content=\"de_DE\" \/>\n<meta property=\"og:type\" content=\"article\" \/>\n<meta property=\"og:title\" content=\"OFENSTEUERUNG F\u00dcR DIE AUFKOHLUNG MCON CARBO - www.mesa-international.de\" \/>\n<meta property=\"og:description\" content=\"Direkter drahtloser Zugang zu allen neuen MESA-Ger\u00e4ten  99 Programme mit 24 Segmenten und 16 Steuerspuren  Benutzerdefinierte Alarme und Ru\u00dfbegrenzungskontrolle  Diagramm anzeigen  Ethernet und isolierte RS485 \/ 422 Modbus-Schnittstelle  Daten\u00fcbertragung und Firmware-Update \u00fcber die USB-Schnittstelle  Bis zu 3 unabh\u00e4ngige Regelkreise\" \/>\n<meta property=\"og:url\" content=\"https:\/\/mesa-international.de\/de\/product\/ofensteuerung-fuer-die-aufkohlung-mcon-carbo\/\" \/>\n<meta property=\"og:site_name\" content=\"www.mesa-international.de\" \/>\n<meta property=\"article:modified_time\" content=\"2024-10-01T11:39:19+00:00\" \/>\n<meta property=\"og:image\" content=\"https:\/\/mesa-international.de\/wp-content\/uploads\/2020\/12\/MCon-Nitro-2.png\" \/>\n\t<meta property=\"og:image:width\" content=\"600\" \/>\n\t<meta property=\"og:image:height\" content=\"600\" \/>\n\t<meta property=\"og:image:type\" content=\"image\/png\" \/>\n<meta name=\"twitter:card\" content=\"summary_large_image\" \/>\n<meta name=\"twitter:label1\" content=\"Gesch\u00e4tzte Lesezeit\" \/>\n\t<meta name=\"twitter:data1\" content=\"2\u00a0Minuten\" \/>\n<script type=\"application\/ld+json\" class=\"yoast-schema-graph\">{\"@context\":\"https:\\\/\\\/schema.org\",\"@graph\":[{\"@type\":\"WebPage\",\"@id\":\"https:\\\/\\\/mesa-international.de\\\/de\\\/product\\\/ofensteuerung-fuer-die-aufkohlung-mcon-carbo\\\/\",\"url\":\"https:\\\/\\\/mesa-international.de\\\/de\\\/product\\\/ofensteuerung-fuer-die-aufkohlung-mcon-carbo\\\/\",\"name\":\"OFENSTEUERUNG F\u00dcR DIE AUFKOHLUNG MCON CARBO - www.mesa-international.de\",\"isPartOf\":{\"@id\":\"https:\\\/\\\/mesa-international.de\\\/de\\\/#website\"},\"primaryImageOfPage\":{\"@id\":\"https:\\\/\\\/mesa-international.de\\\/de\\\/product\\\/ofensteuerung-fuer-die-aufkohlung-mcon-carbo\\\/#primaryimage\"},\"image\":{\"@id\":\"https:\\\/\\\/mesa-international.de\\\/de\\\/product\\\/ofensteuerung-fuer-die-aufkohlung-mcon-carbo\\\/#primaryimage\"},\"thumbnailUrl\":\"https:\\\/\\\/mesa-international.de\\\/wp-content\\\/uploads\\\/2020\\\/12\\\/MCon-Nitro-2.png\",\"datePublished\":\"2024-07-22T17:52:23+00:00\",\"dateModified\":\"2024-10-01T11:39:19+00:00\",\"breadcrumb\":{\"@id\":\"https:\\\/\\\/mesa-international.de\\\/de\\\/product\\\/ofensteuerung-fuer-die-aufkohlung-mcon-carbo\\\/#breadcrumb\"},\"inLanguage\":\"de\",\"potentialAction\":[{\"@type\":\"ReadAction\",\"target\":[\"https:\\\/\\\/mesa-international.de\\\/de\\\/product\\\/ofensteuerung-fuer-die-aufkohlung-mcon-carbo\\\/\"]}]},{\"@type\":\"ImageObject\",\"inLanguage\":\"de\",\"@id\":\"https:\\\/\\\/mesa-international.de\\\/de\\\/product\\\/ofensteuerung-fuer-die-aufkohlung-mcon-carbo\\\/#primaryimage\",\"url\":\"https:\\\/\\\/mesa-international.de\\\/wp-content\\\/uploads\\\/2020\\\/12\\\/MCon-Nitro-2.png\",\"contentUrl\":\"https:\\\/\\\/mesa-international.de\\\/wp-content\\\/uploads\\\/2020\\\/12\\\/MCon-Nitro-2.png\",\"width\":600,\"height\":600},{\"@type\":\"BreadcrumbList\",\"@id\":\"https:\\\/\\\/mesa-international.de\\\/de\\\/product\\\/ofensteuerung-fuer-die-aufkohlung-mcon-carbo\\\/#breadcrumb\",\"itemListElement\":[{\"@type\":\"ListItem\",\"position\":1,\"name\":\"Shop\",\"item\":\"https:\\\/\\\/mesa-international.de\\\/de\\\/shop\\\/\"},{\"@type\":\"ListItem\",\"position\":2,\"name\":\"OFENSTEUERUNG F\u00dcR DIE AUFKOHLUNG MCON CARBO\"}]},{\"@type\":\"WebSite\",\"@id\":\"https:\\\/\\\/mesa-international.de\\\/de\\\/#website\",\"url\":\"https:\\\/\\\/mesa-international.de\\\/de\\\/\",\"name\":\"www.mesa-international.de\",\"description\":\"Mesa Electronics Gmbh\",\"publisher\":{\"@id\":\"https:\\\/\\\/mesa-international.de\\\/de\\\/#organization\"},\"potentialAction\":[{\"@type\":\"SearchAction\",\"target\":{\"@type\":\"EntryPoint\",\"urlTemplate\":\"https:\\\/\\\/mesa-international.de\\\/de\\\/?s={search_term_string}\"},\"query-input\":{\"@type\":\"PropertyValueSpecification\",\"valueRequired\":true,\"valueName\":\"search_term_string\"}}],\"inLanguage\":\"de\"},{\"@type\":\"Organization\",\"@id\":\"https:\\\/\\\/mesa-international.de\\\/de\\\/#organization\",\"name\":\"www.mesa-international.de\",\"url\":\"https:\\\/\\\/mesa-international.de\\\/de\\\/\",\"logo\":{\"@type\":\"ImageObject\",\"inLanguage\":\"de\",\"@id\":\"https:\\\/\\\/mesa-international.de\\\/de\\\/#\\\/schema\\\/logo\\\/image\\\/\",\"url\":\"https:\\\/\\\/mesa-international.de\\\/wp-content\\\/uploads\\\/2022\\\/11\\\/sadsaca.png\",\"contentUrl\":\"https:\\\/\\\/mesa-international.de\\\/wp-content\\\/uploads\\\/2022\\\/11\\\/sadsaca.png\",\"width\":173,\"height\":107,\"caption\":\"www.mesa-international.de\"},\"image\":{\"@id\":\"https:\\\/\\\/mesa-international.de\\\/de\\\/#\\\/schema\\\/logo\\\/image\\\/\"},\"sameAs\":[\"https:\\\/\\\/www.linkedin.com\\\/company\\\/mesa-electronic-gmbh\\\/\"]}]}<\/script>\n<!-- \/ Yoast SEO plugin. -->","yoast_head_json":{"title":"OFENSTEUERUNG F\u00dcR DIE AUFKOHLUNG MCON CARBO - www.mesa-international.de","robots":{"index":"index","follow":"follow","max-snippet":"max-snippet:-1","max-image-preview":"max-image-preview:large","max-video-preview":"max-video-preview:-1"},"canonical":"https:\/\/mesa-international.de\/de\/product\/ofensteuerung-fuer-die-aufkohlung-mcon-carbo\/","og_locale":"de_DE","og_type":"article","og_title":"OFENSTEUERUNG F\u00dcR DIE AUFKOHLUNG MCON CARBO - www.mesa-international.de","og_description":"Direkter drahtloser Zugang zu allen neuen MESA-Ger\u00e4ten  99 Programme mit 24 Segmenten und 16 Steuerspuren  Benutzerdefinierte Alarme und Ru\u00dfbegrenzungskontrolle  Diagramm anzeigen  Ethernet und isolierte RS485 \/ 422 Modbus-Schnittstelle  Daten\u00fcbertragung und Firmware-Update \u00fcber die USB-Schnittstelle  Bis zu 3 unabh\u00e4ngige Regelkreise","og_url":"https:\/\/mesa-international.de\/de\/product\/ofensteuerung-fuer-die-aufkohlung-mcon-carbo\/","og_site_name":"www.mesa-international.de","article_modified_time":"2024-10-01T11:39:19+00:00","og_image":[{"width":600,"height":600,"url":"https:\/\/mesa-international.de\/wp-content\/uploads\/2020\/12\/MCon-Nitro-2.png","type":"image\/png"}],"twitter_card":"summary_large_image","twitter_misc":{"Gesch\u00e4tzte Lesezeit":"2\u00a0Minuten"},"schema":{"@context":"https:\/\/schema.org","@graph":[{"@type":"WebPage","@id":"https:\/\/mesa-international.de\/de\/product\/ofensteuerung-fuer-die-aufkohlung-mcon-carbo\/","url":"https:\/\/mesa-international.de\/de\/product\/ofensteuerung-fuer-die-aufkohlung-mcon-carbo\/","name":"OFENSTEUERUNG F\u00dcR DIE AUFKOHLUNG MCON CARBO - www.mesa-international.de","isPartOf":{"@id":"https:\/\/mesa-international.de\/de\/#website"},"primaryImageOfPage":{"@id":"https:\/\/mesa-international.de\/de\/product\/ofensteuerung-fuer-die-aufkohlung-mcon-carbo\/#primaryimage"},"image":{"@id":"https:\/\/mesa-international.de\/de\/product\/ofensteuerung-fuer-die-aufkohlung-mcon-carbo\/#primaryimage"},"thumbnailUrl":"https:\/\/mesa-international.de\/wp-content\/uploads\/2020\/12\/MCon-Nitro-2.png","datePublished":"2024-07-22T17:52:23+00:00","dateModified":"2024-10-01T11:39:19+00:00","breadcrumb":{"@id":"https:\/\/mesa-international.de\/de\/product\/ofensteuerung-fuer-die-aufkohlung-mcon-carbo\/#breadcrumb"},"inLanguage":"de","potentialAction":[{"@type":"ReadAction","target":["https:\/\/mesa-international.de\/de\/product\/ofensteuerung-fuer-die-aufkohlung-mcon-carbo\/"]}]},{"@type":"ImageObject","inLanguage":"de","@id":"https:\/\/mesa-international.de\/de\/product\/ofensteuerung-fuer-die-aufkohlung-mcon-carbo\/#primaryimage","url":"https:\/\/mesa-international.de\/wp-content\/uploads\/2020\/12\/MCon-Nitro-2.png","contentUrl":"https:\/\/mesa-international.de\/wp-content\/uploads\/2020\/12\/MCon-Nitro-2.png","width":600,"height":600},{"@type":"BreadcrumbList","@id":"https:\/\/mesa-international.de\/de\/product\/ofensteuerung-fuer-die-aufkohlung-mcon-carbo\/#breadcrumb","itemListElement":[{"@type":"ListItem","position":1,"name":"Shop","item":"https:\/\/mesa-international.de\/de\/shop\/"},{"@type":"ListItem","position":2,"name":"OFENSTEUERUNG F\u00dcR DIE AUFKOHLUNG MCON CARBO"}]},{"@type":"WebSite","@id":"https:\/\/mesa-international.de\/de\/#website","url":"https:\/\/mesa-international.de\/de\/","name":"www.mesa-international.de","description":"Mesa Electronics Gmbh","publisher":{"@id":"https:\/\/mesa-international.de\/de\/#organization"},"potentialAction":[{"@type":"SearchAction","target":{"@type":"EntryPoint","urlTemplate":"https:\/\/mesa-international.de\/de\/?s={search_term_string}"},"query-input":{"@type":"PropertyValueSpecification","valueRequired":true,"valueName":"search_term_string"}}],"inLanguage":"de"},{"@type":"Organization","@id":"https:\/\/mesa-international.de\/de\/#organization","name":"www.mesa-international.de","url":"https:\/\/mesa-international.de\/de\/","logo":{"@type":"ImageObject","inLanguage":"de","@id":"https:\/\/mesa-international.de\/de\/#\/schema\/logo\/image\/","url":"https:\/\/mesa-international.de\/wp-content\/uploads\/2022\/11\/sadsaca.png","contentUrl":"https:\/\/mesa-international.de\/wp-content\/uploads\/2022\/11\/sadsaca.png","width":173,"height":107,"caption":"www.mesa-international.de"},"image":{"@id":"https:\/\/mesa-international.de\/de\/#\/schema\/logo\/image\/"},"sameAs":["https:\/\/www.linkedin.com\/company\/mesa-electronic-gmbh\/"]}]}},"_links":{"self":[{"href":"https:\/\/mesa-international.de\/de\/wp-json\/wp\/v2\/product\/243014","targetHints":{"allow":["GET"]}}],"collection":[{"href":"https:\/\/mesa-international.de\/de\/wp-json\/wp\/v2\/product"}],"about":[{"href":"https:\/\/mesa-international.de\/de\/wp-json\/wp\/v2\/types\/product"}],"replies":[{"embeddable":true,"href":"https:\/\/mesa-international.de\/de\/wp-json\/wp\/v2\/comments?post=243014"}],"wp:featuredmedia":[{"embeddable":true,"href":"https:\/\/mesa-international.de\/de\/wp-json\/wp\/v2\/media\/239143"}],"wp:attachment":[{"href":"https:\/\/mesa-international.de\/de\/wp-json\/wp\/v2\/media?parent=243014"}],"wp:term":[{"taxonomy":"product_brand","embeddable":true,"href":"https:\/\/mesa-international.de\/de\/wp-json\/wp\/v2\/product_brand?post=243014"},{"taxonomy":"product_cat","embeddable":true,"href":"https:\/\/mesa-international.de\/de\/wp-json\/wp\/v2\/product_cat?post=243014"},{"taxonomy":"product_tag","embeddable":true,"href":"https:\/\/mesa-international.de\/de\/wp-json\/wp\/v2\/product_tag?post=243014"}],"curies":[{"name":"wp","href":"https:\/\/api.w.org\/{rel}","templated":true}]}}