{"id":243012,"date":"2024-07-24T19:06:09","date_gmt":"2024-07-24T18:06:09","guid":{"rendered":"https:\/\/mesa-international.de\/product\/ofensteuerung-fuer-das-nitrieren-mcon-nitro\/"},"modified":"2024-10-01T12:38:44","modified_gmt":"2024-10-01T11:38:44","slug":"ofensteuerung-fuer-das-nitrieren-mcon-nitro","status":"publish","type":"product","link":"https:\/\/mesa-international.de\/de\/product\/ofensteuerung-fuer-das-nitrieren-mcon-nitro\/","title":{"rendered":"OFENSTEUERUNG F\u00dcR DAS NITRIEREN MCON NITRO"},"content":{"rendered":"<h4>BESONDERE MERKMALE:<\/h4>\n<ul class=\"list-group\">\n<li class=\"list-group-item\">Men\u00fcgef\u00fchrte Bedienung<\/li>\n<li class=\"list-group-item\">Farb-TFT-Touchscreen-Display, 320 x 240 Pixel<\/li>\n<li class=\"list-group-item\">Genaue Kontrolle<\/li>\n<li class=\"list-group-item\">Anschluss von einem Thermoelement Typ B,C,E,J,K,L,M,N,R,S,T nach Wahl<\/li>\n<li class=\"list-group-item\">Programmspeicher mit 99 Sollwertprogrammen mit 24 Segmenten und 16 Steuerspuren f\u00fcr Kn- und Prozesstemperatur (zeitsynchron)<\/li>\n<li class=\"list-group-item\">Programmspuren, frei w\u00e4hlbar<\/li>\n<li class=\"list-group-item\">Kontinuierliche Steuerung von Ammoniak, PID-Steuerung<\/li>\n<li class=\"list-group-item\">Ausgang \u00fcbertragen, Kn<\/li>\n<li class=\"list-group-item\">Alle Ein- und Ausg\u00e4nge 4&#8230;20 mA (au\u00dfer Thermoelement)<\/li>\n<li class=\"list-group-item\">Direkte Anpassung des Durchflussmessers f\u00fcr NH3, N2, CO2 oder Endogas<\/li>\n<li class=\"list-group-item\">Es k\u00f6nnen 2 Ammoniak-Durchflussmesser f\u00fcr kleine oder gro\u00dfe Mengen gew\u00e4hlt werden (dadurch hohe Pr\u00e4zision)<\/li>\n<li class=\"list-group-item\">Grenzwerte der Steuergr\u00f6\u00dfe bei Ammoniakmenge sind separat m\u00f6glich<\/li>\n<li class=\"list-group-item\">M\u00f6glichkeit f\u00fcr Initialgas<\/li>\n<li class=\"list-group-item\">Sollwertprogrammierer f\u00fcr die Prozesstemperatur wird angezeigt<\/li>\n<\/ul>\n<div id=\"pgc-2959-3-0\" class=\"panel-grid-cell\">\n<div id=\"panel-2959-3-0-0\" class=\"so-panel widget widget_sow-editor panel-first-child panel-last-child\" data-index=\"5\">\n<div class=\"panel-widget-style panel-widget-style-for-2959-3-0-0\">\n<div class=\"so-widget-sow-editor so-widget-sow-editor-base\">\n<div class=\"siteorigin-widget-tinymce textwidget\">\n<div id=\"pgc-2956-3-0\" class=\"panel-grid-cell\">\n<div id=\"panel-2956-3-0-0\" class=\"so-panel widget widget_sow-editor panel-first-child panel-last-child\" data-index=\"5\">\n<div class=\"panel-widget-style panel-widget-style-for-2956-3-0-0\">\n<div class=\"so-widget-sow-editor so-widget-sow-editor-base\">\n<div class=\"siteorigin-widget-tinymce textwidget\">\n<h4><\/h4>\n<h4>FUNKTION<\/h4>\n<div class=\"page\" title=\"Seite 1\">\n<div class=\"section\">\n<div class=\"layoutArea\">\n<div class=\"column\">  MCON Nitro misst den H2-Gehalt im Ofen und berechnet die charakteristische Nitrierkennzahl Kn.<br \/>\nJe nach der Differenz zwischen der gemessenen Kn und der gew\u00fcnschten Kn (Sollwert) wird der NH3-Durchfluss erh\u00f6ht oder verringert, was sich direkt auf die Aufl\u00f6sung von Ammoniak und damit auf den H2-Gehalt im Ofen und die Kn auswirkt.<br \/>\nDar\u00fcber hinaus steuert das Ger\u00e4t auch die Temperatur im Ofen mit Heiz- oder Heiz-\/K\u00fchlausg\u00e4ngen.<br \/>\nDie Durchfl\u00fcsse von N2 und Endogas sind Sollwerte, die zur Steuerung von Massendurchflussreglern verwendet werden, w\u00e4hrend der NH3-Durchfluss mit einem PID-Regelalgorithmus gesteuert wird, bei dem der Prozesswert Kn ist und der Manipulationswert auf den NH3-Durchfluss skaliert wird.<br \/>\nDas MCON Nitro ist ein Mess- und Regelsystem zur exakten Steuerung der Ofenatmosph\u00e4re bei Nitrier- oder Nitrocarburierprozessen.<br \/>\nDie 99 Programmsteuerungen von Prozesstemperatur und KN -Werten, mit frei w\u00e4hlbaren Programmzeitspuren und analogen Ausg\u00e4ngen f\u00fcr NH3- N2- Endogas CO2, durch Massenflusssteuerungen erm\u00f6glichen eine exakte Steuerung von Gasnitrierprozessen.<br \/>\nEine kontrollierte N2- Verd\u00fcnnung der Nitrieratmosph\u00e4re ist m\u00f6glich.<br \/>\nDurch die Verwendung des Ausgangsgases ist es m\u00f6glich, die gesamte Behandlungszeit zu reduzieren.         <\/div>\n<\/div>\n<\/div>\n<\/div>\n<\/div>\n<\/div>\n<\/div>\n<\/div>\n<\/div>\n<div id=\"pgc-2956-3-1\" class=\"panel-grid-cell\">\n<div id=\"panel-2956-3-1-0\" class=\"so-panel widget widget_sow-editor panel-first-child panel-last-child\" data-index=\"6\">\n<div class=\"panel-widget-style panel-widget-style-for-2956-3-1-0\">\n<div class=\"so-widget-sow-editor so-widget-sow-editor-base\">\n<div class=\"siteorigin-widget-tinymce textwidget\">\n<h4><\/h4>\n<div class=\"page\" title=\"Seite 1\">\n<div class=\"section\">\n<div class=\"layoutArea\">\n<div class=\"column\">\n<div class=\"page\" title=\"Seite 1\">\n<div class=\"section\">\n<div class=\"layoutArea\">\n<div class=\"column\">  In Verbindung mit den Programmzeitspuren und einer Programmauswahl ist au\u00dferdem eine Voroxidation der Komponenten m\u00f6glich.  <\/div>\n<\/div>\n<\/div>\n<\/div>\n<div class=\"page\" title=\"Seite 2\">\n<div class=\"layoutArea\">\n<div class=\"column\">  Der Benutzer kann seine eigenen Alarmschwellen definieren, die nicht nur kritische Werte kontrollieren, sondern auch entsprechend belegte Ausg\u00e4nge aktivieren.<br \/>\nVordefinierte Alarme werden automatisch ausgel\u00f6st, wenn unerwartete Systemzust\u00e4nde (Sondenfehler, Steuerungsfehler, etc.) auftreten.<br \/>\nEin integrierter Webserver erm\u00f6glicht den Fernzugriff auf alle neuen MESA-Ger\u00e4te.<br \/>\nBenutzerkonten mit Passwortschutz erh\u00f6hen die Sicherheit bei der Nutzung, indem Zugriffsebenen, Parameter und Funktionen je nach Benutzerprivilegien gesperrt werden.<br \/>\nMCON Nitro Controller ist mit nur einem oder zwei Regelkreisen erh\u00e4ltlich.      <\/div>\n<\/div>\n<\/div>\n<\/div>\n<\/div>\n<\/div>\n<\/div>\n<\/div>\n<\/div>\n<\/div>\n<\/div>\n<\/div>\n<\/div>\n<\/div>\n<\/div>\n<\/div>\n<\/div>\n<div id=\"pgc-2959-3-1\" class=\"panel-grid-cell\">\n<div id=\"panel-2959-3-1-0\" class=\"so-panel widget widget_sow-editor panel-first-child panel-last-child\" data-index=\"6\">\n<div class=\"panel-widget-style panel-widget-style-for-2959-3-1-0\">\n<div class=\"so-widget-sow-editor so-widget-sow-editor-base\">\n<div class=\"siteorigin-widget-tinymce textwidget\">\n<h4><\/h4>\n<div class=\"page\" title=\"Seite 1\">\n<div class=\"section\">\n<div class=\"layoutArea\">\n<div class=\"column\">\n<div class=\"page\" title=\"Seite 2\">\n<div class=\"section\">\n<div class=\"layoutArea\">\n<div class=\"column\">  Der Benutzer kann seine eigenen Alarmschwellen definieren, die nicht nur kritische Werte kontrollieren, sondern auch entsprechend belegte Ausg\u00e4nge aktivieren.<br \/>\nVordefinierte Alarme werden automatisch ausgel\u00f6st, wenn unerwartete Systembedingungen (Erreichen der Ru\u00dfgrenze, Sondenfehler, Steuerungsfehler usw.) auftreten.<br \/>\nUnser MCon Carbo ist vollst\u00e4ndig konfiguriert mit 2 RS485 MODBUS (Master und Slave) und einer TCP\/IP Modbus-Slave-Schnittstelle.<br \/>\nEin integrierter Webserver erm\u00f6glicht den Fernzugriff auf alle neuen MESA-Ger\u00e4te.<br \/>\nBenutzerkonten mit Passwortschutz erh\u00f6hen die Sicherheit bei der Nutzung, indem Zugriffsebenen, Parameter und Funktionen je nach Benutzerprivilegien gesperrt werden.<br \/>\nNat\u00fcrlich ist der Controller auch mit nur einem oder zwei Regelkreisen erh\u00e4ltlich.       <\/div>\n<\/div>\n<\/div>\n<\/div>\n<\/div>\n<\/div>\n<\/div>\n<\/div>\n<\/div>\n<\/div>\n<\/div>\n<\/div>\n<\/div>\n","protected":false},"excerpt":{"rendered":"<ul>\n<li>Direkter drahtloser Zugang zu allen neuen MESA-Ger\u00e4ten<\/li>\n<li>99 Programme mit 24 Segmenten und 16 Steuerspuren<\/li>\n<li>Benutzerdefinierte Alarme<\/li>\n<li>Diagramm anzeigen<\/li>\n<li>Isolierte RS485 \/ 422 Modbus, Profibus-DP, Ethernet-Schnittstelle<\/li>\n<li>Daten\u00fcbertragung und Firmware-Update \u00fcber die USB-Schnittstelle<\/li>\n<li>Bis zu 2 unabh\u00e4ngige Regelkreise<\/li>\n<\/ul>\n","protected":false},"featured_media":239142,"comment_status":"open","ping_status":"closed","template":"","meta":{"_acf_changed":false,"content-type":""},"product_brand":[],"product_cat":[143],"product_tag":[],"class_list":{"0":"post-243012","1":"product","2":"type-product","3":"status-publish","4":"has-post-thumbnail","6":"product_cat-steuerungen","8":"first","9":"instock","10":"shipping-taxable","11":"product-type-simple"},"acf":[],"yoast_head":"<!-- This site is optimized with the Yoast SEO plugin v27.4 - https:\/\/yoast.com\/product\/yoast-seo-wordpress\/ -->\n<title>OFENSTEUERUNG F\u00dcR DAS NITRIEREN MCON NITRO - www.mesa-international.de<\/title>\n<meta name=\"robots\" content=\"index, follow, max-snippet:-1, max-image-preview:large, max-video-preview:-1\" \/>\n<link rel=\"canonical\" href=\"https:\/\/mesa-international.de\/de\/product\/ofensteuerung-fuer-das-nitrieren-mcon-nitro\/\" \/>\n<meta property=\"og:locale\" content=\"de_DE\" \/>\n<meta property=\"og:type\" content=\"article\" \/>\n<meta property=\"og:title\" content=\"OFENSTEUERUNG F\u00dcR DAS NITRIEREN MCON NITRO - www.mesa-international.de\" \/>\n<meta property=\"og:description\" content=\"Direkter drahtloser Zugang zu allen neuen MESA-Ger\u00e4ten  99 Programme mit 24 Segmenten und 16 Steuerspuren  Benutzerdefinierte Alarme  Diagramm anzeigen  Isolierte RS485 \/ 422 Modbus, Profibus-DP, Ethernet-Schnittstelle  Daten\u00fcbertragung und Firmware-Update \u00fcber die USB-Schnittstelle  Bis zu 2 unabh\u00e4ngige Regelkreise\" \/>\n<meta property=\"og:url\" content=\"https:\/\/mesa-international.de\/de\/product\/ofensteuerung-fuer-das-nitrieren-mcon-nitro\/\" \/>\n<meta property=\"og:site_name\" content=\"www.mesa-international.de\" \/>\n<meta property=\"article:modified_time\" content=\"2024-10-01T11:38:44+00:00\" \/>\n<meta property=\"og:image\" content=\"https:\/\/mesa-international.de\/wp-content\/uploads\/2020\/12\/MCon-Carbo-7.png\" \/>\n\t<meta property=\"og:image:width\" content=\"600\" \/>\n\t<meta property=\"og:image:height\" content=\"600\" \/>\n\t<meta property=\"og:image:type\" content=\"image\/png\" \/>\n<meta name=\"twitter:card\" content=\"summary_large_image\" \/>\n<meta name=\"twitter:label1\" content=\"Gesch\u00e4tzte Lesezeit\" \/>\n\t<meta name=\"twitter:data1\" content=\"3\u00a0Minuten\" \/>\n<script type=\"application\/ld+json\" class=\"yoast-schema-graph\">{\"@context\":\"https:\\\/\\\/schema.org\",\"@graph\":[{\"@type\":\"WebPage\",\"@id\":\"https:\\\/\\\/mesa-international.de\\\/de\\\/product\\\/ofensteuerung-fuer-das-nitrieren-mcon-nitro\\\/\",\"url\":\"https:\\\/\\\/mesa-international.de\\\/de\\\/product\\\/ofensteuerung-fuer-das-nitrieren-mcon-nitro\\\/\",\"name\":\"OFENSTEUERUNG F\u00dcR DAS NITRIEREN MCON NITRO - www.mesa-international.de\",\"isPartOf\":{\"@id\":\"https:\\\/\\\/mesa-international.de\\\/de\\\/#website\"},\"primaryImageOfPage\":{\"@id\":\"https:\\\/\\\/mesa-international.de\\\/de\\\/product\\\/ofensteuerung-fuer-das-nitrieren-mcon-nitro\\\/#primaryimage\"},\"image\":{\"@id\":\"https:\\\/\\\/mesa-international.de\\\/de\\\/product\\\/ofensteuerung-fuer-das-nitrieren-mcon-nitro\\\/#primaryimage\"},\"thumbnailUrl\":\"https:\\\/\\\/mesa-international.de\\\/wp-content\\\/uploads\\\/2020\\\/12\\\/MCon-Carbo-7.png\",\"datePublished\":\"2024-07-24T18:06:09+00:00\",\"dateModified\":\"2024-10-01T11:38:44+00:00\",\"breadcrumb\":{\"@id\":\"https:\\\/\\\/mesa-international.de\\\/de\\\/product\\\/ofensteuerung-fuer-das-nitrieren-mcon-nitro\\\/#breadcrumb\"},\"inLanguage\":\"de\",\"potentialAction\":[{\"@type\":\"ReadAction\",\"target\":[\"https:\\\/\\\/mesa-international.de\\\/de\\\/product\\\/ofensteuerung-fuer-das-nitrieren-mcon-nitro\\\/\"]}]},{\"@type\":\"ImageObject\",\"inLanguage\":\"de\",\"@id\":\"https:\\\/\\\/mesa-international.de\\\/de\\\/product\\\/ofensteuerung-fuer-das-nitrieren-mcon-nitro\\\/#primaryimage\",\"url\":\"https:\\\/\\\/mesa-international.de\\\/wp-content\\\/uploads\\\/2020\\\/12\\\/MCon-Carbo-7.png\",\"contentUrl\":\"https:\\\/\\\/mesa-international.de\\\/wp-content\\\/uploads\\\/2020\\\/12\\\/MCon-Carbo-7.png\",\"width\":600,\"height\":600},{\"@type\":\"BreadcrumbList\",\"@id\":\"https:\\\/\\\/mesa-international.de\\\/de\\\/product\\\/ofensteuerung-fuer-das-nitrieren-mcon-nitro\\\/#breadcrumb\",\"itemListElement\":[{\"@type\":\"ListItem\",\"position\":1,\"name\":\"Shop\",\"item\":\"https:\\\/\\\/mesa-international.de\\\/de\\\/shop\\\/\"},{\"@type\":\"ListItem\",\"position\":2,\"name\":\"OFENSTEUERUNG F\u00dcR DAS NITRIEREN MCON NITRO\"}]},{\"@type\":\"WebSite\",\"@id\":\"https:\\\/\\\/mesa-international.de\\\/de\\\/#website\",\"url\":\"https:\\\/\\\/mesa-international.de\\\/de\\\/\",\"name\":\"www.mesa-international.de\",\"description\":\"Mesa Electronics Gmbh\",\"publisher\":{\"@id\":\"https:\\\/\\\/mesa-international.de\\\/de\\\/#organization\"},\"potentialAction\":[{\"@type\":\"SearchAction\",\"target\":{\"@type\":\"EntryPoint\",\"urlTemplate\":\"https:\\\/\\\/mesa-international.de\\\/de\\\/?s={search_term_string}\"},\"query-input\":{\"@type\":\"PropertyValueSpecification\",\"valueRequired\":true,\"valueName\":\"search_term_string\"}}],\"inLanguage\":\"de\"},{\"@type\":\"Organization\",\"@id\":\"https:\\\/\\\/mesa-international.de\\\/de\\\/#organization\",\"name\":\"www.mesa-international.de\",\"url\":\"https:\\\/\\\/mesa-international.de\\\/de\\\/\",\"logo\":{\"@type\":\"ImageObject\",\"inLanguage\":\"de\",\"@id\":\"https:\\\/\\\/mesa-international.de\\\/de\\\/#\\\/schema\\\/logo\\\/image\\\/\",\"url\":\"https:\\\/\\\/mesa-international.de\\\/wp-content\\\/uploads\\\/2022\\\/11\\\/sadsaca.png\",\"contentUrl\":\"https:\\\/\\\/mesa-international.de\\\/wp-content\\\/uploads\\\/2022\\\/11\\\/sadsaca.png\",\"width\":173,\"height\":107,\"caption\":\"www.mesa-international.de\"},\"image\":{\"@id\":\"https:\\\/\\\/mesa-international.de\\\/de\\\/#\\\/schema\\\/logo\\\/image\\\/\"},\"sameAs\":[\"https:\\\/\\\/www.linkedin.com\\\/company\\\/mesa-electronic-gmbh\\\/\"]}]}<\/script>\n<!-- \/ Yoast SEO plugin. -->","yoast_head_json":{"title":"OFENSTEUERUNG F\u00dcR DAS NITRIEREN MCON NITRO - www.mesa-international.de","robots":{"index":"index","follow":"follow","max-snippet":"max-snippet:-1","max-image-preview":"max-image-preview:large","max-video-preview":"max-video-preview:-1"},"canonical":"https:\/\/mesa-international.de\/de\/product\/ofensteuerung-fuer-das-nitrieren-mcon-nitro\/","og_locale":"de_DE","og_type":"article","og_title":"OFENSTEUERUNG F\u00dcR DAS NITRIEREN MCON NITRO - www.mesa-international.de","og_description":"Direkter drahtloser Zugang zu allen neuen MESA-Ger\u00e4ten  99 Programme mit 24 Segmenten und 16 Steuerspuren  Benutzerdefinierte Alarme  Diagramm anzeigen  Isolierte RS485 \/ 422 Modbus, Profibus-DP, Ethernet-Schnittstelle  Daten\u00fcbertragung und Firmware-Update \u00fcber die USB-Schnittstelle  Bis zu 2 unabh\u00e4ngige Regelkreise","og_url":"https:\/\/mesa-international.de\/de\/product\/ofensteuerung-fuer-das-nitrieren-mcon-nitro\/","og_site_name":"www.mesa-international.de","article_modified_time":"2024-10-01T11:38:44+00:00","og_image":[{"width":600,"height":600,"url":"https:\/\/mesa-international.de\/wp-content\/uploads\/2020\/12\/MCon-Carbo-7.png","type":"image\/png"}],"twitter_card":"summary_large_image","twitter_misc":{"Gesch\u00e4tzte Lesezeit":"3\u00a0Minuten"},"schema":{"@context":"https:\/\/schema.org","@graph":[{"@type":"WebPage","@id":"https:\/\/mesa-international.de\/de\/product\/ofensteuerung-fuer-das-nitrieren-mcon-nitro\/","url":"https:\/\/mesa-international.de\/de\/product\/ofensteuerung-fuer-das-nitrieren-mcon-nitro\/","name":"OFENSTEUERUNG F\u00dcR DAS NITRIEREN MCON NITRO - www.mesa-international.de","isPartOf":{"@id":"https:\/\/mesa-international.de\/de\/#website"},"primaryImageOfPage":{"@id":"https:\/\/mesa-international.de\/de\/product\/ofensteuerung-fuer-das-nitrieren-mcon-nitro\/#primaryimage"},"image":{"@id":"https:\/\/mesa-international.de\/de\/product\/ofensteuerung-fuer-das-nitrieren-mcon-nitro\/#primaryimage"},"thumbnailUrl":"https:\/\/mesa-international.de\/wp-content\/uploads\/2020\/12\/MCon-Carbo-7.png","datePublished":"2024-07-24T18:06:09+00:00","dateModified":"2024-10-01T11:38:44+00:00","breadcrumb":{"@id":"https:\/\/mesa-international.de\/de\/product\/ofensteuerung-fuer-das-nitrieren-mcon-nitro\/#breadcrumb"},"inLanguage":"de","potentialAction":[{"@type":"ReadAction","target":["https:\/\/mesa-international.de\/de\/product\/ofensteuerung-fuer-das-nitrieren-mcon-nitro\/"]}]},{"@type":"ImageObject","inLanguage":"de","@id":"https:\/\/mesa-international.de\/de\/product\/ofensteuerung-fuer-das-nitrieren-mcon-nitro\/#primaryimage","url":"https:\/\/mesa-international.de\/wp-content\/uploads\/2020\/12\/MCon-Carbo-7.png","contentUrl":"https:\/\/mesa-international.de\/wp-content\/uploads\/2020\/12\/MCon-Carbo-7.png","width":600,"height":600},{"@type":"BreadcrumbList","@id":"https:\/\/mesa-international.de\/de\/product\/ofensteuerung-fuer-das-nitrieren-mcon-nitro\/#breadcrumb","itemListElement":[{"@type":"ListItem","position":1,"name":"Shop","item":"https:\/\/mesa-international.de\/de\/shop\/"},{"@type":"ListItem","position":2,"name":"OFENSTEUERUNG F\u00dcR DAS NITRIEREN MCON NITRO"}]},{"@type":"WebSite","@id":"https:\/\/mesa-international.de\/de\/#website","url":"https:\/\/mesa-international.de\/de\/","name":"www.mesa-international.de","description":"Mesa Electronics Gmbh","publisher":{"@id":"https:\/\/mesa-international.de\/de\/#organization"},"potentialAction":[{"@type":"SearchAction","target":{"@type":"EntryPoint","urlTemplate":"https:\/\/mesa-international.de\/de\/?s={search_term_string}"},"query-input":{"@type":"PropertyValueSpecification","valueRequired":true,"valueName":"search_term_string"}}],"inLanguage":"de"},{"@type":"Organization","@id":"https:\/\/mesa-international.de\/de\/#organization","name":"www.mesa-international.de","url":"https:\/\/mesa-international.de\/de\/","logo":{"@type":"ImageObject","inLanguage":"de","@id":"https:\/\/mesa-international.de\/de\/#\/schema\/logo\/image\/","url":"https:\/\/mesa-international.de\/wp-content\/uploads\/2022\/11\/sadsaca.png","contentUrl":"https:\/\/mesa-international.de\/wp-content\/uploads\/2022\/11\/sadsaca.png","width":173,"height":107,"caption":"www.mesa-international.de"},"image":{"@id":"https:\/\/mesa-international.de\/de\/#\/schema\/logo\/image\/"},"sameAs":["https:\/\/www.linkedin.com\/company\/mesa-electronic-gmbh\/"]}]}},"_links":{"self":[{"href":"https:\/\/mesa-international.de\/de\/wp-json\/wp\/v2\/product\/243012","targetHints":{"allow":["GET"]}}],"collection":[{"href":"https:\/\/mesa-international.de\/de\/wp-json\/wp\/v2\/product"}],"about":[{"href":"https:\/\/mesa-international.de\/de\/wp-json\/wp\/v2\/types\/product"}],"replies":[{"embeddable":true,"href":"https:\/\/mesa-international.de\/de\/wp-json\/wp\/v2\/comments?post=243012"}],"wp:featuredmedia":[{"embeddable":true,"href":"https:\/\/mesa-international.de\/de\/wp-json\/wp\/v2\/media\/239142"}],"wp:attachment":[{"href":"https:\/\/mesa-international.de\/de\/wp-json\/wp\/v2\/media?parent=243012"}],"wp:term":[{"taxonomy":"product_brand","embeddable":true,"href":"https:\/\/mesa-international.de\/de\/wp-json\/wp\/v2\/product_brand?post=243012"},{"taxonomy":"product_cat","embeddable":true,"href":"https:\/\/mesa-international.de\/de\/wp-json\/wp\/v2\/product_cat?post=243012"},{"taxonomy":"product_tag","embeddable":true,"href":"https:\/\/mesa-international.de\/de\/wp-json\/wp\/v2\/product_tag?post=243012"}],"curies":[{"name":"wp","href":"https:\/\/api.w.org\/{rel}","templated":true}]}}