{"id":243011,"date":"2024-07-24T22:57:16","date_gmt":"2024-07-24T21:57:16","guid":{"rendered":"https:\/\/mesa-international.de\/product\/mgas-nh3-5-1\/"},"modified":"2024-09-18T09:08:25","modified_gmt":"2024-09-18T08:08:25","slug":"mgas-nh3-5-1","status":"publish","type":"product","link":"https:\/\/mesa-international.de\/de\/product\/mgas-nh3-5-1\/","title":{"rendered":"MGas NH3 5.1"},"content":{"rendered":"<div class=\"et_pb_column et_pb_column_1_2 et_pb_column_0 et_pb_css_mix_blend_mode_passthrough\">\n<div class=\"et_pb_module et_pb_testimonial et_pb_testimonial_0 clearfix et_pb_text_align_left et_pb_bg_layout_light et_pb_icon_off et_pb_testimonial_no_image\">\n<div class=\"et_pb_testimonial_description\">\n<div class=\"et_pb_testimonial_description_inner\">\n<div class=\"et_pb_testimonial_content\">\n<div id=\"pgc-2918-2-0\" class=\"panel-grid-cell\">\n<div id=\"panel-2918-2-0-0\" class=\"so-panel widget widget_sow-editor panel-first-child panel-last-child\" data-index=\"3\">\n<div class=\"panel-widget-style panel-widget-style-for-2918-2-0-0\">\n<div class=\"so-widget-sow-editor so-widget-sow-editor-base\">\n<div class=\"siteorigin-widget-tinymce textwidget\">\n<div id=\"pgc-2749-2-0\" class=\"panel-grid-cell\">\n<div id=\"panel-2749-2-0-0\" class=\"so-panel widget widget_sow-editor panel-first-child panel-last-child\" data-index=\"3\">\n<div class=\"panel-widget-style panel-widget-style-for-2749-2-0-0\">\n<div class=\"so-widget-sow-editor so-widget-sow-editor-base\">\n<div class=\"siteorigin-widget-tinymce textwidget\">\n<h4><strong>FUNKTION<\/strong><\/h4>\n<p><strong>Das Ger\u00e4t zur Messung der folgenden Gaskonzentrationen<\/strong><\/p>\n<div class=\"page\" title=\"Seite 1\">\n<div class=\"section\">\n<div class=\"layoutArea\">\n<div class=\"column\">\n<div id=\"pgc-2752-2-0\" class=\"panel-grid-cell\">\n<div id=\"panel-2752-2-0-0\" class=\"so-panel widget widget_sow-editor panel-first-child panel-last-child\" data-index=\"3\">\n<div class=\"panel-widget-style panel-widget-style-for-2752-2-0-0\">\n<div class=\"so-widget-sow-editor so-widget-sow-editor-base\">\n<div class=\"siteorigin-widget-tinymce textwidget\">\n<div class=\"page\" title=\"Seite 1\">\n<div class=\"section\">\n<div class=\"layoutArea\">\n<div class=\"column\">  &#8211; Ammoniak %NH3 <em>Benutzerdefinierte Gaskomponenten sind m\u00f6glich<\/em><strong>Zus\u00e4tzliche Messungen:<\/strong> &#8211; Temperatur Basierend auf modernster abstimmbarer Diodenlaserspektrometrie (TDLS) mit hoher Genauigkeit, guter Langzeitstabilit\u00e4t und hervorragender Wiederholbarkeit ist dieses Ger\u00e4t geeignet, Ofenatmosph\u00e4ren online zu messen.<br \/>\nAcht analoge Ausg\u00e4nge, acht digitale Eing\u00e4nge\/Ausg\u00e4nge und eine optionale serielle Schnittstelle sind m\u00f6glich.<br \/>\nAlle analogen und digitalen Eing\u00e4nge\/Ausg\u00e4nge k\u00f6nnen manuell konfiguriert werden, z.B. als Alarm, zum Starten der Kalibrierung oder zum Abschalten der Pumpe.<br \/>\nEine optionale Datenprotokollierungsfunktion mit USB-Daten\u00fcbertragung und internem Speicher mit 16 MB ist verf\u00fcgbar.<br \/>\nDie Protokollierungsfunktion kann im manuellen oder im Timer-Modus arbeiten.<br \/>\nMit der mitgelieferten Software &#8222;MGas Viewer&#8220; k\u00f6nnen Sie Ihre gespeicherten Daten visualisieren, drucken, exportieren und verwalten.<br \/>\nDas Ger\u00e4t ist \u00fcber eine hochwertige Folientastatur mit selbsterkl\u00e4render Men\u00fcstruktur in deutscher und englischer Sprache bedienbar.<br \/>\nEine automatische Kalibrierung f\u00fcr Nullpunkt und Spanne f\u00fcr alle Gaskomponenten ist m\u00f6glich.<br \/>\nZus\u00e4tzlich ist es m\u00f6glich, verschiedene Schutzfunktionen zu konfigurieren, z.B. niedrige Prozesstemperaturen, um die Lebensdauer des Ger\u00e4ts zu erh\u00f6hen.          <\/div>\n<\/div>\n<\/div>\n<\/div>\n<\/div>\n<\/div>\n<\/div>\n<\/div>\n<\/div>\n<\/div>\n<\/div>\n<\/div>\n<\/div>\n<\/div>\n<\/div>\n<\/div>\n<\/div>\n<\/div>\n<\/div>\n<\/div>\n<\/div>\n<\/div>\n<\/div>\n<\/div>\n<\/div>\n<\/div>\n<\/div>\n<\/div>\n","protected":false},"excerpt":{"rendered":"<p>FUNKTION Das Ger\u00e4t zur Messung der folgenden Gaskonzentrationen &#8211; Ammoniak %NH3 Benutzerdefinierte Gaskomponenten sind m\u00f6glichZus\u00e4tzliche Messungen: &#8211; Temperatur Basierend auf modernster abstimmbarer Diodenlaserspektrometrie (TDLS) mit hoher Genauigkeit, guter Langzeitstabilit\u00e4t und hervorragender Wiederholbarkeit ist dieses Ger\u00e4t geeignet, Ofenatmosph\u00e4ren online zu messen. Acht analoge Ausg\u00e4nge, acht digitale Eing\u00e4nge\/Ausg\u00e4nge und eine optionale serielle [&hellip;]<\/p>\n","protected":false},"featured_media":242813,"comment_status":"open","ping_status":"closed","template":"","meta":{"_acf_changed":false,"content-type":""},"product_brand":[],"product_cat":[146],"product_tag":[],"class_list":{"0":"post-243011","1":"product","2":"type-product","3":"status-publish","4":"has-post-thumbnail","6":"product_cat-gas-analysatoren","8":"first","9":"instock","10":"shipping-taxable","11":"product-type-simple"},"acf":[],"yoast_head":"<!-- This site is optimized with the Yoast SEO plugin v27.3 - https:\/\/yoast.com\/product\/yoast-seo-wordpress\/ -->\n<title>MGas NH3 5.1 - www.mesa-international.de<\/title>\n<meta name=\"robots\" content=\"index, follow, max-snippet:-1, max-image-preview:large, max-video-preview:-1\" \/>\n<link rel=\"canonical\" href=\"https:\/\/mesa-international.de\/de\/product\/mgas-nh3-5-1\/\" \/>\n<meta property=\"og:locale\" content=\"de_DE\" \/>\n<meta property=\"og:type\" content=\"article\" \/>\n<meta property=\"og:title\" content=\"MGas NH3 5.1 - www.mesa-international.de\" \/>\n<meta property=\"og:description\" content=\"FUNKTION Das Ger\u00e4t zur Messung der folgenden Gaskonzentrationen &#8211; Ammoniak %NH3 Benutzerdefinierte Gaskomponenten sind m\u00f6glichZus\u00e4tzliche Messungen: &#8211; Temperatur Basierend auf modernster abstimmbarer Diodenlaserspektrometrie (TDLS) mit hoher Genauigkeit, guter Langzeitstabilit\u00e4t und hervorragender Wiederholbarkeit ist dieses Ger\u00e4t geeignet, Ofenatmosph\u00e4ren online zu messen. Acht analoge Ausg\u00e4nge, acht digitale Eing\u00e4nge\/Ausg\u00e4nge und eine optionale serielle [&hellip;]\" \/>\n<meta property=\"og:url\" content=\"https:\/\/mesa-international.de\/de\/product\/mgas-nh3-5-1\/\" \/>\n<meta property=\"og:site_name\" content=\"www.mesa-international.de\" \/>\n<meta property=\"article:modified_time\" content=\"2024-09-18T08:08:25+00:00\" \/>\n<meta property=\"og:image\" content=\"https:\/\/mesa-international.de\/wp-content\/uploads\/2024\/07\/MGas-5x.webp\" \/>\n\t<meta property=\"og:image:width\" content=\"600\" \/>\n\t<meta property=\"og:image:height\" content=\"600\" \/>\n\t<meta property=\"og:image:type\" content=\"image\/webp\" \/>\n<meta name=\"twitter:card\" content=\"summary_large_image\" \/>\n<meta name=\"twitter:label1\" content=\"Gesch\u00e4tzte Lesezeit\" \/>\n\t<meta name=\"twitter:data1\" content=\"1\u00a0Minute\" \/>\n<script type=\"application\/ld+json\" class=\"yoast-schema-graph\">{\"@context\":\"https:\\\/\\\/schema.org\",\"@graph\":[{\"@type\":\"WebPage\",\"@id\":\"https:\\\/\\\/mesa-international.de\\\/de\\\/product\\\/mgas-nh3-5-1\\\/\",\"url\":\"https:\\\/\\\/mesa-international.de\\\/de\\\/product\\\/mgas-nh3-5-1\\\/\",\"name\":\"MGas NH3 5.1 - www.mesa-international.de\",\"isPartOf\":{\"@id\":\"https:\\\/\\\/mesa-international.de\\\/de\\\/#website\"},\"primaryImageOfPage\":{\"@id\":\"https:\\\/\\\/mesa-international.de\\\/de\\\/product\\\/mgas-nh3-5-1\\\/#primaryimage\"},\"image\":{\"@id\":\"https:\\\/\\\/mesa-international.de\\\/de\\\/product\\\/mgas-nh3-5-1\\\/#primaryimage\"},\"thumbnailUrl\":\"https:\\\/\\\/mesa-international.de\\\/wp-content\\\/uploads\\\/2024\\\/07\\\/MGas-5x.webp\",\"datePublished\":\"2024-07-24T21:57:16+00:00\",\"dateModified\":\"2024-09-18T08:08:25+00:00\",\"breadcrumb\":{\"@id\":\"https:\\\/\\\/mesa-international.de\\\/de\\\/product\\\/mgas-nh3-5-1\\\/#breadcrumb\"},\"inLanguage\":\"de\",\"potentialAction\":[{\"@type\":\"ReadAction\",\"target\":[\"https:\\\/\\\/mesa-international.de\\\/de\\\/product\\\/mgas-nh3-5-1\\\/\"]}]},{\"@type\":\"ImageObject\",\"inLanguage\":\"de\",\"@id\":\"https:\\\/\\\/mesa-international.de\\\/de\\\/product\\\/mgas-nh3-5-1\\\/#primaryimage\",\"url\":\"https:\\\/\\\/mesa-international.de\\\/wp-content\\\/uploads\\\/2024\\\/07\\\/MGas-5x.webp\",\"contentUrl\":\"https:\\\/\\\/mesa-international.de\\\/wp-content\\\/uploads\\\/2024\\\/07\\\/MGas-5x.webp\",\"width\":600,\"height\":600},{\"@type\":\"BreadcrumbList\",\"@id\":\"https:\\\/\\\/mesa-international.de\\\/de\\\/product\\\/mgas-nh3-5-1\\\/#breadcrumb\",\"itemListElement\":[{\"@type\":\"ListItem\",\"position\":1,\"name\":\"Shop\",\"item\":\"https:\\\/\\\/mesa-international.de\\\/de\\\/shop\\\/\"},{\"@type\":\"ListItem\",\"position\":2,\"name\":\"MGas NH3 5.1\"}]},{\"@type\":\"WebSite\",\"@id\":\"https:\\\/\\\/mesa-international.de\\\/de\\\/#website\",\"url\":\"https:\\\/\\\/mesa-international.de\\\/de\\\/\",\"name\":\"www.mesa-international.de\",\"description\":\"Mesa Electronics Gmbh\",\"publisher\":{\"@id\":\"https:\\\/\\\/mesa-international.de\\\/de\\\/#organization\"},\"potentialAction\":[{\"@type\":\"SearchAction\",\"target\":{\"@type\":\"EntryPoint\",\"urlTemplate\":\"https:\\\/\\\/mesa-international.de\\\/de\\\/?s={search_term_string}\"},\"query-input\":{\"@type\":\"PropertyValueSpecification\",\"valueRequired\":true,\"valueName\":\"search_term_string\"}}],\"inLanguage\":\"de\"},{\"@type\":\"Organization\",\"@id\":\"https:\\\/\\\/mesa-international.de\\\/de\\\/#organization\",\"name\":\"www.mesa-international.de\",\"url\":\"https:\\\/\\\/mesa-international.de\\\/de\\\/\",\"logo\":{\"@type\":\"ImageObject\",\"inLanguage\":\"de\",\"@id\":\"https:\\\/\\\/mesa-international.de\\\/de\\\/#\\\/schema\\\/logo\\\/image\\\/\",\"url\":\"https:\\\/\\\/mesa-international.de\\\/wp-content\\\/uploads\\\/2022\\\/11\\\/sadsaca.png\",\"contentUrl\":\"https:\\\/\\\/mesa-international.de\\\/wp-content\\\/uploads\\\/2022\\\/11\\\/sadsaca.png\",\"width\":173,\"height\":107,\"caption\":\"www.mesa-international.de\"},\"image\":{\"@id\":\"https:\\\/\\\/mesa-international.de\\\/de\\\/#\\\/schema\\\/logo\\\/image\\\/\"},\"sameAs\":[\"https:\\\/\\\/www.linkedin.com\\\/company\\\/mesa-electronic-gmbh\\\/\"]}]}<\/script>\n<!-- \/ Yoast SEO plugin. -->","yoast_head_json":{"title":"MGas NH3 5.1 - www.mesa-international.de","robots":{"index":"index","follow":"follow","max-snippet":"max-snippet:-1","max-image-preview":"max-image-preview:large","max-video-preview":"max-video-preview:-1"},"canonical":"https:\/\/mesa-international.de\/de\/product\/mgas-nh3-5-1\/","og_locale":"de_DE","og_type":"article","og_title":"MGas NH3 5.1 - www.mesa-international.de","og_description":"FUNKTION Das Ger\u00e4t zur Messung der folgenden Gaskonzentrationen &#8211; Ammoniak %NH3 Benutzerdefinierte Gaskomponenten sind m\u00f6glichZus\u00e4tzliche Messungen: &#8211; Temperatur Basierend auf modernster abstimmbarer Diodenlaserspektrometrie (TDLS) mit hoher Genauigkeit, guter Langzeitstabilit\u00e4t und hervorragender Wiederholbarkeit ist dieses Ger\u00e4t geeignet, Ofenatmosph\u00e4ren online zu messen. Acht analoge Ausg\u00e4nge, acht digitale Eing\u00e4nge\/Ausg\u00e4nge und eine optionale serielle [&hellip;]","og_url":"https:\/\/mesa-international.de\/de\/product\/mgas-nh3-5-1\/","og_site_name":"www.mesa-international.de","article_modified_time":"2024-09-18T08:08:25+00:00","og_image":[{"width":600,"height":600,"url":"https:\/\/mesa-international.de\/wp-content\/uploads\/2024\/07\/MGas-5x.webp","type":"image\/webp"}],"twitter_card":"summary_large_image","twitter_misc":{"Gesch\u00e4tzte Lesezeit":"1\u00a0Minute"},"schema":{"@context":"https:\/\/schema.org","@graph":[{"@type":"WebPage","@id":"https:\/\/mesa-international.de\/de\/product\/mgas-nh3-5-1\/","url":"https:\/\/mesa-international.de\/de\/product\/mgas-nh3-5-1\/","name":"MGas NH3 5.1 - www.mesa-international.de","isPartOf":{"@id":"https:\/\/mesa-international.de\/de\/#website"},"primaryImageOfPage":{"@id":"https:\/\/mesa-international.de\/de\/product\/mgas-nh3-5-1\/#primaryimage"},"image":{"@id":"https:\/\/mesa-international.de\/de\/product\/mgas-nh3-5-1\/#primaryimage"},"thumbnailUrl":"https:\/\/mesa-international.de\/wp-content\/uploads\/2024\/07\/MGas-5x.webp","datePublished":"2024-07-24T21:57:16+00:00","dateModified":"2024-09-18T08:08:25+00:00","breadcrumb":{"@id":"https:\/\/mesa-international.de\/de\/product\/mgas-nh3-5-1\/#breadcrumb"},"inLanguage":"de","potentialAction":[{"@type":"ReadAction","target":["https:\/\/mesa-international.de\/de\/product\/mgas-nh3-5-1\/"]}]},{"@type":"ImageObject","inLanguage":"de","@id":"https:\/\/mesa-international.de\/de\/product\/mgas-nh3-5-1\/#primaryimage","url":"https:\/\/mesa-international.de\/wp-content\/uploads\/2024\/07\/MGas-5x.webp","contentUrl":"https:\/\/mesa-international.de\/wp-content\/uploads\/2024\/07\/MGas-5x.webp","width":600,"height":600},{"@type":"BreadcrumbList","@id":"https:\/\/mesa-international.de\/de\/product\/mgas-nh3-5-1\/#breadcrumb","itemListElement":[{"@type":"ListItem","position":1,"name":"Shop","item":"https:\/\/mesa-international.de\/de\/shop\/"},{"@type":"ListItem","position":2,"name":"MGas NH3 5.1"}]},{"@type":"WebSite","@id":"https:\/\/mesa-international.de\/de\/#website","url":"https:\/\/mesa-international.de\/de\/","name":"www.mesa-international.de","description":"Mesa Electronics Gmbh","publisher":{"@id":"https:\/\/mesa-international.de\/de\/#organization"},"potentialAction":[{"@type":"SearchAction","target":{"@type":"EntryPoint","urlTemplate":"https:\/\/mesa-international.de\/de\/?s={search_term_string}"},"query-input":{"@type":"PropertyValueSpecification","valueRequired":true,"valueName":"search_term_string"}}],"inLanguage":"de"},{"@type":"Organization","@id":"https:\/\/mesa-international.de\/de\/#organization","name":"www.mesa-international.de","url":"https:\/\/mesa-international.de\/de\/","logo":{"@type":"ImageObject","inLanguage":"de","@id":"https:\/\/mesa-international.de\/de\/#\/schema\/logo\/image\/","url":"https:\/\/mesa-international.de\/wp-content\/uploads\/2022\/11\/sadsaca.png","contentUrl":"https:\/\/mesa-international.de\/wp-content\/uploads\/2022\/11\/sadsaca.png","width":173,"height":107,"caption":"www.mesa-international.de"},"image":{"@id":"https:\/\/mesa-international.de\/de\/#\/schema\/logo\/image\/"},"sameAs":["https:\/\/www.linkedin.com\/company\/mesa-electronic-gmbh\/"]}]}},"_links":{"self":[{"href":"https:\/\/mesa-international.de\/de\/wp-json\/wp\/v2\/product\/243011","targetHints":{"allow":["GET"]}}],"collection":[{"href":"https:\/\/mesa-international.de\/de\/wp-json\/wp\/v2\/product"}],"about":[{"href":"https:\/\/mesa-international.de\/de\/wp-json\/wp\/v2\/types\/product"}],"replies":[{"embeddable":true,"href":"https:\/\/mesa-international.de\/de\/wp-json\/wp\/v2\/comments?post=243011"}],"wp:featuredmedia":[{"embeddable":true,"href":"https:\/\/mesa-international.de\/de\/wp-json\/wp\/v2\/media\/242813"}],"wp:attachment":[{"href":"https:\/\/mesa-international.de\/de\/wp-json\/wp\/v2\/media?parent=243011"}],"wp:term":[{"taxonomy":"product_brand","embeddable":true,"href":"https:\/\/mesa-international.de\/de\/wp-json\/wp\/v2\/product_brand?post=243011"},{"taxonomy":"product_cat","embeddable":true,"href":"https:\/\/mesa-international.de\/de\/wp-json\/wp\/v2\/product_cat?post=243011"},{"taxonomy":"product_tag","embeddable":true,"href":"https:\/\/mesa-international.de\/de\/wp-json\/wp\/v2\/product_tag?post=243011"}],"curies":[{"name":"wp","href":"https:\/\/api.w.org\/{rel}","templated":true}]}}