{"id":243010,"date":"2024-07-24T19:15:42","date_gmt":"2024-07-24T18:15:42","guid":{"rendered":"https:\/\/mesa-international.de\/product\/nitromat-kn\/"},"modified":"2024-10-01T12:38:28","modified_gmt":"2024-10-01T11:38:28","slug":"nitromat-kn","status":"publish","type":"product","link":"https:\/\/mesa-international.de\/de\/product\/nitromat-kn\/","title":{"rendered":"NITROMAT-KN"},"content":{"rendered":"<div id=\"pgc-2949-3-0\" class=\"panel-grid-cell\">\n<div id=\"panel-2949-3-0-0\" class=\"so-panel widget widget_sow-editor panel-first-child panel-last-child\" data-index=\"5\">\n<div class=\"panel-widget-style panel-widget-style-for-2949-3-0-0\">\n<div class=\"so-widget-sow-editor so-widget-sow-editor-base\">\n<div class=\"siteorigin-widget-tinymce textwidget\">\n<div class=\"page\" title=\"Seite 1\">\n<div class=\"section\">\n<div class=\"layoutArea\">\n<div class=\"column\">\n<div class=\"page\" title=\"Seite 1\">\n<div class=\"section\">\n<div class=\"layoutArea\">\n<div class=\"column\">  Der Nitromat-KN ist ein Mess- und Regelsystem zur exakten Regelung der Ofenatmosph\u00e4re bei Nitrier- oder Nitrocarburierprozessen.<br \/>\nDie 99 Programmsteuerungen von Prozesstemperatur und KN -Werten, mit frei w\u00e4hlbaren Programmzeitspuren und analogen Ausg\u00e4ngen f\u00fcr NH3 &#8211; N2 -Endogas- CO2, durch Massenflusssteuerungen erm\u00f6glichen eine exakte Steuerung von Gasnitrierprozessen.   <\/div>\n<\/div>\n<\/div>\n<\/div>\n<\/div>\n<\/div>\n<\/div>\n<\/div>\n<\/div>\n<\/div>\n<\/div>\n<\/div>\n<\/div>\n<div id=\"pgc-2949-3-1\" class=\"panel-grid-cell\">\n<div id=\"panel-2949-3-1-0\" class=\"so-panel widget widget_sow-editor panel-first-child panel-last-child\" data-index=\"6\">\n<div class=\"panel-widget-style panel-widget-style-for-2949-3-1-0\">\n<div class=\"so-widget-sow-editor so-widget-sow-editor-base\">\n<div class=\"siteorigin-widget-tinymce textwidget\">\n<div class=\"page\" title=\"Seite 1\">\n<div class=\"section\">\n<div class=\"layoutArea\">\n<div class=\"column\">  Eine kontrollierte N2 &#8211; Verd\u00fcnnung der Nitrieratmosph\u00e4re ist m\u00f6glich.<br \/>\nDurch den Einsatz des Initialgases ist es m\u00f6glich, die gesamte Behandlungszeit zu reduzieren.<br \/>\nIn Verbindung mit den Programmzeitspuren und einer Programmauswahl ist au\u00dferdem eine Voroxidation der Komponenten m\u00f6glich.    <\/div>\n<\/div>\n<\/div>\n<\/div>\n<\/div>\n<\/div>\n<\/div>\n<\/div>\n<\/div>\n","protected":false},"excerpt":{"rendered":"<div id=\"pgc-2949-2-0\" class=\"panel-grid-cell\">\n<div id=\"panel-2949-2-0-0\" class=\"so-panel widget widget_sow-editor panel-first-child panel-last-child\" data-index=\"3\">\n<div class=\"panel-widget-style panel-widget-style-for-2949-2-0-0\">\n<div class=\"so-widget-sow-editor so-widget-sow-editor-base\">\n<div class=\"siteorigin-widget-tinymce textwidget\">\n<ul class=\"list-group\">\n<li class=\"list-group-item\">Die men\u00fcgesteuerte Bedienung, Klartext<\/li>\n<li class=\"list-group-item\">Folie Tastatur<\/li>\n<li class=\"list-group-item\">Genaue Kontrolle<\/li>\n<li class=\"list-group-item\">Anschluss von einem Thermoelement Typ &#8222;S&#8220; oder &#8222;K&#8220; nach Wahl<\/li>\n<li class=\"list-group-item\">Programmspeicher mit 99 Sollwertprogrammen f\u00fcr K &#8211; und Prozesstemperatur N (zeitsynchron)<\/li>\n<li class=\"list-group-item\">Programmspuren, frei w\u00e4hlbar<\/li>\n<li class=\"list-group-item\">Kontinuierliche Steuerung von Ammoniak, PID-Steuerung<\/li>\n<li class=\"list-group-item\">Leistung \u00fcbertragen, KN<\/li>\n<\/ul>\n<\/div>\n<\/div>\n<\/div>\n<\/div>\n<\/div>\n<div id=\"pgc-2949-2-1\" class=\"panel-grid-cell\">\n<div id=\"panel-2949-2-1-0\" class=\"so-panel widget widget_sow-editor panel-first-child panel-last-child\" data-index=\"4\">\n<div class=\"panel-widget-style panel-widget-style-for-2949-2-1-0\">\n<div class=\"so-widget-sow-editor so-widget-sow-editor-base\">\n<div class=\"siteorigin-widget-tinymce textwidget\">\n<ul class=\"list-group\">\n<li class=\"list-group-item\">Alle Ein- und Ausg\u00e4nge 4&#8230;20 mA (au\u00dfer Thermoelement)<\/li>\n<li class=\"list-group-item\">Direkte Anpassung des Durchflussmessers f\u00fcr NH3, N2, CO2 oder Endogas<\/li>\n<li class=\"list-group-item\">2 Ammoniak-Durchflussmessger\u00e4te f\u00fcr kleine oder gro\u00dfe Mengen sind w\u00e4hlbar (dadurch hohe Pr\u00e4zision)<\/li>\n<li class=\"list-group-item\">Grenzwerte der Steuergr\u00f6\u00dfe bei Ammoniakmenge sind separat m\u00f6glich<\/li>\n<li class=\"list-group-item\">M\u00f6glichkeit f\u00fcr Initialgas<\/li>\n<li class=\"list-group-item\">Sollwertprogrammierer f\u00fcr die Prozesstemperatur wird angezeigt<\/li>\n<li class=\"list-group-item\">Option: &#8211; Serielle Schnittstellen (RS422\/RS485)<\/li>\n<\/ul>\n<\/div>\n<\/div>\n<\/div>\n<\/div>\n<\/div>\n","protected":false},"featured_media":239144,"comment_status":"open","ping_status":"closed","template":"","meta":{"_acf_changed":false,"content-type":""},"product_brand":[],"product_cat":[143],"product_tag":[],"class_list":{"0":"post-243010","1":"product","2":"type-product","3":"status-publish","4":"has-post-thumbnail","6":"product_cat-steuerungen","8":"first","9":"instock","10":"shipping-taxable","11":"product-type-simple"},"acf":[],"yoast_head":"<!-- This site is optimized with the Yoast SEO plugin v27.5 - https:\/\/yoast.com\/product\/yoast-seo-wordpress\/ -->\n<title>NITROMAT-KN - www.mesa-international.de<\/title>\n<meta name=\"robots\" content=\"index, follow, max-snippet:-1, max-image-preview:large, max-video-preview:-1\" \/>\n<link rel=\"canonical\" href=\"https:\/\/mesa-international.de\/de\/product\/nitromat-kn\/\" \/>\n<meta property=\"og:locale\" content=\"de_DE\" \/>\n<meta property=\"og:type\" content=\"article\" \/>\n<meta property=\"og:title\" content=\"NITROMAT-KN - www.mesa-international.de\" \/>\n<meta property=\"og:description\" content=\"Die men\u00fcgesteuerte Bedienung, Klartext  Folie Tastatur  Genaue Kontrolle  Anschluss von einem Thermoelement Typ &quot;S&quot; oder &quot;K&quot; nach Wahl  Programmspeicher mit 99 Sollwertprogrammen f\u00fcr K - und Prozesstemperatur N (zeitsynchron)  Programmspuren, frei w\u00e4hlbar  Kontinuierliche Steuerung von Ammoniak, PID-Steuerung  Leistung \u00fcbertragen, KN        Alle Ein- und Ausg\u00e4nge 4...20 mA (au\u00dfer Thermoelement)  Direkte Anpassung des Durchflussmessers f\u00fcr NH3, N2, CO2 oder Endogas  2 Ammoniak-Durchflussmessger\u00e4te f\u00fcr kleine oder gro\u00dfe Mengen sind w\u00e4hlbar (dadurch hohe Pr\u00e4zision)  Grenzwerte der Steuergr\u00f6\u00dfe bei Ammoniakmenge sind separat m\u00f6glich  M\u00f6glichkeit f\u00fcr Initialgas  Sollwertprogrammierer f\u00fcr die Prozesstemperatur wird angezeigt  Option: - Serielle Schnittstellen (RS422\/RS485)\" \/>\n<meta property=\"og:url\" content=\"https:\/\/mesa-international.de\/de\/product\/nitromat-kn\/\" \/>\n<meta property=\"og:site_name\" content=\"www.mesa-international.de\" \/>\n<meta property=\"article:modified_time\" content=\"2024-10-01T11:38:28+00:00\" \/>\n<meta property=\"og:image\" content=\"https:\/\/mesa-international.de\/wp-content\/uploads\/2020\/12\/nitromatKN-2.png\" \/>\n\t<meta property=\"og:image:width\" content=\"600\" \/>\n\t<meta property=\"og:image:height\" content=\"600\" \/>\n\t<meta property=\"og:image:type\" content=\"image\/png\" \/>\n<meta name=\"twitter:card\" content=\"summary_large_image\" \/>\n<script type=\"application\/ld+json\" class=\"yoast-schema-graph\">{\"@context\":\"https:\\\/\\\/schema.org\",\"@graph\":[{\"@type\":\"WebPage\",\"@id\":\"https:\\\/\\\/mesa-international.de\\\/de\\\/product\\\/nitromat-kn\\\/\",\"url\":\"https:\\\/\\\/mesa-international.de\\\/de\\\/product\\\/nitromat-kn\\\/\",\"name\":\"NITROMAT-KN - www.mesa-international.de\",\"isPartOf\":{\"@id\":\"https:\\\/\\\/mesa-international.de\\\/de\\\/#website\"},\"primaryImageOfPage\":{\"@id\":\"https:\\\/\\\/mesa-international.de\\\/de\\\/product\\\/nitromat-kn\\\/#primaryimage\"},\"image\":{\"@id\":\"https:\\\/\\\/mesa-international.de\\\/de\\\/product\\\/nitromat-kn\\\/#primaryimage\"},\"thumbnailUrl\":\"https:\\\/\\\/mesa-international.de\\\/wp-content\\\/uploads\\\/2020\\\/12\\\/nitromatKN-2.png\",\"datePublished\":\"2024-07-24T18:15:42+00:00\",\"dateModified\":\"2024-10-01T11:38:28+00:00\",\"breadcrumb\":{\"@id\":\"https:\\\/\\\/mesa-international.de\\\/de\\\/product\\\/nitromat-kn\\\/#breadcrumb\"},\"inLanguage\":\"de\",\"potentialAction\":[{\"@type\":\"ReadAction\",\"target\":[\"https:\\\/\\\/mesa-international.de\\\/de\\\/product\\\/nitromat-kn\\\/\"]}]},{\"@type\":\"ImageObject\",\"inLanguage\":\"de\",\"@id\":\"https:\\\/\\\/mesa-international.de\\\/de\\\/product\\\/nitromat-kn\\\/#primaryimage\",\"url\":\"https:\\\/\\\/mesa-international.de\\\/wp-content\\\/uploads\\\/2020\\\/12\\\/nitromatKN-2.png\",\"contentUrl\":\"https:\\\/\\\/mesa-international.de\\\/wp-content\\\/uploads\\\/2020\\\/12\\\/nitromatKN-2.png\",\"width\":600,\"height\":600},{\"@type\":\"BreadcrumbList\",\"@id\":\"https:\\\/\\\/mesa-international.de\\\/de\\\/product\\\/nitromat-kn\\\/#breadcrumb\",\"itemListElement\":[{\"@type\":\"ListItem\",\"position\":1,\"name\":\"Shop\",\"item\":\"https:\\\/\\\/mesa-international.de\\\/de\\\/shop\\\/\"},{\"@type\":\"ListItem\",\"position\":2,\"name\":\"NITROMAT-KN\"}]},{\"@type\":\"WebSite\",\"@id\":\"https:\\\/\\\/mesa-international.de\\\/de\\\/#website\",\"url\":\"https:\\\/\\\/mesa-international.de\\\/de\\\/\",\"name\":\"www.mesa-international.de\",\"description\":\"Mesa Electronics Gmbh\",\"publisher\":{\"@id\":\"https:\\\/\\\/mesa-international.de\\\/de\\\/#organization\"},\"potentialAction\":[{\"@type\":\"SearchAction\",\"target\":{\"@type\":\"EntryPoint\",\"urlTemplate\":\"https:\\\/\\\/mesa-international.de\\\/de\\\/?s={search_term_string}\"},\"query-input\":{\"@type\":\"PropertyValueSpecification\",\"valueRequired\":true,\"valueName\":\"search_term_string\"}}],\"inLanguage\":\"de\"},{\"@type\":\"Organization\",\"@id\":\"https:\\\/\\\/mesa-international.de\\\/de\\\/#organization\",\"name\":\"www.mesa-international.de\",\"url\":\"https:\\\/\\\/mesa-international.de\\\/de\\\/\",\"logo\":{\"@type\":\"ImageObject\",\"inLanguage\":\"de\",\"@id\":\"https:\\\/\\\/mesa-international.de\\\/de\\\/#\\\/schema\\\/logo\\\/image\\\/\",\"url\":\"https:\\\/\\\/mesa-international.de\\\/wp-content\\\/uploads\\\/2022\\\/11\\\/sadsaca.png\",\"contentUrl\":\"https:\\\/\\\/mesa-international.de\\\/wp-content\\\/uploads\\\/2022\\\/11\\\/sadsaca.png\",\"width\":173,\"height\":107,\"caption\":\"www.mesa-international.de\"},\"image\":{\"@id\":\"https:\\\/\\\/mesa-international.de\\\/de\\\/#\\\/schema\\\/logo\\\/image\\\/\"},\"sameAs\":[\"https:\\\/\\\/www.linkedin.com\\\/company\\\/mesa-electronic-gmbh\\\/\"]}]}<\/script>\n<!-- \/ Yoast SEO plugin. -->","yoast_head_json":{"title":"NITROMAT-KN - www.mesa-international.de","robots":{"index":"index","follow":"follow","max-snippet":"max-snippet:-1","max-image-preview":"max-image-preview:large","max-video-preview":"max-video-preview:-1"},"canonical":"https:\/\/mesa-international.de\/de\/product\/nitromat-kn\/","og_locale":"de_DE","og_type":"article","og_title":"NITROMAT-KN - www.mesa-international.de","og_description":"Die men\u00fcgesteuerte Bedienung, Klartext  Folie Tastatur  Genaue Kontrolle  Anschluss von einem Thermoelement Typ \"S\" oder \"K\" nach Wahl  Programmspeicher mit 99 Sollwertprogrammen f\u00fcr K - und Prozesstemperatur N (zeitsynchron)  Programmspuren, frei w\u00e4hlbar  Kontinuierliche Steuerung von Ammoniak, PID-Steuerung  Leistung \u00fcbertragen, KN        Alle Ein- und Ausg\u00e4nge 4...20 mA (au\u00dfer Thermoelement)  Direkte Anpassung des Durchflussmessers f\u00fcr NH3, N2, CO2 oder Endogas  2 Ammoniak-Durchflussmessger\u00e4te f\u00fcr kleine oder gro\u00dfe Mengen sind w\u00e4hlbar (dadurch hohe Pr\u00e4zision)  Grenzwerte der Steuergr\u00f6\u00dfe bei Ammoniakmenge sind separat m\u00f6glich  M\u00f6glichkeit f\u00fcr Initialgas  Sollwertprogrammierer f\u00fcr die Prozesstemperatur wird angezeigt  Option: - Serielle Schnittstellen (RS422\/RS485)","og_url":"https:\/\/mesa-international.de\/de\/product\/nitromat-kn\/","og_site_name":"www.mesa-international.de","article_modified_time":"2024-10-01T11:38:28+00:00","og_image":[{"width":600,"height":600,"url":"https:\/\/mesa-international.de\/wp-content\/uploads\/2020\/12\/nitromatKN-2.png","type":"image\/png"}],"twitter_card":"summary_large_image","schema":{"@context":"https:\/\/schema.org","@graph":[{"@type":"WebPage","@id":"https:\/\/mesa-international.de\/de\/product\/nitromat-kn\/","url":"https:\/\/mesa-international.de\/de\/product\/nitromat-kn\/","name":"NITROMAT-KN - www.mesa-international.de","isPartOf":{"@id":"https:\/\/mesa-international.de\/de\/#website"},"primaryImageOfPage":{"@id":"https:\/\/mesa-international.de\/de\/product\/nitromat-kn\/#primaryimage"},"image":{"@id":"https:\/\/mesa-international.de\/de\/product\/nitromat-kn\/#primaryimage"},"thumbnailUrl":"https:\/\/mesa-international.de\/wp-content\/uploads\/2020\/12\/nitromatKN-2.png","datePublished":"2024-07-24T18:15:42+00:00","dateModified":"2024-10-01T11:38:28+00:00","breadcrumb":{"@id":"https:\/\/mesa-international.de\/de\/product\/nitromat-kn\/#breadcrumb"},"inLanguage":"de","potentialAction":[{"@type":"ReadAction","target":["https:\/\/mesa-international.de\/de\/product\/nitromat-kn\/"]}]},{"@type":"ImageObject","inLanguage":"de","@id":"https:\/\/mesa-international.de\/de\/product\/nitromat-kn\/#primaryimage","url":"https:\/\/mesa-international.de\/wp-content\/uploads\/2020\/12\/nitromatKN-2.png","contentUrl":"https:\/\/mesa-international.de\/wp-content\/uploads\/2020\/12\/nitromatKN-2.png","width":600,"height":600},{"@type":"BreadcrumbList","@id":"https:\/\/mesa-international.de\/de\/product\/nitromat-kn\/#breadcrumb","itemListElement":[{"@type":"ListItem","position":1,"name":"Shop","item":"https:\/\/mesa-international.de\/de\/shop\/"},{"@type":"ListItem","position":2,"name":"NITROMAT-KN"}]},{"@type":"WebSite","@id":"https:\/\/mesa-international.de\/de\/#website","url":"https:\/\/mesa-international.de\/de\/","name":"www.mesa-international.de","description":"Mesa Electronics Gmbh","publisher":{"@id":"https:\/\/mesa-international.de\/de\/#organization"},"potentialAction":[{"@type":"SearchAction","target":{"@type":"EntryPoint","urlTemplate":"https:\/\/mesa-international.de\/de\/?s={search_term_string}"},"query-input":{"@type":"PropertyValueSpecification","valueRequired":true,"valueName":"search_term_string"}}],"inLanguage":"de"},{"@type":"Organization","@id":"https:\/\/mesa-international.de\/de\/#organization","name":"www.mesa-international.de","url":"https:\/\/mesa-international.de\/de\/","logo":{"@type":"ImageObject","inLanguage":"de","@id":"https:\/\/mesa-international.de\/de\/#\/schema\/logo\/image\/","url":"https:\/\/mesa-international.de\/wp-content\/uploads\/2022\/11\/sadsaca.png","contentUrl":"https:\/\/mesa-international.de\/wp-content\/uploads\/2022\/11\/sadsaca.png","width":173,"height":107,"caption":"www.mesa-international.de"},"image":{"@id":"https:\/\/mesa-international.de\/de\/#\/schema\/logo\/image\/"},"sameAs":["https:\/\/www.linkedin.com\/company\/mesa-electronic-gmbh\/"]}]}},"_links":{"self":[{"href":"https:\/\/mesa-international.de\/de\/wp-json\/wp\/v2\/product\/243010","targetHints":{"allow":["GET"]}}],"collection":[{"href":"https:\/\/mesa-international.de\/de\/wp-json\/wp\/v2\/product"}],"about":[{"href":"https:\/\/mesa-international.de\/de\/wp-json\/wp\/v2\/types\/product"}],"replies":[{"embeddable":true,"href":"https:\/\/mesa-international.de\/de\/wp-json\/wp\/v2\/comments?post=243010"}],"wp:featuredmedia":[{"embeddable":true,"href":"https:\/\/mesa-international.de\/de\/wp-json\/wp\/v2\/media\/239144"}],"wp:attachment":[{"href":"https:\/\/mesa-international.de\/de\/wp-json\/wp\/v2\/media?parent=243010"}],"wp:term":[{"taxonomy":"product_brand","embeddable":true,"href":"https:\/\/mesa-international.de\/de\/wp-json\/wp\/v2\/product_brand?post=243010"},{"taxonomy":"product_cat","embeddable":true,"href":"https:\/\/mesa-international.de\/de\/wp-json\/wp\/v2\/product_cat?post=243010"},{"taxonomy":"product_tag","embeddable":true,"href":"https:\/\/mesa-international.de\/de\/wp-json\/wp\/v2\/product_tag?post=243010"}],"curies":[{"name":"wp","href":"https:\/\/api.w.org\/{rel}","templated":true}]}}