{"id":243009,"date":"2024-07-25T11:40:29","date_gmt":"2024-07-25T10:40:29","guid":{"rendered":"https:\/\/mesa-international.de\/product\/frequenzmessung-digitales-anzeigegeraet-a005f\/"},"modified":"2024-09-18T08:09:17","modified_gmt":"2024-09-18T07:09:17","slug":"frequenzmessung-digitales-anzeigegeraet-a005f","status":"publish","type":"product","link":"https:\/\/mesa-international.de\/de\/product\/frequenzmessung-digitales-anzeigegeraet-a005f\/","title":{"rendered":"FREQUENZMESSUNG DIGITALES ANZEIGEGER\u00c4T A005F"},"content":{"rendered":"<div id=\"main-content\">\n<article id=\"post-3611\" class=\"post-3611 page type-page status-publish has-post-thumbnail hentry\">\n<div class=\"entry-content\">\n<div class=\"et-l et-l--post\">\n<div class=\"et_builder_inner_content et_pb_gutters3\">\n<div class=\"et_pb_section et_pb_section_0 et_pb_section_parallax et_pb_with_background et_section_regular\">\n<div class=\"et_pb_row et_pb_row_1\">\n<div class=\"et_pb_column et_pb_column_1_2 et_pb_column_2 et_pb_css_mix_blend_mode_passthrough\">\n<div class=\"et_pb_module et_pb_text et_pb_text_1 et_pb_text_align_left et_pb_bg_layout_light\">\n<div class=\"et_pb_text_inner\">\n<h4 style=\"text-align: left;\">ZUS\u00c4TZLICHE OPTIONALE MODULE:<\/h4>\n<ul class=\"list-group\" style=\"text-align: left;\">\n<li class=\"list-group-item\">Galvanisch isolierter Universal-Analogausgang<\/li>\n<li class=\"list-group-item\">RS485 Modbus RTU Schnittstelle<\/li>\n<li class=\"list-group-item\">Sensor-Versorgungsmodul<\/li>\n<\/ul>\n<\/div>\n<\/div>\n<\/div>\n<div class=\"et_pb_column et_pb_column_1_2 et_pb_column_3 et_pb_css_mix_blend_mode_passthrough et-last-child\" style=\"text-align: left;\">\n<div class=\"et_pb_module et_pb_text et_pb_text_2 et_pb_text_align_left et_pb_bg_layout_light\">\n<div class=\"et_pb_text_inner\">\n<div id=\"pgc-2959-3-0\" class=\"panel-grid-cell\">\n<div id=\"panel-2959-3-0-0\" class=\"so-panel widget widget_sow-editor panel-first-child panel-last-child\" data-index=\"5\">\n<div class=\"panel-widget-style panel-widget-style-for-2959-3-0-0\">\n<div class=\"so-widget-sow-editor so-widget-sow-editor-base\">\n<div class=\"siteorigin-widget-tinymce textwidget\">\n<h4>MERKMAL:<\/h4>\n<ul class=\"list-group\">\n<li class=\"list-group-item\">Kompaktes 96\u00d748 Geh\u00e4use f\u00fcr den Schalttafeleinbau<\/li>\n<li class=\"list-group-item\">Gro\u00dfe 5-stellige LED-Anzeige mit 20 mm H\u00f6he<\/li>\n<li class=\"list-group-item\">Statusanzeige durch LED&#8217;s an der Vorderseite<\/li>\n<li class=\"list-group-item\" style=\"text-align: left;\">85&#8230;265VAC oder 10&#8230;36VDC Spannungsversorgung<\/li>\n<li class=\"list-group-item\">Vollst\u00e4ndig konfigurierbar \u00fcber Funktionstasten auf der Vorderseite oder per PC \u00fcber die serielle Schnittstelle<\/li>\n<\/ul>\n<h4>ZUS\u00c4TZLICHE MESSFUNKTIONEN:<\/h4>\n<\/div>\n<\/div>\n<\/div>\n<\/div>\n<\/div>\n<\/div>\n<\/div>\n<\/div>\n<\/div>\n<div class=\"et_pb_row et_pb_row_2\" style=\"text-align: left;\">\n<div class=\"et_pb_column et_pb_column_1_2 et_pb_column_4 et_pb_css_mix_blend_mode_passthrough\">\n<div class=\"et_pb_module et_pb_text et_pb_text_3 et_pb_text_align_left et_pb_bg_layout_light\">\n<div class=\"et_pb_text_inner\">\n<div class=\"ccvoYb\">\n<div class=\"AxqVh\">\n<div class=\"OPPzxe\">\n<div class=\"FFpbKc\">\n<div id=\"pgc-2924-4-0\" class=\"panel-grid-cell\">\n<div id=\"panel-2924-4-0-0\" class=\"so-panel widget widget_sow-editor panel-first-child panel-last-child\" data-index=\"6\">\n<div class=\"panel-widget-style panel-widget-style-for-2924-4-0-0\">\n<div class=\"so-widget-sow-editor so-widget-sow-editor-base\">\n<div class=\"siteorigin-widget-tinymce textwidget\">\n<div id=\"pgc-2908-4-0\" class=\"panel-grid-cell\">\n<div id=\"panel-2908-4-0-0\" class=\"so-panel widget widget_sow-editor panel-first-child panel-last-child\" data-index=\"6\">\n<div class=\"panel-widget-style panel-widget-style-for-2908-4-0-0\">\n<div class=\"so-widget-sow-editor so-widget-sow-editor-base\">\n<div class=\"siteorigin-widget-tinymce textwidget\">\n<ul class=\"list-group\">\n<li class=\"list-group-item\">Benutzerdefinierte Skalierung der Messergebnisse in zwei Punkten<\/li>\n<li class=\"list-group-item\">Algorithmus zur Korrektur der Messung in einem oder zwei Punkten<\/li>\n<li class=\"list-group-item\">Linearisierungstabelle bis zu 10 Punkte<\/li>\n<\/ul>\n<\/div>\n<\/div>\n<\/div>\n<\/div>\n<\/div>\n<div id=\"pgc-2908-4-1\" class=\"panel-grid-cell\">\n<div id=\"panel-2908-4-1-0\" class=\"so-panel widget widget_sow-editor panel-first-child panel-last-child\" data-index=\"7\">\n<div class=\"panel-widget-style panel-widget-style-for-2908-4-1-0\">\n<div class=\"so-widget-sow-editor so-widget-sow-editor-base\">\n<div class=\"siteorigin-widget-tinymce textwidget\">\n<ul class=\"list-group\">\n<li class=\"list-group-item\">Funktion halten<\/li>\n<li class=\"list-group-item\">Tara-Funktion<\/li>\n<li class=\"list-group-item\">Min\/Max-Speicherfunktion<\/li>\n<\/ul>\n<\/div>\n<\/div>\n<\/div>\n<\/div>\n<\/div>\n<\/div>\n<\/div>\n<\/div>\n<\/div>\n<\/div>\n<\/div>\n<\/div>\n<\/div>\n<\/div>\n<\/div>\n<\/div>\n<\/div>\n<div class=\"et_pb_column et_pb_column_1_2 et_pb_column_5 et_pb_css_mix_blend_mode_passthrough et-last-child\">\n<div class=\"et_pb_module et_pb_text et_pb_text_4 et_pb_text_align_left et_pb_bg_layout_light\">\n<div class=\"et_pb_text_inner\">\n<h4>FREQUENZ-\/PERIODENMESSUNG:<\/h4>\n<ul class=\"list-group\">\n<li class=\"list-group-item\">Auto range f\u00fcnfstellige Aufl\u00f6sung Messmethode.<\/li>\n<li class=\"list-group-item\">Programmierbare Komparator-Schwellenspannung von 0V bis 11V<\/li>\n<li class=\"list-group-item\">Programmierbare Pull-up und Pull-Down Widerst\u00e4nde<\/li>\n<li class=\"list-group-item\">Separater DC- und AC-Signaleingang<\/li>\n<li class=\"list-group-item\">+12V nicht-isolierte Sensor-Stromversorgung.<\/li>\n<\/ul>\n<\/div>\n<\/div>\n<\/div>\n<\/div>\n<\/div>\n<\/div>\n<\/div>\n<\/div>\n<\/article>\n<\/div>\n<footer class=\"et-l et-l--footer\">\n<div class=\"et_builder_inner_content et_pb_gutters3\">\n<div class=\"et_pb_section et_pb_section_1_tb_footer eng-footer et_pb_section_parallax et_pb_with_background et_section_regular\" style=\"text-align: left;\"><\/div>\n<\/div>\n<\/footer>\n","protected":false},"excerpt":{"rendered":"<div class=\"et_pb_column et_pb_column_1_2 et_pb_column_0 et_pb_css_mix_blend_mode_passthrough\">\n<div class=\"et_pb_module et_pb_testimonial et_pb_testimonial_0 clearfix et_pb_text_align_left et_pb_bg_layout_light et_pb_icon_off et_pb_testimonial_no_image\">\n<div class=\"et_pb_testimonial_description\">\n<div class=\"et_pb_testimonial_description_inner\">\n<div class=\"et_pb_testimonial_content\">\n<h4>FUNKTION<\/h4>\n<p>  A005f ist ein hochpr\u00e4zises digitales Messger\u00e4t f\u00fcr Frequenz und Periode des Signals.<br \/>\nDie f\u00fcnfstellige LED mit einer H\u00f6he von 20 mm erm\u00f6glicht das Ablesen der Messwerte aus gro\u00dfer Entfernung.<br \/>\nEin fortschrittlicher Auto-Range-Algorithmus ist implementiert.<br \/>\nDas Ger\u00e4t z\u00e4hlt und misst immer mit maximaler Aufl\u00f6sung und Genauigkeit, d.h. alle f\u00fcnf Ziffern sind signifikant mit einer Genauigkeit von besser als 0,01% im gesamten Temperaturbereich und Messbereich von 0,1 Hz bis 50 kHz     <\/p><\/div>\n<\/div>\n<\/div>\n<\/div>\n<\/div>\n<div class=\"et_pb_column et_pb_column_1_2 et_pb_column_1 et_pb_css_mix_blend_mode_passthrough et-last-child\"><\/div>\n","protected":false},"featured_media":242851,"comment_status":"open","ping_status":"closed","template":"","meta":{"_acf_changed":false,"content-type":""},"product_brand":[],"product_cat":[141],"product_tag":[],"class_list":{"0":"post-243009","1":"product","2":"type-product","3":"status-publish","4":"has-post-thumbnail","6":"product_cat-sender-indikator","8":"first","9":"instock","10":"shipping-taxable","11":"product-type-simple"},"acf":[],"yoast_head":"<!-- This site is optimized with the Yoast SEO plugin v27.5 - https:\/\/yoast.com\/product\/yoast-seo-wordpress\/ -->\n<title>FREQUENZMESSUNG DIGITALES ANZEIGEGER\u00c4T A005F - www.mesa-international.de<\/title>\n<meta name=\"robots\" content=\"index, follow, max-snippet:-1, max-image-preview:large, max-video-preview:-1\" \/>\n<link rel=\"canonical\" href=\"https:\/\/mesa-international.de\/de\/product\/frequenzmessung-digitales-anzeigegeraet-a005f\/\" \/>\n<meta property=\"og:locale\" content=\"de_DE\" \/>\n<meta property=\"og:type\" content=\"article\" \/>\n<meta property=\"og:title\" content=\"FREQUENZMESSUNG DIGITALES ANZEIGEGER\u00c4T A005F - www.mesa-international.de\" \/>\n<meta property=\"og:description\" content=\"FUNKTION A005f ist ein hochpr\u00e4zises digitales Messger\u00e4t f\u00fcr Frequenz und Periode des Signals. Die f\u00fcnfstellige LED mit einer H\u00f6he von 20 mm erm\u00f6glicht das Ablesen der Messwerte aus gro\u00dfer Entfernung. Ein fortschrittlicher Auto-Range-Algorithmus ist implementiert. Das Ger\u00e4t z\u00e4hlt und misst immer mit maximaler Aufl\u00f6sung und Genauigkeit, d.h. alle f\u00fcnf Ziffern sind signifikant mit einer Genauigkeit von besser als 0,01% im gesamten Temperaturbereich und Messbereich von 0,1 Hz bis 50 kHz\" \/>\n<meta property=\"og:url\" content=\"https:\/\/mesa-international.de\/de\/product\/frequenzmessung-digitales-anzeigegeraet-a005f\/\" \/>\n<meta property=\"og:site_name\" content=\"www.mesa-international.de\" \/>\n<meta property=\"article:modified_time\" content=\"2024-09-18T07:09:17+00:00\" \/>\n<meta property=\"og:image\" content=\"https:\/\/mesa-international.de\/wp-content\/uploads\/2024\/07\/A005-1-1-8.png\" \/>\n\t<meta property=\"og:image:width\" content=\"600\" \/>\n\t<meta property=\"og:image:height\" content=\"600\" \/>\n\t<meta property=\"og:image:type\" content=\"image\/png\" \/>\n<meta name=\"twitter:card\" content=\"summary_large_image\" \/>\n<meta name=\"twitter:label1\" content=\"Gesch\u00e4tzte Lesezeit\" \/>\n\t<meta name=\"twitter:data1\" content=\"1\u00a0Minute\" \/>\n<script type=\"application\/ld+json\" class=\"yoast-schema-graph\">{\"@context\":\"https:\\\/\\\/schema.org\",\"@graph\":[{\"@type\":\"WebPage\",\"@id\":\"https:\\\/\\\/mesa-international.de\\\/de\\\/product\\\/frequenzmessung-digitales-anzeigegeraet-a005f\\\/\",\"url\":\"https:\\\/\\\/mesa-international.de\\\/de\\\/product\\\/frequenzmessung-digitales-anzeigegeraet-a005f\\\/\",\"name\":\"FREQUENZMESSUNG DIGITALES ANZEIGEGER\u00c4T A005F - www.mesa-international.de\",\"isPartOf\":{\"@id\":\"https:\\\/\\\/mesa-international.de\\\/de\\\/#website\"},\"primaryImageOfPage\":{\"@id\":\"https:\\\/\\\/mesa-international.de\\\/de\\\/product\\\/frequenzmessung-digitales-anzeigegeraet-a005f\\\/#primaryimage\"},\"image\":{\"@id\":\"https:\\\/\\\/mesa-international.de\\\/de\\\/product\\\/frequenzmessung-digitales-anzeigegeraet-a005f\\\/#primaryimage\"},\"thumbnailUrl\":\"https:\\\/\\\/mesa-international.de\\\/wp-content\\\/uploads\\\/2024\\\/07\\\/A005-1-1-8.png\",\"datePublished\":\"2024-07-25T10:40:29+00:00\",\"dateModified\":\"2024-09-18T07:09:17+00:00\",\"breadcrumb\":{\"@id\":\"https:\\\/\\\/mesa-international.de\\\/de\\\/product\\\/frequenzmessung-digitales-anzeigegeraet-a005f\\\/#breadcrumb\"},\"inLanguage\":\"de\",\"potentialAction\":[{\"@type\":\"ReadAction\",\"target\":[\"https:\\\/\\\/mesa-international.de\\\/de\\\/product\\\/frequenzmessung-digitales-anzeigegeraet-a005f\\\/\"]}]},{\"@type\":\"ImageObject\",\"inLanguage\":\"de\",\"@id\":\"https:\\\/\\\/mesa-international.de\\\/de\\\/product\\\/frequenzmessung-digitales-anzeigegeraet-a005f\\\/#primaryimage\",\"url\":\"https:\\\/\\\/mesa-international.de\\\/wp-content\\\/uploads\\\/2024\\\/07\\\/A005-1-1-8.png\",\"contentUrl\":\"https:\\\/\\\/mesa-international.de\\\/wp-content\\\/uploads\\\/2024\\\/07\\\/A005-1-1-8.png\",\"width\":600,\"height\":600},{\"@type\":\"BreadcrumbList\",\"@id\":\"https:\\\/\\\/mesa-international.de\\\/de\\\/product\\\/frequenzmessung-digitales-anzeigegeraet-a005f\\\/#breadcrumb\",\"itemListElement\":[{\"@type\":\"ListItem\",\"position\":1,\"name\":\"Shop\",\"item\":\"https:\\\/\\\/mesa-international.de\\\/de\\\/shop\\\/\"},{\"@type\":\"ListItem\",\"position\":2,\"name\":\"FREQUENZMESSUNG DIGITALES ANZEIGEGER\u00c4T A005F\"}]},{\"@type\":\"WebSite\",\"@id\":\"https:\\\/\\\/mesa-international.de\\\/de\\\/#website\",\"url\":\"https:\\\/\\\/mesa-international.de\\\/de\\\/\",\"name\":\"www.mesa-international.de\",\"description\":\"Mesa Electronics Gmbh\",\"publisher\":{\"@id\":\"https:\\\/\\\/mesa-international.de\\\/de\\\/#organization\"},\"potentialAction\":[{\"@type\":\"SearchAction\",\"target\":{\"@type\":\"EntryPoint\",\"urlTemplate\":\"https:\\\/\\\/mesa-international.de\\\/de\\\/?s={search_term_string}\"},\"query-input\":{\"@type\":\"PropertyValueSpecification\",\"valueRequired\":true,\"valueName\":\"search_term_string\"}}],\"inLanguage\":\"de\"},{\"@type\":\"Organization\",\"@id\":\"https:\\\/\\\/mesa-international.de\\\/de\\\/#organization\",\"name\":\"www.mesa-international.de\",\"url\":\"https:\\\/\\\/mesa-international.de\\\/de\\\/\",\"logo\":{\"@type\":\"ImageObject\",\"inLanguage\":\"de\",\"@id\":\"https:\\\/\\\/mesa-international.de\\\/de\\\/#\\\/schema\\\/logo\\\/image\\\/\",\"url\":\"https:\\\/\\\/mesa-international.de\\\/wp-content\\\/uploads\\\/2022\\\/11\\\/sadsaca.png\",\"contentUrl\":\"https:\\\/\\\/mesa-international.de\\\/wp-content\\\/uploads\\\/2022\\\/11\\\/sadsaca.png\",\"width\":173,\"height\":107,\"caption\":\"www.mesa-international.de\"},\"image\":{\"@id\":\"https:\\\/\\\/mesa-international.de\\\/de\\\/#\\\/schema\\\/logo\\\/image\\\/\"},\"sameAs\":[\"https:\\\/\\\/www.linkedin.com\\\/company\\\/mesa-electronic-gmbh\\\/\"]}]}<\/script>\n<!-- \/ Yoast SEO plugin. -->","yoast_head_json":{"title":"FREQUENZMESSUNG DIGITALES ANZEIGEGER\u00c4T A005F - www.mesa-international.de","robots":{"index":"index","follow":"follow","max-snippet":"max-snippet:-1","max-image-preview":"max-image-preview:large","max-video-preview":"max-video-preview:-1"},"canonical":"https:\/\/mesa-international.de\/de\/product\/frequenzmessung-digitales-anzeigegeraet-a005f\/","og_locale":"de_DE","og_type":"article","og_title":"FREQUENZMESSUNG DIGITALES ANZEIGEGER\u00c4T A005F - www.mesa-international.de","og_description":"FUNKTION A005f ist ein hochpr\u00e4zises digitales Messger\u00e4t f\u00fcr Frequenz und Periode des Signals. Die f\u00fcnfstellige LED mit einer H\u00f6he von 20 mm erm\u00f6glicht das Ablesen der Messwerte aus gro\u00dfer Entfernung. Ein fortschrittlicher Auto-Range-Algorithmus ist implementiert. Das Ger\u00e4t z\u00e4hlt und misst immer mit maximaler Aufl\u00f6sung und Genauigkeit, d.h. alle f\u00fcnf Ziffern sind signifikant mit einer Genauigkeit von besser als 0,01% im gesamten Temperaturbereich und Messbereich von 0,1 Hz bis 50 kHz","og_url":"https:\/\/mesa-international.de\/de\/product\/frequenzmessung-digitales-anzeigegeraet-a005f\/","og_site_name":"www.mesa-international.de","article_modified_time":"2024-09-18T07:09:17+00:00","og_image":[{"width":600,"height":600,"url":"https:\/\/mesa-international.de\/wp-content\/uploads\/2024\/07\/A005-1-1-8.png","type":"image\/png"}],"twitter_card":"summary_large_image","twitter_misc":{"Gesch\u00e4tzte Lesezeit":"1\u00a0Minute"},"schema":{"@context":"https:\/\/schema.org","@graph":[{"@type":"WebPage","@id":"https:\/\/mesa-international.de\/de\/product\/frequenzmessung-digitales-anzeigegeraet-a005f\/","url":"https:\/\/mesa-international.de\/de\/product\/frequenzmessung-digitales-anzeigegeraet-a005f\/","name":"FREQUENZMESSUNG DIGITALES ANZEIGEGER\u00c4T A005F - www.mesa-international.de","isPartOf":{"@id":"https:\/\/mesa-international.de\/de\/#website"},"primaryImageOfPage":{"@id":"https:\/\/mesa-international.de\/de\/product\/frequenzmessung-digitales-anzeigegeraet-a005f\/#primaryimage"},"image":{"@id":"https:\/\/mesa-international.de\/de\/product\/frequenzmessung-digitales-anzeigegeraet-a005f\/#primaryimage"},"thumbnailUrl":"https:\/\/mesa-international.de\/wp-content\/uploads\/2024\/07\/A005-1-1-8.png","datePublished":"2024-07-25T10:40:29+00:00","dateModified":"2024-09-18T07:09:17+00:00","breadcrumb":{"@id":"https:\/\/mesa-international.de\/de\/product\/frequenzmessung-digitales-anzeigegeraet-a005f\/#breadcrumb"},"inLanguage":"de","potentialAction":[{"@type":"ReadAction","target":["https:\/\/mesa-international.de\/de\/product\/frequenzmessung-digitales-anzeigegeraet-a005f\/"]}]},{"@type":"ImageObject","inLanguage":"de","@id":"https:\/\/mesa-international.de\/de\/product\/frequenzmessung-digitales-anzeigegeraet-a005f\/#primaryimage","url":"https:\/\/mesa-international.de\/wp-content\/uploads\/2024\/07\/A005-1-1-8.png","contentUrl":"https:\/\/mesa-international.de\/wp-content\/uploads\/2024\/07\/A005-1-1-8.png","width":600,"height":600},{"@type":"BreadcrumbList","@id":"https:\/\/mesa-international.de\/de\/product\/frequenzmessung-digitales-anzeigegeraet-a005f\/#breadcrumb","itemListElement":[{"@type":"ListItem","position":1,"name":"Shop","item":"https:\/\/mesa-international.de\/de\/shop\/"},{"@type":"ListItem","position":2,"name":"FREQUENZMESSUNG DIGITALES ANZEIGEGER\u00c4T A005F"}]},{"@type":"WebSite","@id":"https:\/\/mesa-international.de\/de\/#website","url":"https:\/\/mesa-international.de\/de\/","name":"www.mesa-international.de","description":"Mesa Electronics Gmbh","publisher":{"@id":"https:\/\/mesa-international.de\/de\/#organization"},"potentialAction":[{"@type":"SearchAction","target":{"@type":"EntryPoint","urlTemplate":"https:\/\/mesa-international.de\/de\/?s={search_term_string}"},"query-input":{"@type":"PropertyValueSpecification","valueRequired":true,"valueName":"search_term_string"}}],"inLanguage":"de"},{"@type":"Organization","@id":"https:\/\/mesa-international.de\/de\/#organization","name":"www.mesa-international.de","url":"https:\/\/mesa-international.de\/de\/","logo":{"@type":"ImageObject","inLanguage":"de","@id":"https:\/\/mesa-international.de\/de\/#\/schema\/logo\/image\/","url":"https:\/\/mesa-international.de\/wp-content\/uploads\/2022\/11\/sadsaca.png","contentUrl":"https:\/\/mesa-international.de\/wp-content\/uploads\/2022\/11\/sadsaca.png","width":173,"height":107,"caption":"www.mesa-international.de"},"image":{"@id":"https:\/\/mesa-international.de\/de\/#\/schema\/logo\/image\/"},"sameAs":["https:\/\/www.linkedin.com\/company\/mesa-electronic-gmbh\/"]}]}},"_links":{"self":[{"href":"https:\/\/mesa-international.de\/de\/wp-json\/wp\/v2\/product\/243009","targetHints":{"allow":["GET"]}}],"collection":[{"href":"https:\/\/mesa-international.de\/de\/wp-json\/wp\/v2\/product"}],"about":[{"href":"https:\/\/mesa-international.de\/de\/wp-json\/wp\/v2\/types\/product"}],"replies":[{"embeddable":true,"href":"https:\/\/mesa-international.de\/de\/wp-json\/wp\/v2\/comments?post=243009"}],"wp:featuredmedia":[{"embeddable":true,"href":"https:\/\/mesa-international.de\/de\/wp-json\/wp\/v2\/media\/242851"}],"wp:attachment":[{"href":"https:\/\/mesa-international.de\/de\/wp-json\/wp\/v2\/media?parent=243009"}],"wp:term":[{"taxonomy":"product_brand","embeddable":true,"href":"https:\/\/mesa-international.de\/de\/wp-json\/wp\/v2\/product_brand?post=243009"},{"taxonomy":"product_cat","embeddable":true,"href":"https:\/\/mesa-international.de\/de\/wp-json\/wp\/v2\/product_cat?post=243009"},{"taxonomy":"product_tag","embeddable":true,"href":"https:\/\/mesa-international.de\/de\/wp-json\/wp\/v2\/product_tag?post=243009"}],"curies":[{"name":"wp","href":"https:\/\/api.w.org\/{rel}","templated":true}]}}