{"id":243005,"date":"2024-06-29T12:48:40","date_gmt":"2024-06-29T11:48:40","guid":{"rendered":"https:\/\/mesa-international.de\/product\/c-niveau-und-temperaturregler-typ-carbo-m\/"},"modified":"2024-10-01T13:08:58","modified_gmt":"2024-10-01T12:08:58","slug":"c-niveau-und-temperaturregler-typ-carbo-m","status":"publish","type":"product","link":"https:\/\/mesa-international.de\/de\/product\/c-niveau-und-temperaturregler-typ-carbo-m\/","title":{"rendered":"C NIVEAU- UND TEMPERATURREGLER TYP: CARBO-M"},"content":{"rendered":"<div id=\"pgc-2940-3-0\" class=\"panel-grid-cell\">\n<div id=\"panel-2940-3-0-0\" class=\"so-panel widget widget_sow-editor panel-first-child panel-last-child\" data-index=\"5\">\n<div class=\"panel-widget-style panel-widget-style-for-2940-3-0-0\">\n<div class=\"so-widget-sow-editor so-widget-sow-editor-base\">\n<div class=\"siteorigin-widget-tinymce textwidget\">\n<div class=\"page\" title=\"Seite 1\">\n<div class=\"section\">\n<div class=\"layoutArea\">\n<div class=\"column\">  Das Carbo-M ist ein zweikanaliges Mess- und Regelsystem zur Berechnung des C-Gehalts und zur C-Gehalts- und Temperaturregelung in der Ofenatmosph\u00e4re von W\u00e4rmebehandlungsanlagen.<br \/>\nMit Hilfe von Schaltern auf der R\u00fcckseite des Ger\u00e4ts l\u00e4sst sich Carbo-M leicht an bestehende Anlagen anpassen.<br \/>\n\u00c4nderungen im Datenerfassungsschema, z.B. der Wechsel von Gasanalysatoren zu Sauerstoffsonden, k\u00f6nnen problemlos vorgenommen werden.<br \/>\nEine derzeit verf\u00fcgbare Analysemethode zur Bestimmung des Kohlenstoffgehalts in Ofenatmosph\u00e4ren ist die indirekte Messung des Sauerstoffgehalts im Ofen mit Zirkoniumoxid-Sonden.<br \/>\nCarbo-M bietet spezielle Unterst\u00fctzung f\u00fcr diese Methoden.<br \/>\nDatenbl\u00e4tter zu den Sonden und anderen Ger\u00e4ten sind auf Anfrage erh\u00e4ltlich.       <\/div>\n<\/div>\n<\/div>\n<\/div>\n<\/div>\n<\/div>\n<\/div>\n<\/div>\n<\/div>\n","protected":false},"excerpt":{"rendered":"<div id=\"pgc-2940-2-0\" class=\"panel-grid-cell\">\n<div id=\"panel-2940-2-0-0\" class=\"so-panel widget widget_sow-editor panel-first-child panel-last-child\" data-index=\"3\">\n<div class=\"panel-widget-style panel-widget-style-for-2940-2-0-0\">\n<div class=\"so-widget-sow-editor so-widget-sow-editor-base\">\n<div class=\"siteorigin-widget-tinymce textwidget\">\n<ul class=\"list-group\">\n<li class=\"list-group-item\">Men\u00fcgef\u00fchrte Bedienung<\/li>\n<li class=\"list-group-item\">Folie Tastatur<\/li>\n<li class=\"list-group-item\">Genaue Kontrolle f\u00fcr C-Niveau und Temperatur<\/li>\n<li class=\"list-group-item\">\u00dcberwachung des Ru\u00dfgrenzwertes<\/li>\n<li class=\"list-group-item\">Universelle Anwendung durch den optionalen Anschluss von O2, O2+CO2, CO-Detektoren und zwei Thermoelementen (Typ S oder K)<\/li>\n<li class=\"list-group-item\">\u00dcberwachung der O2-Sonde (\u00dcberpr\u00fcfung von Ri und EMF, Sp\u00fclung)<\/li>\n<\/ul>\n<\/div>\n<\/div>\n<\/div>\n<\/div>\n<\/div>\n<div id=\"pgc-2940-2-1\" class=\"panel-grid-cell\">\n<div id=\"panel-2940-2-1-0\" class=\"so-panel widget widget_sow-editor panel-first-child panel-last-child\" data-index=\"4\">\n<div class=\"panel-widget-style panel-widget-style-for-2940-2-1-0\">\n<div class=\"so-widget-sow-editor so-widget-sow-editor-base\">\n<div class=\"siteorigin-widget-tinymce textwidget\">\n<ul class=\"list-group\">\n<li class=\"list-group-item\">Gleichzeitige Messung mit zwei Sonden f\u00fcr die Super-Version<\/li>\n<li class=\"list-group-item\">Automatischer Wechsel zur Ersatzsonde<\/li>\n<li class=\"list-group-item\">Programmspeicher mit 99 Sollwertprogrammen f\u00fcr C-Niveau und Temperatur<\/li>\n<li class=\"list-group-item\">Analoger Ausgang, z.B. f\u00fcr den Anschluss eines Recorders<\/li>\n<li class=\"list-group-item\">C-Pegel-Korrektur (z.B. mit Hilfe von Folienexemplaren)<\/li>\n<li class=\"list-group-item\">Optionen: &#8211; Serielle Schnittstelle z.B. f\u00fcr Visualisierungssoftware &#8222;CARBOVIS&#8220;<\/li>\n<\/ul>\n<\/div>\n<\/div>\n<\/div>\n<\/div>\n<\/div>\n","protected":false},"featured_media":239138,"comment_status":"open","ping_status":"closed","template":"","meta":{"_acf_changed":false,"content-type":""},"product_brand":[],"product_cat":[143],"product_tag":[],"class_list":{"0":"post-243005","1":"product","2":"type-product","3":"status-publish","4":"has-post-thumbnail","6":"product_cat-steuerungen","8":"first","9":"instock","10":"shipping-taxable","11":"product-type-simple"},"acf":[],"yoast_head":"<!-- This site is optimized with the Yoast SEO plugin v27.3 - https:\/\/yoast.com\/product\/yoast-seo-wordpress\/ -->\n<title>C NIVEAU- UND TEMPERATURREGLER TYP: CARBO-M - www.mesa-international.de<\/title>\n<meta name=\"robots\" content=\"index, follow, max-snippet:-1, max-image-preview:large, max-video-preview:-1\" \/>\n<link rel=\"canonical\" href=\"https:\/\/mesa-international.de\/de\/product\/c-niveau-und-temperaturregler-typ-carbo-m\/\" \/>\n<meta property=\"og:locale\" content=\"de_DE\" \/>\n<meta property=\"og:type\" content=\"article\" \/>\n<meta property=\"og:title\" content=\"C NIVEAU- UND TEMPERATURREGLER TYP: CARBO-M - www.mesa-international.de\" \/>\n<meta property=\"og:description\" content=\"Men\u00fcgef\u00fchrte Bedienung  Folie Tastatur  Genaue Kontrolle f\u00fcr C-Niveau und Temperatur  \u00dcberwachung des Ru\u00dfgrenzwertes  Universelle Anwendung durch den optionalen Anschluss von O2, O2+CO2, CO-Detektoren und zwei Thermoelementen (Typ S oder K)  \u00dcberwachung der O2-Sonde (\u00dcberpr\u00fcfung von Ri und EMF, Sp\u00fclung)        Gleichzeitige Messung mit zwei Sonden f\u00fcr die Super-Version  Automatischer Wechsel zur Ersatzsonde  Programmspeicher mit 99 Sollwertprogrammen f\u00fcr C-Niveau und Temperatur  Analoger Ausgang, z.B. f\u00fcr den Anschluss eines Recorders  C-Pegel-Korrektur (z.B. mit Hilfe von Folienexemplaren)  Optionen: - Serielle Schnittstelle z.B. f\u00fcr Visualisierungssoftware &quot;CARBOVIS&quot;\" \/>\n<meta property=\"og:url\" content=\"https:\/\/mesa-international.de\/de\/product\/c-niveau-und-temperaturregler-typ-carbo-m\/\" \/>\n<meta property=\"og:site_name\" content=\"www.mesa-international.de\" \/>\n<meta property=\"article:modified_time\" content=\"2024-10-01T12:08:58+00:00\" \/>\n<meta property=\"og:image\" content=\"https:\/\/mesa-international.de\/wp-content\/uploads\/2020\/12\/carbo-m-1-5.png\" \/>\n\t<meta property=\"og:image:width\" content=\"600\" \/>\n\t<meta property=\"og:image:height\" content=\"600\" \/>\n\t<meta property=\"og:image:type\" content=\"image\/png\" \/>\n<meta name=\"twitter:card\" content=\"summary_large_image\" \/>\n<meta name=\"twitter:label1\" content=\"Gesch\u00e4tzte Lesezeit\" \/>\n\t<meta name=\"twitter:data1\" content=\"1\u00a0Minute\" \/>\n<script type=\"application\/ld+json\" class=\"yoast-schema-graph\">{\"@context\":\"https:\\\/\\\/schema.org\",\"@graph\":[{\"@type\":\"WebPage\",\"@id\":\"https:\\\/\\\/mesa-international.de\\\/de\\\/product\\\/c-niveau-und-temperaturregler-typ-carbo-m\\\/\",\"url\":\"https:\\\/\\\/mesa-international.de\\\/de\\\/product\\\/c-niveau-und-temperaturregler-typ-carbo-m\\\/\",\"name\":\"C NIVEAU- UND TEMPERATURREGLER TYP: CARBO-M - www.mesa-international.de\",\"isPartOf\":{\"@id\":\"https:\\\/\\\/mesa-international.de\\\/de\\\/#website\"},\"primaryImageOfPage\":{\"@id\":\"https:\\\/\\\/mesa-international.de\\\/de\\\/product\\\/c-niveau-und-temperaturregler-typ-carbo-m\\\/#primaryimage\"},\"image\":{\"@id\":\"https:\\\/\\\/mesa-international.de\\\/de\\\/product\\\/c-niveau-und-temperaturregler-typ-carbo-m\\\/#primaryimage\"},\"thumbnailUrl\":\"https:\\\/\\\/mesa-international.de\\\/wp-content\\\/uploads\\\/2020\\\/12\\\/carbo-m-1-5.png\",\"datePublished\":\"2024-06-29T11:48:40+00:00\",\"dateModified\":\"2024-10-01T12:08:58+00:00\",\"breadcrumb\":{\"@id\":\"https:\\\/\\\/mesa-international.de\\\/de\\\/product\\\/c-niveau-und-temperaturregler-typ-carbo-m\\\/#breadcrumb\"},\"inLanguage\":\"de\",\"potentialAction\":[{\"@type\":\"ReadAction\",\"target\":[\"https:\\\/\\\/mesa-international.de\\\/de\\\/product\\\/c-niveau-und-temperaturregler-typ-carbo-m\\\/\"]}]},{\"@type\":\"ImageObject\",\"inLanguage\":\"de\",\"@id\":\"https:\\\/\\\/mesa-international.de\\\/de\\\/product\\\/c-niveau-und-temperaturregler-typ-carbo-m\\\/#primaryimage\",\"url\":\"https:\\\/\\\/mesa-international.de\\\/wp-content\\\/uploads\\\/2020\\\/12\\\/carbo-m-1-5.png\",\"contentUrl\":\"https:\\\/\\\/mesa-international.de\\\/wp-content\\\/uploads\\\/2020\\\/12\\\/carbo-m-1-5.png\",\"width\":600,\"height\":600,\"caption\":\"The Carbo-M is a dual-channel measuring and control system for C level calculation and C level and temperature control in the furnace atmosphere of heat treatment plants.\"},{\"@type\":\"BreadcrumbList\",\"@id\":\"https:\\\/\\\/mesa-international.de\\\/de\\\/product\\\/c-niveau-und-temperaturregler-typ-carbo-m\\\/#breadcrumb\",\"itemListElement\":[{\"@type\":\"ListItem\",\"position\":1,\"name\":\"Shop\",\"item\":\"https:\\\/\\\/mesa-international.de\\\/de\\\/shop\\\/\"},{\"@type\":\"ListItem\",\"position\":2,\"name\":\"C NIVEAU- UND TEMPERATURREGLER TYP: CARBO-M\"}]},{\"@type\":\"WebSite\",\"@id\":\"https:\\\/\\\/mesa-international.de\\\/de\\\/#website\",\"url\":\"https:\\\/\\\/mesa-international.de\\\/de\\\/\",\"name\":\"www.mesa-international.de\",\"description\":\"Mesa Electronics Gmbh\",\"publisher\":{\"@id\":\"https:\\\/\\\/mesa-international.de\\\/de\\\/#organization\"},\"potentialAction\":[{\"@type\":\"SearchAction\",\"target\":{\"@type\":\"EntryPoint\",\"urlTemplate\":\"https:\\\/\\\/mesa-international.de\\\/de\\\/?s={search_term_string}\"},\"query-input\":{\"@type\":\"PropertyValueSpecification\",\"valueRequired\":true,\"valueName\":\"search_term_string\"}}],\"inLanguage\":\"de\"},{\"@type\":\"Organization\",\"@id\":\"https:\\\/\\\/mesa-international.de\\\/de\\\/#organization\",\"name\":\"www.mesa-international.de\",\"url\":\"https:\\\/\\\/mesa-international.de\\\/de\\\/\",\"logo\":{\"@type\":\"ImageObject\",\"inLanguage\":\"de\",\"@id\":\"https:\\\/\\\/mesa-international.de\\\/de\\\/#\\\/schema\\\/logo\\\/image\\\/\",\"url\":\"https:\\\/\\\/mesa-international.de\\\/wp-content\\\/uploads\\\/2022\\\/11\\\/sadsaca.png\",\"contentUrl\":\"https:\\\/\\\/mesa-international.de\\\/wp-content\\\/uploads\\\/2022\\\/11\\\/sadsaca.png\",\"width\":173,\"height\":107,\"caption\":\"www.mesa-international.de\"},\"image\":{\"@id\":\"https:\\\/\\\/mesa-international.de\\\/de\\\/#\\\/schema\\\/logo\\\/image\\\/\"},\"sameAs\":[\"https:\\\/\\\/www.linkedin.com\\\/company\\\/mesa-electronic-gmbh\\\/\"]}]}<\/script>\n<!-- \/ Yoast SEO plugin. -->","yoast_head_json":{"title":"C NIVEAU- UND TEMPERATURREGLER TYP: CARBO-M - www.mesa-international.de","robots":{"index":"index","follow":"follow","max-snippet":"max-snippet:-1","max-image-preview":"max-image-preview:large","max-video-preview":"max-video-preview:-1"},"canonical":"https:\/\/mesa-international.de\/de\/product\/c-niveau-und-temperaturregler-typ-carbo-m\/","og_locale":"de_DE","og_type":"article","og_title":"C NIVEAU- UND TEMPERATURREGLER TYP: CARBO-M - www.mesa-international.de","og_description":"Men\u00fcgef\u00fchrte Bedienung  Folie Tastatur  Genaue Kontrolle f\u00fcr C-Niveau und Temperatur  \u00dcberwachung des Ru\u00dfgrenzwertes  Universelle Anwendung durch den optionalen Anschluss von O2, O2+CO2, CO-Detektoren und zwei Thermoelementen (Typ S oder K)  \u00dcberwachung der O2-Sonde (\u00dcberpr\u00fcfung von Ri und EMF, Sp\u00fclung)        Gleichzeitige Messung mit zwei Sonden f\u00fcr die Super-Version  Automatischer Wechsel zur Ersatzsonde  Programmspeicher mit 99 Sollwertprogrammen f\u00fcr C-Niveau und Temperatur  Analoger Ausgang, z.B. f\u00fcr den Anschluss eines Recorders  C-Pegel-Korrektur (z.B. mit Hilfe von Folienexemplaren)  Optionen: - Serielle Schnittstelle z.B. f\u00fcr Visualisierungssoftware \"CARBOVIS\"","og_url":"https:\/\/mesa-international.de\/de\/product\/c-niveau-und-temperaturregler-typ-carbo-m\/","og_site_name":"www.mesa-international.de","article_modified_time":"2024-10-01T12:08:58+00:00","og_image":[{"width":600,"height":600,"url":"https:\/\/mesa-international.de\/wp-content\/uploads\/2020\/12\/carbo-m-1-5.png","type":"image\/png"}],"twitter_card":"summary_large_image","twitter_misc":{"Gesch\u00e4tzte Lesezeit":"1\u00a0Minute"},"schema":{"@context":"https:\/\/schema.org","@graph":[{"@type":"WebPage","@id":"https:\/\/mesa-international.de\/de\/product\/c-niveau-und-temperaturregler-typ-carbo-m\/","url":"https:\/\/mesa-international.de\/de\/product\/c-niveau-und-temperaturregler-typ-carbo-m\/","name":"C NIVEAU- UND TEMPERATURREGLER TYP: CARBO-M - www.mesa-international.de","isPartOf":{"@id":"https:\/\/mesa-international.de\/de\/#website"},"primaryImageOfPage":{"@id":"https:\/\/mesa-international.de\/de\/product\/c-niveau-und-temperaturregler-typ-carbo-m\/#primaryimage"},"image":{"@id":"https:\/\/mesa-international.de\/de\/product\/c-niveau-und-temperaturregler-typ-carbo-m\/#primaryimage"},"thumbnailUrl":"https:\/\/mesa-international.de\/wp-content\/uploads\/2020\/12\/carbo-m-1-5.png","datePublished":"2024-06-29T11:48:40+00:00","dateModified":"2024-10-01T12:08:58+00:00","breadcrumb":{"@id":"https:\/\/mesa-international.de\/de\/product\/c-niveau-und-temperaturregler-typ-carbo-m\/#breadcrumb"},"inLanguage":"de","potentialAction":[{"@type":"ReadAction","target":["https:\/\/mesa-international.de\/de\/product\/c-niveau-und-temperaturregler-typ-carbo-m\/"]}]},{"@type":"ImageObject","inLanguage":"de","@id":"https:\/\/mesa-international.de\/de\/product\/c-niveau-und-temperaturregler-typ-carbo-m\/#primaryimage","url":"https:\/\/mesa-international.de\/wp-content\/uploads\/2020\/12\/carbo-m-1-5.png","contentUrl":"https:\/\/mesa-international.de\/wp-content\/uploads\/2020\/12\/carbo-m-1-5.png","width":600,"height":600,"caption":"The Carbo-M is a dual-channel measuring and control system for C level calculation and C level and temperature control in the furnace atmosphere of heat treatment plants."},{"@type":"BreadcrumbList","@id":"https:\/\/mesa-international.de\/de\/product\/c-niveau-und-temperaturregler-typ-carbo-m\/#breadcrumb","itemListElement":[{"@type":"ListItem","position":1,"name":"Shop","item":"https:\/\/mesa-international.de\/de\/shop\/"},{"@type":"ListItem","position":2,"name":"C NIVEAU- UND TEMPERATURREGLER TYP: CARBO-M"}]},{"@type":"WebSite","@id":"https:\/\/mesa-international.de\/de\/#website","url":"https:\/\/mesa-international.de\/de\/","name":"www.mesa-international.de","description":"Mesa Electronics Gmbh","publisher":{"@id":"https:\/\/mesa-international.de\/de\/#organization"},"potentialAction":[{"@type":"SearchAction","target":{"@type":"EntryPoint","urlTemplate":"https:\/\/mesa-international.de\/de\/?s={search_term_string}"},"query-input":{"@type":"PropertyValueSpecification","valueRequired":true,"valueName":"search_term_string"}}],"inLanguage":"de"},{"@type":"Organization","@id":"https:\/\/mesa-international.de\/de\/#organization","name":"www.mesa-international.de","url":"https:\/\/mesa-international.de\/de\/","logo":{"@type":"ImageObject","inLanguage":"de","@id":"https:\/\/mesa-international.de\/de\/#\/schema\/logo\/image\/","url":"https:\/\/mesa-international.de\/wp-content\/uploads\/2022\/11\/sadsaca.png","contentUrl":"https:\/\/mesa-international.de\/wp-content\/uploads\/2022\/11\/sadsaca.png","width":173,"height":107,"caption":"www.mesa-international.de"},"image":{"@id":"https:\/\/mesa-international.de\/de\/#\/schema\/logo\/image\/"},"sameAs":["https:\/\/www.linkedin.com\/company\/mesa-electronic-gmbh\/"]}]}},"_links":{"self":[{"href":"https:\/\/mesa-international.de\/de\/wp-json\/wp\/v2\/product\/243005","targetHints":{"allow":["GET"]}}],"collection":[{"href":"https:\/\/mesa-international.de\/de\/wp-json\/wp\/v2\/product"}],"about":[{"href":"https:\/\/mesa-international.de\/de\/wp-json\/wp\/v2\/types\/product"}],"replies":[{"embeddable":true,"href":"https:\/\/mesa-international.de\/de\/wp-json\/wp\/v2\/comments?post=243005"}],"wp:featuredmedia":[{"embeddable":true,"href":"https:\/\/mesa-international.de\/de\/wp-json\/wp\/v2\/media\/239138"}],"wp:attachment":[{"href":"https:\/\/mesa-international.de\/de\/wp-json\/wp\/v2\/media?parent=243005"}],"wp:term":[{"taxonomy":"product_brand","embeddable":true,"href":"https:\/\/mesa-international.de\/de\/wp-json\/wp\/v2\/product_brand?post=243005"},{"taxonomy":"product_cat","embeddable":true,"href":"https:\/\/mesa-international.de\/de\/wp-json\/wp\/v2\/product_cat?post=243005"},{"taxonomy":"product_tag","embeddable":true,"href":"https:\/\/mesa-international.de\/de\/wp-json\/wp\/v2\/product_tag?post=243005"}],"curies":[{"name":"wp","href":"https:\/\/api.w.org\/{rel}","templated":true}]}}