{"id":243001,"date":"2024-06-30T13:28:52","date_gmt":"2024-06-30T12:28:52","guid":{"rendered":"https:\/\/mesa-international.de\/product\/luftversorgungseinheit-lv-2\/"},"modified":"2024-10-01T13:04:28","modified_gmt":"2024-10-01T12:04:28","slug":"luftversorgungseinheit-lv-2","status":"publish","type":"product","link":"https:\/\/mesa-international.de\/de\/product\/luftversorgungseinheit-lv-2\/","title":{"rendered":"LUFTVERSORGUNGSEINHEIT LV 2"},"content":{"rendered":"<p>Die Luftversorgungseinheit LV2 dient der konstanten Versorgung von handels\u00fcblichen Sauerstoffsonden mit Referenzluft.<br \/>\nEine definierte Menge gefilterter Au\u00dfenluft wird in das Innere des Zirkoniumoxidrohrs gepresst.<br \/>\nDer geringe \u00dcberdruck verhindert, dass die Ofenatmosph\u00e4re in das Innere des Zirkoniumoxidrohrs eindringt.<br \/>\nDie Menge der Referenzluft sollte nicht zu gro\u00df gew\u00e4hlt werden, da sonst das eingebaute Thermoelement unn\u00f6tig gek\u00fchlt wird.<br \/>\nSauerstoffsonden mit einem durchgehenden Zirkoniumoxidrohr (MESA-Sauerstoffsonden) ben\u00f6tigen in der Regel fast keine Referenzluft, so dass es bei diesen Sonden zu keiner nennenswerten Verf\u00e4lschung der Temperaturmessung kommt.<br \/>\nZus\u00e4tzlich zur Referenzluft bietet das LV2 auch einen Luftauslass f\u00fcr die Sondensp\u00fclung.<br \/>\nDieser von au\u00dfen steuerbare Luftauslass dient dazu, den Raum zwischen dem Schutzrohr und dem Zirkonoxidrohr zu sp\u00fclen.<br \/>\nDiese Funktion wird von modernen C-Pe-Reglern (Carbomat-M) in regelm\u00e4\u00dfigen Abst\u00e4nden automatisch ausgel\u00f6st.<br \/>\nDer Zweck dieser Funktion ist es, Ru\u00dfpartikel und andere Verschmutzungen durch Verbrennen und Sp\u00fclen zu entfernen.        <\/p>\n","protected":false},"excerpt":{"rendered":"<p>Die Luftversorgungseinheit LV2 dient der konstanten Versorgung von handels\u00fcblichen Sauerstoffsonden mit Referenzluft. Eine definierte Menge gefilterter Au\u00dfenluft wird in das Innere des Zirkoniumoxidrohrs gepresst. Der geringe \u00dcberdruck verhindert, dass die Ofenatmosph\u00e4re in das Innere des Zirkoniumoxidrohrs eindringt. Die Menge der Referenzluft sollte nicht zu gro\u00df gew\u00e4hlt werden, da sonst das [&hellip;]<\/p>\n","protected":false},"featured_media":239413,"comment_status":"open","ping_status":"closed","template":"","meta":{"_acf_changed":false,"content-type":""},"product_brand":[],"product_cat":[140],"product_tag":[],"class_list":{"0":"post-243001","1":"product","2":"type-product","3":"status-publish","4":"has-post-thumbnail","6":"product_cat-versorgungseinheiten","8":"first","9":"instock","10":"shipping-taxable","11":"product-type-simple"},"acf":[],"yoast_head":"<!-- This site is optimized with the Yoast SEO plugin v27.4 - https:\/\/yoast.com\/product\/yoast-seo-wordpress\/ -->\n<title>LUFTVERSORGUNGSEINHEIT LV 2 - www.mesa-international.de<\/title>\n<meta name=\"robots\" content=\"index, follow, max-snippet:-1, max-image-preview:large, max-video-preview:-1\" \/>\n<link rel=\"canonical\" href=\"https:\/\/mesa-international.de\/de\/product\/luftversorgungseinheit-lv-2\/\" \/>\n<meta property=\"og:locale\" content=\"de_DE\" \/>\n<meta property=\"og:type\" content=\"article\" \/>\n<meta property=\"og:title\" content=\"LUFTVERSORGUNGSEINHEIT LV 2 - www.mesa-international.de\" \/>\n<meta property=\"og:description\" content=\"Die Luftversorgungseinheit LV2 dient der konstanten Versorgung von handels\u00fcblichen Sauerstoffsonden mit Referenzluft. Eine definierte Menge gefilterter Au\u00dfenluft wird in das Innere des Zirkoniumoxidrohrs gepresst. Der geringe \u00dcberdruck verhindert, dass die Ofenatmosph\u00e4re in das Innere des Zirkoniumoxidrohrs eindringt. Die Menge der Referenzluft sollte nicht zu gro\u00df gew\u00e4hlt werden, da sonst das [&hellip;]\" \/>\n<meta property=\"og:url\" content=\"https:\/\/mesa-international.de\/de\/product\/luftversorgungseinheit-lv-2\/\" \/>\n<meta property=\"og:site_name\" content=\"www.mesa-international.de\" \/>\n<meta property=\"article:modified_time\" content=\"2024-10-01T12:04:28+00:00\" \/>\n<meta property=\"og:image\" content=\"https:\/\/mesa-international.de\/wp-content\/uploads\/2021\/01\/LV2-6.png\" \/>\n\t<meta property=\"og:image:width\" content=\"600\" \/>\n\t<meta property=\"og:image:height\" content=\"600\" \/>\n\t<meta property=\"og:image:type\" content=\"image\/png\" \/>\n<meta name=\"twitter:card\" content=\"summary_large_image\" \/>\n<meta name=\"twitter:label1\" content=\"Gesch\u00e4tzte Lesezeit\" \/>\n\t<meta name=\"twitter:data1\" content=\"1\u00a0Minute\" \/>\n<script type=\"application\/ld+json\" class=\"yoast-schema-graph\">{\"@context\":\"https:\\\/\\\/schema.org\",\"@graph\":[{\"@type\":\"WebPage\",\"@id\":\"https:\\\/\\\/mesa-international.de\\\/de\\\/product\\\/luftversorgungseinheit-lv-2\\\/\",\"url\":\"https:\\\/\\\/mesa-international.de\\\/de\\\/product\\\/luftversorgungseinheit-lv-2\\\/\",\"name\":\"LUFTVERSORGUNGSEINHEIT LV 2 - www.mesa-international.de\",\"isPartOf\":{\"@id\":\"https:\\\/\\\/mesa-international.de\\\/de\\\/#website\"},\"primaryImageOfPage\":{\"@id\":\"https:\\\/\\\/mesa-international.de\\\/de\\\/product\\\/luftversorgungseinheit-lv-2\\\/#primaryimage\"},\"image\":{\"@id\":\"https:\\\/\\\/mesa-international.de\\\/de\\\/product\\\/luftversorgungseinheit-lv-2\\\/#primaryimage\"},\"thumbnailUrl\":\"https:\\\/\\\/mesa-international.de\\\/wp-content\\\/uploads\\\/2021\\\/01\\\/LV2-6.png\",\"datePublished\":\"2024-06-30T12:28:52+00:00\",\"dateModified\":\"2024-10-01T12:04:28+00:00\",\"breadcrumb\":{\"@id\":\"https:\\\/\\\/mesa-international.de\\\/de\\\/product\\\/luftversorgungseinheit-lv-2\\\/#breadcrumb\"},\"inLanguage\":\"de\",\"potentialAction\":[{\"@type\":\"ReadAction\",\"target\":[\"https:\\\/\\\/mesa-international.de\\\/de\\\/product\\\/luftversorgungseinheit-lv-2\\\/\"]}]},{\"@type\":\"ImageObject\",\"inLanguage\":\"de\",\"@id\":\"https:\\\/\\\/mesa-international.de\\\/de\\\/product\\\/luftversorgungseinheit-lv-2\\\/#primaryimage\",\"url\":\"https:\\\/\\\/mesa-international.de\\\/wp-content\\\/uploads\\\/2021\\\/01\\\/LV2-6.png\",\"contentUrl\":\"https:\\\/\\\/mesa-international.de\\\/wp-content\\\/uploads\\\/2021\\\/01\\\/LV2-6.png\",\"width\":600,\"height\":600,\"caption\":\"The air supply unit LV2 is used for the constant supply of commercially available oxygen probes with reference air.\"},{\"@type\":\"BreadcrumbList\",\"@id\":\"https:\\\/\\\/mesa-international.de\\\/de\\\/product\\\/luftversorgungseinheit-lv-2\\\/#breadcrumb\",\"itemListElement\":[{\"@type\":\"ListItem\",\"position\":1,\"name\":\"Shop\",\"item\":\"https:\\\/\\\/mesa-international.de\\\/de\\\/shop\\\/\"},{\"@type\":\"ListItem\",\"position\":2,\"name\":\"LUFTVERSORGUNGSEINHEIT LV 2\"}]},{\"@type\":\"WebSite\",\"@id\":\"https:\\\/\\\/mesa-international.de\\\/de\\\/#website\",\"url\":\"https:\\\/\\\/mesa-international.de\\\/de\\\/\",\"name\":\"www.mesa-international.de\",\"description\":\"Mesa Electronics Gmbh\",\"publisher\":{\"@id\":\"https:\\\/\\\/mesa-international.de\\\/de\\\/#organization\"},\"potentialAction\":[{\"@type\":\"SearchAction\",\"target\":{\"@type\":\"EntryPoint\",\"urlTemplate\":\"https:\\\/\\\/mesa-international.de\\\/de\\\/?s={search_term_string}\"},\"query-input\":{\"@type\":\"PropertyValueSpecification\",\"valueRequired\":true,\"valueName\":\"search_term_string\"}}],\"inLanguage\":\"de\"},{\"@type\":\"Organization\",\"@id\":\"https:\\\/\\\/mesa-international.de\\\/de\\\/#organization\",\"name\":\"www.mesa-international.de\",\"url\":\"https:\\\/\\\/mesa-international.de\\\/de\\\/\",\"logo\":{\"@type\":\"ImageObject\",\"inLanguage\":\"de\",\"@id\":\"https:\\\/\\\/mesa-international.de\\\/de\\\/#\\\/schema\\\/logo\\\/image\\\/\",\"url\":\"https:\\\/\\\/mesa-international.de\\\/wp-content\\\/uploads\\\/2022\\\/11\\\/sadsaca.png\",\"contentUrl\":\"https:\\\/\\\/mesa-international.de\\\/wp-content\\\/uploads\\\/2022\\\/11\\\/sadsaca.png\",\"width\":173,\"height\":107,\"caption\":\"www.mesa-international.de\"},\"image\":{\"@id\":\"https:\\\/\\\/mesa-international.de\\\/de\\\/#\\\/schema\\\/logo\\\/image\\\/\"},\"sameAs\":[\"https:\\\/\\\/www.linkedin.com\\\/company\\\/mesa-electronic-gmbh\\\/\"]}]}<\/script>\n<!-- \/ Yoast SEO plugin. -->","yoast_head_json":{"title":"LUFTVERSORGUNGSEINHEIT LV 2 - www.mesa-international.de","robots":{"index":"index","follow":"follow","max-snippet":"max-snippet:-1","max-image-preview":"max-image-preview:large","max-video-preview":"max-video-preview:-1"},"canonical":"https:\/\/mesa-international.de\/de\/product\/luftversorgungseinheit-lv-2\/","og_locale":"de_DE","og_type":"article","og_title":"LUFTVERSORGUNGSEINHEIT LV 2 - www.mesa-international.de","og_description":"Die Luftversorgungseinheit LV2 dient der konstanten Versorgung von handels\u00fcblichen Sauerstoffsonden mit Referenzluft. Eine definierte Menge gefilterter Au\u00dfenluft wird in das Innere des Zirkoniumoxidrohrs gepresst. Der geringe \u00dcberdruck verhindert, dass die Ofenatmosph\u00e4re in das Innere des Zirkoniumoxidrohrs eindringt. Die Menge der Referenzluft sollte nicht zu gro\u00df gew\u00e4hlt werden, da sonst das [&hellip;]","og_url":"https:\/\/mesa-international.de\/de\/product\/luftversorgungseinheit-lv-2\/","og_site_name":"www.mesa-international.de","article_modified_time":"2024-10-01T12:04:28+00:00","og_image":[{"width":600,"height":600,"url":"https:\/\/mesa-international.de\/wp-content\/uploads\/2021\/01\/LV2-6.png","type":"image\/png"}],"twitter_card":"summary_large_image","twitter_misc":{"Gesch\u00e4tzte Lesezeit":"1\u00a0Minute"},"schema":{"@context":"https:\/\/schema.org","@graph":[{"@type":"WebPage","@id":"https:\/\/mesa-international.de\/de\/product\/luftversorgungseinheit-lv-2\/","url":"https:\/\/mesa-international.de\/de\/product\/luftversorgungseinheit-lv-2\/","name":"LUFTVERSORGUNGSEINHEIT LV 2 - www.mesa-international.de","isPartOf":{"@id":"https:\/\/mesa-international.de\/de\/#website"},"primaryImageOfPage":{"@id":"https:\/\/mesa-international.de\/de\/product\/luftversorgungseinheit-lv-2\/#primaryimage"},"image":{"@id":"https:\/\/mesa-international.de\/de\/product\/luftversorgungseinheit-lv-2\/#primaryimage"},"thumbnailUrl":"https:\/\/mesa-international.de\/wp-content\/uploads\/2021\/01\/LV2-6.png","datePublished":"2024-06-30T12:28:52+00:00","dateModified":"2024-10-01T12:04:28+00:00","breadcrumb":{"@id":"https:\/\/mesa-international.de\/de\/product\/luftversorgungseinheit-lv-2\/#breadcrumb"},"inLanguage":"de","potentialAction":[{"@type":"ReadAction","target":["https:\/\/mesa-international.de\/de\/product\/luftversorgungseinheit-lv-2\/"]}]},{"@type":"ImageObject","inLanguage":"de","@id":"https:\/\/mesa-international.de\/de\/product\/luftversorgungseinheit-lv-2\/#primaryimage","url":"https:\/\/mesa-international.de\/wp-content\/uploads\/2021\/01\/LV2-6.png","contentUrl":"https:\/\/mesa-international.de\/wp-content\/uploads\/2021\/01\/LV2-6.png","width":600,"height":600,"caption":"The air supply unit LV2 is used for the constant supply of commercially available oxygen probes with reference air."},{"@type":"BreadcrumbList","@id":"https:\/\/mesa-international.de\/de\/product\/luftversorgungseinheit-lv-2\/#breadcrumb","itemListElement":[{"@type":"ListItem","position":1,"name":"Shop","item":"https:\/\/mesa-international.de\/de\/shop\/"},{"@type":"ListItem","position":2,"name":"LUFTVERSORGUNGSEINHEIT LV 2"}]},{"@type":"WebSite","@id":"https:\/\/mesa-international.de\/de\/#website","url":"https:\/\/mesa-international.de\/de\/","name":"www.mesa-international.de","description":"Mesa Electronics Gmbh","publisher":{"@id":"https:\/\/mesa-international.de\/de\/#organization"},"potentialAction":[{"@type":"SearchAction","target":{"@type":"EntryPoint","urlTemplate":"https:\/\/mesa-international.de\/de\/?s={search_term_string}"},"query-input":{"@type":"PropertyValueSpecification","valueRequired":true,"valueName":"search_term_string"}}],"inLanguage":"de"},{"@type":"Organization","@id":"https:\/\/mesa-international.de\/de\/#organization","name":"www.mesa-international.de","url":"https:\/\/mesa-international.de\/de\/","logo":{"@type":"ImageObject","inLanguage":"de","@id":"https:\/\/mesa-international.de\/de\/#\/schema\/logo\/image\/","url":"https:\/\/mesa-international.de\/wp-content\/uploads\/2022\/11\/sadsaca.png","contentUrl":"https:\/\/mesa-international.de\/wp-content\/uploads\/2022\/11\/sadsaca.png","width":173,"height":107,"caption":"www.mesa-international.de"},"image":{"@id":"https:\/\/mesa-international.de\/de\/#\/schema\/logo\/image\/"},"sameAs":["https:\/\/www.linkedin.com\/company\/mesa-electronic-gmbh\/"]}]}},"_links":{"self":[{"href":"https:\/\/mesa-international.de\/de\/wp-json\/wp\/v2\/product\/243001","targetHints":{"allow":["GET"]}}],"collection":[{"href":"https:\/\/mesa-international.de\/de\/wp-json\/wp\/v2\/product"}],"about":[{"href":"https:\/\/mesa-international.de\/de\/wp-json\/wp\/v2\/types\/product"}],"replies":[{"embeddable":true,"href":"https:\/\/mesa-international.de\/de\/wp-json\/wp\/v2\/comments?post=243001"}],"wp:featuredmedia":[{"embeddable":true,"href":"https:\/\/mesa-international.de\/de\/wp-json\/wp\/v2\/media\/239413"}],"wp:attachment":[{"href":"https:\/\/mesa-international.de\/de\/wp-json\/wp\/v2\/media?parent=243001"}],"wp:term":[{"taxonomy":"product_brand","embeddable":true,"href":"https:\/\/mesa-international.de\/de\/wp-json\/wp\/v2\/product_brand?post=243001"},{"taxonomy":"product_cat","embeddable":true,"href":"https:\/\/mesa-international.de\/de\/wp-json\/wp\/v2\/product_cat?post=243001"},{"taxonomy":"product_tag","embeddable":true,"href":"https:\/\/mesa-international.de\/de\/wp-json\/wp\/v2\/product_tag?post=243001"}],"curies":[{"name":"wp","href":"https:\/\/api.w.org\/{rel}","templated":true}]}}