{"id":242997,"date":"2024-07-21T11:39:50","date_gmt":"2024-07-21T10:39:50","guid":{"rendered":"https:\/\/mesa-international.de\/product\/gea-mk2-1-l-sonde-mit-thermoelement\/"},"modified":"2024-10-01T13:04:30","modified_gmt":"2024-10-01T12:04:30","slug":"gea-mk2-1-l-sonde-mit-thermoelement","status":"publish","type":"product","link":"https:\/\/mesa-international.de\/de\/product\/gea-mk2-1-l-sonde-mit-thermoelement\/","title":{"rendered":"GEA- MK2.1- L-SONDE MIT THERMOELEMENT"},"content":{"rendered":"<p>Die Sonde misst den Restsauerstoffgehalt in einer Messkammer am Ende der Messgasarmatur. Das Sondensignal kann als Spannung abgegriffen werden. Die Sonde wird mit einer konstanten Spannung beheizt. Zur Versorgung der Heizung d\u00fcrfen nur von MESA zugelassene Netzteile verwendet werden. Die Gasmenge, die an der Sonde vorbeistr\u00f6mt, sollte in einem Bereich von 20&#8230;50 l\/h liegen. Eine zu gro\u00dfe Gasmenge kann die sehr konstante Sondentemperatur ver\u00e4ndern, was zu einer Verf\u00e4lschung des Messwerts f\u00fchrt. Jede Sonde enth\u00e4lt zwei Konstanten (K1 und K2). Diese Konstanten m\u00fcssen in den Messger\u00e4ten (z.B. intelligenter Messumformer Carbo47, Carbomat-M, MCON Carbo) eingegeben werden, da es sonst zu Messfehlern kommen kann.<\/p>\n","protected":false},"excerpt":{"rendered":"<ul>\n<li>Sauerstoffmessung in Gasatmosph\u00e4ren<\/li>\n<li>einfache Gasentnahme<\/li>\n<li>Kosteng\u00fcnstig<\/li>\n<li>Zuverl\u00e4ssig<\/li>\n<li>Unempfindlich gegen\u00fcber Temperatur<\/li>\n<li>Unempfindlich gegen Vibrationen<\/li>\n<li>Leicht austauschbar<\/li>\n<li>Anpassungen an die Bed\u00fcrfnisse der Kunden<\/li>\n<\/ul>\n","protected":false},"featured_media":239394,"comment_status":"open","ping_status":"closed","template":"","meta":{"_acf_changed":false,"content-type":""},"product_brand":[],"product_cat":[138],"product_tag":[],"class_list":{"0":"post-242997","1":"product","2":"type-product","3":"status-publish","4":"has-post-thumbnail","6":"product_cat-sonde-sensoren","8":"first","9":"instock","10":"shipping-taxable","11":"product-type-simple"},"acf":[],"yoast_head":"<!-- This site is optimized with the Yoast SEO plugin v27.4 - https:\/\/yoast.com\/product\/yoast-seo-wordpress\/ -->\n<title>GEA- MK2.1- L-SONDE MIT THERMOELEMENT - www.mesa-international.de<\/title>\n<meta name=\"robots\" content=\"index, follow, max-snippet:-1, max-image-preview:large, max-video-preview:-1\" \/>\n<link rel=\"canonical\" href=\"https:\/\/mesa-international.de\/de\/product\/gea-mk2-1-l-sonde-mit-thermoelement\/\" \/>\n<meta property=\"og:locale\" content=\"de_DE\" \/>\n<meta property=\"og:type\" content=\"article\" \/>\n<meta property=\"og:title\" content=\"GEA- MK2.1- L-SONDE MIT THERMOELEMENT - www.mesa-international.de\" \/>\n<meta property=\"og:description\" content=\"Sauerstoffmessung in Gasatmosph\u00e4ren  einfache Gasentnahme  Kosteng\u00fcnstig  Zuverl\u00e4ssig  Unempfindlich gegen\u00fcber Temperatur  Unempfindlich gegen Vibrationen  Leicht austauschbar  Anpassungen an die Bed\u00fcrfnisse der Kunden\" \/>\n<meta property=\"og:url\" content=\"https:\/\/mesa-international.de\/de\/product\/gea-mk2-1-l-sonde-mit-thermoelement\/\" \/>\n<meta property=\"og:site_name\" content=\"www.mesa-international.de\" \/>\n<meta property=\"article:modified_time\" content=\"2024-10-01T12:04:30+00:00\" \/>\n<meta property=\"og:image\" content=\"https:\/\/mesa-international.de\/wp-content\/uploads\/2020\/11\/GEA-with-MK-2-7.png\" \/>\n\t<meta property=\"og:image:width\" content=\"600\" \/>\n\t<meta property=\"og:image:height\" content=\"600\" \/>\n\t<meta property=\"og:image:type\" content=\"image\/png\" \/>\n<meta name=\"twitter:card\" content=\"summary_large_image\" \/>\n<meta name=\"twitter:label1\" content=\"Gesch\u00e4tzte Lesezeit\" \/>\n\t<meta name=\"twitter:data1\" content=\"1\u00a0Minute\" \/>\n<script type=\"application\/ld+json\" class=\"yoast-schema-graph\">{\"@context\":\"https:\\\/\\\/schema.org\",\"@graph\":[{\"@type\":\"WebPage\",\"@id\":\"https:\\\/\\\/mesa-international.de\\\/de\\\/product\\\/gea-mk2-1-l-sonde-mit-thermoelement\\\/\",\"url\":\"https:\\\/\\\/mesa-international.de\\\/de\\\/product\\\/gea-mk2-1-l-sonde-mit-thermoelement\\\/\",\"name\":\"GEA- MK2.1- L-SONDE MIT THERMOELEMENT - www.mesa-international.de\",\"isPartOf\":{\"@id\":\"https:\\\/\\\/mesa-international.de\\\/de\\\/#website\"},\"primaryImageOfPage\":{\"@id\":\"https:\\\/\\\/mesa-international.de\\\/de\\\/product\\\/gea-mk2-1-l-sonde-mit-thermoelement\\\/#primaryimage\"},\"image\":{\"@id\":\"https:\\\/\\\/mesa-international.de\\\/de\\\/product\\\/gea-mk2-1-l-sonde-mit-thermoelement\\\/#primaryimage\"},\"thumbnailUrl\":\"https:\\\/\\\/mesa-international.de\\\/wp-content\\\/uploads\\\/2020\\\/11\\\/GEA-with-MK-2-7.png\",\"datePublished\":\"2024-07-21T10:39:50+00:00\",\"dateModified\":\"2024-10-01T12:04:30+00:00\",\"breadcrumb\":{\"@id\":\"https:\\\/\\\/mesa-international.de\\\/de\\\/product\\\/gea-mk2-1-l-sonde-mit-thermoelement\\\/#breadcrumb\"},\"inLanguage\":\"de\",\"potentialAction\":[{\"@type\":\"ReadAction\",\"target\":[\"https:\\\/\\\/mesa-international.de\\\/de\\\/product\\\/gea-mk2-1-l-sonde-mit-thermoelement\\\/\"]}]},{\"@type\":\"ImageObject\",\"inLanguage\":\"de\",\"@id\":\"https:\\\/\\\/mesa-international.de\\\/de\\\/product\\\/gea-mk2-1-l-sonde-mit-thermoelement\\\/#primaryimage\",\"url\":\"https:\\\/\\\/mesa-international.de\\\/wp-content\\\/uploads\\\/2020\\\/11\\\/GEA-with-MK-2-7.png\",\"contentUrl\":\"https:\\\/\\\/mesa-international.de\\\/wp-content\\\/uploads\\\/2020\\\/11\\\/GEA-with-MK-2-7.png\",\"width\":600,\"height\":600,\"caption\":\"GEA-with-MK-2 L-Probe\"},{\"@type\":\"BreadcrumbList\",\"@id\":\"https:\\\/\\\/mesa-international.de\\\/de\\\/product\\\/gea-mk2-1-l-sonde-mit-thermoelement\\\/#breadcrumb\",\"itemListElement\":[{\"@type\":\"ListItem\",\"position\":1,\"name\":\"Shop\",\"item\":\"https:\\\/\\\/mesa-international.de\\\/de\\\/shop\\\/\"},{\"@type\":\"ListItem\",\"position\":2,\"name\":\"GEA- MK2.1- L-SONDE MIT THERMOELEMENT\"}]},{\"@type\":\"WebSite\",\"@id\":\"https:\\\/\\\/mesa-international.de\\\/de\\\/#website\",\"url\":\"https:\\\/\\\/mesa-international.de\\\/de\\\/\",\"name\":\"www.mesa-international.de\",\"description\":\"Mesa Electronics Gmbh\",\"publisher\":{\"@id\":\"https:\\\/\\\/mesa-international.de\\\/de\\\/#organization\"},\"potentialAction\":[{\"@type\":\"SearchAction\",\"target\":{\"@type\":\"EntryPoint\",\"urlTemplate\":\"https:\\\/\\\/mesa-international.de\\\/de\\\/?s={search_term_string}\"},\"query-input\":{\"@type\":\"PropertyValueSpecification\",\"valueRequired\":true,\"valueName\":\"search_term_string\"}}],\"inLanguage\":\"de\"},{\"@type\":\"Organization\",\"@id\":\"https:\\\/\\\/mesa-international.de\\\/de\\\/#organization\",\"name\":\"www.mesa-international.de\",\"url\":\"https:\\\/\\\/mesa-international.de\\\/de\\\/\",\"logo\":{\"@type\":\"ImageObject\",\"inLanguage\":\"de\",\"@id\":\"https:\\\/\\\/mesa-international.de\\\/de\\\/#\\\/schema\\\/logo\\\/image\\\/\",\"url\":\"https:\\\/\\\/mesa-international.de\\\/wp-content\\\/uploads\\\/2022\\\/11\\\/sadsaca.png\",\"contentUrl\":\"https:\\\/\\\/mesa-international.de\\\/wp-content\\\/uploads\\\/2022\\\/11\\\/sadsaca.png\",\"width\":173,\"height\":107,\"caption\":\"www.mesa-international.de\"},\"image\":{\"@id\":\"https:\\\/\\\/mesa-international.de\\\/de\\\/#\\\/schema\\\/logo\\\/image\\\/\"},\"sameAs\":[\"https:\\\/\\\/www.linkedin.com\\\/company\\\/mesa-electronic-gmbh\\\/\"]}]}<\/script>\n<!-- \/ Yoast SEO plugin. -->","yoast_head_json":{"title":"GEA- MK2.1- L-SONDE MIT THERMOELEMENT - www.mesa-international.de","robots":{"index":"index","follow":"follow","max-snippet":"max-snippet:-1","max-image-preview":"max-image-preview:large","max-video-preview":"max-video-preview:-1"},"canonical":"https:\/\/mesa-international.de\/de\/product\/gea-mk2-1-l-sonde-mit-thermoelement\/","og_locale":"de_DE","og_type":"article","og_title":"GEA- MK2.1- L-SONDE MIT THERMOELEMENT - www.mesa-international.de","og_description":"Sauerstoffmessung in Gasatmosph\u00e4ren  einfache Gasentnahme  Kosteng\u00fcnstig  Zuverl\u00e4ssig  Unempfindlich gegen\u00fcber Temperatur  Unempfindlich gegen Vibrationen  Leicht austauschbar  Anpassungen an die Bed\u00fcrfnisse der Kunden","og_url":"https:\/\/mesa-international.de\/de\/product\/gea-mk2-1-l-sonde-mit-thermoelement\/","og_site_name":"www.mesa-international.de","article_modified_time":"2024-10-01T12:04:30+00:00","og_image":[{"width":600,"height":600,"url":"https:\/\/mesa-international.de\/wp-content\/uploads\/2020\/11\/GEA-with-MK-2-7.png","type":"image\/png"}],"twitter_card":"summary_large_image","twitter_misc":{"Gesch\u00e4tzte Lesezeit":"1\u00a0Minute"},"schema":{"@context":"https:\/\/schema.org","@graph":[{"@type":"WebPage","@id":"https:\/\/mesa-international.de\/de\/product\/gea-mk2-1-l-sonde-mit-thermoelement\/","url":"https:\/\/mesa-international.de\/de\/product\/gea-mk2-1-l-sonde-mit-thermoelement\/","name":"GEA- MK2.1- L-SONDE MIT THERMOELEMENT - www.mesa-international.de","isPartOf":{"@id":"https:\/\/mesa-international.de\/de\/#website"},"primaryImageOfPage":{"@id":"https:\/\/mesa-international.de\/de\/product\/gea-mk2-1-l-sonde-mit-thermoelement\/#primaryimage"},"image":{"@id":"https:\/\/mesa-international.de\/de\/product\/gea-mk2-1-l-sonde-mit-thermoelement\/#primaryimage"},"thumbnailUrl":"https:\/\/mesa-international.de\/wp-content\/uploads\/2020\/11\/GEA-with-MK-2-7.png","datePublished":"2024-07-21T10:39:50+00:00","dateModified":"2024-10-01T12:04:30+00:00","breadcrumb":{"@id":"https:\/\/mesa-international.de\/de\/product\/gea-mk2-1-l-sonde-mit-thermoelement\/#breadcrumb"},"inLanguage":"de","potentialAction":[{"@type":"ReadAction","target":["https:\/\/mesa-international.de\/de\/product\/gea-mk2-1-l-sonde-mit-thermoelement\/"]}]},{"@type":"ImageObject","inLanguage":"de","@id":"https:\/\/mesa-international.de\/de\/product\/gea-mk2-1-l-sonde-mit-thermoelement\/#primaryimage","url":"https:\/\/mesa-international.de\/wp-content\/uploads\/2020\/11\/GEA-with-MK-2-7.png","contentUrl":"https:\/\/mesa-international.de\/wp-content\/uploads\/2020\/11\/GEA-with-MK-2-7.png","width":600,"height":600,"caption":"GEA-with-MK-2 L-Probe"},{"@type":"BreadcrumbList","@id":"https:\/\/mesa-international.de\/de\/product\/gea-mk2-1-l-sonde-mit-thermoelement\/#breadcrumb","itemListElement":[{"@type":"ListItem","position":1,"name":"Shop","item":"https:\/\/mesa-international.de\/de\/shop\/"},{"@type":"ListItem","position":2,"name":"GEA- MK2.1- L-SONDE MIT THERMOELEMENT"}]},{"@type":"WebSite","@id":"https:\/\/mesa-international.de\/de\/#website","url":"https:\/\/mesa-international.de\/de\/","name":"www.mesa-international.de","description":"Mesa Electronics Gmbh","publisher":{"@id":"https:\/\/mesa-international.de\/de\/#organization"},"potentialAction":[{"@type":"SearchAction","target":{"@type":"EntryPoint","urlTemplate":"https:\/\/mesa-international.de\/de\/?s={search_term_string}"},"query-input":{"@type":"PropertyValueSpecification","valueRequired":true,"valueName":"search_term_string"}}],"inLanguage":"de"},{"@type":"Organization","@id":"https:\/\/mesa-international.de\/de\/#organization","name":"www.mesa-international.de","url":"https:\/\/mesa-international.de\/de\/","logo":{"@type":"ImageObject","inLanguage":"de","@id":"https:\/\/mesa-international.de\/de\/#\/schema\/logo\/image\/","url":"https:\/\/mesa-international.de\/wp-content\/uploads\/2022\/11\/sadsaca.png","contentUrl":"https:\/\/mesa-international.de\/wp-content\/uploads\/2022\/11\/sadsaca.png","width":173,"height":107,"caption":"www.mesa-international.de"},"image":{"@id":"https:\/\/mesa-international.de\/de\/#\/schema\/logo\/image\/"},"sameAs":["https:\/\/www.linkedin.com\/company\/mesa-electronic-gmbh\/"]}]}},"_links":{"self":[{"href":"https:\/\/mesa-international.de\/de\/wp-json\/wp\/v2\/product\/242997","targetHints":{"allow":["GET"]}}],"collection":[{"href":"https:\/\/mesa-international.de\/de\/wp-json\/wp\/v2\/product"}],"about":[{"href":"https:\/\/mesa-international.de\/de\/wp-json\/wp\/v2\/types\/product"}],"replies":[{"embeddable":true,"href":"https:\/\/mesa-international.de\/de\/wp-json\/wp\/v2\/comments?post=242997"}],"wp:featuredmedia":[{"embeddable":true,"href":"https:\/\/mesa-international.de\/de\/wp-json\/wp\/v2\/media\/239394"}],"wp:attachment":[{"href":"https:\/\/mesa-international.de\/de\/wp-json\/wp\/v2\/media?parent=242997"}],"wp:term":[{"taxonomy":"product_brand","embeddable":true,"href":"https:\/\/mesa-international.de\/de\/wp-json\/wp\/v2\/product_brand?post=242997"},{"taxonomy":"product_cat","embeddable":true,"href":"https:\/\/mesa-international.de\/de\/wp-json\/wp\/v2\/product_cat?post=242997"},{"taxonomy":"product_tag","embeddable":true,"href":"https:\/\/mesa-international.de\/de\/wp-json\/wp\/v2\/product_tag?post=242997"}],"curies":[{"name":"wp","href":"https:\/\/api.w.org\/{rel}","templated":true}]}}