{"id":242996,"date":"2024-07-21T12:14:21","date_gmt":"2024-07-21T11:14:21","guid":{"rendered":"https:\/\/mesa-international.de\/product\/l-probe-mit-mk1\/"},"modified":"2025-03-26T15:09:12","modified_gmt":"2025-03-26T14:09:12","slug":"l-probe-mit-mk1","status":"publish","type":"product","link":"https:\/\/mesa-international.de\/de\/product\/l-probe-mit-mk1\/","title":{"rendered":"L-PROBE MIT MK1"},"content":{"rendered":"<p>Die Sonde misst den Restsauerstoffgehalt in einer Messkammer am Ende der Messgasarmatur. Das Sondensignal kann als Spannung abgegriffen werden. <\/p>\n<p>Die Sonde wird mit einer speziell geregelten Spannung beheizt. Zur Versorgung der Heizung m\u00fcssen von MESA Electronic zugelassene Netzteile verwendet werden. <\/p>\n<p>Die Gasmenge, die an der Sonde vorbeistr\u00f6mt, sollte in einem Bereich von 20 &#8230; 50 l \/ h liegen. Eine zu gro\u00dfe Gasmenge kann die sehr konstante Sondentemperatur ver\u00e4ndern und damit den Messwert verf\u00e4lschen. Jede Sonde ist mit zwei Konstanten (K1 und K2) gekennzeichnet.  <\/p>\n<p>Diese Konstanten m\u00fcssen im Auswerteger\u00e4t (z.B. intelligenter Messumformer Carbo 15\/47, Carbo 100, Carbo 1000, Carbo-M, Carbonate-M) eingegeben werden, um Messfehler zu vermeiden.<\/p>\n","protected":false},"excerpt":{"rendered":"<ul>\n<li>Sauerstoffmessung in Gasen<\/li>\n<li>Einfache Gasgewinnung<\/li>\n<li>Kosteng\u00fcnstig<\/li>\n<li>Zuverl\u00e4ssig<\/li>\n<li>Unempfindlich gegen\u00fcber Temperatur<\/li>\n<li>Unempfindlich gegen Vibrationen<\/li>\n<li>Leicht austauschbar<\/li>\n<li>An die Kundenanforderungen angepasste Armatur<\/li>\n<\/ul>\n","protected":false},"featured_media":239664,"comment_status":"open","ping_status":"closed","template":"","meta":{"_acf_changed":false,"content-type":""},"product_brand":[],"product_cat":[138],"product_tag":[],"class_list":{"0":"post-242996","1":"product","2":"type-product","3":"status-publish","4":"has-post-thumbnail","6":"product_cat-sonde-sensoren","8":"first","9":"instock","10":"shipping-taxable","11":"product-type-simple"},"acf":[],"yoast_head":"<!-- This site is optimized with the Yoast SEO plugin v27.4 - https:\/\/yoast.com\/product\/yoast-seo-wordpress\/ -->\n<title>L-PROBE MIT MK1 - www.mesa-international.de<\/title>\n<meta name=\"robots\" content=\"index, follow, max-snippet:-1, max-image-preview:large, max-video-preview:-1\" \/>\n<link rel=\"canonical\" href=\"https:\/\/mesa-international.de\/de\/product\/l-probe-mit-mk1\/\" \/>\n<meta property=\"og:locale\" content=\"de_DE\" \/>\n<meta property=\"og:type\" content=\"article\" \/>\n<meta property=\"og:title\" content=\"L-PROBE MIT MK1 - www.mesa-international.de\" \/>\n<meta property=\"og:description\" content=\"Sauerstoffmessung in Gasen  Einfache Gasgewinnung  Kosteng\u00fcnstig  Zuverl\u00e4ssig  Unempfindlich gegen\u00fcber Temperatur  Unempfindlich gegen Vibrationen  Leicht austauschbar  An die Kundenanforderungen angepasste Armatur\" \/>\n<meta property=\"og:url\" content=\"https:\/\/mesa-international.de\/de\/product\/l-probe-mit-mk1\/\" \/>\n<meta property=\"og:site_name\" content=\"www.mesa-international.de\" \/>\n<meta property=\"article:modified_time\" content=\"2025-03-26T14:09:12+00:00\" \/>\n<meta property=\"og:image\" content=\"https:\/\/mesa-international.de\/wp-content\/uploads\/2022\/09\/L-Probe-with-MK1-2.gif\" \/>\n\t<meta property=\"og:image:width\" content=\"700\" \/>\n\t<meta property=\"og:image:height\" content=\"700\" \/>\n\t<meta property=\"og:image:type\" content=\"image\/gif\" \/>\n<meta name=\"twitter:card\" content=\"summary_large_image\" \/>\n<meta name=\"twitter:label1\" content=\"Gesch\u00e4tzte Lesezeit\" \/>\n\t<meta name=\"twitter:data1\" content=\"1\u00a0Minute\" \/>\n<script type=\"application\/ld+json\" class=\"yoast-schema-graph\">{\"@context\":\"https:\\\/\\\/schema.org\",\"@graph\":[{\"@type\":\"WebPage\",\"@id\":\"https:\\\/\\\/mesa-international.de\\\/de\\\/product\\\/l-probe-mit-mk1\\\/\",\"url\":\"https:\\\/\\\/mesa-international.de\\\/de\\\/product\\\/l-probe-mit-mk1\\\/\",\"name\":\"L-PROBE MIT MK1 - www.mesa-international.de\",\"isPartOf\":{\"@id\":\"https:\\\/\\\/mesa-international.de\\\/de\\\/#website\"},\"primaryImageOfPage\":{\"@id\":\"https:\\\/\\\/mesa-international.de\\\/de\\\/product\\\/l-probe-mit-mk1\\\/#primaryimage\"},\"image\":{\"@id\":\"https:\\\/\\\/mesa-international.de\\\/de\\\/product\\\/l-probe-mit-mk1\\\/#primaryimage\"},\"thumbnailUrl\":\"https:\\\/\\\/mesa-international.de\\\/wp-content\\\/uploads\\\/2022\\\/09\\\/L-Probe-with-MK1-2.gif\",\"datePublished\":\"2024-07-21T11:14:21+00:00\",\"dateModified\":\"2025-03-26T14:09:12+00:00\",\"breadcrumb\":{\"@id\":\"https:\\\/\\\/mesa-international.de\\\/de\\\/product\\\/l-probe-mit-mk1\\\/#breadcrumb\"},\"inLanguage\":\"de\",\"potentialAction\":[{\"@type\":\"ReadAction\",\"target\":[\"https:\\\/\\\/mesa-international.de\\\/de\\\/product\\\/l-probe-mit-mk1\\\/\"]}]},{\"@type\":\"ImageObject\",\"inLanguage\":\"de\",\"@id\":\"https:\\\/\\\/mesa-international.de\\\/de\\\/product\\\/l-probe-mit-mk1\\\/#primaryimage\",\"url\":\"https:\\\/\\\/mesa-international.de\\\/wp-content\\\/uploads\\\/2022\\\/09\\\/L-Probe-with-MK1-2.gif\",\"contentUrl\":\"https:\\\/\\\/mesa-international.de\\\/wp-content\\\/uploads\\\/2022\\\/09\\\/L-Probe-with-MK1-2.gif\",\"width\":700,\"height\":700},{\"@type\":\"BreadcrumbList\",\"@id\":\"https:\\\/\\\/mesa-international.de\\\/de\\\/product\\\/l-probe-mit-mk1\\\/#breadcrumb\",\"itemListElement\":[{\"@type\":\"ListItem\",\"position\":1,\"name\":\"Shop\",\"item\":\"https:\\\/\\\/mesa-international.de\\\/de\\\/shop\\\/\"},{\"@type\":\"ListItem\",\"position\":2,\"name\":\"L-PROBE MIT MK1\"}]},{\"@type\":\"WebSite\",\"@id\":\"https:\\\/\\\/mesa-international.de\\\/de\\\/#website\",\"url\":\"https:\\\/\\\/mesa-international.de\\\/de\\\/\",\"name\":\"www.mesa-international.de\",\"description\":\"Mesa Electronics Gmbh\",\"publisher\":{\"@id\":\"https:\\\/\\\/mesa-international.de\\\/de\\\/#organization\"},\"potentialAction\":[{\"@type\":\"SearchAction\",\"target\":{\"@type\":\"EntryPoint\",\"urlTemplate\":\"https:\\\/\\\/mesa-international.de\\\/de\\\/?s={search_term_string}\"},\"query-input\":{\"@type\":\"PropertyValueSpecification\",\"valueRequired\":true,\"valueName\":\"search_term_string\"}}],\"inLanguage\":\"de\"},{\"@type\":\"Organization\",\"@id\":\"https:\\\/\\\/mesa-international.de\\\/de\\\/#organization\",\"name\":\"www.mesa-international.de\",\"url\":\"https:\\\/\\\/mesa-international.de\\\/de\\\/\",\"logo\":{\"@type\":\"ImageObject\",\"inLanguage\":\"de\",\"@id\":\"https:\\\/\\\/mesa-international.de\\\/de\\\/#\\\/schema\\\/logo\\\/image\\\/\",\"url\":\"https:\\\/\\\/mesa-international.de\\\/wp-content\\\/uploads\\\/2022\\\/11\\\/sadsaca.png\",\"contentUrl\":\"https:\\\/\\\/mesa-international.de\\\/wp-content\\\/uploads\\\/2022\\\/11\\\/sadsaca.png\",\"width\":173,\"height\":107,\"caption\":\"www.mesa-international.de\"},\"image\":{\"@id\":\"https:\\\/\\\/mesa-international.de\\\/de\\\/#\\\/schema\\\/logo\\\/image\\\/\"},\"sameAs\":[\"https:\\\/\\\/www.linkedin.com\\\/company\\\/mesa-electronic-gmbh\\\/\"]}]}<\/script>\n<!-- \/ Yoast SEO plugin. -->","yoast_head_json":{"title":"L-PROBE MIT MK1 - www.mesa-international.de","robots":{"index":"index","follow":"follow","max-snippet":"max-snippet:-1","max-image-preview":"max-image-preview:large","max-video-preview":"max-video-preview:-1"},"canonical":"https:\/\/mesa-international.de\/de\/product\/l-probe-mit-mk1\/","og_locale":"de_DE","og_type":"article","og_title":"L-PROBE MIT MK1 - www.mesa-international.de","og_description":"Sauerstoffmessung in Gasen  Einfache Gasgewinnung  Kosteng\u00fcnstig  Zuverl\u00e4ssig  Unempfindlich gegen\u00fcber Temperatur  Unempfindlich gegen Vibrationen  Leicht austauschbar  An die Kundenanforderungen angepasste Armatur","og_url":"https:\/\/mesa-international.de\/de\/product\/l-probe-mit-mk1\/","og_site_name":"www.mesa-international.de","article_modified_time":"2025-03-26T14:09:12+00:00","og_image":[{"width":700,"height":700,"url":"https:\/\/mesa-international.de\/wp-content\/uploads\/2022\/09\/L-Probe-with-MK1-2.gif","type":"image\/gif"}],"twitter_card":"summary_large_image","twitter_misc":{"Gesch\u00e4tzte Lesezeit":"1\u00a0Minute"},"schema":{"@context":"https:\/\/schema.org","@graph":[{"@type":"WebPage","@id":"https:\/\/mesa-international.de\/de\/product\/l-probe-mit-mk1\/","url":"https:\/\/mesa-international.de\/de\/product\/l-probe-mit-mk1\/","name":"L-PROBE MIT MK1 - www.mesa-international.de","isPartOf":{"@id":"https:\/\/mesa-international.de\/de\/#website"},"primaryImageOfPage":{"@id":"https:\/\/mesa-international.de\/de\/product\/l-probe-mit-mk1\/#primaryimage"},"image":{"@id":"https:\/\/mesa-international.de\/de\/product\/l-probe-mit-mk1\/#primaryimage"},"thumbnailUrl":"https:\/\/mesa-international.de\/wp-content\/uploads\/2022\/09\/L-Probe-with-MK1-2.gif","datePublished":"2024-07-21T11:14:21+00:00","dateModified":"2025-03-26T14:09:12+00:00","breadcrumb":{"@id":"https:\/\/mesa-international.de\/de\/product\/l-probe-mit-mk1\/#breadcrumb"},"inLanguage":"de","potentialAction":[{"@type":"ReadAction","target":["https:\/\/mesa-international.de\/de\/product\/l-probe-mit-mk1\/"]}]},{"@type":"ImageObject","inLanguage":"de","@id":"https:\/\/mesa-international.de\/de\/product\/l-probe-mit-mk1\/#primaryimage","url":"https:\/\/mesa-international.de\/wp-content\/uploads\/2022\/09\/L-Probe-with-MK1-2.gif","contentUrl":"https:\/\/mesa-international.de\/wp-content\/uploads\/2022\/09\/L-Probe-with-MK1-2.gif","width":700,"height":700},{"@type":"BreadcrumbList","@id":"https:\/\/mesa-international.de\/de\/product\/l-probe-mit-mk1\/#breadcrumb","itemListElement":[{"@type":"ListItem","position":1,"name":"Shop","item":"https:\/\/mesa-international.de\/de\/shop\/"},{"@type":"ListItem","position":2,"name":"L-PROBE MIT MK1"}]},{"@type":"WebSite","@id":"https:\/\/mesa-international.de\/de\/#website","url":"https:\/\/mesa-international.de\/de\/","name":"www.mesa-international.de","description":"Mesa Electronics Gmbh","publisher":{"@id":"https:\/\/mesa-international.de\/de\/#organization"},"potentialAction":[{"@type":"SearchAction","target":{"@type":"EntryPoint","urlTemplate":"https:\/\/mesa-international.de\/de\/?s={search_term_string}"},"query-input":{"@type":"PropertyValueSpecification","valueRequired":true,"valueName":"search_term_string"}}],"inLanguage":"de"},{"@type":"Organization","@id":"https:\/\/mesa-international.de\/de\/#organization","name":"www.mesa-international.de","url":"https:\/\/mesa-international.de\/de\/","logo":{"@type":"ImageObject","inLanguage":"de","@id":"https:\/\/mesa-international.de\/de\/#\/schema\/logo\/image\/","url":"https:\/\/mesa-international.de\/wp-content\/uploads\/2022\/11\/sadsaca.png","contentUrl":"https:\/\/mesa-international.de\/wp-content\/uploads\/2022\/11\/sadsaca.png","width":173,"height":107,"caption":"www.mesa-international.de"},"image":{"@id":"https:\/\/mesa-international.de\/de\/#\/schema\/logo\/image\/"},"sameAs":["https:\/\/www.linkedin.com\/company\/mesa-electronic-gmbh\/"]}]}},"_links":{"self":[{"href":"https:\/\/mesa-international.de\/de\/wp-json\/wp\/v2\/product\/242996","targetHints":{"allow":["GET"]}}],"collection":[{"href":"https:\/\/mesa-international.de\/de\/wp-json\/wp\/v2\/product"}],"about":[{"href":"https:\/\/mesa-international.de\/de\/wp-json\/wp\/v2\/types\/product"}],"replies":[{"embeddable":true,"href":"https:\/\/mesa-international.de\/de\/wp-json\/wp\/v2\/comments?post=242996"}],"wp:featuredmedia":[{"embeddable":true,"href":"https:\/\/mesa-international.de\/de\/wp-json\/wp\/v2\/media\/239664"}],"wp:attachment":[{"href":"https:\/\/mesa-international.de\/de\/wp-json\/wp\/v2\/media?parent=242996"}],"wp:term":[{"taxonomy":"product_brand","embeddable":true,"href":"https:\/\/mesa-international.de\/de\/wp-json\/wp\/v2\/product_brand?post=242996"},{"taxonomy":"product_cat","embeddable":true,"href":"https:\/\/mesa-international.de\/de\/wp-json\/wp\/v2\/product_cat?post=242996"},{"taxonomy":"product_tag","embeddable":true,"href":"https:\/\/mesa-international.de\/de\/wp-json\/wp\/v2\/product_tag?post=242996"}],"curies":[{"name":"wp","href":"https:\/\/api.w.org\/{rel}","templated":true}]}}