{"id":242992,"date":"2024-07-21T11:50:53","date_gmt":"2024-07-21T10:50:53","guid":{"rendered":"https:\/\/mesa-international.de\/product\/gasentnahmearmatur-fuer-die-wasserstoffmessung-mit-h2-sensor-typ-mf-060-93-200\/"},"modified":"2024-10-01T13:02:30","modified_gmt":"2024-10-01T12:02:30","slug":"gasentnahmearmatur-fuer-die-wasserstoffmessung-mit-h2-sensor-typ-mf-060-93-200","status":"publish","type":"product","link":"https:\/\/mesa-international.de\/de\/product\/gasentnahmearmatur-fuer-die-wasserstoffmessung-mit-h2-sensor-typ-mf-060-93-200\/","title":{"rendered":"GASENTNAHMEARMATUR F\u00dcR DIE WASSERSTOFFMESSUNG MIT H2-SENSOR TYP: MF 060.93.200"},"content":{"rendered":"<p>Die H2-Sonde misst den Wasserstoffgehalt in einer Messkammer am Ende der Messgasarmatur.<br \/>\nDas Signal der H2 &#8211; Sonde wird im NT 46 linearisiert.<br \/>\nDie Messkammer wird auf 100\u00b0 C geregelt. Eine Kondensation wird dadurch vermieden.<br \/>\nDer H2-Messbereich betr\u00e4gt 0 &#8230;80% H2 oder optional 0&#8230; 20% H2.   <\/p>\n","protected":false},"excerpt":{"rendered":"<ul>\n<li>Wasserstoffmessung in Gasen<\/li>\n<li>Einfache Gasentnahme<\/li>\n<li>Erschwinglich<\/li>\n<li>Zuverl\u00e4ssig<\/li>\n<li>Unempfindlich gegen\u00fcber Temperatur<\/li>\n<li>Unempfindlich gegen Vibrationen<\/li>\n<li>Leicht austauschbar<\/li>\n<li>Anpassung an Kundenw\u00fcnsche<\/li>\n<li>Nennl\u00e4nge wie angegeben<\/li>\n<\/ul>\n","protected":false},"featured_media":239889,"comment_status":"open","ping_status":"closed","template":"","meta":{"_acf_changed":false,"content-type":""},"product_brand":[],"product_cat":[138],"product_tag":[],"class_list":{"0":"post-242992","1":"product","2":"type-product","3":"status-publish","4":"has-post-thumbnail","6":"product_cat-sonde-sensoren","8":"first","9":"instock","10":"shipping-taxable","11":"product-type-simple"},"acf":[],"yoast_head":"<!-- This site is optimized with the Yoast SEO plugin v27.3 - https:\/\/yoast.com\/product\/yoast-seo-wordpress\/ -->\n<title>GASENTNAHMEARMATUR F\u00dcR DIE WASSERSTOFFMESSUNG MIT H2-SENSOR TYP: MF 060.93.200 - www.mesa-international.de<\/title>\n<meta name=\"robots\" content=\"index, follow, max-snippet:-1, max-image-preview:large, max-video-preview:-1\" \/>\n<link rel=\"canonical\" href=\"https:\/\/mesa-international.de\/de\/product\/gasentnahmearmatur-fuer-die-wasserstoffmessung-mit-h2-sensor-typ-mf-060-93-200\/\" \/>\n<meta property=\"og:locale\" content=\"de_DE\" \/>\n<meta property=\"og:type\" content=\"article\" \/>\n<meta property=\"og:title\" content=\"GASENTNAHMEARMATUR F\u00dcR DIE WASSERSTOFFMESSUNG MIT H2-SENSOR TYP: MF 060.93.200 - www.mesa-international.de\" \/>\n<meta property=\"og:description\" content=\"Wasserstoffmessung in Gasen  Einfache Gasentnahme  Erschwinglich  Zuverl\u00e4ssig  Unempfindlich gegen\u00fcber Temperatur  Unempfindlich gegen Vibrationen  Leicht austauschbar  Anpassung an Kundenw\u00fcnsche  Nennl\u00e4nge wie angegeben\" \/>\n<meta property=\"og:url\" content=\"https:\/\/mesa-international.de\/de\/product\/gasentnahmearmatur-fuer-die-wasserstoffmessung-mit-h2-sensor-typ-mf-060-93-200\/\" \/>\n<meta property=\"og:site_name\" content=\"www.mesa-international.de\" \/>\n<meta property=\"article:modified_time\" content=\"2024-10-01T12:02:30+00:00\" \/>\n<meta property=\"og:image\" content=\"https:\/\/mesa-international.de\/wp-content\/uploads\/2022\/11\/H2-probe-3D.png\" \/>\n\t<meta property=\"og:image:width\" content=\"600\" \/>\n\t<meta property=\"og:image:height\" content=\"600\" \/>\n\t<meta property=\"og:image:type\" content=\"image\/png\" \/>\n<meta name=\"twitter:card\" content=\"summary_large_image\" \/>\n<script type=\"application\/ld+json\" class=\"yoast-schema-graph\">{\"@context\":\"https:\\\/\\\/schema.org\",\"@graph\":[{\"@type\":\"WebPage\",\"@id\":\"https:\\\/\\\/mesa-international.de\\\/de\\\/product\\\/gasentnahmearmatur-fuer-die-wasserstoffmessung-mit-h2-sensor-typ-mf-060-93-200\\\/\",\"url\":\"https:\\\/\\\/mesa-international.de\\\/de\\\/product\\\/gasentnahmearmatur-fuer-die-wasserstoffmessung-mit-h2-sensor-typ-mf-060-93-200\\\/\",\"name\":\"GASENTNAHMEARMATUR F\u00dcR DIE WASSERSTOFFMESSUNG MIT H2-SENSOR TYP: MF 060.93.200 - www.mesa-international.de\",\"isPartOf\":{\"@id\":\"https:\\\/\\\/mesa-international.de\\\/de\\\/#website\"},\"primaryImageOfPage\":{\"@id\":\"https:\\\/\\\/mesa-international.de\\\/de\\\/product\\\/gasentnahmearmatur-fuer-die-wasserstoffmessung-mit-h2-sensor-typ-mf-060-93-200\\\/#primaryimage\"},\"image\":{\"@id\":\"https:\\\/\\\/mesa-international.de\\\/de\\\/product\\\/gasentnahmearmatur-fuer-die-wasserstoffmessung-mit-h2-sensor-typ-mf-060-93-200\\\/#primaryimage\"},\"thumbnailUrl\":\"https:\\\/\\\/mesa-international.de\\\/wp-content\\\/uploads\\\/2022\\\/11\\\/H2-probe-3D.png\",\"datePublished\":\"2024-07-21T10:50:53+00:00\",\"dateModified\":\"2024-10-01T12:02:30+00:00\",\"breadcrumb\":{\"@id\":\"https:\\\/\\\/mesa-international.de\\\/de\\\/product\\\/gasentnahmearmatur-fuer-die-wasserstoffmessung-mit-h2-sensor-typ-mf-060-93-200\\\/#breadcrumb\"},\"inLanguage\":\"de\",\"potentialAction\":[{\"@type\":\"ReadAction\",\"target\":[\"https:\\\/\\\/mesa-international.de\\\/de\\\/product\\\/gasentnahmearmatur-fuer-die-wasserstoffmessung-mit-h2-sensor-typ-mf-060-93-200\\\/\"]}]},{\"@type\":\"ImageObject\",\"inLanguage\":\"de\",\"@id\":\"https:\\\/\\\/mesa-international.de\\\/de\\\/product\\\/gasentnahmearmatur-fuer-die-wasserstoffmessung-mit-h2-sensor-typ-mf-060-93-200\\\/#primaryimage\",\"url\":\"https:\\\/\\\/mesa-international.de\\\/wp-content\\\/uploads\\\/2022\\\/11\\\/H2-probe-3D.png\",\"contentUrl\":\"https:\\\/\\\/mesa-international.de\\\/wp-content\\\/uploads\\\/2022\\\/11\\\/H2-probe-3D.png\",\"width\":600,\"height\":600},{\"@type\":\"BreadcrumbList\",\"@id\":\"https:\\\/\\\/mesa-international.de\\\/de\\\/product\\\/gasentnahmearmatur-fuer-die-wasserstoffmessung-mit-h2-sensor-typ-mf-060-93-200\\\/#breadcrumb\",\"itemListElement\":[{\"@type\":\"ListItem\",\"position\":1,\"name\":\"Shop\",\"item\":\"https:\\\/\\\/mesa-international.de\\\/de\\\/shop\\\/\"},{\"@type\":\"ListItem\",\"position\":2,\"name\":\"GASENTNAHMEARMATUR F\u00dcR DIE WASSERSTOFFMESSUNG MIT H2-SENSOR TYP: MF 060.93.200\"}]},{\"@type\":\"WebSite\",\"@id\":\"https:\\\/\\\/mesa-international.de\\\/de\\\/#website\",\"url\":\"https:\\\/\\\/mesa-international.de\\\/de\\\/\",\"name\":\"www.mesa-international.de\",\"description\":\"Mesa Electronics Gmbh\",\"publisher\":{\"@id\":\"https:\\\/\\\/mesa-international.de\\\/de\\\/#organization\"},\"potentialAction\":[{\"@type\":\"SearchAction\",\"target\":{\"@type\":\"EntryPoint\",\"urlTemplate\":\"https:\\\/\\\/mesa-international.de\\\/de\\\/?s={search_term_string}\"},\"query-input\":{\"@type\":\"PropertyValueSpecification\",\"valueRequired\":true,\"valueName\":\"search_term_string\"}}],\"inLanguage\":\"de\"},{\"@type\":\"Organization\",\"@id\":\"https:\\\/\\\/mesa-international.de\\\/de\\\/#organization\",\"name\":\"www.mesa-international.de\",\"url\":\"https:\\\/\\\/mesa-international.de\\\/de\\\/\",\"logo\":{\"@type\":\"ImageObject\",\"inLanguage\":\"de\",\"@id\":\"https:\\\/\\\/mesa-international.de\\\/de\\\/#\\\/schema\\\/logo\\\/image\\\/\",\"url\":\"https:\\\/\\\/mesa-international.de\\\/wp-content\\\/uploads\\\/2022\\\/11\\\/sadsaca.png\",\"contentUrl\":\"https:\\\/\\\/mesa-international.de\\\/wp-content\\\/uploads\\\/2022\\\/11\\\/sadsaca.png\",\"width\":173,\"height\":107,\"caption\":\"www.mesa-international.de\"},\"image\":{\"@id\":\"https:\\\/\\\/mesa-international.de\\\/de\\\/#\\\/schema\\\/logo\\\/image\\\/\"},\"sameAs\":[\"https:\\\/\\\/www.linkedin.com\\\/company\\\/mesa-electronic-gmbh\\\/\"]}]}<\/script>\n<!-- \/ Yoast SEO plugin. -->","yoast_head_json":{"title":"GASENTNAHMEARMATUR F\u00dcR DIE WASSERSTOFFMESSUNG MIT H2-SENSOR TYP: MF 060.93.200 - www.mesa-international.de","robots":{"index":"index","follow":"follow","max-snippet":"max-snippet:-1","max-image-preview":"max-image-preview:large","max-video-preview":"max-video-preview:-1"},"canonical":"https:\/\/mesa-international.de\/de\/product\/gasentnahmearmatur-fuer-die-wasserstoffmessung-mit-h2-sensor-typ-mf-060-93-200\/","og_locale":"de_DE","og_type":"article","og_title":"GASENTNAHMEARMATUR F\u00dcR DIE WASSERSTOFFMESSUNG MIT H2-SENSOR TYP: MF 060.93.200 - www.mesa-international.de","og_description":"Wasserstoffmessung in Gasen  Einfache Gasentnahme  Erschwinglich  Zuverl\u00e4ssig  Unempfindlich gegen\u00fcber Temperatur  Unempfindlich gegen Vibrationen  Leicht austauschbar  Anpassung an Kundenw\u00fcnsche  Nennl\u00e4nge wie angegeben","og_url":"https:\/\/mesa-international.de\/de\/product\/gasentnahmearmatur-fuer-die-wasserstoffmessung-mit-h2-sensor-typ-mf-060-93-200\/","og_site_name":"www.mesa-international.de","article_modified_time":"2024-10-01T12:02:30+00:00","og_image":[{"width":600,"height":600,"url":"https:\/\/mesa-international.de\/wp-content\/uploads\/2022\/11\/H2-probe-3D.png","type":"image\/png"}],"twitter_card":"summary_large_image","schema":{"@context":"https:\/\/schema.org","@graph":[{"@type":"WebPage","@id":"https:\/\/mesa-international.de\/de\/product\/gasentnahmearmatur-fuer-die-wasserstoffmessung-mit-h2-sensor-typ-mf-060-93-200\/","url":"https:\/\/mesa-international.de\/de\/product\/gasentnahmearmatur-fuer-die-wasserstoffmessung-mit-h2-sensor-typ-mf-060-93-200\/","name":"GASENTNAHMEARMATUR F\u00dcR DIE WASSERSTOFFMESSUNG MIT H2-SENSOR TYP: MF 060.93.200 - www.mesa-international.de","isPartOf":{"@id":"https:\/\/mesa-international.de\/de\/#website"},"primaryImageOfPage":{"@id":"https:\/\/mesa-international.de\/de\/product\/gasentnahmearmatur-fuer-die-wasserstoffmessung-mit-h2-sensor-typ-mf-060-93-200\/#primaryimage"},"image":{"@id":"https:\/\/mesa-international.de\/de\/product\/gasentnahmearmatur-fuer-die-wasserstoffmessung-mit-h2-sensor-typ-mf-060-93-200\/#primaryimage"},"thumbnailUrl":"https:\/\/mesa-international.de\/wp-content\/uploads\/2022\/11\/H2-probe-3D.png","datePublished":"2024-07-21T10:50:53+00:00","dateModified":"2024-10-01T12:02:30+00:00","breadcrumb":{"@id":"https:\/\/mesa-international.de\/de\/product\/gasentnahmearmatur-fuer-die-wasserstoffmessung-mit-h2-sensor-typ-mf-060-93-200\/#breadcrumb"},"inLanguage":"de","potentialAction":[{"@type":"ReadAction","target":["https:\/\/mesa-international.de\/de\/product\/gasentnahmearmatur-fuer-die-wasserstoffmessung-mit-h2-sensor-typ-mf-060-93-200\/"]}]},{"@type":"ImageObject","inLanguage":"de","@id":"https:\/\/mesa-international.de\/de\/product\/gasentnahmearmatur-fuer-die-wasserstoffmessung-mit-h2-sensor-typ-mf-060-93-200\/#primaryimage","url":"https:\/\/mesa-international.de\/wp-content\/uploads\/2022\/11\/H2-probe-3D.png","contentUrl":"https:\/\/mesa-international.de\/wp-content\/uploads\/2022\/11\/H2-probe-3D.png","width":600,"height":600},{"@type":"BreadcrumbList","@id":"https:\/\/mesa-international.de\/de\/product\/gasentnahmearmatur-fuer-die-wasserstoffmessung-mit-h2-sensor-typ-mf-060-93-200\/#breadcrumb","itemListElement":[{"@type":"ListItem","position":1,"name":"Shop","item":"https:\/\/mesa-international.de\/de\/shop\/"},{"@type":"ListItem","position":2,"name":"GASENTNAHMEARMATUR F\u00dcR DIE WASSERSTOFFMESSUNG MIT H2-SENSOR TYP: MF 060.93.200"}]},{"@type":"WebSite","@id":"https:\/\/mesa-international.de\/de\/#website","url":"https:\/\/mesa-international.de\/de\/","name":"www.mesa-international.de","description":"Mesa Electronics Gmbh","publisher":{"@id":"https:\/\/mesa-international.de\/de\/#organization"},"potentialAction":[{"@type":"SearchAction","target":{"@type":"EntryPoint","urlTemplate":"https:\/\/mesa-international.de\/de\/?s={search_term_string}"},"query-input":{"@type":"PropertyValueSpecification","valueRequired":true,"valueName":"search_term_string"}}],"inLanguage":"de"},{"@type":"Organization","@id":"https:\/\/mesa-international.de\/de\/#organization","name":"www.mesa-international.de","url":"https:\/\/mesa-international.de\/de\/","logo":{"@type":"ImageObject","inLanguage":"de","@id":"https:\/\/mesa-international.de\/de\/#\/schema\/logo\/image\/","url":"https:\/\/mesa-international.de\/wp-content\/uploads\/2022\/11\/sadsaca.png","contentUrl":"https:\/\/mesa-international.de\/wp-content\/uploads\/2022\/11\/sadsaca.png","width":173,"height":107,"caption":"www.mesa-international.de"},"image":{"@id":"https:\/\/mesa-international.de\/de\/#\/schema\/logo\/image\/"},"sameAs":["https:\/\/www.linkedin.com\/company\/mesa-electronic-gmbh\/"]}]}},"_links":{"self":[{"href":"https:\/\/mesa-international.de\/de\/wp-json\/wp\/v2\/product\/242992","targetHints":{"allow":["GET"]}}],"collection":[{"href":"https:\/\/mesa-international.de\/de\/wp-json\/wp\/v2\/product"}],"about":[{"href":"https:\/\/mesa-international.de\/de\/wp-json\/wp\/v2\/types\/product"}],"replies":[{"embeddable":true,"href":"https:\/\/mesa-international.de\/de\/wp-json\/wp\/v2\/comments?post=242992"}],"wp:featuredmedia":[{"embeddable":true,"href":"https:\/\/mesa-international.de\/de\/wp-json\/wp\/v2\/media\/239889"}],"wp:attachment":[{"href":"https:\/\/mesa-international.de\/de\/wp-json\/wp\/v2\/media?parent=242992"}],"wp:term":[{"taxonomy":"product_brand","embeddable":true,"href":"https:\/\/mesa-international.de\/de\/wp-json\/wp\/v2\/product_brand?post=242992"},{"taxonomy":"product_cat","embeddable":true,"href":"https:\/\/mesa-international.de\/de\/wp-json\/wp\/v2\/product_cat?post=242992"},{"taxonomy":"product_tag","embeddable":true,"href":"https:\/\/mesa-international.de\/de\/wp-json\/wp\/v2\/product_tag?post=242992"}],"curies":[{"name":"wp","href":"https:\/\/api.w.org\/{rel}","templated":true}]}}