{"id":239902,"date":"2020-12-24T14:41:05","date_gmt":"2020-12-24T14:41:05","guid":{"rendered":"https:\/\/bold-lamport.87-106-169-145.plesk.page\/?page_id=239902"},"modified":"2022-12-03T20:47:15","modified_gmt":"2022-12-03T20:47:15","slug":"gea-mk2-1-l-sonde-keramikausfuehrung-kuehlmaschette-als-option","status":"publish","type":"page","link":"https:\/\/mesa-international.de\/de\/gea-mk2-1-l-sonde-keramikausfuehrung-kuehlmaschette-als-option\/","title":{"rendered":"GEA \u2013 MK2.1 \u2013 L-SONDE KERAMIKAUSF\u00dcHRUNG (K\u00dcHLMASCHETTE ALS OPTION)"},"content":{"rendered":"<p>[et_pb_section fb_built=&#8220;1&#8243; admin_label=&#8220;Header&#8220; _builder_version=&#8220;4.19.2&#8243; background_color_gradient_direction=&#8220;80deg&#8220; background_image=&#8220;https:\/\/mesa-international.de\/wp-content\/uploads\/2021\/02\/MESA-Eletronic-GmbH-scaled-3.jpg&#8220; parallax=&#8220;on&#8220; parallax_method=&#8220;off&#8220; positioning=&#8220;none&#8220; overflow-x=&#8220;hidden&#8220; custom_padding=&#8220;0px||0px||false|false&#8220; hover_enabled=&#8220;0&#8243; locked=&#8220;off&#8220; global_colors_info=&#8220;{}&#8220; alt=&#8220;MESA Eletronic GmbH&#8220; title_text=&#8220;MESA Eletronic GmbH&#8220; sticky_enabled=&#8220;0&#8243;][et_pb_row column_structure=&#8220;1_2,1_2&#8243; use_custom_gutter=&#8220;on&#8220; gutter_width=&#8220;4&#8243; _builder_version=&#8220;4.16&#8243; background_size=&#8220;contain&#8220; background_position=&#8220;bottom_center&#8220; max_width=&#8220;1280px&#8220; custom_margin=&#8220;-21px|auto|-3px|auto|false|false&#8220; custom_padding=&#8220;0px|||||&#8220; global_colors_info=&#8220;{}&#8220;][et_pb_column type=&#8220;1_2&#8243; _builder_version=&#8220;4.16&#8243; custom_padding=&#8220;40px|||&#8220; custom_padding_tablet=&#8220;0vw|||&#8220; global_colors_info=&#8220;{}&#8220; custom_padding__hover=&#8220;|||&#8220;][et_pb_text _builder_version=&#8220;4.16&#8243; _module_preset=&#8220;default&#8220; header_font=&#8220;Archivo|700|||||||&#8220; header_text_align=&#8220;left&#8220; header_font_size=&#8220;45px&#8220; global_colors_info=&#8220;{}&#8220;]<\/p>\n<h1>GEA \u2013 MK2.1 \u2013 L-SONDE KERAMIKAUSF\u00dcHRUNG (K\u00dcHLMASCHETTE\u00a0ALS OPTION)<\/h1>\n<p>[\/et_pb_text][et_pb_testimonial author=&#8220;GEA \u2013 MK2.1 \u2013 L-SONDE KERAMIKAUSF\u00dcHRUNG (K\u00dcHLMASCHETTE\u00a0ALS OPTION)&#8220; portrait_url=&#8220;https:\/\/mesa-international.de\/wp-content\/uploads\/2020\/11\/GEA-with-MK-2-6.png&#8220; quote_icon=&#8220;off&#8220; _builder_version=&#8220;4.19.2&#8243; _module_preset=&#8220;default&#8220; hover_enabled=&#8220;0&#8243; border_radii=&#8220;on|15px|15px|15px|15px&#8220; global_colors_info=&#8220;{}&#8220; alt=&#8220;GEA \u2013 MK2.1 \u2013 L-Probe with thermoelement&#8220; title_text=&#8220;GEA \u2013 MK2.1 \u2013 L-Probe with thermoelement&#8220; sticky_enabled=&#8220;0&#8243;]<\/p>\n<h4><b>BESONDERHEITEN:<\/b><\/h4>\n<ul>\n<li>Sauerstoffmessung in Gasen<\/li>\n<li>Einfache Gasentnahme<\/li>\n<li>Preisg\u00fcnstig<\/li>\n<li>Zuverl\u00e4ssig<\/li>\n<li>Temperaturunempfindlich<\/li>\n<li>Ersch\u00fctterungsunempfindlich<\/li>\n<li>Leicht austauschbar<\/li>\n<li>Armatur angepa\u00dft an Kundenerfordernisse<\/li>\n<\/ul>\n<p>[\/et_pb_testimonial][et_pb_text _builder_version=&#8220;4.16&#8243; _module_preset=&#8220;default&#8220; header_font=&#8220;Archivo|700|||||||&#8220; header_4_font=&#8220;Archivo|700|||||||&#8220; header_4_text_color=&#8220;#353535&#8243; global_colors_info=&#8220;{}&#8220;]<\/p>\n<h4><strong>FUNKTION<\/strong><\/h4>\n<p>Die Sonde mi\u00dft den Restsauerstoffgehalt in einer Me\u00dfkammer am Ende der Messgasarmatur. Das Sonden Signal kann als Spannung abgegriffen werden. Die Sonde wird mit einer speziell geregelten Spannung beheizt. Zur Versorgung der Heizung m\u00fcssen von MESA Electronic zugelassene Netzger\u00e4te verwendet werden. Die Menge des an der Sonde vorbeistr\u00f6menden Gases sollte in einem Bereich von 20\u202650 l\/h liegen. Ein zu hohes Gasvolumen kann die hochkonstante Sondentemperatur ver\u00e4ndern und dadurch den Messwert verf\u00e4lschen. Jede Sonde ist mit zwei Konstanten (K1 und K2) gekennzeichnet. Diese Konstanten m\u00fcssen in das Auswertger\u00e4t (z.B. Intelligenter Messumformer Carbo 47, MCon Carbo 16-48, Carbomat-M, MCON Carbo) eingegeben werden, um Messfehler zu vermeiden<\/p>\n<p>[\/et_pb_text][et_pb_text _builder_version=&#8220;4.16&#8243; _module_preset=&#8220;default&#8220; header_font=&#8220;Archivo|700|||||||&#8220; header_4_font=&#8220;Archivo|700|||||||&#8220; header_4_text_color=&#8220;#353535&#8243; global_colors_info=&#8220;{}&#8220;]<\/p>\n<h4>TECHNISCHE DATEN:<\/h4>\n<div class=\"su-table su-table-alternate\">\u00a0<\/p>\n<table class=\"table \">\n<thead><\/thead>\n<tbody>\n<tr>\n<th scope=\"row\">Abmessungen des Sondenkopfes:<\/th>\n<td>105 x 290 x 45 mm (B x H x T)<\/td>\n<\/tr>\n<tr>\n<th scope=\"row\">Nennl\u00e4nge des Gasentnahmerohres:<\/th>\n<td>400\u20261100 mm nach Bestellung Anschlu\u00df L-Sonde: 8-pol. Stecker<\/td>\n<\/tr>\n<tr>\n<th scope=\"row\">Notwendige Zusatzger\u00e4te<\/th>\n<td>NTV44P f\u00fcr L-Sondenbeheizung und Temperaturregelung.<\/td>\n<\/tr>\n<tr>\n<th scope=\"row\">Me\u00dfbereich L-Sonde:<\/th>\n<td>0\u20261300 mV<\/td>\n<\/tr>\n<tr>\n<th scope=\"row\">Ben\u00f6tigtes Zubeh\u00f6r:<\/th>\n<td>\u2022 Netzteil NTV44P \u2022 VE 02<\/td>\n<\/tr>\n<tr>\n<th scope=\"row\">Optionales Zubeh\u00f6r:<\/th>\n<td>\u2022 Thermoelement f\u00fcr %C- Berechnung \u2022 Pumpe mit Kondensatabscheider \u2022 Carbo 15\/ 47 \u2022 MCon Carbo 16-48 \u2022 Carbo 100 \u2022 Carbo 1000 \u2022 Carbomat-M \u2022 MCON Carbo<\/td>\n<\/tr>\n<\/tbody>\n<\/table>\n<\/div>\n<p>[\/et_pb_text][\/et_pb_column][et_pb_column type=&#8220;1_2&#8243; _builder_version=&#8220;4.16&#8243; custom_padding=&#8220;|||&#8220; global_colors_info=&#8220;{}&#8220; custom_padding__hover=&#8220;|||&#8220;][et_pb_image src=&#8220;https:\/\/mesa-international.de\/wp-content\/uploads\/2020\/11\/GEA-with-MK-2-6.png&#8220; title_text=&#8220;GEA-L-Sonde-Kuhlmaschette-als-Option&#8220; _builder_version=&#8220;4.19.2&#8243; transform_scale=&#8220;113%|113%&#8220; transform_scale_tablet=&#8220;116%|116%&#8220; transform_scale_phone=&#8220;80%|80%&#8220; transform_scale_last_edited=&#8220;off|desktop&#8220; transform_translate_tablet=&#8220;30vw|-24vw&#8220; transform_translate_phone=&#8220;0vw|-15vw&#8220; transform_translate_last_edited=&#8220;off|desktop&#8220; transform_rotate_last_edited=&#8220;off|desktop&#8220; transform_skew_last_edited=&#8220;off|desktop&#8220; transform_origin_last_edited=&#8220;off|desktop&#8220; transform_styles_last_edited=&#8220;off|desktop&#8220; position_origin_f=&#8220;bottom_center&#8220; width=&#8220;100%&#8220; max_width=&#8220;480px&#8220; custom_margin=&#8220;132px|||||&#8220; animation_direction=&#8220;bottom&#8220; hover_enabled=&#8220;0&#8243; always_center_on_mobile=&#8220;off&#8220; global_colors_info=&#8220;{}&#8220; transform_styles__hover_enabled=&#8220;on|hover&#8220; transform_scale__hover_enabled=&#8220;on|hover&#8220; transform_translate__hover_enabled=&#8220;on|desktop&#8220; transform_rotate__hover_enabled=&#8220;on|desktop&#8220; transform_skew__hover_enabled=&#8220;on|desktop&#8220; transform_origin__hover_enabled=&#8220;on|desktop&#8220; transform_scale__hover=&#8220;145%|145%&#8220; transform_rotate__hover=&#8220;0deg|0deg|13deg&#8220; sticky_enabled=&#8220;0&#8243; alt=&#8220;GEA-L-Sonde-Kuhlmaschette-als-Option&#8220;][\/et_pb_image][et_pb_button button_url=&#8220;https:\/\/mesa-international.de\/wp-content\/uploads\/2021\/03\/GEA-L-Sonde-Kuhlmaschette-als-Option-DB-DE-v4.0-01-2021-2.pdf&#8220; url_new_window=&#8220;on&#8220; button_text=&#8220;Datenblatt herunterladen \/ Download in PDF format&#8220; _builder_version=&#8220;4.19.2&#8243; _module_preset=&#8220;default&#8220; custom_button=&#8220;on&#8220; button_text_size=&#8220;14px&#8220; button_text_color=&#8220;#ffffff&#8220; button_bg_color=&#8220;#e02b20&#8243; button_border_width=&#8220;0px&#8220; button_border_radius=&#8220;15px&#8220; button_font=&#8220;|700|||||||&#8220; hover_enabled=&#8220;0&#8243; global_colors_info=&#8220;{}&#8220; sticky_enabled=&#8220;0&#8243;][\/et_pb_button][\/et_pb_column][\/et_pb_row][\/et_pb_section]<\/p>\n","protected":false},"excerpt":{"rendered":"<p>[et_pb_section fb_built=&#8220;1&#8243; admin_label=&#8220;Header&#8220; _builder_version=&#8220;4.19.2&#8243; background_color_gradient_direction=&#8220;80deg&#8220; background_image=&#8220;https:\/\/mesa-international.de\/wp-content\/uploads\/2021\/02\/MESA-Eletronic-GmbH-scaled-3.jpg&#8220; parallax=&#8220;on&#8220; parallax_method=&#8220;off&#8220; positioning=&#8220;none&#8220; overflow-x=&#8220;hidden&#8220; custom_padding=&#8220;0px||0px||false|false&#8220; hover_enabled=&#8220;0&#8243; locked=&#8220;off&#8220; global_colors_info=&#8220;{}&#8220; alt=&#8220;MESA Eletronic GmbH&#8220; title_text=&#8220;MESA Eletronic GmbH&#8220; sticky_enabled=&#8220;0&#8243;][et_pb_row column_structure=&#8220;1_2,1_2&#8243; use_custom_gutter=&#8220;on&#8220; gutter_width=&#8220;4&#8243; _builder_version=&#8220;4.16&#8243; background_size=&#8220;contain&#8220; background_position=&#8220;bottom_center&#8220; max_width=&#8220;1280px&#8220; custom_margin=&#8220;-21px|auto|-3px|auto|false|false&#8220; custom_padding=&#8220;0px|||||&#8220; global_colors_info=&#8220;{}&#8220;][et_pb_column type=&#8220;1_2&#8243; _builder_version=&#8220;4.16&#8243; custom_padding=&#8220;40px|||&#8220; custom_padding_tablet=&#8220;0vw|||&#8220; global_colors_info=&#8220;{}&#8220; custom_padding__hover=&#8220;|||&#8220;][et_pb_text _builder_version=&#8220;4.16&#8243; _module_preset=&#8220;default&#8220; header_font=&#8220;Archivo|700|||||||&#8220; header_text_align=&#8220;left&#8220; header_font_size=&#8220;45px&#8220; global_colors_info=&#8220;{}&#8220;] GEA \u2013 MK2.1 \u2013 L-SONDE KERAMIKAUSF\u00dcHRUNG (K\u00dcHLMASCHETTE\u00a0ALS [&hellip;]<\/p>\n","protected":false},"author":5,"featured_media":0,"parent":0,"menu_order":0,"comment_status":"closed","ping_status":"closed","template":"","meta":{"_acf_changed":false,"content-type":"","footnotes":""},"categories":[],"tags":[],"class_list":["post-239902","page","type-page","status-publish","hentry"],"acf":[],"yoast_head":"<!-- This site is optimized with the Yoast SEO plugin v27.5 - https:\/\/yoast.com\/product\/yoast-seo-wordpress\/ -->\n<title>GEA \u2013 MK2.1 \u2013 L-SONDE KERAMIKAUSF\u00dcHRUNG (K\u00dcHLMASCHETTE ALS OPTION)<\/title>\n<meta name=\"robots\" content=\"index, follow, max-snippet:-1, max-image-preview:large, max-video-preview:-1\" \/>\n<link rel=\"canonical\" href=\"https:\/\/mesa-international.de\/de\/gea-mk2-1-l-sonde-keramikausfuehrung-kuehlmaschette-als-option\/\" \/>\n<meta property=\"og:locale\" content=\"de_DE\" \/>\n<meta property=\"og:type\" content=\"article\" \/>\n<meta property=\"og:title\" content=\"GEA \u2013 MK2.1 \u2013 L-SONDE KERAMIKAUSF\u00dcHRUNG (K\u00dcHLMASCHETTE ALS OPTION)\" \/>\n<meta property=\"og:description\" content=\"[et_pb_section fb_built=&#8220;1&#8243; admin_label=&#8220;Header&#8220; _builder_version=&#8220;4.19.2&#8243; background_color_gradient_direction=&#8220;80deg&#8220; background_image=&#8220;https:\/\/mesa-international.de\/wp-content\/uploads\/2021\/02\/MESA-Eletronic-GmbH-scaled-3.jpg&#8220; parallax=&#8220;on&#8220; parallax_method=&#8220;off&#8220; positioning=&#8220;none&#8220; overflow-x=&#8220;hidden&#8220; custom_padding=&#8220;0px||0px||false|false&#8220; hover_enabled=&#8220;0&#8243; locked=&#8220;off&#8220; global_colors_info=&#8220;{}&#8220; alt=&#8220;MESA Eletronic GmbH&#8220; title_text=&#8220;MESA Eletronic GmbH&#8220; sticky_enabled=&#8220;0&#8243;][et_pb_row column_structure=&#8220;1_2,1_2&#8243; use_custom_gutter=&#8220;on&#8220; gutter_width=&#8220;4&#8243; _builder_version=&#8220;4.16&#8243; background_size=&#8220;contain&#8220; background_position=&#8220;bottom_center&#8220; max_width=&#8220;1280px&#8220; custom_margin=&#8220;-21px|auto|-3px|auto|false|false&#8220; custom_padding=&#8220;0px|||||&#8220; global_colors_info=&#8220;{}&#8220;][et_pb_column type=&#8220;1_2&#8243; _builder_version=&#8220;4.16&#8243; custom_padding=&#8220;40px|||&#8220; custom_padding_tablet=&#8220;0vw|||&#8220; global_colors_info=&#8220;{}&#8220; custom_padding__hover=&#8220;|||&#8220;][et_pb_text _builder_version=&#8220;4.16&#8243; _module_preset=&#8220;default&#8220; header_font=&#8220;Archivo|700|||||||&#8220; header_text_align=&#8220;left&#8220; header_font_size=&#8220;45px&#8220; global_colors_info=&#8220;{}&#8220;] GEA \u2013 MK2.1 \u2013 L-SONDE KERAMIKAUSF\u00dcHRUNG (K\u00dcHLMASCHETTE\u00a0ALS [&hellip;]\" \/>\n<meta property=\"og:url\" content=\"https:\/\/mesa-international.de\/de\/gea-mk2-1-l-sonde-keramikausfuehrung-kuehlmaschette-als-option\/\" \/>\n<meta property=\"og:site_name\" content=\"www.mesa-international.de\" \/>\n<meta property=\"article:modified_time\" content=\"2022-12-03T20:47:15+00:00\" \/>\n<meta name=\"twitter:card\" content=\"summary_large_image\" \/>\n<meta name=\"twitter:label1\" content=\"Gesch\u00e4tzte Lesezeit\" \/>\n\t<meta name=\"twitter:data1\" content=\"4\u00a0Minuten\" \/>\n<script type=\"application\/ld+json\" class=\"yoast-schema-graph\">{\"@context\":\"https:\\\/\\\/schema.org\",\"@graph\":[{\"@type\":\"WebPage\",\"@id\":\"https:\\\/\\\/mesa-international.de\\\/de\\\/gea-mk2-1-l-sonde-keramikausfuehrung-kuehlmaschette-als-option\\\/\",\"url\":\"https:\\\/\\\/mesa-international.de\\\/de\\\/gea-mk2-1-l-sonde-keramikausfuehrung-kuehlmaschette-als-option\\\/\",\"name\":\"GEA \u2013 MK2.1 \u2013 L-SONDE KERAMIKAUSF\u00dcHRUNG (K\u00dcHLMASCHETTE ALS OPTION)\",\"isPartOf\":{\"@id\":\"https:\\\/\\\/mesa-international.de\\\/de\\\/#website\"},\"datePublished\":\"2020-12-24T14:41:05+00:00\",\"dateModified\":\"2022-12-03T20:47:15+00:00\",\"inLanguage\":\"de\",\"potentialAction\":[{\"@type\":\"ReadAction\",\"target\":[\"https:\\\/\\\/mesa-international.de\\\/de\\\/gea-mk2-1-l-sonde-keramikausfuehrung-kuehlmaschette-als-option\\\/\"]}]},{\"@type\":\"WebSite\",\"@id\":\"https:\\\/\\\/mesa-international.de\\\/de\\\/#website\",\"url\":\"https:\\\/\\\/mesa-international.de\\\/de\\\/\",\"name\":\"www.mesa-international.de\",\"description\":\"Mesa Electronics Gmbh\",\"publisher\":{\"@id\":\"https:\\\/\\\/mesa-international.de\\\/de\\\/#organization\"},\"potentialAction\":[{\"@type\":\"SearchAction\",\"target\":{\"@type\":\"EntryPoint\",\"urlTemplate\":\"https:\\\/\\\/mesa-international.de\\\/de\\\/?s={search_term_string}\"},\"query-input\":{\"@type\":\"PropertyValueSpecification\",\"valueRequired\":true,\"valueName\":\"search_term_string\"}}],\"inLanguage\":\"de\"},{\"@type\":\"Organization\",\"@id\":\"https:\\\/\\\/mesa-international.de\\\/de\\\/#organization\",\"name\":\"www.mesa-international.de\",\"url\":\"https:\\\/\\\/mesa-international.de\\\/de\\\/\",\"logo\":{\"@type\":\"ImageObject\",\"inLanguage\":\"de\",\"@id\":\"https:\\\/\\\/mesa-international.de\\\/de\\\/#\\\/schema\\\/logo\\\/image\\\/\",\"url\":\"https:\\\/\\\/mesa-international.de\\\/wp-content\\\/uploads\\\/2022\\\/11\\\/sadsaca.png\",\"contentUrl\":\"https:\\\/\\\/mesa-international.de\\\/wp-content\\\/uploads\\\/2022\\\/11\\\/sadsaca.png\",\"width\":173,\"height\":107,\"caption\":\"www.mesa-international.de\"},\"image\":{\"@id\":\"https:\\\/\\\/mesa-international.de\\\/de\\\/#\\\/schema\\\/logo\\\/image\\\/\"},\"sameAs\":[\"https:\\\/\\\/www.linkedin.com\\\/company\\\/mesa-electronic-gmbh\\\/\"]}]}<\/script>\n<!-- \/ Yoast SEO plugin. -->","yoast_head_json":{"title":"GEA \u2013 MK2.1 \u2013 L-SONDE KERAMIKAUSF\u00dcHRUNG (K\u00dcHLMASCHETTE ALS OPTION)","robots":{"index":"index","follow":"follow","max-snippet":"max-snippet:-1","max-image-preview":"max-image-preview:large","max-video-preview":"max-video-preview:-1"},"canonical":"https:\/\/mesa-international.de\/de\/gea-mk2-1-l-sonde-keramikausfuehrung-kuehlmaschette-als-option\/","og_locale":"de_DE","og_type":"article","og_title":"GEA \u2013 MK2.1 \u2013 L-SONDE KERAMIKAUSF\u00dcHRUNG (K\u00dcHLMASCHETTE ALS OPTION)","og_description":"[et_pb_section fb_built=&#8220;1&#8243; admin_label=&#8220;Header&#8220; _builder_version=&#8220;4.19.2&#8243; background_color_gradient_direction=&#8220;80deg&#8220; background_image=&#8220;https:\/\/mesa-international.de\/wp-content\/uploads\/2021\/02\/MESA-Eletronic-GmbH-scaled-3.jpg&#8220; parallax=&#8220;on&#8220; parallax_method=&#8220;off&#8220; positioning=&#8220;none&#8220; overflow-x=&#8220;hidden&#8220; custom_padding=&#8220;0px||0px||false|false&#8220; hover_enabled=&#8220;0&#8243; locked=&#8220;off&#8220; global_colors_info=&#8220;{}&#8220; alt=&#8220;MESA Eletronic GmbH&#8220; title_text=&#8220;MESA Eletronic GmbH&#8220; sticky_enabled=&#8220;0&#8243;][et_pb_row column_structure=&#8220;1_2,1_2&#8243; use_custom_gutter=&#8220;on&#8220; gutter_width=&#8220;4&#8243; _builder_version=&#8220;4.16&#8243; background_size=&#8220;contain&#8220; background_position=&#8220;bottom_center&#8220; max_width=&#8220;1280px&#8220; custom_margin=&#8220;-21px|auto|-3px|auto|false|false&#8220; custom_padding=&#8220;0px|||||&#8220; global_colors_info=&#8220;{}&#8220;][et_pb_column type=&#8220;1_2&#8243; _builder_version=&#8220;4.16&#8243; custom_padding=&#8220;40px|||&#8220; custom_padding_tablet=&#8220;0vw|||&#8220; global_colors_info=&#8220;{}&#8220; custom_padding__hover=&#8220;|||&#8220;][et_pb_text _builder_version=&#8220;4.16&#8243; _module_preset=&#8220;default&#8220; header_font=&#8220;Archivo|700|||||||&#8220; header_text_align=&#8220;left&#8220; header_font_size=&#8220;45px&#8220; global_colors_info=&#8220;{}&#8220;] GEA \u2013 MK2.1 \u2013 L-SONDE KERAMIKAUSF\u00dcHRUNG (K\u00dcHLMASCHETTE\u00a0ALS [&hellip;]","og_url":"https:\/\/mesa-international.de\/de\/gea-mk2-1-l-sonde-keramikausfuehrung-kuehlmaschette-als-option\/","og_site_name":"www.mesa-international.de","article_modified_time":"2022-12-03T20:47:15+00:00","twitter_card":"summary_large_image","twitter_misc":{"Gesch\u00e4tzte Lesezeit":"4\u00a0Minuten"},"schema":{"@context":"https:\/\/schema.org","@graph":[{"@type":"WebPage","@id":"https:\/\/mesa-international.de\/de\/gea-mk2-1-l-sonde-keramikausfuehrung-kuehlmaschette-als-option\/","url":"https:\/\/mesa-international.de\/de\/gea-mk2-1-l-sonde-keramikausfuehrung-kuehlmaschette-als-option\/","name":"GEA \u2013 MK2.1 \u2013 L-SONDE KERAMIKAUSF\u00dcHRUNG (K\u00dcHLMASCHETTE ALS OPTION)","isPartOf":{"@id":"https:\/\/mesa-international.de\/de\/#website"},"datePublished":"2020-12-24T14:41:05+00:00","dateModified":"2022-12-03T20:47:15+00:00","inLanguage":"de","potentialAction":[{"@type":"ReadAction","target":["https:\/\/mesa-international.de\/de\/gea-mk2-1-l-sonde-keramikausfuehrung-kuehlmaschette-als-option\/"]}]},{"@type":"WebSite","@id":"https:\/\/mesa-international.de\/de\/#website","url":"https:\/\/mesa-international.de\/de\/","name":"www.mesa-international.de","description":"Mesa Electronics Gmbh","publisher":{"@id":"https:\/\/mesa-international.de\/de\/#organization"},"potentialAction":[{"@type":"SearchAction","target":{"@type":"EntryPoint","urlTemplate":"https:\/\/mesa-international.de\/de\/?s={search_term_string}"},"query-input":{"@type":"PropertyValueSpecification","valueRequired":true,"valueName":"search_term_string"}}],"inLanguage":"de"},{"@type":"Organization","@id":"https:\/\/mesa-international.de\/de\/#organization","name":"www.mesa-international.de","url":"https:\/\/mesa-international.de\/de\/","logo":{"@type":"ImageObject","inLanguage":"de","@id":"https:\/\/mesa-international.de\/de\/#\/schema\/logo\/image\/","url":"https:\/\/mesa-international.de\/wp-content\/uploads\/2022\/11\/sadsaca.png","contentUrl":"https:\/\/mesa-international.de\/wp-content\/uploads\/2022\/11\/sadsaca.png","width":173,"height":107,"caption":"www.mesa-international.de"},"image":{"@id":"https:\/\/mesa-international.de\/de\/#\/schema\/logo\/image\/"},"sameAs":["https:\/\/www.linkedin.com\/company\/mesa-electronic-gmbh\/"]}]}},"_links":{"self":[{"href":"https:\/\/mesa-international.de\/de\/wp-json\/wp\/v2\/pages\/239902","targetHints":{"allow":["GET"]}}],"collection":[{"href":"https:\/\/mesa-international.de\/de\/wp-json\/wp\/v2\/pages"}],"about":[{"href":"https:\/\/mesa-international.de\/de\/wp-json\/wp\/v2\/types\/page"}],"author":[{"embeddable":true,"href":"https:\/\/mesa-international.de\/de\/wp-json\/wp\/v2\/users\/5"}],"replies":[{"embeddable":true,"href":"https:\/\/mesa-international.de\/de\/wp-json\/wp\/v2\/comments?post=239902"}],"version-history":[{"count":0,"href":"https:\/\/mesa-international.de\/de\/wp-json\/wp\/v2\/pages\/239902\/revisions"}],"wp:attachment":[{"href":"https:\/\/mesa-international.de\/de\/wp-json\/wp\/v2\/media?parent=239902"}],"wp:term":[{"taxonomy":"category","embeddable":true,"href":"https:\/\/mesa-international.de\/de\/wp-json\/wp\/v2\/categories?post=239902"},{"taxonomy":"post_tag","embeddable":true,"href":"https:\/\/mesa-international.de\/de\/wp-json\/wp\/v2\/tags?post=239902"}],"curies":[{"name":"wp","href":"https:\/\/api.w.org\/{rel}","templated":true}]}}