{"id":239885,"date":"2020-12-25T15:21:56","date_gmt":"2020-12-25T14:21:56","guid":{"rendered":"https:\/\/bold-lamport.87-106-169-145.plesk.page\/?page_id=239885"},"modified":"2023-11-01T17:15:11","modified_gmt":"2023-11-01T16:15:11","slug":"gasentnahmearmatur-wasserstoffmessung-mit-h2-sensor-ga-h2","status":"publish","type":"page","link":"https:\/\/mesa-international.de\/de\/gasentnahmearmatur-wasserstoffmessung-mit-h2-sensor-ga-h2\/","title":{"rendered":"Gasentnahmearmatur Wasserstoffmessung mit   H2-Sensor (GA H2)"},"content":{"rendered":"<p>[et_pb_section fb_built=&#8220;1&#8243; admin_label=&#8220;Header&#8220; _builder_version=&#8220;4.19.2&#8243; background_color_gradient_direction=&#8220;80deg&#8220; background_image=&#8220;https:\/\/mesa-international.de\/wp-content\/uploads\/2021\/02\/MESA-Eletronic-GmbH-scaled-3.jpg&#8220; parallax=&#8220;on&#8220; parallax_method=&#8220;off&#8220; positioning=&#8220;none&#8220; overflow-x=&#8220;hidden&#8220; custom_padding=&#8220;0px||0px||false|false&#8220; locked=&#8220;off&#8220; global_colors_info=&#8220;{}&#8220;][et_pb_row column_structure=&#8220;1_2,1_2&#8243; use_custom_gutter=&#8220;on&#8220; gutter_width=&#8220;4&#8243; _builder_version=&#8220;4.16&#8243; background_size=&#8220;contain&#8220; background_position=&#8220;bottom_center&#8220; max_width=&#8220;1280px&#8220; custom_margin=&#8220;-21px|auto|-3px|auto|false|false&#8220; custom_padding=&#8220;0px|||||&#8220; global_colors_info=&#8220;{}&#8220;][et_pb_column type=&#8220;1_2&#8243; _builder_version=&#8220;4.16&#8243; custom_padding=&#8220;40px|||&#8220; custom_padding_tablet=&#8220;0vw|||&#8220; global_colors_info=&#8220;{}&#8220; custom_padding__hover=&#8220;|||&#8220;][et_pb_text _builder_version=&#8220;4.16&#8243; _module_preset=&#8220;default&#8220; header_font=&#8220;Archivo|700|||||||&#8220; header_text_align=&#8220;left&#8220; header_font_size=&#8220;40px&#8220; global_colors_info=&#8220;{}&#8220;]<\/p>\n<div id=\"pg-2833-0\" class=\"panel-grid panel-has-style\">\n<div class=\"siteorigin-panels-stretch panel-row-style panel-row-style-for-2833-0\" data-stretch-type=\"full\">\n<div id=\"pgc-2833-0-0\" class=\"panel-grid-cell\">\n<div id=\"panel-2833-0-0-0\" class=\"so-panel widget widget_sow-editor panel-first-child panel-last-child\" data-index=\"0\">\n<div class=\"container panel-widget-style panel-widget-style-for-2833-0-0-0\">\n<div class=\"so-widget-sow-editor so-widget-sow-editor-base\">\n<div class=\"siteorigin-widget-tinymce textwidget\">\n<div id=\"pg-2842-0\" class=\"panel-grid panel-has-style\">\n<div class=\"siteorigin-panels-stretch panel-row-style panel-row-style-for-2842-0\" data-stretch-type=\"full\">\n<div id=\"pgc-2842-0-0\" class=\"panel-grid-cell\">\n<div id=\"panel-2842-0-0-0\" class=\"so-panel widget widget_sow-editor panel-first-child panel-last-child\" data-index=\"0\">\n<div class=\"container panel-widget-style panel-widget-style-for-2842-0-0-0\">\n<div class=\"so-widget-sow-editor so-widget-sow-editor-base\">\n<div class=\"siteorigin-widget-tinymce textwidget\">\n<h1>GASENTNAHMEARMATUR WASSERSTOFFMESSUNG MIT H2-SENSOR (GA H2)<\/h1>\n<h1>MF 060.93.200<\/h1>\n<\/div>\n<\/div>\n<\/div>\n<\/div>\n<\/div>\n<\/div>\n<\/div>\n<div id=\"pg-2842-1\" class=\"panel-grid panel-has-style\">\n<div class=\"siteorigin-panels-stretch panel-row-style panel-row-style-for-2842-1\" data-stretch-type=\"full\">\n<div id=\"pgc-2842-1-0\" class=\"panel-grid-cell\">\n<div id=\"panel-2842-1-0-0\" class=\"so-panel widget widget_sow-editor panel-first-child panel-last-child\" data-index=\"1\">\n<div class=\"so-widget-sow-editor so-widget-sow-editor-base\">\n<div class=\"siteorigin-widget-tinymce textwidget\">\n<p>&nbsp;<\/p>\n<\/div>\n<\/div>\n<\/div>\n<\/div>\n<\/div>\n<\/div>\n<h1 style=\"text-align: left;\">\u00a0<\/h1>\n<\/div>\n<\/div>\n<\/div>\n<\/div>\n<\/div>\n<\/div>\n<\/div>\n<p>[\/et_pb_text][et_pb_testimonial author=&#8220;GASENTNAHMEARMATUR WASSERSTOFFMESSUNG MIT H2-SENSOR (GA H2)&#8220; portrait_url=&#8220;https:\/\/mesa-international.de\/wp-content\/uploads\/2020\/11\/H2-probe-3D-3.png&#8220; quote_icon=&#8220;off&#8220; _builder_version=&#8220;4.19.2&#8243; _module_preset=&#8220;default&#8220; border_radii=&#8220;on|15px|15px|15px|15px&#8220; global_colors_info=&#8220;{}&#8220;]<\/p>\n<h4><b>BESONDERHEITEN:<\/b><\/h4>\n<ul>\n<li>Wasserstoffmessung in Gasen<\/li>\n<li>Einfache Gasentnahme<\/li>\n<li>Preisg\u00fcnstig<\/li>\n<li>Zuverl\u00e4ssig<\/li>\n<li>Temperaturunempfindlich<\/li>\n<li>Ersch\u00fctterungsunempfindlich<\/li>\n<li>Leicht austauschbar<\/li>\n<li>Armatur angepa\u00dft an Kundenerfordernisse<\/li>\n<li>Nennl\u00e4nge nach Angabe<\/li>\n<\/ul>\n<p>[\/et_pb_testimonial][et_pb_text _builder_version=&#8220;4.17.1&#8243; _module_preset=&#8220;default&#8220; header_font=&#8220;Archivo|700|||||||&#8220; header_4_font=&#8220;Archivo|700|||||||&#8220; header_4_text_color=&#8220;#353535&#8243; global_colors_info=&#8220;{}&#8220;]<\/p>\n<h4>FUNKTION<\/h4>\n<p>Die Sonde mi\u00dft den Wasserstoffge\u00adhalt in\u00a0 einer\u00a0 Me\u00dfkammer am Ende der Me\u00dfgasarmatur.\u00a0 Das\u00a0 Sondensignal wird im NT 46 linearisiert. Die\u00a0\u00a0 Me\u00dfkammer\u00a0\u00a0 wird\u00a0\u00a0 auf\u00a0\u00a0 100 \u00b0C geregelt. Eine Kondensatbildung wird dadurch vermieden. Der H2- Me\u00dfbereich betr\u00e4gt 0&#8230;80 %H2 oder wahlweise 0&#8230;20 %H2.<\/p>\n<p>[\/et_pb_text][\/et_pb_column][et_pb_column type=&#8220;1_2&#8243; _builder_version=&#8220;4.16&#8243; custom_padding=&#8220;|||&#8220; global_colors_info=&#8220;{}&#8220; custom_padding__hover=&#8220;|||&#8220;][et_pb_image src=&#8220;https:\/\/mesa-international.de\/wp-content\/uploads\/2020\/11\/H2-probe-3D-3.png&#8220; alt=&#8220;Mesa Eletronic Gmbh H2-probe-3D&#8220; title_text=&#8220;H2-probe-3D&#8220; _builder_version=&#8220;4.19.2&#8243; transform_scale=&#8220;113%|113%&#8220; transform_scale_tablet=&#8220;116%|116%&#8220; transform_scale_phone=&#8220;80%|80%&#8220; transform_scale_last_edited=&#8220;off|desktop&#8220; transform_translate_tablet=&#8220;30vw|-24vw&#8220; transform_translate_phone=&#8220;0vw|-15vw&#8220; transform_translate_last_edited=&#8220;off|desktop&#8220; transform_rotate_last_edited=&#8220;off|desktop&#8220; transform_skew_last_edited=&#8220;off|desktop&#8220; transform_origin_last_edited=&#8220;off|desktop&#8220; transform_styles_last_edited=&#8220;off|desktop&#8220; position_origin_f=&#8220;bottom_center&#8220; width=&#8220;100%&#8220; max_width=&#8220;480px&#8220; custom_margin=&#8220;132px||75px|||&#8220; animation_direction=&#8220;bottom&#8220; always_center_on_mobile=&#8220;off&#8220; global_colors_info=&#8220;{}&#8220; transform_styles__hover_enabled=&#8220;on|hover&#8220; transform_scale__hover_enabled=&#8220;on|hover&#8220; transform_translate__hover_enabled=&#8220;on|desktop&#8220; transform_rotate__hover_enabled=&#8220;on|desktop&#8220; transform_skew__hover_enabled=&#8220;on|desktop&#8220; transform_origin__hover_enabled=&#8220;on|desktop&#8220; transform_scale__hover=&#8220;145%|145%&#8220; transform_rotate__hover=&#8220;0deg|0deg|13deg&#8220;][\/et_pb_image][et_pb_button button_url=&#8220;https:\/\/mesa-international.de\/wp-content\/uploads\/2021\/03\/H2-Sonde-DB-DE-v2.0-02-2021-2.pdf&#8220; url_new_window=&#8220;on&#8220; button_text=&#8220;Datenblatt herunterladen \/ Download in PDF format&#8220; _builder_version=&#8220;4.19.2&#8243; _module_preset=&#8220;default&#8220; custom_button=&#8220;on&#8220; button_text_size=&#8220;14px&#8220; button_text_color=&#8220;#ffffff&#8220; button_bg_color=&#8220;#e02b20&#8243; button_border_width=&#8220;0px&#8220; button_border_radius=&#8220;15px&#8220; button_font=&#8220;|700|||||||&#8220; global_colors_info=&#8220;{}&#8220;][\/et_pb_button][et_pb_text _builder_version=&#8220;4.16&#8243; _module_preset=&#8220;default&#8220; header_font=&#8220;Archivo|700|||||||&#8220; header_4_font=&#8220;Archivo|700|||||||&#8220; header_4_text_color=&#8220;#353535&#8243; custom_margin=&#8220;217px|||||&#8220; global_colors_info=&#8220;{}&#8220;]<\/p>\n<h4>TECHNISCHE DATEN<\/h4>\n<div class=\"su-table su-table-alternate\">\n<p>&nbsp;<\/p>\n<table class=\"table \">\n<thead><\/thead>\n<tbody>\n<tr>\n<th scope=\"row\">Abmessungen des Sondenkopfes:<\/th>\n<td>105 x 215 x 85 mm\u00a0 (B x H x T)<\/td>\n<\/tr>\n<tr>\n<th scope=\"row\">Nennl\u00e4nge des Gasentnahmerohres:<\/th>\n<td>500&#8230;1100 mm \u00a0nach Bestellung<br \/>720 mm ist Standard<\/td>\n<\/tr>\n<tr>\n<th scope=\"row\"><b>Anschlu\u00df H2-Sensor:<\/b><\/th>\n<td>8-pol. Buchse<\/td>\n<\/tr>\n<tr>\n<th scope=\"row\"><b>Notwendiges Zusatzger\u00e4t:<\/b><\/th>\n<td>NT 46 f\u00fcr H2-Sensor,\u00a0Heizung der Me\u00dfkammer 100 \u00b0C ist Standard,\u00a0Lin.-Verst\u00e4rker.<\/td>\n<\/tr>\n<tr>\n<th scope=\"row\"><b>Me\u00dfbereich H2-Sensor:<\/b><\/th>\n<td>0&#8230;10&#8230;80 %H2\u00a0 = 0&#8230;2,5&#8230;20 mA<\/td>\n<\/tr>\n<tr>\n<th scope=\"row\"><b>Sonderme\u00dfbereich:<\/b><\/th>\n<td>0&#8230;20 %H2 = 0&#8230;20 mA<\/td>\n<\/tr>\n<tr>\n<th scope=\"row\"><b>Umgebungstemperatur:<\/b><\/th>\n<td>+10 \u00b0C&#8230;+60 \u00b0C<\/td>\n<\/tr>\n<tr>\n<th scope=\"row\"><b>Ben\u00f6tigtes Zubeh\u00f6r:<\/b><\/th>\n<td>NT46<\/td>\n<\/tr>\n<tr>\n<th scope=\"row\"><b>Optionales Zubeh\u00f6r:<\/b><\/th>\n<td>Nitromat, MCON Nitro<\/td>\n<\/tr>\n<\/tbody>\n<\/table>\n<\/div>\n<p>[\/et_pb_text][\/et_pb_column][\/et_pb_row][\/et_pb_section]<\/p>\n","protected":false},"excerpt":{"rendered":"<p>Die Sonde mi\u00dft den Wasserstoffge\u00adhalt in  einer  Me\u00dfkammer am Ende der Me\u00dfgasarmatur.  Das  Sondensignal wird im NT 46 linearisiert. Die   Me\u00dfkammer   wird   auf   100 \u00b0C geregelt. Eine Kondensatbildung wird dadurch vermieden. Der H2- Me\u00dfbereich betr\u00e4gt 0\u202680 %H2 oder wahlweise 0\u202620 %H2.<\/p>\n","protected":false},"author":5,"featured_media":239889,"parent":0,"menu_order":0,"comment_status":"closed","ping_status":"closed","template":"","meta":{"_acf_changed":false,"content-type":"","footnotes":""},"categories":[],"tags":[],"class_list":["post-239885","page","type-page","status-publish","has-post-thumbnail","hentry"],"acf":[],"yoast_head":"<!-- This site is optimized with the Yoast SEO plugin v27.4 - https:\/\/yoast.com\/product\/yoast-seo-wordpress\/ -->\n<title>Gasentnahmearmatur Wasserstoffmessung mit  H2-Sensor (GA H2) - www.mesa-international.de<\/title>\n<meta name=\"description\" content=\"Die Sonde mi\u00dft den Wasserstoffge\u00adhalt in einer Me\u00dfkammer am Ende der Me\u00dfgasarmatur.\" \/>\n<meta name=\"robots\" content=\"index, follow, max-snippet:-1, max-image-preview:large, max-video-preview:-1\" \/>\n<link rel=\"canonical\" href=\"https:\/\/mesa-international.de\/de\/gasentnahmearmatur-wasserstoffmessung-mit-h2-sensor-ga-h2\/\" \/>\n<meta property=\"og:locale\" content=\"de_DE\" \/>\n<meta property=\"og:type\" content=\"article\" \/>\n<meta property=\"og:title\" content=\"Gasentnahmearmatur Wasserstoffmessung mit  H2-Sensor (GA H2) - www.mesa-international.de\" \/>\n<meta property=\"og:description\" content=\"Die Sonde mi\u00dft den Wasserstoffge\u00adhalt in einer Me\u00dfkammer am Ende der Me\u00dfgasarmatur.\" \/>\n<meta property=\"og:url\" content=\"https:\/\/mesa-international.de\/de\/gasentnahmearmatur-wasserstoffmessung-mit-h2-sensor-ga-h2\/\" \/>\n<meta property=\"og:site_name\" content=\"www.mesa-international.de\" \/>\n<meta property=\"article:modified_time\" content=\"2023-11-01T16:15:11+00:00\" \/>\n<meta property=\"og:image\" content=\"https:\/\/mesa-international.de\/wp-content\/uploads\/2022\/11\/H2-probe-3D.png\" \/>\n\t<meta property=\"og:image:width\" content=\"600\" \/>\n\t<meta property=\"og:image:height\" content=\"600\" \/>\n\t<meta property=\"og:image:type\" content=\"image\/png\" \/>\n<meta name=\"twitter:card\" content=\"summary_large_image\" \/>\n<meta name=\"twitter:label1\" content=\"Gesch\u00e4tzte Lesezeit\" \/>\n\t<meta name=\"twitter:data1\" content=\"3\u00a0Minuten\" \/>\n<script type=\"application\/ld+json\" class=\"yoast-schema-graph\">{\"@context\":\"https:\\\/\\\/schema.org\",\"@graph\":[{\"@type\":\"WebPage\",\"@id\":\"https:\\\/\\\/mesa-international.de\\\/de\\\/gasentnahmearmatur-wasserstoffmessung-mit-h2-sensor-ga-h2\\\/\",\"url\":\"https:\\\/\\\/mesa-international.de\\\/de\\\/gasentnahmearmatur-wasserstoffmessung-mit-h2-sensor-ga-h2\\\/\",\"name\":\"Gasentnahmearmatur Wasserstoffmessung mit H2-Sensor (GA H2) - www.mesa-international.de\",\"isPartOf\":{\"@id\":\"https:\\\/\\\/mesa-international.de\\\/de\\\/#website\"},\"primaryImageOfPage\":{\"@id\":\"https:\\\/\\\/mesa-international.de\\\/de\\\/gasentnahmearmatur-wasserstoffmessung-mit-h2-sensor-ga-h2\\\/#primaryimage\"},\"image\":{\"@id\":\"https:\\\/\\\/mesa-international.de\\\/de\\\/gasentnahmearmatur-wasserstoffmessung-mit-h2-sensor-ga-h2\\\/#primaryimage\"},\"thumbnailUrl\":\"https:\\\/\\\/mesa-international.de\\\/wp-content\\\/uploads\\\/2022\\\/11\\\/H2-probe-3D.png\",\"datePublished\":\"2020-12-25T14:21:56+00:00\",\"dateModified\":\"2023-11-01T16:15:11+00:00\",\"description\":\"Die Sonde mi\u00dft den Wasserstoffge\u00adhalt in einer Me\u00dfkammer am Ende der Me\u00dfgasarmatur.\",\"inLanguage\":\"de\",\"potentialAction\":[{\"@type\":\"ReadAction\",\"target\":[\"https:\\\/\\\/mesa-international.de\\\/de\\\/gasentnahmearmatur-wasserstoffmessung-mit-h2-sensor-ga-h2\\\/\"]}]},{\"@type\":\"ImageObject\",\"inLanguage\":\"de\",\"@id\":\"https:\\\/\\\/mesa-international.de\\\/de\\\/gasentnahmearmatur-wasserstoffmessung-mit-h2-sensor-ga-h2\\\/#primaryimage\",\"url\":\"https:\\\/\\\/mesa-international.de\\\/wp-content\\\/uploads\\\/2022\\\/11\\\/H2-probe-3D.png\",\"contentUrl\":\"https:\\\/\\\/mesa-international.de\\\/wp-content\\\/uploads\\\/2022\\\/11\\\/H2-probe-3D.png\",\"width\":600,\"height\":600},{\"@type\":\"WebSite\",\"@id\":\"https:\\\/\\\/mesa-international.de\\\/de\\\/#website\",\"url\":\"https:\\\/\\\/mesa-international.de\\\/de\\\/\",\"name\":\"www.mesa-international.de\",\"description\":\"Mesa Electronics Gmbh\",\"publisher\":{\"@id\":\"https:\\\/\\\/mesa-international.de\\\/de\\\/#organization\"},\"potentialAction\":[{\"@type\":\"SearchAction\",\"target\":{\"@type\":\"EntryPoint\",\"urlTemplate\":\"https:\\\/\\\/mesa-international.de\\\/de\\\/?s={search_term_string}\"},\"query-input\":{\"@type\":\"PropertyValueSpecification\",\"valueRequired\":true,\"valueName\":\"search_term_string\"}}],\"inLanguage\":\"de\"},{\"@type\":\"Organization\",\"@id\":\"https:\\\/\\\/mesa-international.de\\\/de\\\/#organization\",\"name\":\"www.mesa-international.de\",\"url\":\"https:\\\/\\\/mesa-international.de\\\/de\\\/\",\"logo\":{\"@type\":\"ImageObject\",\"inLanguage\":\"de\",\"@id\":\"https:\\\/\\\/mesa-international.de\\\/de\\\/#\\\/schema\\\/logo\\\/image\\\/\",\"url\":\"https:\\\/\\\/mesa-international.de\\\/wp-content\\\/uploads\\\/2022\\\/11\\\/sadsaca.png\",\"contentUrl\":\"https:\\\/\\\/mesa-international.de\\\/wp-content\\\/uploads\\\/2022\\\/11\\\/sadsaca.png\",\"width\":173,\"height\":107,\"caption\":\"www.mesa-international.de\"},\"image\":{\"@id\":\"https:\\\/\\\/mesa-international.de\\\/de\\\/#\\\/schema\\\/logo\\\/image\\\/\"},\"sameAs\":[\"https:\\\/\\\/www.linkedin.com\\\/company\\\/mesa-electronic-gmbh\\\/\"]}]}<\/script>\n<!-- \/ Yoast SEO plugin. -->","yoast_head_json":{"title":"Gasentnahmearmatur Wasserstoffmessung mit  H2-Sensor (GA H2) - www.mesa-international.de","description":"Die Sonde mi\u00dft den Wasserstoffge\u00adhalt in einer Me\u00dfkammer am Ende der Me\u00dfgasarmatur.","robots":{"index":"index","follow":"follow","max-snippet":"max-snippet:-1","max-image-preview":"max-image-preview:large","max-video-preview":"max-video-preview:-1"},"canonical":"https:\/\/mesa-international.de\/de\/gasentnahmearmatur-wasserstoffmessung-mit-h2-sensor-ga-h2\/","og_locale":"de_DE","og_type":"article","og_title":"Gasentnahmearmatur Wasserstoffmessung mit  H2-Sensor (GA H2) - www.mesa-international.de","og_description":"Die Sonde mi\u00dft den Wasserstoffge\u00adhalt in einer Me\u00dfkammer am Ende der Me\u00dfgasarmatur.","og_url":"https:\/\/mesa-international.de\/de\/gasentnahmearmatur-wasserstoffmessung-mit-h2-sensor-ga-h2\/","og_site_name":"www.mesa-international.de","article_modified_time":"2023-11-01T16:15:11+00:00","og_image":[{"width":600,"height":600,"url":"https:\/\/mesa-international.de\/wp-content\/uploads\/2022\/11\/H2-probe-3D.png","type":"image\/png"}],"twitter_card":"summary_large_image","twitter_misc":{"Gesch\u00e4tzte Lesezeit":"3\u00a0Minuten"},"schema":{"@context":"https:\/\/schema.org","@graph":[{"@type":"WebPage","@id":"https:\/\/mesa-international.de\/de\/gasentnahmearmatur-wasserstoffmessung-mit-h2-sensor-ga-h2\/","url":"https:\/\/mesa-international.de\/de\/gasentnahmearmatur-wasserstoffmessung-mit-h2-sensor-ga-h2\/","name":"Gasentnahmearmatur Wasserstoffmessung mit H2-Sensor (GA H2) - www.mesa-international.de","isPartOf":{"@id":"https:\/\/mesa-international.de\/de\/#website"},"primaryImageOfPage":{"@id":"https:\/\/mesa-international.de\/de\/gasentnahmearmatur-wasserstoffmessung-mit-h2-sensor-ga-h2\/#primaryimage"},"image":{"@id":"https:\/\/mesa-international.de\/de\/gasentnahmearmatur-wasserstoffmessung-mit-h2-sensor-ga-h2\/#primaryimage"},"thumbnailUrl":"https:\/\/mesa-international.de\/wp-content\/uploads\/2022\/11\/H2-probe-3D.png","datePublished":"2020-12-25T14:21:56+00:00","dateModified":"2023-11-01T16:15:11+00:00","description":"Die Sonde mi\u00dft den Wasserstoffge\u00adhalt in einer Me\u00dfkammer am Ende der Me\u00dfgasarmatur.","inLanguage":"de","potentialAction":[{"@type":"ReadAction","target":["https:\/\/mesa-international.de\/de\/gasentnahmearmatur-wasserstoffmessung-mit-h2-sensor-ga-h2\/"]}]},{"@type":"ImageObject","inLanguage":"de","@id":"https:\/\/mesa-international.de\/de\/gasentnahmearmatur-wasserstoffmessung-mit-h2-sensor-ga-h2\/#primaryimage","url":"https:\/\/mesa-international.de\/wp-content\/uploads\/2022\/11\/H2-probe-3D.png","contentUrl":"https:\/\/mesa-international.de\/wp-content\/uploads\/2022\/11\/H2-probe-3D.png","width":600,"height":600},{"@type":"WebSite","@id":"https:\/\/mesa-international.de\/de\/#website","url":"https:\/\/mesa-international.de\/de\/","name":"www.mesa-international.de","description":"Mesa Electronics Gmbh","publisher":{"@id":"https:\/\/mesa-international.de\/de\/#organization"},"potentialAction":[{"@type":"SearchAction","target":{"@type":"EntryPoint","urlTemplate":"https:\/\/mesa-international.de\/de\/?s={search_term_string}"},"query-input":{"@type":"PropertyValueSpecification","valueRequired":true,"valueName":"search_term_string"}}],"inLanguage":"de"},{"@type":"Organization","@id":"https:\/\/mesa-international.de\/de\/#organization","name":"www.mesa-international.de","url":"https:\/\/mesa-international.de\/de\/","logo":{"@type":"ImageObject","inLanguage":"de","@id":"https:\/\/mesa-international.de\/de\/#\/schema\/logo\/image\/","url":"https:\/\/mesa-international.de\/wp-content\/uploads\/2022\/11\/sadsaca.png","contentUrl":"https:\/\/mesa-international.de\/wp-content\/uploads\/2022\/11\/sadsaca.png","width":173,"height":107,"caption":"www.mesa-international.de"},"image":{"@id":"https:\/\/mesa-international.de\/de\/#\/schema\/logo\/image\/"},"sameAs":["https:\/\/www.linkedin.com\/company\/mesa-electronic-gmbh\/"]}]}},"_links":{"self":[{"href":"https:\/\/mesa-international.de\/de\/wp-json\/wp\/v2\/pages\/239885","targetHints":{"allow":["GET"]}}],"collection":[{"href":"https:\/\/mesa-international.de\/de\/wp-json\/wp\/v2\/pages"}],"about":[{"href":"https:\/\/mesa-international.de\/de\/wp-json\/wp\/v2\/types\/page"}],"author":[{"embeddable":true,"href":"https:\/\/mesa-international.de\/de\/wp-json\/wp\/v2\/users\/5"}],"replies":[{"embeddable":true,"href":"https:\/\/mesa-international.de\/de\/wp-json\/wp\/v2\/comments?post=239885"}],"version-history":[{"count":0,"href":"https:\/\/mesa-international.de\/de\/wp-json\/wp\/v2\/pages\/239885\/revisions"}],"wp:featuredmedia":[{"embeddable":true,"href":"https:\/\/mesa-international.de\/de\/wp-json\/wp\/v2\/media\/239889"}],"wp:attachment":[{"href":"https:\/\/mesa-international.de\/de\/wp-json\/wp\/v2\/media?parent=239885"}],"wp:term":[{"taxonomy":"category","embeddable":true,"href":"https:\/\/mesa-international.de\/de\/wp-json\/wp\/v2\/categories?post=239885"},{"taxonomy":"post_tag","embeddable":true,"href":"https:\/\/mesa-international.de\/de\/wp-json\/wp\/v2\/tags?post=239885"}],"curies":[{"name":"wp","href":"https:\/\/api.w.org\/{rel}","templated":true}]}}