{"id":239870,"date":"2020-12-28T14:25:53","date_gmt":"2020-12-28T14:25:53","guid":{"rendered":"https:\/\/bold-lamport.87-106-169-145.plesk.page\/?page_id=239870"},"modified":"2022-12-05T20:20:17","modified_gmt":"2022-12-05T20:20:17","slug":"carbomat-m","status":"publish","type":"page","link":"https:\/\/mesa-international.de\/de\/carbomat-m\/","title":{"rendered":"Carbomat-M"},"content":{"rendered":"<p>[et_pb_section fb_built=&#8220;1&#8243; admin_label=&#8220;Header&#8220; _builder_version=&#8220;4.19.2&#8243; background_color_gradient_direction=&#8220;80deg&#8220; background_image=&#8220;https:\/\/mesa-international.de\/wp-content\/uploads\/2022\/02\/MESA-Eletronic-GmbH-scaled-2-2.jpg&#8220; parallax=&#8220;on&#8220; parallax_method=&#8220;off&#8220; positioning=&#8220;none&#8220; overflow-x=&#8220;hidden&#8220; custom_padding=&#8220;0px||0px||false|false&#8220; hover_enabled=&#8220;0&#8243; locked=&#8220;off&#8220; global_colors_info=&#8220;{}&#8220; title_text=&#8220;MESA-Eletronic-GmbH-scaled-2&#8243; sticky_enabled=&#8220;0&#8243;][et_pb_row column_structure=&#8220;1_2,1_2&#8243; use_custom_gutter=&#8220;on&#8220; gutter_width=&#8220;4&#8243; _builder_version=&#8220;4.16&#8243; background_size=&#8220;contain&#8220; background_position=&#8220;bottom_center&#8220; max_width=&#8220;1280px&#8220; custom_margin=&#8220;-21px|auto|-3px|auto|false|false&#8220; custom_padding=&#8220;0px|||||&#8220; global_colors_info=&#8220;{}&#8220;][et_pb_column type=&#8220;1_2&#8243; _builder_version=&#8220;4.16&#8243; custom_padding=&#8220;40px|||&#8220; custom_padding_tablet=&#8220;0vw|||&#8220; global_colors_info=&#8220;{}&#8220; custom_padding__hover=&#8220;|||&#8220;][et_pb_text _builder_version=&#8220;4.16&#8243; _module_preset=&#8220;default&#8220; header_font=&#8220;Archivo|700|||||||&#8220; header_text_align=&#8220;left&#8220; header_font_size=&#8220;44px&#8220; global_colors_info=&#8220;{}&#8220;]<\/p>\n<div id=\"pg-2833-0\" class=\"panel-grid panel-has-style\">\n<div class=\"siteorigin-panels-stretch panel-row-style panel-row-style-for-2833-0\" data-stretch-type=\"full\">\n<div id=\"pgc-2833-0-0\" class=\"panel-grid-cell\">\n<div id=\"panel-2833-0-0-0\" class=\"so-panel widget widget_sow-editor panel-first-child panel-last-child\" data-index=\"0\">\n<div class=\"container panel-widget-style panel-widget-style-for-2833-0-0-0\">\n<div class=\"so-widget-sow-editor so-widget-sow-editor-base\">\n<div class=\"siteorigin-widget-tinymce textwidget\">\n<h1>C-PEGEL-REGLER CARBOMAT-M<\/h1>\n<div class=\"su-button-center\">\u00a0<\/div>\n<\/div>\n<\/div>\n<\/div>\n<\/div>\n<\/div>\n<\/div>\n<\/div>\n<div id=\"pg-2833-1\" class=\"panel-grid panel-has-style\">\n<div class=\"siteorigin-panels-stretch panel-row-style panel-row-style-for-2833-1\" data-stretch-type=\"full-stretched\">\n<div id=\"pgc-2833-1-0\" class=\"panel-grid-cell\">\n<div id=\"panel-2833-1-0-0\" class=\"so-panel widget widget_sow-editor panel-first-child panel-last-child\" data-index=\"1\">\n<div class=\"so-widget-sow-editor so-widget-sow-editor-base\">\n<div class=\"siteorigin-widget-tinymce textwidget\">\n<p>&nbsp;<\/p>\n<\/div>\n<\/div>\n<\/div>\n<\/div>\n<\/div>\n<\/div>\n<p>[\/et_pb_text][et_pb_testimonial author=&#8220;C-PEGEL-REGLER CARBOMAT-M&#8220; portrait_url=&#8220;https:\/\/mesa-international.de\/wp-content\/uploads\/2022\/11\/Carbomat-M-300&#215;300-1.png&#8220; quote_icon=&#8220;off&#8220; _builder_version=&#8220;4.19.2&#8243; _module_preset=&#8220;default&#8220; hover_enabled=&#8220;0&#8243; border_radii=&#8220;on|15px|15px|15px|15px&#8220; global_colors_info=&#8220;{}&#8220; title_text=&#8220;Carbomat-M-300&#215;300-1&#8243; sticky_enabled=&#8220;0&#8243;]<\/p>\n<div id=\"pgc-2940-2-0\" class=\"panel-grid-cell\">\n<div id=\"panel-2940-2-0-0\" class=\"so-panel widget widget_sow-editor panel-first-child panel-last-child\" data-index=\"3\">\n<div class=\"panel-widget-style panel-widget-style-for-2940-2-0-0\">\n<div class=\"so-widget-sow-editor so-widget-sow-editor-base\">\n<div class=\"siteorigin-widget-tinymce textwidget\">\n<div id=\"pgc-2940-2-0\" class=\"panel-grid-cell\">\n<div id=\"panel-2940-2-0-0\" class=\"so-panel widget widget_sow-editor panel-first-child panel-last-child\" data-index=\"3\">\n<div class=\"panel-widget-style panel-widget-style-for-2940-2-0-0\">\n<div class=\"so-widget-sow-editor so-widget-sow-editor-base\">\n<div class=\"siteorigin-widget-tinymce textwidget\">\n<div id=\"pgc-2945-2-0\" class=\"panel-grid-cell\">\n<div class=\"col-md-12 panel-cell-style panel-cell-style-for-2945-2-0\">\n<div id=\"panel-2945-2-0-0\" class=\"so-panel widget widget_sow-editor panel-first-child panel-last-child\" data-index=\"3\">\n<div class=\"so-widget-sow-editor so-widget-sow-editor-base\">\n<div class=\"siteorigin-widget-tinymce textwidget\">\n<div id=\"pgc-1234-3-0\" class=\"panel-grid-cell\">\n<div id=\"panel-1234-3-0-0\" class=\"so-panel widget widget_sow-editor panel-first-child panel-last-child\" data-index=\"5\">\n<div class=\"so-widget-sow-editor so-widget-sow-editor-base\">\n<div class=\"siteorigin-widget-tinymce textwidget\">\n<h4>FUNKTION<\/h4>\n<div class=\"page\" title=\"Page 1\">\n<div class=\"section\">\n<div class=\"layoutArea\">\n<div class=\"column\">\n<p class=\"p1\"><span class=\"s1\">Die heute \u00fcbliche Me\u00dfmethode zur Bestimmung des Kohlenstoffgehaltes in Ofenatmosph\u00e4ren ist die indirekte Messung des Sauerstoffgehalts im Ofen mit Zirkoniumoxidsonden. Der CARBOMAT-M bietet f\u00fcr diese Methode besondere Unterst\u00fctzung.<\/span><\/p>\n<p class=\"p1\"><span class=\"s1\">Der CARBOMAT-M ist ein Einkanalme\u00df- und Regelsystem zur C-Pegelerrechnung und -regelung in Ofenatmosph\u00e4ren von W\u00e4rmebehandlungsanlagen.<\/span><\/p>\n<\/div>\n<\/div>\n<\/div>\n<\/div>\n<\/div>\n<\/div>\n<\/div>\n<\/div>\n<div id=\"pgc-1234-3-1\" class=\"panel-grid-cell\">\n<div id=\"panel-1234-3-1-0\" class=\"so-panel widget widget_sow-editor panel-first-child panel-last-child\" data-index=\"6\">\n<div class=\"panel-widget-style panel-widget-style-for-1234-3-1-0\">\n<div class=\"so-widget-sow-editor so-widget-sow-editor-base\">\n<div class=\"siteorigin-widget-tinymce textwidget\">\n<h4>\u00a0<\/h4>\n<p>\u00dcber DIP-Schalter auf der R\u00fcckseite des Ger\u00e4tes kann der CARBOMAT-M leicht an vorhandene Anlagen angepa\u00dft werden. \u00c4nderungen der Me\u00dfwerterfassung, z.B. der Wechsel von Gasanalysatoren auf Sauerstoffsonden, ist problemlos m\u00f6glich.<\/p>\n<p>Die Sauerstoffmessung durch eine L-Sonde bietet im H\u00e4rterei-Bereich eine neue preisg\u00fcnstige M\u00f6glichkeit, den Kohlenstoff-gehalt in der Ofenatmosph\u00e4re zu bestimmen.<\/p>\n<\/div>\n<\/div>\n<\/div>\n<\/div>\n<\/div>\n<\/div>\n<\/div>\n<\/div>\n<\/div>\n<\/div>\n<\/div>\n<\/div>\n<\/div>\n<\/div>\n<\/div>\n<\/div>\n<\/div>\n<\/div>\n<\/div>\n<\/div>\n<p>[\/et_pb_testimonial][\/et_pb_column][et_pb_column type=&#8220;1_2&#8243; _builder_version=&#8220;4.16&#8243; custom_padding=&#8220;|||&#8220; global_colors_info=&#8220;{}&#8220; custom_padding__hover=&#8220;|||&#8220;][et_pb_image src=&#8220;https:\/\/mesa-international.de\/wp-content\/uploads\/2022\/11\/Carbomat-M-300&#215;300-1.png&#8220; title_text=&#8220;Carbomat-M-300&#215;300-1&#8243; _builder_version=&#8220;4.19.2&#8243; transform_scale=&#8220;113%|113%&#8220; transform_scale_tablet=&#8220;116%|116%&#8220; transform_scale_phone=&#8220;80%|80%&#8220; transform_scale_last_edited=&#8220;off|desktop&#8220; transform_translate_tablet=&#8220;30vw|-24vw&#8220; transform_translate_phone=&#8220;0vw|-15vw&#8220; transform_translate_last_edited=&#8220;off|desktop&#8220; transform_rotate_last_edited=&#8220;off|desktop&#8220; transform_skew_last_edited=&#8220;off|desktop&#8220; transform_origin_last_edited=&#8220;off|desktop&#8220; transform_styles_last_edited=&#8220;off|desktop&#8220; position_origin_f=&#8220;bottom_center&#8220; width=&#8220;100%&#8220; max_width=&#8220;480px&#8220; custom_margin=&#8220;132px|||||&#8220; animation_direction=&#8220;bottom&#8220; always_center_on_mobile=&#8220;off&#8220; global_colors_info=&#8220;{}&#8220; transform_styles__hover_enabled=&#8220;on|hover&#8220; transform_scale__hover_enabled=&#8220;on|hover&#8220; transform_translate__hover_enabled=&#8220;on|desktop&#8220; transform_rotate__hover_enabled=&#8220;on|desktop&#8220; transform_skew__hover_enabled=&#8220;on|desktop&#8220; transform_origin__hover_enabled=&#8220;on|desktop&#8220; transform_scale__hover=&#8220;145%|145%&#8220; transform_rotate__hover=&#8220;0deg|0deg|13deg&#8220;][\/et_pb_image][et_pb_button button_url=&#8220;https:\/\/mesa-international.de\/wp-content\/uploads\/2021\/01\/Carbomat-M-DB-DE-v3.0-02-2017-2.pdf&#8220; url_new_window=&#8220;on&#8220; button_text=&#8220;Datenblatt herunterladen \/ Download in PDF format&#8220; _builder_version=&#8220;4.19.2&#8243; _module_preset=&#8220;default&#8220; custom_button=&#8220;on&#8220; button_text_size=&#8220;14px&#8220; button_text_color=&#8220;#ffffff&#8220; button_bg_color=&#8220;#e02b20&#8243; button_border_width=&#8220;0px&#8220; button_border_radius=&#8220;15px&#8220; button_font=&#8220;|700|||||||&#8220; hover_enabled=&#8220;0&#8243; global_colors_info=&#8220;{}&#8220; sticky_enabled=&#8220;0&#8243;][\/et_pb_button][et_pb_text _builder_version=&#8220;4.16&#8243; _module_preset=&#8220;default&#8220; header_font=&#8220;Archivo|700|||||||&#8220; header_4_font=&#8220;Archivo|700|||||||&#8220; header_4_text_color=&#8220;#353535&#8243; global_colors_info=&#8220;{}&#8220;]<\/p>\n<div id=\"pgc-2945-3-0\" class=\"panel-grid-cell\">\n<div class=\"col-md-12 panel-cell-style panel-cell-style-for-2945-3-0\">\n<div id=\"panel-2945-3-0-0\" class=\"so-panel widget widget_sow-editor panel-first-child panel-last-child\" data-index=\"5\">\n<div class=\"so-widget-sow-editor so-widget-sow-editor-base\">\n<div class=\"siteorigin-widget-tinymce textwidget\">\n<div id=\"pgc-1234-3-0\" class=\"panel-grid-cell\">\n<div id=\"panel-1234-3-0-0\" class=\"so-panel widget widget_sow-editor panel-first-child panel-last-child\" data-index=\"5\">\n<div class=\"so-widget-sow-editor so-widget-sow-editor-base\">\n<div class=\"siteorigin-widget-tinymce textwidget\">\n<h4>FUNKTION<\/h4>\n<div class=\"page\" title=\"Page 1\">\n<div class=\"section\">\n<div class=\"layoutArea\">\n<div class=\"column\">\n<p class=\"p1\"><span class=\"s1\">Die heute \u00fcbliche Me\u00dfmethode zur Bestimmung des Kohlenstoffgehaltes in Ofenatmosph\u00e4ren ist die indirekte Messung des Sauerstoffgehalts im Ofen mit Zirkoniumoxidsonden. Der CARBOMAT-M bietet f\u00fcr diese Methode besondere Unterst\u00fctzung.<\/span><\/p>\n<p class=\"p1\"><span class=\"s1\">Der CARBOMAT-M ist ein Einkanalme\u00df- und Regelsystem zur C-Pegelerrechnung und -regelung in Ofenatmosph\u00e4ren von W\u00e4rmebehandlungsanlagen.<\/span><\/p>\n<\/div>\n<\/div>\n<\/div>\n<\/div>\n<\/div>\n<\/div>\n<\/div>\n<\/div>\n<div id=\"pgc-1234-3-1\" class=\"panel-grid-cell\">\n<div id=\"panel-1234-3-1-0\" class=\"so-panel widget widget_sow-editor panel-first-child panel-last-child\" data-index=\"6\">\n<div class=\"panel-widget-style panel-widget-style-for-1234-3-1-0\">\n<div class=\"so-widget-sow-editor so-widget-sow-editor-base\">\n<div class=\"siteorigin-widget-tinymce textwidget\">\n<h4>\u00a0<\/h4>\n<p>\u00dcber DIP-Schalter auf der R\u00fcckseite des Ger\u00e4tes kann der CARBOMAT-M leicht an vorhandene Anlagen angepa\u00dft werden. \u00c4nderungen der Me\u00dfwerterfassung, z.B. der Wechsel von Gasanalysatoren auf Sauerstoffsonden, ist problemlos m\u00f6glich.<\/p>\n<p>Die Sauerstoffmessung durch eine L-Sonde bietet im H\u00e4rterei-Bereich eine neue preisg\u00fcnstige M\u00f6glichkeit, den Kohlenstoff-gehalt in der Ofenatmosph\u00e4re zu bestimmen.<\/p>\n<\/div>\n<\/div>\n<\/div>\n<\/div>\n<\/div>\n<\/div>\n<\/div>\n<\/div>\n<\/div>\n<\/div>\n<p>[\/et_pb_text][\/et_pb_column][\/et_pb_row][et_pb_row column_structure=&#8220;1_2,1_2&#8243; _builder_version=&#8220;4.16&#8243; _module_preset=&#8220;default&#8220; global_colors_info=&#8220;{}&#8220;][et_pb_column type=&#8220;1_2&#8243; _builder_version=&#8220;4.16&#8243; _module_preset=&#8220;default&#8220; global_colors_info=&#8220;{}&#8220;][et_pb_text _builder_version=&#8220;4.16&#8243; _module_preset=&#8220;default&#8220; header_font=&#8220;Archivo|700|||||||&#8220; header_4_font=&#8220;Archivo|700|||||||&#8220; header_4_text_color=&#8220;#353535&#8243; global_colors_info=&#8220;{}&#8220;]<\/p>\n<h4>TECHNICAL DATA<\/h4>\n<div class=\"su-table su-table-alternate\">\n<p>&nbsp;<\/p>\n<table class=\"table \">\n<thead><\/thead>\n<tbody>\n<tr>\n<th scope=\"row\">Construction:<\/th>\n<td>Metal housing for mounting in control panels, in conformance with DIN 40050 Type of protection IP 54, as specified in DIN50050<\/td>\n<\/tr>\n<tr>\n<th scope=\"row\">Dimensions:<\/th>\n<td>144 x 144 x 300 mm (lxwxh)<\/td>\n<\/tr>\n<tr>\n<th scope=\"row\">Auxiliary voltage:<\/th>\n<td>230 Vac \u00b1 10 % 50\/60 Hz<\/td>\n<\/tr>\n<tr>\n<th scope=\"row\">Power consumption:<\/th>\n<td>About 15 VA<\/td>\n<\/tr>\n<tr>\n<th scope=\"row\">Attention:<\/th>\n<td>\n<p>If you use L-probe and O2 -probe you can \u0301t connect an additional Reference junction.<\/p>\n<p>&nbsp;<\/p>\n<ul>\n<li>Thermo couple,typeK or S<\/li>\n<li>Reference junction,type K or S (also mixed)<\/li>\n<li>Terminal temperature (Pt 100)<\/li>\n<li>External set value:analog or through \u00a0serial interface<\/li>\n<\/ul>\n<\/td>\n<\/tr>\n<\/tbody>\n<\/table>\n<\/div>\n<p>[\/et_pb_text][\/et_pb_column][et_pb_column type=&#8220;1_2&#8243; _builder_version=&#8220;4.16&#8243; _module_preset=&#8220;default&#8220; global_colors_info=&#8220;{}&#8220;][et_pb_text _builder_version=&#8220;4.16&#8243; _module_preset=&#8220;default&#8220; header_font=&#8220;Archivo|700|||||||&#8220; header_4_font=&#8220;Archivo|700|||||||&#8220; header_4_text_color=&#8220;#353535&#8243; custom_margin=&#8220;54px|||-14px||&#8220; global_colors_info=&#8220;{}&#8220;]<\/p>\n<table class=\"table table-striped\">\n<thead><\/thead>\n<tbody>\n<tr class=\"su-even\">\n<th scope=\"row\">Analoge Eingangssignale:<\/th>\n<td>\n<ul>\n<li>O2-Sonde (Zirkoniumoxid), Zellenspannung<br \/>direkt<br \/>oder \u00fcber Verst\u00e4rker<\/li>\n<li>O2-Sonde und CO-Analysator<\/li>\n<li>CO2-Analysator<\/li>\n<li>CO2-Analysator und CO-Analysator<\/li>\n<li>O2-Sonde und L-Sonde<\/li>\n<li>O2-Sonde, L-Sonde und CO-Analysator<\/li>\n<li>L-Sonde und CO-Analysator<\/li>\n<li>L-Sonde und CO2-Analysator<\/li>\n<li>L-Sonde, CO2-Analysator und CO-Analysator<\/li>\n<li>L-Sonde und L-Sonde<\/li>\n<li>O2-Sonde und O2-Sonde<\/li>\n<li>CO2-Analysator und O2-Sonde<\/li>\n<\/ul>\n<\/td>\n<\/tr>\n<tr>\n<th scope=\"row\">Optionales Zubeh\u00f6r:<\/th>\n<td>\n<ul>\n<li>Rel-Box<\/li>\n<li>PRL-Box<\/li>\n<li>Klemmleistenadapter<\/li>\n<\/ul>\n<\/td>\n<\/tr>\n<\/tbody>\n<\/table>\n<p>[\/et_pb_text][\/et_pb_column][\/et_pb_row][\/et_pb_section]<\/p>\n","protected":false},"excerpt":{"rendered":"<p>[et_pb_section fb_built=&#8220;1&#8243; admin_label=&#8220;Header&#8220; _builder_version=&#8220;4.19.2&#8243; background_color_gradient_direction=&#8220;80deg&#8220; background_image=&#8220;https:\/\/mesa-international.de\/wp-content\/uploads\/2022\/02\/MESA-Eletronic-GmbH-scaled-2-2.jpg&#8220; parallax=&#8220;on&#8220; parallax_method=&#8220;off&#8220; positioning=&#8220;none&#8220; overflow-x=&#8220;hidden&#8220; custom_padding=&#8220;0px||0px||false|false&#8220; hover_enabled=&#8220;0&#8243; locked=&#8220;off&#8220; global_colors_info=&#8220;{}&#8220; title_text=&#8220;MESA-Eletronic-GmbH-scaled-2&#8243; sticky_enabled=&#8220;0&#8243;][et_pb_row column_structure=&#8220;1_2,1_2&#8243; use_custom_gutter=&#8220;on&#8220; gutter_width=&#8220;4&#8243; _builder_version=&#8220;4.16&#8243; background_size=&#8220;contain&#8220; background_position=&#8220;bottom_center&#8220; max_width=&#8220;1280px&#8220; custom_margin=&#8220;-21px|auto|-3px|auto|false|false&#8220; custom_padding=&#8220;0px|||||&#8220; global_colors_info=&#8220;{}&#8220;][et_pb_column type=&#8220;1_2&#8243; _builder_version=&#8220;4.16&#8243; custom_padding=&#8220;40px|||&#8220; custom_padding_tablet=&#8220;0vw|||&#8220; global_colors_info=&#8220;{}&#8220; custom_padding__hover=&#8220;|||&#8220;][et_pb_text _builder_version=&#8220;4.16&#8243; _module_preset=&#8220;default&#8220; header_font=&#8220;Archivo|700|||||||&#8220; header_text_align=&#8220;left&#8220; header_font_size=&#8220;44px&#8220; global_colors_info=&#8220;{}&#8220;] C-PEGEL-REGLER CARBOMAT-M \u00a0 &nbsp; [\/et_pb_text][et_pb_testimonial author=&#8220;C-PEGEL-REGLER CARBOMAT-M&#8220; portrait_url=&#8220;https:\/\/mesa-international.de\/wp-content\/uploads\/2022\/11\/Carbomat-M-300&#215;300-1.png&#8220; quote_icon=&#8220;off&#8220; _builder_version=&#8220;4.19.2&#8243; _module_preset=&#8220;default&#8220; hover_enabled=&#8220;0&#8243; [&hellip;]<\/p>\n","protected":false},"author":5,"featured_media":239874,"parent":0,"menu_order":0,"comment_status":"closed","ping_status":"closed","template":"","meta":{"_acf_changed":false,"content-type":"","footnotes":""},"categories":[],"tags":[],"class_list":["post-239870","page","type-page","status-publish","has-post-thumbnail","hentry"],"acf":[],"yoast_head":"<!-- This site is optimized with the Yoast SEO plugin v27.5 - https:\/\/yoast.com\/product\/yoast-seo-wordpress\/ -->\n<title>Carbomat-M - www.mesa-international.de<\/title>\n<meta name=\"description\" content=\"Die heute \u00fcbliche Me\u00dfmethode zur Bestimmung des Kohlenstoffgehaltes in Ofenatmosph\u00e4ren ist die indirekte Messung des Sauerstoffgehalts im Ofen mit Zirkoniumoxidsonden.\" \/>\n<meta name=\"robots\" content=\"index, follow, max-snippet:-1, max-image-preview:large, max-video-preview:-1\" \/>\n<link rel=\"canonical\" href=\"https:\/\/mesa-international.de\/de\/carbomat-m\/\" \/>\n<meta property=\"og:locale\" content=\"de_DE\" \/>\n<meta property=\"og:type\" content=\"article\" \/>\n<meta property=\"og:title\" content=\"Carbomat-M - www.mesa-international.de\" \/>\n<meta property=\"og:description\" content=\"Die heute \u00fcbliche Me\u00dfmethode zur Bestimmung des Kohlenstoffgehaltes in Ofenatmosph\u00e4ren ist die indirekte Messung des Sauerstoffgehalts im Ofen mit Zirkoniumoxidsonden.\" \/>\n<meta property=\"og:url\" content=\"https:\/\/mesa-international.de\/de\/carbomat-m\/\" \/>\n<meta property=\"og:site_name\" content=\"www.mesa-international.de\" \/>\n<meta property=\"article:modified_time\" content=\"2022-12-05T20:20:17+00:00\" \/>\n<meta property=\"og:image\" content=\"https:\/\/mesa-international.de\/wp-content\/uploads\/2022\/11\/Carbomat-M-300x300-1.png\" \/>\n\t<meta property=\"og:image:width\" content=\"300\" \/>\n\t<meta property=\"og:image:height\" content=\"300\" \/>\n\t<meta property=\"og:image:type\" content=\"image\/png\" \/>\n<meta name=\"twitter:card\" content=\"summary_large_image\" \/>\n<meta name=\"twitter:label1\" content=\"Gesch\u00e4tzte Lesezeit\" \/>\n\t<meta name=\"twitter:data1\" content=\"5\u00a0Minuten\" \/>\n<script type=\"application\/ld+json\" class=\"yoast-schema-graph\">{\"@context\":\"https:\\\/\\\/schema.org\",\"@graph\":[{\"@type\":\"WebPage\",\"@id\":\"https:\\\/\\\/mesa-international.de\\\/de\\\/carbomat-m\\\/\",\"url\":\"https:\\\/\\\/mesa-international.de\\\/de\\\/carbomat-m\\\/\",\"name\":\"Carbomat-M - www.mesa-international.de\",\"isPartOf\":{\"@id\":\"https:\\\/\\\/mesa-international.de\\\/de\\\/#website\"},\"primaryImageOfPage\":{\"@id\":\"https:\\\/\\\/mesa-international.de\\\/de\\\/carbomat-m\\\/#primaryimage\"},\"image\":{\"@id\":\"https:\\\/\\\/mesa-international.de\\\/de\\\/carbomat-m\\\/#primaryimage\"},\"thumbnailUrl\":\"https:\\\/\\\/mesa-international.de\\\/wp-content\\\/uploads\\\/2022\\\/11\\\/Carbomat-M-300x300-1.png\",\"datePublished\":\"2020-12-28T14:25:53+00:00\",\"dateModified\":\"2022-12-05T20:20:17+00:00\",\"description\":\"Die heute \u00fcbliche Me\u00dfmethode zur Bestimmung des Kohlenstoffgehaltes in Ofenatmosph\u00e4ren ist die indirekte Messung des Sauerstoffgehalts im Ofen mit Zirkoniumoxidsonden.\",\"inLanguage\":\"de\",\"potentialAction\":[{\"@type\":\"ReadAction\",\"target\":[\"https:\\\/\\\/mesa-international.de\\\/de\\\/carbomat-m\\\/\"]}]},{\"@type\":\"ImageObject\",\"inLanguage\":\"de\",\"@id\":\"https:\\\/\\\/mesa-international.de\\\/de\\\/carbomat-m\\\/#primaryimage\",\"url\":\"https:\\\/\\\/mesa-international.de\\\/wp-content\\\/uploads\\\/2022\\\/11\\\/Carbomat-M-300x300-1.png\",\"contentUrl\":\"https:\\\/\\\/mesa-international.de\\\/wp-content\\\/uploads\\\/2022\\\/11\\\/Carbomat-M-300x300-1.png\",\"width\":300,\"height\":300},{\"@type\":\"WebSite\",\"@id\":\"https:\\\/\\\/mesa-international.de\\\/de\\\/#website\",\"url\":\"https:\\\/\\\/mesa-international.de\\\/de\\\/\",\"name\":\"www.mesa-international.de\",\"description\":\"Mesa Electronics Gmbh\",\"publisher\":{\"@id\":\"https:\\\/\\\/mesa-international.de\\\/de\\\/#organization\"},\"potentialAction\":[{\"@type\":\"SearchAction\",\"target\":{\"@type\":\"EntryPoint\",\"urlTemplate\":\"https:\\\/\\\/mesa-international.de\\\/de\\\/?s={search_term_string}\"},\"query-input\":{\"@type\":\"PropertyValueSpecification\",\"valueRequired\":true,\"valueName\":\"search_term_string\"}}],\"inLanguage\":\"de\"},{\"@type\":\"Organization\",\"@id\":\"https:\\\/\\\/mesa-international.de\\\/de\\\/#organization\",\"name\":\"www.mesa-international.de\",\"url\":\"https:\\\/\\\/mesa-international.de\\\/de\\\/\",\"logo\":{\"@type\":\"ImageObject\",\"inLanguage\":\"de\",\"@id\":\"https:\\\/\\\/mesa-international.de\\\/de\\\/#\\\/schema\\\/logo\\\/image\\\/\",\"url\":\"https:\\\/\\\/mesa-international.de\\\/wp-content\\\/uploads\\\/2022\\\/11\\\/sadsaca.png\",\"contentUrl\":\"https:\\\/\\\/mesa-international.de\\\/wp-content\\\/uploads\\\/2022\\\/11\\\/sadsaca.png\",\"width\":173,\"height\":107,\"caption\":\"www.mesa-international.de\"},\"image\":{\"@id\":\"https:\\\/\\\/mesa-international.de\\\/de\\\/#\\\/schema\\\/logo\\\/image\\\/\"},\"sameAs\":[\"https:\\\/\\\/www.linkedin.com\\\/company\\\/mesa-electronic-gmbh\\\/\"]}]}<\/script>\n<!-- \/ Yoast SEO plugin. -->","yoast_head_json":{"title":"Carbomat-M - www.mesa-international.de","description":"Die heute \u00fcbliche Me\u00dfmethode zur Bestimmung des Kohlenstoffgehaltes in Ofenatmosph\u00e4ren ist die indirekte Messung des Sauerstoffgehalts im Ofen mit Zirkoniumoxidsonden.","robots":{"index":"index","follow":"follow","max-snippet":"max-snippet:-1","max-image-preview":"max-image-preview:large","max-video-preview":"max-video-preview:-1"},"canonical":"https:\/\/mesa-international.de\/de\/carbomat-m\/","og_locale":"de_DE","og_type":"article","og_title":"Carbomat-M - www.mesa-international.de","og_description":"Die heute \u00fcbliche Me\u00dfmethode zur Bestimmung des Kohlenstoffgehaltes in Ofenatmosph\u00e4ren ist die indirekte Messung des Sauerstoffgehalts im Ofen mit Zirkoniumoxidsonden.","og_url":"https:\/\/mesa-international.de\/de\/carbomat-m\/","og_site_name":"www.mesa-international.de","article_modified_time":"2022-12-05T20:20:17+00:00","og_image":[{"width":300,"height":300,"url":"https:\/\/mesa-international.de\/wp-content\/uploads\/2022\/11\/Carbomat-M-300x300-1.png","type":"image\/png"}],"twitter_card":"summary_large_image","twitter_misc":{"Gesch\u00e4tzte Lesezeit":"5\u00a0Minuten"},"schema":{"@context":"https:\/\/schema.org","@graph":[{"@type":"WebPage","@id":"https:\/\/mesa-international.de\/de\/carbomat-m\/","url":"https:\/\/mesa-international.de\/de\/carbomat-m\/","name":"Carbomat-M - www.mesa-international.de","isPartOf":{"@id":"https:\/\/mesa-international.de\/de\/#website"},"primaryImageOfPage":{"@id":"https:\/\/mesa-international.de\/de\/carbomat-m\/#primaryimage"},"image":{"@id":"https:\/\/mesa-international.de\/de\/carbomat-m\/#primaryimage"},"thumbnailUrl":"https:\/\/mesa-international.de\/wp-content\/uploads\/2022\/11\/Carbomat-M-300x300-1.png","datePublished":"2020-12-28T14:25:53+00:00","dateModified":"2022-12-05T20:20:17+00:00","description":"Die heute \u00fcbliche Me\u00dfmethode zur Bestimmung des Kohlenstoffgehaltes in Ofenatmosph\u00e4ren ist die indirekte Messung des Sauerstoffgehalts im Ofen mit Zirkoniumoxidsonden.","inLanguage":"de","potentialAction":[{"@type":"ReadAction","target":["https:\/\/mesa-international.de\/de\/carbomat-m\/"]}]},{"@type":"ImageObject","inLanguage":"de","@id":"https:\/\/mesa-international.de\/de\/carbomat-m\/#primaryimage","url":"https:\/\/mesa-international.de\/wp-content\/uploads\/2022\/11\/Carbomat-M-300x300-1.png","contentUrl":"https:\/\/mesa-international.de\/wp-content\/uploads\/2022\/11\/Carbomat-M-300x300-1.png","width":300,"height":300},{"@type":"WebSite","@id":"https:\/\/mesa-international.de\/de\/#website","url":"https:\/\/mesa-international.de\/de\/","name":"www.mesa-international.de","description":"Mesa Electronics Gmbh","publisher":{"@id":"https:\/\/mesa-international.de\/de\/#organization"},"potentialAction":[{"@type":"SearchAction","target":{"@type":"EntryPoint","urlTemplate":"https:\/\/mesa-international.de\/de\/?s={search_term_string}"},"query-input":{"@type":"PropertyValueSpecification","valueRequired":true,"valueName":"search_term_string"}}],"inLanguage":"de"},{"@type":"Organization","@id":"https:\/\/mesa-international.de\/de\/#organization","name":"www.mesa-international.de","url":"https:\/\/mesa-international.de\/de\/","logo":{"@type":"ImageObject","inLanguage":"de","@id":"https:\/\/mesa-international.de\/de\/#\/schema\/logo\/image\/","url":"https:\/\/mesa-international.de\/wp-content\/uploads\/2022\/11\/sadsaca.png","contentUrl":"https:\/\/mesa-international.de\/wp-content\/uploads\/2022\/11\/sadsaca.png","width":173,"height":107,"caption":"www.mesa-international.de"},"image":{"@id":"https:\/\/mesa-international.de\/de\/#\/schema\/logo\/image\/"},"sameAs":["https:\/\/www.linkedin.com\/company\/mesa-electronic-gmbh\/"]}]}},"_links":{"self":[{"href":"https:\/\/mesa-international.de\/de\/wp-json\/wp\/v2\/pages\/239870","targetHints":{"allow":["GET"]}}],"collection":[{"href":"https:\/\/mesa-international.de\/de\/wp-json\/wp\/v2\/pages"}],"about":[{"href":"https:\/\/mesa-international.de\/de\/wp-json\/wp\/v2\/types\/page"}],"author":[{"embeddable":true,"href":"https:\/\/mesa-international.de\/de\/wp-json\/wp\/v2\/users\/5"}],"replies":[{"embeddable":true,"href":"https:\/\/mesa-international.de\/de\/wp-json\/wp\/v2\/comments?post=239870"}],"version-history":[{"count":0,"href":"https:\/\/mesa-international.de\/de\/wp-json\/wp\/v2\/pages\/239870\/revisions"}],"wp:featuredmedia":[{"embeddable":true,"href":"https:\/\/mesa-international.de\/de\/wp-json\/wp\/v2\/media\/239874"}],"wp:attachment":[{"href":"https:\/\/mesa-international.de\/de\/wp-json\/wp\/v2\/media?parent=239870"}],"wp:term":[{"taxonomy":"category","embeddable":true,"href":"https:\/\/mesa-international.de\/de\/wp-json\/wp\/v2\/categories?post=239870"},{"taxonomy":"post_tag","embeddable":true,"href":"https:\/\/mesa-international.de\/de\/wp-json\/wp\/v2\/tags?post=239870"}],"curies":[{"name":"wp","href":"https:\/\/api.w.org\/{rel}","templated":true}]}}