{"id":239863,"date":"2020-12-28T14:26:36","date_gmt":"2020-12-28T14:26:36","guid":{"rendered":"https:\/\/bold-lamport.87-106-169-145.plesk.page\/?page_id=239863"},"modified":"2022-12-05T20:29:36","modified_gmt":"2022-12-05T20:29:36","slug":"digital-taupunkt-regler-mesa","status":"publish","type":"page","link":"https:\/\/mesa-international.de\/de\/digital-taupunkt-regler-mesa\/","title":{"rendered":"DIGITALER TAUPUNKTREGLER DGTP5-AN"},"content":{"rendered":"<p>[et_pb_section fb_built=&#8220;1&#8243; admin_label=&#8220;Header&#8220; _builder_version=&#8220;4.19.2&#8243; background_color_gradient_direction=&#8220;80deg&#8220; background_image=&#8220;https:\/\/mesa-international.de\/wp-content\/uploads\/2022\/02\/MESA-Eletronic-GmbH-scaled-2-2.jpg&#8220; parallax=&#8220;on&#8220; parallax_method=&#8220;off&#8220; positioning=&#8220;none&#8220; overflow-x=&#8220;hidden&#8220; custom_padding=&#8220;0px||0px||false|false&#8220; hover_enabled=&#8220;0&#8243; locked=&#8220;off&#8220; global_colors_info=&#8220;{}&#8220; title_text=&#8220;MESA-Eletronic-GmbH-scaled-2&#8243; sticky_enabled=&#8220;0&#8243;][et_pb_row column_structure=&#8220;1_2,1_2&#8243; use_custom_gutter=&#8220;on&#8220; gutter_width=&#8220;4&#8243; _builder_version=&#8220;4.16&#8243; background_size=&#8220;contain&#8220; background_position=&#8220;bottom_center&#8220; max_width=&#8220;1280px&#8220; custom_margin=&#8220;-21px|auto|-3px|auto|false|false&#8220; custom_padding=&#8220;0px|||||&#8220; global_colors_info=&#8220;{}&#8220;][et_pb_column type=&#8220;1_2&#8243; _builder_version=&#8220;4.16&#8243; custom_padding=&#8220;40px|||&#8220; custom_padding_tablet=&#8220;0vw|||&#8220; global_colors_info=&#8220;{}&#8220; custom_padding__hover=&#8220;|||&#8220;][et_pb_text _builder_version=&#8220;4.16&#8243; _module_preset=&#8220;default&#8220; header_font=&#8220;Archivo|700|||||||&#8220; header_text_align=&#8220;left&#8220; header_font_size=&#8220;45px&#8220; global_colors_info=&#8220;{}&#8220;]<\/p>\n<div id=\"pg-2833-0\" class=\"panel-grid panel-has-style\">\n<div class=\"siteorigin-panels-stretch panel-row-style panel-row-style-for-2833-0\" data-stretch-type=\"full\">\n<div id=\"pgc-2833-0-0\" class=\"panel-grid-cell\">\n<div id=\"panel-2833-0-0-0\" class=\"so-panel widget widget_sow-editor panel-first-child panel-last-child\" data-index=\"0\">\n<div class=\"container panel-widget-style panel-widget-style-for-2833-0-0-0\">\n<div class=\"so-widget-sow-editor so-widget-sow-editor-base\">\n<div class=\"siteorigin-widget-tinymce textwidget\">\n<h1 class=\"animated fadeInUp\">DIGITALER TAUPUNKTREGLER DGTP5-AN<\/h1>\n<div class=\"su-button-center\">\u00a0<\/div>\n<\/div>\n<\/div>\n<\/div>\n<\/div>\n<\/div>\n<\/div>\n<\/div>\n<div id=\"pg-2833-1\" class=\"panel-grid panel-has-style\">\n<div class=\"siteorigin-panels-stretch panel-row-style panel-row-style-for-2833-1\" data-stretch-type=\"full-stretched\">\n<div id=\"pgc-2833-1-0\" class=\"panel-grid-cell\">\n<div id=\"panel-2833-1-0-0\" class=\"so-panel widget widget_sow-editor panel-first-child panel-last-child\" data-index=\"1\">\n<div class=\"so-widget-sow-editor so-widget-sow-editor-base\">\n<div class=\"siteorigin-widget-tinymce textwidget\">\n<p>&nbsp;<\/p>\n<\/div>\n<\/div>\n<\/div>\n<\/div>\n<\/div>\n<\/div>\n<p>[\/et_pb_text][et_pb_testimonial author=&#8220;DIGITALER TAUPUNKTREGLER DGTP5-AN&#8220; portrait_url=&#8220;https:\/\/mesa-international.de\/wp-content\/uploads\/2022\/11\/DGTP5-AN-300&#215;300-1.png&#8220; quote_icon=&#8220;off&#8220; _builder_version=&#8220;4.19.2&#8243; _module_preset=&#8220;default&#8220; hover_enabled=&#8220;0&#8243; border_radii=&#8220;on|15px|15px|15px|15px&#8220; global_colors_info=&#8220;{}&#8220; title_text=&#8220;DGTP5-AN-300&#215;300-1&#8243; sticky_enabled=&#8220;0&#8243;]<\/p>\n<h4>FUNKTION:<\/h4>\n<div class=\"page\" title=\"Page 1\">\n<div class=\"section\">\n<div class=\"layoutArea\">\n<div class=\"column\">\n<div class=\"page\" title=\"Page 1\">\n<div class=\"section\">\n<div class=\"layoutArea\">\n<div class=\"column\">\n<div class=\"page\" title=\"Page 1\">\n<div class=\"section\">\n<div class=\"layoutArea\">\n<div class=\"column\">\n<div class=\"page\" title=\"Page 1\">\n<div class=\"section\">\n<div class=\"layoutArea\">\n<div class=\"column\">\n<p class=\"p1\"><span class=\"s1\">Der DGTP5 \u2013 AN ist ein emikroprozessorge-steuerter Regler zur Regelung von Schutzgas-erzeugern mit der L-Sonde. Der Regelbereich ist innerhalb der Grenzen von -50,0\u2026 +50,0 \u00b0Tp frei w\u00e4hlbar. Die L-Sonde kann direkt an den Regler angeschlossen werden, wenn ein NTV 44 zur Versorgung der L-Sonde verwendet wird.Die PID-Reglerparameter werden vom Regler automatisch optimiert (Fuzzy-Logik) und gespeichert.Beim Einsatz als Dreipunktschrittregler ist eine maximale Pulszeit von 2 sec vorprogrammiert, so da\u00df zus\u00e4tzliche externe Impuls-Pausen-Relais entfallen k\u00f6nnen.Durch Verwendung eines nichtfl\u00fcchtigen Speichers bleiben s\u00e4mtliche Daten und Software-einstellungen auch nach dem Abschalten der Versorgungsspannung erhalten.Der Regler l\u00e4\u00dft sich \u00fcber verschiedene Soft-warekonfigurationsebenen auf die jeweilige Anwendung anpassen.<\/span><\/p>\n<\/div>\n<\/div>\n<\/div>\n<\/div>\n<\/div>\n<\/div>\n<\/div>\n<\/div>\n<\/div>\n<\/div>\n<\/div>\n<\/div>\n<\/div>\n<\/div>\n<\/div>\n<\/div>\n<p>[\/et_pb_testimonial][\/et_pb_column][et_pb_column type=&#8220;1_2&#8243; _builder_version=&#8220;4.16&#8243; custom_padding=&#8220;|||&#8220; global_colors_info=&#8220;{}&#8220; custom_padding__hover=&#8220;|||&#8220;][et_pb_image src=&#8220;https:\/\/mesa-international.de\/wp-content\/uploads\/2022\/11\/DGTP5-AN-300&#215;300-1.png&#8220; title_text=&#8220;DGTP5-AN-300&#215;300-1&#8243; _builder_version=&#8220;4.19.2&#8243; transform_scale=&#8220;113%|113%&#8220; transform_scale_tablet=&#8220;116%|116%&#8220; transform_scale_phone=&#8220;80%|80%&#8220; transform_scale_last_edited=&#8220;off|desktop&#8220; transform_translate_tablet=&#8220;30vw|-24vw&#8220; transform_translate_phone=&#8220;0vw|-15vw&#8220; transform_translate_last_edited=&#8220;off|desktop&#8220; transform_rotate_last_edited=&#8220;off|desktop&#8220; transform_skew_last_edited=&#8220;off|desktop&#8220; transform_origin_last_edited=&#8220;off|desktop&#8220; transform_styles_last_edited=&#8220;off|desktop&#8220; position_origin_f=&#8220;bottom_center&#8220; width=&#8220;100%&#8220; max_width=&#8220;480px&#8220; custom_margin=&#8220;132px|||||&#8220; animation_direction=&#8220;bottom&#8220; hover_enabled=&#8220;0&#8243; always_center_on_mobile=&#8220;off&#8220; global_colors_info=&#8220;{}&#8220; transform_styles__hover_enabled=&#8220;on|hover&#8220; transform_scale__hover_enabled=&#8220;on|hover&#8220; transform_translate__hover_enabled=&#8220;on|desktop&#8220; transform_rotate__hover_enabled=&#8220;on|desktop&#8220; transform_skew__hover_enabled=&#8220;on|desktop&#8220; transform_origin__hover_enabled=&#8220;on|desktop&#8220; transform_scale__hover=&#8220;145%|145%&#8220; transform_rotate__hover=&#8220;0deg|0deg|13deg&#8220; sticky_enabled=&#8220;0&#8243;][\/et_pb_image][et_pb_button button_url=&#8220;https:\/\/mesa-international.de\/wp-content\/uploads\/2021\/01\/Digitaler-universal-regler-DB-DE-v1.0-01-2017-2.pdf&#8220; url_new_window=&#8220;on&#8220; button_text=&#8220;Datenblatt herunterladen \/ Download in PDF format&#8220; _builder_version=&#8220;4.19.2&#8243; _module_preset=&#8220;default&#8220; custom_button=&#8220;on&#8220; button_text_size=&#8220;14px&#8220; button_text_color=&#8220;#ffffff&#8220; button_bg_color=&#8220;#e02b20&#8243; button_border_width=&#8220;0px&#8220; button_border_radius=&#8220;15px&#8220; button_font=&#8220;|700|||||||&#8220; custom_margin=&#8220;190px|||||&#8220; hover_enabled=&#8220;0&#8243; global_colors_info=&#8220;{}&#8220; sticky_enabled=&#8220;0&#8243;][\/et_pb_button][\/et_pb_column][\/et_pb_row][et_pb_row column_structure=&#8220;1_2,1_2&#8243; _builder_version=&#8220;4.16&#8243; _module_preset=&#8220;default&#8220; global_colors_info=&#8220;{}&#8220;][et_pb_column type=&#8220;1_2&#8243; _builder_version=&#8220;4.16&#8243; _module_preset=&#8220;default&#8220; global_colors_info=&#8220;{}&#8220;][et_pb_text _builder_version=&#8220;4.16&#8243; _module_preset=&#8220;default&#8220; header_font=&#8220;Archivo|700|||||||&#8220; header_4_font=&#8220;Archivo|700|||||||&#8220; header_4_text_color=&#8220;#353535&#8243; global_colors_info=&#8220;{}&#8220;]<\/p>\n<h4>TECHNISCHE DATEN<\/h4>\n<div class=\"su-table su-table-alternate\">\u00a0<\/p>\n<p>&nbsp;<\/p>\n<table class=\"table \">\n<thead><\/thead>\n<tbody>\n<tr>\n<th scope=\"row\">Bauform:<\/th>\n<td>Kunststoffgeh\u00e4use zum Schalttafeleinbau<\/td>\n<\/tr>\n<tr>\n<th scope=\"row\">Schutzarten:<\/th>\n<td>\u00a0<\/td>\n<\/tr>\n<tr>\n<th scope=\"row\">Front:<\/th>\n<td>NEMA4 f\u00fcr Einsatz in geschlossenen R\u00e4umen (entspricht Schutzart IP66)<\/td>\n<\/tr>\n<tr>\n<th scope=\"row\">R\u00fcckseite:<\/th>\n<td>Schutzart nach IEC-Norm: IP20<\/td>\n<\/tr>\n<tr>\n<th scope=\"row\">Klemmen:<\/th>\n<td>Schutzart nach IEC-Norm: IP20<\/td>\n<\/tr>\n<tr>\n<th scope=\"row\">Abmessungen:<\/th>\n<td>96 x 96 x 115 mm (BxHxT)<\/td>\n<\/tr>\n<tr>\n<th scope=\"row\">Fronttafelausschnitt:<\/th>\n<td>92 x 92 mm (BxH)<\/td>\n<\/tr>\n<tr>\n<th scope=\"row\">Anschlu\u00df:<\/th>\n<td>Schraubanschlu\u00df Drahtquerschnitt max. 2,5 mm<\/td>\n<\/tr>\n<tr>\n<th scope=\"row\">Hilfsspannung:<\/th>\n<td>100\u2026240 Vac, -15 +10 %, 50\/60 Hz<\/td>\n<\/tr>\n<tr>\n<th scope=\"row\">Leistungsaufnahme:<\/th>\n<td>ca. 16 VA<\/td>\n<\/tr>\n<tr>\n<th scope=\"row\">Klima:<\/th>\n<td>Lagerung: -10\u2026+70 \u00b0C Betrieb: 0\u2026+50 \u00b0C 5\u202695 % rel. Feuchte, betauungsfrei<\/td>\n<\/tr>\n<tr>\n<th scope=\"row\">Anzeigen:<\/th>\n<td>Zwei 4-stellige Siebensegmentanzeigen f\u00fcr PV und SV<\/td>\n<\/tr>\n<tr>\n<th scope=\"row\">Ziffernh\u00f6he:<\/th>\n<td>PV = 15 mm rot SV = 11 mm gr\u00fcn<\/td>\n<\/tr>\n<tr>\n<th scope=\"row\">Optionales Zubeh\u00f6r:<\/th>\n<td>\u2022 MK2.1 + L-Sonde \u2022 Netzteil NTV44 \u2022 TP<\/td>\n<\/tr>\n<\/tbody>\n<\/table>\n<\/div>\n<div class=\"su-table su-table-alternate\">\u00a0<\/div>\n<p>[\/et_pb_text][\/et_pb_column][et_pb_column type=&#8220;1_2&#8243; _builder_version=&#8220;4.16&#8243; _module_preset=&#8220;default&#8220; global_colors_info=&#8220;{}&#8220;][et_pb_text _builder_version=&#8220;4.16&#8243; _module_preset=&#8220;default&#8220; header_font=&#8220;Archivo|700|||||||&#8220; header_4_font=&#8220;Archivo|700|||||||&#8220; header_4_text_color=&#8220;#353535&#8243; custom_margin=&#8220;3px|||-14px||&#8220; global_colors_info=&#8220;{}&#8220;]<\/p>\n<h4>BESONDERHEITEN:<\/h4>\n<ul class=\"list-group\">\n<li class=\"list-group-item\">\u00a0\u00b5P-gesteuerter Regler f\u00fcr mit Fuzzy-Logik f\u00fcr Schutzgaserzeuger<\/li>\n<li class=\"list-group-item\">\u00a0Einsetzbar f\u00fcr Regelstrecken mit Stellmotor (auch ohne R\u00fcckmelde- potentiometer) als Dreipunkt-Schrittregler oder als Zweipunktregler<\/li>\n<li class=\"list-group-item\">\u00a0Hohe Genauigkeit (\u00b10,2 %)<\/li>\n<li class=\"list-group-item\">\u00a0Austauschbare Ausgangsbaugruppen<\/li>\n<li class=\"list-group-item\">\u00a0Bis zu 2 frei definierbare Alarmausg\u00e4nge<\/li>\n<li class=\"list-group-item\">\u00a0Ext. Sollwerteingang 4\u202620 mA<\/li>\n<li class=\"list-group-item\">\u00a0Modularer Aufbau<\/li>\n<li class=\"list-group-item\">\u00a0Optionaler Istwertausgang 4\u202620 mA<\/li>\n<li class=\"list-group-item\">\u00a0Serielle Komunikation \u00fcber RS-232C oder RS422 oder RS-485 und \u00dcbertragungsausgang (4\u202620 mA)<\/li>\n<\/ul>\n<p>[\/et_pb_text][\/et_pb_column][\/et_pb_row][\/et_pb_section]<\/p>\n","protected":false},"excerpt":{"rendered":"<p>[et_pb_section fb_built=&#8220;1&#8243; admin_label=&#8220;Header&#8220; _builder_version=&#8220;4.19.2&#8243; background_color_gradient_direction=&#8220;80deg&#8220; background_image=&#8220;https:\/\/mesa-international.de\/wp-content\/uploads\/2022\/02\/MESA-Eletronic-GmbH-scaled-2-2.jpg&#8220; parallax=&#8220;on&#8220; parallax_method=&#8220;off&#8220; positioning=&#8220;none&#8220; overflow-x=&#8220;hidden&#8220; custom_padding=&#8220;0px||0px||false|false&#8220; hover_enabled=&#8220;0&#8243; locked=&#8220;off&#8220; global_colors_info=&#8220;{}&#8220; title_text=&#8220;MESA-Eletronic-GmbH-scaled-2&#8243; sticky_enabled=&#8220;0&#8243;][et_pb_row column_structure=&#8220;1_2,1_2&#8243; use_custom_gutter=&#8220;on&#8220; gutter_width=&#8220;4&#8243; _builder_version=&#8220;4.16&#8243; background_size=&#8220;contain&#8220; background_position=&#8220;bottom_center&#8220; max_width=&#8220;1280px&#8220; custom_margin=&#8220;-21px|auto|-3px|auto|false|false&#8220; custom_padding=&#8220;0px|||||&#8220; global_colors_info=&#8220;{}&#8220;][et_pb_column type=&#8220;1_2&#8243; _builder_version=&#8220;4.16&#8243; custom_padding=&#8220;40px|||&#8220; custom_padding_tablet=&#8220;0vw|||&#8220; global_colors_info=&#8220;{}&#8220; custom_padding__hover=&#8220;|||&#8220;][et_pb_text _builder_version=&#8220;4.16&#8243; _module_preset=&#8220;default&#8220; header_font=&#8220;Archivo|700|||||||&#8220; header_text_align=&#8220;left&#8220; header_font_size=&#8220;45px&#8220; global_colors_info=&#8220;{}&#8220;] DIGITALER TAUPUNKTREGLER DGTP5-AN \u00a0 &nbsp; [\/et_pb_text][et_pb_testimonial author=&#8220;DIGITALER TAUPUNKTREGLER DGTP5-AN&#8220; portrait_url=&#8220;https:\/\/mesa-international.de\/wp-content\/uploads\/2022\/11\/DGTP5-AN-300&#215;300-1.png&#8220; quote_icon=&#8220;off&#8220; _builder_version=&#8220;4.19.2&#8243; [&hellip;]<\/p>\n","protected":false},"author":5,"featured_media":239867,"parent":0,"menu_order":0,"comment_status":"closed","ping_status":"closed","template":"","meta":{"_acf_changed":false,"content-type":"","footnotes":""},"categories":[],"tags":[],"class_list":["post-239863","page","type-page","status-publish","has-post-thumbnail","hentry"],"acf":[],"yoast_head":"<!-- This site is optimized with the Yoast SEO plugin v27.3 - https:\/\/yoast.com\/product\/yoast-seo-wordpress\/ -->\n<title>DIGITALER TAUPUNKTREGLER DGTP5-AN - www.mesa-international.de<\/title>\n<meta name=\"description\" content=\"Der DGTP5 \u2013 AN ist ein emikroprozessorge-steuerter Regler zur Regelung von Schutzgas-erzeugern mit der L-Sonde.\" \/>\n<meta name=\"robots\" content=\"index, follow, max-snippet:-1, max-image-preview:large, max-video-preview:-1\" \/>\n<link rel=\"canonical\" href=\"https:\/\/mesa-international.de\/de\/digital-taupunkt-regler-mesa\/\" \/>\n<meta property=\"og:locale\" content=\"de_DE\" \/>\n<meta property=\"og:type\" content=\"article\" \/>\n<meta property=\"og:title\" content=\"DIGITALER TAUPUNKTREGLER DGTP5-AN - www.mesa-international.de\" \/>\n<meta property=\"og:description\" content=\"Der DGTP5 \u2013 AN ist ein emikroprozessorge-steuerter Regler zur Regelung von Schutzgas-erzeugern mit der L-Sonde.\" \/>\n<meta property=\"og:url\" content=\"https:\/\/mesa-international.de\/de\/digital-taupunkt-regler-mesa\/\" \/>\n<meta property=\"og:site_name\" content=\"www.mesa-international.de\" \/>\n<meta property=\"article:modified_time\" content=\"2022-12-05T20:29:36+00:00\" \/>\n<meta property=\"og:image\" content=\"https:\/\/mesa-international.de\/wp-content\/uploads\/2022\/11\/DGTP5-AN-300x300-1.png\" \/>\n\t<meta property=\"og:image:width\" content=\"300\" \/>\n\t<meta property=\"og:image:height\" content=\"300\" \/>\n\t<meta property=\"og:image:type\" content=\"image\/png\" \/>\n<meta name=\"twitter:card\" content=\"summary_large_image\" \/>\n<meta name=\"twitter:label1\" content=\"Gesch\u00e4tzte Lesezeit\" \/>\n\t<meta name=\"twitter:data1\" content=\"4\u00a0Minuten\" \/>\n<script type=\"application\/ld+json\" class=\"yoast-schema-graph\">{\"@context\":\"https:\\\/\\\/schema.org\",\"@graph\":[{\"@type\":\"WebPage\",\"@id\":\"https:\\\/\\\/mesa-international.de\\\/de\\\/digital-taupunkt-regler-mesa\\\/\",\"url\":\"https:\\\/\\\/mesa-international.de\\\/de\\\/digital-taupunkt-regler-mesa\\\/\",\"name\":\"DIGITALER TAUPUNKTREGLER DGTP5-AN - www.mesa-international.de\",\"isPartOf\":{\"@id\":\"https:\\\/\\\/mesa-international.de\\\/de\\\/#website\"},\"primaryImageOfPage\":{\"@id\":\"https:\\\/\\\/mesa-international.de\\\/de\\\/digital-taupunkt-regler-mesa\\\/#primaryimage\"},\"image\":{\"@id\":\"https:\\\/\\\/mesa-international.de\\\/de\\\/digital-taupunkt-regler-mesa\\\/#primaryimage\"},\"thumbnailUrl\":\"https:\\\/\\\/mesa-international.de\\\/wp-content\\\/uploads\\\/2022\\\/11\\\/DGTP5-AN-300x300-1.png\",\"datePublished\":\"2020-12-28T14:26:36+00:00\",\"dateModified\":\"2022-12-05T20:29:36+00:00\",\"description\":\"Der DGTP5 \u2013 AN ist ein emikroprozessorge-steuerter Regler zur Regelung von Schutzgas-erzeugern mit der L-Sonde.\",\"inLanguage\":\"de\",\"potentialAction\":[{\"@type\":\"ReadAction\",\"target\":[\"https:\\\/\\\/mesa-international.de\\\/de\\\/digital-taupunkt-regler-mesa\\\/\"]}]},{\"@type\":\"ImageObject\",\"inLanguage\":\"de\",\"@id\":\"https:\\\/\\\/mesa-international.de\\\/de\\\/digital-taupunkt-regler-mesa\\\/#primaryimage\",\"url\":\"https:\\\/\\\/mesa-international.de\\\/wp-content\\\/uploads\\\/2022\\\/11\\\/DGTP5-AN-300x300-1.png\",\"contentUrl\":\"https:\\\/\\\/mesa-international.de\\\/wp-content\\\/uploads\\\/2022\\\/11\\\/DGTP5-AN-300x300-1.png\",\"width\":300,\"height\":300},{\"@type\":\"WebSite\",\"@id\":\"https:\\\/\\\/mesa-international.de\\\/de\\\/#website\",\"url\":\"https:\\\/\\\/mesa-international.de\\\/de\\\/\",\"name\":\"www.mesa-international.de\",\"description\":\"Mesa Electronics Gmbh\",\"publisher\":{\"@id\":\"https:\\\/\\\/mesa-international.de\\\/de\\\/#organization\"},\"potentialAction\":[{\"@type\":\"SearchAction\",\"target\":{\"@type\":\"EntryPoint\",\"urlTemplate\":\"https:\\\/\\\/mesa-international.de\\\/de\\\/?s={search_term_string}\"},\"query-input\":{\"@type\":\"PropertyValueSpecification\",\"valueRequired\":true,\"valueName\":\"search_term_string\"}}],\"inLanguage\":\"de\"},{\"@type\":\"Organization\",\"@id\":\"https:\\\/\\\/mesa-international.de\\\/de\\\/#organization\",\"name\":\"www.mesa-international.de\",\"url\":\"https:\\\/\\\/mesa-international.de\\\/de\\\/\",\"logo\":{\"@type\":\"ImageObject\",\"inLanguage\":\"de\",\"@id\":\"https:\\\/\\\/mesa-international.de\\\/de\\\/#\\\/schema\\\/logo\\\/image\\\/\",\"url\":\"https:\\\/\\\/mesa-international.de\\\/wp-content\\\/uploads\\\/2022\\\/11\\\/sadsaca.png\",\"contentUrl\":\"https:\\\/\\\/mesa-international.de\\\/wp-content\\\/uploads\\\/2022\\\/11\\\/sadsaca.png\",\"width\":173,\"height\":107,\"caption\":\"www.mesa-international.de\"},\"image\":{\"@id\":\"https:\\\/\\\/mesa-international.de\\\/de\\\/#\\\/schema\\\/logo\\\/image\\\/\"},\"sameAs\":[\"https:\\\/\\\/www.linkedin.com\\\/company\\\/mesa-electronic-gmbh\\\/\"]}]}<\/script>\n<!-- \/ Yoast SEO plugin. -->","yoast_head_json":{"title":"DIGITALER TAUPUNKTREGLER DGTP5-AN - www.mesa-international.de","description":"Der DGTP5 \u2013 AN ist ein emikroprozessorge-steuerter Regler zur Regelung von Schutzgas-erzeugern mit der L-Sonde.","robots":{"index":"index","follow":"follow","max-snippet":"max-snippet:-1","max-image-preview":"max-image-preview:large","max-video-preview":"max-video-preview:-1"},"canonical":"https:\/\/mesa-international.de\/de\/digital-taupunkt-regler-mesa\/","og_locale":"de_DE","og_type":"article","og_title":"DIGITALER TAUPUNKTREGLER DGTP5-AN - www.mesa-international.de","og_description":"Der DGTP5 \u2013 AN ist ein emikroprozessorge-steuerter Regler zur Regelung von Schutzgas-erzeugern mit der L-Sonde.","og_url":"https:\/\/mesa-international.de\/de\/digital-taupunkt-regler-mesa\/","og_site_name":"www.mesa-international.de","article_modified_time":"2022-12-05T20:29:36+00:00","og_image":[{"width":300,"height":300,"url":"https:\/\/mesa-international.de\/wp-content\/uploads\/2022\/11\/DGTP5-AN-300x300-1.png","type":"image\/png"}],"twitter_card":"summary_large_image","twitter_misc":{"Gesch\u00e4tzte Lesezeit":"4\u00a0Minuten"},"schema":{"@context":"https:\/\/schema.org","@graph":[{"@type":"WebPage","@id":"https:\/\/mesa-international.de\/de\/digital-taupunkt-regler-mesa\/","url":"https:\/\/mesa-international.de\/de\/digital-taupunkt-regler-mesa\/","name":"DIGITALER TAUPUNKTREGLER DGTP5-AN - www.mesa-international.de","isPartOf":{"@id":"https:\/\/mesa-international.de\/de\/#website"},"primaryImageOfPage":{"@id":"https:\/\/mesa-international.de\/de\/digital-taupunkt-regler-mesa\/#primaryimage"},"image":{"@id":"https:\/\/mesa-international.de\/de\/digital-taupunkt-regler-mesa\/#primaryimage"},"thumbnailUrl":"https:\/\/mesa-international.de\/wp-content\/uploads\/2022\/11\/DGTP5-AN-300x300-1.png","datePublished":"2020-12-28T14:26:36+00:00","dateModified":"2022-12-05T20:29:36+00:00","description":"Der DGTP5 \u2013 AN ist ein emikroprozessorge-steuerter Regler zur Regelung von Schutzgas-erzeugern mit der L-Sonde.","inLanguage":"de","potentialAction":[{"@type":"ReadAction","target":["https:\/\/mesa-international.de\/de\/digital-taupunkt-regler-mesa\/"]}]},{"@type":"ImageObject","inLanguage":"de","@id":"https:\/\/mesa-international.de\/de\/digital-taupunkt-regler-mesa\/#primaryimage","url":"https:\/\/mesa-international.de\/wp-content\/uploads\/2022\/11\/DGTP5-AN-300x300-1.png","contentUrl":"https:\/\/mesa-international.de\/wp-content\/uploads\/2022\/11\/DGTP5-AN-300x300-1.png","width":300,"height":300},{"@type":"WebSite","@id":"https:\/\/mesa-international.de\/de\/#website","url":"https:\/\/mesa-international.de\/de\/","name":"www.mesa-international.de","description":"Mesa Electronics Gmbh","publisher":{"@id":"https:\/\/mesa-international.de\/de\/#organization"},"potentialAction":[{"@type":"SearchAction","target":{"@type":"EntryPoint","urlTemplate":"https:\/\/mesa-international.de\/de\/?s={search_term_string}"},"query-input":{"@type":"PropertyValueSpecification","valueRequired":true,"valueName":"search_term_string"}}],"inLanguage":"de"},{"@type":"Organization","@id":"https:\/\/mesa-international.de\/de\/#organization","name":"www.mesa-international.de","url":"https:\/\/mesa-international.de\/de\/","logo":{"@type":"ImageObject","inLanguage":"de","@id":"https:\/\/mesa-international.de\/de\/#\/schema\/logo\/image\/","url":"https:\/\/mesa-international.de\/wp-content\/uploads\/2022\/11\/sadsaca.png","contentUrl":"https:\/\/mesa-international.de\/wp-content\/uploads\/2022\/11\/sadsaca.png","width":173,"height":107,"caption":"www.mesa-international.de"},"image":{"@id":"https:\/\/mesa-international.de\/de\/#\/schema\/logo\/image\/"},"sameAs":["https:\/\/www.linkedin.com\/company\/mesa-electronic-gmbh\/"]}]}},"_links":{"self":[{"href":"https:\/\/mesa-international.de\/de\/wp-json\/wp\/v2\/pages\/239863","targetHints":{"allow":["GET"]}}],"collection":[{"href":"https:\/\/mesa-international.de\/de\/wp-json\/wp\/v2\/pages"}],"about":[{"href":"https:\/\/mesa-international.de\/de\/wp-json\/wp\/v2\/types\/page"}],"author":[{"embeddable":true,"href":"https:\/\/mesa-international.de\/de\/wp-json\/wp\/v2\/users\/5"}],"replies":[{"embeddable":true,"href":"https:\/\/mesa-international.de\/de\/wp-json\/wp\/v2\/comments?post=239863"}],"version-history":[{"count":0,"href":"https:\/\/mesa-international.de\/de\/wp-json\/wp\/v2\/pages\/239863\/revisions"}],"wp:featuredmedia":[{"embeddable":true,"href":"https:\/\/mesa-international.de\/de\/wp-json\/wp\/v2\/media\/239867"}],"wp:attachment":[{"href":"https:\/\/mesa-international.de\/de\/wp-json\/wp\/v2\/media?parent=239863"}],"wp:term":[{"taxonomy":"category","embeddable":true,"href":"https:\/\/mesa-international.de\/de\/wp-json\/wp\/v2\/categories?post=239863"},{"taxonomy":"post_tag","embeddable":true,"href":"https:\/\/mesa-international.de\/de\/wp-json\/wp\/v2\/tags?post=239863"}],"curies":[{"name":"wp","href":"https:\/\/api.w.org\/{rel}","templated":true}]}}