{"id":239849,"date":"2020-12-28T16:50:25","date_gmt":"2020-12-28T15:50:25","guid":{"rendered":"https:\/\/bold-lamport.87-106-169-145.plesk.page\/?page_id=239849"},"modified":"2024-01-25T16:41:43","modified_gmt":"2024-01-25T15:41:43","slug":"a005","status":"publish","type":"page","link":"https:\/\/mesa-international.de\/de\/messumformer-anzeiger\/a005\/","title":{"rendered":"A005"},"content":{"rendered":"<p>[et_pb_section fb_built=&#8220;1&#8243; admin_label=&#8220;Header&#8220; _builder_version=&#8220;4.19.2&#8243; background_color_gradient_direction=&#8220;80deg&#8220; background_image=&#8220;https:\/\/mesa-international.de\/wp-content\/uploads\/2022\/02\/MESA-Eletronic-GmbH-scaled-2-2.jpg&#8220; parallax=&#8220;on&#8220; parallax_method=&#8220;off&#8220; positioning=&#8220;none&#8220; overflow-x=&#8220;hidden&#8220; custom_padding=&#8220;0px||0px||false|false&#8220; locked=&#8220;off&#8220; global_colors_info=&#8220;{}&#8220;][et_pb_row column_structure=&#8220;1_2,1_2&#8243; use_custom_gutter=&#8220;on&#8220; gutter_width=&#8220;4&#8243; _builder_version=&#8220;4.16&#8243; background_size=&#8220;contain&#8220; background_position=&#8220;bottom_center&#8220; max_width=&#8220;1280px&#8220; custom_margin=&#8220;-21px|auto|-3px|auto|false|false&#8220; custom_padding=&#8220;0px|||||&#8220; global_colors_info=&#8220;{}&#8220;][et_pb_column type=&#8220;1_2&#8243; _builder_version=&#8220;4.16&#8243; custom_padding=&#8220;40px|||&#8220; custom_padding_tablet=&#8220;0vw|||&#8220; global_colors_info=&#8220;{}&#8220; custom_padding__hover=&#8220;|||&#8220;][et_pb_text _builder_version=&#8220;4.16&#8243; _module_preset=&#8220;default&#8220; header_font=&#8220;Archivo|700|||||||&#8220; header_text_align=&#8220;left&#8220; header_font_size=&#8220;50px&#8220; global_colors_info=&#8220;{}&#8220;]<\/p>\n<div id=\"pg-2833-0\" class=\"panel-grid panel-has-style\">\n<div class=\"siteorigin-panels-stretch panel-row-style panel-row-style-for-2833-0\" data-stretch-type=\"full\">\n<div id=\"pgc-2833-0-0\" class=\"panel-grid-cell\">\n<div id=\"panel-2833-0-0-0\" class=\"so-panel widget widget_sow-editor panel-first-child panel-last-child\" data-index=\"0\">\n<div class=\"container panel-widget-style panel-widget-style-for-2833-0-0-0\">\n<div class=\"so-widget-sow-editor so-widget-sow-editor-base\">\n<div class=\"siteorigin-widget-tinymce textwidget\">\n<div id=\"pg-2924-0\" class=\"panel-grid panel-has-style\">\n<div class=\"siteorigin-panels-stretch panel-row-style panel-row-style-for-2924-0\" data-stretch-type=\"full\">\n<div id=\"pgc-2924-0-0\" class=\"panel-grid-cell\">\n<div id=\"panel-2924-0-0-0\" class=\"so-panel widget widget_sow-editor panel-first-child panel-last-child\" data-index=\"0\">\n<div class=\"container panel-widget-style panel-widget-style-for-2924-0-0-0\">\n<div class=\"so-widget-sow-editor so-widget-sow-editor-base\">\n<div class=\"siteorigin-widget-tinymce textwidget\">\n<h1 class=\"text-center\">A005<\/h1>\n<\/div>\n<\/div>\n<\/div>\n<\/div>\n<\/div>\n<\/div>\n<\/div>\n<div id=\"pg-2924-1\" class=\"panel-grid panel-has-style\">\n<div class=\"container wow fadeIn siteorigin-panels-stretch panel-row-style panel-row-style-for-2924-1\" data-stretch-type=\"full\">\n<div id=\"pgc-2924-1-0\" class=\"panel-grid-cell\">\n<div id=\"panel-2924-1-0-0\" class=\"so-panel widget widget_sow-editor panel-first-child panel-last-child\" data-index=\"1\">\n<div class=\"so-widget-sow-editor so-widget-sow-editor-base\">\n<div class=\"siteorigin-widget-tinymce textwidget\">\n<p>&nbsp;<\/p>\n<\/div>\n<\/div>\n<\/div>\n<\/div>\n<\/div>\n<\/div>\n<div class=\"su-button-center\">\u00a0<\/div>\n<\/div>\n<\/div>\n<\/div>\n<\/div>\n<\/div>\n<\/div>\n<\/div>\n<div id=\"pg-2833-1\" class=\"panel-grid panel-has-style\">\n<div class=\"siteorigin-panels-stretch panel-row-style panel-row-style-for-2833-1\" data-stretch-type=\"full-stretched\">\n<div id=\"pgc-2833-1-0\" class=\"panel-grid-cell\">\n<div id=\"panel-2833-1-0-0\" class=\"so-panel widget widget_sow-editor panel-first-child panel-last-child\" data-index=\"1\">\n<div class=\"so-widget-sow-editor so-widget-sow-editor-base\">\n<div class=\"siteorigin-widget-tinymce textwidget\">\n<p>&nbsp;<\/p>\n<\/div>\n<\/div>\n<\/div>\n<\/div>\n<\/div>\n<\/div>\n<p>[\/et_pb_text][et_pb_testimonial author=&#8220;UNIVERSAL DIGITAL INDICATOR A005&#8243; portrait_url=&#8220;https:\/\/mesa-international.de\/wp-content\/uploads\/2020\/12\/A005-1-1-8.png&#8220; quote_icon=&#8220;off&#8220; _builder_version=&#8220;4.19.2&#8243; _module_preset=&#8220;default&#8220; border_radii=&#8220;on|15px|15px|15px|15px&#8220; global_colors_info=&#8220;{}&#8220;]<\/p>\n<h4>FUNCTION<\/h4>\n<p>A005 ist eine universelle, hochpr\u00e4zise digitale Prozessanzeige, die f\u00fcr eine Vielzahl von Eingangssensoren und -signalen ausgelegt ist. Die f\u00fcnfstellige LED mit 20 mm H\u00f6he erm\u00f6glicht das Ablesen der Messwerte aus gro\u00dfer Entfernung.<\/p>\n<p>[\/et_pb_testimonial][\/et_pb_column][et_pb_column type=&#8220;1_2&#8243; _builder_version=&#8220;4.16&#8243; custom_padding=&#8220;|||&#8220; global_colors_info=&#8220;{}&#8220; custom_padding__hover=&#8220;|||&#8220;][et_pb_image src=&#8220;https:\/\/mesa-international.de\/wp-content\/uploads\/2020\/12\/A005-1-1-8.png&#8220; alt=&#8220;Frequenzmessung Digitalanzeige A005F&#8220; title_text=&#8220;Frequenzmessung Digitalanzeige A005F&#8220; _builder_version=&#8220;4.19.2&#8243; transform_scale=&#8220;113%|113%&#8220; transform_scale_tablet=&#8220;116%|116%&#8220; transform_scale_phone=&#8220;80%|80%&#8220; transform_scale_last_edited=&#8220;off|desktop&#8220; transform_translate_tablet=&#8220;30vw|-24vw&#8220; transform_translate_phone=&#8220;0vw|-15vw&#8220; transform_translate_last_edited=&#8220;off|desktop&#8220; transform_rotate_last_edited=&#8220;off|desktop&#8220; transform_skew_last_edited=&#8220;off|desktop&#8220; transform_origin_last_edited=&#8220;off|desktop&#8220; transform_styles_last_edited=&#8220;off|desktop&#8220; position_origin_f=&#8220;bottom_center&#8220; width=&#8220;100%&#8220; max_width=&#8220;480px&#8220; custom_margin=&#8220;132px|||||&#8220; animation_direction=&#8220;bottom&#8220; always_center_on_mobile=&#8220;off&#8220; global_colors_info=&#8220;{}&#8220; transform_styles__hover_enabled=&#8220;on|hover&#8220; transform_scale__hover_enabled=&#8220;on|hover&#8220; transform_translate__hover_enabled=&#8220;on|desktop&#8220; transform_rotate__hover_enabled=&#8220;on|desktop&#8220; transform_skew__hover_enabled=&#8220;on|desktop&#8220; transform_origin__hover_enabled=&#8220;on|desktop&#8220; transform_scale__hover=&#8220;145%|145%&#8220; transform_rotate__hover=&#8220;0deg|0deg|13deg&#8220;][\/et_pb_image][et_pb_button button_url=&#8220;https:\/\/mesa-international.de\/wp-content\/uploads\/2024\/01\/A005-DB-DE-v3.8-12-2021.pdf&#8220; url_new_window=&#8220;on&#8220; button_text=&#8220;Datenblatt herunterladen \/ Download in PDF format&#8220; _builder_version=&#8220;4.24.0&#8243; _module_preset=&#8220;default&#8220; custom_button=&#8220;on&#8220; button_text_size=&#8220;14px&#8220; button_text_color=&#8220;#ffffff&#8220; button_bg_color=&#8220;#e02b20&#8243; button_border_width=&#8220;0px&#8220; button_border_radius=&#8220;15px&#8220; button_font=&#8220;|700|||||||&#8220; hover_enabled=&#8220;0&#8243; global_colors_info=&#8220;{}&#8220; sticky_enabled=&#8220;0&#8243;][\/et_pb_button][\/et_pb_column][\/et_pb_row][et_pb_row column_structure=&#8220;1_2,1_2&#8243; _builder_version=&#8220;4.16&#8243; _module_preset=&#8220;default&#8220; global_colors_info=&#8220;{}&#8220;][et_pb_column type=&#8220;1_2&#8243; _builder_version=&#8220;4.16&#8243; _module_preset=&#8220;default&#8220; global_colors_info=&#8220;{}&#8220;][et_pb_text _builder_version=&#8220;4.16&#8243; _module_preset=&#8220;default&#8220; header_font=&#8220;Archivo|700|||||||&#8220; header_4_font=&#8220;Archivo|700|||||||&#8220; header_4_text_color=&#8220;#353535&#8243; global_colors_info=&#8220;{}&#8220;]<\/p>\n<h4><strong>ZUS\u00c4TZLICHE OPTIONALE MODULE:<\/strong><\/h4>\n<ul>\n<li>Galvanisch getrennter universeller Analogausgang<\/li>\n<li>Zus\u00e4tzlicher Analogeingang<\/li>\n<li>RS485 Modbus RTU Schnittstelle<\/li>\n<li>Zwei digitale Relaisausg\u00e4nge mit 230Vac \/ 3A<\/li>\n<li>Digitales isoliertes Eingangsmodul<\/li>\n<li>Sensor-Versorgungsmodul<\/li>\n<\/ul>\n<p>[\/et_pb_text][\/et_pb_column][et_pb_column type=&#8220;1_2&#8243; _builder_version=&#8220;4.16&#8243; _module_preset=&#8220;default&#8220; global_colors_info=&#8220;{}&#8220;][et_pb_text _builder_version=&#8220;4.16&#8243; _module_preset=&#8220;default&#8220; header_font=&#8220;Archivo|700|||||||&#8220; header_4_font=&#8220;Archivo|700|||||||&#8220; header_4_text_color=&#8220;#353535&#8243; custom_margin=&#8220;3px|||-14px||&#8220; global_colors_info=&#8220;{}&#8220;]<\/p>\n<div id=\"pgc-2959-3-0\" class=\"panel-grid-cell\">\n<div id=\"panel-2959-3-0-0\" class=\"so-panel widget widget_sow-editor panel-first-child panel-last-child\" data-index=\"5\">\n<div class=\"panel-widget-style panel-widget-style-for-2959-3-0-0\">\n<div class=\"so-widget-sow-editor so-widget-sow-editor-base\">\n<div class=\"siteorigin-widget-tinymce textwidget\">\n<h4>MERKMAL:<\/h4>\n<ul>\n<li>Kompaktes 96x48mm Geh\u00e4use f\u00fcr Schalttafeleinbau<br \/>Gro\u00dfe<\/li>\n<li>5-stellige LED-Anzeige mit 20mm H\u00f6he<br \/>Statusanzeige durch LED&#8217;s an der Frontplatte<\/li>\n<li>85&#8230;264VAC oder 10&#8230;36VDC Spannungsversorgung<br \/>Vollst\u00e4ndig konfigurierbar \u00fcber Funktionstasten auf der Frontplatte oder per PC \u00fcber RS232-Schnittstelle<\/li>\n<li>Maximale Arbeits- und Lagertemperatur 70 \u00baC<\/li>\n<\/ul>\n<\/div>\n<\/div>\n<\/div>\n<\/div>\n<\/div>\n<p>[\/et_pb_text][\/et_pb_column][\/et_pb_row][et_pb_row column_structure=&#8220;1_2,1_2&#8243; _builder_version=&#8220;4.16&#8243; _module_preset=&#8220;default&#8220; global_colors_info=&#8220;{}&#8220;][et_pb_column type=&#8220;1_2&#8243; _builder_version=&#8220;4.16&#8243; _module_preset=&#8220;default&#8220; global_colors_info=&#8220;{}&#8220;][et_pb_text _builder_version=&#8220;4.16&#8243; _module_preset=&#8220;default&#8220; header_font=&#8220;Archivo|700|||||||&#8220; header_4_font=&#8220;Archivo|700|||||||&#8220; header_4_text_color=&#8220;#353535&#8243; global_colors_info=&#8220;{}&#8220;]<\/p>\n<div class=\"ccvoYb\">\n<div class=\"AxqVh\">\n<div class=\"OPPzxe\">\n<p><span style=\"color: #333333; font-size: 18px;\">MESSFUNKTIONEN:<\/span><\/p>\n<div class=\"FFpbKc\">\n<div id=\"pgc-2924-4-0\" class=\"panel-grid-cell\">\n<div id=\"panel-2924-4-0-0\" class=\"so-panel widget widget_sow-editor panel-first-child panel-last-child\" data-index=\"6\">\n<div class=\"panel-widget-style panel-widget-style-for-2924-4-0-0\">\n<div class=\"so-widget-sow-editor so-widget-sow-editor-base\">\n<div class=\"siteorigin-widget-tinymce textwidget\">\n<ul>\n<li>Gro\u00dfe Auswahl an Eingangssignaltypen per Software konfigurierbar, 24bit Aufl\u00f6sung und hohe Genauigkeit<\/li>\n<li>Benutzerdefinierte Skalierung der Analogeing\u00e4nge in zwei Punkten<\/li>\n<li>Korrekturalgorithmus der Messung in einem oder zwei Punkten<\/li>\n<li>Vorgezogene Linearisierungstabelle mit bis zu 10 Punkten, mit Spline-Interpolation dazwischen.<\/li>\n<li>Hold-Funktion &#8211; Tara-Funktion<\/li>\n<li>Min\/Max-Speicherfunktion<\/li>\n<li>Hardware- und Software-Filterung<\/li>\n<li>Spezielles Arbeiten mit einem oder zwei elektrochemischen Sensoren im Auto-Kalibrierungsmodus.<\/li>\n<\/ul>\n<\/div>\n<\/div>\n<\/div>\n<\/div>\n<\/div>\n<\/div>\n<\/div>\n<\/div>\n<\/div>\n<p>[\/et_pb_text][\/et_pb_column][et_pb_column type=&#8220;1_2&#8243; _builder_version=&#8220;4.16&#8243; _module_preset=&#8220;default&#8220; global_colors_info=&#8220;{}&#8220;][et_pb_text _builder_version=&#8220;4.16&#8243; _module_preset=&#8220;default&#8220; header_font=&#8220;Archivo|700|||||||&#8220; header_4_font=&#8220;Archivo|700|||||||&#8220; header_4_text_color=&#8220;#353535&#8243; custom_margin=&#8220;1px|||-14px||&#8220; global_colors_info=&#8220;{}&#8220;]<\/p>\n<h4>OPTIONALE MATHEMATISCHE FUNKTION:<\/h4>\n<ul>\n<li>Taupunkt [\u00b0C] im Bereich 30\u00baC&#8230;+30\u00baC<\/li>\n<li>O2-Konzentration [%] im Bereich 10 &#8230;100%<\/li>\n<\/ul>\n<p>[\/et_pb_text][\/et_pb_column][\/et_pb_row][\/et_pb_section]<\/p>\n","protected":false},"excerpt":{"rendered":"<p>A005 ist eine universelle, hochpr\u00e4zise digitale Prozessanzeige, die f\u00fcr eine breite Palette von Eingangssensoren und -signalen ausgelegt ist. Die f\u00fcnfstellige LED-Anzeige mit 20 mm H\u00f6he erm\u00f6glicht das Ablesen der Messwerte aus gro\u00dfer Entfernung.<\/p>\n","protected":false},"author":5,"featured_media":239853,"parent":239746,"menu_order":0,"comment_status":"closed","ping_status":"closed","template":"","meta":{"_acf_changed":false,"content-type":"","footnotes":""},"categories":[],"tags":[],"class_list":["post-239849","page","type-page","status-publish","has-post-thumbnail","hentry"],"acf":[],"yoast_head":"<!-- This site is optimized with the Yoast SEO plugin v27.5 - https:\/\/yoast.com\/product\/yoast-seo-wordpress\/ -->\n<title>A005 - www.mesa-international.de<\/title>\n<meta name=\"description\" content=\"A005 ist ein universeller, hochpr\u00e4ziser digitaler Prozessanzeiger f\u00fcr eine breite Palette von Eingangssensoren und -signalen, LED mit 20 mm H\u00f6he.\" \/>\n<meta name=\"robots\" content=\"index, follow, max-snippet:-1, max-image-preview:large, max-video-preview:-1\" \/>\n<link rel=\"canonical\" href=\"https:\/\/mesa-international.de\/de\/messumformer-anzeiger\/a005\/\" \/>\n<meta property=\"og:locale\" content=\"de_DE\" \/>\n<meta property=\"og:type\" content=\"article\" \/>\n<meta property=\"og:title\" content=\"A005 - www.mesa-international.de\" \/>\n<meta property=\"og:description\" content=\"A005 ist ein universeller, hochpr\u00e4ziser digitaler Prozessanzeiger f\u00fcr eine breite Palette von Eingangssensoren und -signalen, LED mit 20 mm H\u00f6he.\" \/>\n<meta property=\"og:url\" content=\"https:\/\/mesa-international.de\/de\/messumformer-anzeiger\/a005\/\" \/>\n<meta property=\"og:site_name\" content=\"www.mesa-international.de\" \/>\n<meta property=\"article:modified_time\" content=\"2024-01-25T15:41:43+00:00\" \/>\n<meta name=\"twitter:card\" content=\"summary_large_image\" \/>\n<meta name=\"twitter:label1\" content=\"Gesch\u00e4tzte Lesezeit\" \/>\n\t<meta name=\"twitter:data1\" content=\"4\u00a0Minuten\" \/>\n<script type=\"application\/ld+json\" class=\"yoast-schema-graph\">{\"@context\":\"https:\\\/\\\/schema.org\",\"@graph\":[{\"@type\":\"WebPage\",\"@id\":\"https:\\\/\\\/mesa-international.de\\\/de\\\/messumformer-anzeiger\\\/a005\\\/\",\"url\":\"https:\\\/\\\/mesa-international.de\\\/de\\\/messumformer-anzeiger\\\/a005\\\/\",\"name\":\"A005 - www.mesa-international.de\",\"isPartOf\":{\"@id\":\"https:\\\/\\\/mesa-international.de\\\/de\\\/#website\"},\"primaryImageOfPage\":{\"@id\":\"https:\\\/\\\/mesa-international.de\\\/de\\\/messumformer-anzeiger\\\/a005\\\/#primaryimage\"},\"image\":{\"@id\":\"https:\\\/\\\/mesa-international.de\\\/de\\\/messumformer-anzeiger\\\/a005\\\/#primaryimage\"},\"thumbnailUrl\":\"https:\\\/\\\/mesa-international.de\\\/wp-content\\\/uploads\\\/2022\\\/11\\\/A005.tif\",\"datePublished\":\"2020-12-28T15:50:25+00:00\",\"dateModified\":\"2024-01-25T15:41:43+00:00\",\"description\":\"A005 ist ein universeller, hochpr\u00e4ziser digitaler Prozessanzeiger f\u00fcr eine breite Palette von Eingangssensoren und -signalen, LED mit 20 mm H\u00f6he.\",\"breadcrumb\":{\"@id\":\"https:\\\/\\\/mesa-international.de\\\/de\\\/messumformer-anzeiger\\\/a005\\\/#breadcrumb\"},\"inLanguage\":\"de\",\"potentialAction\":[{\"@type\":\"ReadAction\",\"target\":[\"https:\\\/\\\/mesa-international.de\\\/de\\\/messumformer-anzeiger\\\/a005\\\/\"]}]},{\"@type\":\"ImageObject\",\"inLanguage\":\"de\",\"@id\":\"https:\\\/\\\/mesa-international.de\\\/de\\\/messumformer-anzeiger\\\/a005\\\/#primaryimage\",\"url\":\"https:\\\/\\\/mesa-international.de\\\/wp-content\\\/uploads\\\/2022\\\/11\\\/A005.tif\",\"contentUrl\":\"https:\\\/\\\/mesa-international.de\\\/wp-content\\\/uploads\\\/2022\\\/11\\\/A005.tif\"},{\"@type\":\"BreadcrumbList\",\"@id\":\"https:\\\/\\\/mesa-international.de\\\/de\\\/messumformer-anzeiger\\\/a005\\\/#breadcrumb\",\"itemListElement\":[{\"@type\":\"ListItem\",\"position\":1,\"name\":\"Messumformer \\\/ Ainzeiger\",\"item\":\"https:\\\/\\\/mesa-international.de\\\/de\\\/messumformer-anzeiger\\\/\"},{\"@type\":\"ListItem\",\"position\":2,\"name\":\"A005\"}]},{\"@type\":\"WebSite\",\"@id\":\"https:\\\/\\\/mesa-international.de\\\/de\\\/#website\",\"url\":\"https:\\\/\\\/mesa-international.de\\\/de\\\/\",\"name\":\"www.mesa-international.de\",\"description\":\"Mesa Electronics Gmbh\",\"publisher\":{\"@id\":\"https:\\\/\\\/mesa-international.de\\\/de\\\/#organization\"},\"potentialAction\":[{\"@type\":\"SearchAction\",\"target\":{\"@type\":\"EntryPoint\",\"urlTemplate\":\"https:\\\/\\\/mesa-international.de\\\/de\\\/?s={search_term_string}\"},\"query-input\":{\"@type\":\"PropertyValueSpecification\",\"valueRequired\":true,\"valueName\":\"search_term_string\"}}],\"inLanguage\":\"de\"},{\"@type\":\"Organization\",\"@id\":\"https:\\\/\\\/mesa-international.de\\\/de\\\/#organization\",\"name\":\"www.mesa-international.de\",\"url\":\"https:\\\/\\\/mesa-international.de\\\/de\\\/\",\"logo\":{\"@type\":\"ImageObject\",\"inLanguage\":\"de\",\"@id\":\"https:\\\/\\\/mesa-international.de\\\/de\\\/#\\\/schema\\\/logo\\\/image\\\/\",\"url\":\"https:\\\/\\\/mesa-international.de\\\/wp-content\\\/uploads\\\/2022\\\/11\\\/sadsaca.png\",\"contentUrl\":\"https:\\\/\\\/mesa-international.de\\\/wp-content\\\/uploads\\\/2022\\\/11\\\/sadsaca.png\",\"width\":173,\"height\":107,\"caption\":\"www.mesa-international.de\"},\"image\":{\"@id\":\"https:\\\/\\\/mesa-international.de\\\/de\\\/#\\\/schema\\\/logo\\\/image\\\/\"},\"sameAs\":[\"https:\\\/\\\/www.linkedin.com\\\/company\\\/mesa-electronic-gmbh\\\/\"]}]}<\/script>\n<!-- \/ Yoast SEO plugin. -->","yoast_head_json":{"title":"A005 - www.mesa-international.de","description":"A005 ist ein universeller, hochpr\u00e4ziser digitaler Prozessanzeiger f\u00fcr eine breite Palette von Eingangssensoren und -signalen, LED mit 20 mm H\u00f6he.","robots":{"index":"index","follow":"follow","max-snippet":"max-snippet:-1","max-image-preview":"max-image-preview:large","max-video-preview":"max-video-preview:-1"},"canonical":"https:\/\/mesa-international.de\/de\/messumformer-anzeiger\/a005\/","og_locale":"de_DE","og_type":"article","og_title":"A005 - www.mesa-international.de","og_description":"A005 ist ein universeller, hochpr\u00e4ziser digitaler Prozessanzeiger f\u00fcr eine breite Palette von Eingangssensoren und -signalen, LED mit 20 mm H\u00f6he.","og_url":"https:\/\/mesa-international.de\/de\/messumformer-anzeiger\/a005\/","og_site_name":"www.mesa-international.de","article_modified_time":"2024-01-25T15:41:43+00:00","twitter_card":"summary_large_image","twitter_misc":{"Gesch\u00e4tzte Lesezeit":"4\u00a0Minuten"},"schema":{"@context":"https:\/\/schema.org","@graph":[{"@type":"WebPage","@id":"https:\/\/mesa-international.de\/de\/messumformer-anzeiger\/a005\/","url":"https:\/\/mesa-international.de\/de\/messumformer-anzeiger\/a005\/","name":"A005 - www.mesa-international.de","isPartOf":{"@id":"https:\/\/mesa-international.de\/de\/#website"},"primaryImageOfPage":{"@id":"https:\/\/mesa-international.de\/de\/messumformer-anzeiger\/a005\/#primaryimage"},"image":{"@id":"https:\/\/mesa-international.de\/de\/messumformer-anzeiger\/a005\/#primaryimage"},"thumbnailUrl":"https:\/\/mesa-international.de\/wp-content\/uploads\/2022\/11\/A005.tif","datePublished":"2020-12-28T15:50:25+00:00","dateModified":"2024-01-25T15:41:43+00:00","description":"A005 ist ein universeller, hochpr\u00e4ziser digitaler Prozessanzeiger f\u00fcr eine breite Palette von Eingangssensoren und -signalen, LED mit 20 mm H\u00f6he.","breadcrumb":{"@id":"https:\/\/mesa-international.de\/de\/messumformer-anzeiger\/a005\/#breadcrumb"},"inLanguage":"de","potentialAction":[{"@type":"ReadAction","target":["https:\/\/mesa-international.de\/de\/messumformer-anzeiger\/a005\/"]}]},{"@type":"ImageObject","inLanguage":"de","@id":"https:\/\/mesa-international.de\/de\/messumformer-anzeiger\/a005\/#primaryimage","url":"https:\/\/mesa-international.de\/wp-content\/uploads\/2022\/11\/A005.tif","contentUrl":"https:\/\/mesa-international.de\/wp-content\/uploads\/2022\/11\/A005.tif"},{"@type":"BreadcrumbList","@id":"https:\/\/mesa-international.de\/de\/messumformer-anzeiger\/a005\/#breadcrumb","itemListElement":[{"@type":"ListItem","position":1,"name":"Messumformer \/ Ainzeiger","item":"https:\/\/mesa-international.de\/de\/messumformer-anzeiger\/"},{"@type":"ListItem","position":2,"name":"A005"}]},{"@type":"WebSite","@id":"https:\/\/mesa-international.de\/de\/#website","url":"https:\/\/mesa-international.de\/de\/","name":"www.mesa-international.de","description":"Mesa Electronics Gmbh","publisher":{"@id":"https:\/\/mesa-international.de\/de\/#organization"},"potentialAction":[{"@type":"SearchAction","target":{"@type":"EntryPoint","urlTemplate":"https:\/\/mesa-international.de\/de\/?s={search_term_string}"},"query-input":{"@type":"PropertyValueSpecification","valueRequired":true,"valueName":"search_term_string"}}],"inLanguage":"de"},{"@type":"Organization","@id":"https:\/\/mesa-international.de\/de\/#organization","name":"www.mesa-international.de","url":"https:\/\/mesa-international.de\/de\/","logo":{"@type":"ImageObject","inLanguage":"de","@id":"https:\/\/mesa-international.de\/de\/#\/schema\/logo\/image\/","url":"https:\/\/mesa-international.de\/wp-content\/uploads\/2022\/11\/sadsaca.png","contentUrl":"https:\/\/mesa-international.de\/wp-content\/uploads\/2022\/11\/sadsaca.png","width":173,"height":107,"caption":"www.mesa-international.de"},"image":{"@id":"https:\/\/mesa-international.de\/de\/#\/schema\/logo\/image\/"},"sameAs":["https:\/\/www.linkedin.com\/company\/mesa-electronic-gmbh\/"]}]}},"_links":{"self":[{"href":"https:\/\/mesa-international.de\/de\/wp-json\/wp\/v2\/pages\/239849","targetHints":{"allow":["GET"]}}],"collection":[{"href":"https:\/\/mesa-international.de\/de\/wp-json\/wp\/v2\/pages"}],"about":[{"href":"https:\/\/mesa-international.de\/de\/wp-json\/wp\/v2\/types\/page"}],"author":[{"embeddable":true,"href":"https:\/\/mesa-international.de\/de\/wp-json\/wp\/v2\/users\/5"}],"replies":[{"embeddable":true,"href":"https:\/\/mesa-international.de\/de\/wp-json\/wp\/v2\/comments?post=239849"}],"version-history":[{"count":0,"href":"https:\/\/mesa-international.de\/de\/wp-json\/wp\/v2\/pages\/239849\/revisions"}],"up":[{"embeddable":true,"href":"https:\/\/mesa-international.de\/de\/wp-json\/wp\/v2\/pages\/239746"}],"wp:featuredmedia":[{"embeddable":true,"href":"https:\/\/mesa-international.de\/de\/wp-json\/wp\/v2\/media\/239853"}],"wp:attachment":[{"href":"https:\/\/mesa-international.de\/de\/wp-json\/wp\/v2\/media?parent=239849"}],"wp:term":[{"taxonomy":"category","embeddable":true,"href":"https:\/\/mesa-international.de\/de\/wp-json\/wp\/v2\/categories?post=239849"},{"taxonomy":"post_tag","embeddable":true,"href":"https:\/\/mesa-international.de\/de\/wp-json\/wp\/v2\/tags?post=239849"}],"curies":[{"name":"wp","href":"https:\/\/api.w.org\/{rel}","templated":true}]}}