{"id":239834,"date":"2021-01-21T20:54:32","date_gmt":"2021-01-21T20:54:32","guid":{"rendered":"https:\/\/bold-lamport.87-106-169-145.plesk.page\/?page_id=239834"},"modified":"2022-12-05T22:32:19","modified_gmt":"2022-12-05T22:32:19","slug":"carbo-1001e","status":"publish","type":"page","link":"https:\/\/mesa-international.de\/de\/carbo-1001e\/","title":{"rendered":"Carbo 1001E"},"content":{"rendered":"<p>[et_pb_section fb_built=&#8220;1&#8243; admin_label=&#8220;Header&#8220; _builder_version=&#8220;4.16&#8243; _module_preset=&#8220;default&#8220; background_color_gradient_direction=&#8220;80deg&#8220; background_image=&#8220;https:\/\/mesa-international.de\/wp-content\/uploads\/2021\/02\/MESA-Eletronic-GmbH-scaled-3.jpg&#8220; parallax=&#8220;on&#8220; parallax_method=&#8220;off&#8220; positioning=&#8220;none&#8220; overflow-x=&#8220;hidden&#8220; custom_padding=&#8220;0px||0px||false|false&#8220; locked=&#8220;off&#8220; global_colors_info=&#8220;{}&#8220;][et_pb_row column_structure=&#8220;1_2,1_2&#8243; use_custom_gutter=&#8220;on&#8220; gutter_width=&#8220;4&#8243; _builder_version=&#8220;4.16&#8243; _module_preset=&#8220;b20bcc98-8879-4102-a484-dda0c1df9d09&#8243; background_size=&#8220;contain&#8220; background_position=&#8220;bottom_center&#8220; max_width=&#8220;1280px&#8220; custom_margin=&#8220;-21px|auto|-3px|auto|false|false&#8220; custom_padding=&#8220;0px|||||&#8220; global_colors_info=&#8220;{}&#8220;][et_pb_column type=&#8220;1_2&#8243; _builder_version=&#8220;4.16&#8243; _module_preset=&#8220;default&#8220; custom_padding=&#8220;40px|||&#8220; custom_padding_tablet=&#8220;0vw|||&#8220; global_colors_info=&#8220;{}&#8220; custom_padding__hover=&#8220;|||&#8220;][et_pb_text _builder_version=&#8220;4.16&#8243; _module_preset=&#8220;default&#8220; header_font=&#8220;Archivo|700|||||||&#8220; header_text_align=&#8220;left&#8220; header_font_size=&#8220;45px&#8220; global_colors_info=&#8220;{}&#8220;]<\/p>\n<div id=\"pg-2833-0\" class=\"panel-grid panel-has-style\">\n<div class=\"siteorigin-panels-stretch panel-row-style panel-row-style-for-2833-0\" data-stretch-type=\"full\">\n<div id=\"pgc-2833-0-0\" class=\"panel-grid-cell\">\n<div id=\"panel-2833-0-0-0\" class=\"so-panel widget widget_sow-editor panel-first-child panel-last-child\" data-index=\"0\">\n<div class=\"container panel-widget-style panel-widget-style-for-2833-0-0-0\">\n<div class=\"so-widget-sow-editor so-widget-sow-editor-base\">\n<div class=\"siteorigin-widget-tinymce textwidget\">\n<div id=\"pg-2924-0\" class=\"panel-grid panel-has-style\">\n<div class=\"siteorigin-panels-stretch panel-row-style panel-row-style-for-2924-0\" data-stretch-type=\"full\">\n<div id=\"pgc-2924-0-0\" class=\"panel-grid-cell\">\n<div id=\"panel-2924-0-0-0\" class=\"so-panel widget widget_sow-editor panel-first-child panel-last-child\" data-index=\"0\">\n<div class=\"container panel-widget-style panel-widget-style-for-2924-0-0-0\">\n<div class=\"so-widget-sow-editor so-widget-sow-editor-base\">\n<div class=\"siteorigin-widget-tinymce textwidget\">\n<h1 class=\"animated fadeInUp\">SMART MESSUMFORMER CARBO 1001 E<\/h1>\n<\/div>\n<\/div>\n<\/div>\n<\/div>\n<\/div>\n<\/div>\n<\/div>\n<div id=\"pg-2924-1\" class=\"panel-grid panel-has-style\">\n<div class=\"container wow fadeIn siteorigin-panels-stretch panel-row-style panel-row-style-for-2924-1\" data-stretch-type=\"full\">\n<div id=\"pgc-2924-1-0\" class=\"panel-grid-cell\">\n<div id=\"panel-2924-1-0-0\" class=\"so-panel widget widget_sow-editor panel-first-child panel-last-child\" data-index=\"1\">\n<div class=\"so-widget-sow-editor so-widget-sow-editor-base\">\n<div class=\"siteorigin-widget-tinymce textwidget\">\n<p>&nbsp;<\/p>\n<\/div>\n<\/div>\n<\/div>\n<\/div>\n<\/div>\n<\/div>\n<div class=\"su-button-center\">\u00a0<\/div>\n<\/div>\n<\/div>\n<\/div>\n<\/div>\n<\/div>\n<\/div>\n<\/div>\n<div id=\"pg-2833-1\" class=\"panel-grid panel-has-style\">\n<div class=\"siteorigin-panels-stretch panel-row-style panel-row-style-for-2833-1\" data-stretch-type=\"full-stretched\">\n<div id=\"pgc-2833-1-0\" class=\"panel-grid-cell\">\n<div id=\"panel-2833-1-0-0\" class=\"so-panel widget widget_sow-editor panel-first-child panel-last-child\" data-index=\"1\">\n<div class=\"so-widget-sow-editor so-widget-sow-editor-base\">\n<div class=\"siteorigin-widget-tinymce textwidget\">\n<p>&nbsp;<\/p>\n<\/div>\n<\/div>\n<\/div>\n<\/div>\n<\/div>\n<\/div>\n<p>[\/et_pb_text][et_pb_testimonial author=&#8220;SMART MESSUMFORMER CARBO 1001 E&#8220; portrait_url=&#8220;https:\/\/mesa-international.de\/wp-content\/uploads\/2020\/12\/Carbo-1001E-with-Profinet-3D-5.png&#8220; quote_icon=&#8220;off&#8220; _builder_version=&#8220;4.19.2&#8243; _module_preset=&#8220;default&#8220; hover_enabled=&#8220;0&#8243; border_radii=&#8220;on|15px|15px|15px|15px&#8220; global_colors_info=&#8220;{}&#8220; alt=&#8220;Carbo-1001E&#8220; title_text=&#8220;Carbo-1001E&#8220; sticky_enabled=&#8220;0&#8243;]<\/p>\n<div id=\"pgc-2918-2-0\" class=\"panel-grid-cell\">\n<div id=\"panel-2918-2-0-0\" class=\"so-panel widget widget_sow-editor panel-first-child panel-last-child\" data-index=\"3\">\n<div class=\"panel-widget-style panel-widget-style-for-2918-2-0-0\">\n<div class=\"so-widget-sow-editor so-widget-sow-editor-base\">\n<div class=\"siteorigin-widget-tinymce textwidget\">\n<div id=\"pgc-1170-2-0\" class=\"panel-grid-cell\">\n<div id=\"panel-1170-2-0-0\" class=\"so-panel widget widget_sow-editor panel-first-child panel-last-child\" data-index=\"3\">\n<div class=\"panel-widget-style panel-widget-style-for-1170-2-0-0\">\n<div class=\"so-widget-sow-editor so-widget-sow-editor-base\">\n<div class=\"siteorigin-widget-tinymce textwidget\">\n<h4>FUNKTION:<\/h4>\n<div class=\"page\" title=\"Page 1\">\n<div class=\"section\">\n<div class=\"layoutArea\">\n<div class=\"column\">\n<div class=\"page\" title=\"Page 1\">\n<div class=\"section\">\n<div class=\"layoutArea\">\n<div class=\"column\">\n<div class=\"page\" title=\"Page 1\">\n<div class=\"section\">\n<div class=\"layoutArea\">\n<div class=\"column\">\n<div class=\"page\" title=\"Page 1\">\n<div class=\"section\">\n<div class=\"layoutArea\">\n<div class=\"column\">\n<p class=\"p1\"><span class=\"s1\">Der \u201eCarbo 1001 Extension\u201c, konzipiert f\u00fcr Mehrfachapplikationen und dem Einsatz an bis zu 5 Zonen, ist ein intelligenter Me\u00dfumformer.<\/span><\/p>\n<p class=\"p1\"><span class=\"s1\">Der Carbo 1001 E wird direkt an den Siemens Simatic R\u00fcckwandbus angeschlossen, verrechnet die Eingangssignale und stellt die gew\u00fcnschte Ausgangsgr\u00f6\u00dfe \u00fcber definierte oder symbolische Datenbl\u00f6cke der SPS zur Verf\u00fcgung.<\/span><\/p>\n<p class=\"p1\"><span class=\"s1\">Die hier beschriebenen Ausf\u00fchrungen errechnen z.B. den C-Pegel aus dem Restsauerstoffgehalt eines Gases aufgrund des anzunehmenden Gasgleichgewichtes. Oder bestimmt den Restsauerstoffgehalt direkt in ihrer Atmosph\u00e4re.<\/span><\/p>\n<\/div>\n<\/div>\n<\/div>\n<\/div>\n<\/div>\n<\/div>\n<\/div>\n<\/div>\n<\/div>\n<\/div>\n<\/div>\n<\/div>\n<\/div>\n<\/div>\n<\/div>\n<\/div>\n<\/div>\n<\/div>\n<\/div>\n<\/div>\n<\/div>\n<div id=\"pgc-1170-2-1\" class=\"panel-grid-cell\">\n<div id=\"panel-1170-2-1-0\" class=\"so-panel widget widget_sow-editor panel-first-child panel-last-child\" data-index=\"4\">\n<div class=\"panel-widget-style panel-widget-style-for-1170-2-1-0\">\n<div class=\"so-widget-sow-editor so-widget-sow-editor-base\">\n<div class=\"siteorigin-widget-tinymce textwidget\">\n<h4>M\u00f6glichkeiten teurerer Systeme wie z.B. die Istwertkorrektur des Ofens durch eine \u201eFolienprobe\u201c, werden direkt im Carbo 1001 E ausgef\u00fchrt. Auch bei kleineren Ofenanlagen rechnet sich die Anschaffung damit schnell.<\/h4>\n<div class=\"page\" title=\"Page 1\">\n<div class=\"section\">\n<div class=\"layoutArea\">\n<div class=\"column\">\n<div class=\"page\" title=\"Page 1\">\n<div class=\"section\">\n<div class=\"layoutArea\">\n<div class=\"column\">\n<div class=\"page\" title=\"Page 1\">\n<div class=\"section\">\n<div class=\"layoutArea\">\n<div class=\"column\">\n<p class=\"p1\"><span class=\"s1\">Eine weitere praktische Funktion des Ger\u00e4tes ist die Umrechnung der L-Sonden-spannung in die Sondenspannung einer herk\u00f6mmlichen Zirkoniumoxidsonde. Damit l\u00e4sst sich die wesentlich robustere und preisg\u00fcnstigere L-Sonde an bereits vorhandene Regelsysteme anpassen.<\/span><\/p>\n<\/div>\n<\/div>\n<\/div>\n<\/div>\n<\/div>\n<\/div>\n<\/div>\n<\/div>\n<\/div>\n<\/div>\n<\/div>\n<\/div>\n<\/div>\n<\/div>\n<\/div>\n<\/div>\n<\/div>\n<\/div>\n<\/div>\n<\/div>\n<\/div>\n<\/div>\n<p>[\/et_pb_testimonial][\/et_pb_column][et_pb_column type=&#8220;1_2&#8243; _builder_version=&#8220;4.16&#8243; _module_preset=&#8220;default&#8220; custom_padding=&#8220;|||&#8220; global_colors_info=&#8220;{}&#8220; custom_padding__hover=&#8220;|||&#8220;][et_pb_image src=&#8220;https:\/\/mesa-international.de\/wp-content\/uploads\/2022\/11\/Carbo-1001E-with-Profinet-3D.png&#8220; alt=&#8220;Carbo-1001E&#8220; title_text=&#8220;Carbo-1001E&#8220; _builder_version=&#8220;4.18.0&#8243; _module_preset=&#8220;default&#8220; transform_scale=&#8220;113%|113%&#8220; transform_scale_tablet=&#8220;116%|116%&#8220; transform_scale_phone=&#8220;80%|80%&#8220; transform_scale_last_edited=&#8220;off|desktop&#8220; transform_translate_tablet=&#8220;30vw|-24vw&#8220; transform_translate_phone=&#8220;0vw|-15vw&#8220; transform_translate_last_edited=&#8220;off|desktop&#8220; transform_rotate_last_edited=&#8220;off|desktop&#8220; transform_skew_last_edited=&#8220;off|desktop&#8220; transform_origin_last_edited=&#8220;off|desktop&#8220; transform_styles_last_edited=&#8220;off|desktop&#8220; position_origin_f=&#8220;bottom_center&#8220; width=&#8220;100%&#8220; max_width=&#8220;480px&#8220; custom_margin=&#8220;132px|||||&#8220; animation_direction=&#8220;bottom&#8220; always_center_on_mobile=&#8220;off&#8220; global_colors_info=&#8220;{}&#8220; transform_styles__hover_enabled=&#8220;on|hover&#8220; transform_scale__hover_enabled=&#8220;on|hover&#8220; transform_translate__hover_enabled=&#8220;on|desktop&#8220; transform_rotate__hover_enabled=&#8220;on|desktop&#8220; transform_skew__hover_enabled=&#8220;on|desktop&#8220; transform_origin__hover_enabled=&#8220;on|desktop&#8220; transform_scale__hover=&#8220;145%|145%&#8220; transform_rotate__hover=&#8220;0deg|0deg|13deg&#8220;][\/et_pb_image][et_pb_button button_url=&#8220;https:\/\/mesa-international.de\/wp-content\/uploads\/2021\/06\/Carbo1001E-DB-DE-v1.2-01-2021-1-4.pdf&#8220; url_new_window=&#8220;on&#8220; button_text=&#8220;Datenblatt herunterladen \/ Download in PDF format&#8220; _builder_version=&#8220;4.16&#8243; _module_preset=&#8220;default&#8220; custom_button=&#8220;on&#8220; button_text_size=&#8220;14px&#8220; button_text_color=&#8220;#ffffff&#8220; button_bg_color=&#8220;#e02b20&#8243; button_border_width=&#8220;0px&#8220; button_border_radius=&#8220;15px&#8220; button_font=&#8220;|700|||||||&#8220; global_colors_info=&#8220;{}&#8220;][\/et_pb_button][\/et_pb_column][\/et_pb_row][et_pb_row column_structure=&#8220;1_2,1_2&#8243; _builder_version=&#8220;4.16&#8243; _module_preset=&#8220;b20bcc98-8879-4102-a484-dda0c1df9d09&#8243; global_colors_info=&#8220;{}&#8220;][et_pb_column type=&#8220;1_2&#8243; _builder_version=&#8220;4.16&#8243; _module_preset=&#8220;default&#8220; global_colors_info=&#8220;{}&#8220;][et_pb_text _builder_version=&#8220;4.16&#8243; _module_preset=&#8220;default&#8220; header_font=&#8220;Archivo|700|||||||&#8220; header_4_font=&#8220;Archivo|700|||||||&#8220; header_4_text_color=&#8220;#353535&#8243; global_colors_info=&#8220;{}&#8220;]<\/p>\n<h4>BESONDERHEITEN:<\/h4>\n<ul class=\"list-group\">\n<li class=\"list-group-item\">\u00a0Berechnung des Restsauerstoffgehaltes bei sauerstoffsensitiven Prozessen, an bis zu f\u00fcnf Messstellen.<\/li>\n<li class=\"list-group-item\">\u00a0Berechnung des C-Pegels aus dem Rest- sauerstoffgehalt oder dem CO2-Gehalt bei der Verg\u00fctung von St\u00e4hlen, an bis zu f\u00fcnf Messstellen.<\/li>\n<li class=\"list-group-item\">\u00a0Direkt anschlie\u00dfbar an den Siemens Simatic R\u00fcckwandbus ohne zus\u00e4tzliche Module wie z.B. Kommunikationsmodule<\/li>\n<li class=\"list-group-item\">\u00a0Messwerterfassung, Parametrierung und Fehlerbehandlung erfolgt \u00fcber vordefinierte oder symbolische Datenbl\u00f6cke<\/li>\n<li class=\"list-group-item\">\u00a0Hohe Betriebssicherheit durch galvanische Trennung aller Ein- und Ausg\u00e4nge<\/li>\n<li class=\"list-group-item\">\u00a0Umrechnung der L-Sondenspannung auf den Spannungsverlauf der Zirkoniumoxidsonde<\/li>\n<li class=\"list-group-item\">\u00a0Zus\u00e4tzlicher Eingang zum direkten Anschluss eines CO-Analysators<\/li>\n<li class=\"list-group-item\">\u00a0Thermoelementart umschaltbar zwischen Typ \u201eK\u201c und \u201eS<\/li>\n<\/ul>\n<p>[\/et_pb_text][\/et_pb_column][et_pb_column type=&#8220;1_2&#8243; _builder_version=&#8220;4.16&#8243; _module_preset=&#8220;default&#8220; global_colors_info=&#8220;{}&#8220;][et_pb_text _builder_version=&#8220;4.16&#8243; _module_preset=&#8220;default&#8220; header_font=&#8220;Archivo|700|||||||&#8220; header_4_font=&#8220;Archivo|700|||||||&#8220; header_4_text_color=&#8220;#353535&#8243; custom_margin=&#8220;3px|||-14px||&#8220; global_colors_info=&#8220;{}&#8220;]<\/p>\n<div id=\"pgc-2959-3-0\" class=\"panel-grid-cell\">\n<div id=\"panel-2959-3-0-0\" class=\"so-panel widget widget_sow-editor panel-first-child panel-last-child\" data-index=\"5\">\n<div class=\"panel-widget-style panel-widget-style-for-2959-3-0-0\">\n<div class=\"so-widget-sow-editor so-widget-sow-editor-base\">\n<div class=\"siteorigin-widget-tinymce textwidget\">\n<h4>TECHNISCHE DATEN<\/h4>\n<div class=\"su-table su-table-alternate\">\n<p>&nbsp;<\/p>\n<table class=\"table \">\n<thead><\/thead>\n<tbody>\n<tr>\n<th scope=\"row\">Geh\u00e4use:<\/th>\n<td>Siemens Simatic S7 kompatibles<br \/>Hutschienengeh\u00e4use<\/td>\n<\/tr>\n<tr>\n<th scope=\"row\">Abmessungen:<\/th>\n<td>160\u00a0x 125 x 115 mm (BxHxT)<\/td>\n<\/tr>\n<tr>\n<th scope=\"row\">Gewicht:<\/th>\n<td>ca. 2 kg<\/td>\n<\/tr>\n<tr>\n<th scope=\"row\">Schutzart:<\/th>\n<td>IP 32\u00a0nach DIN 40050<\/td>\n<\/tr>\n<tr>\n<th scope=\"row\">Klima:<\/th>\n<td>Lagerung: -10\u2026+70 \u00b0C<br \/>Betrieb: 0\u2026+50 \u00b0C<br \/>5\u202695 % rel. Feuchte, betauungsfrei<\/td>\n<\/tr>\n<tr>\n<th scope=\"row\">Hilfsspannung:<\/th>\n<td>24 V DC \u00b110%<\/td>\n<\/tr>\n<tr>\n<th scope=\"row\">Kommunikation:<\/th>\n<td>Profibus, Profinet<\/td>\n<\/tr>\n<\/tbody>\n<\/table>\n<\/div>\n<\/div>\n<\/div>\n<\/div>\n<\/div>\n<\/div>\n<p>[\/et_pb_text][\/et_pb_column][\/et_pb_row][\/et_pb_section]<\/p>\n","protected":false},"excerpt":{"rendered":"<p>Der \u201eCarbo 1001 Extension\u201c, konzipiert f\u00fcr Mehrfachapplikationen und dem Einsatz an bis zu 5 Zonen, ist ein intelligenter Me\u00dfumformer.<\/p>\n<p>Der Carbo 1001 E wird direkt an den Siemens Simatic R\u00fcckwandbus angeschlossen, verrechnet die Eingangssignale und stellt die gew\u00fcnschte Ausgangsgr\u00f6\u00dfe \u00fcber definierte oder symbolische Datenbl\u00f6cke der SPS zur Verf\u00fcgung.<\/p>\n<p>Die hier beschriebenen Ausf\u00fchrungen errechnen z.B. den C-Pegel aus dem Restsauerstoffgehalt eines Gases aufgrund des anzunehmenden Gasgleichgewichtes. Oder bestimmt den Restsauerstoffgehalt direkt in ihrer Atmosph\u00e4re.<\/p>\n<p>M\u00f6glichkeiten teurerer Systeme wie z.B. die Istwertkorrektur des Ofens durch eine \u201eFolienprobe\u201c, werden direkt im Carbo 1001 E ausgef\u00fchrt. Auch bei kleineren Ofenanlagen rechnet sich die Anschaffung damit schnell.<br \/>\nEine weitere praktische Funktion des Ger\u00e4tes ist die Umrechnung der L-Sonden-spannung in die Sondenspannung einer herk\u00f6mmlichen Zirkoniumoxidsonde. Damit l\u00e4sst sich die wesentlich robustere und preisg\u00fcnstigere L-Sonde an bereits vorhandene Regelsysteme anpassen.<\/p>\n","protected":false},"author":5,"featured_media":239841,"parent":0,"menu_order":0,"comment_status":"closed","ping_status":"closed","template":"","meta":{"_acf_changed":false,"content-type":"","footnotes":""},"categories":[],"tags":[],"class_list":["post-239834","page","type-page","status-publish","has-post-thumbnail","hentry"],"acf":[],"yoast_head":"<!-- This site is optimized with the Yoast SEO plugin v27.5 - https:\/\/yoast.com\/product\/yoast-seo-wordpress\/ -->\n<title>Carbo 1001E - www.mesa-international.de<\/title>\n<meta name=\"description\" content=\"Der \u201eCarbo 1001 Extension\u201c, konzipiert f\u00fcr Mehrfachapplikationen und dem Einsatz an bis zu 5 Zonen, ist ein intelligenter Me\u00dfumformer.\" \/>\n<meta name=\"robots\" content=\"index, follow, max-snippet:-1, max-image-preview:large, max-video-preview:-1\" \/>\n<link rel=\"canonical\" href=\"https:\/\/mesa-international.de\/de\/carbo-1001e\/\" \/>\n<meta property=\"og:locale\" content=\"de_DE\" \/>\n<meta property=\"og:type\" content=\"article\" \/>\n<meta property=\"og:title\" content=\"Carbo 1001E - www.mesa-international.de\" \/>\n<meta property=\"og:description\" content=\"Der \u201eCarbo 1001 Extension\u201c, konzipiert f\u00fcr Mehrfachapplikationen und dem Einsatz an bis zu 5 Zonen, ist ein intelligenter Me\u00dfumformer.\" \/>\n<meta property=\"og:url\" content=\"https:\/\/mesa-international.de\/de\/carbo-1001e\/\" \/>\n<meta property=\"og:site_name\" content=\"www.mesa-international.de\" \/>\n<meta property=\"article:modified_time\" content=\"2022-12-05T22:32:19+00:00\" \/>\n<meta property=\"og:image\" content=\"https:\/\/mesa-international.de\/wp-content\/uploads\/2022\/11\/Carbo-1001E-with-Profinet-3D.png\" \/>\n\t<meta property=\"og:image:width\" content=\"1000\" \/>\n\t<meta property=\"og:image:height\" content=\"877\" \/>\n\t<meta property=\"og:image:type\" content=\"image\/png\" \/>\n<meta name=\"twitter:card\" content=\"summary_large_image\" \/>\n<meta name=\"twitter:label1\" content=\"Gesch\u00e4tzte Lesezeit\" \/>\n\t<meta name=\"twitter:data1\" content=\"4\u00a0Minuten\" \/>\n<script type=\"application\/ld+json\" class=\"yoast-schema-graph\">{\"@context\":\"https:\\\/\\\/schema.org\",\"@graph\":[{\"@type\":\"WebPage\",\"@id\":\"https:\\\/\\\/mesa-international.de\\\/de\\\/carbo-1001e\\\/\",\"url\":\"https:\\\/\\\/mesa-international.de\\\/de\\\/carbo-1001e\\\/\",\"name\":\"Carbo 1001E - www.mesa-international.de\",\"isPartOf\":{\"@id\":\"https:\\\/\\\/mesa-international.de\\\/de\\\/#website\"},\"primaryImageOfPage\":{\"@id\":\"https:\\\/\\\/mesa-international.de\\\/de\\\/carbo-1001e\\\/#primaryimage\"},\"image\":{\"@id\":\"https:\\\/\\\/mesa-international.de\\\/de\\\/carbo-1001e\\\/#primaryimage\"},\"thumbnailUrl\":\"https:\\\/\\\/mesa-international.de\\\/wp-content\\\/uploads\\\/2022\\\/11\\\/Carbo-1001E-with-Profinet-3D.png\",\"datePublished\":\"2021-01-21T20:54:32+00:00\",\"dateModified\":\"2022-12-05T22:32:19+00:00\",\"description\":\"Der \u201eCarbo 1001 Extension\u201c, konzipiert f\u00fcr Mehrfachapplikationen und dem Einsatz an bis zu 5 Zonen, ist ein intelligenter Me\u00dfumformer.\",\"inLanguage\":\"de\",\"potentialAction\":[{\"@type\":\"ReadAction\",\"target\":[\"https:\\\/\\\/mesa-international.de\\\/de\\\/carbo-1001e\\\/\"]}]},{\"@type\":\"ImageObject\",\"inLanguage\":\"de\",\"@id\":\"https:\\\/\\\/mesa-international.de\\\/de\\\/carbo-1001e\\\/#primaryimage\",\"url\":\"https:\\\/\\\/mesa-international.de\\\/wp-content\\\/uploads\\\/2022\\\/11\\\/Carbo-1001E-with-Profinet-3D.png\",\"contentUrl\":\"https:\\\/\\\/mesa-international.de\\\/wp-content\\\/uploads\\\/2022\\\/11\\\/Carbo-1001E-with-Profinet-3D.png\",\"width\":1000,\"height\":877},{\"@type\":\"WebSite\",\"@id\":\"https:\\\/\\\/mesa-international.de\\\/de\\\/#website\",\"url\":\"https:\\\/\\\/mesa-international.de\\\/de\\\/\",\"name\":\"www.mesa-international.de\",\"description\":\"Mesa Electronics Gmbh\",\"publisher\":{\"@id\":\"https:\\\/\\\/mesa-international.de\\\/de\\\/#organization\"},\"potentialAction\":[{\"@type\":\"SearchAction\",\"target\":{\"@type\":\"EntryPoint\",\"urlTemplate\":\"https:\\\/\\\/mesa-international.de\\\/de\\\/?s={search_term_string}\"},\"query-input\":{\"@type\":\"PropertyValueSpecification\",\"valueRequired\":true,\"valueName\":\"search_term_string\"}}],\"inLanguage\":\"de\"},{\"@type\":\"Organization\",\"@id\":\"https:\\\/\\\/mesa-international.de\\\/de\\\/#organization\",\"name\":\"www.mesa-international.de\",\"url\":\"https:\\\/\\\/mesa-international.de\\\/de\\\/\",\"logo\":{\"@type\":\"ImageObject\",\"inLanguage\":\"de\",\"@id\":\"https:\\\/\\\/mesa-international.de\\\/de\\\/#\\\/schema\\\/logo\\\/image\\\/\",\"url\":\"https:\\\/\\\/mesa-international.de\\\/wp-content\\\/uploads\\\/2022\\\/11\\\/sadsaca.png\",\"contentUrl\":\"https:\\\/\\\/mesa-international.de\\\/wp-content\\\/uploads\\\/2022\\\/11\\\/sadsaca.png\",\"width\":173,\"height\":107,\"caption\":\"www.mesa-international.de\"},\"image\":{\"@id\":\"https:\\\/\\\/mesa-international.de\\\/de\\\/#\\\/schema\\\/logo\\\/image\\\/\"},\"sameAs\":[\"https:\\\/\\\/www.linkedin.com\\\/company\\\/mesa-electronic-gmbh\\\/\"]}]}<\/script>\n<!-- \/ Yoast SEO plugin. -->","yoast_head_json":{"title":"Carbo 1001E - www.mesa-international.de","description":"Der \u201eCarbo 1001 Extension\u201c, konzipiert f\u00fcr Mehrfachapplikationen und dem Einsatz an bis zu 5 Zonen, ist ein intelligenter Me\u00dfumformer.","robots":{"index":"index","follow":"follow","max-snippet":"max-snippet:-1","max-image-preview":"max-image-preview:large","max-video-preview":"max-video-preview:-1"},"canonical":"https:\/\/mesa-international.de\/de\/carbo-1001e\/","og_locale":"de_DE","og_type":"article","og_title":"Carbo 1001E - www.mesa-international.de","og_description":"Der \u201eCarbo 1001 Extension\u201c, konzipiert f\u00fcr Mehrfachapplikationen und dem Einsatz an bis zu 5 Zonen, ist ein intelligenter Me\u00dfumformer.","og_url":"https:\/\/mesa-international.de\/de\/carbo-1001e\/","og_site_name":"www.mesa-international.de","article_modified_time":"2022-12-05T22:32:19+00:00","og_image":[{"width":1000,"height":877,"url":"https:\/\/mesa-international.de\/wp-content\/uploads\/2022\/11\/Carbo-1001E-with-Profinet-3D.png","type":"image\/png"}],"twitter_card":"summary_large_image","twitter_misc":{"Gesch\u00e4tzte Lesezeit":"4\u00a0Minuten"},"schema":{"@context":"https:\/\/schema.org","@graph":[{"@type":"WebPage","@id":"https:\/\/mesa-international.de\/de\/carbo-1001e\/","url":"https:\/\/mesa-international.de\/de\/carbo-1001e\/","name":"Carbo 1001E - www.mesa-international.de","isPartOf":{"@id":"https:\/\/mesa-international.de\/de\/#website"},"primaryImageOfPage":{"@id":"https:\/\/mesa-international.de\/de\/carbo-1001e\/#primaryimage"},"image":{"@id":"https:\/\/mesa-international.de\/de\/carbo-1001e\/#primaryimage"},"thumbnailUrl":"https:\/\/mesa-international.de\/wp-content\/uploads\/2022\/11\/Carbo-1001E-with-Profinet-3D.png","datePublished":"2021-01-21T20:54:32+00:00","dateModified":"2022-12-05T22:32:19+00:00","description":"Der \u201eCarbo 1001 Extension\u201c, konzipiert f\u00fcr Mehrfachapplikationen und dem Einsatz an bis zu 5 Zonen, ist ein intelligenter Me\u00dfumformer.","inLanguage":"de","potentialAction":[{"@type":"ReadAction","target":["https:\/\/mesa-international.de\/de\/carbo-1001e\/"]}]},{"@type":"ImageObject","inLanguage":"de","@id":"https:\/\/mesa-international.de\/de\/carbo-1001e\/#primaryimage","url":"https:\/\/mesa-international.de\/wp-content\/uploads\/2022\/11\/Carbo-1001E-with-Profinet-3D.png","contentUrl":"https:\/\/mesa-international.de\/wp-content\/uploads\/2022\/11\/Carbo-1001E-with-Profinet-3D.png","width":1000,"height":877},{"@type":"WebSite","@id":"https:\/\/mesa-international.de\/de\/#website","url":"https:\/\/mesa-international.de\/de\/","name":"www.mesa-international.de","description":"Mesa Electronics Gmbh","publisher":{"@id":"https:\/\/mesa-international.de\/de\/#organization"},"potentialAction":[{"@type":"SearchAction","target":{"@type":"EntryPoint","urlTemplate":"https:\/\/mesa-international.de\/de\/?s={search_term_string}"},"query-input":{"@type":"PropertyValueSpecification","valueRequired":true,"valueName":"search_term_string"}}],"inLanguage":"de"},{"@type":"Organization","@id":"https:\/\/mesa-international.de\/de\/#organization","name":"www.mesa-international.de","url":"https:\/\/mesa-international.de\/de\/","logo":{"@type":"ImageObject","inLanguage":"de","@id":"https:\/\/mesa-international.de\/de\/#\/schema\/logo\/image\/","url":"https:\/\/mesa-international.de\/wp-content\/uploads\/2022\/11\/sadsaca.png","contentUrl":"https:\/\/mesa-international.de\/wp-content\/uploads\/2022\/11\/sadsaca.png","width":173,"height":107,"caption":"www.mesa-international.de"},"image":{"@id":"https:\/\/mesa-international.de\/de\/#\/schema\/logo\/image\/"},"sameAs":["https:\/\/www.linkedin.com\/company\/mesa-electronic-gmbh\/"]}]}},"_links":{"self":[{"href":"https:\/\/mesa-international.de\/de\/wp-json\/wp\/v2\/pages\/239834","targetHints":{"allow":["GET"]}}],"collection":[{"href":"https:\/\/mesa-international.de\/de\/wp-json\/wp\/v2\/pages"}],"about":[{"href":"https:\/\/mesa-international.de\/de\/wp-json\/wp\/v2\/types\/page"}],"author":[{"embeddable":true,"href":"https:\/\/mesa-international.de\/de\/wp-json\/wp\/v2\/users\/5"}],"replies":[{"embeddable":true,"href":"https:\/\/mesa-international.de\/de\/wp-json\/wp\/v2\/comments?post=239834"}],"version-history":[{"count":0,"href":"https:\/\/mesa-international.de\/de\/wp-json\/wp\/v2\/pages\/239834\/revisions"}],"wp:featuredmedia":[{"embeddable":true,"href":"https:\/\/mesa-international.de\/de\/wp-json\/wp\/v2\/media\/239841"}],"wp:attachment":[{"href":"https:\/\/mesa-international.de\/de\/wp-json\/wp\/v2\/media?parent=239834"}],"wp:term":[{"taxonomy":"category","embeddable":true,"href":"https:\/\/mesa-international.de\/de\/wp-json\/wp\/v2\/categories?post=239834"},{"taxonomy":"post_tag","embeddable":true,"href":"https:\/\/mesa-international.de\/de\/wp-json\/wp\/v2\/tags?post=239834"}],"curies":[{"name":"wp","href":"https:\/\/api.w.org\/{rel}","templated":true}]}}