{"id":239825,"date":"2020-12-28T16:53:07","date_gmt":"2020-12-28T16:53:07","guid":{"rendered":"https:\/\/bold-lamport.87-106-169-145.plesk.page\/?page_id=239825"},"modified":"2022-12-05T23:00:16","modified_gmt":"2022-12-05T23:00:16","slug":"universal-digital-indicator-mv31","status":"publish","type":"page","link":"https:\/\/mesa-international.de\/de\/universal-digital-indicator-mv31\/","title":{"rendered":"Universal digital indicator MV31"},"content":{"rendered":"<p>[et_pb_section fb_built=&#8220;1&#8243; admin_label=&#8220;Header&#8220; _builder_version=&#8220;4.19.2&#8243; background_color_gradient_direction=&#8220;80deg&#8220; background_image=&#8220;https:\/\/mesa-international.de\/wp-content\/uploads\/2022\/02\/MESA-Eletronic-GmbH-scaled-2-2.jpg&#8220; parallax=&#8220;on&#8220; parallax_method=&#8220;off&#8220; positioning=&#8220;none&#8220; overflow-x=&#8220;hidden&#8220; custom_padding=&#8220;0px||0px||false|false&#8220; hover_enabled=&#8220;0&#8243; locked=&#8220;off&#8220; global_colors_info=&#8220;{}&#8220; title_text=&#8220;MESA-Eletronic-GmbH-scaled-2&#8243; sticky_enabled=&#8220;0&#8243;][et_pb_row column_structure=&#8220;1_2,1_2&#8243; use_custom_gutter=&#8220;on&#8220; gutter_width=&#8220;4&#8243; _builder_version=&#8220;4.16&#8243; background_size=&#8220;contain&#8220; background_position=&#8220;bottom_center&#8220; max_width=&#8220;1280px&#8220; custom_margin=&#8220;-21px|auto|-3px|auto|false|false&#8220; custom_padding=&#8220;0px|||||&#8220; global_colors_info=&#8220;{}&#8220;][et_pb_column type=&#8220;1_2&#8243; _builder_version=&#8220;4.16&#8243; custom_padding=&#8220;40px|||&#8220; custom_padding_tablet=&#8220;0vw|||&#8220; global_colors_info=&#8220;{}&#8220; custom_padding__hover=&#8220;|||&#8220;][et_pb_text _builder_version=&#8220;4.16&#8243; _module_preset=&#8220;default&#8220; header_font=&#8220;Archivo|700|||||||&#8220; header_text_align=&#8220;left&#8220; header_font_size=&#8220;45px&#8220; global_colors_info=&#8220;{}&#8220;]<\/p>\n<div id=\"pg-2833-0\" class=\"panel-grid panel-has-style\">\n<div class=\"siteorigin-panels-stretch panel-row-style panel-row-style-for-2833-0\" data-stretch-type=\"full\">\n<div id=\"pgc-2833-0-0\" class=\"panel-grid-cell\">\n<div id=\"panel-2833-0-0-0\" class=\"so-panel widget widget_sow-editor panel-first-child panel-last-child\" data-index=\"0\">\n<div class=\"container panel-widget-style panel-widget-style-for-2833-0-0-0\">\n<div class=\"so-widget-sow-editor so-widget-sow-editor-base\">\n<div class=\"siteorigin-widget-tinymce textwidget\">\n<div id=\"pg-2924-0\" class=\"panel-grid panel-has-style\">\n<div class=\"siteorigin-panels-stretch panel-row-style panel-row-style-for-2924-0\" data-stretch-type=\"full\">\n<div id=\"pgc-2924-0-0\" class=\"panel-grid-cell\">\n<div id=\"panel-2924-0-0-0\" class=\"so-panel widget widget_sow-editor panel-first-child panel-last-child\" data-index=\"0\">\n<div class=\"container panel-widget-style panel-widget-style-for-2924-0-0-0\">\n<div class=\"so-widget-sow-editor so-widget-sow-editor-base\">\n<div class=\"siteorigin-widget-tinymce textwidget\">\n<div id=\"pg-2915-0\" class=\"panel-grid panel-has-style\">\n<div class=\"siteorigin-panels-stretch panel-row-style panel-row-style-for-2915-0\" data-stretch-type=\"full\">\n<div id=\"pgc-2915-0-0\" class=\"panel-grid-cell\">\n<div id=\"panel-2915-0-0-0\" class=\"so-panel widget widget_sow-editor panel-first-child panel-last-child\" data-index=\"0\">\n<div class=\"container panel-widget-style panel-widget-style-for-2915-0-0-0\">\n<div class=\"so-widget-sow-editor so-widget-sow-editor-base\">\n<div class=\"siteorigin-widget-tinymce textwidget\">\n<h1 class=\"animated fadeInUp\">Universal digital indicator MV31<\/h1>\n<\/div>\n<\/div>\n<\/div>\n<\/div>\n<\/div>\n<\/div>\n<\/div>\n<div id=\"pg-2915-1\" class=\"panel-grid panel-has-style\">\n<div class=\"container wow fadeIn siteorigin-panels-stretch panel-row-style panel-row-style-for-2915-1\" data-stretch-type=\"full\">\n<div id=\"pgc-2915-1-0\" class=\"panel-grid-cell\">\n<div id=\"panel-2915-1-0-0\" class=\"so-panel widget widget_sow-editor panel-first-child panel-last-child\" data-index=\"1\">\n<div class=\"so-widget-sow-editor so-widget-sow-editor-base\">\n<div class=\"siteorigin-widget-tinymce textwidget\">\n<p>&nbsp;<\/p>\n<\/div>\n<\/div>\n<\/div>\n<\/div>\n<\/div>\n<\/div>\n<\/div>\n<\/div>\n<\/div>\n<\/div>\n<\/div>\n<\/div>\n<\/div>\n<div id=\"pg-2924-1\" class=\"panel-grid panel-has-style\">\n<div class=\"container wow fadeIn siteorigin-panels-stretch panel-row-style panel-row-style-for-2924-1\" data-stretch-type=\"full\">\n<div id=\"pgc-2924-1-0\" class=\"panel-grid-cell\">\n<div id=\"panel-2924-1-0-0\" class=\"so-panel widget widget_sow-editor panel-first-child panel-last-child\" data-index=\"1\">\n<div class=\"so-widget-sow-editor so-widget-sow-editor-base\">\n<div class=\"siteorigin-widget-tinymce textwidget\">\n<p>&nbsp;<\/p>\n<\/div>\n<\/div>\n<\/div>\n<\/div>\n<\/div>\n<\/div>\n<div class=\"su-button-center\">\u00a0<\/div>\n<\/div>\n<\/div>\n<\/div>\n<\/div>\n<\/div>\n<\/div>\n<\/div>\n<div id=\"pg-2833-1\" class=\"panel-grid panel-has-style\">\n<div class=\"siteorigin-panels-stretch panel-row-style panel-row-style-for-2833-1\" data-stretch-type=\"full-stretched\">\n<div id=\"pgc-2833-1-0\" class=\"panel-grid-cell\">\n<div id=\"panel-2833-1-0-0\" class=\"so-panel widget widget_sow-editor panel-first-child panel-last-child\" data-index=\"1\">\n<div class=\"so-widget-sow-editor so-widget-sow-editor-base\">\n<div class=\"siteorigin-widget-tinymce textwidget\">\n<p>&nbsp;<\/p>\n<\/div>\n<\/div>\n<\/div>\n<\/div>\n<\/div>\n<\/div>\n<p>[\/et_pb_text][et_pb_testimonial author=&#8220;UNIVERSAL DIGITAL INDICATOR MV31&#8243; portrait_url=&#8220;https:\/\/mesa-international.de\/wp-content\/uploads\/2020\/12\/MV31-front-2.png&#8220; quote_icon=&#8220;off&#8220; _builder_version=&#8220;4.19.2&#8243; _module_preset=&#8220;default&#8220; hover_enabled=&#8220;0&#8243; border_radii=&#8220;on|15px|15px|15px|15px&#8220; global_colors_info=&#8220;{}&#8220; alt=&#8220;UNIVERSAL DIGITAL INDICATOR MV31&#8243; title_text=&#8220;UNIVERSAL DIGITAL INDICATOR MV31&#8243; sticky_enabled=&#8220;0&#8243;]<\/p>\n<h4>FUNKTION<\/h4>\n<p>Der Digitalanzeiger MV31 ist ein universelles hoher Pr\u00e4zision Anzeigeger\u00e4t, das f\u00fcr die Bearbeitung einer breiten Palette von Eingangssensoren und Signalen bestimmt ist. Die f\u00fcnfstellige LED-Anzeige ist in einem 150\u00d7139,60\u00d734 mm zum ABS-Geh\u00e4use Anbringen in einer Frontplatte, so dass die Messwerte in den Industriebetrieben auch aus gro\u00dfer Entfernung gut ablesbar sind.<\/p>\n<p>[\/et_pb_testimonial][\/et_pb_column][et_pb_column type=&#8220;1_2&#8243; _builder_version=&#8220;4.16&#8243; custom_padding=&#8220;|||&#8220; global_colors_info=&#8220;{}&#8220; custom_padding__hover=&#8220;|||&#8220;][et_pb_image src=&#8220;https:\/\/mesa-international.de\/wp-content\/uploads\/2020\/12\/MV31-front-2.png&#8220; title_text=&#8220;UNIVERSAL DIGITAL INDICATOR MV31&#8243; _builder_version=&#8220;4.19.2&#8243; transform_scale=&#8220;113%|113%&#8220; transform_scale_tablet=&#8220;116%|116%&#8220; transform_scale_phone=&#8220;80%|80%&#8220; transform_scale_last_edited=&#8220;off|desktop&#8220; transform_translate_tablet=&#8220;30vw|-24vw&#8220; transform_translate_phone=&#8220;0vw|-15vw&#8220; transform_translate_last_edited=&#8220;off|desktop&#8220; transform_rotate_last_edited=&#8220;off|desktop&#8220; transform_skew_last_edited=&#8220;off|desktop&#8220; transform_origin_last_edited=&#8220;off|desktop&#8220; transform_styles_last_edited=&#8220;off|desktop&#8220; position_origin_f=&#8220;bottom_center&#8220; width=&#8220;100%&#8220; max_width=&#8220;480px&#8220; custom_margin=&#8220;132px|||||&#8220; animation_direction=&#8220;bottom&#8220; hover_enabled=&#8220;0&#8243; always_center_on_mobile=&#8220;off&#8220; global_colors_info=&#8220;{}&#8220; transform_styles__hover_enabled=&#8220;on|hover&#8220; transform_scale__hover_enabled=&#8220;on|hover&#8220; transform_translate__hover_enabled=&#8220;on|desktop&#8220; transform_rotate__hover_enabled=&#8220;on|desktop&#8220; transform_skew__hover_enabled=&#8220;on|desktop&#8220; transform_origin__hover_enabled=&#8220;on|desktop&#8220; transform_scale__hover=&#8220;145%|145%&#8220; transform_rotate__hover=&#8220;0deg|0deg|13deg&#8220; alt=&#8220;UNIVERSAL DIGITAL INDICATOR MV31&#8243; sticky_enabled=&#8220;0&#8243;][\/et_pb_image][et_pb_button button_url=&#8220;https:\/\/mesa-international.de\/wp-content\/uploads\/2021\/06\/MV31-DB-DE-v3.7-01-2021-1-4.pdf&#8220; url_new_window=&#8220;on&#8220; button_text=&#8220;Datenblatt herunterladen \/ Download in PDF format&#8220; _builder_version=&#8220;4.18.0&#8243; _module_preset=&#8220;default&#8220; custom_button=&#8220;on&#8220; button_text_size=&#8220;14px&#8220; button_text_color=&#8220;#ffffff&#8220; button_bg_color=&#8220;#e02b20&#8243; button_border_width=&#8220;0px&#8220; button_border_radius=&#8220;15px&#8220; button_font=&#8220;|700|||||||&#8220; global_colors_info=&#8220;{}&#8220;][\/et_pb_button][\/et_pb_column][\/et_pb_row][et_pb_row column_structure=&#8220;1_2,1_2&#8243; _builder_version=&#8220;4.16&#8243; _module_preset=&#8220;default&#8220; global_colors_info=&#8220;{}&#8220;][et_pb_column type=&#8220;1_2&#8243; _builder_version=&#8220;4.16&#8243; _module_preset=&#8220;default&#8220; global_colors_info=&#8220;{}&#8220;][et_pb_text _builder_version=&#8220;4.16&#8243; _module_preset=&#8220;default&#8220; header_font=&#8220;Archivo|700|||||||&#8220; header_4_font=&#8220;Archivo|700|||||||&#8220; header_4_text_color=&#8220;#353535&#8243; global_colors_info=&#8220;{}&#8220;]<\/p>\n<div id=\"pgc-2911-3-0\" class=\"panel-grid-cell\">\n<div id=\"panel-2911-3-0-0\" class=\"so-panel widget widget_sow-editor panel-first-child panel-last-child\" data-index=\"4\">\n<div class=\"panel-widget-style panel-widget-style-for-2911-3-0-0\">\n<div class=\"so-widget-sow-editor so-widget-sow-editor-base\">\n<div class=\"siteorigin-widget-tinymce textwidget\">\n<div id=\"pgc-1572-3-0\" class=\"panel-grid-cell\">\n<div id=\"panel-1572-3-0-0\" class=\"so-panel widget widget_sow-editor panel-first-child panel-last-child\" data-index=\"4\">\n<div class=\"panel-widget-style panel-widget-style-for-1572-3-0-0\">\n<div class=\"so-widget-sow-editor so-widget-sow-editor-base\">\n<div class=\"siteorigin-widget-tinymce textwidget\">\n<h4>ZUS\u00c4TZLICHE OPTIONALE MODULE:<\/h4>\n<ul class=\"list-group\">\n<li class=\"list-group-item\">Galvanisch getrennter universaler Analogausgang<\/li>\n<li class=\"list-group-item\">Zus\u00e4tzlicher Analogeingang<\/li>\n<li class=\"list-group-item\">RS 485 Modbus RTU-Schnittstelle<\/li>\n<li class=\"list-group-item\">Zwei digitale Relais Ausg\u00e4nge mit 230 VAC \/ 3A<\/li>\n<li class=\"list-group-item\">Isoliertes digitales Eingangsmodul<\/li>\n<li class=\"list-group-item\">Sensor Stromversorgungsmodul<\/li>\n<\/ul>\n<\/div>\n<\/div>\n<\/div>\n<\/div>\n<\/div>\n<div id=\"pgc-1572-3-1\" class=\"panel-grid-cell\">\n<div id=\"panel-1572-3-1-0\" class=\"so-panel widget widget_sow-editor panel-first-child panel-last-child\" data-index=\"5\">\n<div class=\"panel-widget-style panel-widget-style-for-1572-3-1-0\">\n<div class=\"so-widget-sow-editor so-widget-sow-editor-base\">\n<div class=\"siteorigin-widget-tinymce textwidget\">\n<h4>EIGENSCHAFTEN:<\/h4>\n<ul class=\"list-group\">\n<li class=\"list-group-item\">ABS-Geh\u00e4use zum Anbringen in einer Frontplatte, Abmessungen 150\u00d7139,60\u00d734<\/li>\n<li class=\"list-group-item\">Gro\u00dfe 5-stellige LED-Anzeige mit einer\u00a0 Ziffernh\u00f6he von 20 mm<\/li>\n<li class=\"list-group-item\">Statusanzeige \u00fcber LED an der Frontseite<\/li>\n<li class=\"list-group-item\">85\u2026264 VAC oder 10\u202636 VDC\u00a0 Stromversorgung<\/li>\n<li class=\"list-group-item\">Vollst\u00e4ndig konfigurierbar \u00fcber die\u00a0 Funktionstasten an der Frontseite oder durch\u00a0 den PC \u00fcber die RS 232 Schnittstelle<\/li>\n<li class=\"list-group-item\">Max Arbeits und Lagertemperatur 70 \u00b0C<\/li>\n<\/ul>\n<\/div>\n<\/div>\n<\/div>\n<\/div>\n<\/div>\n<\/div>\n<\/div>\n<\/div>\n<\/div>\n<\/div>\n<p>[\/et_pb_text][\/et_pb_column][et_pb_column type=&#8220;1_2&#8243; _builder_version=&#8220;4.16&#8243; _module_preset=&#8220;default&#8220; global_colors_info=&#8220;{}&#8220;][et_pb_text _builder_version=&#8220;4.16&#8243; _module_preset=&#8220;default&#8220; header_font=&#8220;Archivo|700|||||||&#8220; header_4_font=&#8220;Archivo|700|||||||&#8220; header_4_text_color=&#8220;#353535&#8243; custom_margin=&#8220;-60px|||-15px|false|false&#8220; custom_padding=&#8220;0px|||||&#8220; global_colors_info=&#8220;{}&#8220;]<\/p>\n<div id=\"pgc-2959-3-0\" class=\"panel-grid-cell\">\n<div id=\"panel-2959-3-0-0\" class=\"so-panel widget widget_sow-editor panel-first-child panel-last-child\" data-index=\"5\">\n<div class=\"panel-widget-style panel-widget-style-for-2959-3-0-0\">\n<div class=\"so-widget-sow-editor so-widget-sow-editor-base\">\n<div class=\"siteorigin-widget-tinymce textwidget\">\n<div id=\"pg-2911-4\" class=\"panel-grid panel-has-style\">\n<div class=\"container wow fadeInUp panel-row-style panel-row-style-for-2911-4\">\n<div id=\"pgc-2911-4-0\" class=\"panel-grid-cell\">\n<div id=\"panel-2911-4-0-0\" class=\"so-panel widget widget_sow-editor panel-first-child panel-last-child\" data-index=\"6\">\n<div class=\"panel-widget-style panel-widget-style-for-2911-4-0-0\">\n<div class=\"so-widget-sow-editor so-widget-sow-editor-base\">\n<div class=\"siteorigin-widget-tinymce textwidget\">\n<div id=\"pgc-1572-4-0\" class=\"panel-grid-cell\">\n<div id=\"panel-1572-4-0-0\" class=\"so-panel widget widget_sow-editor panel-first-child panel-last-child\" data-index=\"6\">\n<div class=\"panel-widget-style panel-widget-style-for-1572-4-0-0\">\n<div class=\"so-widget-sow-editor so-widget-sow-editor-base\">\n<div class=\"siteorigin-widget-tinymce textwidget\">\n<h4>MESSFUNKTIONEN:<\/h4>\n<ul class=\"list-group\">\n<li class=\"list-group-item\">Breites Spektrum des Eingangssignals mit Software konfigurierbar, 24 Bit Aufl\u00f6sung und hohe Genauigkeit<\/li>\n<li class=\"list-group-item\">Benutzerdefinierte Skalierung der Analogeing\u00e4nge in zwei Punkten<\/li>\n<li class=\"list-group-item\">Korrektur-Algorithmus der Messung f\u00fcr ein oder zwei Punkte<\/li>\n<li class=\"list-group-item\">Anspruchsvolle Linearisierungstabelle f\u00fcr bis zu 10 Punkte, mit Spline-Interpolation<\/li>\n<\/ul>\n<\/div>\n<\/div>\n<\/div>\n<\/div>\n<\/div>\n<div id=\"pgc-1572-4-1\" class=\"panel-grid-cell\">\n<div id=\"panel-1572-4-1-0\" class=\"so-panel widget widget_sow-editor panel-first-child panel-last-child\" data-index=\"7\">\n<div class=\"panel-widget-style panel-widget-style-for-1572-4-1-0\">\n<div class=\"so-widget-sow-editor so-widget-sow-editor-base\">\n<div class=\"siteorigin-widget-tinymce textwidget\">\n<h4>\u00a0<\/h4>\n<ul class=\"list-group\">\n<li class=\"list-group-item\">Hold-Funktion<\/li>\n<li class=\"list-group-item\">Tara-Funktion<\/li>\n<li class=\"list-group-item\">Min. \/ Max. Speicher Funktion<\/li>\n<li class=\"list-group-item\">Hardware-und Software-Filterung<\/li>\n<li class=\"list-group-item\">Sonder Arbeit mit einem oder zwei elektrochemischen Sensor in Autokalibrierungsmodus.<\/li>\n<\/ul>\n<\/div>\n<\/div>\n<\/div>\n<\/div>\n<\/div>\n<\/div>\n<\/div>\n<\/div>\n<\/div>\n<\/div>\n<\/div>\n<\/div>\n<\/div>\n<\/div>\n<\/div>\n<\/div>\n<\/div>\n<p>[\/et_pb_text][\/et_pb_column][\/et_pb_row][\/et_pb_section]<\/p>\n","protected":false},"excerpt":{"rendered":"<p>Der Digitalanzeiger MV31 ist ein universelles hoher Pr\u00e4zision Anzeigeger\u00e4t, das f\u00fcr die Bearbeitung einer breiten Palette von Eingangssensoren und Signalen bestimmt ist. Die f\u00fcnfstellige LED-Anzeige ist in einem 150\u00d7139,60\u00d734 mm zum ABS-Geh\u00e4use Anbringen in einer Frontplatte, so dass die Messwerte in den Industriebetrieben auch aus gro\u00dfer Entfernung gut ablesbar sind.<\/p>\n","protected":false},"author":5,"featured_media":239151,"parent":0,"menu_order":0,"comment_status":"closed","ping_status":"closed","template":"","meta":{"_acf_changed":false,"content-type":"","footnotes":""},"categories":[],"tags":[],"class_list":["post-239825","page","type-page","status-publish","has-post-thumbnail","hentry"],"acf":[],"yoast_head":"<!-- This site is optimized with the Yoast SEO plugin v27.5 - https:\/\/yoast.com\/product\/yoast-seo-wordpress\/ -->\n<title>Universal digital indicator MV31 - www.mesa-international.de<\/title>\n<meta name=\"description\" content=\"Der Digitalanzeiger MV31 ist ein universelles hoher Pr\u00e4zision Anzeigeger\u00e4t, das f\u00fcr die Bearbeitung einer breiten Palette von Eingangssensoren und Signalen bestimmt ist.\" \/>\n<meta name=\"robots\" content=\"index, follow, max-snippet:-1, max-image-preview:large, max-video-preview:-1\" \/>\n<link rel=\"canonical\" href=\"https:\/\/mesa-international.de\/de\/universal-digital-indicator-mv31\/\" \/>\n<meta property=\"og:locale\" content=\"de_DE\" \/>\n<meta property=\"og:type\" content=\"article\" \/>\n<meta property=\"og:title\" content=\"Universal digital indicator MV31 - www.mesa-international.de\" \/>\n<meta property=\"og:description\" content=\"Der Digitalanzeiger MV31 ist ein universelles hoher Pr\u00e4zision Anzeigeger\u00e4t, das f\u00fcr die Bearbeitung einer breiten Palette von Eingangssensoren und Signalen bestimmt ist.\" \/>\n<meta property=\"og:url\" content=\"https:\/\/mesa-international.de\/de\/universal-digital-indicator-mv31\/\" \/>\n<meta property=\"og:site_name\" content=\"www.mesa-international.de\" \/>\n<meta property=\"article:modified_time\" content=\"2022-12-05T23:00:16+00:00\" \/>\n<meta property=\"og:image\" content=\"https:\/\/mesa-international.de\/wp-content\/uploads\/2020\/12\/MV31-front-2.png\" \/>\n\t<meta property=\"og:image:width\" content=\"600\" \/>\n\t<meta property=\"og:image:height\" content=\"600\" \/>\n\t<meta property=\"og:image:type\" content=\"image\/png\" \/>\n<meta name=\"twitter:card\" content=\"summary_large_image\" \/>\n<meta name=\"twitter:label1\" content=\"Gesch\u00e4tzte Lesezeit\" \/>\n\t<meta name=\"twitter:data1\" content=\"4\u00a0Minuten\" \/>\n<script type=\"application\/ld+json\" class=\"yoast-schema-graph\">{\"@context\":\"https:\\\/\\\/schema.org\",\"@graph\":[{\"@type\":\"WebPage\",\"@id\":\"https:\\\/\\\/mesa-international.de\\\/de\\\/universal-digital-indicator-mv31\\\/\",\"url\":\"https:\\\/\\\/mesa-international.de\\\/de\\\/universal-digital-indicator-mv31\\\/\",\"name\":\"Universal digital indicator MV31 - www.mesa-international.de\",\"isPartOf\":{\"@id\":\"https:\\\/\\\/mesa-international.de\\\/de\\\/#website\"},\"primaryImageOfPage\":{\"@id\":\"https:\\\/\\\/mesa-international.de\\\/de\\\/universal-digital-indicator-mv31\\\/#primaryimage\"},\"image\":{\"@id\":\"https:\\\/\\\/mesa-international.de\\\/de\\\/universal-digital-indicator-mv31\\\/#primaryimage\"},\"thumbnailUrl\":\"https:\\\/\\\/mesa-international.de\\\/wp-content\\\/uploads\\\/2020\\\/12\\\/MV31-front-2.png\",\"datePublished\":\"2020-12-28T16:53:07+00:00\",\"dateModified\":\"2022-12-05T23:00:16+00:00\",\"description\":\"Der Digitalanzeiger MV31 ist ein universelles hoher Pr\u00e4zision Anzeigeger\u00e4t, das f\u00fcr die Bearbeitung einer breiten Palette von Eingangssensoren und Signalen bestimmt ist.\",\"inLanguage\":\"de\",\"potentialAction\":[{\"@type\":\"ReadAction\",\"target\":[\"https:\\\/\\\/mesa-international.de\\\/de\\\/universal-digital-indicator-mv31\\\/\"]}]},{\"@type\":\"ImageObject\",\"inLanguage\":\"de\",\"@id\":\"https:\\\/\\\/mesa-international.de\\\/de\\\/universal-digital-indicator-mv31\\\/#primaryimage\",\"url\":\"https:\\\/\\\/mesa-international.de\\\/wp-content\\\/uploads\\\/2020\\\/12\\\/MV31-front-2.png\",\"contentUrl\":\"https:\\\/\\\/mesa-international.de\\\/wp-content\\\/uploads\\\/2020\\\/12\\\/MV31-front-2.png\",\"width\":600,\"height\":600,\"caption\":\"MV31 is a universal high precision process digital indicator designed for a wide range of input sensors and signals. Five digits LED with 20mm height, allows reading the measurement values from a big distance.\"},{\"@type\":\"WebSite\",\"@id\":\"https:\\\/\\\/mesa-international.de\\\/de\\\/#website\",\"url\":\"https:\\\/\\\/mesa-international.de\\\/de\\\/\",\"name\":\"www.mesa-international.de\",\"description\":\"Mesa Electronics Gmbh\",\"publisher\":{\"@id\":\"https:\\\/\\\/mesa-international.de\\\/de\\\/#organization\"},\"potentialAction\":[{\"@type\":\"SearchAction\",\"target\":{\"@type\":\"EntryPoint\",\"urlTemplate\":\"https:\\\/\\\/mesa-international.de\\\/de\\\/?s={search_term_string}\"},\"query-input\":{\"@type\":\"PropertyValueSpecification\",\"valueRequired\":true,\"valueName\":\"search_term_string\"}}],\"inLanguage\":\"de\"},{\"@type\":\"Organization\",\"@id\":\"https:\\\/\\\/mesa-international.de\\\/de\\\/#organization\",\"name\":\"www.mesa-international.de\",\"url\":\"https:\\\/\\\/mesa-international.de\\\/de\\\/\",\"logo\":{\"@type\":\"ImageObject\",\"inLanguage\":\"de\",\"@id\":\"https:\\\/\\\/mesa-international.de\\\/de\\\/#\\\/schema\\\/logo\\\/image\\\/\",\"url\":\"https:\\\/\\\/mesa-international.de\\\/wp-content\\\/uploads\\\/2022\\\/11\\\/sadsaca.png\",\"contentUrl\":\"https:\\\/\\\/mesa-international.de\\\/wp-content\\\/uploads\\\/2022\\\/11\\\/sadsaca.png\",\"width\":173,\"height\":107,\"caption\":\"www.mesa-international.de\"},\"image\":{\"@id\":\"https:\\\/\\\/mesa-international.de\\\/de\\\/#\\\/schema\\\/logo\\\/image\\\/\"},\"sameAs\":[\"https:\\\/\\\/www.linkedin.com\\\/company\\\/mesa-electronic-gmbh\\\/\"]}]}<\/script>\n<!-- \/ Yoast SEO plugin. -->","yoast_head_json":{"title":"Universal digital indicator MV31 - www.mesa-international.de","description":"Der Digitalanzeiger MV31 ist ein universelles hoher Pr\u00e4zision Anzeigeger\u00e4t, das f\u00fcr die Bearbeitung einer breiten Palette von Eingangssensoren und Signalen bestimmt ist.","robots":{"index":"index","follow":"follow","max-snippet":"max-snippet:-1","max-image-preview":"max-image-preview:large","max-video-preview":"max-video-preview:-1"},"canonical":"https:\/\/mesa-international.de\/de\/universal-digital-indicator-mv31\/","og_locale":"de_DE","og_type":"article","og_title":"Universal digital indicator MV31 - www.mesa-international.de","og_description":"Der Digitalanzeiger MV31 ist ein universelles hoher Pr\u00e4zision Anzeigeger\u00e4t, das f\u00fcr die Bearbeitung einer breiten Palette von Eingangssensoren und Signalen bestimmt ist.","og_url":"https:\/\/mesa-international.de\/de\/universal-digital-indicator-mv31\/","og_site_name":"www.mesa-international.de","article_modified_time":"2022-12-05T23:00:16+00:00","og_image":[{"width":600,"height":600,"url":"https:\/\/mesa-international.de\/wp-content\/uploads\/2020\/12\/MV31-front-2.png","type":"image\/png"}],"twitter_card":"summary_large_image","twitter_misc":{"Gesch\u00e4tzte Lesezeit":"4\u00a0Minuten"},"schema":{"@context":"https:\/\/schema.org","@graph":[{"@type":"WebPage","@id":"https:\/\/mesa-international.de\/de\/universal-digital-indicator-mv31\/","url":"https:\/\/mesa-international.de\/de\/universal-digital-indicator-mv31\/","name":"Universal digital indicator MV31 - www.mesa-international.de","isPartOf":{"@id":"https:\/\/mesa-international.de\/de\/#website"},"primaryImageOfPage":{"@id":"https:\/\/mesa-international.de\/de\/universal-digital-indicator-mv31\/#primaryimage"},"image":{"@id":"https:\/\/mesa-international.de\/de\/universal-digital-indicator-mv31\/#primaryimage"},"thumbnailUrl":"https:\/\/mesa-international.de\/wp-content\/uploads\/2020\/12\/MV31-front-2.png","datePublished":"2020-12-28T16:53:07+00:00","dateModified":"2022-12-05T23:00:16+00:00","description":"Der Digitalanzeiger MV31 ist ein universelles hoher Pr\u00e4zision Anzeigeger\u00e4t, das f\u00fcr die Bearbeitung einer breiten Palette von Eingangssensoren und Signalen bestimmt ist.","inLanguage":"de","potentialAction":[{"@type":"ReadAction","target":["https:\/\/mesa-international.de\/de\/universal-digital-indicator-mv31\/"]}]},{"@type":"ImageObject","inLanguage":"de","@id":"https:\/\/mesa-international.de\/de\/universal-digital-indicator-mv31\/#primaryimage","url":"https:\/\/mesa-international.de\/wp-content\/uploads\/2020\/12\/MV31-front-2.png","contentUrl":"https:\/\/mesa-international.de\/wp-content\/uploads\/2020\/12\/MV31-front-2.png","width":600,"height":600,"caption":"MV31 is a universal high precision process digital indicator designed for a wide range of input sensors and signals. Five digits LED with 20mm height, allows reading the measurement values from a big distance."},{"@type":"WebSite","@id":"https:\/\/mesa-international.de\/de\/#website","url":"https:\/\/mesa-international.de\/de\/","name":"www.mesa-international.de","description":"Mesa Electronics Gmbh","publisher":{"@id":"https:\/\/mesa-international.de\/de\/#organization"},"potentialAction":[{"@type":"SearchAction","target":{"@type":"EntryPoint","urlTemplate":"https:\/\/mesa-international.de\/de\/?s={search_term_string}"},"query-input":{"@type":"PropertyValueSpecification","valueRequired":true,"valueName":"search_term_string"}}],"inLanguage":"de"},{"@type":"Organization","@id":"https:\/\/mesa-international.de\/de\/#organization","name":"www.mesa-international.de","url":"https:\/\/mesa-international.de\/de\/","logo":{"@type":"ImageObject","inLanguage":"de","@id":"https:\/\/mesa-international.de\/de\/#\/schema\/logo\/image\/","url":"https:\/\/mesa-international.de\/wp-content\/uploads\/2022\/11\/sadsaca.png","contentUrl":"https:\/\/mesa-international.de\/wp-content\/uploads\/2022\/11\/sadsaca.png","width":173,"height":107,"caption":"www.mesa-international.de"},"image":{"@id":"https:\/\/mesa-international.de\/de\/#\/schema\/logo\/image\/"},"sameAs":["https:\/\/www.linkedin.com\/company\/mesa-electronic-gmbh\/"]}]}},"_links":{"self":[{"href":"https:\/\/mesa-international.de\/de\/wp-json\/wp\/v2\/pages\/239825","targetHints":{"allow":["GET"]}}],"collection":[{"href":"https:\/\/mesa-international.de\/de\/wp-json\/wp\/v2\/pages"}],"about":[{"href":"https:\/\/mesa-international.de\/de\/wp-json\/wp\/v2\/types\/page"}],"author":[{"embeddable":true,"href":"https:\/\/mesa-international.de\/de\/wp-json\/wp\/v2\/users\/5"}],"replies":[{"embeddable":true,"href":"https:\/\/mesa-international.de\/de\/wp-json\/wp\/v2\/comments?post=239825"}],"version-history":[{"count":0,"href":"https:\/\/mesa-international.de\/de\/wp-json\/wp\/v2\/pages\/239825\/revisions"}],"wp:featuredmedia":[{"embeddable":true,"href":"https:\/\/mesa-international.de\/de\/wp-json\/wp\/v2\/media\/239151"}],"wp:attachment":[{"href":"https:\/\/mesa-international.de\/de\/wp-json\/wp\/v2\/media?parent=239825"}],"wp:term":[{"taxonomy":"category","embeddable":true,"href":"https:\/\/mesa-international.de\/de\/wp-json\/wp\/v2\/categories?post=239825"},{"taxonomy":"post_tag","embeddable":true,"href":"https:\/\/mesa-international.de\/de\/wp-json\/wp\/v2\/tags?post=239825"}],"curies":[{"name":"wp","href":"https:\/\/api.w.org\/{rel}","templated":true}]}}