{"id":239796,"date":"2021-01-01T16:48:04","date_gmt":"2021-01-01T16:48:04","guid":{"rendered":"https:\/\/bold-lamport.87-106-169-145.plesk.page\/?page_id=239796"},"modified":"2022-12-08T19:22:44","modified_gmt":"2022-12-08T19:22:44","slug":"luftversorgungseinheit-lv-2","status":"publish","type":"page","link":"https:\/\/mesa-international.de\/de\/luftversorgungseinheit-lv-2\/","title":{"rendered":"Luftversorgungseinheit Lv 2"},"content":{"rendered":"<p>[et_pb_section fb_built=&#8220;1&#8243; admin_label=&#8220;Header&#8220; _builder_version=&#8220;4.19.2&#8243; background_color_gradient_direction=&#8220;80deg&#8220; background_image=&#8220;https:\/\/mesa-international.de\/wp-content\/uploads\/2022\/02\/MESA-Eletronic-GmbH-scaled-2-2.jpg&#8220; parallax=&#8220;on&#8220; parallax_method=&#8220;off&#8220; positioning=&#8220;none&#8220; overflow-x=&#8220;hidden&#8220; custom_padding=&#8220;0px||0px||false|false&#8220; locked=&#8220;off&#8220; global_colors_info=&#8220;{}&#8220;][et_pb_row column_structure=&#8220;1_2,1_2&#8243; use_custom_gutter=&#8220;on&#8220; gutter_width=&#8220;4&#8243; _builder_version=&#8220;4.16&#8243; background_size=&#8220;contain&#8220; background_position=&#8220;bottom_center&#8220; max_width=&#8220;1280px&#8220; custom_margin=&#8220;-21px|auto|-3px|auto|false|false&#8220; custom_padding=&#8220;0px|||||&#8220; global_colors_info=&#8220;{}&#8220;][et_pb_column type=&#8220;1_2&#8243; _builder_version=&#8220;4.16&#8243; custom_padding=&#8220;40px|||&#8220; custom_padding_tablet=&#8220;0vw|||&#8220; global_colors_info=&#8220;{}&#8220; custom_padding__hover=&#8220;|||&#8220;][et_pb_text _builder_version=&#8220;4.16&#8243; _module_preset=&#8220;default&#8220; header_font=&#8220;Archivo|700|||||||&#8220; header_text_align=&#8220;left&#8220; header_font_size=&#8220;50px&#8220; global_colors_info=&#8220;{}&#8220;]<\/p>\n<div id=\"pg-2833-0\" class=\"panel-grid panel-has-style\">\n<div class=\"siteorigin-panels-stretch panel-row-style panel-row-style-for-2833-0\" data-stretch-type=\"full\">\n<div id=\"pgc-2833-0-0\" class=\"panel-grid-cell\">\n<div id=\"panel-2833-0-0-0\" class=\"so-panel widget widget_sow-editor panel-first-child panel-last-child\" data-index=\"0\">\n<div class=\"container panel-widget-style panel-widget-style-for-2833-0-0-0\">\n<div class=\"so-widget-sow-editor so-widget-sow-editor-base\">\n<div class=\"siteorigin-widget-tinymce textwidget\">\n<div class=\"su-button-center\">\n<div id=\"pg-2717-0\" class=\"panel-grid panel-has-style\">\n<div class=\"siteorigin-panels-stretch panel-row-style panel-row-style-for-2717-0\" data-stretch-type=\"full\">\n<div id=\"pgc-2717-0-0\" class=\"panel-grid-cell\">\n<div id=\"panel-2717-0-0-0\" class=\"so-panel widget widget_sow-editor panel-first-child panel-last-child\" data-index=\"0\">\n<div class=\"container wow fadeInUp panel-widget-style panel-widget-style-for-2717-0-0-0\">\n<div class=\"so-widget-sow-editor so-widget-sow-editor-base\">\n<div class=\"siteorigin-widget-tinymce textwidget\">\n<h1 class=\"animated fadeInUp\">LUFTVERSORGUNGSEINHEIT\u00a0 LV 2<\/h1>\n<\/div>\n<\/div>\n<\/div>\n<\/div>\n<\/div>\n<\/div>\n<\/div>\n<\/div>\n<\/div>\n<\/div>\n<\/div>\n<\/div>\n<\/div>\n<\/div>\n<\/div>\n<p>&nbsp;<\/p>\n<div id=\"pg-2833-1\" class=\"panel-grid panel-has-style\">\n<div class=\"siteorigin-panels-stretch panel-row-style panel-row-style-for-2833-1\" data-stretch-type=\"full-stretched\">\n<div id=\"pgc-2833-1-0\" class=\"panel-grid-cell\">\n<div id=\"panel-2833-1-0-0\" class=\"so-panel widget widget_sow-editor panel-first-child panel-last-child\" data-index=\"1\">\n<div class=\"so-widget-sow-editor so-widget-sow-editor-base\">\n<div class=\"siteorigin-widget-tinymce textwidget\">\n<p>&nbsp;<\/p>\n<\/div>\n<\/div>\n<\/div>\n<\/div>\n<\/div>\n<\/div>\n<p>[\/et_pb_text][et_pb_testimonial author=&#8220;AIR SUPPLY UNIT LV 2&#8243; portrait_url=&#8220;https:\/\/mesa-international.de\/wp-content\/uploads\/2021\/01\/LV2-6.png&#8220; quote_icon=&#8220;off&#8220; _builder_version=&#8220;4.19.2&#8243; _module_preset=&#8220;default&#8220; border_radii=&#8220;on|15px|15px|15px|15px&#8220; global_colors_info=&#8220;{}&#8220;]<\/p>\n<div id=\"pgc-1110-2-0\" class=\"panel-grid-cell\">\n<div id=\"panel-1110-2-0-0\" class=\"so-panel widget widget_sow-editor panel-first-child panel-last-child\" data-index=\"3\">\n<div class=\"panel-widget-style panel-widget-style-for-1110-2-0-0\">\n<div class=\"so-widget-sow-editor so-widget-sow-editor-base\">\n<div class=\"siteorigin-widget-tinymce textwidget\">\n<div id=\"pgc-1110-2-0\" class=\"panel-grid-cell\">\n<div id=\"panel-1110-2-0-0\" class=\"so-panel widget widget_sow-editor panel-first-child panel-last-child\" data-index=\"3\">\n<div class=\"panel-widget-style panel-widget-style-for-1110-2-0-0\">\n<div class=\"so-widget-sow-editor so-widget-sow-editor-base\">\n<div class=\"siteorigin-widget-tinymce textwidget\">\n<h4>FUNKTION<\/h4>\n<div class=\"page\" title=\"Page 1\">\n<div class=\"section\">\n<div class=\"layoutArea\">\n<div class=\"column\">Die Luftversorgungseinheit LV2 dient zur stetigen Versorgung von markt\u00fcblichen Sauerstoffsonden mit Referenzluft. Es wird eine definierte Menge gefilterter Au-\u00dfenluft in das Innere des Zirkoniumoxidrohres gedr\u00fcckt. Durch den geringen \u00dcberdruck wird das Eindringen der Ofenatmosph\u00e4re in das Innere des Zirkoniumoxidrohres verhindert. Die Menge an Referenzluft sollte nicht zu gro\u00df gew\u00e4hlt werden, da es sonst zu einer unn\u00f6tigen K\u00fchlung des eingebauten Thermoelementes kommt.<\/div>\n<\/div>\n<\/div>\n<\/div>\n<\/div>\n<\/div>\n<\/div>\n<\/div>\n<\/div>\n<div id=\"pgc-1110-2-1\" class=\"panel-grid-cell\">\n<div id=\"panel-1110-2-1-0\" class=\"so-panel widget widget_sow-editor panel-first-child panel-last-child\" data-index=\"4\">\n<div class=\"panel-widget-style panel-widget-style-for-1110-2-1-0\">\n<div class=\"so-widget-sow-editor so-widget-sow-editor-base\">\n<div class=\"siteorigin-widget-tinymce textwidget\">\n<h4>In der Regel ben\u00f6tigen Sauerstoffsonden mit durchgehendem Zirkoniumoxidrohr (MESA- Sauerstoffsonden) fast keine Referenzluft, so da\u00df bei diesen Sonden keine nennenswerte Verf\u00e4lschung der Temperaturerfassung auftritt.<\/h4>\n<div class=\"page\" title=\"Page 1\">\n<div class=\"section\">\n<div class=\"layoutArea\">\n<div class=\"column\">\n<div class=\"page\" title=\"Page 1\">\n<div class=\"section\">\n<div class=\"layoutArea\">\n<div class=\"column\">Neben der Referenzluft bietet die LV2 auch einen Luftausgang f\u00fcr die Sondensp\u00fclung. Dieser extern ansteuerbare Luftausgang dient zur Sp\u00fclung des Raumes zwischen Schutz- und Zirkoniumoxidrohr. Diese Funktion wird von modernen C-Pe-gelreglern (Carbomat-M) automatisch in Intervallen ausgel\u00f6st. Zweck dieser Funktion ist es, Ru\u00dfpartikel und andere Verschmutzungen durch Abbrand und Aussp\u00fclung zu beseitigen.<\/div>\n<\/div>\n<\/div>\n<\/div>\n<\/div>\n<\/div>\n<\/div>\n<\/div>\n<\/div>\n<\/div>\n<\/div>\n<\/div>\n<\/div>\n<\/div>\n<\/div>\n<\/div>\n<\/div>\n<\/div>\n<p>[\/et_pb_testimonial][\/et_pb_column][et_pb_column type=&#8220;1_2&#8243; _builder_version=&#8220;4.16&#8243; custom_padding=&#8220;|||&#8220; global_colors_info=&#8220;{}&#8220; custom_padding__hover=&#8220;|||&#8220;][et_pb_image src=&#8220;https:\/\/mesa-international.de\/wp-content\/uploads\/2021\/01\/LV2-6.png&#8220; alt=&#8220;AIR SUPPLY UNIT LV 2&#8243; title_text=&#8220;LV2&#8243; _builder_version=&#8220;4.19.2&#8243; transform_scale=&#8220;113%|113%&#8220; transform_scale_tablet=&#8220;116%|116%&#8220; transform_scale_phone=&#8220;80%|80%&#8220; transform_scale_last_edited=&#8220;off|desktop&#8220; transform_translate_tablet=&#8220;30vw|-24vw&#8220; transform_translate_phone=&#8220;0vw|-15vw&#8220; transform_translate_last_edited=&#8220;off|desktop&#8220; transform_rotate_last_edited=&#8220;off|desktop&#8220; transform_skew_last_edited=&#8220;off|desktop&#8220; transform_origin_last_edited=&#8220;off|desktop&#8220; transform_styles_last_edited=&#8220;off|desktop&#8220; position_origin_f=&#8220;bottom_center&#8220; width=&#8220;100%&#8220; max_width=&#8220;480px&#8220; custom_margin=&#8220;132px||169px|||&#8220; animation_direction=&#8220;bottom&#8220; always_center_on_mobile=&#8220;off&#8220; global_colors_info=&#8220;{}&#8220; transform_styles__hover_enabled=&#8220;on|hover&#8220; transform_scale__hover_enabled=&#8220;on|hover&#8220; transform_translate__hover_enabled=&#8220;on|desktop&#8220; transform_rotate__hover_enabled=&#8220;on|desktop&#8220; transform_skew__hover_enabled=&#8220;on|desktop&#8220; transform_origin__hover_enabled=&#8220;on|desktop&#8220; transform_scale__hover=&#8220;145%|145%&#8220; transform_rotate__hover=&#8220;0deg|0deg|13deg&#8220;][\/et_pb_image][et_pb_button button_url=&#8220;https:\/\/mesa-international.de\/wp-content\/uploads\/2021\/06\/LV2-DB-DE-v2.0-01-2021-3.pdf&#8220; url_new_window=&#8220;on&#8220; button_text=&#8220;Datenblatt herunterladen \/ Download in PDF format&#8220; _builder_version=&#8220;4.19.2&#8243; _module_preset=&#8220;default&#8220; custom_button=&#8220;on&#8220; button_text_size=&#8220;14px&#8220; button_text_color=&#8220;#ffffff&#8220; button_bg_color=&#8220;#e02b20&#8243; button_border_width=&#8220;0px&#8220; button_border_radius=&#8220;15px&#8220; button_font=&#8220;|700|||||||&#8220; hover_enabled=&#8220;0&#8243; global_colors_info=&#8220;{}&#8220; sticky_enabled=&#8220;0&#8243;][\/et_pb_button][\/et_pb_column][\/et_pb_row][et_pb_row column_structure=&#8220;1_2,1_2&#8243; _builder_version=&#8220;4.16&#8243; _module_preset=&#8220;default&#8220; global_colors_info=&#8220;{}&#8220;][et_pb_column type=&#8220;1_2&#8243; _builder_version=&#8220;4.16&#8243; _module_preset=&#8220;default&#8220; global_colors_info=&#8220;{}&#8220;][et_pb_text _builder_version=&#8220;4.16&#8243; _module_preset=&#8220;default&#8220; header_font=&#8220;Archivo|700|||||||&#8220; header_4_font=&#8220;Archivo|700|||||||&#8220; header_4_text_color=&#8220;#353535&#8243; global_colors_info=&#8220;{}&#8220;]<\/p>\n<div id=\"panel-2745-2-0-0\" class=\"so-panel widget widget_sow-editor panel-first-child\" data-index=\"3\">\n<div class=\"panel-widget-style panel-widget-style-for-2745-2-0-0\">\n<div class=\"so-widget-sow-editor so-widget-sow-editor-base\">\n<div class=\"siteorigin-widget-tinymce textwidget\">\n<div id=\"pgc-2717-2-0\" class=\"panel-grid-cell\">\n<div id=\"panel-2717-2-0-0\" class=\"so-panel widget widget_sow-editor panel-first-child panel-last-child\" data-index=\"3\">\n<div class=\"panel-widget-style panel-widget-style-for-2717-2-0-0\">\n<div class=\"so-widget-sow-editor so-widget-sow-editor-base\">\n<div class=\"siteorigin-widget-tinymce textwidget\">\n<div id=\"pgc-2719-3-0\" class=\"panel-grid-cell\">\n<div id=\"panel-2719-3-0-0\" class=\"so-panel widget widget_sow-editor panel-first-child panel-last-child\" data-index=\"5\">\n<div class=\"panel-widget-style panel-widget-style-for-2719-3-0-0\">\n<div class=\"so-widget-sow-editor so-widget-sow-editor-base\">\n<div class=\"siteorigin-widget-tinymce textwidget\">\n<div id=\"panel-1115-2-0-0\" class=\"so-panel widget widget_sow-editor panel-first-child\" data-index=\"3\">\n<div class=\"panel-widget-style panel-widget-style-for-1115-2-0-0\">\n<div class=\"so-widget-sow-editor so-widget-sow-editor-base\">\n<div class=\"siteorigin-widget-tinymce textwidget\">\n<div id=\"pg-1110-3\" class=\"panel-grid panel-has-style\">\n<div class=\"container panel-row-style panel-row-style-for-1110-3\">\n<div id=\"pgc-1110-3-0\" class=\"panel-grid-cell\">\n<div id=\"panel-1110-3-0-0\" class=\"so-panel widget widget_sow-editor panel-first-child panel-last-child\" data-index=\"5\">\n<div class=\"panel-widget-style panel-widget-style-for-1110-3-0-0\">\n<div class=\"so-widget-sow-editor so-widget-sow-editor-base\">\n<div class=\"siteorigin-widget-tinymce textwidget\">\n<h4>TECHNISCHE DATEN<\/h4>\n<div id=\"pg-1110-4\" class=\"panel-grid panel-has-style\">\n<div class=\"container panel-row-style panel-row-style-for-1110-4\">\n<div id=\"pgc-1110-4-0\" class=\"panel-grid-cell\">\n<div id=\"panel-1110-4-0-0\" class=\"so-panel widget widget_sow-editor panel-first-child panel-last-child\" data-index=\"6\">\n<div class=\"panel-widget-style panel-widget-style-for-1110-4-0-0\">\n<div class=\"so-widget-sow-editor so-widget-sow-editor-base\">\n<div class=\"siteorigin-widget-tinymce textwidget\">\n<div class=\"su-table su-table-alternate\">\u00a0<\/p>\n<p>&nbsp;<\/p>\n<table class=\"table \">\n<thead><\/thead>\n<tbody>\n<tr>\n<th scope=\"row\">Pumpe:<\/th>\n<td>Membrandruckpumpe Enddruck \u00b1 20% \/ 2,8(0,27) mWs(bar) Freier Aussto\u00df 168 l\/h Filterung eingebaut<\/td>\n<\/tr>\n<tr>\n<th scope=\"row\">Referenzluft:<\/th>\n<td>Me\u00dfbereich 1,6 l\/h bis 16 l\/h Genauigkeitsklasse 2,5 VDI\/VDE 3513, Bl.2 Ablesel\u00e4nge 100 mm<\/td>\n<\/tr>\n<tr>\n<th scope=\"row\">Sp\u00fclluft<\/th>\n<td>Me\u00dfbereich 10 l\/h bis 100 l\/h Genauigkeitsklasse 2,5 VDI\/VDE 3513, Bl.2 Ablesel\u00e4nge 100 mm Eingebautes R\u00fcckschlagventil<\/td>\n<\/tr>\n<tr>\n<th scope=\"row\">Me\u00dfprinzip:<\/th>\n<td>Schwebek\u00f6rper<\/td>\n<\/tr>\n<tr>\n<th scope=\"row\">Schaltschrank:<\/th>\n<td>Stahlblechwandgeh\u00e4use RAL 7032, kieselgrau Schutzart IP 55 Kabel- und Schlauchdurchf\u00fchrungen PG 13,5<\/td>\n<\/tr>\n<\/tbody>\n<\/table>\n<\/div>\n<\/div>\n<\/div>\n<\/div>\n<\/div>\n<\/div>\n<\/div>\n<\/div>\n<\/div>\n<\/div>\n<\/div>\n<\/div>\n<\/div>\n<\/div>\n<\/div>\n<div id=\"pg-1110-4\" class=\"panel-grid panel-has-style\">\n<div class=\"container panel-row-style panel-row-style-for-1110-4\">\n<div id=\"pgc-1110-4-0\" class=\"panel-grid-cell\">\n<div id=\"panel-1110-4-0-0\" class=\"so-panel widget widget_sow-editor panel-first-child panel-last-child\" data-index=\"6\">\n<div class=\"panel-widget-style panel-widget-style-for-1110-4-0-0\">\n<div class=\"so-widget-sow-editor so-widget-sow-editor-base\">\n<div class=\"siteorigin-widget-tinymce textwidget\">\u00a0<\/div>\n<\/div>\n<\/div>\n<\/div>\n<\/div>\n<\/div>\n<\/div>\n<\/div>\n<\/div>\n<\/div>\n<\/div>\n<\/div>\n<\/div>\n<\/div>\n<\/div>\n<\/div>\n<\/div>\n<\/div>\n<\/div>\n<\/div>\n<\/div>\n<\/div>\n<\/div>\n<\/div>\n<\/div>\n<p>[\/et_pb_text][\/et_pb_column][et_pb_column type=&#8220;1_2&#8243; _builder_version=&#8220;4.16&#8243; _module_preset=&#8220;default&#8220; global_colors_info=&#8220;{}&#8220;][et_pb_text _builder_version=&#8220;4.16&#8243; _module_preset=&#8220;default&#8220; header_font=&#8220;Archivo|700|||||||&#8220; header_4_font=&#8220;Archivo|700|||||||&#8220; header_4_text_color=&#8220;#353535&#8243; custom_margin=&#8220;100px|||-14px||&#8220; global_colors_info=&#8220;{}&#8220;]<\/p>\n<div id=\"pgc-2959-3-0\" class=\"panel-grid-cell\">\n<div id=\"panel-2959-3-0-0\" class=\"so-panel widget widget_sow-editor panel-first-child panel-last-child\" data-index=\"5\">\n<div class=\"panel-widget-style panel-widget-style-for-2959-3-0-0\">\n<div class=\"so-widget-sow-editor so-widget-sow-editor-base\">\n<div class=\"siteorigin-widget-tinymce textwidget\">\n<table class=\"table \">\n<tbody>\n<tr>\n<th scope=\"row\">Abmessungen:<\/th>\n<td>380 x 300 x 255 mm (BxHxT)<\/td>\n<\/tr>\n<tr>\n<th scope=\"row\">Luftanschl\u00fcsse:<\/th>\n<td>Schlaucht\u00fcllen f\u00fcr 4 mm Innendurchmesser<\/td>\n<\/tr>\n<tr>\n<th scope=\"row\">Elekt. Daten:<\/th>\n<td>Pumpe, Relais 230 Vac \u00b1 10 % \/ 50-60 Hz<\/td>\n<\/tr>\n<tr>\n<th scope=\"row\">Leistungsaufnahme:<\/th>\n<td>ca. 12 VA<\/td>\n<\/tr>\n<tr>\n<th scope=\"row\">Klima:<\/th>\n<td>Betrieb und Lagerung -10\u2026+50 \u00b0C<\/td>\n<\/tr>\n<tr>\n<th scope=\"row\">Zubeh\u00f6r:<\/th>\n<td>Kunststoffschlauch Innendurchmesser 4 mm Au\u00dfendurchmesser 6 mm<\/td>\n<\/tr>\n<\/tbody>\n<\/table>\n<\/div>\n<\/div>\n<\/div>\n<\/div>\n<\/div>\n<p>[\/et_pb_text][\/et_pb_column][\/et_pb_row][\/et_pb_section]<\/p>\n","protected":false},"excerpt":{"rendered":"<p>Die Luftversorgungseinheit LV2 dient zur stetigen Versorgung von markt\u00fcblichen Sauerstoffsonden mit Referenzluft.Es wird eine definierte Menge gefilterter Au-\u00dfenluft in das Innere des Zirkoniumoxidrohres gedr\u00fcckt. Durch den geringen \u00dcberdruck wird das Eindringen der Ofenatmosph\u00e4re in das Innere des Zirkoniumoxidrohres verhindert.Die Menge an Referenzluft sollte nicht zu gro\u00df gew\u00e4hlt werden, da es sonst zu einer unn\u00f6tigen K\u00fchlung des eingebauten Thermoelementes kommt.In der Regel ben\u00f6tigen Sauerstoffsonden mit durchgehendem Zirkoniumoxidrohr (MESA- Sauerstoffsonden) fast keine Referenzluft, so da\u00df bei diesen Sonden keine nennenswerte Verf\u00e4lschung der Temperaturerfassung auftritt.Neben der Referenzluft bietet die LV2 auch einen Luftausgang f\u00fcr die Sondensp\u00fclung. Dieser extern ansteuerbare Luftausgang dient zur Sp\u00fclung des Raumes zwischen Schutz- und Zirkoniumoxidrohr. Diese Funktion wird von modernen C-Pe-gelreglern (Carbomat-M) automatisch in Intervallen ausgel\u00f6st. Zweck dieser Funktion ist es, Ru\u00dfpartikel und andere Verschmutzungen durch Abbrand und Aussp\u00fclung zu beseitigen.<\/p>\n","protected":false},"author":5,"featured_media":239803,"parent":0,"menu_order":0,"comment_status":"closed","ping_status":"closed","template":"","meta":{"_acf_changed":false,"content-type":"","footnotes":""},"categories":[],"tags":[],"class_list":["post-239796","page","type-page","status-publish","has-post-thumbnail","hentry"],"acf":[],"yoast_head":"<!-- This site is optimized with the Yoast SEO plugin v27.4 - https:\/\/yoast.com\/product\/yoast-seo-wordpress\/ -->\n<title>Luftversorgungseinheit Lv 2 - www.mesa-international.de<\/title>\n<meta name=\"description\" content=\"Die Luftversorgungseinheit LV2 dient zur stetigen Versorgung von markt\u00fcblichen Sauerstoffsonden mit Referenzluft.\" \/>\n<meta name=\"robots\" content=\"index, follow, max-snippet:-1, max-image-preview:large, max-video-preview:-1\" \/>\n<link rel=\"canonical\" href=\"https:\/\/mesa-international.de\/de\/luftversorgungseinheit-lv-2\/\" \/>\n<meta property=\"og:locale\" content=\"de_DE\" \/>\n<meta property=\"og:type\" content=\"article\" \/>\n<meta property=\"og:title\" content=\"Luftversorgungseinheit Lv 2 - www.mesa-international.de\" \/>\n<meta property=\"og:description\" content=\"Die Luftversorgungseinheit LV2 dient zur stetigen Versorgung von markt\u00fcblichen Sauerstoffsonden mit Referenzluft.\" \/>\n<meta property=\"og:url\" content=\"https:\/\/mesa-international.de\/de\/luftversorgungseinheit-lv-2\/\" \/>\n<meta property=\"og:site_name\" content=\"www.mesa-international.de\" \/>\n<meta property=\"article:modified_time\" content=\"2022-12-08T19:22:44+00:00\" \/>\n<meta property=\"og:image\" content=\"https:\/\/mesa-international.de\/wp-content\/uploads\/2022\/11\/LV2.png\" \/>\n\t<meta property=\"og:image:width\" content=\"600\" \/>\n\t<meta property=\"og:image:height\" content=\"600\" \/>\n\t<meta property=\"og:image:type\" content=\"image\/png\" \/>\n<meta name=\"twitter:card\" content=\"summary_large_image\" \/>\n<meta name=\"twitter:label1\" content=\"Gesch\u00e4tzte Lesezeit\" \/>\n\t<meta name=\"twitter:data1\" content=\"4\u00a0Minuten\" \/>\n<script type=\"application\/ld+json\" class=\"yoast-schema-graph\">{\"@context\":\"https:\\\/\\\/schema.org\",\"@graph\":[{\"@type\":\"WebPage\",\"@id\":\"https:\\\/\\\/mesa-international.de\\\/de\\\/luftversorgungseinheit-lv-2\\\/\",\"url\":\"https:\\\/\\\/mesa-international.de\\\/de\\\/luftversorgungseinheit-lv-2\\\/\",\"name\":\"Luftversorgungseinheit Lv 2 - www.mesa-international.de\",\"isPartOf\":{\"@id\":\"https:\\\/\\\/mesa-international.de\\\/de\\\/#website\"},\"primaryImageOfPage\":{\"@id\":\"https:\\\/\\\/mesa-international.de\\\/de\\\/luftversorgungseinheit-lv-2\\\/#primaryimage\"},\"image\":{\"@id\":\"https:\\\/\\\/mesa-international.de\\\/de\\\/luftversorgungseinheit-lv-2\\\/#primaryimage\"},\"thumbnailUrl\":\"https:\\\/\\\/mesa-international.de\\\/wp-content\\\/uploads\\\/2022\\\/11\\\/LV2.png\",\"datePublished\":\"2021-01-01T16:48:04+00:00\",\"dateModified\":\"2022-12-08T19:22:44+00:00\",\"description\":\"Die Luftversorgungseinheit LV2 dient zur stetigen Versorgung von markt\u00fcblichen Sauerstoffsonden mit Referenzluft.\",\"inLanguage\":\"de\",\"potentialAction\":[{\"@type\":\"ReadAction\",\"target\":[\"https:\\\/\\\/mesa-international.de\\\/de\\\/luftversorgungseinheit-lv-2\\\/\"]}]},{\"@type\":\"ImageObject\",\"inLanguage\":\"de\",\"@id\":\"https:\\\/\\\/mesa-international.de\\\/de\\\/luftversorgungseinheit-lv-2\\\/#primaryimage\",\"url\":\"https:\\\/\\\/mesa-international.de\\\/wp-content\\\/uploads\\\/2022\\\/11\\\/LV2.png\",\"contentUrl\":\"https:\\\/\\\/mesa-international.de\\\/wp-content\\\/uploads\\\/2022\\\/11\\\/LV2.png\",\"width\":600,\"height\":600},{\"@type\":\"WebSite\",\"@id\":\"https:\\\/\\\/mesa-international.de\\\/de\\\/#website\",\"url\":\"https:\\\/\\\/mesa-international.de\\\/de\\\/\",\"name\":\"www.mesa-international.de\",\"description\":\"Mesa Electronics Gmbh\",\"publisher\":{\"@id\":\"https:\\\/\\\/mesa-international.de\\\/de\\\/#organization\"},\"potentialAction\":[{\"@type\":\"SearchAction\",\"target\":{\"@type\":\"EntryPoint\",\"urlTemplate\":\"https:\\\/\\\/mesa-international.de\\\/de\\\/?s={search_term_string}\"},\"query-input\":{\"@type\":\"PropertyValueSpecification\",\"valueRequired\":true,\"valueName\":\"search_term_string\"}}],\"inLanguage\":\"de\"},{\"@type\":\"Organization\",\"@id\":\"https:\\\/\\\/mesa-international.de\\\/de\\\/#organization\",\"name\":\"www.mesa-international.de\",\"url\":\"https:\\\/\\\/mesa-international.de\\\/de\\\/\",\"logo\":{\"@type\":\"ImageObject\",\"inLanguage\":\"de\",\"@id\":\"https:\\\/\\\/mesa-international.de\\\/de\\\/#\\\/schema\\\/logo\\\/image\\\/\",\"url\":\"https:\\\/\\\/mesa-international.de\\\/wp-content\\\/uploads\\\/2022\\\/11\\\/sadsaca.png\",\"contentUrl\":\"https:\\\/\\\/mesa-international.de\\\/wp-content\\\/uploads\\\/2022\\\/11\\\/sadsaca.png\",\"width\":173,\"height\":107,\"caption\":\"www.mesa-international.de\"},\"image\":{\"@id\":\"https:\\\/\\\/mesa-international.de\\\/de\\\/#\\\/schema\\\/logo\\\/image\\\/\"},\"sameAs\":[\"https:\\\/\\\/www.linkedin.com\\\/company\\\/mesa-electronic-gmbh\\\/\"]}]}<\/script>\n<!-- \/ Yoast SEO plugin. -->","yoast_head_json":{"title":"Luftversorgungseinheit Lv 2 - www.mesa-international.de","description":"Die Luftversorgungseinheit LV2 dient zur stetigen Versorgung von markt\u00fcblichen Sauerstoffsonden mit Referenzluft.","robots":{"index":"index","follow":"follow","max-snippet":"max-snippet:-1","max-image-preview":"max-image-preview:large","max-video-preview":"max-video-preview:-1"},"canonical":"https:\/\/mesa-international.de\/de\/luftversorgungseinheit-lv-2\/","og_locale":"de_DE","og_type":"article","og_title":"Luftversorgungseinheit Lv 2 - www.mesa-international.de","og_description":"Die Luftversorgungseinheit LV2 dient zur stetigen Versorgung von markt\u00fcblichen Sauerstoffsonden mit Referenzluft.","og_url":"https:\/\/mesa-international.de\/de\/luftversorgungseinheit-lv-2\/","og_site_name":"www.mesa-international.de","article_modified_time":"2022-12-08T19:22:44+00:00","og_image":[{"width":600,"height":600,"url":"https:\/\/mesa-international.de\/wp-content\/uploads\/2022\/11\/LV2.png","type":"image\/png"}],"twitter_card":"summary_large_image","twitter_misc":{"Gesch\u00e4tzte Lesezeit":"4\u00a0Minuten"},"schema":{"@context":"https:\/\/schema.org","@graph":[{"@type":"WebPage","@id":"https:\/\/mesa-international.de\/de\/luftversorgungseinheit-lv-2\/","url":"https:\/\/mesa-international.de\/de\/luftversorgungseinheit-lv-2\/","name":"Luftversorgungseinheit Lv 2 - www.mesa-international.de","isPartOf":{"@id":"https:\/\/mesa-international.de\/de\/#website"},"primaryImageOfPage":{"@id":"https:\/\/mesa-international.de\/de\/luftversorgungseinheit-lv-2\/#primaryimage"},"image":{"@id":"https:\/\/mesa-international.de\/de\/luftversorgungseinheit-lv-2\/#primaryimage"},"thumbnailUrl":"https:\/\/mesa-international.de\/wp-content\/uploads\/2022\/11\/LV2.png","datePublished":"2021-01-01T16:48:04+00:00","dateModified":"2022-12-08T19:22:44+00:00","description":"Die Luftversorgungseinheit LV2 dient zur stetigen Versorgung von markt\u00fcblichen Sauerstoffsonden mit Referenzluft.","inLanguage":"de","potentialAction":[{"@type":"ReadAction","target":["https:\/\/mesa-international.de\/de\/luftversorgungseinheit-lv-2\/"]}]},{"@type":"ImageObject","inLanguage":"de","@id":"https:\/\/mesa-international.de\/de\/luftversorgungseinheit-lv-2\/#primaryimage","url":"https:\/\/mesa-international.de\/wp-content\/uploads\/2022\/11\/LV2.png","contentUrl":"https:\/\/mesa-international.de\/wp-content\/uploads\/2022\/11\/LV2.png","width":600,"height":600},{"@type":"WebSite","@id":"https:\/\/mesa-international.de\/de\/#website","url":"https:\/\/mesa-international.de\/de\/","name":"www.mesa-international.de","description":"Mesa Electronics Gmbh","publisher":{"@id":"https:\/\/mesa-international.de\/de\/#organization"},"potentialAction":[{"@type":"SearchAction","target":{"@type":"EntryPoint","urlTemplate":"https:\/\/mesa-international.de\/de\/?s={search_term_string}"},"query-input":{"@type":"PropertyValueSpecification","valueRequired":true,"valueName":"search_term_string"}}],"inLanguage":"de"},{"@type":"Organization","@id":"https:\/\/mesa-international.de\/de\/#organization","name":"www.mesa-international.de","url":"https:\/\/mesa-international.de\/de\/","logo":{"@type":"ImageObject","inLanguage":"de","@id":"https:\/\/mesa-international.de\/de\/#\/schema\/logo\/image\/","url":"https:\/\/mesa-international.de\/wp-content\/uploads\/2022\/11\/sadsaca.png","contentUrl":"https:\/\/mesa-international.de\/wp-content\/uploads\/2022\/11\/sadsaca.png","width":173,"height":107,"caption":"www.mesa-international.de"},"image":{"@id":"https:\/\/mesa-international.de\/de\/#\/schema\/logo\/image\/"},"sameAs":["https:\/\/www.linkedin.com\/company\/mesa-electronic-gmbh\/"]}]}},"_links":{"self":[{"href":"https:\/\/mesa-international.de\/de\/wp-json\/wp\/v2\/pages\/239796","targetHints":{"allow":["GET"]}}],"collection":[{"href":"https:\/\/mesa-international.de\/de\/wp-json\/wp\/v2\/pages"}],"about":[{"href":"https:\/\/mesa-international.de\/de\/wp-json\/wp\/v2\/types\/page"}],"author":[{"embeddable":true,"href":"https:\/\/mesa-international.de\/de\/wp-json\/wp\/v2\/users\/5"}],"replies":[{"embeddable":true,"href":"https:\/\/mesa-international.de\/de\/wp-json\/wp\/v2\/comments?post=239796"}],"version-history":[{"count":0,"href":"https:\/\/mesa-international.de\/de\/wp-json\/wp\/v2\/pages\/239796\/revisions"}],"wp:featuredmedia":[{"embeddable":true,"href":"https:\/\/mesa-international.de\/de\/wp-json\/wp\/v2\/media\/239803"}],"wp:attachment":[{"href":"https:\/\/mesa-international.de\/de\/wp-json\/wp\/v2\/media?parent=239796"}],"wp:term":[{"taxonomy":"category","embeddable":true,"href":"https:\/\/mesa-international.de\/de\/wp-json\/wp\/v2\/categories?post=239796"},{"taxonomy":"post_tag","embeddable":true,"href":"https:\/\/mesa-international.de\/de\/wp-json\/wp\/v2\/tags?post=239796"}],"curies":[{"name":"wp","href":"https:\/\/api.w.org\/{rel}","templated":true}]}}