{"id":239784,"date":"2021-01-01T17:39:54","date_gmt":"2021-01-01T17:39:54","guid":{"rendered":"https:\/\/bold-lamport.87-106-169-145.plesk.page\/?page_id=239784"},"modified":"2022-12-08T19:58:37","modified_gmt":"2022-12-08T19:58:37","slug":"regelzusatz-rz","status":"publish","type":"page","link":"https:\/\/mesa-international.de\/de\/regelzusatz-rz\/","title":{"rendered":"Regelzusatz RZ"},"content":{"rendered":"<p>[et_pb_section fb_built=&#8220;1&#8243; admin_label=&#8220;Header&#8220; _builder_version=&#8220;4.19.2&#8243; background_color_gradient_direction=&#8220;80deg&#8220; background_image=&#8220;https:\/\/mesa-international.de\/wp-content\/uploads\/2022\/02\/MESA-Eletronic-GmbH-scaled-2-2.jpg&#8220; parallax=&#8220;on&#8220; parallax_method=&#8220;off&#8220; positioning=&#8220;none&#8220; overflow-x=&#8220;hidden&#8220; custom_padding=&#8220;0px||0px||false|false&#8220; hover_enabled=&#8220;0&#8243; locked=&#8220;off&#8220; global_colors_info=&#8220;{}&#8220; alt=&#8220;MESA Eletronic GmbH&#8220; title_text=&#8220;MESA Eletronic GmbH&#8220; sticky_enabled=&#8220;0&#8243;][et_pb_row column_structure=&#8220;1_2,1_2&#8243; use_custom_gutter=&#8220;on&#8220; gutter_width=&#8220;4&#8243; _builder_version=&#8220;4.16&#8243; background_size=&#8220;contain&#8220; background_position=&#8220;bottom_center&#8220; max_width=&#8220;1280px&#8220; custom_margin=&#8220;-21px|auto|-3px|auto|false|false&#8220; custom_padding=&#8220;0px|||||&#8220; global_colors_info=&#8220;{}&#8220;][et_pb_column type=&#8220;1_2&#8243; _builder_version=&#8220;4.16&#8243; custom_padding=&#8220;40px|||&#8220; custom_padding_tablet=&#8220;0vw|||&#8220; global_colors_info=&#8220;{}&#8220; custom_padding__hover=&#8220;|||&#8220;][et_pb_text _builder_version=&#8220;4.16&#8243; _module_preset=&#8220;default&#8220; header_font=&#8220;Archivo|700|||||||&#8220; header_text_align=&#8220;left&#8220; header_font_size=&#8220;50px&#8220; global_colors_info=&#8220;{}&#8220;]<\/p>\n<div id=\"pg-2833-0\" class=\"panel-grid panel-has-style\">\n<div class=\"siteorigin-panels-stretch panel-row-style panel-row-style-for-2833-0\" data-stretch-type=\"full\">\n<div id=\"pgc-2833-0-0\" class=\"panel-grid-cell\">\n<div id=\"panel-2833-0-0-0\" class=\"so-panel widget widget_sow-editor panel-first-child panel-last-child\" data-index=\"0\">\n<div class=\"container panel-widget-style panel-widget-style-for-2833-0-0-0\">\n<div class=\"so-widget-sow-editor so-widget-sow-editor-base\">\n<div class=\"siteorigin-widget-tinymce textwidget\">\n<h1 class=\"animated fadeInUp\">Regelzusatz RZ<\/h1>\n<h1 class=\"animated fadeInUp\">\u00a0<\/h1>\n<\/div>\n<\/div>\n<\/div>\n<\/div>\n<\/div>\n<\/div>\n<\/div>\n<p>[\/et_pb_text][et_pb_testimonial author=&#8220;Regelzusatz RZ&#8220; portrait_url=&#8220;https:\/\/mesa-international.de\/wp-content\/uploads\/2021\/01\/rz-6.png&#8220; quote_icon=&#8220;off&#8220; _builder_version=&#8220;4.19.2&#8243; _module_preset=&#8220;default&#8220; hover_enabled=&#8220;0&#8243; border_radii=&#8220;on|15px|15px|15px|15px&#8220; global_colors_info=&#8220;{}&#8220; alt=&#8220;CONTROL ACCESSORY TYPE: RZ&#8220; title_text=&#8220;rz&#8220; sticky_enabled=&#8220;0&#8243;]<\/p>\n<h4><b>BESONDERHEITEN:<\/b><\/h4>\n<ul>\n<li>Anschlu\u00df an Rekumat Brenner (RB) oder Rekumat Strahlrohrbrenner (RS)<\/li>\n<li>Schraub- oder Tragschienenbefestigung<\/li>\n<li>\u00dcbertemperatureingang<\/li>\n<li>Leistungsdosierungseingang<\/li>\n<li>Brennereinzeit einstellbar<\/li>\n<li>Funktionsanzeige \u00fcber LED<\/li>\n<\/ul>\n<p>[\/et_pb_testimonial][\/et_pb_column][et_pb_column type=&#8220;1_2&#8243; _builder_version=&#8220;4.16&#8243; custom_padding=&#8220;|||&#8220; global_colors_info=&#8220;{}&#8220; custom_padding__hover=&#8220;|||&#8220;][et_pb_image src=&#8220;https:\/\/mesa-international.de\/wp-content\/uploads\/2021\/01\/rz-6.png&#8220; title_text=&#8220;rz&#8220; _builder_version=&#8220;4.19.2&#8243; transform_scale=&#8220;113%|113%&#8220; transform_scale_tablet=&#8220;116%|116%&#8220; transform_scale_phone=&#8220;80%|80%&#8220; transform_scale_last_edited=&#8220;off|desktop&#8220; transform_translate_tablet=&#8220;30vw|-24vw&#8220; transform_translate_phone=&#8220;0vw|-15vw&#8220; transform_translate_last_edited=&#8220;off|desktop&#8220; transform_rotate_last_edited=&#8220;off|desktop&#8220; transform_skew_last_edited=&#8220;off|desktop&#8220; transform_origin_last_edited=&#8220;off|desktop&#8220; transform_styles_last_edited=&#8220;off|desktop&#8220; position_origin_f=&#8220;bottom_center&#8220; width=&#8220;100%&#8220; max_width=&#8220;480px&#8220; custom_margin=&#8220;132px|||||&#8220; animation_direction=&#8220;bottom&#8220; hover_enabled=&#8220;0&#8243; always_center_on_mobile=&#8220;off&#8220; global_colors_info=&#8220;{}&#8220; transform_styles__hover_enabled=&#8220;on|hover&#8220; transform_scale__hover_enabled=&#8220;on|hover&#8220; transform_translate__hover_enabled=&#8220;on|desktop&#8220; transform_rotate__hover_enabled=&#8220;on|desktop&#8220; transform_skew__hover_enabled=&#8220;on|desktop&#8220; transform_origin__hover_enabled=&#8220;on|desktop&#8220; transform_scale__hover=&#8220;145%|145%&#8220; transform_rotate__hover=&#8220;0deg|0deg|13deg&#8220; alt=&#8220;Regelzusatz RZ&#8220; sticky_enabled=&#8220;0&#8243;][\/et_pb_image][et_pb_button button_url=&#8220;https:\/\/alt.mesa-international.de\/wp-content\/uploads\/RZ-DB-DE-v4.0-01-2021.pdf&#8220; url_new_window=&#8220;on&#8220; button_text=&#8220;Datenblatt herunterladen \/ Download in PDF format&#8220; _builder_version=&#8220;4.19.2&#8243; _module_preset=&#8220;default&#8220; custom_button=&#8220;on&#8220; button_text_size=&#8220;14px&#8220; button_text_color=&#8220;#ffffff&#8220; button_bg_color=&#8220;#e02b20&#8243; button_border_width=&#8220;0px&#8220; button_border_radius=&#8220;15px&#8220; button_font=&#8220;|700|||||||&#8220; hover_enabled=&#8220;0&#8243; global_colors_info=&#8220;{}&#8220; sticky_enabled=&#8220;0&#8243;][\/et_pb_button][\/et_pb_column][\/et_pb_row][et_pb_row column_structure=&#8220;1_2,1_2&#8243; _builder_version=&#8220;4.16&#8243; _module_preset=&#8220;default&#8220; global_colors_info=&#8220;{}&#8220;][et_pb_column type=&#8220;1_2&#8243; _builder_version=&#8220;4.16&#8243; _module_preset=&#8220;default&#8220; global_colors_info=&#8220;{}&#8220;][et_pb_text _builder_version=&#8220;4.16&#8243; _module_preset=&#8220;default&#8220; header_font=&#8220;Archivo|700|||||||&#8220; header_4_font=&#8220;Archivo|700|||||||&#8220; header_4_text_color=&#8220;#353535&#8243; global_colors_info=&#8220;{}&#8220;]<\/p>\n<h4>FUNKTION<\/h4>\n<p>Der Regelzusatz wird in Verbindung mit einem Rekumat-Brenner (RB) bzw. Rekumat-Strahlrohrbrenner (RS) zur Verrechnung der Einschaltzeit des in der Regelstrecke eingebauten Zweipunktreglers verwendet. Die EIN-Zeit des Brenners entspricht den verfahrenstechnischen Bedingungen.<\/p>\n<p>F\u00fcr eine Leistungsdosierung (RS) bzw. \u00dcbertemperatur-\u00dcberwachung (RS,RB) ist ein Analogeingang vorhanden.<\/p>\n<p>Der Regelzusatz ist mit einem Mikro-prozessor, der den Leistungsbedarf errechnet, ausger\u00fcstet.<\/p>\n<p>Es stehen verschiedene Funktionsvarianten zur Verf\u00fcgung.<\/p>\n<p>[\/et_pb_text][\/et_pb_column][et_pb_column type=&#8220;1_2&#8243; _builder_version=&#8220;4.16&#8243; _module_preset=&#8220;default&#8220; global_colors_info=&#8220;{}&#8220;][\/et_pb_column][\/et_pb_row][et_pb_row _builder_version=&#8220;4.16&#8243; _module_preset=&#8220;default&#8220; global_colors_info=&#8220;{}&#8220;][et_pb_column type=&#8220;4_4&#8243; _builder_version=&#8220;4.16&#8243; _module_preset=&#8220;default&#8220; global_colors_info=&#8220;{}&#8220;][et_pb_text _builder_version=&#8220;4.16&#8243; _module_preset=&#8220;default&#8220; global_colors_info=&#8220;{}&#8220;]<\/p>\n<h4 style=\"text-align: center;\"><strong>TECHNISCHE DATEN<\/strong><\/h4>\n<p>[\/et_pb_text][\/et_pb_column][\/et_pb_row][et_pb_row column_structure=&#8220;1_2,1_2&#8243; _builder_version=&#8220;4.16&#8243; _module_preset=&#8220;default&#8220; global_colors_info=&#8220;{}&#8220;][et_pb_column type=&#8220;1_2&#8243; _builder_version=&#8220;4.16&#8243; _module_preset=&#8220;default&#8220; global_colors_info=&#8220;{}&#8220;][et_pb_text _builder_version=&#8220;4.16&#8243; _module_preset=&#8220;default&#8220; header_font=&#8220;Archivo|700|||||||&#8220; header_4_font=&#8220;Archivo|700|||||||&#8220; header_4_text_color=&#8220;#353535&#8243; global_colors_info=&#8220;{}&#8220;]<\/p>\n<div class=\"ccvoYb\">\n<div class=\"AxqVh\">\n<div class=\"OPPzxe\">\n<p><strong>UZ zum Anschlu\u00df an unstetige Regler<\/strong><\/p>\n<div class=\"su-table su-table-alternate\">\n<p>&nbsp;<\/p>\n<table class=\"table \">\n<thead><\/thead>\n<tbody>\n<tr>\n<th scope=\"row\">Bauform:<\/th>\n<td>Kunststoffaufbaugeh\u00e4use mit offenen Anschlu\u00df-klemmen,<br \/>wahlweise mit Schraubbefestigung (DIN 46121)<br \/>oder Schnellbefestigung (Tragschiene DIN 46277)<\/td>\n<\/tr>\n<tr>\n<th scope=\"row\">Abmessungen:<\/th>\n<td>150 x 70 x 112 mm (BxHxT)<\/td>\n<\/tr>\n<tr>\n<th scope=\"row\">Einbaulage:<\/th>\n<td>beliebig<\/td>\n<\/tr>\n<tr>\n<th scope=\"row\">Hilfsspannung:<\/th>\n<td>115 \/ 230 Vac \u00b1 10 % \/ 50 \u2013 60 Hz<\/td>\n<\/tr>\n<tr>\n<th scope=\"row\">Leistungsaufnahme:<\/th>\n<td>ca. 8 VA<\/td>\n<\/tr>\n<tr>\n<th scope=\"row\">Eingang:<\/th>\n<td>\u2022 Reglerkontakt (Arbeitskontakt):<br \/>Der Kontakt mu\u00df potentialfrei sein und wird mit<br \/>ca. 20 mA belastet.<br \/>\u2022 Analogeingang:<br \/>Thermoelement NiCr-Ni mit automatischer Vergleichsstellenkompensation<\/td>\n<\/tr>\n<tr>\n<th scope=\"row\">Ausgang:<\/th>\n<td>1 Strahlrohrbrenneranschlu\u00df<br \/>(Je ein Umschaltkontakt f\u00fcr die Magnetventile \u201eGas\u201c und \u201eLuft\u201c)<br \/>Die Kontakte sind potentialfrei und k\u00f6nnen mit<br \/>max. 1 A \/ max. 230 Vac belastet oder<br \/>max. 0,2 A \/ 125 Vac, max. 2 A \/ 30 Vdc<br \/>je nach Ausf\u00fchrung<\/td>\n<\/tr>\n<tr>\n<th scope=\"row\">Brenner-EIN-Zeit im Rundumbetrieb:<\/th>\n<td>30 sec. (bei \u00dcbertemperatur-\u00dcberwachung einstellbar von 23\u202637 sec.)<\/td>\n<\/tr>\n<tr>\n<th scope=\"row\">Luftnachsp\u00fcl-Zeit:<\/th>\n<td>2 sec. (einstellbar von 1\u20262 sec.)<\/td>\n<\/tr>\n<tr>\n<th scope=\"row\">\u00dcbertemperatur\u00fcberwachung:<\/th>\n<td>\u00dcbertemperatur einstellbar von 1000\u20261200 \u00b0C, nach erkannter \u00dcbertemperatur wird das Gasventil aus- und das Luftventil eingeschaltet.<\/td>\n<\/tr>\n<tr>\n<th scope=\"row\">Leistungsdosierung:<\/th>\n<td>in den Bereichen 850\u20261000 \u00b0C oder<br \/>950\u20261100 \u00b0C Leistungsminderung von 100 % auf 50 % (quasi stetig).<\/td>\n<\/tr>\n<tr>\n<th scope=\"row\">Zul. Umgebungstemperatur:<\/th>\n<td>0\u202650 \u00b0C<\/td>\n<\/tr>\n<\/tbody>\n<\/table>\n<\/div>\n<\/div>\n<\/div>\n<\/div>\n<p>[\/et_pb_text][\/et_pb_column][et_pb_column type=&#8220;1_2&#8243; _builder_version=&#8220;4.16&#8243; _module_preset=&#8220;default&#8220; global_colors_info=&#8220;{}&#8220;][et_pb_text _builder_version=&#8220;4.16&#8243; _module_preset=&#8220;default&#8220; header_font=&#8220;Archivo|700|||||||&#8220; header_4_font=&#8220;Archivo|700|||||||&#8220; header_4_text_color=&#8220;#353535&#8243; custom_margin=&#8220;-15px|||-14px||&#8220; global_colors_info=&#8220;{}&#8220;]<\/p>\n<p><strong>UZ zum Anschlu\u00df an stetige Regler<\/strong><\/p>\n<div class=\"su-table su-table-alternate\">\n<p>&nbsp;<\/p>\n<table class=\"table \">\n<thead><\/thead>\n<tbody>\n<tr>\n<th scope=\"row\">Bauform:<\/th>\n<td>Kunststoffaufbaugeh\u00e4use mit offenen Anschlu\u00dfklemmen, wahlweise mit Schraubbefestigung (DIN 46121) oder Tragschienenbefestigung (DIN 46277)<\/td>\n<\/tr>\n<tr>\n<th scope=\"row\">Abmessungen:<\/th>\n<td>150 x 70 x 112 mm (LxBxH)<\/td>\n<\/tr>\n<tr>\n<th scope=\"row\">Hilfsspannung:<\/th>\n<td>24 Vac \u00b1 10 % \/ 50-60 Hz<\/td>\n<\/tr>\n<tr>\n<th scope=\"row\">Eingang:<\/th>\n<td>20\u20260 mA (100 % ED = 20 mA) oder<br \/>0\u202620 mA (100 % ED = 0 mA)<br \/>\u00dcbertemperatur-Kontakt (Ruhekontakt)<br \/>Der Kontakt mu\u00df potentialfrei sein und wird mit ca. 20 mA belastet. (Leitungen abgeschirmt verlegen und Schirm nur auf Reglerseite erden)<\/td>\n<\/tr>\n<tr>\n<th scope=\"row\">Ausgang:<\/th>\n<td>In Verbindung mit Zusatzger\u00e4t<br \/>6 Brenneranschl\u00fcsse (1 ZUZ 49\u2026)<br \/>12 Brenneranschl\u00fcsse (2 ZUZ 49\u2026)<br \/>(pro Anschlu\u00df je 1 Arbeitskontakt f\u00fcr das Magnetventil \u201eGas\u201c bzw. \u201eLuft\u201c). Die Kontakte sind potentialfrei und k\u00f6nnen mit max. 8 A \/ 250 Vac belastet werden.<\/td>\n<\/tr>\n<tr>\n<th scope=\"row\">Zeiten:<\/th>\n<td>\u2022 Brenner-EIN-Zeit im Rundumbetrieb:<br \/>einstellbar 10\u202635 sec.<br \/>Sonderausf\u00fchrung: 20\u202670 sec.<br \/>\u2022 Luftnachlaufzeit:<br \/>Sp\u00fclzeit nach Gas-AUS:<br \/>einstellbar 0,3\u20262 sec.<br \/>\u2022 \u00dcbertemperatur-\u00dcberwachung:<br \/>5 sec. nach \u00dcbertemperatur-Signal werden alle Brenner ausgeschalten.<\/td>\n<\/tr>\n<tr>\n<th scope=\"row\">Leistungsaufnahme:<\/th>\n<td>bei 12 Brennern ca. 36 VA<\/td>\n<\/tr>\n<tr>\n<th scope=\"row\">Zul. Umgebungstemperatur:<\/th>\n<td>0\u202650 \u00b0C<\/td>\n<\/tr>\n<tr>\n<th scope=\"row\">Anzeigen:<\/th>\n<td>LED Betrieb<br \/>LED Rundumbetrieb<br \/>LED \u00dcbertemperatur EIN<\/td>\n<\/tr>\n<\/tbody>\n<\/table>\n<\/div>\n<p>[\/et_pb_text][\/et_pb_column][\/et_pb_row][\/et_pb_section]<\/p>\n","protected":false},"excerpt":{"rendered":"<p>Der Regelzusatz wird in Verbindung mit einem Rekumat-Brenner (RB) bzw. Rekumat-Strahlrohrbrenner (RS) zur Verrechnung der Einschaltzeit des in der Regelstrecke eingebauten Zweipunktreglers verwendet. Die EIN-Zeit des Brenners entspricht den verfahrenstechnischen Bedingungen.<\/p>\n<p>F\u00fcr eine Leistungsdosierung (RS) bzw. \u00dcbertemperatur-\u00dcberwachung (RS,RB) ist ein Analogeingang vorhanden.<\/p>\n<p>Der Regelzusatz ist mit einem Mikro-prozessor, der den Leistungsbedarf errechnet, ausger\u00fcstet.<\/p>\n<p>Es stehen verschiedene Funktionsvarianten zur Verf\u00fcgung.<\/p>\n","protected":false},"author":5,"featured_media":239788,"parent":0,"menu_order":0,"comment_status":"closed","ping_status":"closed","template":"","meta":{"_acf_changed":false,"content-type":"","footnotes":""},"categories":[],"tags":[],"class_list":["post-239784","page","type-page","status-publish","has-post-thumbnail","hentry"],"acf":[],"yoast_head":"<!-- This site is optimized with the Yoast SEO plugin v27.5 - https:\/\/yoast.com\/product\/yoast-seo-wordpress\/ -->\n<title>Regelzusatz RZ - www.mesa-international.de<\/title>\n<meta name=\"description\" content=\"Das Regelungszubeh\u00f6r Typ: RZ wird in Verbindung mit einem Rekumat-Brenner (RB) oder Rekumat-Strahlrohrbrenner (RS) zur Berechnung verwendet.\" \/>\n<meta name=\"robots\" content=\"index, follow, max-snippet:-1, max-image-preview:large, max-video-preview:-1\" \/>\n<link rel=\"canonical\" href=\"https:\/\/mesa-international.de\/de\/regelzusatz-rz\/\" \/>\n<meta property=\"og:locale\" content=\"de_DE\" \/>\n<meta property=\"og:type\" content=\"article\" \/>\n<meta property=\"og:title\" content=\"Regelzusatz RZ - www.mesa-international.de\" \/>\n<meta property=\"og:description\" content=\"Das Regelungszubeh\u00f6r Typ: RZ wird in Verbindung mit einem Rekumat-Brenner (RB) oder Rekumat-Strahlrohrbrenner (RS) zur Berechnung verwendet.\" \/>\n<meta property=\"og:url\" content=\"https:\/\/mesa-international.de\/de\/regelzusatz-rz\/\" \/>\n<meta property=\"og:site_name\" content=\"www.mesa-international.de\" \/>\n<meta property=\"article:modified_time\" content=\"2022-12-08T19:58:37+00:00\" \/>\n<meta property=\"og:image\" content=\"https:\/\/mesa-international.de\/wp-content\/uploads\/2022\/11\/rz.png\" \/>\n\t<meta property=\"og:image:width\" content=\"600\" \/>\n\t<meta property=\"og:image:height\" content=\"600\" \/>\n\t<meta property=\"og:image:type\" content=\"image\/png\" \/>\n<meta name=\"twitter:card\" content=\"summary_large_image\" \/>\n<meta name=\"twitter:label1\" content=\"Gesch\u00e4tzte Lesezeit\" \/>\n\t<meta name=\"twitter:data1\" content=\"5\u00a0Minuten\" \/>\n<script type=\"application\/ld+json\" class=\"yoast-schema-graph\">{\"@context\":\"https:\\\/\\\/schema.org\",\"@graph\":[{\"@type\":\"WebPage\",\"@id\":\"https:\\\/\\\/mesa-international.de\\\/de\\\/regelzusatz-rz\\\/\",\"url\":\"https:\\\/\\\/mesa-international.de\\\/de\\\/regelzusatz-rz\\\/\",\"name\":\"Regelzusatz RZ - www.mesa-international.de\",\"isPartOf\":{\"@id\":\"https:\\\/\\\/mesa-international.de\\\/de\\\/#website\"},\"primaryImageOfPage\":{\"@id\":\"https:\\\/\\\/mesa-international.de\\\/de\\\/regelzusatz-rz\\\/#primaryimage\"},\"image\":{\"@id\":\"https:\\\/\\\/mesa-international.de\\\/de\\\/regelzusatz-rz\\\/#primaryimage\"},\"thumbnailUrl\":\"https:\\\/\\\/mesa-international.de\\\/wp-content\\\/uploads\\\/2022\\\/11\\\/rz.png\",\"datePublished\":\"2021-01-01T17:39:54+00:00\",\"dateModified\":\"2022-12-08T19:58:37+00:00\",\"description\":\"Das Regelungszubeh\u00f6r Typ: RZ wird in Verbindung mit einem Rekumat-Brenner (RB) oder Rekumat-Strahlrohrbrenner (RS) zur Berechnung verwendet.\",\"inLanguage\":\"de\",\"potentialAction\":[{\"@type\":\"ReadAction\",\"target\":[\"https:\\\/\\\/mesa-international.de\\\/de\\\/regelzusatz-rz\\\/\"]}]},{\"@type\":\"ImageObject\",\"inLanguage\":\"de\",\"@id\":\"https:\\\/\\\/mesa-international.de\\\/de\\\/regelzusatz-rz\\\/#primaryimage\",\"url\":\"https:\\\/\\\/mesa-international.de\\\/wp-content\\\/uploads\\\/2022\\\/11\\\/rz.png\",\"contentUrl\":\"https:\\\/\\\/mesa-international.de\\\/wp-content\\\/uploads\\\/2022\\\/11\\\/rz.png\",\"width\":600,\"height\":600},{\"@type\":\"WebSite\",\"@id\":\"https:\\\/\\\/mesa-international.de\\\/de\\\/#website\",\"url\":\"https:\\\/\\\/mesa-international.de\\\/de\\\/\",\"name\":\"www.mesa-international.de\",\"description\":\"Mesa Electronics Gmbh\",\"publisher\":{\"@id\":\"https:\\\/\\\/mesa-international.de\\\/de\\\/#organization\"},\"potentialAction\":[{\"@type\":\"SearchAction\",\"target\":{\"@type\":\"EntryPoint\",\"urlTemplate\":\"https:\\\/\\\/mesa-international.de\\\/de\\\/?s={search_term_string}\"},\"query-input\":{\"@type\":\"PropertyValueSpecification\",\"valueRequired\":true,\"valueName\":\"search_term_string\"}}],\"inLanguage\":\"de\"},{\"@type\":\"Organization\",\"@id\":\"https:\\\/\\\/mesa-international.de\\\/de\\\/#organization\",\"name\":\"www.mesa-international.de\",\"url\":\"https:\\\/\\\/mesa-international.de\\\/de\\\/\",\"logo\":{\"@type\":\"ImageObject\",\"inLanguage\":\"de\",\"@id\":\"https:\\\/\\\/mesa-international.de\\\/de\\\/#\\\/schema\\\/logo\\\/image\\\/\",\"url\":\"https:\\\/\\\/mesa-international.de\\\/wp-content\\\/uploads\\\/2022\\\/11\\\/sadsaca.png\",\"contentUrl\":\"https:\\\/\\\/mesa-international.de\\\/wp-content\\\/uploads\\\/2022\\\/11\\\/sadsaca.png\",\"width\":173,\"height\":107,\"caption\":\"www.mesa-international.de\"},\"image\":{\"@id\":\"https:\\\/\\\/mesa-international.de\\\/de\\\/#\\\/schema\\\/logo\\\/image\\\/\"},\"sameAs\":[\"https:\\\/\\\/www.linkedin.com\\\/company\\\/mesa-electronic-gmbh\\\/\"]}]}<\/script>\n<!-- \/ Yoast SEO plugin. -->","yoast_head_json":{"title":"Regelzusatz RZ - www.mesa-international.de","description":"Das Regelungszubeh\u00f6r Typ: RZ wird in Verbindung mit einem Rekumat-Brenner (RB) oder Rekumat-Strahlrohrbrenner (RS) zur Berechnung verwendet.","robots":{"index":"index","follow":"follow","max-snippet":"max-snippet:-1","max-image-preview":"max-image-preview:large","max-video-preview":"max-video-preview:-1"},"canonical":"https:\/\/mesa-international.de\/de\/regelzusatz-rz\/","og_locale":"de_DE","og_type":"article","og_title":"Regelzusatz RZ - www.mesa-international.de","og_description":"Das Regelungszubeh\u00f6r Typ: RZ wird in Verbindung mit einem Rekumat-Brenner (RB) oder Rekumat-Strahlrohrbrenner (RS) zur Berechnung verwendet.","og_url":"https:\/\/mesa-international.de\/de\/regelzusatz-rz\/","og_site_name":"www.mesa-international.de","article_modified_time":"2022-12-08T19:58:37+00:00","og_image":[{"width":600,"height":600,"url":"https:\/\/mesa-international.de\/wp-content\/uploads\/2022\/11\/rz.png","type":"image\/png"}],"twitter_card":"summary_large_image","twitter_misc":{"Gesch\u00e4tzte Lesezeit":"5\u00a0Minuten"},"schema":{"@context":"https:\/\/schema.org","@graph":[{"@type":"WebPage","@id":"https:\/\/mesa-international.de\/de\/regelzusatz-rz\/","url":"https:\/\/mesa-international.de\/de\/regelzusatz-rz\/","name":"Regelzusatz RZ - www.mesa-international.de","isPartOf":{"@id":"https:\/\/mesa-international.de\/de\/#website"},"primaryImageOfPage":{"@id":"https:\/\/mesa-international.de\/de\/regelzusatz-rz\/#primaryimage"},"image":{"@id":"https:\/\/mesa-international.de\/de\/regelzusatz-rz\/#primaryimage"},"thumbnailUrl":"https:\/\/mesa-international.de\/wp-content\/uploads\/2022\/11\/rz.png","datePublished":"2021-01-01T17:39:54+00:00","dateModified":"2022-12-08T19:58:37+00:00","description":"Das Regelungszubeh\u00f6r Typ: RZ wird in Verbindung mit einem Rekumat-Brenner (RB) oder Rekumat-Strahlrohrbrenner (RS) zur Berechnung verwendet.","inLanguage":"de","potentialAction":[{"@type":"ReadAction","target":["https:\/\/mesa-international.de\/de\/regelzusatz-rz\/"]}]},{"@type":"ImageObject","inLanguage":"de","@id":"https:\/\/mesa-international.de\/de\/regelzusatz-rz\/#primaryimage","url":"https:\/\/mesa-international.de\/wp-content\/uploads\/2022\/11\/rz.png","contentUrl":"https:\/\/mesa-international.de\/wp-content\/uploads\/2022\/11\/rz.png","width":600,"height":600},{"@type":"WebSite","@id":"https:\/\/mesa-international.de\/de\/#website","url":"https:\/\/mesa-international.de\/de\/","name":"www.mesa-international.de","description":"Mesa Electronics Gmbh","publisher":{"@id":"https:\/\/mesa-international.de\/de\/#organization"},"potentialAction":[{"@type":"SearchAction","target":{"@type":"EntryPoint","urlTemplate":"https:\/\/mesa-international.de\/de\/?s={search_term_string}"},"query-input":{"@type":"PropertyValueSpecification","valueRequired":true,"valueName":"search_term_string"}}],"inLanguage":"de"},{"@type":"Organization","@id":"https:\/\/mesa-international.de\/de\/#organization","name":"www.mesa-international.de","url":"https:\/\/mesa-international.de\/de\/","logo":{"@type":"ImageObject","inLanguage":"de","@id":"https:\/\/mesa-international.de\/de\/#\/schema\/logo\/image\/","url":"https:\/\/mesa-international.de\/wp-content\/uploads\/2022\/11\/sadsaca.png","contentUrl":"https:\/\/mesa-international.de\/wp-content\/uploads\/2022\/11\/sadsaca.png","width":173,"height":107,"caption":"www.mesa-international.de"},"image":{"@id":"https:\/\/mesa-international.de\/de\/#\/schema\/logo\/image\/"},"sameAs":["https:\/\/www.linkedin.com\/company\/mesa-electronic-gmbh\/"]}]}},"_links":{"self":[{"href":"https:\/\/mesa-international.de\/de\/wp-json\/wp\/v2\/pages\/239784","targetHints":{"allow":["GET"]}}],"collection":[{"href":"https:\/\/mesa-international.de\/de\/wp-json\/wp\/v2\/pages"}],"about":[{"href":"https:\/\/mesa-international.de\/de\/wp-json\/wp\/v2\/types\/page"}],"author":[{"embeddable":true,"href":"https:\/\/mesa-international.de\/de\/wp-json\/wp\/v2\/users\/5"}],"replies":[{"embeddable":true,"href":"https:\/\/mesa-international.de\/de\/wp-json\/wp\/v2\/comments?post=239784"}],"version-history":[{"count":0,"href":"https:\/\/mesa-international.de\/de\/wp-json\/wp\/v2\/pages\/239784\/revisions"}],"wp:featuredmedia":[{"embeddable":true,"href":"https:\/\/mesa-international.de\/de\/wp-json\/wp\/v2\/media\/239788"}],"wp:attachment":[{"href":"https:\/\/mesa-international.de\/de\/wp-json\/wp\/v2\/media?parent=239784"}],"wp:term":[{"taxonomy":"category","embeddable":true,"href":"https:\/\/mesa-international.de\/de\/wp-json\/wp\/v2\/categories?post=239784"},{"taxonomy":"post_tag","embeddable":true,"href":"https:\/\/mesa-international.de\/de\/wp-json\/wp\/v2\/tags?post=239784"}],"curies":[{"name":"wp","href":"https:\/\/api.w.org\/{rel}","templated":true}]}}