{"id":239765,"date":"2021-01-01T16:45:41","date_gmt":"2021-01-01T16:45:41","guid":{"rendered":"https:\/\/bold-lamport.87-106-169-145.plesk.page\/?page_id=239765"},"modified":"2022-12-07T12:40:21","modified_gmt":"2022-12-07T12:40:21","slug":"fgp1-1folienpruefgeraet","status":"publish","type":"page","link":"https:\/\/mesa-international.de\/de\/fgp1-1folienpruefgeraet\/","title":{"rendered":"FGP1.1Folienpr\u00fcfger\u00e4t"},"content":{"rendered":"<p>[et_pb_section fb_built=&#8220;1&#8243; admin_label=&#8220;Header&#8220; _builder_version=&#8220;4.16&#8243; _module_preset=&#8220;default&#8220; background_color_gradient_direction=&#8220;80deg&#8220; background_image=&#8220;https:\/\/mesa-international.de\/wp-content\/uploads\/2021\/02\/MESA-Eletronic-GmbH-scaled-3.jpg&#8220; parallax=&#8220;on&#8220; parallax_method=&#8220;off&#8220; positioning=&#8220;none&#8220; overflow-x=&#8220;hidden&#8220; custom_padding=&#8220;0px||0px||false|false&#8220; locked=&#8220;off&#8220; global_colors_info=&#8220;{}&#8220; theme_builder_area=&#8220;post_content&#8220;][et_pb_row border_radii=&#8220;on|15px|15px|15px|15px&#8220; column_structure=&#8220;1_2,1_2&#8243; use_custom_gutter=&#8220;on&#8220; gutter_width=&#8220;4&#8243; _builder_version=&#8220;4.16&#8243; _module_preset=&#8220;6c3a0a00-1305-4794-b9e5-b5c7ed3e1867&#8243; background_size=&#8220;contain&#8220; background_position=&#8220;bottom_center&#8220; max_width=&#8220;1280px&#8220; custom_margin=&#8220;-21px|auto|-3px|auto|false|false&#8220; custom_padding=&#8220;0px|||||&#8220; global_colors_info=&#8220;{}&#8220; theme_builder_area=&#8220;post_content&#8220;][et_pb_column type=&#8220;1_2&#8243; _builder_version=&#8220;4.16&#8243; _module_preset=&#8220;default&#8220; custom_padding=&#8220;40px|||&#8220; custom_padding_tablet=&#8220;0vw|||&#8220; global_colors_info=&#8220;{}&#8220; custom_padding__hover=&#8220;|||&#8220; theme_builder_area=&#8220;post_content&#8220;][et_pb_text _builder_version=&#8220;4.16&#8243; _module_preset=&#8220;default&#8220; header_font=&#8220;Archivo|700|||||||&#8220; header_text_align=&#8220;left&#8220; header_font_size=&#8220;50px&#8220; global_colors_info=&#8220;{}&#8220; theme_builder_area=&#8220;post_content&#8220;]<\/p>\n<div id=\"pg-2833-0\" class=\"panel-grid panel-has-style\">\n<div class=\"siteorigin-panels-stretch panel-row-style panel-row-style-for-2833-0\" data-stretch-type=\"full\">\n<div id=\"pgc-2833-0-0\" class=\"panel-grid-cell\">\n<div id=\"panel-2833-0-0-0\" class=\"so-panel widget widget_sow-editor panel-first-child panel-last-child\" data-index=\"0\">\n<div class=\"container panel-widget-style panel-widget-style-for-2833-0-0-0\">\n<div class=\"so-widget-sow-editor so-widget-sow-editor-base\">\n<div class=\"siteorigin-widget-tinymce textwidget\">\n<div class=\"su-button-center\">\n<div id=\"pg-2717-0\" class=\"panel-grid panel-has-style\">\n<div class=\"siteorigin-panels-stretch panel-row-style panel-row-style-for-2717-0\" data-stretch-type=\"full\">\n<div id=\"pgc-2717-0-0\" class=\"panel-grid-cell\">\n<div id=\"panel-2717-0-0-0\" class=\"so-panel widget widget_sow-editor panel-first-child panel-last-child\" data-index=\"0\">\n<div class=\"container wow fadeInUp panel-widget-style panel-widget-style-for-2717-0-0-0\">\n<div class=\"so-widget-sow-editor so-widget-sow-editor-base\">\n<div class=\"siteorigin-widget-tinymce textwidget\">\n<h1 class=\"animated fadeInUp\">Folienpr\u00fcfger\u00e4t FGP1.1<\/h1>\n<\/div>\n<\/div>\n<\/div>\n<\/div>\n<\/div>\n<\/div>\n<\/div>\n<div id=\"pg-2717-1\" class=\"panel-grid panel-has-style\">\n<div class=\"container wow fadeIn siteorigin-panels-stretch panel-row-style panel-row-style-for-2717-1\" data-stretch-type=\"full\">\n<div id=\"pgc-2717-1-0\" class=\"panel-grid-cell\">\n<div id=\"panel-2717-1-0-0\" class=\"so-panel widget widget_sow-editor panel-first-child panel-last-child\" data-index=\"1\">\n<div class=\"so-widget-sow-editor so-widget-sow-editor-base\">\n<div class=\"siteorigin-widget-tinymce textwidget\">\n<p>&nbsp;<\/p>\n<\/div>\n<\/div>\n<\/div>\n<\/div>\n<\/div>\n<\/div>\n<\/div>\n<\/div>\n<\/div>\n<\/div>\n<\/div>\n<\/div>\n<\/div>\n<\/div>\n<div id=\"pg-2833-1\" class=\"panel-grid panel-has-style\">\n<div class=\"siteorigin-panels-stretch panel-row-style panel-row-style-for-2833-1\" data-stretch-type=\"full-stretched\">\n<div id=\"pgc-2833-1-0\" class=\"panel-grid-cell\">\n<div id=\"panel-2833-1-0-0\" class=\"so-panel widget widget_sow-editor panel-first-child panel-last-child\" data-index=\"1\">\n<div class=\"so-widget-sow-editor so-widget-sow-editor-base\">\n<div class=\"siteorigin-widget-tinymce textwidget\">\n<p>&nbsp;<\/p>\n<\/div>\n<\/div>\n<\/div>\n<\/div>\n<\/div>\n<\/div>\n<p>[\/et_pb_text][et_pb_testimonial author=&#8220;FOIL TESTING DEVICE FPG1.1&#8243; portrait_url=&#8220;https:\/\/mesa-international.de\/wp-content\/uploads\/2022\/11\/FPG-1.1-300&#215;300-1.png&#8220; quote_icon=&#8220;off&#8220; _builder_version=&#8220;4.16&#8243; _module_preset=&#8220;default&#8220; border_radii=&#8220;on|15px|15px|15px|15px&#8220; global_colors_info=&#8220;{}&#8220; theme_builder_area=&#8220;post_content&#8220;]<\/p>\n<h4 class=\"text-center\"><b>VORTEILE:\u00a0<\/b><\/h4>\n<ul>\n<li>Anzahl der Folien wird vom Benutzer festgelegt<\/li>\n<li>Schnelle und zuverl\u00e4ssige Messung<\/li>\n<li>Neuer Algorithmus erkennt mechanische<br \/>Schwingungen und kompensiert diese<\/li>\n<li>Der Benutzer kann zwischen 5 \u201eFilteralgorithmen\u201c w\u00e4hlen, um das Folienpr\u00fcfger\u00e4t in \u201eLabor oder rauer<br \/>Umgebung\u201c zu nutzen<\/li>\n<li>Messgenauigkeit von 0.01[mg]<\/li>\n<li>Direkte Anzeige in %C und [mg]<\/li>\n<li>Portables Analysesystem<\/li>\n<li>Klartext Bedienerf\u00fchrung \u00fcber Display<\/li>\n<li>Folienwaage kann ohne PC oder mit PC<br \/>Verbindung betrieben werden<\/li>\n<\/ul>\n<p>[\/et_pb_testimonial][\/et_pb_column][et_pb_column type=&#8220;1_2&#8243; _builder_version=&#8220;4.16&#8243; _module_preset=&#8220;default&#8220; custom_padding=&#8220;|||&#8220; global_colors_info=&#8220;{}&#8220; custom_padding__hover=&#8220;|||&#8220; theme_builder_area=&#8220;post_content&#8220;][et_pb_image src=&#8220;https:\/\/mesa-international.de\/wp-content\/uploads\/2020\/12\/FPG-1.1-300&#215;300-1-5.png&#8220; title_text=&#8220;FOIL TESTING DEVICE FPG1.1&#8243; _builder_version=&#8220;4.19.2&#8243; _module_preset=&#8220;default&#8220; transform_scale=&#8220;113%|113%&#8220; transform_scale_tablet=&#8220;116%|116%&#8220; transform_scale_phone=&#8220;80%|80%&#8220; transform_scale_last_edited=&#8220;off|desktop&#8220; transform_translate_tablet=&#8220;30vw|-24vw&#8220; transform_translate_phone=&#8220;0vw|-15vw&#8220; transform_translate_last_edited=&#8220;off|desktop&#8220; transform_rotate_last_edited=&#8220;off|desktop&#8220; transform_skew_last_edited=&#8220;off|desktop&#8220; transform_origin_last_edited=&#8220;off|desktop&#8220; transform_styles_last_edited=&#8220;off|desktop&#8220; position_origin_f=&#8220;bottom_center&#8220; width=&#8220;100%&#8220; max_width=&#8220;480px&#8220; custom_margin=&#8220;132px|||||&#8220; animation_direction=&#8220;bottom&#8220; hover_enabled=&#8220;0&#8243; always_center_on_mobile=&#8220;off&#8220; global_colors_info=&#8220;{}&#8220; transform_styles__hover_enabled=&#8220;on|hover&#8220; transform_scale__hover_enabled=&#8220;on|hover&#8220; transform_translate__hover_enabled=&#8220;on|desktop&#8220; transform_rotate__hover_enabled=&#8220;on|desktop&#8220; transform_skew__hover_enabled=&#8220;on|desktop&#8220; transform_origin__hover_enabled=&#8220;on|desktop&#8220; transform_scale__hover=&#8220;145%|145%&#8220; transform_rotate__hover=&#8220;0deg|0deg|13deg&#8220; theme_builder_area=&#8220;post_content&#8220; alt=&#8220;FOIL TESTING DEVICE FPG1.1&#8243; sticky_enabled=&#8220;0&#8243;][\/et_pb_image][et_pb_button button_url=&#8220;https:\/\/mesa-international.de\/wp-content\/uploads\/2021\/06\/FPG-1.1-T400-DB-DE-v2.5-01-2021-1-3.pdf&#8220; url_new_window=&#8220;on&#8220; button_text=&#8220;Datneblatt herunterladen \/ Download in PDF format&#8220; _builder_version=&#8220;4.19.2&#8243; _module_preset=&#8220;default&#8220; custom_button=&#8220;on&#8220; button_text_size=&#8220;14px&#8220; button_text_color=&#8220;#ffffff&#8220; button_bg_color=&#8220;#e02b20&#8243; button_border_width=&#8220;0px&#8220; button_border_radius=&#8220;15px&#8220; button_font=&#8220;|700|||||||&#8220; hover_enabled=&#8220;0&#8243; global_colors_info=&#8220;{}&#8220; theme_builder_area=&#8220;post_content&#8220; sticky_enabled=&#8220;0&#8243;][\/et_pb_button][\/et_pb_column][\/et_pb_row][et_pb_row border_radii=&#8220;on|15px|15px|15px|15px&#8220; column_structure=&#8220;1_2,1_2&#8243; _builder_version=&#8220;4.16&#8243; _module_preset=&#8220;6c3a0a00-1305-4794-b9e5-b5c7ed3e1867&#8243; global_colors_info=&#8220;{}&#8220; theme_builder_area=&#8220;post_content&#8220;][et_pb_column type=&#8220;1_2&#8243; _builder_version=&#8220;4.16&#8243; _module_preset=&#8220;default&#8220; global_colors_info=&#8220;{}&#8220; theme_builder_area=&#8220;post_content&#8220;][et_pb_text _builder_version=&#8220;4.16&#8243; _module_preset=&#8220;default&#8220; header_font=&#8220;Archivo|700|||||||&#8220; header_4_font=&#8220;Archivo|700|||||||&#8220; header_4_text_color=&#8220;#353535&#8243; global_colors_info=&#8220;{}&#8220; theme_builder_area=&#8220;post_content&#8220;]<\/p>\n<div id=\"panel-2745-2-0-0\" class=\"so-panel widget widget_sow-editor panel-first-child\" data-index=\"3\">\n<div class=\"panel-widget-style panel-widget-style-for-2745-2-0-0\">\n<div class=\"so-widget-sow-editor so-widget-sow-editor-base\">\n<div class=\"siteorigin-widget-tinymce textwidget\">\n<div id=\"pgc-2717-2-0\" class=\"panel-grid-cell\">\n<div id=\"panel-2717-2-0-0\" class=\"so-panel widget widget_sow-editor panel-first-child panel-last-child\" data-index=\"3\">\n<div class=\"panel-widget-style panel-widget-style-for-2717-2-0-0\">\n<div class=\"so-widget-sow-editor so-widget-sow-editor-base\">\n<div class=\"siteorigin-widget-tinymce textwidget\">\n<div id=\"pgc-2719-3-0\" class=\"panel-grid-cell\">\n<div id=\"panel-2719-3-0-0\" class=\"so-panel widget widget_sow-editor panel-first-child panel-last-child\" data-index=\"5\">\n<div class=\"panel-widget-style panel-widget-style-for-2719-3-0-0\">\n<div class=\"so-widget-sow-editor so-widget-sow-editor-base\">\n<div class=\"siteorigin-widget-tinymce textwidget\">\n<div id=\"panel-1115-2-0-0\" class=\"so-panel widget widget_sow-editor panel-first-child\" data-index=\"3\">\n<div class=\"panel-widget-style panel-widget-style-for-1115-2-0-0\">\n<div class=\"so-widget-sow-editor so-widget-sow-editor-base\">\n<div class=\"siteorigin-widget-tinymce textwidget\">\n<div class=\"et_pb_column et_pb_column_1_2 et_pb_column_2  et_pb_css_mix_blend_mode_passthrough\">\n<div class=\"et_pb_module et_pb_text et_pb_text_1  et_pb_text_align_left et_pb_bg_layout_light\">\n<div class=\"et_pb_text_inner\">\n<div id=\"panel-1115-2-0-0\" class=\"so-panel widget widget_sow-editor panel-first-child\" data-index=\"3\">\n<div class=\"panel-widget-style panel-widget-style-for-1115-2-0-0\">\n<div class=\"so-widget-sow-editor so-widget-sow-editor-base\">\n<div class=\"siteorigin-widget-tinymce textwidget\">\n<h4>FUNKTIONSPRINZIP<\/h4>\n<p>Mit dem Folienpr\u00fcfger\u00e4t FPG 1.1 k\u00f6nnen Sie den C-Gehalt in Ofenatmosph\u00e4ren mit Hilfe von Testfolien sofort bestimmen und anzeigen. Zus\u00e4tzliche Berechnungen, die die Differenz im Gewicht der Folien wiedergeben, sind nicht notwendig! Jeder Schritt wird auf der Terminal Anzeige klar aufgezeigt, um das Ger\u00e4t fehlerfrei betreiben zu k\u00f6nnen<\/p>\n<\/div>\n<\/div>\n<\/div>\n<\/div>\n<div id=\"panel-1115-2-0-1\" class=\"so-panel widget widget_sow-editor panel-last-child\" data-index=\"4\">\n<div class=\"panel-widget-style panel-widget-style-for-1115-2-0-1\">\n<div class=\"so-widget-sow-editor so-widget-sow-editor-base\">\n<div class=\"siteorigin-widget-tinymce textwidget\">\n<h4>\u00a0<\/h4>\n<h4>BESONDERHEITEN<\/h4>\n<ul class=\"list-group\">\n<li class=\"list-group-item\">Schnelle problemlose Bestimmung von Kohlenstoffpegel Istwerten in Ofen- atmosph\u00e4ren<\/li>\n<li class=\"list-group-item\">Einfache Bedienung \u00fcber Klartext Men\u00fc- f\u00fchrung in folgenden Sprachen: Deutsch, Englisch, Italienisch, Franz\u00f6sisch, Spa- nisch, Portugiesisch und Tschechisch<\/li>\n<li class=\"list-group-item\">Automatische und schnelle Anzeige des Gewichtsanteils Kohlenstoff in der Ofen- atmosph\u00e4re in %C<\/li>\n<li class=\"list-group-item\">Verschiedene Folien gleichzeitig pr\u00fcfbar<\/li>\n<li class=\"list-group-item\">Automatischer Kalibrierzyklus<\/li>\n<li class=\"list-group-item\">Speicherung der Daten<\/li>\n<li class=\"list-group-item\">Komplett mit Grundzubeh\u00f6r<\/li>\n<\/ul>\n<\/div>\n<\/div>\n<\/div>\n<\/div>\n<\/div>\n<\/div>\n<\/div>\n<div class=\"et_pb_column et_pb_column_1_2 et_pb_column_3  et_pb_css_mix_blend_mode_passthrough et-last-child\">\n<div class=\"et_pb_module et_pb_text et_pb_text_2  et_pb_text_align_left et_pb_bg_layout_light\">\n<div class=\"et_pb_text_inner\">\u00a0<\/div>\n<\/div>\n<\/div>\n<\/div>\n<\/div>\n<\/div>\n<\/div>\n<\/div>\n<\/div>\n<\/div>\n<\/div>\n<\/div>\n<\/div>\n<\/div>\n<\/div>\n<\/div>\n<\/div>\n<\/div>\n<\/div>\n<\/div>\n<\/div>\n<p>[\/et_pb_text][\/et_pb_column][et_pb_column type=&#8220;1_2&#8243; _builder_version=&#8220;4.16&#8243; _module_preset=&#8220;default&#8220; global_colors_info=&#8220;{}&#8220; theme_builder_area=&#8220;post_content&#8220;][et_pb_text _builder_version=&#8220;4.16&#8243; _module_preset=&#8220;default&#8220; header_font=&#8220;Archivo|700|||||||&#8220; header_4_font=&#8220;Archivo|700|||||||&#8220; header_4_text_color=&#8220;#353535&#8243; custom_margin=&#8220;3px|||-14px||&#8220; global_colors_info=&#8220;{}&#8220; theme_builder_area=&#8220;post_content&#8220;]<\/p>\n<div id=\"pgc-2959-3-0\" class=\"panel-grid-cell\">\n<div id=\"panel-2959-3-0-0\" class=\"so-panel widget widget_sow-editor panel-first-child panel-last-child\" data-index=\"5\">\n<div class=\"panel-widget-style panel-widget-style-for-2959-3-0-0\">\n<div class=\"so-widget-sow-editor so-widget-sow-editor-base\">\n<div class=\"siteorigin-widget-tinymce textwidget\">\n<h4>TECHNISCHE DATEN<\/h4>\n<div class=\"su-table su-table-alternate\">\n<p>&nbsp;<\/p>\n<table class=\"table \">\n<thead><\/thead>\n<tbody>\n<tr>\n<th scope=\"row\">Bauform:<\/th>\n<td>Tischgeh\u00e4use<\/td>\n<\/tr>\n<tr>\n<th scope=\"row\">Gewicht:<\/th>\n<td>10,25 kg<\/td>\n<\/tr>\n<tr>\n<th scope=\"row\">Hilfsspannung:<\/th>\n<td>85-264 VAC \u2013 50-60 Hz<\/td>\n<\/tr>\n<tr>\n<th scope=\"row\">Messgenauigkeit:<\/th>\n<td>0,01 [mg]<\/td>\n<\/tr>\n<tr>\n<th scope=\"row\">Messbereich:<\/th>\n<td>90 [mg] bis 120 [mg] 0.01\u20261.99 %C<\/td>\n<\/tr>\n<tr>\n<th scope=\"row\">Foliengrundgewicht:<\/th>\n<td>In %C<\/td>\n<\/tr>\n<tr>\n<th scope=\"row\">Bedienung:<\/th>\n<td>Men\u00fcf\u00fchrung via Terminal<\/td>\n<\/tr>\n<tr>\n<th scope=\"row\">Abmessungen:<\/th>\n<td>200x225x395 mm (BxHxT)<\/td>\n<\/tr>\n<tr>\n<th scope=\"row\">Schutzart:<\/th>\n<td>IP 54 nach DIN 40050<\/td>\n<\/tr>\n<tr>\n<th scope=\"row\">Energieverbrauch:<\/th>\n<td>Max. 15 W<\/td>\n<\/tr>\n<tr>\n<th scope=\"row\">Aufl\u00f6sung:<\/th>\n<td>0.001 %C<\/td>\n<\/tr>\n<tr>\n<th scope=\"row\">Klima Konditionen:<\/th>\n<td>10\u202640 \u00b0C<br \/>5\u202695 % relative Feuchte, betauungsfrei<\/td>\n<\/tr>\n<tr>\n<th scope=\"row\">Anzeige:<\/th>\n<td>Display mit 4\u00d716 Zeichen<\/td>\n<\/tr>\n<tr>\n<th scope=\"row\">Dauer der Folienanalyse:<\/th>\n<td>Ca. 15 s<\/td>\n<\/tr>\n<\/tbody>\n<\/table>\n<\/div>\n<\/div>\n<\/div>\n<\/div>\n<\/div>\n<\/div>\n<p>[\/et_pb_text][\/et_pb_column][\/et_pb_row][et_pb_row border_radii=&#8220;on|15px|15px|15px|15px&#8220; _builder_version=&#8220;4.16&#8243; _module_preset=&#8220;6c3a0a00-1305-4794-b9e5-b5c7ed3e1867&#8243; global_colors_info=&#8220;{}&#8220; theme_builder_area=&#8220;post_content&#8220;][et_pb_column type=&#8220;4_4&#8243; _builder_version=&#8220;4.16&#8243; _module_preset=&#8220;default&#8220; global_colors_info=&#8220;{}&#8220; theme_builder_area=&#8220;post_content&#8220;][et_pb_text _builder_version=&#8220;4.16&#8243; _module_preset=&#8220;default&#8220; global_colors_info=&#8220;{}&#8220; theme_builder_area=&#8220;post_content&#8220;]<\/p>\n<h4>EQUIPMENT<\/h4>\n<table class=\"table table-condensed\">\n<tbody>\n<tr>\n<td>Calibration weight 95mg with case<\/td>\n<td>Item number<\/td>\n<td>100-0501<\/td>\n<\/tr>\n<tr>\n<td>Test foils<\/td>\n<td>Item number<\/td>\n<td>630-0202<\/td>\n<\/tr>\n<tr>\n<td>Antistatic Tweezers<\/td>\n<td>Item number<\/td>\n<td>370-1010<\/td>\n<\/tr>\n<tr>\n<td>Round wood<\/td>\n<td>Item number<\/td>\n<td>100-0601<\/td>\n<\/tr>\n<tr>\n<td>Acetone container<\/td>\n<td>Item number<\/td>\n<td>380-0010<\/td>\n<\/tr>\n<\/tbody>\n<\/table>\n<p>[\/et_pb_text][\/et_pb_column][\/et_pb_row][\/et_pb_section]<\/p>\n","protected":false},"excerpt":{"rendered":"<p>Mit dem Folienpr\u00fcfger\u00e4t FPG 1.1 k\u00f6nnen Sie den C-Gehalt in Ofenatmosph\u00e4ren mit Hilfe von Testfolien sofort bestimmen und anzeigen. Zus\u00e4tzliche Berechnungen, die die Differenz im Gewicht der Folien wiedergeben, sind nicht notwendig! Jeder Schritt wird auf der Terminal Anzeige klar aufgezeigt, um das Ger\u00e4t fehlerfrei betreiben zu k\u00f6nne<\/p>\n","protected":false},"author":5,"featured_media":239770,"parent":0,"menu_order":0,"comment_status":"closed","ping_status":"closed","template":"","meta":{"_acf_changed":false,"content-type":"","footnotes":""},"categories":[],"tags":[],"class_list":["post-239765","page","type-page","status-publish","has-post-thumbnail","hentry"],"acf":[],"yoast_head":"<!-- This site is optimized with the Yoast SEO plugin v27.5 - https:\/\/yoast.com\/product\/yoast-seo-wordpress\/ -->\n<title>FGP1.1Folienpr\u00fcfger\u00e4t - www.mesa-international.de<\/title>\n<meta name=\"description\" content=\"Mit dem Folienpr\u00fcfger\u00e4t FPG 1.1 k\u00f6nnen Sie den C-Gehalt in Ofenatmosph\u00e4ren mit Hilfe von Testfolien sofort bestimmen und anzeigen.\" \/>\n<meta name=\"robots\" content=\"index, follow, max-snippet:-1, max-image-preview:large, max-video-preview:-1\" \/>\n<link rel=\"canonical\" href=\"https:\/\/mesa-international.de\/de\/fgp1-1folienpruefgeraet\/\" \/>\n<meta property=\"og:locale\" content=\"de_DE\" \/>\n<meta property=\"og:type\" content=\"article\" \/>\n<meta property=\"og:title\" content=\"FGP1.1Folienpr\u00fcfger\u00e4t - www.mesa-international.de\" \/>\n<meta property=\"og:description\" content=\"Mit dem Folienpr\u00fcfger\u00e4t FPG 1.1 k\u00f6nnen Sie den C-Gehalt in Ofenatmosph\u00e4ren mit Hilfe von Testfolien sofort bestimmen und anzeigen.\" \/>\n<meta property=\"og:url\" content=\"https:\/\/mesa-international.de\/de\/fgp1-1folienpruefgeraet\/\" \/>\n<meta property=\"og:site_name\" content=\"www.mesa-international.de\" \/>\n<meta property=\"article:modified_time\" content=\"2022-12-07T12:40:21+00:00\" \/>\n<meta property=\"og:image\" content=\"https:\/\/mesa-international.de\/wp-content\/uploads\/2022\/11\/FPG-1.1-300x300-1.png\" \/>\n\t<meta property=\"og:image:width\" content=\"300\" \/>\n\t<meta property=\"og:image:height\" content=\"300\" \/>\n\t<meta property=\"og:image:type\" content=\"image\/png\" \/>\n<meta name=\"twitter:card\" content=\"summary_large_image\" \/>\n<meta name=\"twitter:label1\" content=\"Gesch\u00e4tzte Lesezeit\" \/>\n\t<meta name=\"twitter:data1\" content=\"5\u00a0Minuten\" \/>\n<script type=\"application\/ld+json\" class=\"yoast-schema-graph\">{\"@context\":\"https:\\\/\\\/schema.org\",\"@graph\":[{\"@type\":\"WebPage\",\"@id\":\"https:\\\/\\\/mesa-international.de\\\/de\\\/fgp1-1folienpruefgeraet\\\/\",\"url\":\"https:\\\/\\\/mesa-international.de\\\/de\\\/fgp1-1folienpruefgeraet\\\/\",\"name\":\"FGP1.1Folienpr\u00fcfger\u00e4t - www.mesa-international.de\",\"isPartOf\":{\"@id\":\"https:\\\/\\\/mesa-international.de\\\/de\\\/#website\"},\"primaryImageOfPage\":{\"@id\":\"https:\\\/\\\/mesa-international.de\\\/de\\\/fgp1-1folienpruefgeraet\\\/#primaryimage\"},\"image\":{\"@id\":\"https:\\\/\\\/mesa-international.de\\\/de\\\/fgp1-1folienpruefgeraet\\\/#primaryimage\"},\"thumbnailUrl\":\"https:\\\/\\\/mesa-international.de\\\/wp-content\\\/uploads\\\/2022\\\/11\\\/FPG-1.1-300x300-1.png\",\"datePublished\":\"2021-01-01T16:45:41+00:00\",\"dateModified\":\"2022-12-07T12:40:21+00:00\",\"description\":\"Mit dem Folienpr\u00fcfger\u00e4t FPG 1.1 k\u00f6nnen Sie den C-Gehalt in Ofenatmosph\u00e4ren mit Hilfe von Testfolien sofort bestimmen und anzeigen.\",\"inLanguage\":\"de\",\"potentialAction\":[{\"@type\":\"ReadAction\",\"target\":[\"https:\\\/\\\/mesa-international.de\\\/de\\\/fgp1-1folienpruefgeraet\\\/\"]}]},{\"@type\":\"ImageObject\",\"inLanguage\":\"de\",\"@id\":\"https:\\\/\\\/mesa-international.de\\\/de\\\/fgp1-1folienpruefgeraet\\\/#primaryimage\",\"url\":\"https:\\\/\\\/mesa-international.de\\\/wp-content\\\/uploads\\\/2022\\\/11\\\/FPG-1.1-300x300-1.png\",\"contentUrl\":\"https:\\\/\\\/mesa-international.de\\\/wp-content\\\/uploads\\\/2022\\\/11\\\/FPG-1.1-300x300-1.png\",\"width\":300,\"height\":300},{\"@type\":\"WebSite\",\"@id\":\"https:\\\/\\\/mesa-international.de\\\/de\\\/#website\",\"url\":\"https:\\\/\\\/mesa-international.de\\\/de\\\/\",\"name\":\"www.mesa-international.de\",\"description\":\"Mesa Electronics Gmbh\",\"publisher\":{\"@id\":\"https:\\\/\\\/mesa-international.de\\\/de\\\/#organization\"},\"potentialAction\":[{\"@type\":\"SearchAction\",\"target\":{\"@type\":\"EntryPoint\",\"urlTemplate\":\"https:\\\/\\\/mesa-international.de\\\/de\\\/?s={search_term_string}\"},\"query-input\":{\"@type\":\"PropertyValueSpecification\",\"valueRequired\":true,\"valueName\":\"search_term_string\"}}],\"inLanguage\":\"de\"},{\"@type\":\"Organization\",\"@id\":\"https:\\\/\\\/mesa-international.de\\\/de\\\/#organization\",\"name\":\"www.mesa-international.de\",\"url\":\"https:\\\/\\\/mesa-international.de\\\/de\\\/\",\"logo\":{\"@type\":\"ImageObject\",\"inLanguage\":\"de\",\"@id\":\"https:\\\/\\\/mesa-international.de\\\/de\\\/#\\\/schema\\\/logo\\\/image\\\/\",\"url\":\"https:\\\/\\\/mesa-international.de\\\/wp-content\\\/uploads\\\/2022\\\/11\\\/sadsaca.png\",\"contentUrl\":\"https:\\\/\\\/mesa-international.de\\\/wp-content\\\/uploads\\\/2022\\\/11\\\/sadsaca.png\",\"width\":173,\"height\":107,\"caption\":\"www.mesa-international.de\"},\"image\":{\"@id\":\"https:\\\/\\\/mesa-international.de\\\/de\\\/#\\\/schema\\\/logo\\\/image\\\/\"},\"sameAs\":[\"https:\\\/\\\/www.linkedin.com\\\/company\\\/mesa-electronic-gmbh\\\/\"]}]}<\/script>\n<!-- \/ Yoast SEO plugin. -->","yoast_head_json":{"title":"FGP1.1Folienpr\u00fcfger\u00e4t - www.mesa-international.de","description":"Mit dem Folienpr\u00fcfger\u00e4t FPG 1.1 k\u00f6nnen Sie den C-Gehalt in Ofenatmosph\u00e4ren mit Hilfe von Testfolien sofort bestimmen und anzeigen.","robots":{"index":"index","follow":"follow","max-snippet":"max-snippet:-1","max-image-preview":"max-image-preview:large","max-video-preview":"max-video-preview:-1"},"canonical":"https:\/\/mesa-international.de\/de\/fgp1-1folienpruefgeraet\/","og_locale":"de_DE","og_type":"article","og_title":"FGP1.1Folienpr\u00fcfger\u00e4t - www.mesa-international.de","og_description":"Mit dem Folienpr\u00fcfger\u00e4t FPG 1.1 k\u00f6nnen Sie den C-Gehalt in Ofenatmosph\u00e4ren mit Hilfe von Testfolien sofort bestimmen und anzeigen.","og_url":"https:\/\/mesa-international.de\/de\/fgp1-1folienpruefgeraet\/","og_site_name":"www.mesa-international.de","article_modified_time":"2022-12-07T12:40:21+00:00","og_image":[{"width":300,"height":300,"url":"https:\/\/mesa-international.de\/wp-content\/uploads\/2022\/11\/FPG-1.1-300x300-1.png","type":"image\/png"}],"twitter_card":"summary_large_image","twitter_misc":{"Gesch\u00e4tzte Lesezeit":"5\u00a0Minuten"},"schema":{"@context":"https:\/\/schema.org","@graph":[{"@type":"WebPage","@id":"https:\/\/mesa-international.de\/de\/fgp1-1folienpruefgeraet\/","url":"https:\/\/mesa-international.de\/de\/fgp1-1folienpruefgeraet\/","name":"FGP1.1Folienpr\u00fcfger\u00e4t - www.mesa-international.de","isPartOf":{"@id":"https:\/\/mesa-international.de\/de\/#website"},"primaryImageOfPage":{"@id":"https:\/\/mesa-international.de\/de\/fgp1-1folienpruefgeraet\/#primaryimage"},"image":{"@id":"https:\/\/mesa-international.de\/de\/fgp1-1folienpruefgeraet\/#primaryimage"},"thumbnailUrl":"https:\/\/mesa-international.de\/wp-content\/uploads\/2022\/11\/FPG-1.1-300x300-1.png","datePublished":"2021-01-01T16:45:41+00:00","dateModified":"2022-12-07T12:40:21+00:00","description":"Mit dem Folienpr\u00fcfger\u00e4t FPG 1.1 k\u00f6nnen Sie den C-Gehalt in Ofenatmosph\u00e4ren mit Hilfe von Testfolien sofort bestimmen und anzeigen.","inLanguage":"de","potentialAction":[{"@type":"ReadAction","target":["https:\/\/mesa-international.de\/de\/fgp1-1folienpruefgeraet\/"]}]},{"@type":"ImageObject","inLanguage":"de","@id":"https:\/\/mesa-international.de\/de\/fgp1-1folienpruefgeraet\/#primaryimage","url":"https:\/\/mesa-international.de\/wp-content\/uploads\/2022\/11\/FPG-1.1-300x300-1.png","contentUrl":"https:\/\/mesa-international.de\/wp-content\/uploads\/2022\/11\/FPG-1.1-300x300-1.png","width":300,"height":300},{"@type":"WebSite","@id":"https:\/\/mesa-international.de\/de\/#website","url":"https:\/\/mesa-international.de\/de\/","name":"www.mesa-international.de","description":"Mesa Electronics Gmbh","publisher":{"@id":"https:\/\/mesa-international.de\/de\/#organization"},"potentialAction":[{"@type":"SearchAction","target":{"@type":"EntryPoint","urlTemplate":"https:\/\/mesa-international.de\/de\/?s={search_term_string}"},"query-input":{"@type":"PropertyValueSpecification","valueRequired":true,"valueName":"search_term_string"}}],"inLanguage":"de"},{"@type":"Organization","@id":"https:\/\/mesa-international.de\/de\/#organization","name":"www.mesa-international.de","url":"https:\/\/mesa-international.de\/de\/","logo":{"@type":"ImageObject","inLanguage":"de","@id":"https:\/\/mesa-international.de\/de\/#\/schema\/logo\/image\/","url":"https:\/\/mesa-international.de\/wp-content\/uploads\/2022\/11\/sadsaca.png","contentUrl":"https:\/\/mesa-international.de\/wp-content\/uploads\/2022\/11\/sadsaca.png","width":173,"height":107,"caption":"www.mesa-international.de"},"image":{"@id":"https:\/\/mesa-international.de\/de\/#\/schema\/logo\/image\/"},"sameAs":["https:\/\/www.linkedin.com\/company\/mesa-electronic-gmbh\/"]}]}},"_links":{"self":[{"href":"https:\/\/mesa-international.de\/de\/wp-json\/wp\/v2\/pages\/239765","targetHints":{"allow":["GET"]}}],"collection":[{"href":"https:\/\/mesa-international.de\/de\/wp-json\/wp\/v2\/pages"}],"about":[{"href":"https:\/\/mesa-international.de\/de\/wp-json\/wp\/v2\/types\/page"}],"author":[{"embeddable":true,"href":"https:\/\/mesa-international.de\/de\/wp-json\/wp\/v2\/users\/5"}],"replies":[{"embeddable":true,"href":"https:\/\/mesa-international.de\/de\/wp-json\/wp\/v2\/comments?post=239765"}],"version-history":[{"count":0,"href":"https:\/\/mesa-international.de\/de\/wp-json\/wp\/v2\/pages\/239765\/revisions"}],"wp:featuredmedia":[{"embeddable":true,"href":"https:\/\/mesa-international.de\/de\/wp-json\/wp\/v2\/media\/239770"}],"wp:attachment":[{"href":"https:\/\/mesa-international.de\/de\/wp-json\/wp\/v2\/media?parent=239765"}],"wp:term":[{"taxonomy":"category","embeddable":true,"href":"https:\/\/mesa-international.de\/de\/wp-json\/wp\/v2\/categories?post=239765"},{"taxonomy":"post_tag","embeddable":true,"href":"https:\/\/mesa-international.de\/de\/wp-json\/wp\/v2\/tags?post=239765"}],"curies":[{"name":"wp","href":"https:\/\/api.w.org\/{rel}","templated":true}]}}