{"id":239733,"date":"2021-06-25T15:13:08","date_gmt":"2021-06-25T15:13:08","guid":{"rendered":"https:\/\/bold-lamport.87-106-169-145.plesk.page\/?page_id=239733"},"modified":"2022-12-05T21:12:49","modified_gmt":"2022-12-05T21:12:49","slug":"c-pegel-rechner-mcon-carbo-16-and-48","status":"publish","type":"page","link":"https:\/\/mesa-international.de\/de\/c-pegel-rechner-mcon-carbo-16-and-48\/","title":{"rendered":"C-Pegel Rechner MCON Carbo 16 and 48"},"content":{"rendered":"<p>[et_pb_section fb_built=&#8220;1&#8243; admin_label=&#8220;Header&#8220; _builder_version=&#8220;4.19.2&#8243; background_color_gradient_direction=&#8220;80deg&#8220; background_image=&#8220;https:\/\/mesa-international.de\/wp-content\/uploads\/2022\/02\/MESA-Eletronic-GmbH-scaled-2-2.jpg&#8220; parallax=&#8220;on&#8220; parallax_method=&#8220;off&#8220; positioning=&#8220;none&#8220; overflow-x=&#8220;hidden&#8220; custom_padding=&#8220;0px||0px||false|false&#8220; locked=&#8220;off&#8220; global_colors_info=&#8220;{}&#8220; title_text=&#8220;MESA-Eletronic-GmbH-scaled-2&#8243;][et_pb_row column_structure=&#8220;1_2,1_2&#8243; use_custom_gutter=&#8220;on&#8220; gutter_width=&#8220;4&#8243; _builder_version=&#8220;4.16&#8243; background_size=&#8220;contain&#8220; background_position=&#8220;bottom_center&#8220; max_width=&#8220;1280px&#8220; custom_margin=&#8220;-21px|auto|-3px|auto|false|false&#8220; custom_padding=&#8220;0px|||||&#8220; global_colors_info=&#8220;{}&#8220;][et_pb_column type=&#8220;1_2&#8243; _builder_version=&#8220;4.16&#8243; custom_padding=&#8220;40px|||&#8220; custom_padding_tablet=&#8220;0vw|||&#8220; global_colors_info=&#8220;{}&#8220; custom_padding__hover=&#8220;|||&#8220;][et_pb_text _builder_version=&#8220;4.16&#8243; _module_preset=&#8220;default&#8220; header_font=&#8220;Archivo|700|||||||&#8220; header_text_align=&#8220;left&#8220; header_font_size=&#8220;50px&#8220; global_colors_info=&#8220;{}&#8220;]<\/p>\n<div id=\"pg-2833-0\" class=\"panel-grid panel-has-style\">\n<div class=\"siteorigin-panels-stretch panel-row-style panel-row-style-for-2833-0\" data-stretch-type=\"full\">\n<div id=\"pgc-2833-0-0\" class=\"panel-grid-cell\">\n<div id=\"panel-2833-0-0-0\" class=\"so-panel widget widget_sow-editor panel-first-child panel-last-child\" data-index=\"0\">\n<div class=\"container panel-widget-style panel-widget-style-for-2833-0-0-0\">\n<div class=\"so-widget-sow-editor so-widget-sow-editor-base\">\n<div class=\"siteorigin-widget-tinymce textwidget\">\n<h1 style=\"text-align: left;\">C-Pegel Rechner MCON Carbo 16 and 48<\/h1>\n<p>&nbsp;<\/p>\n<div class=\"su-button-center\">\u00a0<\/div>\n<\/div>\n<\/div>\n<\/div>\n<\/div>\n<\/div>\n<\/div>\n<\/div>\n<div id=\"pg-2833-1\" class=\"panel-grid panel-has-style\">\n<div class=\"siteorigin-panels-stretch panel-row-style panel-row-style-for-2833-1\" data-stretch-type=\"full-stretched\">\n<div id=\"pgc-2833-1-0\" class=\"panel-grid-cell\">\n<div id=\"panel-2833-1-0-0\" class=\"so-panel widget widget_sow-editor panel-first-child panel-last-child\" data-index=\"1\">\n<div class=\"so-widget-sow-editor so-widget-sow-editor-base\">\n<div class=\"siteorigin-widget-tinymce textwidget\">\n<p>&nbsp;<\/p>\n<\/div>\n<\/div>\n<\/div>\n<\/div>\n<\/div>\n<\/div>\n<p>[\/et_pb_text][et_pb_testimonial author=&#8220;MCon Carbo 16-48&#8243; portrait_url=&#8220;https:\/\/mesa-international.de\/wp-content\/uploads\/2021\/06\/mc-carbo16-48-8.png&#8220; quote_icon=&#8220;off&#8220; _builder_version=&#8220;4.19.2&#8243; _module_preset=&#8220;default&#8220; hover_enabled=&#8220;0&#8243; border_radii=&#8220;on|15px|15px|15px|15px&#8220; global_colors_info=&#8220;{}&#8220; alt=&#8220;MCon Carbo 16-48&#8243; title_text=&#8220;mc-carbo16-48&#8243; sticky_enabled=&#8220;0&#8243;]<\/p>\n<div id=\"pgc-2940-2-0\" class=\"panel-grid-cell\">\n<div id=\"panel-2940-2-0-0\" class=\"so-panel widget widget_sow-editor panel-first-child panel-last-child\" data-index=\"3\">\n<div class=\"panel-widget-style panel-widget-style-for-2940-2-0-0\">\n<div class=\"so-widget-sow-editor so-widget-sow-editor-base\">\n<div class=\"siteorigin-widget-tinymce textwidget\">\n<div id=\"pgc-2940-2-0\" class=\"panel-grid-cell\">\n<div id=\"panel-2940-2-0-0\" class=\"so-panel widget widget_sow-editor panel-first-child panel-last-child\" data-index=\"3\">\n<div class=\"panel-widget-style panel-widget-style-for-2940-2-0-0\">\n<div class=\"so-widget-sow-editor so-widget-sow-editor-base\">\n<div class=\"siteorigin-widget-tinymce textwidget\">\n<h4><strong>Besonderheiten:<\/strong><\/h4>\n<ul>\n<li>Berechnung des C-Pegels aus dem Rest sauerstoffgehalt oder dem CO2-Gehalt der Ofenatmosph\u00e4re<\/li>\n<li>Arbeitet mit allen handels\u00fcblichen Thermo-elementen, Lambda- und O2-Sonden<\/li>\n<li>sowie anderen Gassensoren z.B. CO, CO2<\/li>\n<li>C-Pegel Korrektur mit Hilfe von Folienproben<\/li>\n<li>Farb-TFT-Touch-screen Display mit zus\u00e4tzlicher Tastatur<\/li>\n<li>Mehrbenutzer-Zugang mit Benutzernamen, Kennw\u00f6rtern und Zugriffsebenen<\/li>\n<li>Isolierte Analogeing\u00e4nge<\/li>\n<li>Stromversorgung 115 oder 220V 50\/60Hz oder 24V<\/li>\n<li>Optional: Profibus, Modbus and \u201cMESA Legacy\u201d Protokolle<\/li>\n<\/ul>\n<\/div>\n<\/div>\n<\/div>\n<\/div>\n<\/div>\n<\/div>\n<\/div>\n<\/div>\n<\/div>\n<\/div>\n<p>[\/et_pb_testimonial][et_pb_text _builder_version=&#8220;4.16&#8243; _module_preset=&#8220;default&#8220; header_font=&#8220;Archivo|700|||||||&#8220; header_4_font=&#8220;Archivo|700|||||||&#8220; header_4_text_color=&#8220;#353535&#8243; global_colors_info=&#8220;{}&#8220;]<\/p>\n<h4><strong>Funktionsprinzip:<\/strong><\/h4>\n<p>Der MCon Carbo 48 und 16 ist ein neuer und moderner Rechner von Aufkohlungsprozessen in W\u00e4rmebehandlungsanlagen.<br \/>Dazu kann der neue Rechner noch als Grafikschreiber alle gemessenen Daten aufnehmen.<br \/>Das Ger\u00e4t verrechnet die Eingangssignale und gibt die gew\u00fcnschte Ausgangsgr\u00f6\u00dfe als Spannungssignal und \/ oder<br \/>Stromsignal aus.<br \/>Es k\u00f6nnen alle handels\u00fcblichen Thermoelemente, Lambda- und Sauerstoffsonden sowie Gas-sensoren, z.B. CO, CO2,<br \/>an den MCon Carbo 48 and 16 angeschlossen werden.<br \/>Es gibt bis zu 5 analoge Alarme. Jeder Alarm kann so konfiguriert werden, dass er analoge Eing\u00e4nge oder berechnete Werte<br \/>\u00fcberwacht, und er kann dedizierte digitale Ausg\u00e4nge f\u00fcr einige Fehler \/ unregelm\u00e4\u00dfige Werte aktivieren.<br \/>Benutzerkonten mit Passwortschutz verbessern zudem die Sicherheit f\u00fcr die Bedienung durch Sperren von Zugriffsebenen,<br \/>Parametern und Funktionen je nach Benutzerprivilegien.<\/p>\n<p>[\/et_pb_text][\/et_pb_column][et_pb_column type=&#8220;1_2&#8243; _builder_version=&#8220;4.16&#8243; custom_padding=&#8220;|||&#8220; global_colors_info=&#8220;{}&#8220; custom_padding__hover=&#8220;|||&#8220;][et_pb_image src=&#8220;https:\/\/mesa-international.de\/wp-content\/uploads\/2021\/06\/mc-carbo16-48-8.png&#8220; title_text=&#8220;mc-carbo16-48&#8243; _builder_version=&#8220;4.19.2&#8243; transform_scale=&#8220;113%|113%&#8220; transform_scale_tablet=&#8220;116%|116%&#8220; transform_scale_phone=&#8220;80%|80%&#8220; transform_scale_last_edited=&#8220;off|desktop&#8220; transform_translate_tablet=&#8220;30vw|-24vw&#8220; transform_translate_phone=&#8220;0vw|-15vw&#8220; transform_translate_last_edited=&#8220;off|desktop&#8220; transform_rotate_last_edited=&#8220;off|desktop&#8220; transform_skew_last_edited=&#8220;off|desktop&#8220; transform_origin_last_edited=&#8220;off|desktop&#8220; transform_styles_last_edited=&#8220;off|desktop&#8220; position_origin_f=&#8220;bottom_center&#8220; width=&#8220;100%&#8220; max_width=&#8220;480px&#8220; custom_margin=&#8220;132px|||||&#8220; animation_direction=&#8220;bottom&#8220; hover_enabled=&#8220;0&#8243; always_center_on_mobile=&#8220;off&#8220; global_colors_info=&#8220;{}&#8220; transform_styles__hover_enabled=&#8220;on|hover&#8220; transform_scale__hover_enabled=&#8220;on|hover&#8220; transform_translate__hover_enabled=&#8220;on|desktop&#8220; transform_rotate__hover_enabled=&#8220;on|desktop&#8220; transform_skew__hover_enabled=&#8220;on|desktop&#8220; transform_origin__hover_enabled=&#8220;on|desktop&#8220; transform_scale__hover=&#8220;145%|145%&#8220; transform_rotate__hover=&#8220;0deg|0deg|13deg&#8220; sticky_enabled=&#8220;0&#8243; alt=&#8220;MCon Carbo 16-48&#8243;][\/et_pb_image][et_pb_button button_url=&#8220;https:\/\/mesa-international.de\/wp-content\/uploads\/2022\/12\/MCon-Carbo-16-48-DB-DE-v2-01-2020.pdf&#8220; url_new_window=&#8220;on&#8220; button_text=&#8220;Datanblatt herunterladen \/ Download in PDF format&#8220; _builder_version=&#8220;4.19.2&#8243; _module_preset=&#8220;default&#8220; custom_button=&#8220;on&#8220; button_text_size=&#8220;14px&#8220; button_text_color=&#8220;#ffffff&#8220; button_bg_color=&#8220;#e02b20&#8243; button_border_width=&#8220;0px&#8220; button_border_radius=&#8220;15px&#8220; button_font=&#8220;|700|||||||&#8220; hover_enabled=&#8220;0&#8243; global_colors_info=&#8220;{}&#8220; sticky_enabled=&#8220;0&#8243;][\/et_pb_button][et_pb_text _builder_version=&#8220;4.16&#8243; _module_preset=&#8220;default&#8220; header_font=&#8220;Archivo|700|||||||&#8220; header_4_font=&#8220;Archivo|700|||||||&#8220; header_4_text_color=&#8220;#353535&#8243; global_colors_info=&#8220;{}&#8220;]<\/p>\n<h4><strong>Vorteile:<\/strong><\/h4>\n<ul>\n<li>Kompatibel mit allen neuen MESA Ger\u00e4te<\/li>\n<li>Benutzerdefinierte Alarme<\/li>\n<li>Diagramm- und Balkenanzeige f\u00fcr eine \u00fcbersichtlichere Auswertung<\/li>\n<li>Isolierte RS485 \/ 422 Modbus-Schnittstelle, \u201eMESA Legacy\u201d<\/li>\n<li>Daten\u00fcbertragung und Firmware Update \u00fcber USB-Schnittstelle<\/li>\n<\/ul>\n<p>[\/et_pb_text][\/et_pb_column][\/et_pb_row][et_pb_row column_structure=&#8220;1_2,1_2&#8243; _builder_version=&#8220;4.16&#8243; _module_preset=&#8220;default&#8220; global_colors_info=&#8220;{}&#8220;][et_pb_column type=&#8220;1_2&#8243; _builder_version=&#8220;4.16&#8243; _module_preset=&#8220;default&#8220; global_colors_info=&#8220;{}&#8220;][et_pb_text _builder_version=&#8220;4.16&#8243; _module_preset=&#8220;default&#8220; header_font=&#8220;Archivo|700|||||||&#8220; header_4_font=&#8220;Archivo|700|||||||&#8220; header_4_text_color=&#8220;#353535&#8243; global_colors_info=&#8220;{}&#8220;]<\/p>\n<h4><strong>Technische Daten<\/strong><\/h4>\n<p><strong>Schutzart:<\/strong><br \/>IP54 nach IEC 60529<\/p>\n<p><strong>Abmessungen:<\/strong><br \/><strong>MCon Carbo 16<\/strong><br \/>96 x 96 x 111 mm (B x H x T)<br \/><strong>MCon Carbo 48<\/strong><br \/>296 x 256 x 118 mm (B x H x T)<br \/>Wandaufbaugeh\u00e4use aus ABS-Kunststoff<\/p>\n<p><strong>Versorgungsspannung<\/strong><\/p>\n<p>AC 85VAC\u2026265VAC, 50-60Hz<\/p>\n<p><strong>Leistungsaufnahme:<\/strong><br \/>15VA<\/p>\n<p><strong>Anzeige:<\/strong><\/p>\n<p>Farb-TFT-Touch-screen Display, 320 x 240 px<br \/>16it, 3,5\u2019 mit widerstandsf\u00e4higem Touch-screen<\/p>\n<p><strong>Schnittstellen (Optional):<\/strong><br \/>Isolierte RS485\/422, Profibus<\/p>\n<p><strong>Klima:<\/strong><br \/>Lagerung: -10\u2026+70 \u00b0C<br \/>Betrieb: 0\u2026+50 \u00b0C<br \/>5\u202695 % rel. Feuchte, betauungsfrei<\/p>\n<p>[\/et_pb_text][\/et_pb_column][et_pb_column type=&#8220;1_2&#8243; _builder_version=&#8220;4.16&#8243; _module_preset=&#8220;default&#8220; global_colors_info=&#8220;{}&#8220;][et_pb_text _builder_version=&#8220;4.16&#8243; _module_preset=&#8220;default&#8220; header_font=&#8220;Archivo|700|||||||&#8220; header_4_font=&#8220;Archivo|700|||||||&#8220; header_4_text_color=&#8220;#353535&#8243; custom_margin=&#8220;54px|||-14px||&#8220; global_colors_info=&#8220;{}&#8220;]<\/p>\n<h4><strong>Analogeing\u00e4nge:<\/strong><\/h4>\n<p><strong>AIN 1:<\/strong><br \/>\u2013 Thermoelement, Typ \u201eK\u201c oder \u201eS\u201c<\/p>\n<p><strong>AIN 2:<\/strong><br \/>\u2013 L-Sonde<br \/>\u2013 O2 -Sonde<br \/>\u2013 CO2-Analysator<\/p>\n<p><strong>AIN 3:<\/strong><br \/>\u2013 CO-Analysator<\/p>\n<h4><strong>Analogausg\u00e4ne:<\/strong><\/h4>\n<p><strong>AOUT 1:<\/strong><br \/>\u2013 Rohsondenspannung O2<br \/>\u2013 Berechnete O2-Sonde mV von L-Sonde mV<\/p>\n<p><strong>AOUT 2:<\/strong><br \/>C-Pegel: 0\u20262,0 %C -&gt; 0\u202620 mA oder 0\u202610 V<\/p>\n<p><strong>AOUT 3:<\/strong><br \/>Temperatur: 0\u20261200 \u00b0C -&gt; 0\u202610 V<\/p>\n<p><strong>AOUT 4:<\/strong><br \/>mV O2 korrigiert<\/p>\n<p><strong>C-Pegel Messbereich:<\/strong><br \/>0\u20262.0 %C<\/p>\n<p><strong>C-Pegel Messungen:<\/strong><br \/>Messsensoren: O2, Lambda Sonden oder<br \/>CO2 Messger\u00e4te<br \/>Festgelegte oder gemessene CO<br \/>Bis zu 5 Folienpr\u00fcf Korrekturpunkte<\/p>\n<p>[\/et_pb_text][\/et_pb_column][\/et_pb_row][\/et_pb_section]<\/p>\n","protected":false},"excerpt":{"rendered":"<p>[et_pb_section fb_built=&#8220;1&#8243; admin_label=&#8220;Header&#8220; _builder_version=&#8220;4.19.2&#8243; background_color_gradient_direction=&#8220;80deg&#8220; background_image=&#8220;https:\/\/mesa-international.de\/wp-content\/uploads\/2022\/02\/MESA-Eletronic-GmbH-scaled-2-2.jpg&#8220; parallax=&#8220;on&#8220; parallax_method=&#8220;off&#8220; positioning=&#8220;none&#8220; overflow-x=&#8220;hidden&#8220; custom_padding=&#8220;0px||0px||false|false&#8220; locked=&#8220;off&#8220; global_colors_info=&#8220;{}&#8220; title_text=&#8220;MESA-Eletronic-GmbH-scaled-2&#8243;][et_pb_row column_structure=&#8220;1_2,1_2&#8243; use_custom_gutter=&#8220;on&#8220; gutter_width=&#8220;4&#8243; _builder_version=&#8220;4.16&#8243; background_size=&#8220;contain&#8220; background_position=&#8220;bottom_center&#8220; max_width=&#8220;1280px&#8220; custom_margin=&#8220;-21px|auto|-3px|auto|false|false&#8220; custom_padding=&#8220;0px|||||&#8220; global_colors_info=&#8220;{}&#8220;][et_pb_column type=&#8220;1_2&#8243; _builder_version=&#8220;4.16&#8243; custom_padding=&#8220;40px|||&#8220; custom_padding_tablet=&#8220;0vw|||&#8220; global_colors_info=&#8220;{}&#8220; custom_padding__hover=&#8220;|||&#8220;][et_pb_text _builder_version=&#8220;4.16&#8243; _module_preset=&#8220;default&#8220; header_font=&#8220;Archivo|700|||||||&#8220; header_text_align=&#8220;left&#8220; header_font_size=&#8220;50px&#8220; global_colors_info=&#8220;{}&#8220;] C-Pegel Rechner MCON Carbo 16 and 48 &nbsp; \u00a0 &nbsp; [\/et_pb_text][et_pb_testimonial author=&#8220;MCon Carbo 16-48&#8243; [&hellip;]<\/p>\n","protected":false},"author":5,"featured_media":0,"parent":0,"menu_order":0,"comment_status":"closed","ping_status":"closed","template":"","meta":{"_acf_changed":false,"content-type":"","footnotes":""},"categories":[],"tags":[],"class_list":["post-239733","page","type-page","status-publish","hentry"],"acf":[],"yoast_head":"<!-- This site is optimized with the Yoast SEO plugin v27.4 - https:\/\/yoast.com\/product\/yoast-seo-wordpress\/ -->\n<title>C-Pegel Rechner MCON Carbo 16 and 48 - www.mesa-international.de<\/title>\n<meta name=\"description\" content=\"Der MCon Carbo 48 und 16 ist ein neuer und moderner Rechner von Aufkohlungsprozessen in W\u00e4rmebehandlungsanlagen.\" \/>\n<meta name=\"robots\" content=\"index, follow, max-snippet:-1, max-image-preview:large, max-video-preview:-1\" \/>\n<link rel=\"canonical\" href=\"https:\/\/mesa-international.de\/de\/c-pegel-rechner-mcon-carbo-16-and-48\/\" \/>\n<meta property=\"og:locale\" content=\"de_DE\" \/>\n<meta property=\"og:type\" content=\"article\" \/>\n<meta property=\"og:title\" content=\"C-Pegel Rechner MCON Carbo 16 and 48 - www.mesa-international.de\" \/>\n<meta property=\"og:description\" content=\"Der MCon Carbo 48 und 16 ist ein neuer und moderner Rechner von Aufkohlungsprozessen in W\u00e4rmebehandlungsanlagen.\" \/>\n<meta property=\"og:url\" content=\"https:\/\/mesa-international.de\/de\/c-pegel-rechner-mcon-carbo-16-and-48\/\" \/>\n<meta property=\"og:site_name\" content=\"www.mesa-international.de\" \/>\n<meta property=\"article:modified_time\" content=\"2022-12-05T21:12:49+00:00\" \/>\n<meta name=\"twitter:card\" content=\"summary_large_image\" \/>\n<meta name=\"twitter:label1\" content=\"Gesch\u00e4tzte Lesezeit\" \/>\n\t<meta name=\"twitter:data1\" content=\"5\u00a0Minuten\" \/>\n<script type=\"application\/ld+json\" class=\"yoast-schema-graph\">{\"@context\":\"https:\\\/\\\/schema.org\",\"@graph\":[{\"@type\":\"WebPage\",\"@id\":\"https:\\\/\\\/mesa-international.de\\\/de\\\/c-pegel-rechner-mcon-carbo-16-and-48\\\/\",\"url\":\"https:\\\/\\\/mesa-international.de\\\/de\\\/c-pegel-rechner-mcon-carbo-16-and-48\\\/\",\"name\":\"C-Pegel Rechner MCON Carbo 16 and 48 - www.mesa-international.de\",\"isPartOf\":{\"@id\":\"https:\\\/\\\/mesa-international.de\\\/de\\\/#website\"},\"datePublished\":\"2021-06-25T15:13:08+00:00\",\"dateModified\":\"2022-12-05T21:12:49+00:00\",\"description\":\"Der MCon Carbo 48 und 16 ist ein neuer und moderner Rechner von Aufkohlungsprozessen in W\u00e4rmebehandlungsanlagen.\",\"inLanguage\":\"de\",\"potentialAction\":[{\"@type\":\"ReadAction\",\"target\":[\"https:\\\/\\\/mesa-international.de\\\/de\\\/c-pegel-rechner-mcon-carbo-16-and-48\\\/\"]}]},{\"@type\":\"WebSite\",\"@id\":\"https:\\\/\\\/mesa-international.de\\\/de\\\/#website\",\"url\":\"https:\\\/\\\/mesa-international.de\\\/de\\\/\",\"name\":\"www.mesa-international.de\",\"description\":\"Mesa Electronics Gmbh\",\"publisher\":{\"@id\":\"https:\\\/\\\/mesa-international.de\\\/de\\\/#organization\"},\"potentialAction\":[{\"@type\":\"SearchAction\",\"target\":{\"@type\":\"EntryPoint\",\"urlTemplate\":\"https:\\\/\\\/mesa-international.de\\\/de\\\/?s={search_term_string}\"},\"query-input\":{\"@type\":\"PropertyValueSpecification\",\"valueRequired\":true,\"valueName\":\"search_term_string\"}}],\"inLanguage\":\"de\"},{\"@type\":\"Organization\",\"@id\":\"https:\\\/\\\/mesa-international.de\\\/de\\\/#organization\",\"name\":\"www.mesa-international.de\",\"url\":\"https:\\\/\\\/mesa-international.de\\\/de\\\/\",\"logo\":{\"@type\":\"ImageObject\",\"inLanguage\":\"de\",\"@id\":\"https:\\\/\\\/mesa-international.de\\\/de\\\/#\\\/schema\\\/logo\\\/image\\\/\",\"url\":\"https:\\\/\\\/mesa-international.de\\\/wp-content\\\/uploads\\\/2022\\\/11\\\/sadsaca.png\",\"contentUrl\":\"https:\\\/\\\/mesa-international.de\\\/wp-content\\\/uploads\\\/2022\\\/11\\\/sadsaca.png\",\"width\":173,\"height\":107,\"caption\":\"www.mesa-international.de\"},\"image\":{\"@id\":\"https:\\\/\\\/mesa-international.de\\\/de\\\/#\\\/schema\\\/logo\\\/image\\\/\"},\"sameAs\":[\"https:\\\/\\\/www.linkedin.com\\\/company\\\/mesa-electronic-gmbh\\\/\"]}]}<\/script>\n<!-- \/ Yoast SEO plugin. -->","yoast_head_json":{"title":"C-Pegel Rechner MCON Carbo 16 and 48 - www.mesa-international.de","description":"Der MCon Carbo 48 und 16 ist ein neuer und moderner Rechner von Aufkohlungsprozessen in W\u00e4rmebehandlungsanlagen.","robots":{"index":"index","follow":"follow","max-snippet":"max-snippet:-1","max-image-preview":"max-image-preview:large","max-video-preview":"max-video-preview:-1"},"canonical":"https:\/\/mesa-international.de\/de\/c-pegel-rechner-mcon-carbo-16-and-48\/","og_locale":"de_DE","og_type":"article","og_title":"C-Pegel Rechner MCON Carbo 16 and 48 - www.mesa-international.de","og_description":"Der MCon Carbo 48 und 16 ist ein neuer und moderner Rechner von Aufkohlungsprozessen in W\u00e4rmebehandlungsanlagen.","og_url":"https:\/\/mesa-international.de\/de\/c-pegel-rechner-mcon-carbo-16-and-48\/","og_site_name":"www.mesa-international.de","article_modified_time":"2022-12-05T21:12:49+00:00","twitter_card":"summary_large_image","twitter_misc":{"Gesch\u00e4tzte Lesezeit":"5\u00a0Minuten"},"schema":{"@context":"https:\/\/schema.org","@graph":[{"@type":"WebPage","@id":"https:\/\/mesa-international.de\/de\/c-pegel-rechner-mcon-carbo-16-and-48\/","url":"https:\/\/mesa-international.de\/de\/c-pegel-rechner-mcon-carbo-16-and-48\/","name":"C-Pegel Rechner MCON Carbo 16 and 48 - www.mesa-international.de","isPartOf":{"@id":"https:\/\/mesa-international.de\/de\/#website"},"datePublished":"2021-06-25T15:13:08+00:00","dateModified":"2022-12-05T21:12:49+00:00","description":"Der MCon Carbo 48 und 16 ist ein neuer und moderner Rechner von Aufkohlungsprozessen in W\u00e4rmebehandlungsanlagen.","inLanguage":"de","potentialAction":[{"@type":"ReadAction","target":["https:\/\/mesa-international.de\/de\/c-pegel-rechner-mcon-carbo-16-and-48\/"]}]},{"@type":"WebSite","@id":"https:\/\/mesa-international.de\/de\/#website","url":"https:\/\/mesa-international.de\/de\/","name":"www.mesa-international.de","description":"Mesa Electronics Gmbh","publisher":{"@id":"https:\/\/mesa-international.de\/de\/#organization"},"potentialAction":[{"@type":"SearchAction","target":{"@type":"EntryPoint","urlTemplate":"https:\/\/mesa-international.de\/de\/?s={search_term_string}"},"query-input":{"@type":"PropertyValueSpecification","valueRequired":true,"valueName":"search_term_string"}}],"inLanguage":"de"},{"@type":"Organization","@id":"https:\/\/mesa-international.de\/de\/#organization","name":"www.mesa-international.de","url":"https:\/\/mesa-international.de\/de\/","logo":{"@type":"ImageObject","inLanguage":"de","@id":"https:\/\/mesa-international.de\/de\/#\/schema\/logo\/image\/","url":"https:\/\/mesa-international.de\/wp-content\/uploads\/2022\/11\/sadsaca.png","contentUrl":"https:\/\/mesa-international.de\/wp-content\/uploads\/2022\/11\/sadsaca.png","width":173,"height":107,"caption":"www.mesa-international.de"},"image":{"@id":"https:\/\/mesa-international.de\/de\/#\/schema\/logo\/image\/"},"sameAs":["https:\/\/www.linkedin.com\/company\/mesa-electronic-gmbh\/"]}]}},"_links":{"self":[{"href":"https:\/\/mesa-international.de\/de\/wp-json\/wp\/v2\/pages\/239733","targetHints":{"allow":["GET"]}}],"collection":[{"href":"https:\/\/mesa-international.de\/de\/wp-json\/wp\/v2\/pages"}],"about":[{"href":"https:\/\/mesa-international.de\/de\/wp-json\/wp\/v2\/types\/page"}],"author":[{"embeddable":true,"href":"https:\/\/mesa-international.de\/de\/wp-json\/wp\/v2\/users\/5"}],"replies":[{"embeddable":true,"href":"https:\/\/mesa-international.de\/de\/wp-json\/wp\/v2\/comments?post=239733"}],"version-history":[{"count":0,"href":"https:\/\/mesa-international.de\/de\/wp-json\/wp\/v2\/pages\/239733\/revisions"}],"wp:attachment":[{"href":"https:\/\/mesa-international.de\/de\/wp-json\/wp\/v2\/media?parent=239733"}],"wp:term":[{"taxonomy":"category","embeddable":true,"href":"https:\/\/mesa-international.de\/de\/wp-json\/wp\/v2\/categories?post=239733"},{"taxonomy":"post_tag","embeddable":true,"href":"https:\/\/mesa-international.de\/de\/wp-json\/wp\/v2\/tags?post=239733"}],"curies":[{"name":"wp","href":"https:\/\/api.w.org\/{rel}","templated":true}]}}